{"id":117556,"date":"2023-12-15T14:55:16","date_gmt":"2023-12-15T14:55:16","guid":{"rendered":"https:\/\/savio.it\/azienda\/karriere\/"},"modified":"2023-12-15T14:55:57","modified_gmt":"2023-12-15T14:55:57","slug":"lavora-con-noi","status":"publish","type":"page","link":"https:\/\/savio.it\/de\/azienda\/lavora-con-noi\/","title":{"rendered":"Karriere"},"content":{"rendered":"\n<div class=\"wp-block-group alignfull title-skin\"><div class=\"wp-block-group__inner-container is-layout-flow wp-block-group-is-layout-flow\">\n<h1 class=\"wp-block-heading has-text-align-center title-skin\" id=\"lavora-con-noi\">Karriere<\/h1>\n<\/div><\/div>\n\n\n\n<section class=\"wp-block-uagb-columns uagb-columns__wrap uagb-columns__stack-mobile uagb-columns__valign- uagb-columns__gap-10 align uagb-block-d51349aa uagb-columns__columns-2 uagb-columns__max_width-theme\"><div class=\"uagb-columns__overlay\"><\/div><div class=\"uagb-columns__inner-wrap uagb-columns__columns-2\">\n<div class=\"wp-block-uagb-column uagb-column__wrap uagb-column__background-undefined uagb-block-8f142806\"><div class=\"uagb-column__overlay\"><\/div>\n<p>Wir sind weltweit auf \u00fcber 100 M\u00e4rkten t\u00e4tig und immer auf der Suche nach Talenten.<\/p>\n\n\n\n<p>Wenn Sie auf der Suche nach neuen Herausforderungen, beruflicher Erf\u00fcllung und einem internationalen und integrativen Umfeld sind, bewerben Sie sich in unserem Team.<\/p>\n\n\n\n<p>Wir arbeiten mit Leidenschaft daran, unseren weltweiten Erfolg auf der Grundlage von Einfallsreichtum, Verantwortung, Innovation und einer starken Berufsethik zu begr\u00fcnden.<\/p>\n<\/div>\n\n\n\n<div class=\"wp-block-uagb-column uagb-column__wrap uagb-column__background-undefined uagb-block-72e33409\"><div class=\"uagb-column__overlay\"><\/div>\n<figure class=\"wp-block-image size-full\"><img fetchpriority=\"high\" decoding=\"async\" width=\"1024\" height=\"576\" src=\"https:\/\/savio.it\/wp-content\/uploads\/2022\/03\/Lavora-con-noi.jpg\" alt=\"lavora-con-noi\" class=\"wp-image-66775\" srcset=\"https:\/\/savio.it\/wp-content\/uploads\/2022\/03\/Lavora-con-noi.jpg 1024w, https:\/\/savio.it\/wp-content\/uploads\/2022\/03\/Lavora-con-noi-600x338.jpg 600w, https:\/\/savio.it\/wp-content\/uploads\/2022\/03\/Lavora-con-noi-300x169.jpg 300w, https:\/\/savio.it\/wp-content\/uploads\/2022\/03\/Lavora-con-noi-768x432.jpg 768w\" sizes=\"(max-width: 1024px) 100vw, 1024px\" \/><\/figure>\n<\/div>\n<\/div><\/section>\n\n\n\n<section class=\"wp-block-uagb-columns uagb-columns__wrap uagb-columns__stack-mobile uagb-columns__valign- uagb-columns__gap-10 align uagb-block-d0bec16c uagb-columns__columns-3 uagb-columns__max_width-theme\"><div class=\"uagb-columns__overlay\"><\/div><div class=\"uagb-columns__inner-wrap uagb-columns__columns-3\">\n<div class=\"wp-block-uagb-column uagb-column__wrap uagb-column__background-undefined uagb-block-8dd1b7ec border-box-working-with\"><div class=\"uagb-column__overlay\"><\/div>\n<div class=\"wp-block-uagb-info-box uagb-block-f5d4f084 uagb-infobox__content-wrap  uagb-infobox-icon-above-title uagb-infobox-image-valign-top\"><div class=\"uagb-ifb-content\"><div class=\"uagb-ifb-title-wrap\"><h3 class=\"uagb-ifb-title\">+ 120 personen<\/h3><\/div><p class=\"uagb-ifb-desc\">Unsere Mitarbeiter<\/p><\/div><\/div>\n<\/div>\n\n\n\n<div class=\"wp-block-uagb-column uagb-column__wrap uagb-column__background-undefined uagb-block-b05c9263 border-box-working-with\"><div class=\"uagb-column__overlay\"><\/div>\n<div class=\"wp-block-uagb-info-box uagb-block-a857c149 uagb-infobox__content-wrap  uagb-infobox-icon-above-title uagb-infobox-image-valign-top\"><div class=\"uagb-ifb-content\"><div class=\"uagb-ifb-title-wrap\"><h3 class=\"uagb-ifb-title\">in 5 l\u00e4ndern weltweit<\/h3><\/div><p class=\"uagb-ifb-desc\">Ein globales Unternehmen mit Blick in die Zukunft<\/p><\/div><\/div>\n<\/div>\n\n\n\n<div class=\"wp-block-uagb-column uagb-column__wrap uagb-column__background-undefined uagb-block-c95a3152 border-box-working-with\"><div class=\"uagb-column__overlay\"><\/div>\n<div class=\"wp-block-uagb-info-box uagb-block-9abe6ba5 uagb-infobox__content-wrap  uagb-infobox-icon-above-title uagb-infobox-image-valign-top\"><div class=\"uagb-ifb-content\"><div class=\"uagb-ifb-title-wrap\"><h3 class=\"uagb-ifb-title\">50% weibliche besch\u00e4ftigte<\/h3><\/div><p class=\"uagb-ifb-desc\">Gender Equality<\/p><\/div><\/div>\n<\/div>\n<\/div><\/section>\n\n\n\n<section class=\"wp-block-uagb-columns uagb-columns__wrap uagb-columns__stack-mobile uagb-columns__valign- uagb-columns__gap-10 align uagb-block-a0da95ad uagb-columns__columns-1 uagb-columns__max_width-theme\"><div class=\"uagb-columns__overlay\"><\/div><div class=\"uagb-columns__inner-wrap uagb-columns__columns-1\">\n<div class=\"wp-block-uagb-column uagb-column__wrap uagb-column__background-undefined uagb-block-e6437c1c\"><div class=\"uagb-column__overlay\"><\/div>\n<h2 class=\"wp-block-heading title-working-with\" id=\"certificazioniaziendali\" style=\"font-style:normal;font-weight:600\"><strong><strong>Stellenangebote<\/strong><\/strong><\/h2>\n\n\n\n<div style=\"height:20px\" aria-hidden=\"true\" class=\"wp-block-spacer\"><\/div>\n\n\n\n<p>Senden Sie uns Ihren Lebenslauf f\u00fcr Spontanbewerbungen oder sehen Sie sich die aktuellen Stellen- und Praktikumsangebote von Savio auf LinkedIn an.<\/p>\n\n\n\n<p>Wir werden Ihre Bewerbung sorgf\u00e4ltig pr\u00fcfen mit dem Ziel, Sie in unsere Personalsuche einzubeziehen.<\/p>\n\n\n\n<section class=\"wp-block-uagb-columns uagb-columns__wrap uagb-columns__stack-mobile uagb-columns__valign- uagb-columns__gap-10 align uagb-block-db1933bf uagb-columns__columns-2 uagb-columns__max_width-theme\"><div class=\"uagb-columns__overlay\"><\/div><div class=\"uagb-columns__inner-wrap uagb-columns__columns-2\">\n<div class=\"wp-block-uagb-column uagb-column__wrap uagb-column__background-undefined uagb-block-9cf60547\"><div class=\"uagb-column__overlay\"><\/div>\n<div class=\"wp-block-uagb-info-box title-working-with uagb-infobox__outer-wrap uagb-block-7ca0acfa\"><div class=\"uagb-infobox__content-wrap uagb-infobox uagb-infobox-has-icon uagb-infobox-icon-left uagb-infobox-left uagb-infobox-stacked-tablet uagb-infobox-image-valign-middle uagb-infobox-enable-border-radius \"><div class=\"uagb-ifb-left-right-wrap\"><div class=\"uagb-ifb-image-icon-content uagb-ifb-imgicon-wrap\"><div class=\"uagb-ifb-icon-wrap\"><span class=\"uagb-ifb-icon\"><svg xmlns=\"http:\/\/www.w3.org\/2000\/svg\" viewbox=\"0 0 448 512\"><path d=\"M416 32H31.9C14.3 32 0 46.5 0 64.3v383.4C0 465.5 14.3 480 31.9 480H416c17.6 0 32-14.5 32-32.3V64.3c0-17.8-14.4-32.3-32-32.3zM135.4 416H69V202.2h66.5V416zm-33.2-243c-21.3 0-38.5-17.3-38.5-38.5S80.9 96 102.2 96c21.2 0 38.5 17.3 38.5 38.5 0 21.3-17.2 38.5-38.5 38.5zm282.1 243h-66.4V312c0-24.8-.5-56.7-34.5-56.7-34.6 0-39.9 27-39.9 54.9V416h-66.4V202.2h63.7v29.2h.9c8.9-16.8 30.6-34.5 62.9-34.5 67.2 0 79.7 44.3 79.7 101.9V416z\"><\/path><\/svg><\/span><\/div><\/div><div class=\"uagb-ifb-content\"><div class=\"uagb-ifb-title-wrap\"><h3 class=\"uagb-ifb-title\">Sehen Sie sich die Anzeigen auf unserem LinkedIn-Profil an<\/h3><\/div><div class=\"uagb-ifb-text-wrap\"><\/div><\/div><\/div><\/div><\/div>\n<\/div>\n\n\n\n<div class=\"wp-block-uagb-column uagb-column__wrap uagb-column__background-undefined uagb-block-dc509b74\"><div class=\"uagb-column__overlay\"><\/div>\n<div class=\"wp-block-advgb-button aligncenter is-style-outlined\"><a class=\"wp-block-advgb-button_link advgbbtn-752ecaf7-9832-423c-bac0-54deefeadba2\" href=\"https:\/\/www.linkedin.com\/company\/savio-s.p.a.\" target=\"_blank\" rel=\"noopener noreferrer\"><span><span>Weiter zu LinkedIn<\/span><\/span><\/a><\/div>\n<\/div>\n<\/div><\/section>\n<\/div>\n<\/div><\/section>\n\n\n\n<div class=\"wp-block-group alignfull\"><div class=\"wp-block-group__inner-container is-layout-flow wp-block-group-is-layout-flow\">\n<hr class=\"wp-block-separator has-text-color has-css-opacity has-background alignfull is-style-wide\" style=\"background-color:#e0e0e0;color:#e0e0e0\"\/>\n\n\n\n<h3 class=\"wp-block-heading has-text-align-center elementor-heading-title form\" id=\"get-in-touch-resta-in-contatto\" style=\"font-style:normal;font-weight:500;text-transform:uppercase\">KONTAKTIEREN SIE UNS!<\/h3>\n\n\n\n<div style=\"height:40px\" aria-hidden=\"true\" class=\"wp-block-spacer\"><\/div>\n\n\n\n<p class=\"has-text-align-center has-text-color\" style=\"color:#7a7a7a\">M\u00f6chten Sie \u00fcber neue Produkte, Kurse von SAVIO und unsere Initiativen informiert werden?<\/p>\n\n\n\n<div style=\"height:20px\" aria-hidden=\"true\" class=\"wp-block-spacer\"><\/div>\n<\/div><\/div>\n","protected":false},"excerpt":{"rendered":"<p>Karriere Wir sind weltweit auf \u00fcber 100 M\u00e4rkten t\u00e4tig und immer auf der Suche nach Talenten. Wenn Sie auf der Suche nach neuen Herausforderungen, beruflicher Erf\u00fcllung und einem internationalen und integrativen Umfeld sind, bewerben Sie sich in unserem Team. Wir arbeiten mit Leidenschaft daran, unseren weltweiten Erfolg auf der Grundlage von Einfallsreichtum, Verantwortung, Innovation und&hellip;<\/p>\n","protected":false},"author":2,"featured_media":0,"parent":117538,"menu_order":0,"comment_status":"closed","ping_status":"closed","template":"","meta":{"_acf_changed":false,"_uag_custom_page_level_css":"","footnotes":""},"class_list":["post-117556","page","type-page","status-publish","hentry"],"acf":[],"yoast_head":"<!-- This site is optimized with the Yoast SEO plugin v27.2 - https:\/\/yoast.com\/product\/yoast-seo-wordpress\/ -->\n<title>Karriere - SAVIO<\/title>\n<meta name=\"robots\" content=\"index, follow, max-snippet:-1, max-image-preview:large, max-video-preview:-1\" \/>\n<link rel=\"canonical\" href=\"https:\/\/savio.it\/de\/azienda\/lavora-con-noi\/\" \/>\n<meta property=\"og:locale\" content=\"de_DE\" \/>\n<meta property=\"og:type\" content=\"article\" \/>\n<meta property=\"og:title\" content=\"Karriere - SAVIO\" \/>\n<meta property=\"og:description\" content=\"Karriere Wir sind weltweit auf \u00fcber 100 M\u00e4rkten t\u00e4tig und immer auf der Suche nach Talenten. Wenn Sie auf der Suche nach neuen Herausforderungen, beruflicher Erf\u00fcllung und einem internationalen und integrativen Umfeld sind, bewerben Sie sich in unserem Team. Wir arbeiten mit Leidenschaft daran, unseren weltweiten Erfolg auf der Grundlage von Einfallsreichtum, Verantwortung, Innovation und&hellip;\" \/>\n<meta property=\"og:url\" content=\"https:\/\/savio.it\/de\/azienda\/lavora-con-noi\/\" \/>\n<meta property=\"og:site_name\" content=\"SAVIO\" \/>\n<meta property=\"article:modified_time\" content=\"2023-12-15T14:55:57+00:00\" \/>\n<meta property=\"og:image\" content=\"https:\/\/savio.it\/wp-content\/uploads\/2022\/03\/Lavora-con-noi.jpg\" \/>\n<meta name=\"twitter:card\" content=\"summary_large_image\" \/>\n<meta name=\"twitter:label1\" content=\"Gesch\u00e4tzte Lesezeit\" \/>\n\t<meta name=\"twitter:data1\" content=\"1\u00a0Minute\" \/>\n<script type=\"application\/ld+json\" class=\"yoast-schema-graph\">{\"@context\":\"https:\/\/schema.org\",\"@graph\":[{\"@type\":\"WebPage\",\"@id\":\"https:\/\/savio.it\/de\/azienda\/lavora-con-noi\/\",\"url\":\"https:\/\/savio.it\/de\/azienda\/lavora-con-noi\/\",\"name\":\"Karriere - SAVIO\",\"isPartOf\":{\"@id\":\"https:\/\/savio.it\/de\/#website\"},\"primaryImageOfPage\":{\"@id\":\"https:\/\/savio.it\/de\/azienda\/lavora-con-noi\/#primaryimage\"},\"image\":{\"@id\":\"https:\/\/savio.it\/de\/azienda\/lavora-con-noi\/#primaryimage\"},\"thumbnailUrl\":\"https:\/\/savio.it\/wp-content\/uploads\/2022\/03\/Lavora-con-noi.jpg\",\"datePublished\":\"2023-12-15T14:55:16+00:00\",\"dateModified\":\"2023-12-15T14:55:57+00:00\",\"breadcrumb\":{\"@id\":\"https:\/\/savio.it\/de\/azienda\/lavora-con-noi\/#breadcrumb\"},\"inLanguage\":\"de\",\"potentialAction\":[{\"@type\":\"ReadAction\",\"target\":[\"https:\/\/savio.it\/de\/azienda\/lavora-con-noi\/\"]}]},{\"@type\":\"ImageObject\",\"inLanguage\":\"de\",\"@id\":\"https:\/\/savio.it\/de\/azienda\/lavora-con-noi\/#primaryimage\",\"url\":\"https:\/\/savio.it\/wp-content\/uploads\/2022\/03\/Lavora-con-noi.jpg\",\"contentUrl\":\"https:\/\/savio.it\/wp-content\/uploads\/2022\/03\/Lavora-con-noi.jpg\"},{\"@type\":\"BreadcrumbList\",\"@id\":\"https:\/\/savio.it\/de\/azienda\/lavora-con-noi\/#breadcrumb\",\"itemListElement\":[{\"@type\":\"ListItem\",\"position\":1,\"name\":\"Home\",\"item\":\"https:\/\/savio.it\/de\/\"},{\"@type\":\"ListItem\",\"position\":2,\"name\":\"Unternehmen\",\"item\":\"https:\/\/savio.it\/de\/azienda\/\"},{\"@type\":\"ListItem\",\"position\":3,\"name\":\"Karriere\"}]},{\"@type\":\"WebSite\",\"@id\":\"https:\/\/savio.it\/de\/#website\",\"url\":\"https:\/\/savio.it\/de\/\",\"name\":\"SAVIO\",\"description\":\"Open mind for closing system\",\"publisher\":{\"@id\":\"https:\/\/savio.it\/de\/#organization\"},\"potentialAction\":[{\"@type\":\"SearchAction\",\"target\":{\"@type\":\"EntryPoint\",\"urlTemplate\":\"https:\/\/savio.it\/de\/?s={search_term_string}\"},\"query-input\":{\"@type\":\"PropertyValueSpecification\",\"valueRequired\":true,\"valueName\":\"search_term_string\"}}],\"inLanguage\":\"de\"},{\"@type\":\"Organization\",\"@id\":\"https:\/\/savio.it\/de\/#organization\",\"name\":\"SAVIO\",\"url\":\"https:\/\/savio.it\/de\/\",\"logo\":{\"@type\":\"ImageObject\",\"inLanguage\":\"de\",\"@id\":\"https:\/\/savio.it\/de\/#\/schema\/logo\/image\/\",\"url\":\"https:\/\/savio.it\/wp-content\/uploads\/2021\/09\/cropped-Savio-logo.png\",\"contentUrl\":\"https:\/\/savio.it\/wp-content\/uploads\/2021\/09\/cropped-Savio-logo.png\",\"width\":243,\"height\":64,\"caption\":\"SAVIO\"},\"image\":{\"@id\":\"https:\/\/savio.it\/de\/#\/schema\/logo\/image\/\"}}]}<\/script>\n<!-- \/ Yoast SEO plugin. -->","yoast_head_json":{"title":"Karriere - SAVIO","robots":{"index":"index","follow":"follow","max-snippet":"max-snippet:-1","max-image-preview":"max-image-preview:large","max-video-preview":"max-video-preview:-1"},"canonical":"https:\/\/savio.it\/de\/azienda\/lavora-con-noi\/","og_locale":"de_DE","og_type":"article","og_title":"Karriere - SAVIO","og_description":"Karriere Wir sind weltweit auf \u00fcber 100 M\u00e4rkten t\u00e4tig und immer auf der Suche nach Talenten. Wenn Sie auf der Suche nach neuen Herausforderungen, beruflicher Erf\u00fcllung und einem internationalen und integrativen Umfeld sind, bewerben Sie sich in unserem Team. Wir arbeiten mit Leidenschaft daran, unseren weltweiten Erfolg auf der Grundlage von Einfallsreichtum, Verantwortung, Innovation und&hellip;","og_url":"https:\/\/savio.it\/de\/azienda\/lavora-con-noi\/","og_site_name":"SAVIO","article_modified_time":"2023-12-15T14:55:57+00:00","og_image":[{"url":"https:\/\/savio.it\/wp-content\/uploads\/2022\/03\/Lavora-con-noi.jpg","type":"","width":"","height":""}],"twitter_card":"summary_large_image","twitter_misc":{"Gesch\u00e4tzte Lesezeit":"1\u00a0Minute"},"schema":{"@context":"https:\/\/schema.org","@graph":[{"@type":"WebPage","@id":"https:\/\/savio.it\/de\/azienda\/lavora-con-noi\/","url":"https:\/\/savio.it\/de\/azienda\/lavora-con-noi\/","name":"Karriere - SAVIO","isPartOf":{"@id":"https:\/\/savio.it\/de\/#website"},"primaryImageOfPage":{"@id":"https:\/\/savio.it\/de\/azienda\/lavora-con-noi\/#primaryimage"},"image":{"@id":"https:\/\/savio.it\/de\/azienda\/lavora-con-noi\/#primaryimage"},"thumbnailUrl":"https:\/\/savio.it\/wp-content\/uploads\/2022\/03\/Lavora-con-noi.jpg","datePublished":"2023-12-15T14:55:16+00:00","dateModified":"2023-12-15T14:55:57+00:00","breadcrumb":{"@id":"https:\/\/savio.it\/de\/azienda\/lavora-con-noi\/#breadcrumb"},"inLanguage":"de","potentialAction":[{"@type":"ReadAction","target":["https:\/\/savio.it\/de\/azienda\/lavora-con-noi\/"]}]},{"@type":"ImageObject","inLanguage":"de","@id":"https:\/\/savio.it\/de\/azienda\/lavora-con-noi\/#primaryimage","url":"https:\/\/savio.it\/wp-content\/uploads\/2022\/03\/Lavora-con-noi.jpg","contentUrl":"https:\/\/savio.it\/wp-content\/uploads\/2022\/03\/Lavora-con-noi.jpg"},{"@type":"BreadcrumbList","@id":"https:\/\/savio.it\/de\/azienda\/lavora-con-noi\/#breadcrumb","itemListElement":[{"@type":"ListItem","position":1,"name":"Home","item":"https:\/\/savio.it\/de\/"},{"@type":"ListItem","position":2,"name":"Unternehmen","item":"https:\/\/savio.it\/de\/azienda\/"},{"@type":"ListItem","position":3,"name":"Karriere"}]},{"@type":"WebSite","@id":"https:\/\/savio.it\/de\/#website","url":"https:\/\/savio.it\/de\/","name":"SAVIO","description":"Open mind for closing system","publisher":{"@id":"https:\/\/savio.it\/de\/#organization"},"potentialAction":[{"@type":"SearchAction","target":{"@type":"EntryPoint","urlTemplate":"https:\/\/savio.it\/de\/?s={search_term_string}"},"query-input":{"@type":"PropertyValueSpecification","valueRequired":true,"valueName":"search_term_string"}}],"inLanguage":"de"},{"@type":"Organization","@id":"https:\/\/savio.it\/de\/#organization","name":"SAVIO","url":"https:\/\/savio.it\/de\/","logo":{"@type":"ImageObject","inLanguage":"de","@id":"https:\/\/savio.it\/de\/#\/schema\/logo\/image\/","url":"https:\/\/savio.it\/wp-content\/uploads\/2021\/09\/cropped-Savio-logo.png","contentUrl":"https:\/\/savio.it\/wp-content\/uploads\/2021\/09\/cropped-Savio-logo.png","width":243,"height":64,"caption":"SAVIO"},"image":{"@id":"https:\/\/savio.it\/de\/#\/schema\/logo\/image\/"}}]}},"uagb_featured_image_src":{"full":false,"thumbnail":false,"medium":false,"medium_large":false,"large":false,"gs-tiny":false,"xl":false,"xxl":false,"xxxl":false,"xxxxl":false,"xxxxxl":false,"1536x1536":false,"2048x2048":false,"woocommerce_thumbnail":false,"woocommerce_single":false,"woocommerce_gallery_thumbnail":false},"uagb_author_info":{"display_name":"admin_news","author_link":"https:\/\/savio.it\/de\/author\/admin_news\/"},"uagb_comment_info":0,"uagb_excerpt":"Karriere Wir sind weltweit auf \u00fcber 100 M\u00e4rkten t\u00e4tig und immer auf der Suche nach Talenten. Wenn Sie auf der Suche nach neuen Herausforderungen, beruflicher Erf\u00fcllung und einem internationalen und integrativen Umfeld sind, bewerben Sie sich in unserem Team. Wir arbeiten mit Leidenschaft daran, unseren weltweiten Erfolg auf der Grundlage von Einfallsreichtum, Verantwortung, Innovation und&hellip;","_links":{"self":[{"href":"https:\/\/savio.it\/de\/wp-json\/wp\/v2\/pages\/117556","targetHints":{"allow":["GET"]}}],"collection":[{"href":"https:\/\/savio.it\/de\/wp-json\/wp\/v2\/pages"}],"about":[{"href":"https:\/\/savio.it\/de\/wp-json\/wp\/v2\/types\/page"}],"author":[{"embeddable":true,"href":"https:\/\/savio.it\/de\/wp-json\/wp\/v2\/users\/2"}],"replies":[{"embeddable":true,"href":"https:\/\/savio.it\/de\/wp-json\/wp\/v2\/comments?post=117556"}],"version-history":[{"count":2,"href":"https:\/\/savio.it\/de\/wp-json\/wp\/v2\/pages\/117556\/revisions"}],"predecessor-version":[{"id":117558,"href":"https:\/\/savio.it\/de\/wp-json\/wp\/v2\/pages\/117556\/revisions\/117558"}],"up":[{"embeddable":true,"href":"https:\/\/savio.it\/de\/wp-json\/wp\/v2\/pages\/117538"}],"wp:attachment":[{"href":"https:\/\/savio.it\/de\/wp-json\/wp\/v2\/media?parent=117556"}],"curies":[{"name":"wp","href":"https:\/\/api.w.org\/{rel}","templated":true}]}}