{"id":117562,"date":"2023-12-15T15:16:39","date_gmt":"2023-12-15T15:16:39","guid":{"rendered":"https:\/\/savio.it\/download\/"},"modified":"2026-03-25T10:40:21","modified_gmt":"2026-03-25T10:40:21","slug":"download","status":"publish","type":"page","link":"https:\/\/savio.it\/de\/download\/","title":{"rendered":"Download"},"content":{"rendered":"\t\t<div data-elementor-type=\"wp-page\" data-elementor-id=\"117562\" class=\"elementor elementor-117562 elementor-4183\" data-elementor-post-type=\"page\">\n\t\t\t\t\t\t<section class=\"elementor-section elementor-top-section elementor-element elementor-element-3425007f elementor-section-boxed elementor-section-height-default elementor-section-height-default\" data-id=\"3425007f\" data-element_type=\"section\" data-e-type=\"section\">\n\t\t\t\t\t\t<div class=\"elementor-container elementor-column-gap-default\">\n\t\t\t\t\t<div class=\"elementor-column elementor-col-100 elementor-top-column elementor-element elementor-element-7bb8a83a\" data-id=\"7bb8a83a\" data-element_type=\"column\" data-e-type=\"column\">\n\t\t\t<div class=\"elementor-widget-wrap elementor-element-populated\">\n\t\t\t\t\t\t<div class=\"elementor-element elementor-element-f0ebc31 elementor-widget elementor-widget-text-editor\" data-id=\"f0ebc31\" data-element_type=\"widget\" data-e-type=\"widget\" data-widget_type=\"text-editor.default\">\n\t\t\t\t<div class=\"elementor-widget-container\">\n\t\t\t\t\t\t\t\t\t\n<div class=\"wp-block-group alignfull title-skin\">\n<h1 class=\"wp-block-heading has-text-align-center\">Download<\/h1>\n<\/div>\n\n<section class=\"wp-block-uagb-columns uagb-columns__wrap uagb-columns__background-none uagb-columns__stack-mobile uagb-columns__valign- uagb-columns__gap-10 align uagb-block-896f0af1 uagb-columns__columns-1 uagb-columns__max_width-theme\">\n<div class=\"uagb-columns__overlay\">\u00a0<\/div>\n<div class=\"uagb-columns__inner-wrap uagb-columns__columns-1\">\n<div class=\"wp-block-uagb-column uagb-column__wrap uagb-column__background-undefined uagb-block-7ee5ed01\">\n<div class=\"uagb-column__overlay\">\u00a0<\/div>\n\n<div class=\"wp-block-group\">\n<h2 class=\"wp-block-heading\">Download, um informiert zu bleiben<\/h2>\n\n<p data-start=\"46\" data-end=\"216\">Savio versteht sich als echter Gesch\u00e4ftspartner. Als solcher geh\u00f6rt es zu seinen wichtigsten Aufgaben, p\u00fcnktliche, pr\u00e4zise und detaillierte Informationen bereitzustellen.<\/p>\n<p data-start=\"218\" data-end=\"335\">Hier finden Sie eine umfassende und aktuelle Sammlung n\u00fctzlicher Dokumente f\u00fcr alle, die in diesem Sektor t\u00e4tig sind.<\/p>\n\n<h2 class=\"wp-block-heading\">Dokumentation<\/h2>\n\n<div class=\"wp-block-columns\">\n<div class=\"wp-block-column\" style=\"flex-basis: 33.33%;\"><\/div>\n\n<div class=\"wp-block-column is-vertically-aligned-top\" style=\"flex-basis: 66.66%;\">\n<figure class=\"wp-block-image aligncenter size-full is-resized\"><img fetchpriority=\"high\" decoding=\"async\" width=\"940\" height=\"788\" class=\"wp-image-162463\" src=\"https:\/\/savio.it\/wp-content\/uploads\/2026\/01\/Cataloghi-foto-nuova-2026.png\" alt=\"\" srcset=\"https:\/\/savio.it\/wp-content\/uploads\/2026\/01\/Cataloghi-foto-nuova-2026.png 940w, https:\/\/savio.it\/wp-content\/uploads\/2026\/01\/Cataloghi-foto-nuova-2026-300x251.png 300w, https:\/\/savio.it\/wp-content\/uploads\/2026\/01\/Cataloghi-foto-nuova-2026-768x644.png 768w, https:\/\/savio.it\/wp-content\/uploads\/2026\/01\/Cataloghi-foto-nuova-2026-50x42.png 50w, https:\/\/savio.it\/wp-content\/uploads\/2026\/01\/Cataloghi-foto-nuova-2026-600x503.png 600w\" sizes=\"(max-width: 940px) 100vw, 940px\" \/><\/figure>\n<\/div>\n<\/div>\n\n<div class=\"flex flex-col text-sm pb-25\">\n<section class=\"text-token-text-primary w-full focus:outline-none [--shadow-height:45px] has-data-writing-block:pointer-events-none has-data-writing-block:-mt-(--shadow-height) has-data-writing-block:pt-(--shadow-height) [&amp;:has([data-writing-block])&gt;*]:pointer-events-auto scroll-mt-[calc(var(--header-height)+min(200px,max(70px,20svh)))]\" dir=\"auto\" data-turn-id=\"request-WEB:4e49c40b-d3c1-4487-a55c-a2649a788552-1\" data-testid=\"conversation-turn-4\" data-scroll-anchor=\"true\" data-turn=\"assistant\">\n<div class=\"text-base my-auto mx-auto pb-10 [--thread-content-margin:var(--thread-content-margin-xs,calc(var(--spacing)*4))] @w-sm\/main:[--thread-content-margin:var(--thread-content-margin-sm,calc(var(--spacing)*6))] @w-lg\/main:[--thread-content-margin:var(--thread-content-margin-lg,calc(var(--spacing)*16))] px-(--thread-content-margin)\">\n<div class=\"[--thread-content-max-width:40rem] @w-lg\/main:[--thread-content-max-width:48rem] mx-auto max-w-(--thread-content-max-width) flex-1 group\/turn-messages focus-visible:outline-hidden relative flex w-full min-w-0 flex-col agent-turn\">\n<div class=\"flex max-w-full flex-col gap-4 grow\">\n<div class=\"min-h-8 text-message relative flex w-full flex-col items-end gap-2 text-start break-words whitespace-normal outline-none keyboard-focused:focus-ring [.text-message+&amp;]:mt-1\" dir=\"auto\" tabindex=\"0\" data-message-author-role=\"assistant\" data-message-id=\"15d6c86f-6ac5-4075-9d0c-52ad94b83635\" data-message-model-slug=\"gpt-5-3\" data-turn-start-message=\"true\">\n<div class=\"flex w-full flex-col gap-1 empty:hidden\">\n<div class=\"markdown prose dark:prose-invert w-full wrap-break-word light markdown-new-styling\">\n<p data-start=\"352\" data-end=\"425\" data-is-last-node=\"\" data-is-only-node=\"\">Nicht gefunden, was Sie gesucht haben? Bitte f\u00fcllen Sie das Formular aus:<\/p>\n<\/div>\n<\/div>\n<\/div>\n<\/div>\n<div class=\"z-0 flex min-h-[46px] justify-start\">\u00a0<\/div>\n<\/div>\n<\/div>\n<\/section>\n<\/div>\n<div class=\"pointer-events-none h-px w-px absolute bottom-0\" aria-hidden=\"true\" data-edge=\"true\">\u00a0<\/div>\n<\/div>\n<\/div>\n<\/div>\n<\/section>\n\t\t\t\t\t\t\t\t<\/div>\n\t\t\t\t<\/div>\n\t\t\t\t<div class=\"elementor-element elementor-element-c5a1653 elementor-widget elementor-widget-text-editor\" data-id=\"c5a1653\" data-element_type=\"widget\" data-e-type=\"widget\" data-widget_type=\"text-editor.default\">\n\t\t\t\t<div class=\"elementor-widget-container\">\n\t\t\t\t\t\t\t\t\t\n<div class=\"wp-block-group alignfull title-skin\">\n<h1 class=\"wp-block-heading has-text-align-center\">Download<\/h1>\n<\/div>\n\n<section class=\"wp-block-uagb-columns uagb-columns__wrap uagb-columns__background-none uagb-columns__stack-mobile uagb-columns__valign- uagb-columns__gap-10 align uagb-block-896f0af1 uagb-columns__columns-1 uagb-columns__max_width-theme\">\n<div class=\"uagb-columns__overlay\">\u00a0<\/div>\n<div class=\"uagb-columns__inner-wrap uagb-columns__columns-1\">\n<div class=\"wp-block-uagb-column uagb-column__wrap uagb-column__background-undefined uagb-block-7ee5ed01\">\n<div class=\"uagb-column__overlay\">\u00a0<\/div>\n\n<div class=\"wp-block-group\">\n<h2 class=\"wp-block-heading\">Download to stay informed<\/h2>\n\n<p>Savio sets out to be a true business partner. As a partner, one of its most important tasks is to offer punctual, precise, detailed information.<\/p>\n\n<p>Here you\u2019ll find a comprehensive, up-to-date collection of useful documents for those working in the sector.<\/p>\n\n<h2 class=\"wp-block-heading\">Documentation<\/h2>\n\n<div class=\"wp-block-columns\">\n<div class=\"wp-block-column\" style=\"flex-basis: 33.33%;\"><\/div>\n\n<div class=\"wp-block-column is-vertically-aligned-top\" style=\"flex-basis: 66.66%;\">\n<figure class=\"wp-block-image aligncenter size-full is-resized\"><img fetchpriority=\"high\" decoding=\"async\" width=\"940\" height=\"788\" class=\"wp-image-162463\" src=\"https:\/\/savio.it\/wp-content\/uploads\/2026\/01\/Cataloghi-foto-nuova-2026.png\" alt=\"\" srcset=\"https:\/\/savio.it\/wp-content\/uploads\/2026\/01\/Cataloghi-foto-nuova-2026.png 940w, https:\/\/savio.it\/wp-content\/uploads\/2026\/01\/Cataloghi-foto-nuova-2026-300x251.png 300w, https:\/\/savio.it\/wp-content\/uploads\/2026\/01\/Cataloghi-foto-nuova-2026-768x644.png 768w, https:\/\/savio.it\/wp-content\/uploads\/2026\/01\/Cataloghi-foto-nuova-2026-50x42.png 50w, https:\/\/savio.it\/wp-content\/uploads\/2026\/01\/Cataloghi-foto-nuova-2026-600x503.png 600w\" sizes=\"(max-width: 940px) 100vw, 940px\" \/><\/figure>\n<\/div>\n<\/div>\n\n<p>Didn&#8217;t find what you were looking for? Please fill in the form:<\/p>\n<\/div>\n<\/div>\n<\/div>\n<\/section>\n\t\t\t\t\t\t\t\t<\/div>\n\t\t\t\t<\/div>\n\t\t\t\t\t<\/div>\n\t\t<\/div>\n\t\t\t\t\t<\/div>\n\t\t<\/section>\n\t\t\t\t<\/div>\n\t\t","protected":false},"excerpt":{"rendered":"<p>Download, um informiert zu bleiben Dokumentation Download to stay informed Savio sets out to be a true business partner. As a partner, one of its most important tasks is to offer punctual, precise, detailed information. Here you\u2019ll find a comprehensive, up-to-date collection of useful documents for those working in the sector. Documentation Didn&#8217;t find what&hellip;<\/p>\n","protected":false},"author":2,"featured_media":0,"parent":0,"menu_order":0,"comment_status":"closed","ping_status":"closed","template":"","meta":{"_acf_changed":false,"_uag_custom_page_level_css":"","footnotes":""},"class_list":["post-117562","page","type-page","status-publish","hentry"],"acf":[],"yoast_head":"<!-- This site is optimized with the Yoast SEO plugin v27.2 - https:\/\/yoast.com\/product\/yoast-seo-wordpress\/ -->\n<title>Download - SAVIO<\/title>\n<meta name=\"robots\" content=\"index, follow, max-snippet:-1, max-image-preview:large, max-video-preview:-1\" \/>\n<link rel=\"canonical\" href=\"https:\/\/savio.it\/de\/download\/\" \/>\n<meta property=\"og:locale\" content=\"de_DE\" \/>\n<meta property=\"og:type\" content=\"article\" \/>\n<meta property=\"og:title\" content=\"Download - SAVIO\" \/>\n<meta property=\"og:description\" content=\"Download, um informiert zu bleiben Dokumentation Download to stay informed Savio sets out to be a true business partner. As a partner, one of its most important tasks is to offer punctual, precise, detailed information. Here you\u2019ll find a comprehensive, up-to-date collection of useful documents for those working in the sector. Documentation Didn&#8217;t find what&hellip;\" \/>\n<meta property=\"og:url\" content=\"https:\/\/savio.it\/de\/download\/\" \/>\n<meta property=\"og:site_name\" content=\"SAVIO\" \/>\n<meta property=\"article:modified_time\" content=\"2026-03-25T10:40:21+00:00\" \/>\n<meta property=\"og:image\" content=\"https:\/\/savio.it\/wp-content\/uploads\/2026\/01\/Cataloghi-foto-nuova-2026.png\" \/>\n<meta name=\"twitter:card\" content=\"summary_large_image\" \/>\n<meta name=\"twitter:label1\" content=\"Gesch\u00e4tzte Lesezeit\" \/>\n\t<meta name=\"twitter:data1\" content=\"1\u00a0Minute\" \/>\n<script type=\"application\/ld+json\" class=\"yoast-schema-graph\">{\"@context\":\"https:\/\/schema.org\",\"@graph\":[{\"@type\":\"WebPage\",\"@id\":\"https:\/\/savio.it\/de\/download\/\",\"url\":\"https:\/\/savio.it\/de\/download\/\",\"name\":\"Download - SAVIO\",\"isPartOf\":{\"@id\":\"https:\/\/savio.it\/de\/#website\"},\"primaryImageOfPage\":{\"@id\":\"https:\/\/savio.it\/de\/download\/#primaryimage\"},\"image\":{\"@id\":\"https:\/\/savio.it\/de\/download\/#primaryimage\"},\"thumbnailUrl\":\"https:\/\/savio.it\/wp-content\/uploads\/2026\/01\/Cataloghi-foto-nuova-2026.png\",\"datePublished\":\"2023-12-15T15:16:39+00:00\",\"dateModified\":\"2026-03-25T10:40:21+00:00\",\"breadcrumb\":{\"@id\":\"https:\/\/savio.it\/de\/download\/#breadcrumb\"},\"inLanguage\":\"de\",\"potentialAction\":[{\"@type\":\"ReadAction\",\"target\":[\"https:\/\/savio.it\/de\/download\/\"]}]},{\"@type\":\"ImageObject\",\"inLanguage\":\"de\",\"@id\":\"https:\/\/savio.it\/de\/download\/#primaryimage\",\"url\":\"https:\/\/savio.it\/wp-content\/uploads\/2026\/01\/Cataloghi-foto-nuova-2026.png\",\"contentUrl\":\"https:\/\/savio.it\/wp-content\/uploads\/2026\/01\/Cataloghi-foto-nuova-2026.png\"},{\"@type\":\"BreadcrumbList\",\"@id\":\"https:\/\/savio.it\/de\/download\/#breadcrumb\",\"itemListElement\":[{\"@type\":\"ListItem\",\"position\":1,\"name\":\"Home\",\"item\":\"https:\/\/savio.it\/de\/\"},{\"@type\":\"ListItem\",\"position\":2,\"name\":\"Download\"}]},{\"@type\":\"WebSite\",\"@id\":\"https:\/\/savio.it\/de\/#website\",\"url\":\"https:\/\/savio.it\/de\/\",\"name\":\"SAVIO\",\"description\":\"Open mind for closing system\",\"publisher\":{\"@id\":\"https:\/\/savio.it\/de\/#organization\"},\"potentialAction\":[{\"@type\":\"SearchAction\",\"target\":{\"@type\":\"EntryPoint\",\"urlTemplate\":\"https:\/\/savio.it\/de\/?s={search_term_string}\"},\"query-input\":{\"@type\":\"PropertyValueSpecification\",\"valueRequired\":true,\"valueName\":\"search_term_string\"}}],\"inLanguage\":\"de\"},{\"@type\":\"Organization\",\"@id\":\"https:\/\/savio.it\/de\/#organization\",\"name\":\"SAVIO\",\"url\":\"https:\/\/savio.it\/de\/\",\"logo\":{\"@type\":\"ImageObject\",\"inLanguage\":\"de\",\"@id\":\"https:\/\/savio.it\/de\/#\/schema\/logo\/image\/\",\"url\":\"https:\/\/savio.it\/wp-content\/uploads\/2021\/09\/cropped-Savio-logo.png\",\"contentUrl\":\"https:\/\/savio.it\/wp-content\/uploads\/2021\/09\/cropped-Savio-logo.png\",\"width\":243,\"height\":64,\"caption\":\"SAVIO\"},\"image\":{\"@id\":\"https:\/\/savio.it\/de\/#\/schema\/logo\/image\/\"}}]}<\/script>\n<!-- \/ Yoast SEO plugin. -->","yoast_head_json":{"title":"Download - SAVIO","robots":{"index":"index","follow":"follow","max-snippet":"max-snippet:-1","max-image-preview":"max-image-preview:large","max-video-preview":"max-video-preview:-1"},"canonical":"https:\/\/savio.it\/de\/download\/","og_locale":"de_DE","og_type":"article","og_title":"Download - SAVIO","og_description":"Download, um informiert zu bleiben Dokumentation Download to stay informed Savio sets out to be a true business partner. As a partner, one of its most important tasks is to offer punctual, precise, detailed information. Here you\u2019ll find a comprehensive, up-to-date collection of useful documents for those working in the sector. Documentation Didn&#8217;t find what&hellip;","og_url":"https:\/\/savio.it\/de\/download\/","og_site_name":"SAVIO","article_modified_time":"2026-03-25T10:40:21+00:00","og_image":[{"url":"https:\/\/savio.it\/wp-content\/uploads\/2026\/01\/Cataloghi-foto-nuova-2026.png","type":"","width":"","height":""}],"twitter_card":"summary_large_image","twitter_misc":{"Gesch\u00e4tzte Lesezeit":"1\u00a0Minute"},"schema":{"@context":"https:\/\/schema.org","@graph":[{"@type":"WebPage","@id":"https:\/\/savio.it\/de\/download\/","url":"https:\/\/savio.it\/de\/download\/","name":"Download - SAVIO","isPartOf":{"@id":"https:\/\/savio.it\/de\/#website"},"primaryImageOfPage":{"@id":"https:\/\/savio.it\/de\/download\/#primaryimage"},"image":{"@id":"https:\/\/savio.it\/de\/download\/#primaryimage"},"thumbnailUrl":"https:\/\/savio.it\/wp-content\/uploads\/2026\/01\/Cataloghi-foto-nuova-2026.png","datePublished":"2023-12-15T15:16:39+00:00","dateModified":"2026-03-25T10:40:21+00:00","breadcrumb":{"@id":"https:\/\/savio.it\/de\/download\/#breadcrumb"},"inLanguage":"de","potentialAction":[{"@type":"ReadAction","target":["https:\/\/savio.it\/de\/download\/"]}]},{"@type":"ImageObject","inLanguage":"de","@id":"https:\/\/savio.it\/de\/download\/#primaryimage","url":"https:\/\/savio.it\/wp-content\/uploads\/2026\/01\/Cataloghi-foto-nuova-2026.png","contentUrl":"https:\/\/savio.it\/wp-content\/uploads\/2026\/01\/Cataloghi-foto-nuova-2026.png"},{"@type":"BreadcrumbList","@id":"https:\/\/savio.it\/de\/download\/#breadcrumb","itemListElement":[{"@type":"ListItem","position":1,"name":"Home","item":"https:\/\/savio.it\/de\/"},{"@type":"ListItem","position":2,"name":"Download"}]},{"@type":"WebSite","@id":"https:\/\/savio.it\/de\/#website","url":"https:\/\/savio.it\/de\/","name":"SAVIO","description":"Open mind for closing system","publisher":{"@id":"https:\/\/savio.it\/de\/#organization"},"potentialAction":[{"@type":"SearchAction","target":{"@type":"EntryPoint","urlTemplate":"https:\/\/savio.it\/de\/?s={search_term_string}"},"query-input":{"@type":"PropertyValueSpecification","valueRequired":true,"valueName":"search_term_string"}}],"inLanguage":"de"},{"@type":"Organization","@id":"https:\/\/savio.it\/de\/#organization","name":"SAVIO","url":"https:\/\/savio.it\/de\/","logo":{"@type":"ImageObject","inLanguage":"de","@id":"https:\/\/savio.it\/de\/#\/schema\/logo\/image\/","url":"https:\/\/savio.it\/wp-content\/uploads\/2021\/09\/cropped-Savio-logo.png","contentUrl":"https:\/\/savio.it\/wp-content\/uploads\/2021\/09\/cropped-Savio-logo.png","width":243,"height":64,"caption":"SAVIO"},"image":{"@id":"https:\/\/savio.it\/de\/#\/schema\/logo\/image\/"}}]}},"uagb_featured_image_src":{"full":false,"thumbnail":false,"medium":false,"medium_large":false,"large":false,"gs-tiny":false,"xl":false,"xxl":false,"xxxl":false,"xxxxl":false,"xxxxxl":false,"1536x1536":false,"2048x2048":false,"woocommerce_thumbnail":false,"woocommerce_single":false,"woocommerce_gallery_thumbnail":false},"uagb_author_info":{"display_name":"admin_news","author_link":"https:\/\/savio.it\/de\/author\/admin_news\/"},"uagb_comment_info":0,"uagb_excerpt":"Download, um informiert zu bleiben Dokumentation Download to stay informed Savio sets out to be a true business partner. As a partner, one of its most important tasks is to offer punctual, precise, detailed information. Here you\u2019ll find a comprehensive, up-to-date collection of useful documents for those working in the sector. Documentation Didn&#8217;t find what&hellip;","_links":{"self":[{"href":"https:\/\/savio.it\/de\/wp-json\/wp\/v2\/pages\/117562","targetHints":{"allow":["GET"]}}],"collection":[{"href":"https:\/\/savio.it\/de\/wp-json\/wp\/v2\/pages"}],"about":[{"href":"https:\/\/savio.it\/de\/wp-json\/wp\/v2\/types\/page"}],"author":[{"embeddable":true,"href":"https:\/\/savio.it\/de\/wp-json\/wp\/v2\/users\/2"}],"replies":[{"embeddable":true,"href":"https:\/\/savio.it\/de\/wp-json\/wp\/v2\/comments?post=117562"}],"version-history":[{"count":38,"href":"https:\/\/savio.it\/de\/wp-json\/wp\/v2\/pages\/117562\/revisions"}],"predecessor-version":[{"id":163830,"href":"https:\/\/savio.it\/de\/wp-json\/wp\/v2\/pages\/117562\/revisions\/163830"}],"wp:attachment":[{"href":"https:\/\/savio.it\/de\/wp-json\/wp\/v2\/media?parent=117562"}],"curies":[{"name":"wp","href":"https:\/\/api.w.org\/{rel}","templated":true}]}}