{"id":159200,"date":"2025-06-19T14:24:13","date_gmt":"2025-06-19T14:24:13","guid":{"rendered":"https:\/\/savio.it\/?page_id=159200"},"modified":"2025-06-19T15:29:15","modified_gmt":"2025-06-19T15:29:15","slug":"cookie-policy","status":"publish","type":"page","link":"https:\/\/savio.it\/de\/cookie-policy\/","title":{"rendered":"Cookie-Richtlinie"},"content":{"rendered":"\n<div class=\"wp-block-uagb-container uagb-block-11aa570a alignfull uagb-is-root-container\"><div class=\"uagb-container-inner-blocks-wrap\">\n<h1 class=\"wp-block-heading has-text-align-center\">Cookie Policy &#8211; Savio S.p.A.<\/h1>\n<\/div><\/div>\n\n<div class=\"wp-block-uagb-container uagb-block-b1bdb0ff alignfull uagb-is-root-container\"><div class=\"uagb-container-inner-blocks-wrap\">\n<h2 class=\"wp-block-heading\">Cookie-Richtlinie von https:\/\/savio.it<\/h2>\n\n\n\n<h3 class=\"wp-block-heading\">Informationen gem\u00e4\u00df Art. 13 der Europ\u00e4ischen Verordnung 2016\/679 <\/h3>\n\n\n\n<div style=\"height:1rem\" aria-hidden=\"true\" class=\"wp-block-spacer\"><\/div>\n\n\n\n<p>Dieses Dokument informiert Nutzer \u00fcber die Technologien, die diese Website einsetzt, um die unten beschriebenen Zwecke zu erreichen. Diese Technologien erm\u00f6glichen den Zugriff auf oder die Speicherung von Informationen (z. B. durch Einsatz von Cookies) auf dem Ger\u00e4t des Nutzers oder die Nutzung der Datenverarbeitungskapazit\u00e4ten des Ger\u00e4ts, wenn der Nutzer diese Website abruft oder ausf\u00fchrt. <\/p>\n\n\n\n<p>Der Einfachheit halber werden solche Technologien, sofern kein Anlass f\u00fcr eine Differenzierung besteht, innerhalb dieses Dokumentes als \u201eTracker\u201c definiert.<br\/>Beispielsweise k\u00f6nnen Cookies zwar sowohl in Web- als auch in Mobilbrowsern zum Einsatz kommen, kommen jedoch als browserbasierte Tacker bei mobilen Apps nicht in Frage. Daher wird in diesem Dokument der Begriff Cookie nur dann verwendet, wenn konkret die Art von Tracker gemeint ist. <\/p>\n\n\n\n<p>Einige der Verarbeitungszwecke, zu denen Tracker eingesetzt werden, erfordern die Einwilligung des Nutzers. Wird die Einwilligung erteilt, so kann sie jederzeit nach dem in diesem Dokument beschriebenen Verfahren frei widerrufen werden. <\/p>\n\n\n\n<p>Diese Website setzt anbietereigene Tracker (sogenannte \u201efirst-party Tracker\u201c) und fremde Tracker im Zusammenhang mit Diensten von Drittanbietern ein (sogenannte \u201ethird-party Tracker\u201c). Sofern innerhalb dieses Dokuments nicht anders angegeben, haben solche Dritte auch Zugriff auf die von ihnen verwalteten Tracker.<br\/>Die Geltungsdauer und der Verfall von Cookies und anderen vergleichbaren Trackern h\u00e4ngen von der vom Anbieter oder vom jeweiligen Drittanbieter festgelegten Lebensdauer ab. Einige davon verfallen, sobald der Nutzer die Browsersitzung beendet.<br\/>Um genauere und aktuellere Angaben zu der Lebensdauer sowie andere Informationen \u2013 wie z. B. bez\u00fcglich des Einsatzes weiterer Tracker \u2013 zu erhalten, werden Nutzer auf die Beschreibungen der unten aufgef\u00fchrten Kategorien sowie, dar\u00fcber hinaus, auf die verlinkten Datenschutzerkl\u00e4rungen entsprechender Drittanbieter oder auf Kontaktaufnahme zum Anbieter verwiesen.  <\/p>\n<\/div><\/div>\n\n<div class=\"wp-block-uagb-container uagb-block-c2ec0a4d alignfull uagb-is-root-container\"><div class=\"uagb-container-inner-blocks-wrap\">\n<h3 class=\"wp-block-heading\" id=\"sottotitolo-privacy2\"><strong>Was sind Cookies ?<\/strong><\/h3>\n\n\n\n<p><em>Cookies<\/em> sind kleine Textdateien, die automatisch im Browser auf dem PC des Surfers abgelegt werden. Sie enthalten grundlegende Informationen \u00fcber das Surfen im Internet und werden bei jedem Besuch der Website vom Browser erkannt. <\/p>\n<\/div><\/div>\n\n<div class=\"wp-block-uagb-container uagb-block-7b1724c3 alignfull uagb-is-root-container\"><div class=\"uagb-container-inner-blocks-wrap\">\n<h3 class=\"wp-block-heading\" id=\"sottotitolo-privacy2\"><strong>Wie verwenden wir Cookies?<\/strong><\/h3>\n\n\n\n<p>Wie die meisten Online-Dienste verwendet auch unsere Website Cookies von Erstanbietern und Drittanbietern f\u00fcr unterschiedliche Zwecke. Erstanbieter-Cookies sind meist f\u00fcr das ordnungsgem\u00e4\u00dfe Funktionieren der Website erforderlich und erfassen keine personenbezogenen Daten. <\/p>\n\n\n\n<p>Die auf unserer Website verwendeten Cookies von Drittanbietern werden haupts\u00e4chlich verwendet, um zu verstehen, wie die Website funktioniert, wie Sie mit unserer Website interagieren, um unsere Dienste sicher zu halten, um f\u00fcr Sie relevante Werbung bereitzustellen und schlie\u00dflich, um Ihnen eine bessere und verbesserte Benutzererfahrung zu bieten und Ihre zuk\u00fcnftigen Interaktionen mit unserer Website zu beschleunigen.<\/p>\n<\/div><\/div>\n\n<div class=\"wp-block-uagb-container uagb-block-3fafc2fc alignfull uagb-is-root-container\"><div class=\"uagb-container-inner-blocks-wrap\">\n<h3 class=\"wp-block-heading\" id=\"sottotitolo-privacy2\"><strong>Arten von Cookies , die wir verwenden<\/strong><\/h3>\n\n\n\n<div class=\"cky-audit-table-element\"><\/div>\n<\/div><\/div>\n\n<div class=\"wp-block-uagb-container uagb-block-f7e26059 alignfull uagb-is-root-container\"><div class=\"uagb-container-inner-blocks-wrap\">\n<h3 class=\"wp-block-heading\" id=\"sottotitolo-privacy2\"><strong>Einstellungen verwalten und Einwilligungen erteilen oder widerrufen<\/strong><\/h3>\n\n\n\n<p>Sie k\u00f6nnen Ihre Cookie-Pr\u00e4ferenzen jederzeit \u00e4ndern , indem Sie auf die Schaltfl\u00e4che unten oder auf das Symbol in der linken unteren Ecke auf allen Seiten der Website klicken. Auf diese Weise k\u00f6nnen Sie das Cookie-Einwilligungsbanner erneut aufrufen und Ihre Einstellungen \u00e4ndern oder Ihre Einwilligung sofort widerrufen. <\/p>\n\n\n\n<div class=\"wp-block-uagb-buttons uagb-buttons__outer-wrap uagb-btn__default-btn uagb-btn-tablet__default-btn uagb-btn-mobile__default-btn uagb-block-0e4b457e\"><div class=\"uagb-buttons__wrap uagb-buttons-layout-wrap \">\n<div class=\"wp-block-uagb-buttons-child uagb-buttons__outer-wrap uagb-block-d3d9dc94 wp-block-button cky-banner-element\"><div class=\"uagb-button__wrapper\"><a class=\"uagb-buttons-repeater wp-block-button__link\" aria-label=\"\" href=\"#\" rel=\"follow noopener\" target=\"_self\" role=\"button\"><div class=\"uagb-button__link\">Cookie-Zustimmungen anpassen<\/div><\/a><\/div><\/div>\n<\/div><\/div>\n\n\n\n<p>In Bezug auf alle von Dritten eingesetzten Tracker k\u00f6nnen Nutzer ihre Einstellungen verwalten, indem sie den entsprechenden Opt-out-Link nutzen (sofern vorhanden), die in der Datenschutzerkl\u00e4rung des Dritten angegebenen Mittel verwenden oder sich mit dem Dritten in Verbindung setzen.<\/p>\n<\/div><\/div>\n\n<div class=\"wp-block-uagb-container uagb-block-8675d839 alignfull uagb-is-root-container\"><div class=\"uagb-container-inner-blocks-wrap\">\n<p>Au\u00dferdem bieten die verschiedenen Browser unterschiedliche Methoden zum Blockieren und L\u00f6schen von Cookies , die von Websites verwendet werden. Sie k\u00f6nnen Ihre Browsereinstellungen \u00e4ndern, um Cookies zu blockieren\/l\u00f6schen. Nachstehend finden Sie Links zu Support-Dokumenten \u00fcber die Verwaltung und L\u00f6schung von Cookies in den wichtigsten Webbrowsern:  <\/p>\n\n\n\n<ul class=\"wp-block-list\">\n<li><a href=\"https:\/\/support.google.com\/chrome\/answer\/95647?hl=it&amp;p=cpn_cookies\" target=\"_blank\" rel=\"noreferrer noopener\">Google Chrome<\/a><\/li>\n\n\n\n<li><a href=\"https:\/\/support.mozilla.org\/de\/kb\/cookies-erlauben-und-ablehnen\" target=\"_blank\" rel=\"noreferrer noopener\">Mozilla Firefox<\/a><\/li>\n\n\n\n<li><a href=\"https:\/\/support.apple.com\/de-de\/guide\/safari\/manage-cookies-and-website-data-sfri11471\" target=\"_blank\" rel=\"noreferrer noopener\">Apple Safari<\/a><\/li>\n\n\n\n<li><a href=\"http:\/\/windows.microsoft.com\/de-de\/windows-vista\/block-or-allow-cookies\" target=\"_blank\" rel=\"noreferrer noopener\">Microsoft Internet Explorer<\/a><\/li>\n\n\n\n<li><a href=\"https:\/\/support.microsoft.com\/de-de\/help\/4027947\" target=\"_blank\" rel=\"noreferrer noopener\">Microsoft Edge<\/a><\/li>\n\n\n\n<li><a href=\"https:\/\/support.brave.com\/hc\/articles\/360022806212-How-do-I-use-Shields-while-browsing\" target=\"_blank\" rel=\"noreferrer noopener\">Tapfer<\/a><\/li>\n\n\n\n<li><a href=\"https:\/\/help.opera.com\/de\/latest\/web-preferences\/#cookies\" target=\"_blank\" rel=\"noreferrer noopener\">Oper<\/a><\/li>\n<\/ul>\n\n\n\n<p>Nutzer k\u00f6nnen auch bestimmte innerhalb von mobilen Apps eingesetzte Tracker \u00fcber entsprechende Ger\u00e4teinstellungen verwalten \u2013 zum Beispiel \u00fcber die Ger\u00e4teinstellungen zu Werbung auf mobilen Ger\u00e4ten, oder generell \u00fcber Trackingeinstellungen (Nutzer k\u00f6nnen Ger\u00e4teinstellungen aufrufen und die entsprechenden Befehle suchen).<\/p>\n<\/div><\/div>\n\n<div class=\"wp-block-uagb-container uagb-block-d4e1fab0 alignfull uagb-is-root-container\"><div class=\"uagb-container-inner-blocks-wrap\">\n<h3 class=\"wp-block-heading\" id=\"sottotitolo-privacy2\"><strong>Wie Sie interessenbasierte Werbung ablehnen k\u00f6nnen<\/strong><\/h3>\n\n\n\n<p>Dar\u00fcber hinaus werden Nutzer darauf hingewiesen, dass sie die Anleitungen von <a target=\"_blank\" rel=\"noreferrer noopener\" href=\"http:\/\/www.youronlinechoices.eu\/\">YourOnlineChoices<\/a> (EU und UK), <a target=\"_blank\" rel=\"noreferrer noopener\" href=\"https:\/\/thenai.org\/about-online-advertising\/\">Network Advertising Initiative<\/a> (US) und <a target=\"_blank\" rel=\"noreferrer noopener\" href=\"https:\/\/www.aboutads.info\/consumers\/\">Digital Advertising Alliance<\/a> (US), <a target=\"_blank\" rel=\"noreferrer noopener\" href=\"https:\/\/youradchoices.ca\/understanding-online-advertising\/\">DAAC<\/a> (Canada), <a target=\"_blank\" rel=\"noreferrer noopener\" href=\"http:\/\/www.ddai.info\/optout\">DDAI<\/a> (Japan) oder anderer \u00e4hnlicher Dienste befolgen k\u00f6nnen. Solche Initiativen erm\u00f6glichen es dem Nutzer, seine Tracking-Einstellungen f\u00fcr fast alle Werbe-Tools festzulegen. Der Anbieter empfiehlt Nutzern somit, zus\u00e4tzlich zu den in diesem Dokument bereitgestellten Informationen auch von diesen Mitteln Gebrauch zu machen.  <\/p>\n\n\n\n<p>Die Digital Advertising Alliance bietet zur Kontrolle interessensbasierter Werbung in mobilen Apps die Applikation <a target=\"_blank\" rel=\"noreferrer noopener\" href=\"https:\/\/youradchoices.com\/appchoices\">AppChoices<\/a>.<\/p>\n<\/div><\/div>\n\n<div class=\"wp-block-uagb-container uagb-block-b8adccf1 alignfull uagb-is-root-container\"><div class=\"uagb-container-inner-blocks-wrap\">\n<h3 class=\"wp-block-heading\" id=\"sottotitolo-privacy2\"><strong>Folgen der Ablehnung der Verwendung von Trackern<\/strong><\/h3>\n\n\n\n<p>Nutzer k\u00f6nnen frei entscheiden, ob sie ihre Einwilligung f\u00fcr die Verwendung von Trackern erteilen oder nicht. Es sollte jedoch beachtet werden, dass Tracker dazu beitragen, dass diese Website den Nutzern eine bessere Nutzererfahrung und erweiterte Funktionen bieten kann (in \u00dcbereinstimmung mit den in diesem Dokument beschriebenen Zwecken). Sofern sich der Nutzer daf\u00fcr entscheidet, die Verwendung von Trackern zu blockiern, ist der Anbieter daher m\u00f6glicherweise nicht in der Lage, entsprechende Funktionen bereitzustellen.  <\/p>\n<\/div><\/div>\n\n<div class=\"wp-block-uagb-container uagb-block-e2dfcfae alignfull uagb-is-root-container\"><div class=\"uagb-container-inner-blocks-wrap\">\n<h3 class=\"wp-block-heading\" id=\"sottotitolo-privacy2\"><strong>Anbieter und Verantwortlicher<\/strong><\/h3>\n\n\n\n<p>Savio S.p.A. &#8211; Via Torino, 25 &#8211; 10050 Chiusa di San Michele (Italia)<\/p>\n\n\n\n<p><strong>E-Mail-Adresse des Anbieters:<\/strong> <a href=\"mailto:businessdevelopment@savio.it\">businessdevelopment@savio.it<\/a><\/p>\n\n\n\n<p>Da der Einsatz von third-party Trackern durch diese Website vom Anbieter nicht vollst\u00e4ndig kontrolliert werden kann, verstehen sich s\u00e4mtliche Angaben zu third-party Trackern als indikativ. Um vollst\u00e4ndige Informationen zu erhalten, sind Nutzer gebeten, Einsicht in die in diesem Dokument aufgef\u00fchrten Datenschutzerkl\u00e4rungen der jeweiligen Drittanbieter zu nehmen. <\/p>\n\n\n\n<p>Aufgrund der objektiven Komplexit\u00e4t von Tracking-Technologien, werden Nutzer aufgefordert, Kontakt zum Anbieter aufzunehmen, sofern sie weitere Informationen zum Einsatz solcher Technologien durch diese Website zu erhalten w\u00fcnschen.<\/p>\n<\/div><\/div>\n","protected":false},"excerpt":{"rendered":"<p>Cookie Policy &#8211; Savio S.p.A. Cookie-Richtlinie von https:\/\/savio.it Informationen gem\u00e4\u00df Art. 13 der Europ\u00e4ischen Verordnung 2016\/679 Dieses Dokument informiert Nutzer \u00fcber die Technologien, die diese Website einsetzt, um die unten beschriebenen Zwecke zu erreichen. Diese Technologien erm\u00f6glichen den Zugriff auf oder die Speicherung von Informationen (z. B. durch Einsatz von Cookies) auf dem Ger\u00e4t des&hellip;<\/p>\n","protected":false},"author":2,"featured_media":0,"parent":0,"menu_order":0,"comment_status":"closed","ping_status":"closed","template":"","meta":{"_acf_changed":false,"_uag_custom_page_level_css":"","footnotes":""},"class_list":["post-159200","page","type-page","status-publish","hentry","description-off"],"acf":[],"yoast_head":"<!-- This site is optimized with the Yoast SEO plugin v27.2 - https:\/\/yoast.com\/product\/yoast-seo-wordpress\/ -->\n<title>Cookie-Richtlinie - SAVIO<\/title>\n<meta name=\"robots\" content=\"index, follow, max-snippet:-1, max-image-preview:large, max-video-preview:-1\" \/>\n<link rel=\"canonical\" href=\"https:\/\/savio.it\/de\/cookie-policy\/\" \/>\n<meta property=\"og:locale\" content=\"de_DE\" \/>\n<meta property=\"og:type\" content=\"article\" \/>\n<meta property=\"og:title\" content=\"Cookie-Richtlinie - SAVIO\" \/>\n<meta property=\"og:description\" content=\"Cookie Policy &#8211; Savio S.p.A. Cookie-Richtlinie von https:\/\/savio.it Informationen gem\u00e4\u00df Art. 13 der Europ\u00e4ischen Verordnung 2016\/679 Dieses Dokument informiert Nutzer \u00fcber die Technologien, die diese Website einsetzt, um die unten beschriebenen Zwecke zu erreichen. Diese Technologien erm\u00f6glichen den Zugriff auf oder die Speicherung von Informationen (z. B. durch Einsatz von Cookies) auf dem Ger\u00e4t des&hellip;\" \/>\n<meta property=\"og:url\" content=\"https:\/\/savio.it\/de\/cookie-policy\/\" \/>\n<meta property=\"og:site_name\" content=\"SAVIO\" \/>\n<meta property=\"article:modified_time\" content=\"2025-06-19T15:29:15+00:00\" \/>\n<meta name=\"twitter:card\" content=\"summary_large_image\" \/>\n<meta name=\"twitter:label1\" content=\"Gesch\u00e4tzte Lesezeit\" \/>\n\t<meta name=\"twitter:data1\" content=\"5\u00a0Minuten\" \/>\n<script type=\"application\/ld+json\" class=\"yoast-schema-graph\">{\"@context\":\"https:\/\/schema.org\",\"@graph\":[{\"@type\":\"WebPage\",\"@id\":\"https:\/\/savio.it\/de\/cookie-policy\/\",\"url\":\"https:\/\/savio.it\/de\/cookie-policy\/\",\"name\":\"Cookie-Richtlinie - SAVIO\",\"isPartOf\":{\"@id\":\"https:\/\/savio.it\/de\/#website\"},\"datePublished\":\"2025-06-19T14:24:13+00:00\",\"dateModified\":\"2025-06-19T15:29:15+00:00\",\"breadcrumb\":{\"@id\":\"https:\/\/savio.it\/de\/cookie-policy\/#breadcrumb\"},\"inLanguage\":\"de\",\"potentialAction\":[{\"@type\":\"ReadAction\",\"target\":[\"https:\/\/savio.it\/de\/cookie-policy\/\"]}]},{\"@type\":\"BreadcrumbList\",\"@id\":\"https:\/\/savio.it\/de\/cookie-policy\/#breadcrumb\",\"itemListElement\":[{\"@type\":\"ListItem\",\"position\":1,\"name\":\"Home\",\"item\":\"https:\/\/savio.it\/de\/\"},{\"@type\":\"ListItem\",\"position\":2,\"name\":\"Cookie-Richtlinie\"}]},{\"@type\":\"WebSite\",\"@id\":\"https:\/\/savio.it\/de\/#website\",\"url\":\"https:\/\/savio.it\/de\/\",\"name\":\"SAVIO\",\"description\":\"Open mind for closing system\",\"publisher\":{\"@id\":\"https:\/\/savio.it\/de\/#organization\"},\"potentialAction\":[{\"@type\":\"SearchAction\",\"target\":{\"@type\":\"EntryPoint\",\"urlTemplate\":\"https:\/\/savio.it\/de\/?s={search_term_string}\"},\"query-input\":{\"@type\":\"PropertyValueSpecification\",\"valueRequired\":true,\"valueName\":\"search_term_string\"}}],\"inLanguage\":\"de\"},{\"@type\":\"Organization\",\"@id\":\"https:\/\/savio.it\/de\/#organization\",\"name\":\"SAVIO\",\"url\":\"https:\/\/savio.it\/de\/\",\"logo\":{\"@type\":\"ImageObject\",\"inLanguage\":\"de\",\"@id\":\"https:\/\/savio.it\/de\/#\/schema\/logo\/image\/\",\"url\":\"https:\/\/savio.it\/wp-content\/uploads\/2021\/09\/cropped-Savio-logo.png\",\"contentUrl\":\"https:\/\/savio.it\/wp-content\/uploads\/2021\/09\/cropped-Savio-logo.png\",\"width\":243,\"height\":64,\"caption\":\"SAVIO\"},\"image\":{\"@id\":\"https:\/\/savio.it\/de\/#\/schema\/logo\/image\/\"}}]}<\/script>\n<!-- \/ Yoast SEO plugin. -->","yoast_head_json":{"title":"Cookie-Richtlinie - SAVIO","robots":{"index":"index","follow":"follow","max-snippet":"max-snippet:-1","max-image-preview":"max-image-preview:large","max-video-preview":"max-video-preview:-1"},"canonical":"https:\/\/savio.it\/de\/cookie-policy\/","og_locale":"de_DE","og_type":"article","og_title":"Cookie-Richtlinie - SAVIO","og_description":"Cookie Policy &#8211; Savio S.p.A. Cookie-Richtlinie von https:\/\/savio.it Informationen gem\u00e4\u00df Art. 13 der Europ\u00e4ischen Verordnung 2016\/679 Dieses Dokument informiert Nutzer \u00fcber die Technologien, die diese Website einsetzt, um die unten beschriebenen Zwecke zu erreichen. Diese Technologien erm\u00f6glichen den Zugriff auf oder die Speicherung von Informationen (z. B. durch Einsatz von Cookies) auf dem Ger\u00e4t des&hellip;","og_url":"https:\/\/savio.it\/de\/cookie-policy\/","og_site_name":"SAVIO","article_modified_time":"2025-06-19T15:29:15+00:00","twitter_card":"summary_large_image","twitter_misc":{"Gesch\u00e4tzte Lesezeit":"5\u00a0Minuten"},"schema":{"@context":"https:\/\/schema.org","@graph":[{"@type":"WebPage","@id":"https:\/\/savio.it\/de\/cookie-policy\/","url":"https:\/\/savio.it\/de\/cookie-policy\/","name":"Cookie-Richtlinie - SAVIO","isPartOf":{"@id":"https:\/\/savio.it\/de\/#website"},"datePublished":"2025-06-19T14:24:13+00:00","dateModified":"2025-06-19T15:29:15+00:00","breadcrumb":{"@id":"https:\/\/savio.it\/de\/cookie-policy\/#breadcrumb"},"inLanguage":"de","potentialAction":[{"@type":"ReadAction","target":["https:\/\/savio.it\/de\/cookie-policy\/"]}]},{"@type":"BreadcrumbList","@id":"https:\/\/savio.it\/de\/cookie-policy\/#breadcrumb","itemListElement":[{"@type":"ListItem","position":1,"name":"Home","item":"https:\/\/savio.it\/de\/"},{"@type":"ListItem","position":2,"name":"Cookie-Richtlinie"}]},{"@type":"WebSite","@id":"https:\/\/savio.it\/de\/#website","url":"https:\/\/savio.it\/de\/","name":"SAVIO","description":"Open mind for closing system","publisher":{"@id":"https:\/\/savio.it\/de\/#organization"},"potentialAction":[{"@type":"SearchAction","target":{"@type":"EntryPoint","urlTemplate":"https:\/\/savio.it\/de\/?s={search_term_string}"},"query-input":{"@type":"PropertyValueSpecification","valueRequired":true,"valueName":"search_term_string"}}],"inLanguage":"de"},{"@type":"Organization","@id":"https:\/\/savio.it\/de\/#organization","name":"SAVIO","url":"https:\/\/savio.it\/de\/","logo":{"@type":"ImageObject","inLanguage":"de","@id":"https:\/\/savio.it\/de\/#\/schema\/logo\/image\/","url":"https:\/\/savio.it\/wp-content\/uploads\/2021\/09\/cropped-Savio-logo.png","contentUrl":"https:\/\/savio.it\/wp-content\/uploads\/2021\/09\/cropped-Savio-logo.png","width":243,"height":64,"caption":"SAVIO"},"image":{"@id":"https:\/\/savio.it\/de\/#\/schema\/logo\/image\/"}}]}},"uagb_featured_image_src":{"full":false,"thumbnail":false,"medium":false,"medium_large":false,"large":false,"gs-tiny":false,"xl":false,"xxl":false,"xxxl":false,"xxxxl":false,"xxxxxl":false,"1536x1536":false,"2048x2048":false,"woocommerce_thumbnail":false,"woocommerce_single":false,"woocommerce_gallery_thumbnail":false},"uagb_author_info":{"display_name":"admin_news","author_link":"https:\/\/savio.it\/de\/author\/admin_news\/"},"uagb_comment_info":0,"uagb_excerpt":"Cookie Policy &#8211; Savio S.p.A. Cookie-Richtlinie von https:\/\/savio.it Informationen gem\u00e4\u00df Art. 13 der Europ\u00e4ischen Verordnung 2016\/679 Dieses Dokument informiert Nutzer \u00fcber die Technologien, die diese Website einsetzt, um die unten beschriebenen Zwecke zu erreichen. Diese Technologien erm\u00f6glichen den Zugriff auf oder die Speicherung von Informationen (z. B. durch Einsatz von Cookies) auf dem Ger\u00e4t des&hellip;","_links":{"self":[{"href":"https:\/\/savio.it\/de\/wp-json\/wp\/v2\/pages\/159200","targetHints":{"allow":["GET"]}}],"collection":[{"href":"https:\/\/savio.it\/de\/wp-json\/wp\/v2\/pages"}],"about":[{"href":"https:\/\/savio.it\/de\/wp-json\/wp\/v2\/types\/page"}],"author":[{"embeddable":true,"href":"https:\/\/savio.it\/de\/wp-json\/wp\/v2\/users\/2"}],"replies":[{"embeddable":true,"href":"https:\/\/savio.it\/de\/wp-json\/wp\/v2\/comments?post=159200"}],"version-history":[{"count":5,"href":"https:\/\/savio.it\/de\/wp-json\/wp\/v2\/pages\/159200\/revisions"}],"predecessor-version":[{"id":159244,"href":"https:\/\/savio.it\/de\/wp-json\/wp\/v2\/pages\/159200\/revisions\/159244"}],"wp:attachment":[{"href":"https:\/\/savio.it\/de\/wp-json\/wp\/v2\/media?parent=159200"}],"curies":[{"name":"wp","href":"https:\/\/api.w.org\/{rel}","templated":true}]}}