{"id":30913,"date":"2021-09-30T12:32:43","date_gmt":"2021-10-04T07:33:52","guid":{"rendered":"https:\/\/savio.ne-ws.it\/prodotto\/arianna-866-4-7\/"},"modified":"2024-06-28T08:29:19","modified_gmt":"2024-06-28T08:29:19","slug":"arianna-866-4-7","status":"publish","type":"product","link":"https:\/\/savio.it\/de\/prodotto\/arianna-866-4-7\/","title":{"rendered":"ARIANNA &#8211; 866.4\/7"},"content":{"rendered":"<p>T\u00fcrdr\u00fccker mit Einrastung, mit Griff aus Zink-Druck Gu\u00df, Lochabstand 43 mm, 7 mm Vierkantstift mit 52 mm Vorsprung, 2 Zylinderkopfschrauben M5x60 aus verzinktem Stahl.<\/p>\n","protected":false},"excerpt":{"rendered":"<p>T\u00fcrdr\u00fccker mit Einrastmontage<\/p>\n","protected":false},"featured_media":13862,"comment_status":"closed","ping_status":"closed","template":"","meta":{"_acf_changed":false,"_uag_custom_page_level_css":""},"product_brand":[],"product_cat":[12614,12584,12590],"product_tag":[13130],"profilo":[11995,11996,12479,12480,12481,12360,12447,12448,12449,12455,12466,12035,12036,12034,12038,12482,12483,11971,11969,11968,11972,11973,12174,12171,12081,12484],"finiture":[12512,12529,12532,12534,12543,12545,12549,12552,12557,12569,12570,12575],"gruppo_anta":[],"class_list":{"0":"post-30913","1":"product","2":"type-product","3":"status-publish","4":"has-post-thumbnail","6":"product_cat-arianna","7":"product_cat-cremonesi-martelline-e-accessori-per-anta","8":"product_cat-cremonesi-martelline-e-accessori-per-anta-ribalta","9":"product_tag-updated-de","10":"profilo-alfil-a54rpt","11":"profilo-alfil-a65rpt","12":"profilo-bronze-window","13":"profilo-calm-door","14":"profilo-calm-window","15":"profilo-e-80-ws","16":"profilo-ekos-50-thw","17":"profilo-ekos-58-thm","18":"profilo-ekos-58-thm-raggiato","19":"profilo-ekos-75-thw","20":"profilo-ekos-85-thw","21":"profilo-export-51-tt","22":"profilo-export-51-tt-raggiato","23":"profilo-export-68-tt","24":"profilo-export-68-tt-raggiato","25":"profilo-golden-silver-door","26":"profilo-golden-silver-window","27":"profilo-planet-45-raggiato","28":"profilo-planet-50-raggiato","29":"profilo-planet-50-tt","30":"profilo-planet-62-tt","31":"profilo-planet-62-tt-raggiato","32":"profilo-plathina-60-flat-rustica","33":"profilo-plathina-60-rustica","34":"profilo-tecno-76-tt","35":"profilo-uah-100-window-bullet-proof","36":"finiture-12512","37":"finiture-12529","38":"finiture-12532","39":"finiture-12534","40":"finiture-b-sa","41":"finiture-bl10","42":"finiture-br5","43":"finiture-c","44":"finiture-gr217","45":"finiture-pvd-h","46":"finiture-pvd-x","47":"finiture-silv","48":"description-off","50":"first","51":"onbackorder","52":"product-type-variable"},"acf":[],"yoast_head":"<!-- This site is optimized with the Yoast SEO plugin v27.2 - https:\/\/yoast.com\/product\/yoast-seo-wordpress\/ -->\n<title>ARIANNA - 866.4\/7<\/title>\n<meta name=\"description\" content=\"T\u00fcrdr\u00fccker mit Einrastmontage\" \/>\n<meta name=\"robots\" content=\"index, follow, max-snippet:-1, max-image-preview:large, max-video-preview:-1\" \/>\n<link rel=\"canonical\" href=\"https:\/\/savio.it\/de\/prodotto\/arianna-866-4-7\/\" \/>\n<meta property=\"og:locale\" content=\"de_DE\" \/>\n<meta property=\"og:type\" content=\"article\" \/>\n<meta property=\"og:title\" content=\"ARIANNA - 866.4\/7\" \/>\n<meta property=\"og:description\" content=\"T\u00fcrdr\u00fccker mit Einrastmontage\" \/>\n<meta property=\"og:url\" content=\"https:\/\/savio.it\/de\/prodotto\/arianna-866-4-7\/\" \/>\n<meta property=\"og:site_name\" content=\"SAVIO\" \/>\n<meta property=\"article:modified_time\" content=\"2024-06-28T08:29:19+00:00\" \/>\n<meta property=\"og:image\" content=\"https:\/\/savio.it\/wp-content\/uploads\/2021\/09\/866_3_4-5.jpg\" \/>\n\t<meta property=\"og:image:width\" content=\"229\" \/>\n\t<meta property=\"og:image:height\" content=\"229\" \/>\n\t<meta property=\"og:image:type\" content=\"image\/jpeg\" \/>\n<meta name=\"twitter:card\" content=\"summary_large_image\" \/>\n<meta name=\"twitter:label1\" content=\"Gesch\u00e4tzte Lesezeit\" \/>\n\t<meta name=\"twitter:data1\" content=\"4\u00a0Minuten\" \/>\n<script type=\"application\/ld+json\" class=\"yoast-schema-graph\">{\"@context\":\"https:\/\/schema.org\",\"@graph\":[{\"@type\":\"WebPage\",\"@id\":\"https:\/\/savio.it\/de\/prodotto\/arianna-866-4-7\/\",\"url\":\"https:\/\/savio.it\/de\/prodotto\/arianna-866-4-7\/\",\"name\":\"ARIANNA - 866.4\/7\",\"isPartOf\":{\"@id\":\"https:\/\/savio.it\/de\/#website\"},\"primaryImageOfPage\":{\"@id\":\"https:\/\/savio.it\/de\/prodotto\/arianna-866-4-7\/#primaryimage\"},\"image\":{\"@id\":\"https:\/\/savio.it\/de\/prodotto\/arianna-866-4-7\/#primaryimage\"},\"thumbnailUrl\":\"https:\/\/savio.it\/wp-content\/uploads\/2021\/09\/866_3_4-5.jpg\",\"datePublished\":\"2021-10-04T07:33:52+00:00\",\"dateModified\":\"2024-06-28T08:29:19+00:00\",\"description\":\"T\u00fcrdr\u00fccker mit Einrastmontage\",\"breadcrumb\":{\"@id\":\"https:\/\/savio.it\/de\/prodotto\/arianna-866-4-7\/#breadcrumb\"},\"inLanguage\":\"de\",\"potentialAction\":[{\"@type\":\"ReadAction\",\"target\":[\"https:\/\/savio.it\/de\/prodotto\/arianna-866-4-7\/\"]}]},{\"@type\":\"ImageObject\",\"inLanguage\":\"de\",\"@id\":\"https:\/\/savio.it\/de\/prodotto\/arianna-866-4-7\/#primaryimage\",\"url\":\"https:\/\/savio.it\/wp-content\/uploads\/2021\/09\/866_3_4-5.jpg\",\"contentUrl\":\"https:\/\/savio.it\/wp-content\/uploads\/2021\/09\/866_3_4-5.jpg\",\"width\":229,\"height\":229},{\"@type\":\"BreadcrumbList\",\"@id\":\"https:\/\/savio.it\/de\/prodotto\/arianna-866-4-7\/#breadcrumb\",\"itemListElement\":[{\"@type\":\"ListItem\",\"position\":1,\"name\":\"Home\",\"item\":\"https:\/\/savio.it\/de\/\"},{\"@type\":\"ListItem\",\"position\":2,\"name\":\"Produkte\",\"item\":\"https:\/\/savio.it\/de\/prodotti\/\"},{\"@type\":\"ListItem\",\"position\":3,\"name\":\"ARIANNA &#8211; 866.4\/7\"}]},{\"@type\":\"WebSite\",\"@id\":\"https:\/\/savio.it\/de\/#website\",\"url\":\"https:\/\/savio.it\/de\/\",\"name\":\"SAVIO\",\"description\":\"Open mind for closing system\",\"publisher\":{\"@id\":\"https:\/\/savio.it\/de\/#organization\"},\"potentialAction\":[{\"@type\":\"SearchAction\",\"target\":{\"@type\":\"EntryPoint\",\"urlTemplate\":\"https:\/\/savio.it\/de\/?s={search_term_string}\"},\"query-input\":{\"@type\":\"PropertyValueSpecification\",\"valueRequired\":true,\"valueName\":\"search_term_string\"}}],\"inLanguage\":\"de\"},{\"@type\":\"Organization\",\"@id\":\"https:\/\/savio.it\/de\/#organization\",\"name\":\"SAVIO\",\"url\":\"https:\/\/savio.it\/de\/\",\"logo\":{\"@type\":\"ImageObject\",\"inLanguage\":\"de\",\"@id\":\"https:\/\/savio.it\/de\/#\/schema\/logo\/image\/\",\"url\":\"https:\/\/savio.it\/wp-content\/uploads\/2021\/09\/cropped-Savio-logo.png\",\"contentUrl\":\"https:\/\/savio.it\/wp-content\/uploads\/2021\/09\/cropped-Savio-logo.png\",\"width\":243,\"height\":64,\"caption\":\"SAVIO\"},\"image\":{\"@id\":\"https:\/\/savio.it\/de\/#\/schema\/logo\/image\/\"}}]}<\/script>\n<!-- \/ Yoast SEO plugin. -->","yoast_head_json":{"title":"ARIANNA - 866.4\/7","description":"T\u00fcrdr\u00fccker mit Einrastmontage","robots":{"index":"index","follow":"follow","max-snippet":"max-snippet:-1","max-image-preview":"max-image-preview:large","max-video-preview":"max-video-preview:-1"},"canonical":"https:\/\/savio.it\/de\/prodotto\/arianna-866-4-7\/","og_locale":"de_DE","og_type":"article","og_title":"ARIANNA - 866.4\/7","og_description":"T\u00fcrdr\u00fccker mit Einrastmontage","og_url":"https:\/\/savio.it\/de\/prodotto\/arianna-866-4-7\/","og_site_name":"SAVIO","article_modified_time":"2024-06-28T08:29:19+00:00","og_image":[{"width":229,"height":229,"url":"https:\/\/savio.it\/wp-content\/uploads\/2021\/09\/866_3_4-5.jpg","type":"image\/jpeg"}],"twitter_card":"summary_large_image","twitter_misc":{"Gesch\u00e4tzte Lesezeit":"4\u00a0Minuten"},"schema":{"@context":"https:\/\/schema.org","@graph":[{"@type":"WebPage","@id":"https:\/\/savio.it\/de\/prodotto\/arianna-866-4-7\/","url":"https:\/\/savio.it\/de\/prodotto\/arianna-866-4-7\/","name":"ARIANNA - 866.4\/7","isPartOf":{"@id":"https:\/\/savio.it\/de\/#website"},"primaryImageOfPage":{"@id":"https:\/\/savio.it\/de\/prodotto\/arianna-866-4-7\/#primaryimage"},"image":{"@id":"https:\/\/savio.it\/de\/prodotto\/arianna-866-4-7\/#primaryimage"},"thumbnailUrl":"https:\/\/savio.it\/wp-content\/uploads\/2021\/09\/866_3_4-5.jpg","datePublished":"2021-10-04T07:33:52+00:00","dateModified":"2024-06-28T08:29:19+00:00","description":"T\u00fcrdr\u00fccker mit Einrastmontage","breadcrumb":{"@id":"https:\/\/savio.it\/de\/prodotto\/arianna-866-4-7\/#breadcrumb"},"inLanguage":"de","potentialAction":[{"@type":"ReadAction","target":["https:\/\/savio.it\/de\/prodotto\/arianna-866-4-7\/"]}]},{"@type":"ImageObject","inLanguage":"de","@id":"https:\/\/savio.it\/de\/prodotto\/arianna-866-4-7\/#primaryimage","url":"https:\/\/savio.it\/wp-content\/uploads\/2021\/09\/866_3_4-5.jpg","contentUrl":"https:\/\/savio.it\/wp-content\/uploads\/2021\/09\/866_3_4-5.jpg","width":229,"height":229},{"@type":"BreadcrumbList","@id":"https:\/\/savio.it\/de\/prodotto\/arianna-866-4-7\/#breadcrumb","itemListElement":[{"@type":"ListItem","position":1,"name":"Home","item":"https:\/\/savio.it\/de\/"},{"@type":"ListItem","position":2,"name":"Produkte","item":"https:\/\/savio.it\/de\/prodotti\/"},{"@type":"ListItem","position":3,"name":"ARIANNA &#8211; 866.4\/7"}]},{"@type":"WebSite","@id":"https:\/\/savio.it\/de\/#website","url":"https:\/\/savio.it\/de\/","name":"SAVIO","description":"Open mind for closing system","publisher":{"@id":"https:\/\/savio.it\/de\/#organization"},"potentialAction":[{"@type":"SearchAction","target":{"@type":"EntryPoint","urlTemplate":"https:\/\/savio.it\/de\/?s={search_term_string}"},"query-input":{"@type":"PropertyValueSpecification","valueRequired":true,"valueName":"search_term_string"}}],"inLanguage":"de"},{"@type":"Organization","@id":"https:\/\/savio.it\/de\/#organization","name":"SAVIO","url":"https:\/\/savio.it\/de\/","logo":{"@type":"ImageObject","inLanguage":"de","@id":"https:\/\/savio.it\/de\/#\/schema\/logo\/image\/","url":"https:\/\/savio.it\/wp-content\/uploads\/2021\/09\/cropped-Savio-logo.png","contentUrl":"https:\/\/savio.it\/wp-content\/uploads\/2021\/09\/cropped-Savio-logo.png","width":243,"height":64,"caption":"SAVIO"},"image":{"@id":"https:\/\/savio.it\/de\/#\/schema\/logo\/image\/"}}]}},"uagb_featured_image_src":{"full":["https:\/\/savio.it\/wp-content\/uploads\/2021\/09\/866_3_4-5.jpg",229,229,false],"thumbnail":["https:\/\/savio.it\/wp-content\/uploads\/2021\/09\/866_3_4-5-150x150.jpg",150,150,true],"medium":["https:\/\/savio.it\/wp-content\/uploads\/2021\/09\/866_3_4-5.jpg",229,229,false],"medium_large":["https:\/\/savio.it\/wp-content\/uploads\/2021\/09\/866_3_4-5.jpg",229,229,false],"large":["https:\/\/savio.it\/wp-content\/uploads\/2021\/09\/866_3_4-5.jpg",229,229,false],"gs-tiny":["https:\/\/savio.it\/wp-content\/uploads\/2021\/09\/866_3_4-5.jpg",50,50,false],"xl":["https:\/\/savio.it\/wp-content\/uploads\/2021\/09\/866_3_4-5.jpg",229,229,false],"xxl":["https:\/\/savio.it\/wp-content\/uploads\/2021\/09\/866_3_4-5.jpg",229,229,false],"xxxl":["https:\/\/savio.it\/wp-content\/uploads\/2021\/09\/866_3_4-5.jpg",229,229,false],"xxxxl":["https:\/\/savio.it\/wp-content\/uploads\/2021\/09\/866_3_4-5.jpg",229,229,false],"xxxxxl":["https:\/\/savio.it\/wp-content\/uploads\/2021\/09\/866_3_4-5.jpg",229,229,false],"1536x1536":["https:\/\/savio.it\/wp-content\/uploads\/2021\/09\/866_3_4-5.jpg",229,229,false],"2048x2048":["https:\/\/savio.it\/wp-content\/uploads\/2021\/09\/866_3_4-5.jpg",229,229,false],"woocommerce_thumbnail":["https:\/\/savio.it\/wp-content\/uploads\/2021\/09\/866_3_4-5.jpg",229,229,false],"woocommerce_single":["https:\/\/savio.it\/wp-content\/uploads\/2021\/09\/866_3_4-5.jpg",229,229,false],"woocommerce_gallery_thumbnail":["https:\/\/savio.it\/wp-content\/uploads\/2021\/09\/866_3_4-5-200x200.jpg",200,200,true]},"uagb_author_info":{"display_name":"admin_news","author_link":"https:\/\/savio.it\/de\/author\/"},"uagb_comment_info":0,"uagb_excerpt":"T\u00fcrdr\u00fccker mit Einrastmontage","_links":{"self":[{"href":"https:\/\/savio.it\/de\/wp-json\/wp\/v2\/product\/30913","targetHints":{"allow":["GET"]}}],"collection":[{"href":"https:\/\/savio.it\/de\/wp-json\/wp\/v2\/product"}],"about":[{"href":"https:\/\/savio.it\/de\/wp-json\/wp\/v2\/types\/product"}],"replies":[{"embeddable":true,"href":"https:\/\/savio.it\/de\/wp-json\/wp\/v2\/comments?post=30913"}],"wp:featuredmedia":[{"embeddable":true,"href":"https:\/\/savio.it\/de\/wp-json\/wp\/v2\/media\/13862"}],"wp:attachment":[{"href":"https:\/\/savio.it\/de\/wp-json\/wp\/v2\/media?parent=30913"}],"wp:term":[{"taxonomy":"product_brand","embeddable":true,"href":"https:\/\/savio.it\/de\/wp-json\/wp\/v2\/product_brand?post=30913"},{"taxonomy":"product_cat","embeddable":true,"href":"https:\/\/savio.it\/de\/wp-json\/wp\/v2\/product_cat?post=30913"},{"taxonomy":"product_tag","embeddable":true,"href":"https:\/\/savio.it\/de\/wp-json\/wp\/v2\/product_tag?post=30913"},{"taxonomy":"profilo","embeddable":true,"href":"https:\/\/savio.it\/de\/wp-json\/wp\/v2\/profilo?post=30913"},{"taxonomy":"finiture","embeddable":true,"href":"https:\/\/savio.it\/de\/wp-json\/wp\/v2\/finiture?post=30913"},{"taxonomy":"gruppo_anta","embeddable":true,"href":"https:\/\/savio.it\/de\/wp-json\/wp\/v2\/gruppo_anta?post=30913"}],"curies":[{"name":"wp","href":"https:\/\/api.w.org\/{rel}","templated":true}]}}