{"id":30944,"date":"2021-09-30T12:33:03","date_gmt":"2021-10-04T07:10:14","guid":{"rendered":"https:\/\/savio.ne-ws.it\/prodotto\/877-806\/"},"modified":"2026-01-17T05:23:11","modified_gmt":"2026-01-17T05:23:11","slug":"877-806","status":"publish","type":"product","link":"https:\/\/savio.it\/de\/prodotto\/877-806\/","title":{"rendered":"877.806"},"content":{"rendered":"<p>Senkrechte Schubstangen f\u00fcr T\u00fcren (max. H\u00f6he 3100 mm) im Set f\u00fcr Art. 877\/.751, aus lackiertem Stahl mit vormontiertem Verschlu\u00dfriegel, 2 F\u00fchrungen, 2 Verschlu\u00dfmulden, 2 Unterlegst\u00fccke zu 1 mm, 2 Unterlegst\u00fccke zu 1,5 mm und 2 Unterlegst\u00fccke zu 2 mm aus Nylon, 10 Zylinderschrauben 3,9&#215;13 aus verzinktem Stahl.<\/p>\n","protected":false},"excerpt":{"rendered":"<p>Senkrechte Schubstangen f\u00fcr T\u00fcren<\/p>\n","protected":false},"featured_media":14095,"comment_status":"closed","ping_status":"closed","template":"","meta":{"_acf_changed":false,"_uag_custom_page_level_css":""},"product_brand":[],"product_cat":[12584],"product_tag":[13130],"profilo":[],"finiture":[12532,12534,12545,12575],"gruppo_anta":[],"class_list":{"0":"post-30944","1":"product","2":"type-product","3":"status-publish","4":"has-post-thumbnail","6":"product_cat-cremonesi-martelline-e-accessori-per-anta","7":"product_tag-updated-de","8":"finiture-12532","9":"finiture-12534","10":"finiture-bl10","11":"finiture-silv","12":"description-off","14":"first","15":"onbackorder","16":"product-type-variable"},"acf":[],"yoast_head":"<!-- This site is optimized with the Yoast SEO plugin v27.2 - https:\/\/yoast.com\/product\/yoast-seo-wordpress\/ -->\n<title>877.806<\/title>\n<meta name=\"description\" content=\"Senkrechte Schubstangen f\u00fcr T\u00fcren\" \/>\n<meta name=\"robots\" content=\"index, follow, max-snippet:-1, max-image-preview:large, max-video-preview:-1\" \/>\n<link rel=\"canonical\" href=\"https:\/\/savio.it\/de\/prodotto\/877-806\/\" \/>\n<meta property=\"og:locale\" content=\"de_DE\" \/>\n<meta property=\"og:type\" content=\"article\" \/>\n<meta property=\"og:title\" content=\"877.806\" \/>\n<meta property=\"og:description\" content=\"Senkrechte Schubstangen f\u00fcr T\u00fcren\" \/>\n<meta property=\"og:url\" content=\"https:\/\/savio.it\/de\/prodotto\/877-806\/\" \/>\n<meta property=\"og:site_name\" content=\"SAVIO\" \/>\n<meta property=\"article:modified_time\" content=\"2026-01-17T05:23:11+00:00\" \/>\n<meta property=\"og:image\" content=\"https:\/\/savio.it\/wp-content\/uploads\/2021\/09\/877_801-5.jpg\" \/>\n\t<meta property=\"og:image:width\" content=\"229\" \/>\n\t<meta property=\"og:image:height\" content=\"229\" \/>\n\t<meta property=\"og:image:type\" content=\"image\/jpeg\" \/>\n<meta name=\"twitter:card\" content=\"summary_large_image\" \/>\n<meta name=\"twitter:label1\" content=\"Gesch\u00e4tzte Lesezeit\" \/>\n\t<meta name=\"twitter:data1\" content=\"4\u00a0Minuten\" \/>\n<script type=\"application\/ld+json\" class=\"yoast-schema-graph\">{\"@context\":\"https:\/\/schema.org\",\"@graph\":[{\"@type\":\"WebPage\",\"@id\":\"https:\/\/savio.it\/de\/prodotto\/877-806\/\",\"url\":\"https:\/\/savio.it\/de\/prodotto\/877-806\/\",\"name\":\"877.806\",\"isPartOf\":{\"@id\":\"https:\/\/savio.it\/de\/#website\"},\"primaryImageOfPage\":{\"@id\":\"https:\/\/savio.it\/de\/prodotto\/877-806\/#primaryimage\"},\"image\":{\"@id\":\"https:\/\/savio.it\/de\/prodotto\/877-806\/#primaryimage\"},\"thumbnailUrl\":\"https:\/\/savio.it\/wp-content\/uploads\/2021\/09\/877_801-5.jpg\",\"datePublished\":\"2021-10-04T07:10:14+00:00\",\"dateModified\":\"2026-01-17T05:23:11+00:00\",\"description\":\"Senkrechte Schubstangen f\u00fcr T\u00fcren\",\"breadcrumb\":{\"@id\":\"https:\/\/savio.it\/de\/prodotto\/877-806\/#breadcrumb\"},\"inLanguage\":\"de\",\"potentialAction\":[{\"@type\":\"ReadAction\",\"target\":[\"https:\/\/savio.it\/de\/prodotto\/877-806\/\"]}]},{\"@type\":\"ImageObject\",\"inLanguage\":\"de\",\"@id\":\"https:\/\/savio.it\/de\/prodotto\/877-806\/#primaryimage\",\"url\":\"https:\/\/savio.it\/wp-content\/uploads\/2021\/09\/877_801-5.jpg\",\"contentUrl\":\"https:\/\/savio.it\/wp-content\/uploads\/2021\/09\/877_801-5.jpg\",\"width\":229,\"height\":229},{\"@type\":\"BreadcrumbList\",\"@id\":\"https:\/\/savio.it\/de\/prodotto\/877-806\/#breadcrumb\",\"itemListElement\":[{\"@type\":\"ListItem\",\"position\":1,\"name\":\"Home\",\"item\":\"https:\/\/savio.it\/de\/\"},{\"@type\":\"ListItem\",\"position\":2,\"name\":\"Produkte\",\"item\":\"https:\/\/savio.it\/de\/prodotti\/\"},{\"@type\":\"ListItem\",\"position\":3,\"name\":\"877.806\"}]},{\"@type\":\"WebSite\",\"@id\":\"https:\/\/savio.it\/de\/#website\",\"url\":\"https:\/\/savio.it\/de\/\",\"name\":\"SAVIO\",\"description\":\"Open mind for closing system\",\"publisher\":{\"@id\":\"https:\/\/savio.it\/de\/#organization\"},\"potentialAction\":[{\"@type\":\"SearchAction\",\"target\":{\"@type\":\"EntryPoint\",\"urlTemplate\":\"https:\/\/savio.it\/de\/?s={search_term_string}\"},\"query-input\":{\"@type\":\"PropertyValueSpecification\",\"valueRequired\":true,\"valueName\":\"search_term_string\"}}],\"inLanguage\":\"de\"},{\"@type\":\"Organization\",\"@id\":\"https:\/\/savio.it\/de\/#organization\",\"name\":\"SAVIO\",\"url\":\"https:\/\/savio.it\/de\/\",\"logo\":{\"@type\":\"ImageObject\",\"inLanguage\":\"de\",\"@id\":\"https:\/\/savio.it\/de\/#\/schema\/logo\/image\/\",\"url\":\"https:\/\/savio.it\/wp-content\/uploads\/2021\/09\/cropped-Savio-logo.png\",\"contentUrl\":\"https:\/\/savio.it\/wp-content\/uploads\/2021\/09\/cropped-Savio-logo.png\",\"width\":243,\"height\":64,\"caption\":\"SAVIO\"},\"image\":{\"@id\":\"https:\/\/savio.it\/de\/#\/schema\/logo\/image\/\"}}]}<\/script>\n<!-- \/ Yoast SEO plugin. -->","yoast_head_json":{"title":"877.806","description":"Senkrechte Schubstangen f\u00fcr T\u00fcren","robots":{"index":"index","follow":"follow","max-snippet":"max-snippet:-1","max-image-preview":"max-image-preview:large","max-video-preview":"max-video-preview:-1"},"canonical":"https:\/\/savio.it\/de\/prodotto\/877-806\/","og_locale":"de_DE","og_type":"article","og_title":"877.806","og_description":"Senkrechte Schubstangen f\u00fcr T\u00fcren","og_url":"https:\/\/savio.it\/de\/prodotto\/877-806\/","og_site_name":"SAVIO","article_modified_time":"2026-01-17T05:23:11+00:00","og_image":[{"width":229,"height":229,"url":"https:\/\/savio.it\/wp-content\/uploads\/2021\/09\/877_801-5.jpg","type":"image\/jpeg"}],"twitter_card":"summary_large_image","twitter_misc":{"Gesch\u00e4tzte Lesezeit":"4\u00a0Minuten"},"schema":{"@context":"https:\/\/schema.org","@graph":[{"@type":"WebPage","@id":"https:\/\/savio.it\/de\/prodotto\/877-806\/","url":"https:\/\/savio.it\/de\/prodotto\/877-806\/","name":"877.806","isPartOf":{"@id":"https:\/\/savio.it\/de\/#website"},"primaryImageOfPage":{"@id":"https:\/\/savio.it\/de\/prodotto\/877-806\/#primaryimage"},"image":{"@id":"https:\/\/savio.it\/de\/prodotto\/877-806\/#primaryimage"},"thumbnailUrl":"https:\/\/savio.it\/wp-content\/uploads\/2021\/09\/877_801-5.jpg","datePublished":"2021-10-04T07:10:14+00:00","dateModified":"2026-01-17T05:23:11+00:00","description":"Senkrechte Schubstangen f\u00fcr T\u00fcren","breadcrumb":{"@id":"https:\/\/savio.it\/de\/prodotto\/877-806\/#breadcrumb"},"inLanguage":"de","potentialAction":[{"@type":"ReadAction","target":["https:\/\/savio.it\/de\/prodotto\/877-806\/"]}]},{"@type":"ImageObject","inLanguage":"de","@id":"https:\/\/savio.it\/de\/prodotto\/877-806\/#primaryimage","url":"https:\/\/savio.it\/wp-content\/uploads\/2021\/09\/877_801-5.jpg","contentUrl":"https:\/\/savio.it\/wp-content\/uploads\/2021\/09\/877_801-5.jpg","width":229,"height":229},{"@type":"BreadcrumbList","@id":"https:\/\/savio.it\/de\/prodotto\/877-806\/#breadcrumb","itemListElement":[{"@type":"ListItem","position":1,"name":"Home","item":"https:\/\/savio.it\/de\/"},{"@type":"ListItem","position":2,"name":"Produkte","item":"https:\/\/savio.it\/de\/prodotti\/"},{"@type":"ListItem","position":3,"name":"877.806"}]},{"@type":"WebSite","@id":"https:\/\/savio.it\/de\/#website","url":"https:\/\/savio.it\/de\/","name":"SAVIO","description":"Open mind for closing system","publisher":{"@id":"https:\/\/savio.it\/de\/#organization"},"potentialAction":[{"@type":"SearchAction","target":{"@type":"EntryPoint","urlTemplate":"https:\/\/savio.it\/de\/?s={search_term_string}"},"query-input":{"@type":"PropertyValueSpecification","valueRequired":true,"valueName":"search_term_string"}}],"inLanguage":"de"},{"@type":"Organization","@id":"https:\/\/savio.it\/de\/#organization","name":"SAVIO","url":"https:\/\/savio.it\/de\/","logo":{"@type":"ImageObject","inLanguage":"de","@id":"https:\/\/savio.it\/de\/#\/schema\/logo\/image\/","url":"https:\/\/savio.it\/wp-content\/uploads\/2021\/09\/cropped-Savio-logo.png","contentUrl":"https:\/\/savio.it\/wp-content\/uploads\/2021\/09\/cropped-Savio-logo.png","width":243,"height":64,"caption":"SAVIO"},"image":{"@id":"https:\/\/savio.it\/de\/#\/schema\/logo\/image\/"}}]}},"uagb_featured_image_src":{"full":["https:\/\/savio.it\/wp-content\/uploads\/2021\/09\/877_801-5.jpg",229,229,false],"thumbnail":["https:\/\/savio.it\/wp-content\/uploads\/2021\/09\/877_801-5-150x150.jpg",150,150,true],"medium":["https:\/\/savio.it\/wp-content\/uploads\/2021\/09\/877_801-5.jpg",229,229,false],"medium_large":["https:\/\/savio.it\/wp-content\/uploads\/2021\/09\/877_801-5.jpg",229,229,false],"large":["https:\/\/savio.it\/wp-content\/uploads\/2021\/09\/877_801-5.jpg",229,229,false],"gs-tiny":["https:\/\/savio.it\/wp-content\/uploads\/2021\/09\/877_801-5.jpg",50,50,false],"xl":["https:\/\/savio.it\/wp-content\/uploads\/2021\/09\/877_801-5.jpg",229,229,false],"xxl":["https:\/\/savio.it\/wp-content\/uploads\/2021\/09\/877_801-5.jpg",229,229,false],"xxxl":["https:\/\/savio.it\/wp-content\/uploads\/2021\/09\/877_801-5.jpg",229,229,false],"xxxxl":["https:\/\/savio.it\/wp-content\/uploads\/2021\/09\/877_801-5.jpg",229,229,false],"xxxxxl":["https:\/\/savio.it\/wp-content\/uploads\/2021\/09\/877_801-5.jpg",229,229,false],"1536x1536":["https:\/\/savio.it\/wp-content\/uploads\/2021\/09\/877_801-5.jpg",229,229,false],"2048x2048":["https:\/\/savio.it\/wp-content\/uploads\/2021\/09\/877_801-5.jpg",229,229,false],"woocommerce_thumbnail":["https:\/\/savio.it\/wp-content\/uploads\/2021\/09\/877_801-5.jpg",229,229,false],"woocommerce_single":["https:\/\/savio.it\/wp-content\/uploads\/2021\/09\/877_801-5.jpg",229,229,false],"woocommerce_gallery_thumbnail":["https:\/\/savio.it\/wp-content\/uploads\/2021\/09\/877_801-5-200x200.jpg",200,200,true]},"uagb_author_info":{"display_name":"admin_news","author_link":"https:\/\/savio.it\/de\/author\/"},"uagb_comment_info":0,"uagb_excerpt":"Senkrechte Schubstangen f\u00fcr T\u00fcren","_links":{"self":[{"href":"https:\/\/savio.it\/de\/wp-json\/wp\/v2\/product\/30944","targetHints":{"allow":["GET"]}}],"collection":[{"href":"https:\/\/savio.it\/de\/wp-json\/wp\/v2\/product"}],"about":[{"href":"https:\/\/savio.it\/de\/wp-json\/wp\/v2\/types\/product"}],"replies":[{"embeddable":true,"href":"https:\/\/savio.it\/de\/wp-json\/wp\/v2\/comments?post=30944"}],"wp:featuredmedia":[{"embeddable":true,"href":"https:\/\/savio.it\/de\/wp-json\/wp\/v2\/media\/14095"}],"wp:attachment":[{"href":"https:\/\/savio.it\/de\/wp-json\/wp\/v2\/media?parent=30944"}],"wp:term":[{"taxonomy":"product_brand","embeddable":true,"href":"https:\/\/savio.it\/de\/wp-json\/wp\/v2\/product_brand?post=30944"},{"taxonomy":"product_cat","embeddable":true,"href":"https:\/\/savio.it\/de\/wp-json\/wp\/v2\/product_cat?post=30944"},{"taxonomy":"product_tag","embeddable":true,"href":"https:\/\/savio.it\/de\/wp-json\/wp\/v2\/product_tag?post=30944"},{"taxonomy":"profilo","embeddable":true,"href":"https:\/\/savio.it\/de\/wp-json\/wp\/v2\/profilo?post=30944"},{"taxonomy":"finiture","embeddable":true,"href":"https:\/\/savio.it\/de\/wp-json\/wp\/v2\/finiture?post=30944"},{"taxonomy":"gruppo_anta","embeddable":true,"href":"https:\/\/savio.it\/de\/wp-json\/wp\/v2\/gruppo_anta?post=30944"}],"curies":[{"name":"wp","href":"https:\/\/api.w.org\/{rel}","templated":true}]}}