{"id":31010,"date":"2021-09-30T12:34:07","date_gmt":"2021-10-04T07:11:15","guid":{"rendered":"https:\/\/savio.ne-ws.it\/prodotto\/1466-1\/"},"modified":"2026-01-18T01:21:40","modified_gmt":"2026-01-18T01:21:40","slug":"1466-1","status":"publish","type":"product","link":"https:\/\/savio.it\/de\/prodotto\/1466-1\/","title":{"rendered":"1466.1"},"content":{"rendered":"<p>Riegelschieber zwischen-oder endst\u00e4ndig aus schwarz verzinktem Zink-Druck Gu\u00df, 1 Abdeckkappe aus Polyurethan und 2 Buchsen \u00d8 6-\u00d8 8 aus Nylon.<\/p>\n","protected":false},"excerpt":{"rendered":"<p>Riegelschieber zwischen-oder endst\u00e4ndig<\/p>\n","protected":false},"featured_media":14557,"comment_status":"closed","ping_status":"closed","template":"","meta":{"_acf_changed":false,"_uag_custom_page_level_css":""},"product_brand":[],"product_cat":[12584],"product_tag":[13130],"profilo":[12001,12391,12392,12250,12241,12243,12244,12415,12414,12352,11956,11958,11963,11959,11964,12145,12194,12195,12017,12326,12327,12329,12342,12331,12084,12374],"finiture":[],"gruppo_anta":[],"class_list":{"0":"post-31010","1":"product","2":"type-product","3":"status-publish","4":"has-post-thumbnail","6":"product_cat-cremonesi-martelline-e-accessori-per-anta","7":"product_tag-updated-de","8":"profilo-all-co-5-sormonto","9":"profilo-atlantis-40","10":"profilo-atlantis-40-persiana","11":"profilo-ekip-40-nuovo-sormonto","12":"profilo-ekip-40-sormonto","13":"profilo-ekip-50-sormonto","14":"profilo-ekip-ev-sormonto","15":"profilo-et-43-sormonto","16":"profilo-et-43-sormonto-raggiato","17":"profilo-eta","18":"profilo-global-41","19":"profilo-global-48","20":"profilo-global-50-tt","21":"profilo-global-70-tt","22":"profilo-global-78-blindato","23":"profilo-k-80","24":"profilo-nc-40-n-sormonto","25":"profilo-nc-40-n-sormonto-raggiato","26":"profilo-new-age","27":"profilo-pe-40","28":"profilo-pe-40-raggiato","29":"profilo-pe-50","30":"profilo-pe-50-raggiato","31":"profilo-pe-58-tt-sormonto","32":"profilo-prestige-48","33":"profilo-schuco-international","34":"description-off","36":"first","37":"onbackorder","38":"product-type-simple"},"acf":[],"yoast_head":"<!-- This site is optimized with the Yoast SEO plugin v27.2 - https:\/\/yoast.com\/product\/yoast-seo-wordpress\/ -->\n<title>1466.1<\/title>\n<meta name=\"description\" content=\"Riegelschieber zwischen-oder endst\u00e4ndig\" \/>\n<meta name=\"robots\" content=\"index, follow, max-snippet:-1, max-image-preview:large, max-video-preview:-1\" \/>\n<link rel=\"canonical\" href=\"https:\/\/savio.it\/de\/prodotto\/1466-1\/\" \/>\n<meta property=\"og:locale\" content=\"de_DE\" \/>\n<meta property=\"og:type\" content=\"article\" \/>\n<meta property=\"og:title\" content=\"1466.1\" \/>\n<meta property=\"og:description\" content=\"Riegelschieber zwischen-oder endst\u00e4ndig\" \/>\n<meta property=\"og:url\" content=\"https:\/\/savio.it\/de\/prodotto\/1466-1\/\" \/>\n<meta property=\"og:site_name\" content=\"SAVIO\" \/>\n<meta property=\"article:modified_time\" content=\"2026-01-18T01:21:40+00:00\" \/>\n<meta property=\"og:image\" content=\"https:\/\/savio.it\/wp-content\/uploads\/2021\/09\/1466-3.jpg\" \/>\n\t<meta property=\"og:image:width\" content=\"229\" \/>\n\t<meta property=\"og:image:height\" content=\"229\" \/>\n\t<meta property=\"og:image:type\" content=\"image\/jpeg\" \/>\n<meta name=\"twitter:card\" content=\"summary_large_image\" \/>\n<meta name=\"twitter:label1\" content=\"Gesch\u00e4tzte Lesezeit\" \/>\n\t<meta name=\"twitter:data1\" content=\"4\u00a0Minuten\" \/>\n<script type=\"application\/ld+json\" class=\"yoast-schema-graph\">{\"@context\":\"https:\/\/schema.org\",\"@graph\":[{\"@type\":\"WebPage\",\"@id\":\"https:\/\/savio.it\/de\/prodotto\/1466-1\/\",\"url\":\"https:\/\/savio.it\/de\/prodotto\/1466-1\/\",\"name\":\"1466.1\",\"isPartOf\":{\"@id\":\"https:\/\/savio.it\/de\/#website\"},\"primaryImageOfPage\":{\"@id\":\"https:\/\/savio.it\/de\/prodotto\/1466-1\/#primaryimage\"},\"image\":{\"@id\":\"https:\/\/savio.it\/de\/prodotto\/1466-1\/#primaryimage\"},\"thumbnailUrl\":\"https:\/\/savio.it\/wp-content\/uploads\/2021\/09\/1466-3.jpg\",\"datePublished\":\"2021-10-04T07:11:15+00:00\",\"dateModified\":\"2026-01-18T01:21:40+00:00\",\"description\":\"Riegelschieber zwischen-oder endst\u00e4ndig\",\"breadcrumb\":{\"@id\":\"https:\/\/savio.it\/de\/prodotto\/1466-1\/#breadcrumb\"},\"inLanguage\":\"de\",\"potentialAction\":[{\"@type\":\"ReadAction\",\"target\":[\"https:\/\/savio.it\/de\/prodotto\/1466-1\/\"]}]},{\"@type\":\"ImageObject\",\"inLanguage\":\"de\",\"@id\":\"https:\/\/savio.it\/de\/prodotto\/1466-1\/#primaryimage\",\"url\":\"https:\/\/savio.it\/wp-content\/uploads\/2021\/09\/1466-3.jpg\",\"contentUrl\":\"https:\/\/savio.it\/wp-content\/uploads\/2021\/09\/1466-3.jpg\",\"width\":229,\"height\":229},{\"@type\":\"BreadcrumbList\",\"@id\":\"https:\/\/savio.it\/de\/prodotto\/1466-1\/#breadcrumb\",\"itemListElement\":[{\"@type\":\"ListItem\",\"position\":1,\"name\":\"Home\",\"item\":\"https:\/\/savio.it\/de\/\"},{\"@type\":\"ListItem\",\"position\":2,\"name\":\"Produkte\",\"item\":\"https:\/\/savio.it\/de\/prodotti\/\"},{\"@type\":\"ListItem\",\"position\":3,\"name\":\"1466.1\"}]},{\"@type\":\"WebSite\",\"@id\":\"https:\/\/savio.it\/de\/#website\",\"url\":\"https:\/\/savio.it\/de\/\",\"name\":\"SAVIO\",\"description\":\"Open mind for closing system\",\"publisher\":{\"@id\":\"https:\/\/savio.it\/de\/#organization\"},\"potentialAction\":[{\"@type\":\"SearchAction\",\"target\":{\"@type\":\"EntryPoint\",\"urlTemplate\":\"https:\/\/savio.it\/de\/?s={search_term_string}\"},\"query-input\":{\"@type\":\"PropertyValueSpecification\",\"valueRequired\":true,\"valueName\":\"search_term_string\"}}],\"inLanguage\":\"de\"},{\"@type\":\"Organization\",\"@id\":\"https:\/\/savio.it\/de\/#organization\",\"name\":\"SAVIO\",\"url\":\"https:\/\/savio.it\/de\/\",\"logo\":{\"@type\":\"ImageObject\",\"inLanguage\":\"de\",\"@id\":\"https:\/\/savio.it\/de\/#\/schema\/logo\/image\/\",\"url\":\"https:\/\/savio.it\/wp-content\/uploads\/2021\/09\/cropped-Savio-logo.png\",\"contentUrl\":\"https:\/\/savio.it\/wp-content\/uploads\/2021\/09\/cropped-Savio-logo.png\",\"width\":243,\"height\":64,\"caption\":\"SAVIO\"},\"image\":{\"@id\":\"https:\/\/savio.it\/de\/#\/schema\/logo\/image\/\"}}]}<\/script>\n<!-- \/ Yoast SEO plugin. -->","yoast_head_json":{"title":"1466.1","description":"Riegelschieber zwischen-oder endst\u00e4ndig","robots":{"index":"index","follow":"follow","max-snippet":"max-snippet:-1","max-image-preview":"max-image-preview:large","max-video-preview":"max-video-preview:-1"},"canonical":"https:\/\/savio.it\/de\/prodotto\/1466-1\/","og_locale":"de_DE","og_type":"article","og_title":"1466.1","og_description":"Riegelschieber zwischen-oder endst\u00e4ndig","og_url":"https:\/\/savio.it\/de\/prodotto\/1466-1\/","og_site_name":"SAVIO","article_modified_time":"2026-01-18T01:21:40+00:00","og_image":[{"width":229,"height":229,"url":"https:\/\/savio.it\/wp-content\/uploads\/2021\/09\/1466-3.jpg","type":"image\/jpeg"}],"twitter_card":"summary_large_image","twitter_misc":{"Gesch\u00e4tzte Lesezeit":"4\u00a0Minuten"},"schema":{"@context":"https:\/\/schema.org","@graph":[{"@type":"WebPage","@id":"https:\/\/savio.it\/de\/prodotto\/1466-1\/","url":"https:\/\/savio.it\/de\/prodotto\/1466-1\/","name":"1466.1","isPartOf":{"@id":"https:\/\/savio.it\/de\/#website"},"primaryImageOfPage":{"@id":"https:\/\/savio.it\/de\/prodotto\/1466-1\/#primaryimage"},"image":{"@id":"https:\/\/savio.it\/de\/prodotto\/1466-1\/#primaryimage"},"thumbnailUrl":"https:\/\/savio.it\/wp-content\/uploads\/2021\/09\/1466-3.jpg","datePublished":"2021-10-04T07:11:15+00:00","dateModified":"2026-01-18T01:21:40+00:00","description":"Riegelschieber zwischen-oder endst\u00e4ndig","breadcrumb":{"@id":"https:\/\/savio.it\/de\/prodotto\/1466-1\/#breadcrumb"},"inLanguage":"de","potentialAction":[{"@type":"ReadAction","target":["https:\/\/savio.it\/de\/prodotto\/1466-1\/"]}]},{"@type":"ImageObject","inLanguage":"de","@id":"https:\/\/savio.it\/de\/prodotto\/1466-1\/#primaryimage","url":"https:\/\/savio.it\/wp-content\/uploads\/2021\/09\/1466-3.jpg","contentUrl":"https:\/\/savio.it\/wp-content\/uploads\/2021\/09\/1466-3.jpg","width":229,"height":229},{"@type":"BreadcrumbList","@id":"https:\/\/savio.it\/de\/prodotto\/1466-1\/#breadcrumb","itemListElement":[{"@type":"ListItem","position":1,"name":"Home","item":"https:\/\/savio.it\/de\/"},{"@type":"ListItem","position":2,"name":"Produkte","item":"https:\/\/savio.it\/de\/prodotti\/"},{"@type":"ListItem","position":3,"name":"1466.1"}]},{"@type":"WebSite","@id":"https:\/\/savio.it\/de\/#website","url":"https:\/\/savio.it\/de\/","name":"SAVIO","description":"Open mind for closing system","publisher":{"@id":"https:\/\/savio.it\/de\/#organization"},"potentialAction":[{"@type":"SearchAction","target":{"@type":"EntryPoint","urlTemplate":"https:\/\/savio.it\/de\/?s={search_term_string}"},"query-input":{"@type":"PropertyValueSpecification","valueRequired":true,"valueName":"search_term_string"}}],"inLanguage":"de"},{"@type":"Organization","@id":"https:\/\/savio.it\/de\/#organization","name":"SAVIO","url":"https:\/\/savio.it\/de\/","logo":{"@type":"ImageObject","inLanguage":"de","@id":"https:\/\/savio.it\/de\/#\/schema\/logo\/image\/","url":"https:\/\/savio.it\/wp-content\/uploads\/2021\/09\/cropped-Savio-logo.png","contentUrl":"https:\/\/savio.it\/wp-content\/uploads\/2021\/09\/cropped-Savio-logo.png","width":243,"height":64,"caption":"SAVIO"},"image":{"@id":"https:\/\/savio.it\/de\/#\/schema\/logo\/image\/"}}]}},"uagb_featured_image_src":{"full":["https:\/\/savio.it\/wp-content\/uploads\/2021\/09\/1466-3.jpg",229,229,false],"thumbnail":["https:\/\/savio.it\/wp-content\/uploads\/2021\/09\/1466-3-150x150.jpg",150,150,true],"medium":["https:\/\/savio.it\/wp-content\/uploads\/2021\/09\/1466-3.jpg",229,229,false],"medium_large":["https:\/\/savio.it\/wp-content\/uploads\/2021\/09\/1466-3.jpg",229,229,false],"large":["https:\/\/savio.it\/wp-content\/uploads\/2021\/09\/1466-3.jpg",229,229,false],"gs-tiny":["https:\/\/savio.it\/wp-content\/uploads\/2021\/09\/1466-3.jpg",50,50,false],"xl":["https:\/\/savio.it\/wp-content\/uploads\/2021\/09\/1466-3.jpg",229,229,false],"xxl":["https:\/\/savio.it\/wp-content\/uploads\/2021\/09\/1466-3.jpg",229,229,false],"xxxl":["https:\/\/savio.it\/wp-content\/uploads\/2021\/09\/1466-3.jpg",229,229,false],"xxxxl":["https:\/\/savio.it\/wp-content\/uploads\/2021\/09\/1466-3.jpg",229,229,false],"xxxxxl":["https:\/\/savio.it\/wp-content\/uploads\/2021\/09\/1466-3.jpg",229,229,false],"1536x1536":["https:\/\/savio.it\/wp-content\/uploads\/2021\/09\/1466-3.jpg",229,229,false],"2048x2048":["https:\/\/savio.it\/wp-content\/uploads\/2021\/09\/1466-3.jpg",229,229,false],"woocommerce_thumbnail":["https:\/\/savio.it\/wp-content\/uploads\/2021\/09\/1466-3.jpg",229,229,false],"woocommerce_single":["https:\/\/savio.it\/wp-content\/uploads\/2021\/09\/1466-3.jpg",229,229,false],"woocommerce_gallery_thumbnail":["https:\/\/savio.it\/wp-content\/uploads\/2021\/09\/1466-3-200x200.jpg",200,200,true]},"uagb_author_info":{"display_name":"admin_news","author_link":"https:\/\/savio.it\/de\/author\/"},"uagb_comment_info":0,"uagb_excerpt":"Riegelschieber zwischen-oder endst\u00e4ndig","_links":{"self":[{"href":"https:\/\/savio.it\/de\/wp-json\/wp\/v2\/product\/31010","targetHints":{"allow":["GET"]}}],"collection":[{"href":"https:\/\/savio.it\/de\/wp-json\/wp\/v2\/product"}],"about":[{"href":"https:\/\/savio.it\/de\/wp-json\/wp\/v2\/types\/product"}],"replies":[{"embeddable":true,"href":"https:\/\/savio.it\/de\/wp-json\/wp\/v2\/comments?post=31010"}],"wp:featuredmedia":[{"embeddable":true,"href":"https:\/\/savio.it\/de\/wp-json\/wp\/v2\/media\/14557"}],"wp:attachment":[{"href":"https:\/\/savio.it\/de\/wp-json\/wp\/v2\/media?parent=31010"}],"wp:term":[{"taxonomy":"product_brand","embeddable":true,"href":"https:\/\/savio.it\/de\/wp-json\/wp\/v2\/product_brand?post=31010"},{"taxonomy":"product_cat","embeddable":true,"href":"https:\/\/savio.it\/de\/wp-json\/wp\/v2\/product_cat?post=31010"},{"taxonomy":"product_tag","embeddable":true,"href":"https:\/\/savio.it\/de\/wp-json\/wp\/v2\/product_tag?post=31010"},{"taxonomy":"profilo","embeddable":true,"href":"https:\/\/savio.it\/de\/wp-json\/wp\/v2\/profilo?post=31010"},{"taxonomy":"finiture","embeddable":true,"href":"https:\/\/savio.it\/de\/wp-json\/wp\/v2\/finiture?post=31010"},{"taxonomy":"gruppo_anta","embeddable":true,"href":"https:\/\/savio.it\/de\/wp-json\/wp\/v2\/gruppo_anta?post=31010"}],"curies":[{"name":"wp","href":"https:\/\/api.w.org\/{rel}","templated":true}]}}