{"id":31252,"date":"2021-09-30T12:37:12","date_gmt":"2021-10-04T07:14:37","guid":{"rendered":"https:\/\/savio.ne-ws.it\/prodotto\/1145-803\/"},"modified":"2024-06-28T10:43:35","modified_gmt":"2024-06-28T10:43:35","slug":"1145-803","status":"publish","type":"product","link":"https:\/\/savio.it\/de\/prodotto\/1145-803\/","title":{"rendered":"1145.803"},"content":{"rendered":"<p>Distanzh\u00fclse aus verzinktem Stahl f\u00fcr w\u00e4rmeged\u00e4mmte Profile (28 bis 35 mm) und 1 Befestigungschraube M 8&#215;65.<\/p>\n","protected":false},"excerpt":{"rendered":"<p>Distanzh\u00fclse f\u00fcr w\u00e4rmeged\u00e4mmte Profile (28-35 mm)<\/p>\n","protected":false},"featured_media":16251,"comment_status":"closed","ping_status":"closed","template":"","meta":{"_acf_changed":false,"_uag_custom_page_level_css":""},"product_brand":[],"product_cat":[12585],"product_tag":[13130],"profilo":[11995,12121,12141,12347,12335,12348,12413,12102,12020,12468,12256,12189,12308,12310,12273,12281,11974,12085,12380,12377,12378,12086,12359,12307],"finiture":[],"gruppo_anta":[],"class_list":{"0":"post-31252","1":"product","2":"type-product","3":"status-publish","4":"has-post-thumbnail","6":"product_cat-cerniere-cerniere-pesanti-e-cerniere-per-vasistas","7":"product_tag-updated-de","8":"profilo-alfil-a54rpt","9":"profilo-domal-bright-pa-70-s-porte","10":"profilo-domal-top-tb-65-porte","11":"profilo-eku-62-tt","12":"profilo-eku-72-tt-porte","13":"profilo-eku-78-tt","14":"profilo-etnall","15":"profilo-export-50-t-porte","16":"profilo-export-50-tt-porte","17":"profilo-hp-600","18":"profilo-maastricht-th-68-porte","19":"profilo-mx-70-porte","20":"profilo-new-tec-65","21":"profilo-new-tec-65-porte","22":"profilo-new-tec-68-tt","23":"profilo-new-tec-68-tt-porte","24":"profilo-planet-72-ht","25":"profilo-prestige-73-tt","26":"profilo-royal-s-65-ak-porte","27":"profilo-royal-s-65-porte","28":"profilo-royal-s-70-hi-porte","29":"profilo-slim-70-tt","30":"profilo-start-640-tt","31":"profilo-windstop-65-tt-porte","32":"description-off","34":"first","35":"onbackorder","36":"product-type-simple"},"acf":[],"yoast_head":"<!-- This site is optimized with the Yoast SEO plugin v27.2 - https:\/\/yoast.com\/product\/yoast-seo-wordpress\/ -->\n<title>1145.803<\/title>\n<meta name=\"description\" content=\"Distanzh\u00fclse f\u00fcr w\u00e4rmeged\u00e4mmte Profile (28-35 mm)\" \/>\n<meta name=\"robots\" content=\"index, follow, max-snippet:-1, max-image-preview:large, max-video-preview:-1\" \/>\n<link rel=\"canonical\" href=\"https:\/\/savio.it\/de\/prodotto\/1145-803\/\" \/>\n<meta property=\"og:locale\" content=\"de_DE\" \/>\n<meta property=\"og:type\" content=\"article\" \/>\n<meta property=\"og:title\" content=\"1145.803\" \/>\n<meta property=\"og:description\" content=\"Distanzh\u00fclse f\u00fcr w\u00e4rmeged\u00e4mmte Profile (28-35 mm)\" \/>\n<meta property=\"og:url\" content=\"https:\/\/savio.it\/de\/prodotto\/1145-803\/\" \/>\n<meta property=\"og:site_name\" content=\"SAVIO\" \/>\n<meta property=\"article:modified_time\" content=\"2024-06-28T10:43:35+00:00\" \/>\n<meta property=\"og:image\" content=\"https:\/\/savio.it\/wp-content\/uploads\/2021\/09\/1145_801-10.jpg\" \/>\n\t<meta property=\"og:image:width\" content=\"229\" \/>\n\t<meta property=\"og:image:height\" content=\"229\" \/>\n\t<meta property=\"og:image:type\" content=\"image\/jpeg\" \/>\n<meta name=\"twitter:card\" content=\"summary_large_image\" \/>\n<meta name=\"twitter:label1\" content=\"Gesch\u00e4tzte Lesezeit\" \/>\n\t<meta name=\"twitter:data1\" content=\"4\u00a0Minuten\" \/>\n<script type=\"application\/ld+json\" class=\"yoast-schema-graph\">{\"@context\":\"https:\/\/schema.org\",\"@graph\":[{\"@type\":\"WebPage\",\"@id\":\"https:\/\/savio.it\/de\/prodotto\/1145-803\/\",\"url\":\"https:\/\/savio.it\/de\/prodotto\/1145-803\/\",\"name\":\"1145.803\",\"isPartOf\":{\"@id\":\"https:\/\/savio.it\/de\/#website\"},\"primaryImageOfPage\":{\"@id\":\"https:\/\/savio.it\/de\/prodotto\/1145-803\/#primaryimage\"},\"image\":{\"@id\":\"https:\/\/savio.it\/de\/prodotto\/1145-803\/#primaryimage\"},\"thumbnailUrl\":\"https:\/\/savio.it\/wp-content\/uploads\/2021\/09\/1145_801-10.jpg\",\"datePublished\":\"2021-10-04T07:14:37+00:00\",\"dateModified\":\"2024-06-28T10:43:35+00:00\",\"description\":\"Distanzh\u00fclse f\u00fcr w\u00e4rmeged\u00e4mmte Profile (28-35 mm)\",\"breadcrumb\":{\"@id\":\"https:\/\/savio.it\/de\/prodotto\/1145-803\/#breadcrumb\"},\"inLanguage\":\"de\",\"potentialAction\":[{\"@type\":\"ReadAction\",\"target\":[\"https:\/\/savio.it\/de\/prodotto\/1145-803\/\"]}]},{\"@type\":\"ImageObject\",\"inLanguage\":\"de\",\"@id\":\"https:\/\/savio.it\/de\/prodotto\/1145-803\/#primaryimage\",\"url\":\"https:\/\/savio.it\/wp-content\/uploads\/2021\/09\/1145_801-10.jpg\",\"contentUrl\":\"https:\/\/savio.it\/wp-content\/uploads\/2021\/09\/1145_801-10.jpg\",\"width\":229,\"height\":229},{\"@type\":\"BreadcrumbList\",\"@id\":\"https:\/\/savio.it\/de\/prodotto\/1145-803\/#breadcrumb\",\"itemListElement\":[{\"@type\":\"ListItem\",\"position\":1,\"name\":\"Home\",\"item\":\"https:\/\/savio.it\/de\/\"},{\"@type\":\"ListItem\",\"position\":2,\"name\":\"Produkte\",\"item\":\"https:\/\/savio.it\/de\/prodotti\/\"},{\"@type\":\"ListItem\",\"position\":3,\"name\":\"1145.803\"}]},{\"@type\":\"WebSite\",\"@id\":\"https:\/\/savio.it\/de\/#website\",\"url\":\"https:\/\/savio.it\/de\/\",\"name\":\"SAVIO\",\"description\":\"Open mind for closing system\",\"publisher\":{\"@id\":\"https:\/\/savio.it\/de\/#organization\"},\"potentialAction\":[{\"@type\":\"SearchAction\",\"target\":{\"@type\":\"EntryPoint\",\"urlTemplate\":\"https:\/\/savio.it\/de\/?s={search_term_string}\"},\"query-input\":{\"@type\":\"PropertyValueSpecification\",\"valueRequired\":true,\"valueName\":\"search_term_string\"}}],\"inLanguage\":\"de\"},{\"@type\":\"Organization\",\"@id\":\"https:\/\/savio.it\/de\/#organization\",\"name\":\"SAVIO\",\"url\":\"https:\/\/savio.it\/de\/\",\"logo\":{\"@type\":\"ImageObject\",\"inLanguage\":\"de\",\"@id\":\"https:\/\/savio.it\/de\/#\/schema\/logo\/image\/\",\"url\":\"https:\/\/savio.it\/wp-content\/uploads\/2021\/09\/cropped-Savio-logo.png\",\"contentUrl\":\"https:\/\/savio.it\/wp-content\/uploads\/2021\/09\/cropped-Savio-logo.png\",\"width\":243,\"height\":64,\"caption\":\"SAVIO\"},\"image\":{\"@id\":\"https:\/\/savio.it\/de\/#\/schema\/logo\/image\/\"}}]}<\/script>\n<!-- \/ Yoast SEO plugin. -->","yoast_head_json":{"title":"1145.803","description":"Distanzh\u00fclse f\u00fcr w\u00e4rmeged\u00e4mmte Profile (28-35 mm)","robots":{"index":"index","follow":"follow","max-snippet":"max-snippet:-1","max-image-preview":"max-image-preview:large","max-video-preview":"max-video-preview:-1"},"canonical":"https:\/\/savio.it\/de\/prodotto\/1145-803\/","og_locale":"de_DE","og_type":"article","og_title":"1145.803","og_description":"Distanzh\u00fclse f\u00fcr w\u00e4rmeged\u00e4mmte Profile (28-35 mm)","og_url":"https:\/\/savio.it\/de\/prodotto\/1145-803\/","og_site_name":"SAVIO","article_modified_time":"2024-06-28T10:43:35+00:00","og_image":[{"width":229,"height":229,"url":"https:\/\/savio.it\/wp-content\/uploads\/2021\/09\/1145_801-10.jpg","type":"image\/jpeg"}],"twitter_card":"summary_large_image","twitter_misc":{"Gesch\u00e4tzte Lesezeit":"4\u00a0Minuten"},"schema":{"@context":"https:\/\/schema.org","@graph":[{"@type":"WebPage","@id":"https:\/\/savio.it\/de\/prodotto\/1145-803\/","url":"https:\/\/savio.it\/de\/prodotto\/1145-803\/","name":"1145.803","isPartOf":{"@id":"https:\/\/savio.it\/de\/#website"},"primaryImageOfPage":{"@id":"https:\/\/savio.it\/de\/prodotto\/1145-803\/#primaryimage"},"image":{"@id":"https:\/\/savio.it\/de\/prodotto\/1145-803\/#primaryimage"},"thumbnailUrl":"https:\/\/savio.it\/wp-content\/uploads\/2021\/09\/1145_801-10.jpg","datePublished":"2021-10-04T07:14:37+00:00","dateModified":"2024-06-28T10:43:35+00:00","description":"Distanzh\u00fclse f\u00fcr w\u00e4rmeged\u00e4mmte Profile (28-35 mm)","breadcrumb":{"@id":"https:\/\/savio.it\/de\/prodotto\/1145-803\/#breadcrumb"},"inLanguage":"de","potentialAction":[{"@type":"ReadAction","target":["https:\/\/savio.it\/de\/prodotto\/1145-803\/"]}]},{"@type":"ImageObject","inLanguage":"de","@id":"https:\/\/savio.it\/de\/prodotto\/1145-803\/#primaryimage","url":"https:\/\/savio.it\/wp-content\/uploads\/2021\/09\/1145_801-10.jpg","contentUrl":"https:\/\/savio.it\/wp-content\/uploads\/2021\/09\/1145_801-10.jpg","width":229,"height":229},{"@type":"BreadcrumbList","@id":"https:\/\/savio.it\/de\/prodotto\/1145-803\/#breadcrumb","itemListElement":[{"@type":"ListItem","position":1,"name":"Home","item":"https:\/\/savio.it\/de\/"},{"@type":"ListItem","position":2,"name":"Produkte","item":"https:\/\/savio.it\/de\/prodotti\/"},{"@type":"ListItem","position":3,"name":"1145.803"}]},{"@type":"WebSite","@id":"https:\/\/savio.it\/de\/#website","url":"https:\/\/savio.it\/de\/","name":"SAVIO","description":"Open mind for closing system","publisher":{"@id":"https:\/\/savio.it\/de\/#organization"},"potentialAction":[{"@type":"SearchAction","target":{"@type":"EntryPoint","urlTemplate":"https:\/\/savio.it\/de\/?s={search_term_string}"},"query-input":{"@type":"PropertyValueSpecification","valueRequired":true,"valueName":"search_term_string"}}],"inLanguage":"de"},{"@type":"Organization","@id":"https:\/\/savio.it\/de\/#organization","name":"SAVIO","url":"https:\/\/savio.it\/de\/","logo":{"@type":"ImageObject","inLanguage":"de","@id":"https:\/\/savio.it\/de\/#\/schema\/logo\/image\/","url":"https:\/\/savio.it\/wp-content\/uploads\/2021\/09\/cropped-Savio-logo.png","contentUrl":"https:\/\/savio.it\/wp-content\/uploads\/2021\/09\/cropped-Savio-logo.png","width":243,"height":64,"caption":"SAVIO"},"image":{"@id":"https:\/\/savio.it\/de\/#\/schema\/logo\/image\/"}}]}},"uagb_featured_image_src":{"full":["https:\/\/savio.it\/wp-content\/uploads\/2021\/09\/1145_801-10.jpg",229,229,false],"thumbnail":["https:\/\/savio.it\/wp-content\/uploads\/2021\/09\/1145_801-10-150x150.jpg",150,150,true],"medium":["https:\/\/savio.it\/wp-content\/uploads\/2021\/09\/1145_801-10.jpg",229,229,false],"medium_large":["https:\/\/savio.it\/wp-content\/uploads\/2021\/09\/1145_801-10.jpg",229,229,false],"large":["https:\/\/savio.it\/wp-content\/uploads\/2021\/09\/1145_801-10.jpg",229,229,false],"gs-tiny":["https:\/\/savio.it\/wp-content\/uploads\/2021\/09\/1145_801-10.jpg",50,50,false],"xl":["https:\/\/savio.it\/wp-content\/uploads\/2021\/09\/1145_801-10.jpg",229,229,false],"xxl":["https:\/\/savio.it\/wp-content\/uploads\/2021\/09\/1145_801-10.jpg",229,229,false],"xxxl":["https:\/\/savio.it\/wp-content\/uploads\/2021\/09\/1145_801-10.jpg",229,229,false],"xxxxl":["https:\/\/savio.it\/wp-content\/uploads\/2021\/09\/1145_801-10.jpg",229,229,false],"xxxxxl":["https:\/\/savio.it\/wp-content\/uploads\/2021\/09\/1145_801-10.jpg",229,229,false],"1536x1536":["https:\/\/savio.it\/wp-content\/uploads\/2021\/09\/1145_801-10.jpg",229,229,false],"2048x2048":["https:\/\/savio.it\/wp-content\/uploads\/2021\/09\/1145_801-10.jpg",229,229,false],"woocommerce_thumbnail":["https:\/\/savio.it\/wp-content\/uploads\/2021\/09\/1145_801-10.jpg",229,229,false],"woocommerce_single":["https:\/\/savio.it\/wp-content\/uploads\/2021\/09\/1145_801-10.jpg",229,229,false],"woocommerce_gallery_thumbnail":["https:\/\/savio.it\/wp-content\/uploads\/2021\/09\/1145_801-10-200x200.jpg",200,200,true]},"uagb_author_info":{"display_name":"admin_news","author_link":"https:\/\/savio.it\/de\/author\/"},"uagb_comment_info":0,"uagb_excerpt":"Distanzh\u00fclse f\u00fcr w\u00e4rmeged\u00e4mmte Profile (28-35 mm)","_links":{"self":[{"href":"https:\/\/savio.it\/de\/wp-json\/wp\/v2\/product\/31252","targetHints":{"allow":["GET"]}}],"collection":[{"href":"https:\/\/savio.it\/de\/wp-json\/wp\/v2\/product"}],"about":[{"href":"https:\/\/savio.it\/de\/wp-json\/wp\/v2\/types\/product"}],"replies":[{"embeddable":true,"href":"https:\/\/savio.it\/de\/wp-json\/wp\/v2\/comments?post=31252"}],"wp:featuredmedia":[{"embeddable":true,"href":"https:\/\/savio.it\/de\/wp-json\/wp\/v2\/media\/16251"}],"wp:attachment":[{"href":"https:\/\/savio.it\/de\/wp-json\/wp\/v2\/media?parent=31252"}],"wp:term":[{"taxonomy":"product_brand","embeddable":true,"href":"https:\/\/savio.it\/de\/wp-json\/wp\/v2\/product_brand?post=31252"},{"taxonomy":"product_cat","embeddable":true,"href":"https:\/\/savio.it\/de\/wp-json\/wp\/v2\/product_cat?post=31252"},{"taxonomy":"product_tag","embeddable":true,"href":"https:\/\/savio.it\/de\/wp-json\/wp\/v2\/product_tag?post=31252"},{"taxonomy":"profilo","embeddable":true,"href":"https:\/\/savio.it\/de\/wp-json\/wp\/v2\/profilo?post=31252"},{"taxonomy":"finiture","embeddable":true,"href":"https:\/\/savio.it\/de\/wp-json\/wp\/v2\/finiture?post=31252"},{"taxonomy":"gruppo_anta","embeddable":true,"href":"https:\/\/savio.it\/de\/wp-json\/wp\/v2\/gruppo_anta?post=31252"}],"curies":[{"name":"wp","href":"https:\/\/api.w.org\/{rel}","templated":true}]}}