{"id":31302,"date":"2021-09-30T12:37:40","date_gmt":"2021-10-04T07:15:24","guid":{"rendered":"https:\/\/savio.ne-ws.it\/prodotto\/mechanica-1146-3-104\/"},"modified":"2024-06-28T10:41:06","modified_gmt":"2024-06-28T10:41:06","slug":"mechanica-1146-3-104","status":"publish","type":"product","link":"https:\/\/savio.it\/de\/prodotto\/mechanica-1146-3-104\/","title":{"rendered":"MECHANICA &#8211; 1146.3\/104"},"content":{"rendered":"<p>(patentiert) Justierbares T\u00fcrband mit 3 Bandteilen aus Aluminium, Lochabstand 104.5 mm, Drehpunkt 20 mm, Versatz 0 mm, 1 Stift \u00d8 11 mm aus rostfreiem Stahl, vormontiert in Nocken-Gleitbuchse aus schwarz verzinktem Zink-Druck Gu\u00df, 3 Abdeckst\u00fccke aus Aluminium, 2 Endkappen aus Nylon, 2 selbstschmierende Gleitbuchsen, 1 Justierschraube aus Zink-Druck Gu\u00df, 1 Befestigungselement f\u00fcr Gegenplatte aus Nylon und 1 Unterlegscheibe. Tragkraft: 2 Bander 100 Kg, 3 Bander 120 Kg.<\/p>\n","protected":false},"excerpt":{"rendered":"<p>(pat.) 3-teiliges T\u00fcrband<\/p>\n","protected":false},"featured_media":16589,"comment_status":"closed","ping_status":"closed","template":"","meta":{"_acf_changed":false,"_uag_custom_page_level_css":""},"product_brand":[],"product_cat":[12585,12637],"product_tag":[13130],"profilo":[12124,12125,12141,12253,12347,12348,11984,11985,12418,12152,12153,12166,12154,12155,12159,12156,12157,12160,12218,12225,12220,12208,12209,12017,12270,12278,12271,12272,12308,12170,12175,12178,11988,11990,11991,12372,12373,12375,12380,12377,12378,12047,12046,12048,12053,12054,12073,12074,12075,12076,12081,12419,12257,12297,12311,12313,12314],"finiture":[12536,12549,12556,12565,12583],"gruppo_anta":[],"class_list":{"0":"post-31302","1":"product","2":"type-product","3":"status-publish","4":"has-post-thumbnail","6":"product_cat-cerniere-cerniere-pesanti-e-cerniere-per-vasistas","7":"product_cat-mechanica","8":"product_tag-updated-de","9":"profilo-domal-spider-l60-style","10":"profilo-domal-stopper-pg-63","11":"profilo-domal-top-tb-65-porte","12":"profilo-ekip-thermo-53-porte","13":"profilo-eku-62-tt","14":"profilo-eku-78-tt","15":"profilo-esedra-doors-56","16":"profilo-esedra-doors-56-tt","17":"profilo-et-45-porte","18":"profilo-gold-400","19":"profilo-gold-400-raggiato","20":"profilo-gold-450-tt","21":"profilo-gold-490-tt","22":"profilo-gold-500","23":"profilo-gold-500-porte","24":"profilo-gold-500-raggiato","25":"profilo-gold-600","26":"profilo-gold-600-porte","27":"profilo-nc-50-i","28":"profilo-nc-50-i-porte","29":"profilo-nc-50-sth","30":"profilo-nc-68-sth-porte","31":"profilo-nc-72-sth-porte","32":"profilo-new-age","33":"profilo-new-tec-50","34":"profilo-new-tec-50-porte","35":"profilo-new-tec-52-tt","36":"profilo-new-tec-60-tt","37":"profilo-new-tec-65","38":"profilo-plathina-60-classica","39":"profilo-plathina-69-classica","40":"profilo-plathina-75-classica","41":"profilo-r-40","42":"profilo-r-50","43":"profilo-r-50-tt-barra-cont","44":"profilo-road-520-tt-ce","45":"profilo-road-600-tt-ce","46":"profilo-royal-s-50-porte","47":"profilo-royal-s-65-ak-porte","48":"profilo-royal-s-65-porte","49":"profilo-royal-s-70-hi-porte","50":"profilo-synthesis-57-porte","51":"profilo-synthesis-60-tt","52":"profilo-synthesis-60-tt-porte","53":"profilo-synthesis-68-tt","54":"profilo-synthesis-68-tt-porte","55":"profilo-tecno-50-tt","56":"profilo-tecno-60-tt","57":"profilo-tecno-68-tt","58":"profilo-tecno-70-blindo","59":"profilo-tecno-76-tt","60":"profilo-tt-50","61":"profilo-venice-th16-porte","62":"profilo-windstop-65-tt","63":"profilo-windstop-73-tt","64":"profilo-ws-65-thi","65":"profilo-ws-75-thi","66":"finiture-12536","67":"finiture-br5","68":"finiture-f","69":"finiture-ne","70":"finiture-ze","71":"description-off","73":"first","74":"onbackorder","75":"product-type-variable"},"acf":[],"yoast_head":"<!-- This site is optimized with the Yoast SEO plugin v27.2 - https:\/\/yoast.com\/product\/yoast-seo-wordpress\/ -->\n<title>MECHANICA - 1146.3\/104<\/title>\n<meta name=\"description\" content=\"(pat.) 3-teiliges T\u00fcrband\" \/>\n<meta name=\"robots\" content=\"index, follow, max-snippet:-1, max-image-preview:large, max-video-preview:-1\" \/>\n<link rel=\"canonical\" href=\"https:\/\/savio.it\/de\/prodotto\/mechanica-1146-3-104\/\" \/>\n<meta property=\"og:locale\" content=\"de_DE\" \/>\n<meta property=\"og:type\" content=\"article\" \/>\n<meta property=\"og:title\" content=\"MECHANICA - 1146.3\/104\" \/>\n<meta property=\"og:description\" content=\"(pat.) 3-teiliges T\u00fcrband\" \/>\n<meta property=\"og:url\" content=\"https:\/\/savio.it\/de\/prodotto\/mechanica-1146-3-104\/\" \/>\n<meta property=\"og:site_name\" content=\"SAVIO\" \/>\n<meta property=\"article:modified_time\" content=\"2024-06-28T10:41:06+00:00\" \/>\n<meta property=\"og:image\" content=\"https:\/\/savio.it\/wp-content\/uploads\/2021\/09\/1146_3-22.jpg\" \/>\n\t<meta property=\"og:image:width\" content=\"229\" \/>\n\t<meta property=\"og:image:height\" content=\"229\" \/>\n\t<meta property=\"og:image:type\" content=\"image\/jpeg\" \/>\n<meta name=\"twitter:card\" content=\"summary_large_image\" \/>\n<meta name=\"twitter:label1\" content=\"Gesch\u00e4tzte Lesezeit\" \/>\n\t<meta name=\"twitter:data1\" content=\"4\u00a0Minuten\" \/>\n<script type=\"application\/ld+json\" class=\"yoast-schema-graph\">{\"@context\":\"https:\/\/schema.org\",\"@graph\":[{\"@type\":\"WebPage\",\"@id\":\"https:\/\/savio.it\/de\/prodotto\/mechanica-1146-3-104\/\",\"url\":\"https:\/\/savio.it\/de\/prodotto\/mechanica-1146-3-104\/\",\"name\":\"MECHANICA - 1146.3\/104\",\"isPartOf\":{\"@id\":\"https:\/\/savio.it\/de\/#website\"},\"primaryImageOfPage\":{\"@id\":\"https:\/\/savio.it\/de\/prodotto\/mechanica-1146-3-104\/#primaryimage\"},\"image\":{\"@id\":\"https:\/\/savio.it\/de\/prodotto\/mechanica-1146-3-104\/#primaryimage\"},\"thumbnailUrl\":\"https:\/\/savio.it\/wp-content\/uploads\/2021\/09\/1146_3-22.jpg\",\"datePublished\":\"2021-10-04T07:15:24+00:00\",\"dateModified\":\"2024-06-28T10:41:06+00:00\",\"description\":\"(pat.) 3-teiliges T\u00fcrband\",\"breadcrumb\":{\"@id\":\"https:\/\/savio.it\/de\/prodotto\/mechanica-1146-3-104\/#breadcrumb\"},\"inLanguage\":\"de\",\"potentialAction\":[{\"@type\":\"ReadAction\",\"target\":[\"https:\/\/savio.it\/de\/prodotto\/mechanica-1146-3-104\/\"]}]},{\"@type\":\"ImageObject\",\"inLanguage\":\"de\",\"@id\":\"https:\/\/savio.it\/de\/prodotto\/mechanica-1146-3-104\/#primaryimage\",\"url\":\"https:\/\/savio.it\/wp-content\/uploads\/2021\/09\/1146_3-22.jpg\",\"contentUrl\":\"https:\/\/savio.it\/wp-content\/uploads\/2021\/09\/1146_3-22.jpg\",\"width\":229,\"height\":229},{\"@type\":\"BreadcrumbList\",\"@id\":\"https:\/\/savio.it\/de\/prodotto\/mechanica-1146-3-104\/#breadcrumb\",\"itemListElement\":[{\"@type\":\"ListItem\",\"position\":1,\"name\":\"Home\",\"item\":\"https:\/\/savio.it\/de\/\"},{\"@type\":\"ListItem\",\"position\":2,\"name\":\"Produkte\",\"item\":\"https:\/\/savio.it\/de\/prodotti\/\"},{\"@type\":\"ListItem\",\"position\":3,\"name\":\"MECHANICA &#8211; 1146.3\/104\"}]},{\"@type\":\"WebSite\",\"@id\":\"https:\/\/savio.it\/de\/#website\",\"url\":\"https:\/\/savio.it\/de\/\",\"name\":\"SAVIO\",\"description\":\"Open mind for closing system\",\"publisher\":{\"@id\":\"https:\/\/savio.it\/de\/#organization\"},\"potentialAction\":[{\"@type\":\"SearchAction\",\"target\":{\"@type\":\"EntryPoint\",\"urlTemplate\":\"https:\/\/savio.it\/de\/?s={search_term_string}\"},\"query-input\":{\"@type\":\"PropertyValueSpecification\",\"valueRequired\":true,\"valueName\":\"search_term_string\"}}],\"inLanguage\":\"de\"},{\"@type\":\"Organization\",\"@id\":\"https:\/\/savio.it\/de\/#organization\",\"name\":\"SAVIO\",\"url\":\"https:\/\/savio.it\/de\/\",\"logo\":{\"@type\":\"ImageObject\",\"inLanguage\":\"de\",\"@id\":\"https:\/\/savio.it\/de\/#\/schema\/logo\/image\/\",\"url\":\"https:\/\/savio.it\/wp-content\/uploads\/2021\/09\/cropped-Savio-logo.png\",\"contentUrl\":\"https:\/\/savio.it\/wp-content\/uploads\/2021\/09\/cropped-Savio-logo.png\",\"width\":243,\"height\":64,\"caption\":\"SAVIO\"},\"image\":{\"@id\":\"https:\/\/savio.it\/de\/#\/schema\/logo\/image\/\"}}]}<\/script>\n<!-- \/ Yoast SEO plugin. -->","yoast_head_json":{"title":"MECHANICA - 1146.3\/104","description":"(pat.) 3-teiliges T\u00fcrband","robots":{"index":"index","follow":"follow","max-snippet":"max-snippet:-1","max-image-preview":"max-image-preview:large","max-video-preview":"max-video-preview:-1"},"canonical":"https:\/\/savio.it\/de\/prodotto\/mechanica-1146-3-104\/","og_locale":"de_DE","og_type":"article","og_title":"MECHANICA - 1146.3\/104","og_description":"(pat.) 3-teiliges T\u00fcrband","og_url":"https:\/\/savio.it\/de\/prodotto\/mechanica-1146-3-104\/","og_site_name":"SAVIO","article_modified_time":"2024-06-28T10:41:06+00:00","og_image":[{"width":229,"height":229,"url":"https:\/\/savio.it\/wp-content\/uploads\/2021\/09\/1146_3-22.jpg","type":"image\/jpeg"}],"twitter_card":"summary_large_image","twitter_misc":{"Gesch\u00e4tzte Lesezeit":"4\u00a0Minuten"},"schema":{"@context":"https:\/\/schema.org","@graph":[{"@type":"WebPage","@id":"https:\/\/savio.it\/de\/prodotto\/mechanica-1146-3-104\/","url":"https:\/\/savio.it\/de\/prodotto\/mechanica-1146-3-104\/","name":"MECHANICA - 1146.3\/104","isPartOf":{"@id":"https:\/\/savio.it\/de\/#website"},"primaryImageOfPage":{"@id":"https:\/\/savio.it\/de\/prodotto\/mechanica-1146-3-104\/#primaryimage"},"image":{"@id":"https:\/\/savio.it\/de\/prodotto\/mechanica-1146-3-104\/#primaryimage"},"thumbnailUrl":"https:\/\/savio.it\/wp-content\/uploads\/2021\/09\/1146_3-22.jpg","datePublished":"2021-10-04T07:15:24+00:00","dateModified":"2024-06-28T10:41:06+00:00","description":"(pat.) 3-teiliges T\u00fcrband","breadcrumb":{"@id":"https:\/\/savio.it\/de\/prodotto\/mechanica-1146-3-104\/#breadcrumb"},"inLanguage":"de","potentialAction":[{"@type":"ReadAction","target":["https:\/\/savio.it\/de\/prodotto\/mechanica-1146-3-104\/"]}]},{"@type":"ImageObject","inLanguage":"de","@id":"https:\/\/savio.it\/de\/prodotto\/mechanica-1146-3-104\/#primaryimage","url":"https:\/\/savio.it\/wp-content\/uploads\/2021\/09\/1146_3-22.jpg","contentUrl":"https:\/\/savio.it\/wp-content\/uploads\/2021\/09\/1146_3-22.jpg","width":229,"height":229},{"@type":"BreadcrumbList","@id":"https:\/\/savio.it\/de\/prodotto\/mechanica-1146-3-104\/#breadcrumb","itemListElement":[{"@type":"ListItem","position":1,"name":"Home","item":"https:\/\/savio.it\/de\/"},{"@type":"ListItem","position":2,"name":"Produkte","item":"https:\/\/savio.it\/de\/prodotti\/"},{"@type":"ListItem","position":3,"name":"MECHANICA &#8211; 1146.3\/104"}]},{"@type":"WebSite","@id":"https:\/\/savio.it\/de\/#website","url":"https:\/\/savio.it\/de\/","name":"SAVIO","description":"Open mind for closing system","publisher":{"@id":"https:\/\/savio.it\/de\/#organization"},"potentialAction":[{"@type":"SearchAction","target":{"@type":"EntryPoint","urlTemplate":"https:\/\/savio.it\/de\/?s={search_term_string}"},"query-input":{"@type":"PropertyValueSpecification","valueRequired":true,"valueName":"search_term_string"}}],"inLanguage":"de"},{"@type":"Organization","@id":"https:\/\/savio.it\/de\/#organization","name":"SAVIO","url":"https:\/\/savio.it\/de\/","logo":{"@type":"ImageObject","inLanguage":"de","@id":"https:\/\/savio.it\/de\/#\/schema\/logo\/image\/","url":"https:\/\/savio.it\/wp-content\/uploads\/2021\/09\/cropped-Savio-logo.png","contentUrl":"https:\/\/savio.it\/wp-content\/uploads\/2021\/09\/cropped-Savio-logo.png","width":243,"height":64,"caption":"SAVIO"},"image":{"@id":"https:\/\/savio.it\/de\/#\/schema\/logo\/image\/"}}]}},"uagb_featured_image_src":{"full":["https:\/\/savio.it\/wp-content\/uploads\/2021\/09\/1146_3-22.jpg",229,229,false],"thumbnail":["https:\/\/savio.it\/wp-content\/uploads\/2021\/09\/1146_3-22-150x150.jpg",150,150,true],"medium":["https:\/\/savio.it\/wp-content\/uploads\/2021\/09\/1146_3-22.jpg",229,229,false],"medium_large":["https:\/\/savio.it\/wp-content\/uploads\/2021\/09\/1146_3-22.jpg",229,229,false],"large":["https:\/\/savio.it\/wp-content\/uploads\/2021\/09\/1146_3-22.jpg",229,229,false],"gs-tiny":["https:\/\/savio.it\/wp-content\/uploads\/2021\/09\/1146_3-22.jpg",50,50,false],"xl":["https:\/\/savio.it\/wp-content\/uploads\/2021\/09\/1146_3-22.jpg",229,229,false],"xxl":["https:\/\/savio.it\/wp-content\/uploads\/2021\/09\/1146_3-22.jpg",229,229,false],"xxxl":["https:\/\/savio.it\/wp-content\/uploads\/2021\/09\/1146_3-22.jpg",229,229,false],"xxxxl":["https:\/\/savio.it\/wp-content\/uploads\/2021\/09\/1146_3-22.jpg",229,229,false],"xxxxxl":["https:\/\/savio.it\/wp-content\/uploads\/2021\/09\/1146_3-22.jpg",229,229,false],"1536x1536":["https:\/\/savio.it\/wp-content\/uploads\/2021\/09\/1146_3-22.jpg",229,229,false],"2048x2048":["https:\/\/savio.it\/wp-content\/uploads\/2021\/09\/1146_3-22.jpg",229,229,false],"woocommerce_thumbnail":["https:\/\/savio.it\/wp-content\/uploads\/2021\/09\/1146_3-22.jpg",229,229,false],"woocommerce_single":["https:\/\/savio.it\/wp-content\/uploads\/2021\/09\/1146_3-22.jpg",229,229,false],"woocommerce_gallery_thumbnail":["https:\/\/savio.it\/wp-content\/uploads\/2021\/09\/1146_3-22-200x200.jpg",200,200,true]},"uagb_author_info":{"display_name":"admin_news","author_link":"https:\/\/savio.it\/de\/author\/"},"uagb_comment_info":0,"uagb_excerpt":"(pat.) 3-teiliges T\u00fcrband","_links":{"self":[{"href":"https:\/\/savio.it\/de\/wp-json\/wp\/v2\/product\/31302","targetHints":{"allow":["GET"]}}],"collection":[{"href":"https:\/\/savio.it\/de\/wp-json\/wp\/v2\/product"}],"about":[{"href":"https:\/\/savio.it\/de\/wp-json\/wp\/v2\/types\/product"}],"replies":[{"embeddable":true,"href":"https:\/\/savio.it\/de\/wp-json\/wp\/v2\/comments?post=31302"}],"wp:featuredmedia":[{"embeddable":true,"href":"https:\/\/savio.it\/de\/wp-json\/wp\/v2\/media\/16589"}],"wp:attachment":[{"href":"https:\/\/savio.it\/de\/wp-json\/wp\/v2\/media?parent=31302"}],"wp:term":[{"taxonomy":"product_brand","embeddable":true,"href":"https:\/\/savio.it\/de\/wp-json\/wp\/v2\/product_brand?post=31302"},{"taxonomy":"product_cat","embeddable":true,"href":"https:\/\/savio.it\/de\/wp-json\/wp\/v2\/product_cat?post=31302"},{"taxonomy":"product_tag","embeddable":true,"href":"https:\/\/savio.it\/de\/wp-json\/wp\/v2\/product_tag?post=31302"},{"taxonomy":"profilo","embeddable":true,"href":"https:\/\/savio.it\/de\/wp-json\/wp\/v2\/profilo?post=31302"},{"taxonomy":"finiture","embeddable":true,"href":"https:\/\/savio.it\/de\/wp-json\/wp\/v2\/finiture?post=31302"},{"taxonomy":"gruppo_anta","embeddable":true,"href":"https:\/\/savio.it\/de\/wp-json\/wp\/v2\/gruppo_anta?post=31302"}],"curies":[{"name":"wp","href":"https:\/\/api.w.org\/{rel}","templated":true}]}}