{"id":31403,"date":"2021-09-30T12:38:57","date_gmt":"2021-10-04T07:16:57","guid":{"rendered":"https:\/\/savio.ne-ws.it\/prodotto\/chierone-1565-40\/"},"modified":"2024-06-28T10:34:08","modified_gmt":"2024-06-28T10:34:08","slug":"chierone-1565-40","status":"publish","type":"product","link":"https:\/\/savio.it\/de\/prodotto\/chierone-1565-40\/","title":{"rendered":"CHIERONE &#8211; 1565\/40"},"content":{"rendered":"<p>Einbau-Verriegelungsteil 40 cm (Schlie\u00dfweg 20 mm) aus Aluminium, verzinktem Stahl und Nylon, 2 Zylinderschr. \u00d8 4,2&#215;13 und 3 Senkschr. \u00d8 3,5&#215;13 aus verzinktem Stahl.<\/p>\n","protected":false},"excerpt":{"rendered":"<p>Einbau-Verriegelungsteil<\/p>\n","protected":false},"featured_media":17290,"comment_status":"closed","ping_status":"closed","template":"","meta":{"_acf_changed":false,"_uag_custom_page_level_css":""},"product_brand":[],"product_cat":[12672,12587],"product_tag":[13130],"profilo":[12000,12018,12001,12002,12408,12151,12065,12106,12107,12113,12114,12115,12116,12108,12253,12332,12349,12334,12335,12350,12005,12415,12414,12413,12019,12102,12020,12059,12159,12160,12058,12254,12255,12256,12056,12193,12194,12195,12204,12205,12057,12225,12206,12208,12017,12278,12279,12280,12281,12326,12327,12328,12329,12342,12330,12331,11990,12021,12023,12210,12047,12071,12420,12257],"finiture":[12512,12534,12556,12565],"gruppo_anta":[],"class_list":{"0":"post-31403","1":"product","2":"type-product","3":"status-publish","4":"has-post-thumbnail","6":"product_cat-chierone","7":"product_cat-paletti-e-accessori-per-paletti","8":"product_tag-updated-de","9":"profilo-all-co-5-complanare","10":"profilo-all-co-5-porte","11":"profilo-all-co-5-sormonto","12":"profilo-all-co-p-4-complanare","13":"profilo-allu-sistemi","14":"profilo-alpha-255","15":"profilo-bga-50-porte","16":"profilo-domal-40","17":"profilo-domal-40-raggiato","18":"profilo-domal-break-pa-52-porte","19":"profilo-domal-indoor","20":"profilo-domal-shops","21":"profilo-domal-stopper-pg-porte","22":"profilo-domal-sunny-fiorentina","23":"profilo-ekip-thermo-53-porte","24":"profilo-eku-53-porte","25":"profilo-eku-62-tt-porte","26":"profilo-eku-64-tt-porte","27":"profilo-eku-72-tt-porte","28":"profilo-eku-78-tt-porte","29":"profilo-epocal","30":"profilo-et-43-sormonto","31":"profilo-et-43-sormonto-raggiato","32":"profilo-etnall","33":"profilo-export-50-porte","34":"profilo-export-50-t-porte","35":"profilo-export-50-tt-porte","36":"profilo-fb-12","37":"profilo-gold-500-porte","38":"profilo-gold-600-porte","39":"profilo-gr-9","40":"profilo-maastricht-53-porte","41":"profilo-maastricht-th-60-porte","42":"profilo-maastricht-th-68-porte","43":"profilo-nc-40","44":"profilo-nc-40-n-complanare","45":"profilo-nc-40-n-sormonto","46":"profilo-nc-40-n-sormonto-raggiato","47":"profilo-nc-45-int-porte","48":"profilo-nc-45-sth-porte","49":"profilo-nc-50","50":"profilo-nc-50-i-porte","51":"profilo-nc-55-int-porte","52":"profilo-nc-68-sth-porte","53":"profilo-new-age","54":"profilo-new-tec-50-porte","55":"profilo-new-tec-52-tt-porte","56":"profilo-new-tec-60-tt-porte","57":"profilo-new-tec-68-tt-porte","58":"profilo-pe-40","59":"profilo-pe-40-raggiato","60":"profilo-pe-40-scuro","61":"profilo-pe-50","62":"profilo-pe-50-raggiato","63":"profilo-pe-58-tt-complanare","64":"profilo-pe-58-tt-sormonto","65":"profilo-r-50","66":"profilo-sicurblind-65-complanare","67":"profilo-sicurblind-90","68":"profilo-superblindo-porte","69":"profilo-synthesis-57-porte","70":"profilo-tecno-50-porte","71":"profilo-tt-50-porte","72":"profilo-venice-th16-porte","73":"finiture-12512","74":"finiture-12534","75":"finiture-f","76":"finiture-ne","77":"description-off","79":"first","80":"onbackorder","81":"product-type-variable"},"acf":[],"yoast_head":"<!-- This site is optimized with the Yoast SEO plugin v27.2 - https:\/\/yoast.com\/product\/yoast-seo-wordpress\/ -->\n<title>CHIERONE - 1565\/40<\/title>\n<meta name=\"description\" content=\"Einbau-Verriegelungsteil\" \/>\n<meta name=\"robots\" content=\"index, follow, max-snippet:-1, max-image-preview:large, max-video-preview:-1\" \/>\n<link rel=\"canonical\" href=\"https:\/\/savio.it\/de\/prodotto\/chierone-1565-40\/\" \/>\n<meta property=\"og:locale\" content=\"de_DE\" \/>\n<meta property=\"og:type\" content=\"article\" \/>\n<meta property=\"og:title\" content=\"CHIERONE - 1565\/40\" \/>\n<meta property=\"og:description\" content=\"Einbau-Verriegelungsteil\" \/>\n<meta property=\"og:url\" content=\"https:\/\/savio.it\/de\/prodotto\/chierone-1565-40\/\" \/>\n<meta property=\"og:site_name\" content=\"SAVIO\" \/>\n<meta property=\"article:modified_time\" content=\"2024-06-28T10:34:08+00:00\" \/>\n<meta property=\"og:image\" content=\"https:\/\/savio.it\/wp-content\/uploads\/2021\/09\/1565_20-3.jpg\" \/>\n\t<meta property=\"og:image:width\" content=\"229\" \/>\n\t<meta property=\"og:image:height\" content=\"229\" \/>\n\t<meta property=\"og:image:type\" content=\"image\/jpeg\" \/>\n<meta name=\"twitter:card\" content=\"summary_large_image\" \/>\n<meta name=\"twitter:label1\" content=\"Gesch\u00e4tzte Lesezeit\" \/>\n\t<meta name=\"twitter:data1\" content=\"4\u00a0Minuten\" \/>\n<script type=\"application\/ld+json\" class=\"yoast-schema-graph\">{\"@context\":\"https:\/\/schema.org\",\"@graph\":[{\"@type\":\"WebPage\",\"@id\":\"https:\/\/savio.it\/de\/prodotto\/chierone-1565-40\/\",\"url\":\"https:\/\/savio.it\/de\/prodotto\/chierone-1565-40\/\",\"name\":\"CHIERONE - 1565\/40\",\"isPartOf\":{\"@id\":\"https:\/\/savio.it\/de\/#website\"},\"primaryImageOfPage\":{\"@id\":\"https:\/\/savio.it\/de\/prodotto\/chierone-1565-40\/#primaryimage\"},\"image\":{\"@id\":\"https:\/\/savio.it\/de\/prodotto\/chierone-1565-40\/#primaryimage\"},\"thumbnailUrl\":\"https:\/\/savio.it\/wp-content\/uploads\/2021\/09\/1565_20-3.jpg\",\"datePublished\":\"2021-10-04T07:16:57+00:00\",\"dateModified\":\"2024-06-28T10:34:08+00:00\",\"description\":\"Einbau-Verriegelungsteil\",\"breadcrumb\":{\"@id\":\"https:\/\/savio.it\/de\/prodotto\/chierone-1565-40\/#breadcrumb\"},\"inLanguage\":\"de\",\"potentialAction\":[{\"@type\":\"ReadAction\",\"target\":[\"https:\/\/savio.it\/de\/prodotto\/chierone-1565-40\/\"]}]},{\"@type\":\"ImageObject\",\"inLanguage\":\"de\",\"@id\":\"https:\/\/savio.it\/de\/prodotto\/chierone-1565-40\/#primaryimage\",\"url\":\"https:\/\/savio.it\/wp-content\/uploads\/2021\/09\/1565_20-3.jpg\",\"contentUrl\":\"https:\/\/savio.it\/wp-content\/uploads\/2021\/09\/1565_20-3.jpg\",\"width\":229,\"height\":229},{\"@type\":\"BreadcrumbList\",\"@id\":\"https:\/\/savio.it\/de\/prodotto\/chierone-1565-40\/#breadcrumb\",\"itemListElement\":[{\"@type\":\"ListItem\",\"position\":1,\"name\":\"Home\",\"item\":\"https:\/\/savio.it\/de\/\"},{\"@type\":\"ListItem\",\"position\":2,\"name\":\"Produkte\",\"item\":\"https:\/\/savio.it\/de\/prodotti\/\"},{\"@type\":\"ListItem\",\"position\":3,\"name\":\"CHIERONE &#8211; 1565\/40\"}]},{\"@type\":\"WebSite\",\"@id\":\"https:\/\/savio.it\/de\/#website\",\"url\":\"https:\/\/savio.it\/de\/\",\"name\":\"SAVIO\",\"description\":\"Open mind for closing system\",\"publisher\":{\"@id\":\"https:\/\/savio.it\/de\/#organization\"},\"potentialAction\":[{\"@type\":\"SearchAction\",\"target\":{\"@type\":\"EntryPoint\",\"urlTemplate\":\"https:\/\/savio.it\/de\/?s={search_term_string}\"},\"query-input\":{\"@type\":\"PropertyValueSpecification\",\"valueRequired\":true,\"valueName\":\"search_term_string\"}}],\"inLanguage\":\"de\"},{\"@type\":\"Organization\",\"@id\":\"https:\/\/savio.it\/de\/#organization\",\"name\":\"SAVIO\",\"url\":\"https:\/\/savio.it\/de\/\",\"logo\":{\"@type\":\"ImageObject\",\"inLanguage\":\"de\",\"@id\":\"https:\/\/savio.it\/de\/#\/schema\/logo\/image\/\",\"url\":\"https:\/\/savio.it\/wp-content\/uploads\/2021\/09\/cropped-Savio-logo.png\",\"contentUrl\":\"https:\/\/savio.it\/wp-content\/uploads\/2021\/09\/cropped-Savio-logo.png\",\"width\":243,\"height\":64,\"caption\":\"SAVIO\"},\"image\":{\"@id\":\"https:\/\/savio.it\/de\/#\/schema\/logo\/image\/\"}}]}<\/script>\n<!-- \/ Yoast SEO plugin. -->","yoast_head_json":{"title":"CHIERONE - 1565\/40","description":"Einbau-Verriegelungsteil","robots":{"index":"index","follow":"follow","max-snippet":"max-snippet:-1","max-image-preview":"max-image-preview:large","max-video-preview":"max-video-preview:-1"},"canonical":"https:\/\/savio.it\/de\/prodotto\/chierone-1565-40\/","og_locale":"de_DE","og_type":"article","og_title":"CHIERONE - 1565\/40","og_description":"Einbau-Verriegelungsteil","og_url":"https:\/\/savio.it\/de\/prodotto\/chierone-1565-40\/","og_site_name":"SAVIO","article_modified_time":"2024-06-28T10:34:08+00:00","og_image":[{"width":229,"height":229,"url":"https:\/\/savio.it\/wp-content\/uploads\/2021\/09\/1565_20-3.jpg","type":"image\/jpeg"}],"twitter_card":"summary_large_image","twitter_misc":{"Gesch\u00e4tzte Lesezeit":"4\u00a0Minuten"},"schema":{"@context":"https:\/\/schema.org","@graph":[{"@type":"WebPage","@id":"https:\/\/savio.it\/de\/prodotto\/chierone-1565-40\/","url":"https:\/\/savio.it\/de\/prodotto\/chierone-1565-40\/","name":"CHIERONE - 1565\/40","isPartOf":{"@id":"https:\/\/savio.it\/de\/#website"},"primaryImageOfPage":{"@id":"https:\/\/savio.it\/de\/prodotto\/chierone-1565-40\/#primaryimage"},"image":{"@id":"https:\/\/savio.it\/de\/prodotto\/chierone-1565-40\/#primaryimage"},"thumbnailUrl":"https:\/\/savio.it\/wp-content\/uploads\/2021\/09\/1565_20-3.jpg","datePublished":"2021-10-04T07:16:57+00:00","dateModified":"2024-06-28T10:34:08+00:00","description":"Einbau-Verriegelungsteil","breadcrumb":{"@id":"https:\/\/savio.it\/de\/prodotto\/chierone-1565-40\/#breadcrumb"},"inLanguage":"de","potentialAction":[{"@type":"ReadAction","target":["https:\/\/savio.it\/de\/prodotto\/chierone-1565-40\/"]}]},{"@type":"ImageObject","inLanguage":"de","@id":"https:\/\/savio.it\/de\/prodotto\/chierone-1565-40\/#primaryimage","url":"https:\/\/savio.it\/wp-content\/uploads\/2021\/09\/1565_20-3.jpg","contentUrl":"https:\/\/savio.it\/wp-content\/uploads\/2021\/09\/1565_20-3.jpg","width":229,"height":229},{"@type":"BreadcrumbList","@id":"https:\/\/savio.it\/de\/prodotto\/chierone-1565-40\/#breadcrumb","itemListElement":[{"@type":"ListItem","position":1,"name":"Home","item":"https:\/\/savio.it\/de\/"},{"@type":"ListItem","position":2,"name":"Produkte","item":"https:\/\/savio.it\/de\/prodotti\/"},{"@type":"ListItem","position":3,"name":"CHIERONE &#8211; 1565\/40"}]},{"@type":"WebSite","@id":"https:\/\/savio.it\/de\/#website","url":"https:\/\/savio.it\/de\/","name":"SAVIO","description":"Open mind for closing system","publisher":{"@id":"https:\/\/savio.it\/de\/#organization"},"potentialAction":[{"@type":"SearchAction","target":{"@type":"EntryPoint","urlTemplate":"https:\/\/savio.it\/de\/?s={search_term_string}"},"query-input":{"@type":"PropertyValueSpecification","valueRequired":true,"valueName":"search_term_string"}}],"inLanguage":"de"},{"@type":"Organization","@id":"https:\/\/savio.it\/de\/#organization","name":"SAVIO","url":"https:\/\/savio.it\/de\/","logo":{"@type":"ImageObject","inLanguage":"de","@id":"https:\/\/savio.it\/de\/#\/schema\/logo\/image\/","url":"https:\/\/savio.it\/wp-content\/uploads\/2021\/09\/cropped-Savio-logo.png","contentUrl":"https:\/\/savio.it\/wp-content\/uploads\/2021\/09\/cropped-Savio-logo.png","width":243,"height":64,"caption":"SAVIO"},"image":{"@id":"https:\/\/savio.it\/de\/#\/schema\/logo\/image\/"}}]}},"uagb_featured_image_src":{"full":["https:\/\/savio.it\/wp-content\/uploads\/2021\/09\/1565_20-3.jpg",229,229,false],"thumbnail":["https:\/\/savio.it\/wp-content\/uploads\/2021\/09\/1565_20-3-150x150.jpg",150,150,true],"medium":["https:\/\/savio.it\/wp-content\/uploads\/2021\/09\/1565_20-3.jpg",229,229,false],"medium_large":["https:\/\/savio.it\/wp-content\/uploads\/2021\/09\/1565_20-3.jpg",229,229,false],"large":["https:\/\/savio.it\/wp-content\/uploads\/2021\/09\/1565_20-3.jpg",229,229,false],"gs-tiny":["https:\/\/savio.it\/wp-content\/uploads\/2021\/09\/1565_20-3.jpg",50,50,false],"xl":["https:\/\/savio.it\/wp-content\/uploads\/2021\/09\/1565_20-3.jpg",229,229,false],"xxl":["https:\/\/savio.it\/wp-content\/uploads\/2021\/09\/1565_20-3.jpg",229,229,false],"xxxl":["https:\/\/savio.it\/wp-content\/uploads\/2021\/09\/1565_20-3.jpg",229,229,false],"xxxxl":["https:\/\/savio.it\/wp-content\/uploads\/2021\/09\/1565_20-3.jpg",229,229,false],"xxxxxl":["https:\/\/savio.it\/wp-content\/uploads\/2021\/09\/1565_20-3.jpg",229,229,false],"1536x1536":["https:\/\/savio.it\/wp-content\/uploads\/2021\/09\/1565_20-3.jpg",229,229,false],"2048x2048":["https:\/\/savio.it\/wp-content\/uploads\/2021\/09\/1565_20-3.jpg",229,229,false],"woocommerce_thumbnail":["https:\/\/savio.it\/wp-content\/uploads\/2021\/09\/1565_20-3.jpg",229,229,false],"woocommerce_single":["https:\/\/savio.it\/wp-content\/uploads\/2021\/09\/1565_20-3.jpg",229,229,false],"woocommerce_gallery_thumbnail":["https:\/\/savio.it\/wp-content\/uploads\/2021\/09\/1565_20-3-200x200.jpg",200,200,true]},"uagb_author_info":{"display_name":"admin_news","author_link":"https:\/\/savio.it\/de\/author\/"},"uagb_comment_info":0,"uagb_excerpt":"Einbau-Verriegelungsteil","_links":{"self":[{"href":"https:\/\/savio.it\/de\/wp-json\/wp\/v2\/product\/31403","targetHints":{"allow":["GET"]}}],"collection":[{"href":"https:\/\/savio.it\/de\/wp-json\/wp\/v2\/product"}],"about":[{"href":"https:\/\/savio.it\/de\/wp-json\/wp\/v2\/types\/product"}],"replies":[{"embeddable":true,"href":"https:\/\/savio.it\/de\/wp-json\/wp\/v2\/comments?post=31403"}],"wp:featuredmedia":[{"embeddable":true,"href":"https:\/\/savio.it\/de\/wp-json\/wp\/v2\/media\/17290"}],"wp:attachment":[{"href":"https:\/\/savio.it\/de\/wp-json\/wp\/v2\/media?parent=31403"}],"wp:term":[{"taxonomy":"product_brand","embeddable":true,"href":"https:\/\/savio.it\/de\/wp-json\/wp\/v2\/product_brand?post=31403"},{"taxonomy":"product_cat","embeddable":true,"href":"https:\/\/savio.it\/de\/wp-json\/wp\/v2\/product_cat?post=31403"},{"taxonomy":"product_tag","embeddable":true,"href":"https:\/\/savio.it\/de\/wp-json\/wp\/v2\/product_tag?post=31403"},{"taxonomy":"profilo","embeddable":true,"href":"https:\/\/savio.it\/de\/wp-json\/wp\/v2\/profilo?post=31403"},{"taxonomy":"finiture","embeddable":true,"href":"https:\/\/savio.it\/de\/wp-json\/wp\/v2\/finiture?post=31403"},{"taxonomy":"gruppo_anta","embeddable":true,"href":"https:\/\/savio.it\/de\/wp-json\/wp\/v2\/gruppo_anta?post=31403"}],"curies":[{"name":"wp","href":"https:\/\/api.w.org\/{rel}","templated":true}]}}