{"id":31776,"date":"2021-09-30T12:44:20","date_gmt":"2021-10-04T07:23:06","guid":{"rendered":"https:\/\/savio.ne-ws.it\/prodotto\/charleston-1636\/"},"modified":"2024-06-28T12:31:58","modified_gmt":"2024-06-28T12:31:58","slug":"charleston-1636","status":"publish","type":"product","link":"https:\/\/savio.it\/de\/prodotto\/charleston-1636\/","title":{"rendered":"CHARLESTON &#8211; 1636"},"content":{"rendered":"<p>Paarweise T\u00fcrdr\u00fccker aus Aluminium, 2 Gewindestifte M 6&#215;8 aus verzinktem Stahl vormontiert und 4 Senkschr. \u00d8 3,5&#215;13 aus rostfreiem Stahl 304.<\/p>\n","protected":false},"excerpt":{"rendered":"<p>Paarweise T\u00fcrdr\u00fccker<\/p>\n","protected":false},"featured_media":109805,"comment_status":"closed","ping_status":"closed","template":"","meta":{"_acf_changed":false,"_uag_custom_page_level_css":""},"product_brand":[],"product_cat":[12739,12595],"product_tag":[13130],"profilo":[12000,12018,12001,12002,12003,12004,12408,12151,12158,12391,12392,12393,12394,12395,12402,12396,12061,12062,12065,12191,12106,12107,12104,12113,12114,12115,12111,12116,12112,12108,12043,12240,12251,12250,12241,12242,12243,12245,12244,12253,12456,12321,12332,12323,12333,12340,12005,11980,11981,11983,12415,12414,12418,12352,12006,12007,12095,12096,12008,12009,12019,12102,12020,12037,12059,12192,11957,11965,11958,11960,12152,12164,12166,12154,12155,12159,12157,12160,12167,12058,12434,12012,12014,12144,12145,12266,12186,12187,12056,12193,12194,12195,12196,12204,12198,12205,12057,12218,12225,12231,12206,12200,12201,12208,12202,12209,12017,12270,12289,12278,12271,12295,12279,12223,12326,12329,12342,11970,11971,12083,12084,11988,11989,11990,11991,12376,12375,12203,12475,12476,12477,12021,12022,12355,12361,12357,12371,12368,12044,12051,12052,12070,12071,12078,12224,12257,12435,12437,12274,12303,12275,12276,12306,12277,12294],"finiture":[12512,12513,12517,12520,12528,12534,12536,12543,12545,12552,12556,12565,12578,12583],"gruppo_anta":[],"class_list":{"0":"post-31776","1":"product","2":"type-product","3":"status-publish","4":"has-post-thumbnail","6":"product_cat-charleston","7":"product_cat-maniglie","8":"product_tag-updated-de","9":"profilo-all-co-5-complanare","10":"profilo-all-co-5-porte","11":"profilo-all-co-5-sormonto","12":"profilo-all-co-p-4-complanare","13":"profilo-all-co-p-4-sormonto","14":"profilo-all-co-p-4-sormonto-raggiato","15":"profilo-allu-sistemi","16":"profilo-alpha-255","17":"profilo-alpha-blitz-2000","18":"profilo-atlantis-40","19":"profilo-atlantis-40-persiana","20":"profilo-atlantis-45","21":"profilo-atlantis-45-raggiato","22":"profilo-atlantis-55-tt","23":"profilo-atlantis-55-tt-porte","24":"profilo-atlantis-55-tt-raggiato","25":"profilo-bga-50","26":"profilo-bga-50-arrotondato","27":"profilo-bga-50-porte","28":"profilo-classica","29":"profilo-domal-40","30":"profilo-domal-40-raggiato","31":"profilo-domal-break-pa-52","32":"profilo-domal-break-pa-52-porte","33":"profilo-domal-indoor","34":"profilo-domal-shops","35":"profilo-domal-stopper-pg","36":"profilo-domal-stopper-pg-porte","37":"profilo-domal-stopper-pg-raggiato","38":"profilo-domal-sunny-fiorentina","39":"profilo-ds-45","40":"profilo-ekip-40-complanare","41":"profilo-ekip-40-nuovo-complanare","42":"profilo-ekip-40-nuovo-sormonto","43":"profilo-ekip-40-sormonto","44":"profilo-ekip-50-complanare","45":"profilo-ekip-50-sormonto","46":"profilo-ekip-ev-complanare","47":"profilo-ekip-ev-sormonto","48":"profilo-ekip-thermo-53-porte","49":"profilo-ekos-minimall-54-th","50":"profilo-eku-53","51":"profilo-eku-53-porte","52":"profilo-eku-53-tt","53":"profilo-eku-53-tt-porte","54":"profilo-eku-53-tt-raggiato","55":"profilo-epocal","56":"profilo-esedra-ga-53","57":"profilo-esedra-ga-53-raggiato","58":"profilo-esedra-tt-75","59":"profilo-et-43-sormonto","60":"profilo-et-43-sormonto-raggiato","61":"profilo-et-45-porte","62":"profilo-eta","63":"profilo-export-45","64":"profilo-export-45-raggiato","65":"profilo-export-45-t","66":"profilo-export-45-t-raggiato","67":"profilo-export-45-tt","68":"profilo-export-45-tt-raggiato","69":"profilo-export-50-porte","70":"profilo-export-50-t-porte","71":"profilo-export-50-tt-porte","72":"profilo-export-51-tt-porte","73":"profilo-fb-12","74":"profilo-genova","75":"profilo-global-45","76":"profilo-global-45-liguria","77":"profilo-global-48","78":"profilo-global-48-porte","79":"profilo-gold-400","80":"profilo-gold-450","81":"profilo-gold-450-tt","82":"profilo-gold-490-tt","83":"profilo-gold-500","84":"profilo-gold-500-porte","85":"profilo-gold-600","86":"profilo-gold-600-porte","87":"profilo-gold-lario","88":"profilo-gr-9","89":"profilo-iblea-color","90":"profilo-k-40","91":"profilo-k-45t","92":"profilo-k-60","93":"profilo-k-80","94":"profilo-maastricht-light","95":"profilo-mx-50","96":"profilo-mx-70","97":"profilo-nc-40","98":"profilo-nc-40-n-complanare","99":"profilo-nc-40-n-sormonto","100":"profilo-nc-40-n-sormonto-raggiato","101":"profilo-nc-45-int","102":"profilo-nc-45-int-porte","103":"profilo-nc-45-sth","104":"profilo-nc-45-sth-porte","105":"profilo-nc-50","106":"profilo-nc-50-i","107":"profilo-nc-50-i-porte","108":"profilo-nc-50-sth-porte","109":"profilo-nc-55-int-porte","110":"profilo-nc-65-sth","111":"profilo-nc-68-sth","112":"profilo-nc-68-sth-porte","113":"profilo-nc-72-sth","114":"profilo-nc-72-sth-porte","115":"profilo-new-age","116":"profilo-new-tec-50","117":"profilo-new-tec-50-classic","118":"profilo-new-tec-50-porte","119":"profilo-new-tec-52-tt","120":"profilo-new-tec-52-tt-classic-porte","121":"profilo-new-tec-52-tt-porte","122":"profilo-orientabile","123":"profilo-pe-40","124":"profilo-pe-50","125":"profilo-pe-50-raggiato","126":"profilo-planet-45","127":"profilo-planet-45-raggiato","128":"profilo-prestige-46","129":"profilo-prestige-48","130":"profilo-r-40","131":"profilo-r-40-raggiato","132":"profilo-r-50","133":"profilo-r-50-tt-barra-cont","134":"profilo-royal-s-50-n-porte","135":"profilo-royal-s-50-porte","136":"profilo-scuretto-rustico","137":"profilo-serie-1400","138":"profilo-serie-6000","139":"profilo-serie-6500-rpt","140":"profilo-sicurblind-65-complanare","141":"profilo-sicurblind-65-sormonto","142":"profilo-start-410","143":"profilo-start-410-raggiato","144":"profilo-start-470-tt","145":"profilo-start-470-tt-porte","146":"profilo-start-510-porte","147":"profilo-synthesis-45","148":"profilo-synthesis-52","149":"profilo-synthesis-52-tt","150":"profilo-tecno-50","151":"profilo-tecno-50-porte","152":"profilo-tecno-50-tt-porte","153":"profilo-trieste","154":"profilo-venice-th16-porte","155":"profilo-vuerre-53-tt","156":"profilo-vuerre-53-tt-raggiato","157":"profilo-windstop-45","158":"profilo-windstop-45-porte","159":"profilo-windstop-45-raggiato","160":"profilo-windstop-45-tt","161":"profilo-windstop-45-tt-porte","162":"profilo-windstop-45-tt-raggiato","163":"profilo-windstop-55-tt-porte","164":"finiture-12512","165":"finiture-12513","166":"finiture-12517","167":"finiture-12520","168":"finiture-12528","169":"finiture-12534","170":"finiture-12536","171":"finiture-b-sa","172":"finiture-bl10","173":"finiture-c","174":"finiture-f","175":"finiture-ne","176":"finiture-u","177":"finiture-ze","178":"description-off","180":"first","181":"onbackorder","182":"product-type-variable"},"acf":[],"yoast_head":"<!-- This site is optimized with the Yoast SEO plugin v27.2 - https:\/\/yoast.com\/product\/yoast-seo-wordpress\/ -->\n<title>CHARLESTON - 1636<\/title>\n<meta name=\"description\" content=\"Paarweise T\u00fcrdr\u00fccker\" \/>\n<meta name=\"robots\" content=\"index, follow, max-snippet:-1, max-image-preview:large, max-video-preview:-1\" \/>\n<link rel=\"canonical\" href=\"https:\/\/savio.it\/de\/prodotto\/charleston-1636\/\" \/>\n<meta property=\"og:locale\" content=\"de_DE\" \/>\n<meta property=\"og:type\" content=\"article\" \/>\n<meta property=\"og:title\" content=\"CHARLESTON - 1636\" \/>\n<meta property=\"og:description\" content=\"Paarweise T\u00fcrdr\u00fccker\" \/>\n<meta property=\"og:url\" content=\"https:\/\/savio.it\/de\/prodotto\/charleston-1636\/\" \/>\n<meta property=\"og:site_name\" content=\"SAVIO\" \/>\n<meta property=\"article:modified_time\" content=\"2024-06-28T12:31:58+00:00\" \/>\n<meta property=\"og:image\" content=\"https:\/\/savio.it\/wp-content\/uploads\/2022\/06\/1636.jpg\" \/>\n\t<meta property=\"og:image:width\" content=\"1000\" \/>\n\t<meta property=\"og:image:height\" content=\"1000\" \/>\n\t<meta property=\"og:image:type\" content=\"image\/jpeg\" \/>\n<meta name=\"twitter:card\" content=\"summary_large_image\" \/>\n<meta name=\"twitter:label1\" content=\"Gesch\u00e4tzte Lesezeit\" \/>\n\t<meta name=\"twitter:data1\" content=\"4\u00a0Minuten\" \/>\n<script type=\"application\/ld+json\" class=\"yoast-schema-graph\">{\"@context\":\"https:\/\/schema.org\",\"@graph\":[{\"@type\":\"WebPage\",\"@id\":\"https:\/\/savio.it\/de\/prodotto\/charleston-1636\/\",\"url\":\"https:\/\/savio.it\/de\/prodotto\/charleston-1636\/\",\"name\":\"CHARLESTON - 1636\",\"isPartOf\":{\"@id\":\"https:\/\/savio.it\/de\/#website\"},\"primaryImageOfPage\":{\"@id\":\"https:\/\/savio.it\/de\/prodotto\/charleston-1636\/#primaryimage\"},\"image\":{\"@id\":\"https:\/\/savio.it\/de\/prodotto\/charleston-1636\/#primaryimage\"},\"thumbnailUrl\":\"https:\/\/savio.it\/wp-content\/uploads\/2022\/06\/1636.jpg\",\"datePublished\":\"2021-10-04T07:23:06+00:00\",\"dateModified\":\"2024-06-28T12:31:58+00:00\",\"description\":\"Paarweise T\u00fcrdr\u00fccker\",\"breadcrumb\":{\"@id\":\"https:\/\/savio.it\/de\/prodotto\/charleston-1636\/#breadcrumb\"},\"inLanguage\":\"de\",\"potentialAction\":[{\"@type\":\"ReadAction\",\"target\":[\"https:\/\/savio.it\/de\/prodotto\/charleston-1636\/\"]}]},{\"@type\":\"ImageObject\",\"inLanguage\":\"de\",\"@id\":\"https:\/\/savio.it\/de\/prodotto\/charleston-1636\/#primaryimage\",\"url\":\"https:\/\/savio.it\/wp-content\/uploads\/2022\/06\/1636.jpg\",\"contentUrl\":\"https:\/\/savio.it\/wp-content\/uploads\/2022\/06\/1636.jpg\",\"width\":1000,\"height\":1000},{\"@type\":\"BreadcrumbList\",\"@id\":\"https:\/\/savio.it\/de\/prodotto\/charleston-1636\/#breadcrumb\",\"itemListElement\":[{\"@type\":\"ListItem\",\"position\":1,\"name\":\"Home\",\"item\":\"https:\/\/savio.it\/de\/\"},{\"@type\":\"ListItem\",\"position\":2,\"name\":\"Produkte\",\"item\":\"https:\/\/savio.it\/de\/prodotti\/\"},{\"@type\":\"ListItem\",\"position\":3,\"name\":\"CHARLESTON &#8211; 1636\"}]},{\"@type\":\"WebSite\",\"@id\":\"https:\/\/savio.it\/de\/#website\",\"url\":\"https:\/\/savio.it\/de\/\",\"name\":\"SAVIO\",\"description\":\"Open mind for closing system\",\"publisher\":{\"@id\":\"https:\/\/savio.it\/de\/#organization\"},\"potentialAction\":[{\"@type\":\"SearchAction\",\"target\":{\"@type\":\"EntryPoint\",\"urlTemplate\":\"https:\/\/savio.it\/de\/?s={search_term_string}\"},\"query-input\":{\"@type\":\"PropertyValueSpecification\",\"valueRequired\":true,\"valueName\":\"search_term_string\"}}],\"inLanguage\":\"de\"},{\"@type\":\"Organization\",\"@id\":\"https:\/\/savio.it\/de\/#organization\",\"name\":\"SAVIO\",\"url\":\"https:\/\/savio.it\/de\/\",\"logo\":{\"@type\":\"ImageObject\",\"inLanguage\":\"de\",\"@id\":\"https:\/\/savio.it\/de\/#\/schema\/logo\/image\/\",\"url\":\"https:\/\/savio.it\/wp-content\/uploads\/2021\/09\/cropped-Savio-logo.png\",\"contentUrl\":\"https:\/\/savio.it\/wp-content\/uploads\/2021\/09\/cropped-Savio-logo.png\",\"width\":243,\"height\":64,\"caption\":\"SAVIO\"},\"image\":{\"@id\":\"https:\/\/savio.it\/de\/#\/schema\/logo\/image\/\"}}]}<\/script>\n<!-- \/ Yoast SEO plugin. -->","yoast_head_json":{"title":"CHARLESTON - 1636","description":"Paarweise T\u00fcrdr\u00fccker","robots":{"index":"index","follow":"follow","max-snippet":"max-snippet:-1","max-image-preview":"max-image-preview:large","max-video-preview":"max-video-preview:-1"},"canonical":"https:\/\/savio.it\/de\/prodotto\/charleston-1636\/","og_locale":"de_DE","og_type":"article","og_title":"CHARLESTON - 1636","og_description":"Paarweise T\u00fcrdr\u00fccker","og_url":"https:\/\/savio.it\/de\/prodotto\/charleston-1636\/","og_site_name":"SAVIO","article_modified_time":"2024-06-28T12:31:58+00:00","og_image":[{"width":1000,"height":1000,"url":"https:\/\/savio.it\/wp-content\/uploads\/2022\/06\/1636.jpg","type":"image\/jpeg"}],"twitter_card":"summary_large_image","twitter_misc":{"Gesch\u00e4tzte Lesezeit":"4\u00a0Minuten"},"schema":{"@context":"https:\/\/schema.org","@graph":[{"@type":"WebPage","@id":"https:\/\/savio.it\/de\/prodotto\/charleston-1636\/","url":"https:\/\/savio.it\/de\/prodotto\/charleston-1636\/","name":"CHARLESTON - 1636","isPartOf":{"@id":"https:\/\/savio.it\/de\/#website"},"primaryImageOfPage":{"@id":"https:\/\/savio.it\/de\/prodotto\/charleston-1636\/#primaryimage"},"image":{"@id":"https:\/\/savio.it\/de\/prodotto\/charleston-1636\/#primaryimage"},"thumbnailUrl":"https:\/\/savio.it\/wp-content\/uploads\/2022\/06\/1636.jpg","datePublished":"2021-10-04T07:23:06+00:00","dateModified":"2024-06-28T12:31:58+00:00","description":"Paarweise T\u00fcrdr\u00fccker","breadcrumb":{"@id":"https:\/\/savio.it\/de\/prodotto\/charleston-1636\/#breadcrumb"},"inLanguage":"de","potentialAction":[{"@type":"ReadAction","target":["https:\/\/savio.it\/de\/prodotto\/charleston-1636\/"]}]},{"@type":"ImageObject","inLanguage":"de","@id":"https:\/\/savio.it\/de\/prodotto\/charleston-1636\/#primaryimage","url":"https:\/\/savio.it\/wp-content\/uploads\/2022\/06\/1636.jpg","contentUrl":"https:\/\/savio.it\/wp-content\/uploads\/2022\/06\/1636.jpg","width":1000,"height":1000},{"@type":"BreadcrumbList","@id":"https:\/\/savio.it\/de\/prodotto\/charleston-1636\/#breadcrumb","itemListElement":[{"@type":"ListItem","position":1,"name":"Home","item":"https:\/\/savio.it\/de\/"},{"@type":"ListItem","position":2,"name":"Produkte","item":"https:\/\/savio.it\/de\/prodotti\/"},{"@type":"ListItem","position":3,"name":"CHARLESTON &#8211; 1636"}]},{"@type":"WebSite","@id":"https:\/\/savio.it\/de\/#website","url":"https:\/\/savio.it\/de\/","name":"SAVIO","description":"Open mind for closing system","publisher":{"@id":"https:\/\/savio.it\/de\/#organization"},"potentialAction":[{"@type":"SearchAction","target":{"@type":"EntryPoint","urlTemplate":"https:\/\/savio.it\/de\/?s={search_term_string}"},"query-input":{"@type":"PropertyValueSpecification","valueRequired":true,"valueName":"search_term_string"}}],"inLanguage":"de"},{"@type":"Organization","@id":"https:\/\/savio.it\/de\/#organization","name":"SAVIO","url":"https:\/\/savio.it\/de\/","logo":{"@type":"ImageObject","inLanguage":"de","@id":"https:\/\/savio.it\/de\/#\/schema\/logo\/image\/","url":"https:\/\/savio.it\/wp-content\/uploads\/2021\/09\/cropped-Savio-logo.png","contentUrl":"https:\/\/savio.it\/wp-content\/uploads\/2021\/09\/cropped-Savio-logo.png","width":243,"height":64,"caption":"SAVIO"},"image":{"@id":"https:\/\/savio.it\/de\/#\/schema\/logo\/image\/"}}]}},"uagb_featured_image_src":{"full":["https:\/\/savio.it\/wp-content\/uploads\/2022\/06\/1636.jpg",1000,1000,false],"thumbnail":["https:\/\/savio.it\/wp-content\/uploads\/2022\/06\/1636-150x150.jpg",150,150,true],"medium":["https:\/\/savio.it\/wp-content\/uploads\/2022\/06\/1636-300x300.jpg",300,300,true],"medium_large":["https:\/\/savio.it\/wp-content\/uploads\/2022\/06\/1636-768x768.jpg",768,768,true],"large":["https:\/\/savio.it\/wp-content\/uploads\/2022\/06\/1636.jpg",1000,1000,false],"gs-tiny":["https:\/\/savio.it\/wp-content\/uploads\/2022\/06\/1636.jpg",50,50,false],"xl":["https:\/\/savio.it\/wp-content\/uploads\/2022\/06\/1636.jpg",1000,1000,false],"xxl":["https:\/\/savio.it\/wp-content\/uploads\/2022\/06\/1636.jpg",1000,1000,false],"xxxl":["https:\/\/savio.it\/wp-content\/uploads\/2022\/06\/1636.jpg",1000,1000,false],"xxxxl":["https:\/\/savio.it\/wp-content\/uploads\/2022\/06\/1636.jpg",1000,1000,false],"xxxxxl":["https:\/\/savio.it\/wp-content\/uploads\/2022\/06\/1636.jpg",1000,1000,false],"1536x1536":["https:\/\/savio.it\/wp-content\/uploads\/2022\/06\/1636.jpg",1000,1000,false],"2048x2048":["https:\/\/savio.it\/wp-content\/uploads\/2022\/06\/1636.jpg",1000,1000,false],"woocommerce_thumbnail":["https:\/\/savio.it\/wp-content\/uploads\/2022\/06\/1636-300x300.jpg",300,300,true],"woocommerce_single":["https:\/\/savio.it\/wp-content\/uploads\/2022\/06\/1636-600x600.jpg",600,600,true],"woocommerce_gallery_thumbnail":["https:\/\/savio.it\/wp-content\/uploads\/2022\/06\/1636-200x200.jpg",200,200,true]},"uagb_author_info":{"display_name":"admin_news","author_link":"https:\/\/savio.it\/de\/author\/"},"uagb_comment_info":0,"uagb_excerpt":"Paarweise T\u00fcrdr\u00fccker","_links":{"self":[{"href":"https:\/\/savio.it\/de\/wp-json\/wp\/v2\/product\/31776","targetHints":{"allow":["GET"]}}],"collection":[{"href":"https:\/\/savio.it\/de\/wp-json\/wp\/v2\/product"}],"about":[{"href":"https:\/\/savio.it\/de\/wp-json\/wp\/v2\/types\/product"}],"replies":[{"embeddable":true,"href":"https:\/\/savio.it\/de\/wp-json\/wp\/v2\/comments?post=31776"}],"wp:featuredmedia":[{"embeddable":true,"href":"https:\/\/savio.it\/de\/wp-json\/wp\/v2\/media\/109805"}],"wp:attachment":[{"href":"https:\/\/savio.it\/de\/wp-json\/wp\/v2\/media?parent=31776"}],"wp:term":[{"taxonomy":"product_brand","embeddable":true,"href":"https:\/\/savio.it\/de\/wp-json\/wp\/v2\/product_brand?post=31776"},{"taxonomy":"product_cat","embeddable":true,"href":"https:\/\/savio.it\/de\/wp-json\/wp\/v2\/product_cat?post=31776"},{"taxonomy":"product_tag","embeddable":true,"href":"https:\/\/savio.it\/de\/wp-json\/wp\/v2\/product_tag?post=31776"},{"taxonomy":"profilo","embeddable":true,"href":"https:\/\/savio.it\/de\/wp-json\/wp\/v2\/profilo?post=31776"},{"taxonomy":"finiture","embeddable":true,"href":"https:\/\/savio.it\/de\/wp-json\/wp\/v2\/finiture?post=31776"},{"taxonomy":"gruppo_anta","embeddable":true,"href":"https:\/\/savio.it\/de\/wp-json\/wp\/v2\/gruppo_anta?post=31776"}],"curies":[{"name":"wp","href":"https:\/\/api.w.org\/{rel}","templated":true}]}}