{"id":31885,"date":"2021-09-30T12:46:11","date_gmt":"2021-10-04T07:25:06","guid":{"rendered":"https:\/\/savio.ne-ws.it\/prodotto\/6010-874-6010-874\/"},"modified":"2024-06-28T09:33:39","modified_gmt":"2024-06-28T09:33:39","slug":"6010-874-6010-874","status":"publish","type":"product","link":"https:\/\/savio.it\/de\/prodotto\/6010-874-6010-874\/","title":{"rendered":"6010.874"},"content":{"rendered":"<p>Dr\u00fcckergarnitur f\u00fcr Au\u00dfenseite mit freilaufendem T\u00fcrdr\u00fccker aus lackiertem Zink-Druck Gu\u00df und verzinktem Stahl, Griffteil aus lackiertem Druckguss-Aluminium, Zylinder eine Kombination + 3 vernickelte Schl\u00fcssel, Vierkantstift aus wei\u00df verzinktem Stahl, 2 Senkschrauben M5x80 aus verzinktem Stahl.<\/p>\n","protected":false},"excerpt":{"rendered":"<p>Dr\u00fcckergarnitur f\u00fcr Au\u00dfenseite mit freilaufendem T\u00fcrdr\u00fccker, Zylinder eine Kombination<\/p>\n","protected":false},"featured_media":20611,"comment_status":"closed","ping_status":"closed","template":"","meta":{"_acf_changed":false,"_uag_custom_page_level_css":""},"product_brand":[],"product_cat":[12767,12599],"product_tag":[13130],"profilo":[12475,12476],"finiture":[12537,12541,12561,12575,12576],"gruppo_anta":[],"class_list":{"0":"post-31885","1":"product","2":"type-product","3":"status-publish","4":"has-post-thumbnail","6":"product_cat-6010-874","7":"product_cat-maniglioni-antipanico","8":"product_tag-updated-de","9":"profilo-serie-1400","10":"profilo-serie-6000","11":"finiture-12537","12":"finiture-12541","13":"finiture-grey","14":"finiture-silv","15":"finiture-slv","16":"description-off","18":"first","19":"onbackorder","20":"product-type-variable"},"acf":[],"yoast_head":"<!-- This site is optimized with the Yoast SEO plugin v27.2 - https:\/\/yoast.com\/product\/yoast-seo-wordpress\/ -->\n<title>6010.874 - 6010.874<\/title>\n<meta name=\"description\" content=\"Dr\u00fcckergarnitur f\u00fcr Au\u00dfenseite mit freilaufendem T\u00fcrdr\u00fccker, Zylinder eine Kombination\" \/>\n<meta name=\"robots\" content=\"index, follow, max-snippet:-1, max-image-preview:large, max-video-preview:-1\" \/>\n<link rel=\"canonical\" href=\"https:\/\/savio.it\/de\/prodotto\/6010-874-6010-874\/\" \/>\n<meta property=\"og:locale\" content=\"de_DE\" \/>\n<meta property=\"og:type\" content=\"article\" \/>\n<meta property=\"og:title\" content=\"6010.874 - 6010.874\" \/>\n<meta property=\"og:description\" content=\"Dr\u00fcckergarnitur f\u00fcr Au\u00dfenseite mit freilaufendem T\u00fcrdr\u00fccker, Zylinder eine Kombination\" \/>\n<meta property=\"og:url\" content=\"https:\/\/savio.it\/de\/prodotto\/6010-874-6010-874\/\" \/>\n<meta property=\"og:site_name\" content=\"SAVIO\" \/>\n<meta property=\"article:modified_time\" content=\"2024-06-28T09:33:39+00:00\" \/>\n<meta property=\"og:image\" content=\"https:\/\/savio.it\/wp-content\/uploads\/2021\/09\/6010_873-874-1.jpg\" \/>\n\t<meta property=\"og:image:width\" content=\"229\" \/>\n\t<meta property=\"og:image:height\" content=\"229\" \/>\n\t<meta property=\"og:image:type\" content=\"image\/jpeg\" \/>\n<meta name=\"twitter:card\" content=\"summary_large_image\" \/>\n<meta name=\"twitter:label1\" content=\"Gesch\u00e4tzte Lesezeit\" \/>\n\t<meta name=\"twitter:data1\" content=\"4\u00a0Minuten\" \/>\n<script type=\"application\/ld+json\" class=\"yoast-schema-graph\">{\"@context\":\"https:\/\/schema.org\",\"@graph\":[{\"@type\":\"WebPage\",\"@id\":\"https:\/\/savio.it\/de\/prodotto\/6010-874-6010-874\/\",\"url\":\"https:\/\/savio.it\/de\/prodotto\/6010-874-6010-874\/\",\"name\":\"6010.874 - 6010.874\",\"isPartOf\":{\"@id\":\"https:\/\/savio.it\/de\/#website\"},\"primaryImageOfPage\":{\"@id\":\"https:\/\/savio.it\/de\/prodotto\/6010-874-6010-874\/#primaryimage\"},\"image\":{\"@id\":\"https:\/\/savio.it\/de\/prodotto\/6010-874-6010-874\/#primaryimage\"},\"thumbnailUrl\":\"https:\/\/savio.it\/wp-content\/uploads\/2021\/09\/6010_873-874-1.jpg\",\"datePublished\":\"2021-10-04T07:25:06+00:00\",\"dateModified\":\"2024-06-28T09:33:39+00:00\",\"description\":\"Dr\u00fcckergarnitur f\u00fcr Au\u00dfenseite mit freilaufendem T\u00fcrdr\u00fccker, Zylinder eine Kombination\",\"breadcrumb\":{\"@id\":\"https:\/\/savio.it\/de\/prodotto\/6010-874-6010-874\/#breadcrumb\"},\"inLanguage\":\"de\",\"potentialAction\":[{\"@type\":\"ReadAction\",\"target\":[\"https:\/\/savio.it\/de\/prodotto\/6010-874-6010-874\/\"]}]},{\"@type\":\"ImageObject\",\"inLanguage\":\"de\",\"@id\":\"https:\/\/savio.it\/de\/prodotto\/6010-874-6010-874\/#primaryimage\",\"url\":\"https:\/\/savio.it\/wp-content\/uploads\/2021\/09\/6010_873-874-1.jpg\",\"contentUrl\":\"https:\/\/savio.it\/wp-content\/uploads\/2021\/09\/6010_873-874-1.jpg\",\"width\":229,\"height\":229},{\"@type\":\"BreadcrumbList\",\"@id\":\"https:\/\/savio.it\/de\/prodotto\/6010-874-6010-874\/#breadcrumb\",\"itemListElement\":[{\"@type\":\"ListItem\",\"position\":1,\"name\":\"Home\",\"item\":\"https:\/\/savio.it\/de\/\"},{\"@type\":\"ListItem\",\"position\":2,\"name\":\"Produkte\",\"item\":\"https:\/\/savio.it\/de\/prodotti\/\"},{\"@type\":\"ListItem\",\"position\":3,\"name\":\"6010.874\"}]},{\"@type\":\"WebSite\",\"@id\":\"https:\/\/savio.it\/de\/#website\",\"url\":\"https:\/\/savio.it\/de\/\",\"name\":\"SAVIO\",\"description\":\"Open mind for closing system\",\"publisher\":{\"@id\":\"https:\/\/savio.it\/de\/#organization\"},\"potentialAction\":[{\"@type\":\"SearchAction\",\"target\":{\"@type\":\"EntryPoint\",\"urlTemplate\":\"https:\/\/savio.it\/de\/?s={search_term_string}\"},\"query-input\":{\"@type\":\"PropertyValueSpecification\",\"valueRequired\":true,\"valueName\":\"search_term_string\"}}],\"inLanguage\":\"de\"},{\"@type\":\"Organization\",\"@id\":\"https:\/\/savio.it\/de\/#organization\",\"name\":\"SAVIO\",\"url\":\"https:\/\/savio.it\/de\/\",\"logo\":{\"@type\":\"ImageObject\",\"inLanguage\":\"de\",\"@id\":\"https:\/\/savio.it\/de\/#\/schema\/logo\/image\/\",\"url\":\"https:\/\/savio.it\/wp-content\/uploads\/2021\/09\/cropped-Savio-logo.png\",\"contentUrl\":\"https:\/\/savio.it\/wp-content\/uploads\/2021\/09\/cropped-Savio-logo.png\",\"width\":243,\"height\":64,\"caption\":\"SAVIO\"},\"image\":{\"@id\":\"https:\/\/savio.it\/de\/#\/schema\/logo\/image\/\"}}]}<\/script>\n<!-- \/ Yoast SEO plugin. -->","yoast_head_json":{"title":"6010.874 - 6010.874","description":"Dr\u00fcckergarnitur f\u00fcr Au\u00dfenseite mit freilaufendem T\u00fcrdr\u00fccker, Zylinder eine Kombination","robots":{"index":"index","follow":"follow","max-snippet":"max-snippet:-1","max-image-preview":"max-image-preview:large","max-video-preview":"max-video-preview:-1"},"canonical":"https:\/\/savio.it\/de\/prodotto\/6010-874-6010-874\/","og_locale":"de_DE","og_type":"article","og_title":"6010.874 - 6010.874","og_description":"Dr\u00fcckergarnitur f\u00fcr Au\u00dfenseite mit freilaufendem T\u00fcrdr\u00fccker, Zylinder eine Kombination","og_url":"https:\/\/savio.it\/de\/prodotto\/6010-874-6010-874\/","og_site_name":"SAVIO","article_modified_time":"2024-06-28T09:33:39+00:00","og_image":[{"width":229,"height":229,"url":"https:\/\/savio.it\/wp-content\/uploads\/2021\/09\/6010_873-874-1.jpg","type":"image\/jpeg"}],"twitter_card":"summary_large_image","twitter_misc":{"Gesch\u00e4tzte Lesezeit":"4\u00a0Minuten"},"schema":{"@context":"https:\/\/schema.org","@graph":[{"@type":"WebPage","@id":"https:\/\/savio.it\/de\/prodotto\/6010-874-6010-874\/","url":"https:\/\/savio.it\/de\/prodotto\/6010-874-6010-874\/","name":"6010.874 - 6010.874","isPartOf":{"@id":"https:\/\/savio.it\/de\/#website"},"primaryImageOfPage":{"@id":"https:\/\/savio.it\/de\/prodotto\/6010-874-6010-874\/#primaryimage"},"image":{"@id":"https:\/\/savio.it\/de\/prodotto\/6010-874-6010-874\/#primaryimage"},"thumbnailUrl":"https:\/\/savio.it\/wp-content\/uploads\/2021\/09\/6010_873-874-1.jpg","datePublished":"2021-10-04T07:25:06+00:00","dateModified":"2024-06-28T09:33:39+00:00","description":"Dr\u00fcckergarnitur f\u00fcr Au\u00dfenseite mit freilaufendem T\u00fcrdr\u00fccker, Zylinder eine Kombination","breadcrumb":{"@id":"https:\/\/savio.it\/de\/prodotto\/6010-874-6010-874\/#breadcrumb"},"inLanguage":"de","potentialAction":[{"@type":"ReadAction","target":["https:\/\/savio.it\/de\/prodotto\/6010-874-6010-874\/"]}]},{"@type":"ImageObject","inLanguage":"de","@id":"https:\/\/savio.it\/de\/prodotto\/6010-874-6010-874\/#primaryimage","url":"https:\/\/savio.it\/wp-content\/uploads\/2021\/09\/6010_873-874-1.jpg","contentUrl":"https:\/\/savio.it\/wp-content\/uploads\/2021\/09\/6010_873-874-1.jpg","width":229,"height":229},{"@type":"BreadcrumbList","@id":"https:\/\/savio.it\/de\/prodotto\/6010-874-6010-874\/#breadcrumb","itemListElement":[{"@type":"ListItem","position":1,"name":"Home","item":"https:\/\/savio.it\/de\/"},{"@type":"ListItem","position":2,"name":"Produkte","item":"https:\/\/savio.it\/de\/prodotti\/"},{"@type":"ListItem","position":3,"name":"6010.874"}]},{"@type":"WebSite","@id":"https:\/\/savio.it\/de\/#website","url":"https:\/\/savio.it\/de\/","name":"SAVIO","description":"Open mind for closing system","publisher":{"@id":"https:\/\/savio.it\/de\/#organization"},"potentialAction":[{"@type":"SearchAction","target":{"@type":"EntryPoint","urlTemplate":"https:\/\/savio.it\/de\/?s={search_term_string}"},"query-input":{"@type":"PropertyValueSpecification","valueRequired":true,"valueName":"search_term_string"}}],"inLanguage":"de"},{"@type":"Organization","@id":"https:\/\/savio.it\/de\/#organization","name":"SAVIO","url":"https:\/\/savio.it\/de\/","logo":{"@type":"ImageObject","inLanguage":"de","@id":"https:\/\/savio.it\/de\/#\/schema\/logo\/image\/","url":"https:\/\/savio.it\/wp-content\/uploads\/2021\/09\/cropped-Savio-logo.png","contentUrl":"https:\/\/savio.it\/wp-content\/uploads\/2021\/09\/cropped-Savio-logo.png","width":243,"height":64,"caption":"SAVIO"},"image":{"@id":"https:\/\/savio.it\/de\/#\/schema\/logo\/image\/"}}]}},"uagb_featured_image_src":{"full":["https:\/\/savio.it\/wp-content\/uploads\/2021\/09\/6010_873-874-1.jpg",229,229,false],"thumbnail":["https:\/\/savio.it\/wp-content\/uploads\/2021\/09\/6010_873-874-1-150x150.jpg",150,150,true],"medium":["https:\/\/savio.it\/wp-content\/uploads\/2021\/09\/6010_873-874-1.jpg",229,229,false],"medium_large":["https:\/\/savio.it\/wp-content\/uploads\/2021\/09\/6010_873-874-1.jpg",229,229,false],"large":["https:\/\/savio.it\/wp-content\/uploads\/2021\/09\/6010_873-874-1.jpg",229,229,false],"gs-tiny":["https:\/\/savio.it\/wp-content\/uploads\/2021\/09\/6010_873-874-1.jpg",50,50,false],"xl":["https:\/\/savio.it\/wp-content\/uploads\/2021\/09\/6010_873-874-1.jpg",229,229,false],"xxl":["https:\/\/savio.it\/wp-content\/uploads\/2021\/09\/6010_873-874-1.jpg",229,229,false],"xxxl":["https:\/\/savio.it\/wp-content\/uploads\/2021\/09\/6010_873-874-1.jpg",229,229,false],"xxxxl":["https:\/\/savio.it\/wp-content\/uploads\/2021\/09\/6010_873-874-1.jpg",229,229,false],"xxxxxl":["https:\/\/savio.it\/wp-content\/uploads\/2021\/09\/6010_873-874-1.jpg",229,229,false],"1536x1536":["https:\/\/savio.it\/wp-content\/uploads\/2021\/09\/6010_873-874-1.jpg",229,229,false],"2048x2048":["https:\/\/savio.it\/wp-content\/uploads\/2021\/09\/6010_873-874-1.jpg",229,229,false],"woocommerce_thumbnail":["https:\/\/savio.it\/wp-content\/uploads\/2021\/09\/6010_873-874-1.jpg",229,229,false],"woocommerce_single":["https:\/\/savio.it\/wp-content\/uploads\/2021\/09\/6010_873-874-1.jpg",229,229,false],"woocommerce_gallery_thumbnail":["https:\/\/savio.it\/wp-content\/uploads\/2021\/09\/6010_873-874-1-200x200.jpg",200,200,true]},"uagb_author_info":{"display_name":"admin_news","author_link":"https:\/\/savio.it\/de\/author\/"},"uagb_comment_info":0,"uagb_excerpt":"Dr\u00fcckergarnitur f\u00fcr Au\u00dfenseite mit freilaufendem T\u00fcrdr\u00fccker, Zylinder eine Kombination","_links":{"self":[{"href":"https:\/\/savio.it\/de\/wp-json\/wp\/v2\/product\/31885","targetHints":{"allow":["GET"]}}],"collection":[{"href":"https:\/\/savio.it\/de\/wp-json\/wp\/v2\/product"}],"about":[{"href":"https:\/\/savio.it\/de\/wp-json\/wp\/v2\/types\/product"}],"replies":[{"embeddable":true,"href":"https:\/\/savio.it\/de\/wp-json\/wp\/v2\/comments?post=31885"}],"wp:featuredmedia":[{"embeddable":true,"href":"https:\/\/savio.it\/de\/wp-json\/wp\/v2\/media\/20611"}],"wp:attachment":[{"href":"https:\/\/savio.it\/de\/wp-json\/wp\/v2\/media?parent=31885"}],"wp:term":[{"taxonomy":"product_brand","embeddable":true,"href":"https:\/\/savio.it\/de\/wp-json\/wp\/v2\/product_brand?post=31885"},{"taxonomy":"product_cat","embeddable":true,"href":"https:\/\/savio.it\/de\/wp-json\/wp\/v2\/product_cat?post=31885"},{"taxonomy":"product_tag","embeddable":true,"href":"https:\/\/savio.it\/de\/wp-json\/wp\/v2\/product_tag?post=31885"},{"taxonomy":"profilo","embeddable":true,"href":"https:\/\/savio.it\/de\/wp-json\/wp\/v2\/profilo?post=31885"},{"taxonomy":"finiture","embeddable":true,"href":"https:\/\/savio.it\/de\/wp-json\/wp\/v2\/finiture?post=31885"},{"taxonomy":"gruppo_anta","embeddable":true,"href":"https:\/\/savio.it\/de\/wp-json\/wp\/v2\/gruppo_anta?post=31885"}],"curies":[{"name":"wp","href":"https:\/\/api.w.org\/{rel}","templated":true}]}}