{"id":32035,"date":"2021-09-30T12:47:58","date_gmt":"2021-10-04T07:27:16","guid":{"rendered":"https:\/\/savio.ne-ws.it\/prodotto\/2154-7-100x\/"},"modified":"2024-06-28T09:23:35","modified_gmt":"2024-06-28T09:23:35","slug":"2154-7-100x","status":"publish","type":"product","link":"https:\/\/savio.it\/de\/prodotto\/2154-7-100x\/","title":{"rendered":"2154.7\/100X"},"content":{"rendered":"<p>Mehrfachverriegelung f\u00fcr Schiebet\u00fcren aus Edelstahl. Zwei Verschlu\u00dfpunkte mit Aushebelschutz und Fehlbedienungssperre, Dornma\u00df 7,5 mm, L\u00e4nge 1000 mm.<\/p>\n","protected":false},"excerpt":{"rendered":"<p>Mehrfachverriegelung f\u00fcr Schiebet\u00fcren. Dornma\u00df 7.5 mm, L\u00e4nge 1000 mm<\/p>\n","protected":false},"featured_media":131763,"comment_status":"closed","ping_status":"closed","template":"","meta":{"_acf_changed":false,"_uag_custom_page_level_css":""},"product_brand":[],"product_cat":[12600],"product_tag":[13130],"profilo":[12366,12367,12029,12404,12405,12117,12122,12120,12460,12024,12099,12162,12163,12033,12211,12336,12421,12422,12259,12260,12261,12025,12026,12027,12028,12432],"finiture":[],"gruppo_anta":[],"class_list":{"0":"post-32035","1":"product","2":"type-product","3":"status-publish","4":"has-post-thumbnail","6":"product_cat-accessori-per-scorrevoli","7":"product_tag-updated-de","8":"profilo-900-s","9":"profilo-900-s-tt","10":"profilo-all-co-wood-s","11":"profilo-atlantis-78-s","12":"profilo-atlantis-78-stt","13":"profilo-domal-40-s","14":"profilo-domal-slide-80","15":"profilo-domal-slide-pa-80","16":"profilo-ekos-60-s","17":"profilo-export-60-s","18":"profilo-export-65-s","19":"profilo-gold-650-s","20":"profilo-gold-650-st","21":"profilo-ks-50","22":"profilo-nc-60-int","23":"profilo-pe-60-s","24":"profilo-serie-40000","25":"profilo-serie-40600","26":"profilo-skeit-60","27":"profilo-skeit-60-super","28":"profilo-skeit-60-super-tt","29":"profilo-triall-co-65-s","30":"profilo-triall-co-65-tt","31":"profilo-triall-co-90-s","32":"profilo-triall-co-90-tt","33":"profilo-tt-sc-80","34":"description-off","36":"first","37":"onbackorder","38":"product-type-simple"},"acf":[],"yoast_head":"<!-- This site is optimized with the Yoast SEO plugin v27.2 - https:\/\/yoast.com\/product\/yoast-seo-wordpress\/ -->\n<title>2154.7\/100X<\/title>\n<meta name=\"description\" content=\"Mehrfachverriegelung f\u00fcr Schiebet\u00fcren. Dornma\u00df 7.5 mm, L\u00e4nge 1000 mm\" \/>\n<meta name=\"robots\" content=\"index, follow, max-snippet:-1, max-image-preview:large, max-video-preview:-1\" \/>\n<link rel=\"canonical\" href=\"https:\/\/savio.it\/de\/prodotto\/2154-7-100x\/\" \/>\n<meta property=\"og:locale\" content=\"de_DE\" \/>\n<meta property=\"og:type\" content=\"article\" \/>\n<meta property=\"og:title\" content=\"2154.7\/100X\" \/>\n<meta property=\"og:description\" content=\"Mehrfachverriegelung f\u00fcr Schiebet\u00fcren. Dornma\u00df 7.5 mm, L\u00e4nge 1000 mm\" \/>\n<meta property=\"og:url\" content=\"https:\/\/savio.it\/de\/prodotto\/2154-7-100x\/\" \/>\n<meta property=\"og:site_name\" content=\"SAVIO\" \/>\n<meta property=\"article:modified_time\" content=\"2024-06-28T09:23:35+00:00\" \/>\n<meta property=\"og:image\" content=\"https:\/\/savio.it\/wp-content\/uploads\/2022\/06\/2154_7-60X.jpg\" \/>\n\t<meta property=\"og:image:width\" content=\"1000\" \/>\n\t<meta property=\"og:image:height\" content=\"1000\" \/>\n\t<meta property=\"og:image:type\" content=\"image\/jpeg\" \/>\n<meta name=\"twitter:card\" content=\"summary_large_image\" \/>\n<meta name=\"twitter:label1\" content=\"Gesch\u00e4tzte Lesezeit\" \/>\n\t<meta name=\"twitter:data1\" content=\"4\u00a0Minuten\" \/>\n<script type=\"application\/ld+json\" class=\"yoast-schema-graph\">{\"@context\":\"https:\/\/schema.org\",\"@graph\":[{\"@type\":\"WebPage\",\"@id\":\"https:\/\/savio.it\/de\/prodotto\/2154-7-100x\/\",\"url\":\"https:\/\/savio.it\/de\/prodotto\/2154-7-100x\/\",\"name\":\"2154.7\/100X\",\"isPartOf\":{\"@id\":\"https:\/\/savio.it\/de\/#website\"},\"primaryImageOfPage\":{\"@id\":\"https:\/\/savio.it\/de\/prodotto\/2154-7-100x\/#primaryimage\"},\"image\":{\"@id\":\"https:\/\/savio.it\/de\/prodotto\/2154-7-100x\/#primaryimage\"},\"thumbnailUrl\":\"https:\/\/savio.it\/wp-content\/uploads\/2022\/06\/2154_7-60X.jpg\",\"datePublished\":\"2021-10-04T07:27:16+00:00\",\"dateModified\":\"2024-06-28T09:23:35+00:00\",\"description\":\"Mehrfachverriegelung f\u00fcr Schiebet\u00fcren. Dornma\u00df 7.5 mm, L\u00e4nge 1000 mm\",\"breadcrumb\":{\"@id\":\"https:\/\/savio.it\/de\/prodotto\/2154-7-100x\/#breadcrumb\"},\"inLanguage\":\"de\",\"potentialAction\":[{\"@type\":\"ReadAction\",\"target\":[\"https:\/\/savio.it\/de\/prodotto\/2154-7-100x\/\"]}]},{\"@type\":\"ImageObject\",\"inLanguage\":\"de\",\"@id\":\"https:\/\/savio.it\/de\/prodotto\/2154-7-100x\/#primaryimage\",\"url\":\"https:\/\/savio.it\/wp-content\/uploads\/2022\/06\/2154_7-60X.jpg\",\"contentUrl\":\"https:\/\/savio.it\/wp-content\/uploads\/2022\/06\/2154_7-60X.jpg\",\"width\":1000,\"height\":1000},{\"@type\":\"BreadcrumbList\",\"@id\":\"https:\/\/savio.it\/de\/prodotto\/2154-7-100x\/#breadcrumb\",\"itemListElement\":[{\"@type\":\"ListItem\",\"position\":1,\"name\":\"Home\",\"item\":\"https:\/\/savio.it\/de\/\"},{\"@type\":\"ListItem\",\"position\":2,\"name\":\"Produkte\",\"item\":\"https:\/\/savio.it\/de\/prodotti\/\"},{\"@type\":\"ListItem\",\"position\":3,\"name\":\"2154.7\/100X\"}]},{\"@type\":\"WebSite\",\"@id\":\"https:\/\/savio.it\/de\/#website\",\"url\":\"https:\/\/savio.it\/de\/\",\"name\":\"SAVIO\",\"description\":\"Open mind for closing system\",\"publisher\":{\"@id\":\"https:\/\/savio.it\/de\/#organization\"},\"potentialAction\":[{\"@type\":\"SearchAction\",\"target\":{\"@type\":\"EntryPoint\",\"urlTemplate\":\"https:\/\/savio.it\/de\/?s={search_term_string}\"},\"query-input\":{\"@type\":\"PropertyValueSpecification\",\"valueRequired\":true,\"valueName\":\"search_term_string\"}}],\"inLanguage\":\"de\"},{\"@type\":\"Organization\",\"@id\":\"https:\/\/savio.it\/de\/#organization\",\"name\":\"SAVIO\",\"url\":\"https:\/\/savio.it\/de\/\",\"logo\":{\"@type\":\"ImageObject\",\"inLanguage\":\"de\",\"@id\":\"https:\/\/savio.it\/de\/#\/schema\/logo\/image\/\",\"url\":\"https:\/\/savio.it\/wp-content\/uploads\/2021\/09\/cropped-Savio-logo.png\",\"contentUrl\":\"https:\/\/savio.it\/wp-content\/uploads\/2021\/09\/cropped-Savio-logo.png\",\"width\":243,\"height\":64,\"caption\":\"SAVIO\"},\"image\":{\"@id\":\"https:\/\/savio.it\/de\/#\/schema\/logo\/image\/\"}}]}<\/script>\n<!-- \/ Yoast SEO plugin. -->","yoast_head_json":{"title":"2154.7\/100X","description":"Mehrfachverriegelung f\u00fcr Schiebet\u00fcren. Dornma\u00df 7.5 mm, L\u00e4nge 1000 mm","robots":{"index":"index","follow":"follow","max-snippet":"max-snippet:-1","max-image-preview":"max-image-preview:large","max-video-preview":"max-video-preview:-1"},"canonical":"https:\/\/savio.it\/de\/prodotto\/2154-7-100x\/","og_locale":"de_DE","og_type":"article","og_title":"2154.7\/100X","og_description":"Mehrfachverriegelung f\u00fcr Schiebet\u00fcren. Dornma\u00df 7.5 mm, L\u00e4nge 1000 mm","og_url":"https:\/\/savio.it\/de\/prodotto\/2154-7-100x\/","og_site_name":"SAVIO","article_modified_time":"2024-06-28T09:23:35+00:00","og_image":[{"width":1000,"height":1000,"url":"https:\/\/savio.it\/wp-content\/uploads\/2022\/06\/2154_7-60X.jpg","type":"image\/jpeg"}],"twitter_card":"summary_large_image","twitter_misc":{"Gesch\u00e4tzte Lesezeit":"4\u00a0Minuten"},"schema":{"@context":"https:\/\/schema.org","@graph":[{"@type":"WebPage","@id":"https:\/\/savio.it\/de\/prodotto\/2154-7-100x\/","url":"https:\/\/savio.it\/de\/prodotto\/2154-7-100x\/","name":"2154.7\/100X","isPartOf":{"@id":"https:\/\/savio.it\/de\/#website"},"primaryImageOfPage":{"@id":"https:\/\/savio.it\/de\/prodotto\/2154-7-100x\/#primaryimage"},"image":{"@id":"https:\/\/savio.it\/de\/prodotto\/2154-7-100x\/#primaryimage"},"thumbnailUrl":"https:\/\/savio.it\/wp-content\/uploads\/2022\/06\/2154_7-60X.jpg","datePublished":"2021-10-04T07:27:16+00:00","dateModified":"2024-06-28T09:23:35+00:00","description":"Mehrfachverriegelung f\u00fcr Schiebet\u00fcren. Dornma\u00df 7.5 mm, L\u00e4nge 1000 mm","breadcrumb":{"@id":"https:\/\/savio.it\/de\/prodotto\/2154-7-100x\/#breadcrumb"},"inLanguage":"de","potentialAction":[{"@type":"ReadAction","target":["https:\/\/savio.it\/de\/prodotto\/2154-7-100x\/"]}]},{"@type":"ImageObject","inLanguage":"de","@id":"https:\/\/savio.it\/de\/prodotto\/2154-7-100x\/#primaryimage","url":"https:\/\/savio.it\/wp-content\/uploads\/2022\/06\/2154_7-60X.jpg","contentUrl":"https:\/\/savio.it\/wp-content\/uploads\/2022\/06\/2154_7-60X.jpg","width":1000,"height":1000},{"@type":"BreadcrumbList","@id":"https:\/\/savio.it\/de\/prodotto\/2154-7-100x\/#breadcrumb","itemListElement":[{"@type":"ListItem","position":1,"name":"Home","item":"https:\/\/savio.it\/de\/"},{"@type":"ListItem","position":2,"name":"Produkte","item":"https:\/\/savio.it\/de\/prodotti\/"},{"@type":"ListItem","position":3,"name":"2154.7\/100X"}]},{"@type":"WebSite","@id":"https:\/\/savio.it\/de\/#website","url":"https:\/\/savio.it\/de\/","name":"SAVIO","description":"Open mind for closing system","publisher":{"@id":"https:\/\/savio.it\/de\/#organization"},"potentialAction":[{"@type":"SearchAction","target":{"@type":"EntryPoint","urlTemplate":"https:\/\/savio.it\/de\/?s={search_term_string}"},"query-input":{"@type":"PropertyValueSpecification","valueRequired":true,"valueName":"search_term_string"}}],"inLanguage":"de"},{"@type":"Organization","@id":"https:\/\/savio.it\/de\/#organization","name":"SAVIO","url":"https:\/\/savio.it\/de\/","logo":{"@type":"ImageObject","inLanguage":"de","@id":"https:\/\/savio.it\/de\/#\/schema\/logo\/image\/","url":"https:\/\/savio.it\/wp-content\/uploads\/2021\/09\/cropped-Savio-logo.png","contentUrl":"https:\/\/savio.it\/wp-content\/uploads\/2021\/09\/cropped-Savio-logo.png","width":243,"height":64,"caption":"SAVIO"},"image":{"@id":"https:\/\/savio.it\/de\/#\/schema\/logo\/image\/"}}]}},"uagb_featured_image_src":{"full":["https:\/\/savio.it\/wp-content\/uploads\/2022\/06\/2154_7-60X.jpg",1000,1000,false],"thumbnail":["https:\/\/savio.it\/wp-content\/uploads\/2022\/06\/2154_7-60X-150x150.jpg",150,150,true],"medium":["https:\/\/savio.it\/wp-content\/uploads\/2022\/06\/2154_7-60X-300x300.jpg",300,300,true],"medium_large":["https:\/\/savio.it\/wp-content\/uploads\/2022\/06\/2154_7-60X-768x768.jpg",768,768,true],"large":["https:\/\/savio.it\/wp-content\/uploads\/2022\/06\/2154_7-60X.jpg",1000,1000,false],"gs-tiny":["https:\/\/savio.it\/wp-content\/uploads\/2022\/06\/2154_7-60X.jpg",50,50,false],"xl":["https:\/\/savio.it\/wp-content\/uploads\/2022\/06\/2154_7-60X.jpg",1000,1000,false],"xxl":["https:\/\/savio.it\/wp-content\/uploads\/2022\/06\/2154_7-60X.jpg",1000,1000,false],"xxxl":["https:\/\/savio.it\/wp-content\/uploads\/2022\/06\/2154_7-60X.jpg",1000,1000,false],"xxxxl":["https:\/\/savio.it\/wp-content\/uploads\/2022\/06\/2154_7-60X.jpg",1000,1000,false],"xxxxxl":["https:\/\/savio.it\/wp-content\/uploads\/2022\/06\/2154_7-60X.jpg",1000,1000,false],"1536x1536":["https:\/\/savio.it\/wp-content\/uploads\/2022\/06\/2154_7-60X.jpg",1000,1000,false],"2048x2048":["https:\/\/savio.it\/wp-content\/uploads\/2022\/06\/2154_7-60X.jpg",1000,1000,false],"woocommerce_thumbnail":["https:\/\/savio.it\/wp-content\/uploads\/2022\/06\/2154_7-60X-300x300.jpg",300,300,true],"woocommerce_single":["https:\/\/savio.it\/wp-content\/uploads\/2022\/06\/2154_7-60X-600x600.jpg",600,600,true],"woocommerce_gallery_thumbnail":["https:\/\/savio.it\/wp-content\/uploads\/2022\/06\/2154_7-60X-200x200.jpg",200,200,true]},"uagb_author_info":{"display_name":"admin_news","author_link":"https:\/\/savio.it\/de\/author\/"},"uagb_comment_info":0,"uagb_excerpt":"Mehrfachverriegelung f\u00fcr Schiebet\u00fcren. Dornma\u00df 7.5 mm, L\u00e4nge 1000 mm","_links":{"self":[{"href":"https:\/\/savio.it\/de\/wp-json\/wp\/v2\/product\/32035","targetHints":{"allow":["GET"]}}],"collection":[{"href":"https:\/\/savio.it\/de\/wp-json\/wp\/v2\/product"}],"about":[{"href":"https:\/\/savio.it\/de\/wp-json\/wp\/v2\/types\/product"}],"replies":[{"embeddable":true,"href":"https:\/\/savio.it\/de\/wp-json\/wp\/v2\/comments?post=32035"}],"wp:featuredmedia":[{"embeddable":true,"href":"https:\/\/savio.it\/de\/wp-json\/wp\/v2\/media\/131763"}],"wp:attachment":[{"href":"https:\/\/savio.it\/de\/wp-json\/wp\/v2\/media?parent=32035"}],"wp:term":[{"taxonomy":"product_brand","embeddable":true,"href":"https:\/\/savio.it\/de\/wp-json\/wp\/v2\/product_brand?post=32035"},{"taxonomy":"product_cat","embeddable":true,"href":"https:\/\/savio.it\/de\/wp-json\/wp\/v2\/product_cat?post=32035"},{"taxonomy":"product_tag","embeddable":true,"href":"https:\/\/savio.it\/de\/wp-json\/wp\/v2\/product_tag?post=32035"},{"taxonomy":"profilo","embeddable":true,"href":"https:\/\/savio.it\/de\/wp-json\/wp\/v2\/profilo?post=32035"},{"taxonomy":"finiture","embeddable":true,"href":"https:\/\/savio.it\/de\/wp-json\/wp\/v2\/finiture?post=32035"},{"taxonomy":"gruppo_anta","embeddable":true,"href":"https:\/\/savio.it\/de\/wp-json\/wp\/v2\/gruppo_anta?post=32035"}],"curies":[{"name":"wp","href":"https:\/\/api.w.org\/{rel}","templated":true}]}}