{"id":32107,"date":"2021-09-30T12:48:50","date_gmt":"2021-10-04T07:28:10","guid":{"rendered":"https:\/\/savio.ne-ws.it\/prodotto\/slideart-ts-2401-1\/"},"modified":"2024-06-28T12:19:53","modified_gmt":"2024-06-28T12:19:53","slug":"slideart-ts-2401-1","status":"publish","type":"product","link":"https:\/\/savio.it\/de\/prodotto\/slideart-ts-2401-1\/","title":{"rendered":"SLIDEART TS &#8211; 2401.1"},"content":{"rendered":"<p>Basis Kit links (komplett) mit einem Rollenpaar aus Aluminium, Zink Druck Gu\u00df und Edelstahl. 2 F\u00fchrungen, 1 linke und rechte Kipp Scheere aus Edelstahl und Zink Druck Gu\u00df. 2 Edelstahl Gegenplatten. Schrauben, Abstandshalter und 2 Verst\u00e4rkungen aus schwarzem Nylon. 2 TORX\u00ae (T25) Schrauben M5x12, 5 TORX\u00ae (T25) Schrauben 4.8&#215;25, 9 TORX\u00ae (T25) Schrauben 4.8&#215;50 und 8 TORX\u00ae (T20) Senkschrauben 4.2&#215;25 aus Edelstahl. Tragkraft: 2 Rollen max. 100 kg.<\/p>\n","protected":false},"excerpt":{"rendered":"<p>Kipp-Schiebe Kit links<\/p>\n","protected":false},"featured_media":82629,"comment_status":"closed","ping_status":"closed","template":"","meta":{"_acf_changed":false,"_uag_custom_page_level_css":""},"product_brand":[],"product_cat":[12791,12601],"product_tag":[13130],"profilo":[11995,11996,12040,12393,12395,12398,12061,12062,12479,12480,12481,12411,12412,12104,12134,12136,12111,12125,12139,12267,12320,12346,12321,12323,12324,12345,12325,11980,11982,12417,12425,12427,12429,12006,12095,12008,12010,12098,12011,12035,12034,12152,12164,12166,12154,12155,12157,12482,12483,12470,12468,12469,12012,12014,12015,12016,12247,12266,12248,12249,12186,12187,12196,12198,12218,12220,12199,12200,12201,12202,12064,12270,12289,12271,12288,12272,12308,12309,12273,11970,11968,11972,12170,12172,12175,12177,12178,12085,11988,11990,11991,11993,11994,12409,12410,12088,12090,12086,12357,12356,12359,12364,12229,12051,12052,12045,12070,12073,12074,12075,12081,12419,12246,12435,12436,12274,12276,12304,12293,12299,12297,12311,12313,12314],"finiture":[],"gruppo_anta":[],"class_list":{"0":"post-32107","1":"product","2":"type-product","3":"status-publish","4":"has-post-thumbnail","6":"product_cat-slideart-ts","7":"product_cat-vasistas-scorrevole","8":"product_tag-updated-de","9":"profilo-alfil-a54rpt","10":"profilo-alfil-a65rpt","11":"profilo-allco-tec-72","12":"profilo-atlantis-45","13":"profilo-atlantis-55-tt","14":"profilo-atlantis-68-tt","15":"profilo-bga-50","16":"profilo-bga-50-arrotondato","17":"profilo-bronze-window","18":"profilo-calm-door","19":"profilo-calm-window","20":"profilo-cx-600","21":"profilo-cx-700","22":"profilo-domal-break-pa-52","23":"profilo-domal-bright-pa-70-s","24":"profilo-domal-extratermic-62","25":"profilo-domal-stopper-pg","26":"profilo-domal-stopper-pg-63","27":"profilo-domal-top-tb-65","28":"profilo-ekip-th-83","29":"profilo-eku-40","30":"profilo-eku-52-tt","31":"profilo-eku-53","32":"profilo-eku-53-tt","33":"profilo-eku-64-tt","34":"profilo-eku-66-tt","35":"profilo-eku-72-tt","36":"profilo-esedra-ga-53","37":"profilo-esedra-tt-63","38":"profilo-et-45-sormonto","39":"profilo-et-67-3-tt","40":"profilo-et-68-2-tt","41":"profilo-et-75-3-tt","42":"profilo-export-45","43":"profilo-export-45-t","44":"profilo-export-45-tt","45":"profilo-export-50","46":"profilo-export-50-t","47":"profilo-export-50-tt","48":"profilo-export-51-tt","49":"profilo-export-68-tt","50":"profilo-gold-400","51":"profilo-gold-450","52":"profilo-gold-450-tt","53":"profilo-gold-490-tt","54":"profilo-gold-500","55":"profilo-gold-600","56":"profilo-golden-silver-door","57":"profilo-golden-silver-window","58":"profilo-hf-580","59":"profilo-hp-600","60":"profilo-hp-700","61":"profilo-k-40","62":"profilo-k-45t","63":"profilo-k-64t","64":"profilo-k-70t","65":"profilo-maastricht-53","66":"profilo-maastricht-light","67":"profilo-maastricht-th-60","68":"profilo-maastricht-th-68","69":"profilo-mx-50","70":"profilo-mx-70","71":"profilo-nc-45-int","72":"profilo-nc-45-sth","73":"profilo-nc-50-i","74":"profilo-nc-50-sth","75":"profilo-nc-55-int","76":"profilo-nc-65-sth","77":"profilo-nc-68-sth","78":"profilo-nc-72-sth","79":"profilo-new-bt-60-tt","80":"profilo-new-tec-50","81":"profilo-new-tec-50-classic","82":"profilo-new-tec-52-tt","83":"profilo-new-tec-52-tt-classic","84":"profilo-new-tec-60-tt","85":"profilo-new-tec-65","86":"profilo-new-tec-65-classic","87":"profilo-new-tec-68-tt","88":"profilo-planet-45","89":"profilo-planet-50-tt","90":"profilo-planet-62-tt","91":"profilo-plathina-60-classica","92":"profilo-plathina-60-flat-classica","93":"profilo-plathina-69-classica","94":"profilo-plathina-69-flat-classica","95":"profilo-plathina-75-classica","96":"profilo-prestige-73-tt","97":"profilo-r-40","98":"profilo-r-50","99":"profilo-r-50-tt-barra-cont","100":"profilo-r-62-tt","101":"profilo-r-72-tt","102":"profilo-rx-600","103":"profilo-rx-700","104":"profilo-serie-8000","105":"profilo-serie-8000-tt","106":"profilo-slim-70-tt","107":"profilo-start-470-tt","108":"profilo-start-510","109":"profilo-start-640-tt","110":"profilo-start-760-tt","111":"profilo-superblindo","112":"profilo-synthesis-52","113":"profilo-synthesis-52-tt","114":"profilo-synthesis-57","115":"profilo-tecno-50","116":"profilo-tecno-50-tt","117":"profilo-tecno-60-tt","118":"profilo-tecno-68-tt","119":"profilo-tecno-76-tt","120":"profilo-tt-50","121":"profilo-venice-th16","122":"profilo-vuerre-53-tt","123":"profilo-vuerre-70-tt","124":"profilo-windstop-45","125":"profilo-windstop-45-tt","126":"profilo-windstop-45-tt-classic","127":"profilo-windstop-55-tt","128":"profilo-windstop-55-tt-classic","129":"profilo-windstop-65-tt","130":"profilo-windstop-73-tt","131":"profilo-ws-65-thi","132":"profilo-ws-75-thi","133":"description-off","135":"first","136":"onbackorder","137":"product-type-simple"},"acf":[],"yoast_head":"<!-- This site is optimized with the Yoast SEO plugin v27.2 - https:\/\/yoast.com\/product\/yoast-seo-wordpress\/ -->\n<title>SLIDEART TS - 2401.1<\/title>\n<meta name=\"description\" content=\"Kipp-Schiebe Kit links\" \/>\n<meta name=\"robots\" content=\"index, follow, max-snippet:-1, max-image-preview:large, max-video-preview:-1\" \/>\n<link rel=\"canonical\" href=\"https:\/\/savio.it\/de\/prodotto\/slideart-ts-2401-1\/\" \/>\n<meta property=\"og:locale\" content=\"de_DE\" \/>\n<meta property=\"og:type\" content=\"article\" \/>\n<meta property=\"og:title\" content=\"SLIDEART TS - 2401.1\" \/>\n<meta property=\"og:description\" content=\"Kipp-Schiebe Kit links\" \/>\n<meta property=\"og:url\" content=\"https:\/\/savio.it\/de\/prodotto\/slideart-ts-2401-1\/\" \/>\n<meta property=\"og:site_name\" content=\"SAVIO\" \/>\n<meta property=\"article:modified_time\" content=\"2024-06-28T12:19:53+00:00\" \/>\n<meta property=\"og:image\" content=\"https:\/\/savio.it\/wp-content\/uploads\/2022\/06\/2401_1.jpg\" \/>\n\t<meta property=\"og:image:width\" content=\"1000\" \/>\n\t<meta property=\"og:image:height\" content=\"1000\" \/>\n\t<meta property=\"og:image:type\" content=\"image\/jpeg\" \/>\n<meta name=\"twitter:card\" content=\"summary_large_image\" \/>\n<meta name=\"twitter:label1\" content=\"Gesch\u00e4tzte Lesezeit\" \/>\n\t<meta name=\"twitter:data1\" content=\"4\u00a0Minuten\" \/>\n<script type=\"application\/ld+json\" class=\"yoast-schema-graph\">{\"@context\":\"https:\/\/schema.org\",\"@graph\":[{\"@type\":\"WebPage\",\"@id\":\"https:\/\/savio.it\/de\/prodotto\/slideart-ts-2401-1\/\",\"url\":\"https:\/\/savio.it\/de\/prodotto\/slideart-ts-2401-1\/\",\"name\":\"SLIDEART TS - 2401.1\",\"isPartOf\":{\"@id\":\"https:\/\/savio.it\/de\/#website\"},\"primaryImageOfPage\":{\"@id\":\"https:\/\/savio.it\/de\/prodotto\/slideart-ts-2401-1\/#primaryimage\"},\"image\":{\"@id\":\"https:\/\/savio.it\/de\/prodotto\/slideart-ts-2401-1\/#primaryimage\"},\"thumbnailUrl\":\"https:\/\/savio.it\/wp-content\/uploads\/2022\/06\/2401_1.jpg\",\"datePublished\":\"2021-10-04T07:28:10+00:00\",\"dateModified\":\"2024-06-28T12:19:53+00:00\",\"description\":\"Kipp-Schiebe Kit links\",\"breadcrumb\":{\"@id\":\"https:\/\/savio.it\/de\/prodotto\/slideart-ts-2401-1\/#breadcrumb\"},\"inLanguage\":\"de\",\"potentialAction\":[{\"@type\":\"ReadAction\",\"target\":[\"https:\/\/savio.it\/de\/prodotto\/slideart-ts-2401-1\/\"]}]},{\"@type\":\"ImageObject\",\"inLanguage\":\"de\",\"@id\":\"https:\/\/savio.it\/de\/prodotto\/slideart-ts-2401-1\/#primaryimage\",\"url\":\"https:\/\/savio.it\/wp-content\/uploads\/2022\/06\/2401_1.jpg\",\"contentUrl\":\"https:\/\/savio.it\/wp-content\/uploads\/2022\/06\/2401_1.jpg\",\"width\":1000,\"height\":1000},{\"@type\":\"BreadcrumbList\",\"@id\":\"https:\/\/savio.it\/de\/prodotto\/slideart-ts-2401-1\/#breadcrumb\",\"itemListElement\":[{\"@type\":\"ListItem\",\"position\":1,\"name\":\"Home\",\"item\":\"https:\/\/savio.it\/de\/\"},{\"@type\":\"ListItem\",\"position\":2,\"name\":\"Produkte\",\"item\":\"https:\/\/savio.it\/de\/prodotti\/\"},{\"@type\":\"ListItem\",\"position\":3,\"name\":\"SLIDEART TS &#8211; 2401.1\"}]},{\"@type\":\"WebSite\",\"@id\":\"https:\/\/savio.it\/de\/#website\",\"url\":\"https:\/\/savio.it\/de\/\",\"name\":\"SAVIO\",\"description\":\"Open mind for closing system\",\"publisher\":{\"@id\":\"https:\/\/savio.it\/de\/#organization\"},\"potentialAction\":[{\"@type\":\"SearchAction\",\"target\":{\"@type\":\"EntryPoint\",\"urlTemplate\":\"https:\/\/savio.it\/de\/?s={search_term_string}\"},\"query-input\":{\"@type\":\"PropertyValueSpecification\",\"valueRequired\":true,\"valueName\":\"search_term_string\"}}],\"inLanguage\":\"de\"},{\"@type\":\"Organization\",\"@id\":\"https:\/\/savio.it\/de\/#organization\",\"name\":\"SAVIO\",\"url\":\"https:\/\/savio.it\/de\/\",\"logo\":{\"@type\":\"ImageObject\",\"inLanguage\":\"de\",\"@id\":\"https:\/\/savio.it\/de\/#\/schema\/logo\/image\/\",\"url\":\"https:\/\/savio.it\/wp-content\/uploads\/2021\/09\/cropped-Savio-logo.png\",\"contentUrl\":\"https:\/\/savio.it\/wp-content\/uploads\/2021\/09\/cropped-Savio-logo.png\",\"width\":243,\"height\":64,\"caption\":\"SAVIO\"},\"image\":{\"@id\":\"https:\/\/savio.it\/de\/#\/schema\/logo\/image\/\"}}]}<\/script>\n<!-- \/ Yoast SEO plugin. -->","yoast_head_json":{"title":"SLIDEART TS - 2401.1","description":"Kipp-Schiebe Kit links","robots":{"index":"index","follow":"follow","max-snippet":"max-snippet:-1","max-image-preview":"max-image-preview:large","max-video-preview":"max-video-preview:-1"},"canonical":"https:\/\/savio.it\/de\/prodotto\/slideart-ts-2401-1\/","og_locale":"de_DE","og_type":"article","og_title":"SLIDEART TS - 2401.1","og_description":"Kipp-Schiebe Kit links","og_url":"https:\/\/savio.it\/de\/prodotto\/slideart-ts-2401-1\/","og_site_name":"SAVIO","article_modified_time":"2024-06-28T12:19:53+00:00","og_image":[{"width":1000,"height":1000,"url":"https:\/\/savio.it\/wp-content\/uploads\/2022\/06\/2401_1.jpg","type":"image\/jpeg"}],"twitter_card":"summary_large_image","twitter_misc":{"Gesch\u00e4tzte Lesezeit":"4\u00a0Minuten"},"schema":{"@context":"https:\/\/schema.org","@graph":[{"@type":"WebPage","@id":"https:\/\/savio.it\/de\/prodotto\/slideart-ts-2401-1\/","url":"https:\/\/savio.it\/de\/prodotto\/slideart-ts-2401-1\/","name":"SLIDEART TS - 2401.1","isPartOf":{"@id":"https:\/\/savio.it\/de\/#website"},"primaryImageOfPage":{"@id":"https:\/\/savio.it\/de\/prodotto\/slideart-ts-2401-1\/#primaryimage"},"image":{"@id":"https:\/\/savio.it\/de\/prodotto\/slideart-ts-2401-1\/#primaryimage"},"thumbnailUrl":"https:\/\/savio.it\/wp-content\/uploads\/2022\/06\/2401_1.jpg","datePublished":"2021-10-04T07:28:10+00:00","dateModified":"2024-06-28T12:19:53+00:00","description":"Kipp-Schiebe Kit links","breadcrumb":{"@id":"https:\/\/savio.it\/de\/prodotto\/slideart-ts-2401-1\/#breadcrumb"},"inLanguage":"de","potentialAction":[{"@type":"ReadAction","target":["https:\/\/savio.it\/de\/prodotto\/slideart-ts-2401-1\/"]}]},{"@type":"ImageObject","inLanguage":"de","@id":"https:\/\/savio.it\/de\/prodotto\/slideart-ts-2401-1\/#primaryimage","url":"https:\/\/savio.it\/wp-content\/uploads\/2022\/06\/2401_1.jpg","contentUrl":"https:\/\/savio.it\/wp-content\/uploads\/2022\/06\/2401_1.jpg","width":1000,"height":1000},{"@type":"BreadcrumbList","@id":"https:\/\/savio.it\/de\/prodotto\/slideart-ts-2401-1\/#breadcrumb","itemListElement":[{"@type":"ListItem","position":1,"name":"Home","item":"https:\/\/savio.it\/de\/"},{"@type":"ListItem","position":2,"name":"Produkte","item":"https:\/\/savio.it\/de\/prodotti\/"},{"@type":"ListItem","position":3,"name":"SLIDEART TS &#8211; 2401.1"}]},{"@type":"WebSite","@id":"https:\/\/savio.it\/de\/#website","url":"https:\/\/savio.it\/de\/","name":"SAVIO","description":"Open mind for closing system","publisher":{"@id":"https:\/\/savio.it\/de\/#organization"},"potentialAction":[{"@type":"SearchAction","target":{"@type":"EntryPoint","urlTemplate":"https:\/\/savio.it\/de\/?s={search_term_string}"},"query-input":{"@type":"PropertyValueSpecification","valueRequired":true,"valueName":"search_term_string"}}],"inLanguage":"de"},{"@type":"Organization","@id":"https:\/\/savio.it\/de\/#organization","name":"SAVIO","url":"https:\/\/savio.it\/de\/","logo":{"@type":"ImageObject","inLanguage":"de","@id":"https:\/\/savio.it\/de\/#\/schema\/logo\/image\/","url":"https:\/\/savio.it\/wp-content\/uploads\/2021\/09\/cropped-Savio-logo.png","contentUrl":"https:\/\/savio.it\/wp-content\/uploads\/2021\/09\/cropped-Savio-logo.png","width":243,"height":64,"caption":"SAVIO"},"image":{"@id":"https:\/\/savio.it\/de\/#\/schema\/logo\/image\/"}}]}},"uagb_featured_image_src":{"full":["https:\/\/savio.it\/wp-content\/uploads\/2022\/06\/2401_1.jpg",1000,1000,false],"thumbnail":["https:\/\/savio.it\/wp-content\/uploads\/2022\/06\/2401_1-150x150.jpg",150,150,true],"medium":["https:\/\/savio.it\/wp-content\/uploads\/2022\/06\/2401_1-300x300.jpg",300,300,true],"medium_large":["https:\/\/savio.it\/wp-content\/uploads\/2022\/06\/2401_1-768x768.jpg",768,768,true],"large":["https:\/\/savio.it\/wp-content\/uploads\/2022\/06\/2401_1.jpg",1000,1000,false],"gs-tiny":["https:\/\/savio.it\/wp-content\/uploads\/2022\/06\/2401_1.jpg",50,50,false],"xl":["https:\/\/savio.it\/wp-content\/uploads\/2022\/06\/2401_1.jpg",1000,1000,false],"xxl":["https:\/\/savio.it\/wp-content\/uploads\/2022\/06\/2401_1.jpg",1000,1000,false],"xxxl":["https:\/\/savio.it\/wp-content\/uploads\/2022\/06\/2401_1.jpg",1000,1000,false],"xxxxl":["https:\/\/savio.it\/wp-content\/uploads\/2022\/06\/2401_1.jpg",1000,1000,false],"xxxxxl":["https:\/\/savio.it\/wp-content\/uploads\/2022\/06\/2401_1.jpg",1000,1000,false],"1536x1536":["https:\/\/savio.it\/wp-content\/uploads\/2022\/06\/2401_1.jpg",1000,1000,false],"2048x2048":["https:\/\/savio.it\/wp-content\/uploads\/2022\/06\/2401_1.jpg",1000,1000,false],"woocommerce_thumbnail":["https:\/\/savio.it\/wp-content\/uploads\/2022\/06\/2401_1-300x300.jpg",300,300,true],"woocommerce_single":["https:\/\/savio.it\/wp-content\/uploads\/2022\/06\/2401_1-600x600.jpg",600,600,true],"woocommerce_gallery_thumbnail":["https:\/\/savio.it\/wp-content\/uploads\/2022\/06\/2401_1-200x200.jpg",200,200,true]},"uagb_author_info":{"display_name":"admin_news","author_link":"https:\/\/savio.it\/de\/author\/"},"uagb_comment_info":0,"uagb_excerpt":"Kipp-Schiebe Kit links","_links":{"self":[{"href":"https:\/\/savio.it\/de\/wp-json\/wp\/v2\/product\/32107","targetHints":{"allow":["GET"]}}],"collection":[{"href":"https:\/\/savio.it\/de\/wp-json\/wp\/v2\/product"}],"about":[{"href":"https:\/\/savio.it\/de\/wp-json\/wp\/v2\/types\/product"}],"replies":[{"embeddable":true,"href":"https:\/\/savio.it\/de\/wp-json\/wp\/v2\/comments?post=32107"}],"wp:featuredmedia":[{"embeddable":true,"href":"https:\/\/savio.it\/de\/wp-json\/wp\/v2\/media\/82629"}],"wp:attachment":[{"href":"https:\/\/savio.it\/de\/wp-json\/wp\/v2\/media?parent=32107"}],"wp:term":[{"taxonomy":"product_brand","embeddable":true,"href":"https:\/\/savio.it\/de\/wp-json\/wp\/v2\/product_brand?post=32107"},{"taxonomy":"product_cat","embeddable":true,"href":"https:\/\/savio.it\/de\/wp-json\/wp\/v2\/product_cat?post=32107"},{"taxonomy":"product_tag","embeddable":true,"href":"https:\/\/savio.it\/de\/wp-json\/wp\/v2\/product_tag?post=32107"},{"taxonomy":"profilo","embeddable":true,"href":"https:\/\/savio.it\/de\/wp-json\/wp\/v2\/profilo?post=32107"},{"taxonomy":"finiture","embeddable":true,"href":"https:\/\/savio.it\/de\/wp-json\/wp\/v2\/finiture?post=32107"},{"taxonomy":"gruppo_anta","embeddable":true,"href":"https:\/\/savio.it\/de\/wp-json\/wp\/v2\/gruppo_anta?post=32107"}],"curies":[{"name":"wp","href":"https:\/\/api.w.org\/{rel}","templated":true}]}}