{"id":156523,"date":"2025-02-04T13:35:22","date_gmt":"2025-02-04T13:35:22","guid":{"rendered":"https:\/\/savio.it\/legal-notes\/"},"modified":"2025-02-04T13:38:14","modified_gmt":"2025-02-04T13:38:14","slug":"legal-notes","status":"publish","type":"page","link":"https:\/\/savio.it\/en\/legal-notes\/","title":{"rendered":"Legal Notes"},"content":{"rendered":"\t\t<div data-elementor-type=\"wp-page\" data-elementor-id=\"156523\" class=\"elementor elementor-156523 elementor-109857\" data-elementor-post-type=\"page\">\n\t\t\t\t\t\t<section class=\"elementor-section elementor-top-section elementor-element elementor-element-62625e8 elementor-section-boxed elementor-section-height-default elementor-section-height-default\" data-id=\"62625e8\" data-element_type=\"section\" data-e-type=\"section\" data-settings=\"{&quot;background_background&quot;:&quot;classic&quot;}\">\n\t\t\t\t\t\t<div class=\"elementor-container elementor-column-gap-default\">\n\t\t\t\t\t<div class=\"elementor-column elementor-col-100 elementor-top-column elementor-element elementor-element-0d20769\" data-id=\"0d20769\" data-element_type=\"column\" data-e-type=\"column\">\n\t\t\t<div class=\"elementor-widget-wrap elementor-element-populated\">\n\t\t\t\t\t\t<div class=\"elementor-element elementor-element-63ac4b0 elementor-widget elementor-widget-heading\" data-id=\"63ac4b0\" data-element_type=\"widget\" data-e-type=\"widget\" data-widget_type=\"heading.default\">\n\t\t\t\t<div class=\"elementor-widget-container\">\n\t\t\t\t\t<h1 class=\"elementor-heading-title elementor-size-default\">Legal Notes<\/h1>\t\t\t\t<\/div>\n\t\t\t\t<\/div>\n\t\t\t\t\t<\/div>\n\t\t<\/div>\n\t\t\t\t\t<\/div>\n\t\t<\/section>\n\t\t\t\t<section class=\"elementor-section elementor-top-section elementor-element elementor-element-717418fa elementor-section-boxed elementor-section-height-default elementor-section-height-default\" data-id=\"717418fa\" data-element_type=\"section\" data-e-type=\"section\">\n\t\t\t\t\t\t<div class=\"elementor-container elementor-column-gap-default\">\n\t\t\t\t\t<div class=\"elementor-column elementor-col-100 elementor-top-column elementor-element elementor-element-32068e16\" data-id=\"32068e16\" data-element_type=\"column\" data-e-type=\"column\">\n\t\t\t<div class=\"elementor-widget-wrap elementor-element-populated\">\n\t\t\t\t\t\t<div class=\"elementor-element elementor-element-5b06bcda elementor-widget elementor-widget-text-editor\" data-id=\"5b06bcda\" data-element_type=\"widget\" data-e-type=\"widget\" data-widget_type=\"text-editor.default\">\n\t\t\t\t<div class=\"elementor-widget-container\">\n\t\t\t\t\t\t\t\t\t<p><strong><strong>1. TERMINI E CONDIZIONI DI UTILIZZO<\/strong><\/strong><\/p>\n\n<div class=\"wp-block-spacer\" style=\"height: 10px;\" aria-hidden=\"true\">\u00a0<\/div>\n<!-- \/wp:spacer -->\n\n<!-- wp:paragraph -->\n<p>1.1. Il sito www.savio.it (&#8220;Sito&#8221;) \u00e8 di propriet\u00e0 esclusiva di Savio S.p.A., con sede legale in Chiusa di San Michele (TO), Via Torino, 25 (di seguito &#8220;Savio&#8221;).<\/p>\n<!-- \/wp:paragraph -->\n\n<!-- wp:spacer {\"height\":\"15px\"} -->\n<div class=\"wp-block-spacer\" style=\"height: 15px;\" aria-hidden=\"true\">\u00a0<\/div>\n<!-- \/wp:spacer -->\n\n<!-- wp:paragraph -->\n<p>1.2. L&#8217;accesso al, e la navigazione sul, Sito, da parte dei singoli utenti, sono gratuiti e sono subordinati all&#8217;accettazione dei termini e delle condizioni delle presenti note legali.<\/p>\n<!-- \/wp:paragraph -->\n\n<!-- wp:spacer {\"height\":\"15px\"} -->\n<div class=\"wp-block-spacer\" style=\"height: 15px;\" aria-hidden=\"true\">\u00a0<\/div>\n<!-- \/wp:spacer -->\n\n<!-- wp:paragraph -->\n<p id=\"sottotitolo-privacy1\">1.3. L&#8217;utente prende atto e comunque conviene: (i) che Savio si riserva il diritto di modificare i termini e le condizioni delle presenti note legali in ogni momento comunicando le modifiche agli utenti tramite avviso generale apposto sul Sito o tramite un collegamento a tale avviso e (ii) che, dal momento di ciascun avviso generale ora detto, le note legali come modificate costituiranno i nuovi termini e condizioni al quale saranno subordinati l\u2019accesso al, e la navigazione sul, Sito (le presenti note legali, come via via modificate, di seguito, le &#8220;Note Legali&#8221;.)<\/p>\n<!-- \/wp:paragraph -->\n\n<!-- wp:spacer {\"height\":\"20px\"} -->\n<div class=\"wp-block-spacer\" style=\"height: 20px;\" aria-hidden=\"true\">\u00a0<\/div>\n<!-- \/wp:spacer -->\n\n<!-- wp:paragraph -->\n<p id=\"sottotitolo-privacy2\"><strong><strong>2. DIRITTI DI PROPRIET\u00c0 INTELLETTUALE<\/strong><\/strong><\/p>\n<!-- \/wp:paragraph -->\n\n<!-- wp:spacer {\"height\":\"10px\"} -->\n<div class=\"wp-block-spacer\" style=\"height: 10px;\" aria-hidden=\"true\">\u00a0<\/div>\n<!-- \/wp:spacer -->\n\n<!-- wp:paragraph -->\n<p>2.1. I contenuti del Sito, quali a titolo esemplificativo e non esaustivo, le opere, le immagini, le fotografie, i dialoghi, le musiche, i suoni, i video, i testi ed ogni altro materiale in qualsiasi formato, compreso, a titolo esemplificativo e non esaustivo, i menu, le pagine web, la grafica, i colori, gli schemi, gli strumenti, i caratteri, il design, i diagrammi, i layouts, i metodi, i processi, le funzioni ed il software (individualmente e\/o collettivamente &#8220;Contenuti&#8221;) ed i relativi segni distintivi e\/o loghi sono di propriet\u00e0 esclusiva di Savio o comunque nella sua esclusiva disponibilit\u00e0, ed in ogni caso non possono essere in alcun modo e\/o forma utilizzati senza il previo consenso scritto di Savio.<\/p>\n<!-- \/wp:paragraph -->\n\n<!-- wp:spacer {\"height\":\"10px\"} -->\n<div class=\"wp-block-spacer\" style=\"height: 10px;\" aria-hidden=\"true\">\u00a0<\/div>\n<!-- \/wp:spacer -->\n\n<!-- wp:paragraph -->\n<p>2.2. Ogni utilizzo dei Contenuti in violazione dei limiti indicati nelle Note Legali, o comunque contrario alle norme di legge, \u00e8 illecito e sar\u00e0 pertanto perseguibile da Savio.<\/p>\n<!-- \/wp:paragraph -->\n\n<!-- wp:spacer {\"height\":\"10px\"} -->\n<div class=\"wp-block-spacer\" style=\"height: 10px;\" aria-hidden=\"true\">\u00a0<\/div>\n<!-- \/wp:spacer -->\n\n<!-- wp:paragraph -->\n<p id=\"sottotitolo-privacy3\">2.3. I marchi e i loghi &#8221; Savio&#8221;, compreso il nome a dominio &#8220;savio.it&#8221;, sono nella disponibilit\u00e0 esclusiva di Savio. Detti marchi, loghi e domini non possono essere utilizzati in alcun modo senza il preventivo consenso scritto di Savio.<\/p>\n<!-- \/wp:paragraph -->\n\n<!-- wp:spacer {\"height\":\"20px\"} -->\n<div class=\"wp-block-spacer\" style=\"height: 20px;\" aria-hidden=\"true\">\u00a0<\/div>\n<!-- \/wp:spacer -->\n\n<!-- wp:paragraph -->\n<p><strong><strong>3. LINK AD ALTRI SITI WEB<\/strong><\/strong><\/p>\n<!-- \/wp:paragraph -->\n\n<!-- wp:spacer {\"height\":\"10px\"} -->\n<div class=\"wp-block-spacer\" style=\"height: 10px;\" aria-hidden=\"true\">\u00a0<\/div>\n<!-- \/wp:spacer -->\n\n<!-- wp:paragraph -->\n<p id=\"sottotitolo-privacy7\">3.1. Il Sito pu\u00f2 contenere collegamenti testuali (i &#8220;links&#8221;) ad altri siti web che non hanno alcun collegamento con il Sito. Savio non controlla n\u00e9 compie operazioni di monitoraggio su tali siti web, sui loro contenuti e sulle loro regole.<\/p>\n<!-- \/wp:paragraph -->\n\n<!-- wp:spacer {\"height\":\"10px\"} -->\n<div class=\"wp-block-spacer\" style=\"height: 10px;\" aria-hidden=\"true\">\u00a0<\/div>\n<!-- \/wp:spacer -->\n\n<!-- wp:paragraph -->\n<p>3.2. L&#8217;eventuale link di collegamento ad altri siti web non deve essere in alcun modo intesa come attivit\u00e0, da parte di Savio, di promozione degli stessi e\/o dei contenuti in essi pubblicati.<\/p>\n<!-- \/wp:paragraph -->\n\n<!-- wp:spacer {\"height\":\"10px\"} -->\n<div class=\"wp-block-spacer\" style=\"height: 10px;\" aria-hidden=\"true\">\u00a0<\/div>\n<!-- \/wp:spacer -->\n\n<!-- wp:paragraph -->\n<p>3.3. La visita e l\u2019utilizzo dei siti consultati dall\u2019utente dal presente Sito tramite link, quindi, \u00e8 rimessa esclusivamente alla totale discrezionalit\u00e0 e responsabilit\u00e0 dell\u2019utente.<\/p>\n<!-- \/wp:paragraph -->\n\n<!-- wp:spacer {\"height\":\"10px\"} -->\n<div class=\"wp-block-spacer\" style=\"height: 10px;\" aria-hidden=\"true\">\u00a0<\/div>\n<!-- \/wp:spacer -->\n\n<!-- wp:paragraph -->\n<p>3.4. Le presenti note legali, pertanto, sono riferibili solo al Sito di Savio ed ai servizi ivi proposti e non anche ad altri siti web eventualmente consultati dall&#8217;utente tramite link.<\/p>\n<!-- \/wp:paragraph -->\n\n<!-- wp:spacer {\"height\":\"20px\"} -->\n<div class=\"wp-block-spacer\" style=\"height: 20px;\" aria-hidden=\"true\">\u00a0<\/div>\n<!-- \/wp:spacer -->\n\n<!-- wp:paragraph -->\n<p id=\"sottotitolo-privacy8\"><strong><strong>4. COOKIES<\/strong><\/strong><\/p>\n<!-- \/wp:paragraph -->\n\n<!-- wp:spacer {\"height\":\"10px\"} -->\n<div class=\"wp-block-spacer\" style=\"height: 10px;\" aria-hidden=\"true\">\u00a0<\/div>\n<!-- \/wp:spacer -->\n\n<!-- wp:paragraph -->\n<p>4.1. Sul Sito possono essere presenti dei &#8220;cookies&#8221; di sessione (che non vengono memorizzati in modo persistente sul computer dell&#8217;utente e svaniscono con la chiusura del browser) con il fine di consentire agli utenti una migliore fruibilit\u00e0 del Sito. Gli utenti che preferiscono non ricevere cookies possono impostare il proprio browser con l&#8217;intento di essere avvertiti della presenza di cookies e di decidere quindi se accettarli o meno. Il browser pu\u00f2 anche essere impostato per rifiutare automaticamente tutti i cookies; in tal caso, tuttavia, all&#8217;utente potrebbe non essere possibile accedere a tutti i servizi disponibili sul Sito. Per ogni ulteriore approfondimento e\/o chiarimento si rimanda alla <a href=\"\/privacy-cookie\/\">Cookies Policy<\/a> disponibile sul Sito.<\/p>\n<!-- \/wp:paragraph -->\n\n<!-- wp:spacer {\"height\":\"20px\"} -->\n<div class=\"wp-block-spacer\" style=\"height: 20px;\" aria-hidden=\"true\">\u00a0<\/div>\n<!-- \/wp:spacer -->\n\n<!-- wp:paragraph -->\n<p><strong><strong>5. TRATTAMENTO DEI DATI &#8211; PRIVACY<\/strong><\/strong><\/p>\n<!-- \/wp:paragraph -->\n\n<!-- wp:spacer {\"height\":\"10px\"} -->\n<div class=\"wp-block-spacer\" style=\"height: 10px;\" aria-hidden=\"true\">\u00a0<\/div>\n<!-- \/wp:spacer -->\n\n<!-- wp:paragraph -->\n<p>5.1. Savio, in qualit\u00e0 di titolare del trattamento dei dati, garantisce che i dati pervenuti via posta elettronica e\/o attraverso moduli elettronici di registrazione, sono trattati in conformit\u00e0 a quanto previsto dalla normativa vigente in materia di Privacy (Reg. UE 2016\/679).<\/p>\n<!-- \/wp:paragraph -->\n\n<!-- wp:spacer {\"height\":\"10px\"} -->\n<div class=\"wp-block-spacer\" style=\"height: 10px;\" aria-hidden=\"true\">\u00a0<\/div>\n<!-- \/wp:spacer -->\n\n<!-- wp:paragraph -->\n<p>5.2. Per l\u2019accesso ad alcuni servizi erogati tramite il presente Sito, potr\u00e0 essere richiesta la compilazione di alcuni form contenenti dati personali (quali, a titolo esemplificativo: nome, cognome, indirizzo di posta elettronica). L\u2019eventuale richiesta di servizi da parte dell\u2019utente (come ad esempio la richiesta di informazioni e\/o l\u2019iscrizione ad una mailing list per la ricezione delle newsletter) comporta l\u2019acquisizione, da parte di Savio, dei relativi dati, necessari per la fornitura dei predetti servizi.<\/p>\n<!-- \/wp:paragraph -->\n\n<!-- wp:spacer {\"height\":\"10px\"} -->\n<div class=\"wp-block-spacer\" style=\"height: 10px;\" aria-hidden=\"true\">\u00a0<\/div>\n<!-- \/wp:spacer -->\n\n<!-- wp:paragraph {\"translatedWithWPMLTM\":\"1\"} -->\n<p>5.3. Sul Sito \u00e8 disponibile la <a href=\"https:\/\/savio.it\/en\/privacy-web\/\">Privacy Policy<\/a> di Savio ed ulteriori specifiche informative potranno essere eventualmente pubblicate nelle pagine del Sito predisposte per particolari servizi a richiesta. Il contenuto dell\u2019informativa di cui sopra, potr\u00e0 essere aggiornato sulla base di successivi interventi normativi in materia di privacy e\/o della modifica delle finalit\u00e0 per cui i dati verranno trattati. Ogni modifica sostanziale verr\u00e0 comunicata tempestivamente dal Titolare agli utenti, attraverso la pubblicazione sul Sito del testo aggiornato.<\/p>\n<!-- \/wp:paragraph -->\n\n<!-- wp:spacer {\"height\":\"20px\"} -->\n<div class=\"wp-block-spacer\" style=\"height: 20px;\" aria-hidden=\"true\">\u00a0<\/div>\n<!-- \/wp:spacer -->\n\n<!-- wp:paragraph -->\n<p><strong><strong>6. LIMITAZIONI DI RESPONSABILIT\u00c0<\/strong><\/strong><\/p>\n<!-- \/wp:paragraph -->\n\n<!-- wp:spacer {\"height\":\"10px\"} -->\n<div class=\"wp-block-spacer\" style=\"height: 10px;\" aria-hidden=\"true\">\u00a0<\/div>\n<!-- \/wp:spacer -->\n\n<!-- wp:paragraph -->\n<p>6.1. L&#8217;utente prende atto e comunque conviene che il proprio accesso al, e navigazione del, Sito \u00e8 interamente a suo rischio e sotto la sua esclusiva responsabilit\u00e0.<\/p>\n<!-- \/wp:paragraph -->\n\n<!-- wp:spacer {\"height\":\"10px\"} -->\n<div class=\"wp-block-spacer\" style=\"height: 10px;\" aria-hidden=\"true\">\u00a0<\/div>\n<!-- \/wp:spacer -->\n\n<!-- wp:paragraph -->\n<p>6.2. L&#8217;utente prende inoltre atto e comunque conviene che il Sito \u00e8 fornito &#8220;come \u00e8&#8221; e &#8220;come disponibile&#8221; e che potrebbe essere temporaneamente inaccessibile o comunque contenere difetti ovvero presentare ritardi.<\/p>\n<!-- \/wp:paragraph -->\n\n<!-- wp:spacer {\"height\":\"10px\"} -->\n<div class=\"wp-block-spacer\" style=\"height: 10px;\" aria-hidden=\"true\">\u00a0<\/div>\n<!-- \/wp:spacer -->\n\n<!-- wp:paragraph -->\n<p>6.3. Savio non assume alcuna responsabilit\u00e0 relativamente a contenuti, materiali e\/o informazioni inseriti sul Sito dagli utenti negli appositi spazi virtuali che Savio mette a disposizione degli utenti medesimi per l\u2019interazione con il Sito (&#8220;Contenuto\/i Utente&#8221;).<\/p>\n<!-- \/wp:paragraph -->\n\n<!-- wp:spacer {\"height\":\"10px\"} -->\n<div class=\"wp-block-spacer\" style=\"height: 10px;\" aria-hidden=\"true\">\u00a0<\/div>\n<!-- \/wp:spacer -->\n\n<!-- wp:paragraph -->\n<p>6.4. Savio non sar\u00e0 responsabile di alcuna perdita o danno derivante o in qualunque modo collegato all\u2019uso o al funzionamento del Sito, ivi compresi \u2013 senza limitazione alcuna \u2013 danni per perdita di affari, perdita di utili, interruzione dell&#8217;attivit\u00e0, perdita di informazioni commerciali e\/o qualsiasi altro tipo di perdita pecuniaria, salvo i casi di dolo o colpa grave di Savio.<\/p>\n<!-- \/wp:paragraph -->\n\n<!-- wp:spacer {\"height\":\"10px\"} -->\n<div class=\"wp-block-spacer\" style=\"height: 10px;\" aria-hidden=\"true\">\u00a0<\/div>\n<!-- \/wp:spacer -->\n\n<!-- wp:paragraph -->\n<p>6.5. Savio non garantisce che il Sito sia privo di errori o virus. Savio ed i suoi fornitori non sono responsabili per danni subiti dall\u2019utente a causa di tali agenti distruttivi.<\/p>\n<!-- \/wp:paragraph -->\n\n<!-- wp:spacer {\"height\":\"20px\"} -->\n<div class=\"wp-block-spacer\" style=\"height: 20px;\" aria-hidden=\"true\">\u00a0<\/div>\n<!-- \/wp:spacer -->\n\n<!-- wp:paragraph -->\n<p><strong><strong>7. SEGNALAZIONE ABUSI<\/strong><\/strong><\/p>\n<!-- \/wp:paragraph -->\n\n<!-- wp:paragraph -->\n<p>7.1. Gli utenti che abbiano individuato un qualsivoglia Contenuto Utente che ritengono illecito, inappropriato, offensivo o volgare sono invitati a segnalarlo tempestivamente a Savio, via email all\u2019indirizzo: <a href=\"mailto:privacy@savio.it\">privacy@savio.it<\/a> oppure <a href=\"mailto:info@savio.it\">info@savio.it<\/a><\/p>\n<!-- \/wp:paragraph -->\n\n<!-- wp:spacer {\"height\":\"10px\"} -->\n<div class=\"wp-block-spacer\" style=\"height: 10px;\" aria-hidden=\"true\">\u00a0<\/div>\n<!-- \/wp:spacer -->\n\n<!-- wp:paragraph -->\n<p>7.2. L&#8217;utente \u00e8 invitato a un uso responsabile delle proprie segnalazioni. Le segnalazioni che dovessero rivelarsi infondate e\/o illegittime saranno fonte di responsabilit\u00e0 a Suo carico.<\/p>\n<!-- \/wp:paragraph -->\n\n<!-- wp:spacer {\"height\":\"20px\"} -->\n<div class=\"wp-block-spacer\" style=\"height: 20px;\" aria-hidden=\"true\">\u00a0<\/div>\n<!-- \/wp:spacer -->\n\n<!-- wp:paragraph -->\n<p><strong><strong>8. LEGGE APPLICABILE<\/strong><\/strong><\/p>\n<!-- \/wp:paragraph -->\n\n<!-- wp:spacer {\"height\":\"10px\"} -->\n<div class=\"wp-block-spacer\" style=\"height: 10px;\" aria-hidden=\"true\">\u00a0<\/div>\n<!-- \/wp:spacer -->\n\n<!-- wp:paragraph -->\n<p>8.1. Le Note Legali sono regolate dalla legge italiana.<\/p>\n<!-- \/wp:paragraph -->\n\n<!-- wp:spacer {\"height\":\"60px\"} -->\n<div class=\"wp-block-spacer\" style=\"height: 60px;\" aria-hidden=\"true\">\u00a0<\/div>\n<!-- \/wp:spacer -->\n\n<!-- wp:paragraph {\"align\":\"right\"} -->\n<p class=\"has-text-align-right\">Ultimo aggiornamento: febbraio 2023<\/p>\n<!-- \/wp:paragraph --><\/div>\n<!-- \/wp:group -->\t\t\t\t\t\t\t\t<\/div>\n\t\t\t\t<\/div>\n\t\t\t\t\t<\/div>\n\t\t<\/div>\n\t\t\t\t\t<\/div>\n\t\t<\/section>\n\t\t\t\t<\/div>\n\t\t","protected":false},"excerpt":{"rendered":"<p>Legal Notes 1. TERMINI E CONDIZIONI DI UTILIZZO \u00a0 1.1. Il sito www.savio.it (&#8220;Sito&#8221;) \u00e8 di propriet\u00e0 esclusiva di Savio S.p.A., con sede legale in Chiusa di San Michele (TO), Via Torino, 25 (di seguito &#8220;Savio&#8221;). \u00a0 1.2. L&#8217;accesso al, e la navigazione sul, Sito, da parte dei singoli utenti, sono gratuiti e sono subordinati&hellip;<\/p>\n","protected":false},"author":2,"featured_media":0,"parent":0,"menu_order":0,"comment_status":"closed","ping_status":"closed","template":"","meta":{"_acf_changed":false,"_uag_custom_page_level_css":"","footnotes":""},"class_list":["post-156523","page","type-page","status-publish","hentry"],"acf":[],"yoast_head":"<!-- This site is optimized with the Yoast SEO plugin v27.2 - https:\/\/yoast.com\/product\/yoast-seo-wordpress\/ -->\n<title>Legal Notes - SAVIO<\/title>\n<meta name=\"robots\" content=\"index, follow, max-snippet:-1, max-image-preview:large, max-video-preview:-1\" \/>\n<link rel=\"canonical\" href=\"https:\/\/savio.it\/en\/legal-notes\/\" \/>\n<meta property=\"og:locale\" content=\"en_US\" \/>\n<meta property=\"og:type\" content=\"article\" \/>\n<meta property=\"og:title\" content=\"Legal Notes - SAVIO\" \/>\n<meta property=\"og:description\" content=\"Legal Notes 1. TERMINI E CONDIZIONI DI UTILIZZO \u00a0 1.1. Il sito www.savio.it (&#8220;Sito&#8221;) \u00e8 di propriet\u00e0 esclusiva di Savio S.p.A., con sede legale in Chiusa di San Michele (TO), Via Torino, 25 (di seguito &#8220;Savio&#8221;). \u00a0 1.2. L&#8217;accesso al, e la navigazione sul, Sito, da parte dei singoli utenti, sono gratuiti e sono subordinati&hellip;\" \/>\n<meta property=\"og:url\" content=\"https:\/\/savio.it\/en\/legal-notes\/\" \/>\n<meta property=\"og:site_name\" content=\"SAVIO\" \/>\n<meta property=\"article:modified_time\" content=\"2025-02-04T13:38:14+00:00\" \/>\n<meta name=\"twitter:card\" content=\"summary_large_image\" \/>\n<meta name=\"twitter:label1\" content=\"Est. reading time\" \/>\n\t<meta name=\"twitter:data1\" content=\"5 minutes\" \/>\n<script type=\"application\/ld+json\" class=\"yoast-schema-graph\">{\"@context\":\"https:\/\/schema.org\",\"@graph\":[{\"@type\":\"WebPage\",\"@id\":\"https:\/\/savio.it\/en\/legal-notes\/\",\"url\":\"https:\/\/savio.it\/en\/legal-notes\/\",\"name\":\"Legal Notes - SAVIO\",\"isPartOf\":{\"@id\":\"https:\/\/savio.it\/en\/#website\"},\"datePublished\":\"2025-02-04T13:35:22+00:00\",\"dateModified\":\"2025-02-04T13:38:14+00:00\",\"breadcrumb\":{\"@id\":\"https:\/\/savio.it\/en\/legal-notes\/#breadcrumb\"},\"inLanguage\":\"en-US\",\"potentialAction\":[{\"@type\":\"ReadAction\",\"target\":[\"https:\/\/savio.it\/en\/legal-notes\/\"]}]},{\"@type\":\"BreadcrumbList\",\"@id\":\"https:\/\/savio.it\/en\/legal-notes\/#breadcrumb\",\"itemListElement\":[{\"@type\":\"ListItem\",\"position\":1,\"name\":\"Home\",\"item\":\"https:\/\/savio.it\/en\/\"},{\"@type\":\"ListItem\",\"position\":2,\"name\":\"Legal Notes\"}]},{\"@type\":\"WebSite\",\"@id\":\"https:\/\/savio.it\/en\/#website\",\"url\":\"https:\/\/savio.it\/en\/\",\"name\":\"SAVIO\",\"description\":\"Open mind for closing system\",\"publisher\":{\"@id\":\"https:\/\/savio.it\/en\/#organization\"},\"potentialAction\":[{\"@type\":\"SearchAction\",\"target\":{\"@type\":\"EntryPoint\",\"urlTemplate\":\"https:\/\/savio.it\/en\/?s={search_term_string}\"},\"query-input\":{\"@type\":\"PropertyValueSpecification\",\"valueRequired\":true,\"valueName\":\"search_term_string\"}}],\"inLanguage\":\"en-US\"},{\"@type\":\"Organization\",\"@id\":\"https:\/\/savio.it\/en\/#organization\",\"name\":\"SAVIO\",\"url\":\"https:\/\/savio.it\/en\/\",\"logo\":{\"@type\":\"ImageObject\",\"inLanguage\":\"en-US\",\"@id\":\"https:\/\/savio.it\/en\/#\/schema\/logo\/image\/\",\"url\":\"https:\/\/savio.it\/wp-content\/uploads\/2021\/09\/cropped-Savio-logo.png\",\"contentUrl\":\"https:\/\/savio.it\/wp-content\/uploads\/2021\/09\/cropped-Savio-logo.png\",\"width\":243,\"height\":64,\"caption\":\"SAVIO\"},\"image\":{\"@id\":\"https:\/\/savio.it\/en\/#\/schema\/logo\/image\/\"}}]}<\/script>\n<!-- \/ Yoast SEO plugin. -->","yoast_head_json":{"title":"Legal Notes - SAVIO","robots":{"index":"index","follow":"follow","max-snippet":"max-snippet:-1","max-image-preview":"max-image-preview:large","max-video-preview":"max-video-preview:-1"},"canonical":"https:\/\/savio.it\/en\/legal-notes\/","og_locale":"en_US","og_type":"article","og_title":"Legal Notes - SAVIO","og_description":"Legal Notes 1. TERMINI E CONDIZIONI DI UTILIZZO \u00a0 1.1. Il sito www.savio.it (&#8220;Sito&#8221;) \u00e8 di propriet\u00e0 esclusiva di Savio S.p.A., con sede legale in Chiusa di San Michele (TO), Via Torino, 25 (di seguito &#8220;Savio&#8221;). \u00a0 1.2. L&#8217;accesso al, e la navigazione sul, Sito, da parte dei singoli utenti, sono gratuiti e sono subordinati&hellip;","og_url":"https:\/\/savio.it\/en\/legal-notes\/","og_site_name":"SAVIO","article_modified_time":"2025-02-04T13:38:14+00:00","twitter_card":"summary_large_image","twitter_misc":{"Est. reading time":"5 minutes"},"schema":{"@context":"https:\/\/schema.org","@graph":[{"@type":"WebPage","@id":"https:\/\/savio.it\/en\/legal-notes\/","url":"https:\/\/savio.it\/en\/legal-notes\/","name":"Legal Notes - SAVIO","isPartOf":{"@id":"https:\/\/savio.it\/en\/#website"},"datePublished":"2025-02-04T13:35:22+00:00","dateModified":"2025-02-04T13:38:14+00:00","breadcrumb":{"@id":"https:\/\/savio.it\/en\/legal-notes\/#breadcrumb"},"inLanguage":"en-US","potentialAction":[{"@type":"ReadAction","target":["https:\/\/savio.it\/en\/legal-notes\/"]}]},{"@type":"BreadcrumbList","@id":"https:\/\/savio.it\/en\/legal-notes\/#breadcrumb","itemListElement":[{"@type":"ListItem","position":1,"name":"Home","item":"https:\/\/savio.it\/en\/"},{"@type":"ListItem","position":2,"name":"Legal Notes"}]},{"@type":"WebSite","@id":"https:\/\/savio.it\/en\/#website","url":"https:\/\/savio.it\/en\/","name":"SAVIO","description":"Open mind for closing system","publisher":{"@id":"https:\/\/savio.it\/en\/#organization"},"potentialAction":[{"@type":"SearchAction","target":{"@type":"EntryPoint","urlTemplate":"https:\/\/savio.it\/en\/?s={search_term_string}"},"query-input":{"@type":"PropertyValueSpecification","valueRequired":true,"valueName":"search_term_string"}}],"inLanguage":"en-US"},{"@type":"Organization","@id":"https:\/\/savio.it\/en\/#organization","name":"SAVIO","url":"https:\/\/savio.it\/en\/","logo":{"@type":"ImageObject","inLanguage":"en-US","@id":"https:\/\/savio.it\/en\/#\/schema\/logo\/image\/","url":"https:\/\/savio.it\/wp-content\/uploads\/2021\/09\/cropped-Savio-logo.png","contentUrl":"https:\/\/savio.it\/wp-content\/uploads\/2021\/09\/cropped-Savio-logo.png","width":243,"height":64,"caption":"SAVIO"},"image":{"@id":"https:\/\/savio.it\/en\/#\/schema\/logo\/image\/"}}]}},"uagb_featured_image_src":{"full":false,"thumbnail":false,"medium":false,"medium_large":false,"large":false,"gs-tiny":false,"xl":false,"xxl":false,"xxxl":false,"xxxxl":false,"xxxxxl":false,"1536x1536":false,"2048x2048":false,"woocommerce_thumbnail":false,"woocommerce_single":false,"woocommerce_gallery_thumbnail":false},"uagb_author_info":{"display_name":"admin_news","author_link":"https:\/\/savio.it\/en\/author\/admin_news\/"},"uagb_comment_info":0,"uagb_excerpt":"Legal Notes 1. TERMINI E CONDIZIONI DI UTILIZZO \u00a0 1.1. Il sito www.savio.it (&#8220;Sito&#8221;) \u00e8 di propriet\u00e0 esclusiva di Savio S.p.A., con sede legale in Chiusa di San Michele (TO), Via Torino, 25 (di seguito &#8220;Savio&#8221;). \u00a0 1.2. L&#8217;accesso al, e la navigazione sul, Sito, da parte dei singoli utenti, sono gratuiti e sono subordinati&hellip;","_links":{"self":[{"href":"https:\/\/savio.it\/en\/wp-json\/wp\/v2\/pages\/156523","targetHints":{"allow":["GET"]}}],"collection":[{"href":"https:\/\/savio.it\/en\/wp-json\/wp\/v2\/pages"}],"about":[{"href":"https:\/\/savio.it\/en\/wp-json\/wp\/v2\/types\/page"}],"author":[{"embeddable":true,"href":"https:\/\/savio.it\/en\/wp-json\/wp\/v2\/users\/2"}],"replies":[{"embeddable":true,"href":"https:\/\/savio.it\/en\/wp-json\/wp\/v2\/comments?post=156523"}],"version-history":[{"count":4,"href":"https:\/\/savio.it\/en\/wp-json\/wp\/v2\/pages\/156523\/revisions"}],"predecessor-version":[{"id":156528,"href":"https:\/\/savio.it\/en\/wp-json\/wp\/v2\/pages\/156523\/revisions\/156528"}],"wp:attachment":[{"href":"https:\/\/savio.it\/en\/wp-json\/wp\/v2\/media?parent=156523"}],"curies":[{"name":"wp","href":"https:\/\/api.w.org\/{rel}","templated":true}]}}