{"id":28127,"date":"2021-09-30T12:45:53","date_gmt":"2021-10-01T14:06:23","guid":{"rendered":"https:\/\/savio.ne-ws.it\/prodotto\/6010-735r\/"},"modified":"2025-02-18T14:56:20","modified_gmt":"2025-02-18T14:56:20","slug":"6010-735r","status":"publish","type":"product","link":"https:\/\/savio.it\/en\/prodotto\/6010-735r\/","title":{"rendered":"6010.735R"},"content":{"rendered":"<p>(patented) RH Kit with top\/side latch bolts in painted zamak and galvanised steel, nickel plated latch bolt. Including: fastening counterplates in galvanised steel, 2 adjustable plugs in galvanised zamak, 2 keepers in painted zamak, 1 keeper in painted steel, 8 countersunk head screws \u00d8 4.2&#215;13, 4 cap screws \u00d8 4.2&#215;13, 2 cap screws \u00d8 4.2&#215;19, 4 countersunk head screws M4x5 and 2 countersunk head screws M5x6 in galvanised steel (GREY: 2 cap screws \u00d8 4.2&#215;13, 2 cap screws \u00d8 4.2&#215;19 and 2 countersunk head screws M4x5 in galvanised steel + 2 countersunk head screws M4x6 in stainless steel).<\/p>\n","protected":false},"excerpt":{"rendered":"<p>(pat.) RH Kit with top \/side latch bolts<\/p>\n","protected":false},"featured_media":74901,"comment_status":"closed","ping_status":"closed","template":"","meta":{"_acf_changed":false,"_uag_custom_page_level_css":""},"product_brand":[],"product_cat":[12599],"product_tag":[13129],"profilo":[11995,12000,12018,12001,12002,12003,12408,12151,12158,12391,12393,12394,12395,12402,12398,12403,12065,12106,12104,12113,12105,12121,12136,12137,12115,12123,12124,12111,12126,12116,12141,12240,12251,12250,12241,12242,12243,12245,12244,12268,12253,12445,12446,12451,12452,12461,12462,12453,12464,12465,12320,12339,12346,12321,12332,12333,12347,12349,12334,12345,12335,12348,12350,11984,11985,11980,12415,12418,12423,12425,12427,12429,12352,12413,12006,12007,12095,12096,12008,12009,12019,12102,12020,12035,12037,12036,12034,12039,12038,12066,12059,11958,11960,11963,11967,11959,12152,12153,12164,12166,12154,12155,12159,12156,12180,12181,12157,12182,12183,12160,12058,12468,12469,12012,12013,12014,12015,12016,12247,12254,12266,12255,12256,12189,12056,12193,12194,12196,12204,12198,12205,12057,12218,12225,12228,12231,12206,12226,12217,12207,12201,12208,12209,12017,12270,12289,12278,12271,12279,12272,12280,12308,12310,12273,12281,12326,12329,12330,12331,11970,11974,12170,12175,12176,12178,12179,12085,11988,11990,11991,11993,12372,12373,12376,12375,12380,12377,12381,12378,12374,12475,12476,12021,12022,12023,12086,12357,12371,12356,12368,12362,12358,12359,12364,12210,12051,12052,12045,12047,12048,12054,12070,12071,12073,12078,12074,12079,12076,12419,12420,12257,12274,12303,12275,12276,12306,12277,12293,12294,12296,12282,12307],"finiture":[12537,12541,12561,12576],"gruppo_anta":[],"class_list":{"0":"post-28127","1":"product","2":"type-product","3":"status-publish","4":"has-post-thumbnail","6":"product_cat-maniglioni-antipanico","7":"product_tag-updated-en","8":"profilo-alfil-a54rpt","9":"profilo-all-co-5-complanare","10":"profilo-all-co-5-porte","11":"profilo-all-co-5-sormonto","12":"profilo-all-co-p-4-complanare","13":"profilo-all-co-p-4-sormonto","14":"profilo-allu-sistemi","15":"profilo-alpha-255","16":"profilo-alpha-blitz-2000","17":"profilo-atlantis-40","18":"profilo-atlantis-45","19":"profilo-atlantis-45-raggiato","20":"profilo-atlantis-55-tt","21":"profilo-atlantis-55-tt-porte","22":"profilo-atlantis-68-tt","23":"profilo-atlantis-68-tt-porte","24":"profilo-bga-50-porte","25":"profilo-domal-40","26":"profilo-domal-break-pa-52","27":"profilo-domal-break-pa-52-porte","28":"profilo-domal-break-pa-52-raggiato","29":"profilo-domal-bright-pa-70-s-porte","30":"profilo-domal-extratermic-62","31":"profilo-domal-extratermic-62-raggiato","32":"profilo-domal-shops","33":"profilo-domal-spider-60","34":"profilo-domal-spider-l60-style","35":"profilo-domal-stopper-pg","36":"profilo-domal-stopper-pg-63-porte","37":"profilo-domal-stopper-pg-porte","38":"profilo-domal-top-tb-65-porte","39":"profilo-ekip-40-complanare","40":"profilo-ekip-40-nuovo-complanare","41":"profilo-ekip-40-nuovo-sormonto","42":"profilo-ekip-40-sormonto","43":"profilo-ekip-50-complanare","44":"profilo-ekip-50-sormonto","45":"profilo-ekip-ev-complanare","46":"profilo-ekip-ev-sormonto","47":"profilo-ekip-th-73-porte","48":"profilo-ekip-thermo-53-porte","49":"profilo-ekos-50-th","50":"profilo-ekos-50-th-raggiato","51":"profilo-ekos-66-th","52":"profilo-ekos-66-th-raggiato","53":"profilo-ekos-68-thr","54":"profilo-ekos-68-thr-raggiato","55":"profilo-ekos-75-th","56":"profilo-ekos-85-th","57":"profilo-ekos-85-th-raggiato","58":"profilo-eku-40","59":"profilo-eku-40-raggiato","60":"profilo-eku-52-tt","61":"profilo-eku-53","62":"profilo-eku-53-porte","63":"profilo-eku-53-tt-porte","64":"profilo-eku-62-tt","65":"profilo-eku-62-tt-porte","66":"profilo-eku-64-tt-porte","67":"profilo-eku-66-tt","68":"profilo-eku-72-tt-porte","69":"profilo-eku-78-tt","70":"profilo-eku-78-tt-porte","71":"profilo-esedra-doors-56","72":"profilo-esedra-doors-56-tt","73":"profilo-esedra-ga-53","74":"profilo-et-43-sormonto","75":"profilo-et-45-porte","76":"profilo-et-58-2-tt","77":"profilo-et-67-3-tt","78":"profilo-et-68-2-tt","79":"profilo-et-75-3-tt","80":"profilo-eta","81":"profilo-etnall","82":"profilo-export-45","83":"profilo-export-45-raggiato","84":"profilo-export-45-t","85":"profilo-export-45-t-raggiato","86":"profilo-export-45-tt","87":"profilo-export-45-tt-raggiato","88":"profilo-export-50-porte","89":"profilo-export-50-t-porte","90":"profilo-export-50-tt-porte","91":"profilo-export-51-tt","92":"profilo-export-51-tt-porte","93":"profilo-export-51-tt-raggiato","94":"profilo-export-68-tt","95":"profilo-export-68-tt-porte","96":"profilo-export-68-tt-raggiato","97":"profilo-extrablind-70-porte","98":"profilo-fb-12","99":"profilo-global-48","100":"profilo-global-48-porte","101":"profilo-global-50-tt","102":"profilo-global-50-tt-porte","103":"profilo-global-70-tt","104":"profilo-gold-400","105":"profilo-gold-400-raggiato","106":"profilo-gold-450","107":"profilo-gold-450-tt","108":"profilo-gold-490-tt","109":"profilo-gold-500","110":"profilo-gold-500-porte","111":"profilo-gold-500-raggiato","112":"profilo-gold-502-hc","113":"profilo-gold-502-hc-raggiato","114":"profilo-gold-600","115":"profilo-gold-600-hc","116":"profilo-gold-600-hc-raggiato","117":"profilo-gold-600-porte","118":"profilo-gr-9","119":"profilo-hp-600","120":"profilo-hp-700","121":"profilo-k-40","122":"profilo-k-40-raggiato","123":"profilo-k-45t","124":"profilo-k-64t","125":"profilo-k-70t","126":"profilo-maastricht-53","127":"profilo-maastricht-53-porte","128":"profilo-maastricht-light","129":"profilo-maastricht-th-60-porte","130":"profilo-maastricht-th-68-porte","131":"profilo-mx-70-porte","132":"profilo-nc-40","133":"profilo-nc-40-n-complanare","134":"profilo-nc-40-n-sormonto","135":"profilo-nc-45-int","136":"profilo-nc-45-int-porte","137":"profilo-nc-45-sth","138":"profilo-nc-45-sth-porte","139":"profilo-nc-50","140":"profilo-nc-50-i","141":"profilo-nc-50-i-porte","142":"profilo-nc-50-i-raggiato","143":"profilo-nc-50-sth-porte","144":"profilo-nc-55-int-porte","145":"profilo-nc-58-mediterraneo-sorm-raggiato","146":"profilo-nc-58-mediterraneo-sormonto","147":"profilo-nc-65-sth-porte","148":"profilo-nc-68-sth","149":"profilo-nc-68-sth-porte","150":"profilo-nc-72-sth-porte","151":"profilo-new-age","152":"profilo-new-tec-50","153":"profilo-new-tec-50-classic","154":"profilo-new-tec-50-porte","155":"profilo-new-tec-52-tt","156":"profilo-new-tec-52-tt-porte","157":"profilo-new-tec-60-tt","158":"profilo-new-tec-60-tt-porte","159":"profilo-new-tec-65","160":"profilo-new-tec-65-porte","161":"profilo-new-tec-68-tt","162":"profilo-new-tec-68-tt-porte","163":"profilo-pe-40","164":"profilo-pe-50","165":"profilo-pe-58-tt-complanare","166":"profilo-pe-58-tt-sormonto","167":"profilo-planet-45","168":"profilo-planet-72-ht","169":"profilo-plathina-60-classica","170":"profilo-plathina-69-classica","171":"profilo-plathina-69-porte","172":"profilo-plathina-75-classica","173":"profilo-plathina-75-porte","174":"profilo-prestige-73-tt","175":"profilo-r-40","176":"profilo-r-50","177":"profilo-r-50-tt-barra-cont","178":"profilo-r-62-tt","179":"profilo-road-520-tt-ce","180":"profilo-road-600-tt-ce","181":"profilo-royal-s-50-n-porte","182":"profilo-royal-s-50-porte","183":"profilo-royal-s-65-ak-porte","184":"profilo-royal-s-65-porte","185":"profilo-royal-s-70-f-porte","186":"profilo-royal-s-70-hi-porte","187":"profilo-schuco-international","188":"profilo-serie-1400","189":"profilo-serie-6000","190":"profilo-sicurblind-65-complanare","191":"profilo-sicurblind-65-sormonto","192":"profilo-sicurblind-90","193":"profilo-slim-70-tt","194":"profilo-start-470-tt","195":"profilo-start-470-tt-porte","196":"profilo-start-510","197":"profilo-start-510-porte","198":"profilo-start-510-raggiato","199":"profilo-start-560-tt","200":"profilo-start-640-tt","201":"profilo-start-760-tt","202":"profilo-superblindo-porte","203":"profilo-synthesis-52","204":"profilo-synthesis-52-tt","205":"profilo-synthesis-57","206":"profilo-synthesis-57-porte","207":"profilo-synthesis-60-tt-porte","208":"profilo-synthesis-68-tt-porte","209":"profilo-tecno-50","210":"profilo-tecno-50-porte","211":"profilo-tecno-50-tt","212":"profilo-tecno-50-tt-porte","213":"profilo-tecno-60-tt","214":"profilo-tecno-60-tt-porte","215":"profilo-tecno-70-blindo","216":"profilo-tt-50","217":"profilo-tt-50-porte","218":"profilo-venice-th16-porte","219":"profilo-windstop-45","220":"profilo-windstop-45-porte","221":"profilo-windstop-45-raggiato","222":"profilo-windstop-45-tt","223":"profilo-windstop-45-tt-porte","224":"profilo-windstop-45-tt-raggiato","225":"profilo-windstop-55-tt","226":"profilo-windstop-55-tt-porte","227":"profilo-windstop-55-tt-raggiato","228":"profilo-windstop-60-porte","229":"profilo-windstop-65-tt-porte","230":"finiture-12537","231":"finiture-12541","232":"finiture-grey","233":"finiture-slv","234":"description-off","236":"first","237":"onbackorder","238":"product-type-variable"},"acf":[],"yoast_head":"<!-- This site is optimized with the Yoast SEO plugin v27.2 - https:\/\/yoast.com\/product\/yoast-seo-wordpress\/ -->\n<title>6010.735R<\/title>\n<meta name=\"description\" content=\"(pat.) RH Kit with top \/side latch bolts\" \/>\n<meta name=\"robots\" content=\"index, follow, max-snippet:-1, max-image-preview:large, max-video-preview:-1\" \/>\n<link rel=\"canonical\" href=\"https:\/\/savio.it\/en\/prodotto\/6010-735r\/\" \/>\n<meta property=\"og:locale\" content=\"en_US\" \/>\n<meta property=\"og:type\" content=\"article\" \/>\n<meta property=\"og:title\" content=\"6010.735R\" \/>\n<meta property=\"og:description\" content=\"(pat.) RH Kit with top \/side latch bolts\" \/>\n<meta property=\"og:url\" content=\"https:\/\/savio.it\/en\/prodotto\/6010-735r\/\" \/>\n<meta property=\"og:site_name\" content=\"SAVIO\" \/>\n<meta property=\"article:modified_time\" content=\"2025-02-18T14:56:20+00:00\" \/>\n<meta property=\"og:image\" content=\"https:\/\/savio.it\/wp-content\/uploads\/2022\/06\/6010_735R.jpg\" \/>\n\t<meta property=\"og:image:width\" content=\"1000\" \/>\n\t<meta property=\"og:image:height\" content=\"1000\" \/>\n\t<meta property=\"og:image:type\" content=\"image\/jpeg\" \/>\n<meta name=\"twitter:card\" content=\"summary_large_image\" \/>\n<meta name=\"twitter:label1\" content=\"Est. reading time\" \/>\n\t<meta name=\"twitter:data1\" content=\"1 minute\" \/>\n<script type=\"application\/ld+json\" class=\"yoast-schema-graph\">{\"@context\":\"https:\/\/schema.org\",\"@graph\":[{\"@type\":\"WebPage\",\"@id\":\"https:\/\/savio.it\/en\/prodotto\/6010-735r\/\",\"url\":\"https:\/\/savio.it\/en\/prodotto\/6010-735r\/\",\"name\":\"6010.735R\",\"isPartOf\":{\"@id\":\"https:\/\/savio.it\/en\/#website\"},\"primaryImageOfPage\":{\"@id\":\"https:\/\/savio.it\/en\/prodotto\/6010-735r\/#primaryimage\"},\"image\":{\"@id\":\"https:\/\/savio.it\/en\/prodotto\/6010-735r\/#primaryimage\"},\"thumbnailUrl\":\"https:\/\/savio.it\/wp-content\/uploads\/2022\/06\/6010_735R.jpg\",\"datePublished\":\"2021-10-01T14:06:23+00:00\",\"dateModified\":\"2025-02-18T14:56:20+00:00\",\"description\":\"(pat.) RH Kit with top \/side latch bolts\",\"breadcrumb\":{\"@id\":\"https:\/\/savio.it\/en\/prodotto\/6010-735r\/#breadcrumb\"},\"inLanguage\":\"en-US\",\"potentialAction\":[{\"@type\":\"ReadAction\",\"target\":[\"https:\/\/savio.it\/en\/prodotto\/6010-735r\/\"]}]},{\"@type\":\"ImageObject\",\"inLanguage\":\"en-US\",\"@id\":\"https:\/\/savio.it\/en\/prodotto\/6010-735r\/#primaryimage\",\"url\":\"https:\/\/savio.it\/wp-content\/uploads\/2022\/06\/6010_735R.jpg\",\"contentUrl\":\"https:\/\/savio.it\/wp-content\/uploads\/2022\/06\/6010_735R.jpg\",\"width\":1000,\"height\":1000},{\"@type\":\"BreadcrumbList\",\"@id\":\"https:\/\/savio.it\/en\/prodotto\/6010-735r\/#breadcrumb\",\"itemListElement\":[{\"@type\":\"ListItem\",\"position\":1,\"name\":\"Home\",\"item\":\"https:\/\/savio.it\/en\/\"},{\"@type\":\"ListItem\",\"position\":2,\"name\":\"Products\",\"item\":\"https:\/\/savio.it\/en\/prodotti\/\"},{\"@type\":\"ListItem\",\"position\":3,\"name\":\"6010.735R\"}]},{\"@type\":\"WebSite\",\"@id\":\"https:\/\/savio.it\/en\/#website\",\"url\":\"https:\/\/savio.it\/en\/\",\"name\":\"SAVIO\",\"description\":\"Open mind for closing system\",\"publisher\":{\"@id\":\"https:\/\/savio.it\/en\/#organization\"},\"potentialAction\":[{\"@type\":\"SearchAction\",\"target\":{\"@type\":\"EntryPoint\",\"urlTemplate\":\"https:\/\/savio.it\/en\/?s={search_term_string}\"},\"query-input\":{\"@type\":\"PropertyValueSpecification\",\"valueRequired\":true,\"valueName\":\"search_term_string\"}}],\"inLanguage\":\"en-US\"},{\"@type\":\"Organization\",\"@id\":\"https:\/\/savio.it\/en\/#organization\",\"name\":\"SAVIO\",\"url\":\"https:\/\/savio.it\/en\/\",\"logo\":{\"@type\":\"ImageObject\",\"inLanguage\":\"en-US\",\"@id\":\"https:\/\/savio.it\/en\/#\/schema\/logo\/image\/\",\"url\":\"https:\/\/savio.it\/wp-content\/uploads\/2021\/09\/cropped-Savio-logo.png\",\"contentUrl\":\"https:\/\/savio.it\/wp-content\/uploads\/2021\/09\/cropped-Savio-logo.png\",\"width\":243,\"height\":64,\"caption\":\"SAVIO\"},\"image\":{\"@id\":\"https:\/\/savio.it\/en\/#\/schema\/logo\/image\/\"}}]}<\/script>\n<!-- \/ Yoast SEO plugin. -->","yoast_head_json":{"title":"6010.735R","description":"(pat.) RH Kit with top \/side latch bolts","robots":{"index":"index","follow":"follow","max-snippet":"max-snippet:-1","max-image-preview":"max-image-preview:large","max-video-preview":"max-video-preview:-1"},"canonical":"https:\/\/savio.it\/en\/prodotto\/6010-735r\/","og_locale":"en_US","og_type":"article","og_title":"6010.735R","og_description":"(pat.) RH Kit with top \/side latch bolts","og_url":"https:\/\/savio.it\/en\/prodotto\/6010-735r\/","og_site_name":"SAVIO","article_modified_time":"2025-02-18T14:56:20+00:00","og_image":[{"width":1000,"height":1000,"url":"https:\/\/savio.it\/wp-content\/uploads\/2022\/06\/6010_735R.jpg","type":"image\/jpeg"}],"twitter_card":"summary_large_image","twitter_misc":{"Est. reading time":"1 minute"},"schema":{"@context":"https:\/\/schema.org","@graph":[{"@type":"WebPage","@id":"https:\/\/savio.it\/en\/prodotto\/6010-735r\/","url":"https:\/\/savio.it\/en\/prodotto\/6010-735r\/","name":"6010.735R","isPartOf":{"@id":"https:\/\/savio.it\/en\/#website"},"primaryImageOfPage":{"@id":"https:\/\/savio.it\/en\/prodotto\/6010-735r\/#primaryimage"},"image":{"@id":"https:\/\/savio.it\/en\/prodotto\/6010-735r\/#primaryimage"},"thumbnailUrl":"https:\/\/savio.it\/wp-content\/uploads\/2022\/06\/6010_735R.jpg","datePublished":"2021-10-01T14:06:23+00:00","dateModified":"2025-02-18T14:56:20+00:00","description":"(pat.) RH Kit with top \/side latch bolts","breadcrumb":{"@id":"https:\/\/savio.it\/en\/prodotto\/6010-735r\/#breadcrumb"},"inLanguage":"en-US","potentialAction":[{"@type":"ReadAction","target":["https:\/\/savio.it\/en\/prodotto\/6010-735r\/"]}]},{"@type":"ImageObject","inLanguage":"en-US","@id":"https:\/\/savio.it\/en\/prodotto\/6010-735r\/#primaryimage","url":"https:\/\/savio.it\/wp-content\/uploads\/2022\/06\/6010_735R.jpg","contentUrl":"https:\/\/savio.it\/wp-content\/uploads\/2022\/06\/6010_735R.jpg","width":1000,"height":1000},{"@type":"BreadcrumbList","@id":"https:\/\/savio.it\/en\/prodotto\/6010-735r\/#breadcrumb","itemListElement":[{"@type":"ListItem","position":1,"name":"Home","item":"https:\/\/savio.it\/en\/"},{"@type":"ListItem","position":2,"name":"Products","item":"https:\/\/savio.it\/en\/prodotti\/"},{"@type":"ListItem","position":3,"name":"6010.735R"}]},{"@type":"WebSite","@id":"https:\/\/savio.it\/en\/#website","url":"https:\/\/savio.it\/en\/","name":"SAVIO","description":"Open mind for closing system","publisher":{"@id":"https:\/\/savio.it\/en\/#organization"},"potentialAction":[{"@type":"SearchAction","target":{"@type":"EntryPoint","urlTemplate":"https:\/\/savio.it\/en\/?s={search_term_string}"},"query-input":{"@type":"PropertyValueSpecification","valueRequired":true,"valueName":"search_term_string"}}],"inLanguage":"en-US"},{"@type":"Organization","@id":"https:\/\/savio.it\/en\/#organization","name":"SAVIO","url":"https:\/\/savio.it\/en\/","logo":{"@type":"ImageObject","inLanguage":"en-US","@id":"https:\/\/savio.it\/en\/#\/schema\/logo\/image\/","url":"https:\/\/savio.it\/wp-content\/uploads\/2021\/09\/cropped-Savio-logo.png","contentUrl":"https:\/\/savio.it\/wp-content\/uploads\/2021\/09\/cropped-Savio-logo.png","width":243,"height":64,"caption":"SAVIO"},"image":{"@id":"https:\/\/savio.it\/en\/#\/schema\/logo\/image\/"}}]}},"uagb_featured_image_src":{"full":["https:\/\/savio.it\/wp-content\/uploads\/2022\/06\/6010_735R.jpg",1000,1000,false],"thumbnail":["https:\/\/savio.it\/wp-content\/uploads\/2022\/06\/6010_735R-150x150.jpg",150,150,true],"medium":["https:\/\/savio.it\/wp-content\/uploads\/2022\/06\/6010_735R-300x300.jpg",300,300,true],"medium_large":["https:\/\/savio.it\/wp-content\/uploads\/2022\/06\/6010_735R-768x768.jpg",768,768,true],"large":["https:\/\/savio.it\/wp-content\/uploads\/2022\/06\/6010_735R.jpg",1000,1000,false],"gs-tiny":["https:\/\/savio.it\/wp-content\/uploads\/2022\/06\/6010_735R-50x50.jpg",50,50,true],"xl":["https:\/\/savio.it\/wp-content\/uploads\/2022\/06\/6010_735R.jpg",1000,1000,false],"xxl":["https:\/\/savio.it\/wp-content\/uploads\/2022\/06\/6010_735R.jpg",1000,1000,false],"xxxl":["https:\/\/savio.it\/wp-content\/uploads\/2022\/06\/6010_735R.jpg",1000,1000,false],"xxxxl":["https:\/\/savio.it\/wp-content\/uploads\/2022\/06\/6010_735R.jpg",1000,1000,false],"xxxxxl":["https:\/\/savio.it\/wp-content\/uploads\/2022\/06\/6010_735R.jpg",1000,1000,false],"1536x1536":["https:\/\/savio.it\/wp-content\/uploads\/2022\/06\/6010_735R.jpg",1000,1000,false],"2048x2048":["https:\/\/savio.it\/wp-content\/uploads\/2022\/06\/6010_735R.jpg",1000,1000,false],"woocommerce_thumbnail":["https:\/\/savio.it\/wp-content\/uploads\/2022\/06\/6010_735R-300x300.jpg",300,300,true],"woocommerce_single":["https:\/\/savio.it\/wp-content\/uploads\/2022\/06\/6010_735R-600x600.jpg",600,600,true],"woocommerce_gallery_thumbnail":["https:\/\/savio.it\/wp-content\/uploads\/2022\/06\/6010_735R-200x200.jpg",200,200,true]},"uagb_author_info":{"display_name":"admin_news","author_link":"https:\/\/savio.it\/en\/author\/"},"uagb_comment_info":0,"uagb_excerpt":"(pat.) RH Kit with top \/side latch bolts","_links":{"self":[{"href":"https:\/\/savio.it\/en\/wp-json\/wp\/v2\/product\/28127","targetHints":{"allow":["GET"]}}],"collection":[{"href":"https:\/\/savio.it\/en\/wp-json\/wp\/v2\/product"}],"about":[{"href":"https:\/\/savio.it\/en\/wp-json\/wp\/v2\/types\/product"}],"replies":[{"embeddable":true,"href":"https:\/\/savio.it\/en\/wp-json\/wp\/v2\/comments?post=28127"}],"wp:featuredmedia":[{"embeddable":true,"href":"https:\/\/savio.it\/en\/wp-json\/wp\/v2\/media\/74901"}],"wp:attachment":[{"href":"https:\/\/savio.it\/en\/wp-json\/wp\/v2\/media?parent=28127"}],"wp:term":[{"taxonomy":"product_brand","embeddable":true,"href":"https:\/\/savio.it\/en\/wp-json\/wp\/v2\/product_brand?post=28127"},{"taxonomy":"product_cat","embeddable":true,"href":"https:\/\/savio.it\/en\/wp-json\/wp\/v2\/product_cat?post=28127"},{"taxonomy":"product_tag","embeddable":true,"href":"https:\/\/savio.it\/en\/wp-json\/wp\/v2\/product_tag?post=28127"},{"taxonomy":"profilo","embeddable":true,"href":"https:\/\/savio.it\/en\/wp-json\/wp\/v2\/profilo?post=28127"},{"taxonomy":"finiture","embeddable":true,"href":"https:\/\/savio.it\/en\/wp-json\/wp\/v2\/finiture?post=28127"},{"taxonomy":"gruppo_anta","embeddable":true,"href":"https:\/\/savio.it\/en\/wp-json\/wp\/v2\/gruppo_anta?post=28127"}],"curies":[{"name":"wp","href":"https:\/\/api.w.org\/{rel}","templated":true}]}}