{"id":114402,"date":"2023-07-06T12:56:14","date_gmt":"2023-07-06T12:56:14","guid":{"rendered":"https:\/\/savio.it\/azienda\/trabaja-con-nosotros\/"},"modified":"2026-01-19T08:27:59","modified_gmt":"2026-01-19T08:27:59","slug":"lavora-con-noi","status":"publish","type":"page","link":"https:\/\/savio.it\/es\/azienda\/lavora-con-noi\/","title":{"rendered":"Trabaja con nosotros"},"content":{"rendered":"\t\t<div data-elementor-type=\"wp-page\" data-elementor-id=\"114402\" class=\"elementor elementor-114402 elementor-65236\" data-elementor-post-type=\"page\">\n\t\t\t\t\t\t<section class=\"elementor-section elementor-top-section elementor-element elementor-element-10b5b92d elementor-section-boxed elementor-section-height-default elementor-section-height-default\" data-id=\"10b5b92d\" data-element_type=\"section\" data-e-type=\"section\">\n\t\t\t\t\t\t<div class=\"elementor-container elementor-column-gap-default\">\n\t\t\t\t\t<div class=\"elementor-column elementor-col-100 elementor-top-column elementor-element elementor-element-10faf2a4\" data-id=\"10faf2a4\" data-element_type=\"column\" data-e-type=\"column\">\n\t\t\t<div class=\"elementor-widget-wrap elementor-element-populated\">\n\t\t\t\t\t\t<div class=\"elementor-element elementor-element-e13653c elementor-widget elementor-widget-heading\" data-id=\"e13653c\" data-element_type=\"widget\" data-e-type=\"widget\" data-widget_type=\"heading.default\">\n\t\t\t\t<div class=\"elementor-widget-container\">\n\t\t\t\t\t<h5 class=\"elementor-heading-title elementor-size-default\"><br><div>\n<p><\/p>\n<h1 class=\"wp-block-heading\">Lavora con noi<\/h1>\n<p><\/p>\n<\/div>\n<p><!-- \/wp:group --><\/p><\/h5>\t\t\t\t<\/div>\n\t\t\t\t<\/div>\n\t\t\t\t<div class=\"elementor-element elementor-element-7eb6126 elementor-widget elementor-widget-text-editor\" data-id=\"7eb6126\" data-element_type=\"widget\" data-e-type=\"widget\" data-widget_type=\"text-editor.default\">\n\t\t\t\t<div class=\"elementor-widget-container\">\n\t\t\t\t\t\t\t\t\t<p>Operiamo in oltre 100 mercati a livello globale e siamo costantemente alla ricerca di nuovi talenti.<\/p>\n<p><span style=\"word-spacing: normal;\">Se desideri affrontare nuove sfide, crescere professionalmente e lavorare in un contesto internazionale e inclusivo, entra a far parte del nostro Team.<\/span><\/p>\n<p>\u00a0<\/p>\n<p><span style=\"word-spacing: normal;\">Mettiamo passione in tutto ci\u00f2 che facciamo e costruiamo il nostro successo globale su intraprendenza, responsabilit\u00e0, innovazione e un solido senso etico.<\/span><\/p>\t\t\t\t\t\t\t\t<\/div>\n\t\t\t\t<\/div>\n\t\t\t\t<div class=\"elementor-element elementor-element-8abc79b elementor-widget elementor-widget-image\" data-id=\"8abc79b\" data-element_type=\"widget\" data-e-type=\"widget\" data-widget_type=\"image.default\">\n\t\t\t\t<div class=\"elementor-widget-container\">\n\t\t\t\t\t\t\t\t\t\t\t\t\t\t\t<img fetchpriority=\"high\" decoding=\"async\" width=\"1024\" height=\"683\" src=\"https:\/\/savio.it\/wp-content\/uploads\/2025\/05\/gente-di-affari-che-lavora-gruppo-un-ufficio-1-1024x683.jpg\" class=\"attachment-large size-large wp-image-158577\" alt=\"\" srcset=\"https:\/\/savio.it\/wp-content\/uploads\/2025\/05\/gente-di-affari-che-lavora-gruppo-un-ufficio-1-1024x683.jpg 1024w, https:\/\/savio.it\/wp-content\/uploads\/2025\/05\/gente-di-affari-che-lavora-gruppo-un-ufficio-1-600x400.jpg 600w, https:\/\/savio.it\/wp-content\/uploads\/2025\/05\/gente-di-affari-che-lavora-gruppo-un-ufficio-1-300x200.jpg 300w, https:\/\/savio.it\/wp-content\/uploads\/2025\/05\/gente-di-affari-che-lavora-gruppo-un-ufficio-1-768x512.jpg 768w, https:\/\/savio.it\/wp-content\/uploads\/2025\/05\/gente-di-affari-che-lavora-gruppo-un-ufficio-1-50x33.jpg 50w, https:\/\/savio.it\/wp-content\/uploads\/2025\/05\/gente-di-affari-che-lavora-gruppo-un-ufficio-1-1600x1067.jpg 1600w, https:\/\/savio.it\/wp-content\/uploads\/2025\/05\/gente-di-affari-che-lavora-gruppo-un-ufficio-1-1536x1024.jpg 1536w, https:\/\/savio.it\/wp-content\/uploads\/2025\/05\/gente-di-affari-che-lavora-gruppo-un-ufficio-1-2048x1365.jpg 2048w, https:\/\/savio.it\/wp-content\/uploads\/2025\/05\/gente-di-affari-che-lavora-gruppo-un-ufficio-1-1320x880.jpg 1320w\" sizes=\"(max-width: 1024px) 100vw, 1024px\" \/>\t\t\t\t\t\t\t\t\t\t\t\t\t\t\t<\/div>\n\t\t\t\t<\/div>\n\t\t\t\t<section class=\"elementor-section elementor-inner-section elementor-element elementor-element-5ad6952 elementor-section-boxed elementor-section-height-default elementor-section-height-default\" data-id=\"5ad6952\" data-element_type=\"section\" data-e-type=\"section\">\n\t\t\t\t\t\t<div class=\"elementor-container elementor-column-gap-wider\">\n\t\t\t\t\t<div class=\"elementor-column elementor-col-50 elementor-inner-column elementor-element elementor-element-d508bae\" data-id=\"d508bae\" data-element_type=\"column\" data-e-type=\"column\">\n\t\t\t<div class=\"elementor-widget-wrap elementor-element-populated\">\n\t\t\t\t\t\t<div class=\"elementor-element elementor-element-2a1d1ef content-align-left icon-box-vertical-align-top icon-position-left icon-vertical-align-start elementor-widget elementor-widget-the7_icon_box_widget\" data-id=\"2a1d1ef\" data-element_type=\"widget\" data-e-type=\"widget\" data-widget_type=\"the7_icon_box_widget.default\">\n\t\t\t\t<div class=\"elementor-widget-container\">\n\t\t\t\t\t\n\t\t<div class=\"the7-box-wrapper the7-elementor-widget the7_icon_box_widget-2a1d1ef\">\t\t\t<div class=\"box-content-wrapper\">\n\t\t\t\t\t\t\t\t\t<a class=\"elementor-icon-div\" >\t\t\t\t\t\t<div class=\"elementor-icon\">\n\t\t\t\t\t\t\t<i aria-hidden=\"true\" class=\"fas fa-people-arrows\"><\/i>\t\t\t\t\t\t<\/div>\n\t\t\t\t\t<\/a>\t\t\t\t\t\t\t\t<div class=\"box-content\">\n\t\t\t\t\t\t\t\t\t\t\t\t\t\t\t\t\t<h4 class=\"box-heading\">\n\t\t\t\t\t\t\t<a >\t\t\t\t\t\t\t\t+ 150 persone\t\t\t\t\t\t\t<\/a>\t\t\t\t\t\t<\/h4>\n\t\t\t\t\t\t\t\t\t\t\t\t\t\t\t\t<div class=\"box-description\">I nostri collaboratori<\/div>\n\t\t\t\t\t\n\t\t\t\t\t\n\t\t\t\t<\/div>\n\t\t\t<\/div>\n\t\t<\/div>\t\t\t\t\t<\/div>\n\t\t\t\t<\/div>\n\t\t\t\t\t<\/div>\n\t\t<\/div>\n\t\t\t\t<div class=\"elementor-column elementor-col-50 elementor-inner-column elementor-element elementor-element-fe8fc98\" data-id=\"fe8fc98\" data-element_type=\"column\" data-e-type=\"column\">\n\t\t\t<div class=\"elementor-widget-wrap elementor-element-populated\">\n\t\t\t\t\t\t<div class=\"elementor-element elementor-element-d332191 content-align-left icon-box-vertical-align-top icon-position-left icon-vertical-align-start elementor-widget elementor-widget-the7_icon_box_widget\" data-id=\"d332191\" data-element_type=\"widget\" data-e-type=\"widget\" data-widget_type=\"the7_icon_box_widget.default\">\n\t\t\t\t<div class=\"elementor-widget-container\">\n\t\t\t\t\t\n\t\t<div class=\"the7-box-wrapper the7-elementor-widget the7_icon_box_widget-d332191\">\t\t\t<div class=\"box-content-wrapper\">\n\t\t\t\t\t\t\t\t\t<a class=\"elementor-icon-div\" >\t\t\t\t\t\t<div class=\"elementor-icon\">\n\t\t\t\t\t\t\t<i aria-hidden=\"true\" class=\"fas fa-star\"><\/i>\t\t\t\t\t\t<\/div>\n\t\t\t\t\t<\/a>\t\t\t\t\t\t\t\t<div class=\"box-content\">\n\t\t\t\t\t\t\t\t\t\t\t\t\t\t\t\t\t<h4 class=\"box-heading\">\n\t\t\t\t\t\t\t<a >\t\t\t\t\t\t\t\t50% dipendenti donne\t\t\t\t\t\t\t<\/a>\t\t\t\t\t\t<\/h4>\n\t\t\t\t\t\t\t\t\t\t\t\t\t\t\t\t<div class=\"box-description\">Gender Equality<\/div>\n\t\t\t\t\t\n\t\t\t\t\t\n\t\t\t\t<\/div>\n\t\t\t<\/div>\n\t\t<\/div>\t\t\t\t\t<\/div>\n\t\t\t\t<\/div>\n\t\t\t\t\t<\/div>\n\t\t<\/div>\n\t\t\t\t\t<\/div>\n\t\t<\/section>\n\t\t\t\t<div class=\"elementor-element elementor-element-bd0a2f1 elementor-widget elementor-widget-text-editor\" data-id=\"bd0a2f1\" data-element_type=\"widget\" data-e-type=\"widget\" data-widget_type=\"text-editor.default\">\n\t\t\t\t<div class=\"elementor-widget-container\">\n\t\t\t\t\t\t\t\t\t<h4>\u00a0<\/h4>\n<h4 class=\"uagb-columns__overlay\"><strong>Opportunit\u00e0 di lavoro<\/strong><\/h4>\n<div class=\"uagb-columns__inner-wrap uagb-columns__columns-1\">\n<div class=\"wp-block-uagb-column uagb-column__wrap uagb-column__background-undefined uagb-block-e6437c1c\">\n<p>\u00a0<\/p>\n<p>\u00a0<\/p>\n<p>\u00a0<\/p>\n<p>Inviaci il<strong> tuo Curriculum Vitae<\/strong> per candidature spontanee oppure guarda su<strong> LinkedIn<\/strong> le opportunit\u00e0 di lavoro e stage\/tirocinio che <strong>Savio Group<\/strong> offre in questo momento. <span style=\"word-spacing: normal;\">Valuteremo con attenzione la tua candidatura con l\u2019obiettivo di coinvolgerti nelle nostre ricerche di personale.<\/span><\/p>\n<p>\u00a0<\/p>\n<p><a style=\"word-spacing: normal; font-family: Roboto, Helvetica, Arial, Verdana, sans-serif; font-size: 27.2px;\" href=\"https:\/\/www.linkedin.com\/company\/850786\/admin\/dashboard\/\" data-cmp-ab=\"2\">Seguici e controlla la sezione dedicata alle offerte di lavoro<\/a><span style=\"word-spacing: normal; color: #3ca0e9; font-family: Roboto, Helvetica, Arial, Verdana, sans-serif; font-size: 27.2px;\">.<\/span><\/p>\n<section class=\"wp-block-uagb-columns uagb-columns__wrap uagb-columns__stack-mobile uagb-columns__valign- uagb-columns__gap-10 align uagb-block-db1933bf uagb-columns__columns-2 uagb-columns__max_width-theme\">\n<div class=\"uagb-columns__inner-wrap uagb-columns__columns-2\">\n<div class=\"wp-block-uagb-column uagb-column__wrap uagb-column__background-undefined uagb-block-dc509b74\">\n<div class=\"uagb-column__overlay\">\u00a0<\/div>\n<div class=\"uagb-column__overlay\">\u00a0<\/div>\n<div class=\"uagb-column__overlay\">\u00a0<\/div>\n<\/div>\n<\/div>\n<\/section>\n<div class=\"uagb-column__overlay\">\u00a0<\/div>\n<\/div>\n<\/div>\t\t\t\t\t\t\t\t<\/div>\n\t\t\t\t<\/div>\n\t\t\t\t\t<\/div>\n\t\t<\/div>\n\t\t\t\t\t<\/div>\n\t\t<\/section>\n\t\t\t\t<\/div>\n\t\t","protected":false},"excerpt":{"rendered":"<p>Trabaja con nosotros Somos operativos en m\u00e1s de 100 mercados en todo el mundo y siempre estamos buscando talentos. Si buscas nuevos retos, satisfacci\u00f3n profesional y un entorno internacional e inclusivo, post\u00falate para unirte a nuestro equipo. Trabajamos apasionadamente para afirmar nuestro \u00e9xito global basado en el ingenio, la responsabilidad, la innovaci\u00f3n y una s\u00f3lida&hellip;<\/p>\n","protected":false},"author":2,"featured_media":0,"parent":114389,"menu_order":0,"comment_status":"closed","ping_status":"closed","template":"","meta":{"_acf_changed":false,"_uag_custom_page_level_css":"","footnotes":""},"class_list":["post-114402","page","type-page","status-publish","hentry"],"acf":[],"yoast_head":"<!-- This site is optimized with the Yoast SEO plugin v27.2 - https:\/\/yoast.com\/product\/yoast-seo-wordpress\/ -->\n<title>Trabaja con nosotros - SAVIO<\/title>\n<meta name=\"robots\" content=\"index, follow, max-snippet:-1, max-image-preview:large, max-video-preview:-1\" \/>\n<link rel=\"canonical\" href=\"https:\/\/savio.it\/es\/azienda\/lavora-con-noi\/\" \/>\n<meta property=\"og:locale\" content=\"es_ES\" \/>\n<meta property=\"og:type\" content=\"article\" \/>\n<meta property=\"og:title\" content=\"Trabaja con nosotros - SAVIO\" \/>\n<meta property=\"og:description\" content=\"Trabaja con nosotros Somos operativos en m\u00e1s de 100 mercados en todo el mundo y siempre estamos buscando talentos. Si buscas nuevos retos, satisfacci\u00f3n profesional y un entorno internacional e inclusivo, post\u00falate para unirte a nuestro equipo. Trabajamos apasionadamente para afirmar nuestro \u00e9xito global basado en el ingenio, la responsabilidad, la innovaci\u00f3n y una s\u00f3lida&hellip;\" \/>\n<meta property=\"og:url\" content=\"https:\/\/savio.it\/es\/azienda\/lavora-con-noi\/\" \/>\n<meta property=\"og:site_name\" content=\"SAVIO\" \/>\n<meta property=\"article:modified_time\" content=\"2026-01-19T08:27:59+00:00\" \/>\n<meta property=\"og:image\" content=\"https:\/\/savio.it\/wp-content\/uploads\/2022\/03\/Lavora-con-noi.jpg\" \/>\n<meta name=\"twitter:card\" content=\"summary_large_image\" \/>\n<meta name=\"twitter:label1\" content=\"Tiempo de lectura\" \/>\n\t<meta name=\"twitter:data1\" content=\"1 minuto\" \/>\n<script type=\"application\/ld+json\" class=\"yoast-schema-graph\">{\"@context\":\"https:\/\/schema.org\",\"@graph\":[{\"@type\":\"WebPage\",\"@id\":\"https:\/\/savio.it\/es\/azienda\/lavora-con-noi\/\",\"url\":\"https:\/\/savio.it\/es\/azienda\/lavora-con-noi\/\",\"name\":\"Trabaja con nosotros - SAVIO\",\"isPartOf\":{\"@id\":\"https:\/\/savio.it\/es\/#website\"},\"primaryImageOfPage\":{\"@id\":\"https:\/\/savio.it\/es\/azienda\/lavora-con-noi\/#primaryimage\"},\"image\":{\"@id\":\"https:\/\/savio.it\/es\/azienda\/lavora-con-noi\/#primaryimage\"},\"thumbnailUrl\":\"https:\/\/savio.it\/wp-content\/uploads\/2022\/03\/Lavora-con-noi.jpg\",\"datePublished\":\"2023-07-06T12:56:14+00:00\",\"dateModified\":\"2026-01-19T08:27:59+00:00\",\"breadcrumb\":{\"@id\":\"https:\/\/savio.it\/es\/azienda\/lavora-con-noi\/#breadcrumb\"},\"inLanguage\":\"es\",\"potentialAction\":[{\"@type\":\"ReadAction\",\"target\":[\"https:\/\/savio.it\/es\/azienda\/lavora-con-noi\/\"]}]},{\"@type\":\"ImageObject\",\"inLanguage\":\"es\",\"@id\":\"https:\/\/savio.it\/es\/azienda\/lavora-con-noi\/#primaryimage\",\"url\":\"https:\/\/savio.it\/wp-content\/uploads\/2022\/03\/Lavora-con-noi.jpg\",\"contentUrl\":\"https:\/\/savio.it\/wp-content\/uploads\/2022\/03\/Lavora-con-noi.jpg\"},{\"@type\":\"BreadcrumbList\",\"@id\":\"https:\/\/savio.it\/es\/azienda\/lavora-con-noi\/#breadcrumb\",\"itemListElement\":[{\"@type\":\"ListItem\",\"position\":1,\"name\":\"Home\",\"item\":\"https:\/\/savio.it\/es\/\"},{\"@type\":\"ListItem\",\"position\":2,\"name\":\"Acerca De Nosotros\",\"item\":\"https:\/\/savio.it\/es\/azienda\/\"},{\"@type\":\"ListItem\",\"position\":3,\"name\":\"Trabaja con nosotros\"}]},{\"@type\":\"WebSite\",\"@id\":\"https:\/\/savio.it\/es\/#website\",\"url\":\"https:\/\/savio.it\/es\/\",\"name\":\"SAVIO\",\"description\":\"Open mind for closing system\",\"publisher\":{\"@id\":\"https:\/\/savio.it\/es\/#organization\"},\"potentialAction\":[{\"@type\":\"SearchAction\",\"target\":{\"@type\":\"EntryPoint\",\"urlTemplate\":\"https:\/\/savio.it\/es\/?s={search_term_string}\"},\"query-input\":{\"@type\":\"PropertyValueSpecification\",\"valueRequired\":true,\"valueName\":\"search_term_string\"}}],\"inLanguage\":\"es\"},{\"@type\":\"Organization\",\"@id\":\"https:\/\/savio.it\/es\/#organization\",\"name\":\"SAVIO\",\"url\":\"https:\/\/savio.it\/es\/\",\"logo\":{\"@type\":\"ImageObject\",\"inLanguage\":\"es\",\"@id\":\"https:\/\/savio.it\/es\/#\/schema\/logo\/image\/\",\"url\":\"https:\/\/savio.it\/wp-content\/uploads\/2021\/09\/cropped-Savio-logo.png\",\"contentUrl\":\"https:\/\/savio.it\/wp-content\/uploads\/2021\/09\/cropped-Savio-logo.png\",\"width\":243,\"height\":64,\"caption\":\"SAVIO\"},\"image\":{\"@id\":\"https:\/\/savio.it\/es\/#\/schema\/logo\/image\/\"}}]}<\/script>\n<!-- \/ Yoast SEO plugin. -->","yoast_head_json":{"title":"Trabaja con nosotros - SAVIO","robots":{"index":"index","follow":"follow","max-snippet":"max-snippet:-1","max-image-preview":"max-image-preview:large","max-video-preview":"max-video-preview:-1"},"canonical":"https:\/\/savio.it\/es\/azienda\/lavora-con-noi\/","og_locale":"es_ES","og_type":"article","og_title":"Trabaja con nosotros - SAVIO","og_description":"Trabaja con nosotros Somos operativos en m\u00e1s de 100 mercados en todo el mundo y siempre estamos buscando talentos. Si buscas nuevos retos, satisfacci\u00f3n profesional y un entorno internacional e inclusivo, post\u00falate para unirte a nuestro equipo. Trabajamos apasionadamente para afirmar nuestro \u00e9xito global basado en el ingenio, la responsabilidad, la innovaci\u00f3n y una s\u00f3lida&hellip;","og_url":"https:\/\/savio.it\/es\/azienda\/lavora-con-noi\/","og_site_name":"SAVIO","article_modified_time":"2026-01-19T08:27:59+00:00","og_image":[{"url":"https:\/\/savio.it\/wp-content\/uploads\/2022\/03\/Lavora-con-noi.jpg","type":"","width":"","height":""}],"twitter_card":"summary_large_image","twitter_misc":{"Tiempo de lectura":"1 minuto"},"schema":{"@context":"https:\/\/schema.org","@graph":[{"@type":"WebPage","@id":"https:\/\/savio.it\/es\/azienda\/lavora-con-noi\/","url":"https:\/\/savio.it\/es\/azienda\/lavora-con-noi\/","name":"Trabaja con nosotros - SAVIO","isPartOf":{"@id":"https:\/\/savio.it\/es\/#website"},"primaryImageOfPage":{"@id":"https:\/\/savio.it\/es\/azienda\/lavora-con-noi\/#primaryimage"},"image":{"@id":"https:\/\/savio.it\/es\/azienda\/lavora-con-noi\/#primaryimage"},"thumbnailUrl":"https:\/\/savio.it\/wp-content\/uploads\/2022\/03\/Lavora-con-noi.jpg","datePublished":"2023-07-06T12:56:14+00:00","dateModified":"2026-01-19T08:27:59+00:00","breadcrumb":{"@id":"https:\/\/savio.it\/es\/azienda\/lavora-con-noi\/#breadcrumb"},"inLanguage":"es","potentialAction":[{"@type":"ReadAction","target":["https:\/\/savio.it\/es\/azienda\/lavora-con-noi\/"]}]},{"@type":"ImageObject","inLanguage":"es","@id":"https:\/\/savio.it\/es\/azienda\/lavora-con-noi\/#primaryimage","url":"https:\/\/savio.it\/wp-content\/uploads\/2022\/03\/Lavora-con-noi.jpg","contentUrl":"https:\/\/savio.it\/wp-content\/uploads\/2022\/03\/Lavora-con-noi.jpg"},{"@type":"BreadcrumbList","@id":"https:\/\/savio.it\/es\/azienda\/lavora-con-noi\/#breadcrumb","itemListElement":[{"@type":"ListItem","position":1,"name":"Home","item":"https:\/\/savio.it\/es\/"},{"@type":"ListItem","position":2,"name":"Acerca De Nosotros","item":"https:\/\/savio.it\/es\/azienda\/"},{"@type":"ListItem","position":3,"name":"Trabaja con nosotros"}]},{"@type":"WebSite","@id":"https:\/\/savio.it\/es\/#website","url":"https:\/\/savio.it\/es\/","name":"SAVIO","description":"Open mind for closing system","publisher":{"@id":"https:\/\/savio.it\/es\/#organization"},"potentialAction":[{"@type":"SearchAction","target":{"@type":"EntryPoint","urlTemplate":"https:\/\/savio.it\/es\/?s={search_term_string}"},"query-input":{"@type":"PropertyValueSpecification","valueRequired":true,"valueName":"search_term_string"}}],"inLanguage":"es"},{"@type":"Organization","@id":"https:\/\/savio.it\/es\/#organization","name":"SAVIO","url":"https:\/\/savio.it\/es\/","logo":{"@type":"ImageObject","inLanguage":"es","@id":"https:\/\/savio.it\/es\/#\/schema\/logo\/image\/","url":"https:\/\/savio.it\/wp-content\/uploads\/2021\/09\/cropped-Savio-logo.png","contentUrl":"https:\/\/savio.it\/wp-content\/uploads\/2021\/09\/cropped-Savio-logo.png","width":243,"height":64,"caption":"SAVIO"},"image":{"@id":"https:\/\/savio.it\/es\/#\/schema\/logo\/image\/"}}]}},"uagb_featured_image_src":{"full":false,"thumbnail":false,"medium":false,"medium_large":false,"large":false,"gs-tiny":false,"xl":false,"xxl":false,"xxxl":false,"xxxxl":false,"xxxxxl":false,"1536x1536":false,"2048x2048":false,"woocommerce_thumbnail":false,"woocommerce_single":false,"woocommerce_gallery_thumbnail":false},"uagb_author_info":{"display_name":"admin_news","author_link":"https:\/\/savio.it\/es\/author\/admin_news\/"},"uagb_comment_info":0,"uagb_excerpt":"Trabaja con nosotros Somos operativos en m\u00e1s de 100 mercados en todo el mundo y siempre estamos buscando talentos. Si buscas nuevos retos, satisfacci\u00f3n profesional y un entorno internacional e inclusivo, post\u00falate para unirte a nuestro equipo. Trabajamos apasionadamente para afirmar nuestro \u00e9xito global basado en el ingenio, la responsabilidad, la innovaci\u00f3n y una s\u00f3lida&hellip;","_links":{"self":[{"href":"https:\/\/savio.it\/es\/wp-json\/wp\/v2\/pages\/114402","targetHints":{"allow":["GET"]}}],"collection":[{"href":"https:\/\/savio.it\/es\/wp-json\/wp\/v2\/pages"}],"about":[{"href":"https:\/\/savio.it\/es\/wp-json\/wp\/v2\/types\/page"}],"author":[{"embeddable":true,"href":"https:\/\/savio.it\/es\/wp-json\/wp\/v2\/users\/2"}],"replies":[{"embeddable":true,"href":"https:\/\/savio.it\/es\/wp-json\/wp\/v2\/comments?post=114402"}],"version-history":[{"count":2,"href":"https:\/\/savio.it\/es\/wp-json\/wp\/v2\/pages\/114402\/revisions"}],"predecessor-version":[{"id":116921,"href":"https:\/\/savio.it\/es\/wp-json\/wp\/v2\/pages\/114402\/revisions\/116921"}],"up":[{"embeddable":true,"href":"https:\/\/savio.it\/es\/wp-json\/wp\/v2\/pages\/114389"}],"wp:attachment":[{"href":"https:\/\/savio.it\/es\/wp-json\/wp\/v2\/media?parent=114402"}],"curies":[{"name":"wp","href":"https:\/\/api.w.org\/{rel}","templated":true}]}}