{"id":159198,"date":"2025-06-19T14:25:03","date_gmt":"2025-06-19T14:25:03","guid":{"rendered":"https:\/\/savio.it\/?page_id=159198"},"modified":"2025-06-19T15:31:06","modified_gmt":"2025-06-19T15:31:06","slug":"cookie-policy","status":"publish","type":"page","link":"https:\/\/savio.it\/es\/cookie-policy\/","title":{"rendered":"Pol\u00edtica de cookies"},"content":{"rendered":"\n<div class=\"wp-block-uagb-container uagb-block-11aa570a alignfull uagb-is-root-container\"><div class=\"uagb-container-inner-blocks-wrap\">\n<h1 class=\"wp-block-heading has-text-align-center\">Cookie Policy &#8211; Savio S.p.A.<\/h1>\n<\/div><\/div>\n\n<div class=\"wp-block-uagb-container uagb-block-b1bdb0ff alignfull uagb-is-root-container\"><div class=\"uagb-container-inner-blocks-wrap\">\n<h2 class=\"wp-block-heading\">Pol\u00edtica de Cookies de https:\/\/savio.it<\/h2>\n\n\n\n<h3 class=\"wp-block-heading\">Informaci\u00f3n de conformidad con el art. 13 del Reglamento Europeo 2016\/679 <\/h3>\n\n\n\n<div style=\"height:1rem\" aria-hidden=\"true\" class=\"wp-block-spacer\"><\/div>\n\n\n\n<p>El presente documento informa a los Usuarios sobre las tecnolog\u00edas que ayudan esta P\u00e1gina Web a lograr los fines descritos a continuaci\u00f3n. Dichas tecnolog\u00edas permiten al Titular acceder a informaci\u00f3n y almacenarla (por ejemplo, utilizando una Cookie) o emplear recursos (por ejemplo, ejecutando un script) en el dispositivo de un Usuario mientras este interact\u00faa con esta P\u00e1gina Web. <\/p>\n\n\n\n<p>Para simplificar, en el presente documento toda esta clase de tecnolog\u00edas se define como \u00abRastreadores\u00bb, salvo que exista un motivo para diferenciarlas.<br\/>Por ejemplo, mientras que las Cookies se pueden emplear en navegadores web y m\u00f3viles, ser\u00eda inexacto hablar de Cookies en el contexto de las aplicaciones m\u00f3viles ya que son rastreadores basados en navegadores. Por este motivo, en el presente documento, el t\u00e9rmino Cookies \u00fanicamente se utilizar\u00e1 cuando se emplee espec\u00edficamente para designar este tipo concreto de Rastreador. <\/p>\n\n\n\n<p>Es posible que algunas de las finalidades para las que se utilizan Rastreadores exijan el consentimiento del Usuario. Siempre que se otorgue el consentimiento, este podr\u00e1 revocarse libremente en cualquier momento siguiendo las instrucciones facilitadas en el presente documento. <\/p>\n\n\n\n<p>Esta P\u00e1gina Web utiliza Rastreadores gestionados directamente por el Titular (denominados Rastreadores \u201cde origen\u00bb) y Rastreadores que hacen posibles servicios prestados por un tercero (denominados Rastreadores \u201cde terceros\u201d). Salvo que se indique lo contrario en el presente documento, los terceros proveedores podr\u00e1n acceder a los Rastreadores que gestionen.<br\/>Los plazos de validez y expiraci\u00f3n de las Cookies y otros Rastreadores similares pueden variar dependiendo de la duraci\u00f3n establecida por el Titular o el proveedor correspondiente. Algunas de ellas expiran a la finalizaci\u00f3n de la sesi\u00f3n de navegaci\u00f3n del Usuario.<br\/>Adem\u00e1s de lo especificado en las descripciones que aparecen en cada una de las categor\u00edas indicadas m\u00e1s adelante, los Usuarios podr\u00e1n encontrar informaci\u00f3n m\u00e1s precisa y actualizada acerca de las especificaciones de duraci\u00f3n, as\u00ed como cualquier otra informaci\u00f3n relevante \u2013 como la presencia de otros Rastreadores &#8211; en las pol\u00edticas de privacidad de los terceros proveedores correspondientes para las que se proporcionan enlaces o contactando con el Titular.  <\/p>\n<\/div><\/div>\n\n<div class=\"wp-block-uagb-container uagb-block-c2ec0a4d alignfull uagb-is-root-container\"><div class=\"uagb-container-inner-blocks-wrap\">\n<h3 class=\"wp-block-heading\" id=\"sottotitolo-privacy2\"><strong>Qu\u00e9 son las cookies<\/strong><\/h3>\n\n\n\n<p><em>Las cookies<\/em> son peque\u00f1os archivos de texto que se colocan autom\u00e1ticamente en el ordenador del internauta dentro del navegador. Contienen informaci\u00f3n b\u00e1sica sobre la navegaci\u00f3n por Internet y son reconocidos por el navegador cada vez que el usuario visita el sitio. <\/p>\n<\/div><\/div>\n\n<div class=\"wp-block-uagb-container uagb-block-7b1724c3 alignfull uagb-is-root-container\"><div class=\"uagb-container-inner-blocks-wrap\">\n<h3 class=\"wp-block-heading\" id=\"sottotitolo-privacy2\"><strong>\u00bfC\u00f3mo utilizamos las cookies?<\/strong><\/h3>\n\n\n\n<p>Como la mayor\u00eda de los servicios en l\u00ednea, nuestro sitio web utiliza cookies propias y de terceros con fines diferentes. Las cookies de origen son en su mayor\u00eda necesarias para el correcto funcionamiento del sitio y no recogen datos personales. <\/p>\n\n\n\n<p>Las cookies de terceros utilizadas en nuestro sitio web se emplean principalmente para comprender c\u00f3mo funciona el sitio web, c\u00f3mo interact\u00faa usted con nuestro sitio web, para mantener la seguridad de nuestros servicios, para ofrecer anuncios relevantes para usted y, en \u00faltima instancia, para ofrecerle una experiencia de usuario mejor y m\u00e1s r\u00e1pida y agilizar sus futuras interacciones con nuestro sitio web.<\/p>\n<\/div><\/div>\n\n<div class=\"wp-block-uagb-container uagb-block-3fafc2fc alignfull uagb-is-root-container\"><div class=\"uagb-container-inner-blocks-wrap\">\n<h3 class=\"wp-block-heading\" id=\"sottotitolo-privacy2\"><strong>Tipos de cookies que utilizamos<\/strong><\/h3>\n\n\n\n<div class=\"cky-audit-table-element\"><\/div>\n<\/div><\/div>\n\n<div class=\"wp-block-uagb-container uagb-block-f7e26059 alignfull uagb-is-root-container\"><div class=\"uagb-container-inner-blocks-wrap\">\n<h3 class=\"wp-block-heading\" id=\"sottotitolo-privacy2\"><strong>C\u00f3mo gestionar preferencias y otorgar o revocar el consentimiento en esta P\u00e1gina Web<\/strong><\/h3>\n\n\n\n<p>Puede cambiar sus preferencias sobre cookies en cualquier momento haciendo clic en el bot\u00f3n que aparece a continuaci\u00f3n, o haciendo clic en el icono de la esquina inferior izquierda en todas las p\u00e1ginas del sitio. De este modo, puede volver a visitar el banner de consentimiento de cookies y cambiar sus preferencias o revocar su consentimiento inmediatamente. <\/p>\n\n\n\n<div class=\"wp-block-uagb-buttons uagb-buttons__outer-wrap uagb-btn__default-btn uagb-btn-tablet__default-btn uagb-btn-mobile__default-btn uagb-block-0e4b457e\"><div class=\"uagb-buttons__wrap uagb-buttons-layout-wrap \">\n<div class=\"wp-block-uagb-buttons-child uagb-buttons__outer-wrap uagb-block-d3d9dc94 wp-block-button cky-banner-element\"><div class=\"uagb-button__wrapper\"><a class=\"uagb-buttons-repeater wp-block-button__link\" aria-label=\"\" href=\"#\" rel=\"follow noopener\" target=\"_self\" role=\"button\"><div class=\"uagb-button__link\">Personalizar los consentimientos de cookies<\/div><\/a><\/div><\/div>\n<\/div><\/div>\n\n\n\n<p>En cuanto a los Rastreadores de terceros, los Usuarios podr\u00e1n gestionar sus preferencias a trav\u00e9s del enlace de inhabilitaci\u00f3n relacionado (cuando exista), utilizando los medios indicados en la pol\u00edtica de privacidad del tercero o contactando con dicho tercero.<\/p>\n<\/div><\/div>\n\n<div class=\"wp-block-uagb-container uagb-block-8675d839 alignfull uagb-is-root-container\"><div class=\"uagb-container-inner-blocks-wrap\">\n<p>Adem\u00e1s, los distintos navegadores ofrecen diferentes m\u00e9todos para bloquear y eliminar las cookies utilizadas por los sitios web. Puede cambiar la configuraci\u00f3n de su navegador para bloquear\/eliminar las cookies. A continuaci\u00f3n encontrar\u00e1 enlaces a documentos de apoyo sobre c\u00f3mo gestionar y eliminar las cookies de los principales navegadores web:  <\/p>\n\n\n\n<ul class=\"wp-block-list\">\n<li><a href=\"https:\/\/support.google.com\/chrome\/answer\/95647?hl=es&amp;p=cpn_cookies\" target=\"_blank\" rel=\"noreferrer noopener\">Google Chrome<\/a><\/li>\n\n\n\n<li><a href=\"https:\/\/support.mozilla.org\/es\/kb\/habilitar-y-deshabilitar-cookies-que-los-sitios-we\" target=\"_blank\" rel=\"noreferrer noopener\">Mozilla Firefox<\/a><\/li>\n\n\n\n<li><a href=\"https:\/\/support.apple.com\/es-es\/guide\/safari\/manage-cookies-and-website-data-sfri11471\/\" target=\"_blank\" rel=\"noreferrer noopener\">Safari de Apple<\/a><\/li>\n\n\n\n<li><a href=\"http:\/\/windows.microsoft.com\/es-es\/windows-vista\/block-or-allow-cookies\" target=\"_blank\" rel=\"noreferrer noopener\">Microsoft Internet Explorer<\/a><\/li>\n\n\n\n<li><a href=\"https:\/\/support.microsoft.com\/es-es\/help\/4027947\" target=\"_blank\" rel=\"noreferrer noopener\">Microsoft Edge<\/a><\/li>\n\n\n\n<li><a href=\"https:\/\/support.brave.com\/hc\/articles\/360022806212-How-do-I-use-Shields-while-browsing\" target=\"_blank\" rel=\"noreferrer noopener\">Valiente<\/a><\/li>\n\n\n\n<li><a href=\"https:\/\/help.opera.com\/latest\/web-preferences\/#cookies\" target=\"_blank\" rel=\"noreferrer noopener\">\u00d3pera<\/a><\/li>\n<\/ul>\n\n\n\n<p>Los Usuarios tambi\u00e9n podr\u00e1n gestionar determinadas categor\u00edas de Rastreadores utilizados en aplicaciones m\u00f3viles inhabilit\u00e1ndolos a trav\u00e9s de la configuraci\u00f3n del dispositivo relevante, como la configuraci\u00f3n de publicidad del dispositivo para dispositivos m\u00f3viles o la configuraci\u00f3n de rastreo en general (los Usuarios podr\u00e1n abrir la configuraci\u00f3n del dispositivo y buscar la opci\u00f3n relevante).<\/p>\n<\/div><\/div>\n\n<div class=\"wp-block-uagb-container uagb-block-d4e1fab0 alignfull uagb-is-root-container\"><div class=\"uagb-container-inner-blocks-wrap\">\n<h3 class=\"wp-block-heading\" id=\"sottotitolo-privacy2\"><strong>C\u00f3mo inhabilitar la publicidad basada en intereses<\/strong><\/h3>\n\n\n\n<p>Sin perjuicio de lo anterior, por la presente se informa a los Usuarios de que pueden seguir las instrucciones facilitadas por <a target=\"_blank\" rel=\"noreferrer noopener\" href=\"http:\/\/www.youronlinechoices.eu\/\">YourOnlineChoices<\/a> (UE y RU), la <a target=\"_blank\" rel=\"noreferrer noopener\" href=\"https:\/\/thenai.org\/about-online-advertising\/\">Network Advertising Initiative<\/a> (EE.UU.) y la <a target=\"_blank\" rel=\"noreferrer noopener\" href=\"https:\/\/www.aboutads.info\/consumers\/\">Digital Advertising Alliance<\/a> (EE.UU.), <a target=\"_blank\" rel=\"noreferrer noopener\" href=\"https:\/\/youradchoices.ca\/understanding-online-advertising\/\">DAAC<\/a> (Canad\u00e1), <a target=\"_blank\" rel=\"noreferrer noopener\" href=\"http:\/\/www.ddai.info\/optout\">DDAI<\/a> (Jap\u00f3n) u otros servicios similares. Tales iniciativas permiten a los Usuarios seleccionar sus preferencias de seguimiento para la mayor\u00eda de las herramientas de publicidad. El Titular, por tanto, recomienda que el Usuario utilice estos recursos adem\u00e1s de la informaci\u00f3n proporcionada en el presente documento.  <\/p>\n\n\n\n<p>La Digital Advertising Alliance ofrece una aplicaci\u00f3n denominada <a target=\"_blank\" rel=\"noreferrer noopener\" href=\"https:\/\/youradchoices.com\/appchoices\">AppChoices<\/a> que ayuda a los Usuarios a controlar la publicidad basada en intereses en aplicaciones m\u00f3viles.<\/p>\n<\/div><\/div>\n\n<div class=\"wp-block-uagb-container uagb-block-b8adccf1 alignfull uagb-is-root-container\"><div class=\"uagb-container-inner-blocks-wrap\">\n<h3 class=\"wp-block-heading\" id=\"sottotitolo-privacy2\"><strong>Consecuencias de no permitir el uso de Rastreadores<\/strong><\/h3>\n\n\n\n<p>Los Usuarios pueden decidir libremente si permitir o no el uso de Rastreadores. Sin embargo, debe se\u00f1alarse que los Rastreadores ayudan a esta P\u00e1gina Web a proporcionar a los Usuarios una mejor experiencia y funcionalidades avanzadas (en l\u00ednea con las finalidades indicadas en el presente documento). Por lo tanto, si el Usuario decide bloquear el uso de los Rastreadores, es posible que el Titular no pueda proporcionar las caracter\u00edsticas relacionadas.  <\/p>\n<\/div><\/div>\n\n<div class=\"wp-block-uagb-container uagb-block-e2dfcfae alignfull uagb-is-root-container\"><div class=\"uagb-container-inner-blocks-wrap\">\n<h3 class=\"wp-block-heading\" id=\"sottotitolo-privacy2\"><strong>Titular y Responsable de Tratamiento<\/strong><\/h3>\n\n\n\n<p>Savio S.p.A. &#8211; Via Torino, 25 &#8211; 10050 Chiusa di San Michele (Italia)<\/p>\n\n\n\n<p><strong>Correo electr\u00f3nico de contacto del Titular:<\/strong> <a href=\"mailto:businessdevelopment@savio.it\">businessdevelopment@savio.it<\/a><\/p>\n\n\n\n<p>Dado que el Titular no puede controlar por completo el uso de Rastreadores de terceros a trav\u00e9s de esta P\u00e1gina Web, cualquier referencia espec\u00edfica a Rastreadores de terceros se considerar\u00e1 orientativa. Con el fin de obtener informaci\u00f3n completa, se ruega a los Usuarios que consulten las correspondientes pol\u00edticas de privacidad de los servicios de terceros enumerados en el presente documento. <\/p>\n\n\n\n<p>En vista de la complejidad objetiva que rodea a las tecnolog\u00edas de seguimiento, se anima a los Usuarios a contactar con el Titular en caso de que deseen recibir informaci\u00f3n adicional sobre el uso de dichas tecnolog\u00edas poresta P\u00e1gina Web.<\/p>\n<\/div><\/div>\n","protected":false},"excerpt":{"rendered":"<p>Cookie Policy &#8211; Savio S.p.A. Pol\u00edtica de Cookies de https:\/\/savio.it Informaci\u00f3n de conformidad con el art. 13 del Reglamento Europeo 2016\/679 El presente documento informa a los Usuarios sobre las tecnolog\u00edas que ayudan esta P\u00e1gina Web a lograr los fines descritos a continuaci\u00f3n. Dichas tecnolog\u00edas permiten al Titular acceder a informaci\u00f3n y almacenarla (por ejemplo,&hellip;<\/p>\n","protected":false},"author":2,"featured_media":0,"parent":0,"menu_order":0,"comment_status":"closed","ping_status":"closed","template":"","meta":{"_acf_changed":false,"_uag_custom_page_level_css":"","footnotes":""},"class_list":["post-159198","page","type-page","status-publish","hentry","description-off"],"acf":[],"yoast_head":"<!-- This site is optimized with the Yoast SEO plugin v27.2 - https:\/\/yoast.com\/product\/yoast-seo-wordpress\/ -->\n<title>Pol\u00edtica de cookies - SAVIO<\/title>\n<meta name=\"robots\" content=\"index, follow, max-snippet:-1, max-image-preview:large, max-video-preview:-1\" \/>\n<link rel=\"canonical\" href=\"https:\/\/savio.it\/es\/cookie-policy\/\" \/>\n<meta property=\"og:locale\" content=\"es_ES\" \/>\n<meta property=\"og:type\" content=\"article\" \/>\n<meta property=\"og:title\" content=\"Pol\u00edtica de cookies - SAVIO\" \/>\n<meta property=\"og:description\" content=\"Cookie Policy &#8211; Savio S.p.A. Pol\u00edtica de Cookies de https:\/\/savio.it Informaci\u00f3n de conformidad con el art. 13 del Reglamento Europeo 2016\/679 El presente documento informa a los Usuarios sobre las tecnolog\u00edas que ayudan esta P\u00e1gina Web a lograr los fines descritos a continuaci\u00f3n. Dichas tecnolog\u00edas permiten al Titular acceder a informaci\u00f3n y almacenarla (por ejemplo,&hellip;\" \/>\n<meta property=\"og:url\" content=\"https:\/\/savio.it\/es\/cookie-policy\/\" \/>\n<meta property=\"og:site_name\" content=\"SAVIO\" \/>\n<meta property=\"article:modified_time\" content=\"2025-06-19T15:31:06+00:00\" \/>\n<meta name=\"twitter:card\" content=\"summary_large_image\" \/>\n<meta name=\"twitter:label1\" content=\"Tiempo de lectura\" \/>\n\t<meta name=\"twitter:data1\" content=\"6 minutos\" \/>\n<script type=\"application\/ld+json\" class=\"yoast-schema-graph\">{\"@context\":\"https:\/\/schema.org\",\"@graph\":[{\"@type\":\"WebPage\",\"@id\":\"https:\/\/savio.it\/es\/cookie-policy\/\",\"url\":\"https:\/\/savio.it\/es\/cookie-policy\/\",\"name\":\"Pol\u00edtica de cookies - SAVIO\",\"isPartOf\":{\"@id\":\"https:\/\/savio.it\/es\/#website\"},\"datePublished\":\"2025-06-19T14:25:03+00:00\",\"dateModified\":\"2025-06-19T15:31:06+00:00\",\"breadcrumb\":{\"@id\":\"https:\/\/savio.it\/es\/cookie-policy\/#breadcrumb\"},\"inLanguage\":\"es\",\"potentialAction\":[{\"@type\":\"ReadAction\",\"target\":[\"https:\/\/savio.it\/es\/cookie-policy\/\"]}]},{\"@type\":\"BreadcrumbList\",\"@id\":\"https:\/\/savio.it\/es\/cookie-policy\/#breadcrumb\",\"itemListElement\":[{\"@type\":\"ListItem\",\"position\":1,\"name\":\"Home\",\"item\":\"https:\/\/savio.it\/es\/\"},{\"@type\":\"ListItem\",\"position\":2,\"name\":\"Pol\u00edtica de cookies\"}]},{\"@type\":\"WebSite\",\"@id\":\"https:\/\/savio.it\/es\/#website\",\"url\":\"https:\/\/savio.it\/es\/\",\"name\":\"SAVIO\",\"description\":\"Open mind for closing system\",\"publisher\":{\"@id\":\"https:\/\/savio.it\/es\/#organization\"},\"potentialAction\":[{\"@type\":\"SearchAction\",\"target\":{\"@type\":\"EntryPoint\",\"urlTemplate\":\"https:\/\/savio.it\/es\/?s={search_term_string}\"},\"query-input\":{\"@type\":\"PropertyValueSpecification\",\"valueRequired\":true,\"valueName\":\"search_term_string\"}}],\"inLanguage\":\"es\"},{\"@type\":\"Organization\",\"@id\":\"https:\/\/savio.it\/es\/#organization\",\"name\":\"SAVIO\",\"url\":\"https:\/\/savio.it\/es\/\",\"logo\":{\"@type\":\"ImageObject\",\"inLanguage\":\"es\",\"@id\":\"https:\/\/savio.it\/es\/#\/schema\/logo\/image\/\",\"url\":\"https:\/\/savio.it\/wp-content\/uploads\/2021\/09\/cropped-Savio-logo.png\",\"contentUrl\":\"https:\/\/savio.it\/wp-content\/uploads\/2021\/09\/cropped-Savio-logo.png\",\"width\":243,\"height\":64,\"caption\":\"SAVIO\"},\"image\":{\"@id\":\"https:\/\/savio.it\/es\/#\/schema\/logo\/image\/\"}}]}<\/script>\n<!-- \/ Yoast SEO plugin. -->","yoast_head_json":{"title":"Pol\u00edtica de cookies - SAVIO","robots":{"index":"index","follow":"follow","max-snippet":"max-snippet:-1","max-image-preview":"max-image-preview:large","max-video-preview":"max-video-preview:-1"},"canonical":"https:\/\/savio.it\/es\/cookie-policy\/","og_locale":"es_ES","og_type":"article","og_title":"Pol\u00edtica de cookies - SAVIO","og_description":"Cookie Policy &#8211; Savio S.p.A. Pol\u00edtica de Cookies de https:\/\/savio.it Informaci\u00f3n de conformidad con el art. 13 del Reglamento Europeo 2016\/679 El presente documento informa a los Usuarios sobre las tecnolog\u00edas que ayudan esta P\u00e1gina Web a lograr los fines descritos a continuaci\u00f3n. Dichas tecnolog\u00edas permiten al Titular acceder a informaci\u00f3n y almacenarla (por ejemplo,&hellip;","og_url":"https:\/\/savio.it\/es\/cookie-policy\/","og_site_name":"SAVIO","article_modified_time":"2025-06-19T15:31:06+00:00","twitter_card":"summary_large_image","twitter_misc":{"Tiempo de lectura":"6 minutos"},"schema":{"@context":"https:\/\/schema.org","@graph":[{"@type":"WebPage","@id":"https:\/\/savio.it\/es\/cookie-policy\/","url":"https:\/\/savio.it\/es\/cookie-policy\/","name":"Pol\u00edtica de cookies - SAVIO","isPartOf":{"@id":"https:\/\/savio.it\/es\/#website"},"datePublished":"2025-06-19T14:25:03+00:00","dateModified":"2025-06-19T15:31:06+00:00","breadcrumb":{"@id":"https:\/\/savio.it\/es\/cookie-policy\/#breadcrumb"},"inLanguage":"es","potentialAction":[{"@type":"ReadAction","target":["https:\/\/savio.it\/es\/cookie-policy\/"]}]},{"@type":"BreadcrumbList","@id":"https:\/\/savio.it\/es\/cookie-policy\/#breadcrumb","itemListElement":[{"@type":"ListItem","position":1,"name":"Home","item":"https:\/\/savio.it\/es\/"},{"@type":"ListItem","position":2,"name":"Pol\u00edtica de cookies"}]},{"@type":"WebSite","@id":"https:\/\/savio.it\/es\/#website","url":"https:\/\/savio.it\/es\/","name":"SAVIO","description":"Open mind for closing system","publisher":{"@id":"https:\/\/savio.it\/es\/#organization"},"potentialAction":[{"@type":"SearchAction","target":{"@type":"EntryPoint","urlTemplate":"https:\/\/savio.it\/es\/?s={search_term_string}"},"query-input":{"@type":"PropertyValueSpecification","valueRequired":true,"valueName":"search_term_string"}}],"inLanguage":"es"},{"@type":"Organization","@id":"https:\/\/savio.it\/es\/#organization","name":"SAVIO","url":"https:\/\/savio.it\/es\/","logo":{"@type":"ImageObject","inLanguage":"es","@id":"https:\/\/savio.it\/es\/#\/schema\/logo\/image\/","url":"https:\/\/savio.it\/wp-content\/uploads\/2021\/09\/cropped-Savio-logo.png","contentUrl":"https:\/\/savio.it\/wp-content\/uploads\/2021\/09\/cropped-Savio-logo.png","width":243,"height":64,"caption":"SAVIO"},"image":{"@id":"https:\/\/savio.it\/es\/#\/schema\/logo\/image\/"}}]}},"uagb_featured_image_src":{"full":false,"thumbnail":false,"medium":false,"medium_large":false,"large":false,"gs-tiny":false,"xl":false,"xxl":false,"xxxl":false,"xxxxl":false,"xxxxxl":false,"1536x1536":false,"2048x2048":false,"woocommerce_thumbnail":false,"woocommerce_single":false,"woocommerce_gallery_thumbnail":false},"uagb_author_info":{"display_name":"admin_news","author_link":"https:\/\/savio.it\/es\/author\/admin_news\/"},"uagb_comment_info":0,"uagb_excerpt":"Cookie Policy &#8211; Savio S.p.A. Pol\u00edtica de Cookies de https:\/\/savio.it Informaci\u00f3n de conformidad con el art. 13 del Reglamento Europeo 2016\/679 El presente documento informa a los Usuarios sobre las tecnolog\u00edas que ayudan esta P\u00e1gina Web a lograr los fines descritos a continuaci\u00f3n. Dichas tecnolog\u00edas permiten al Titular acceder a informaci\u00f3n y almacenarla (por ejemplo,&hellip;","_links":{"self":[{"href":"https:\/\/savio.it\/es\/wp-json\/wp\/v2\/pages\/159198","targetHints":{"allow":["GET"]}}],"collection":[{"href":"https:\/\/savio.it\/es\/wp-json\/wp\/v2\/pages"}],"about":[{"href":"https:\/\/savio.it\/es\/wp-json\/wp\/v2\/types\/page"}],"author":[{"embeddable":true,"href":"https:\/\/savio.it\/es\/wp-json\/wp\/v2\/users\/2"}],"replies":[{"embeddable":true,"href":"https:\/\/savio.it\/es\/wp-json\/wp\/v2\/comments?post=159198"}],"version-history":[{"count":5,"href":"https:\/\/savio.it\/es\/wp-json\/wp\/v2\/pages\/159198\/revisions"}],"predecessor-version":[{"id":159248,"href":"https:\/\/savio.it\/es\/wp-json\/wp\/v2\/pages\/159198\/revisions\/159248"}],"wp:attachment":[{"href":"https:\/\/savio.it\/es\/wp-json\/wp\/v2\/media?parent=159198"}],"curies":[{"name":"wp","href":"https:\/\/api.w.org\/{rel}","templated":true}]}}