{"id":34074,"date":"2021-09-30T12:35:55","date_gmt":"2021-09-30T12:35:55","guid":{"rendered":"https:\/\/savio.ne-ws.it\/prodotto\/summa-axial-1124-73\/"},"modified":"2024-06-28T15:31:16","modified_gmt":"2024-06-28T15:31:16","slug":"summa-axial-1124-73","status":"publish","type":"product","link":"https:\/\/savio.it\/es\/prodotto\/summa-axial-1124-73\/","title":{"rendered":"SUMMA+ AXIAL &#8211; 1124.73"},"content":{"rendered":"<p>(patentado) Bisagra regulable para canal puerta de 2 alas en aluminio, de enganche por el canal, con ajuste microm\u00e9trico inferior para alinear los dos cuerpos de la bisagra en caso de cualquier anomal\u00eda, centro de rotaci\u00f3n de 22.5 mm, 2 contraplacas guiadas, 4 tornillos con cabeza cil\u00edndrica allen enrasada M6x16 y 1 prisionero M5x6 en acero inox, 1 pernio \u00d8 9  mm en acero inox premontado sobre el casquillo reductor con geometr\u00eda a leva en zamac lacado negro, 2 tapones en nylon, 1 casquillo autolubrificante en nylon y 1 prisionero de regulaci\u00f3n en zamac. Soporte: 2 bisagras 100 Kg, 3 bisagras 120 Kg.<\/p>\n","protected":false},"excerpt":{"rendered":"<p>(pat.) Bisagra regulable de 2 alas<\/p>\n","protected":false},"featured_media":139554,"comment_status":"closed","ping_status":"closed","template":"","meta":{"_acf_changed":false,"_uag_custom_page_level_css":""},"product_brand":[],"product_cat":[12585,12645],"product_tag":[13131],"profilo":[12431,12270,12289,12271,12288,12291,12292,12272,12308,12309,12273,11988,11991,11993,11994,12409,12410,12070,12073,12074,12075,12081,12419],"finiture":[12512,12525,12529,12531,12532,12534,12545,12549,12550,12551,12556,12557,12558,12559,12560,12562,12565,12569,12570,12575,12580,12582,12583],"gruppo_anta":[],"class_list":{"0":"post-34074","1":"product","2":"type-product","3":"status-publish","4":"has-post-thumbnail","6":"product_cat-cerniere-cerniere-pesanti-e-cerniere-per-vasistas","7":"product_cat-summa-axial","8":"product_tag-updated-es","9":"profilo-12431","10":"profilo-new-tec-50","11":"profilo-new-tec-50-classic","12":"profilo-new-tec-52-tt","13":"profilo-new-tec-52-tt-classic","14":"profilo-new-tec-52-tt-light","15":"profilo-new-tec-60-f","16":"profilo-new-tec-60-tt","17":"profilo-new-tec-65","18":"profilo-new-tec-65-classic","19":"profilo-new-tec-68-tt","20":"profilo-r-40","21":"profilo-r-50-tt-barra-cont","22":"profilo-r-62-tt","23":"profilo-r-72-tt","24":"profilo-rx-600","25":"profilo-rx-700","26":"profilo-tecno-50","27":"profilo-tecno-50-tt","28":"profilo-tecno-60-tt","29":"profilo-tecno-68-tt","30":"profilo-tecno-76-tt","31":"profilo-tt-50","32":"finiture-12512","33":"finiture-12525","34":"finiture-12529","35":"finiture-12531","36":"finiture-12532","37":"finiture-12534","38":"finiture-bl10","39":"finiture-br5","40":"finiture-br801","41":"finiture-bw21","42":"finiture-f","43":"finiture-gr217","44":"finiture-gr50","45":"finiture-gr51","46":"finiture-gr606","47":"finiture-hl","48":"finiture-ne","49":"finiture-pvd-h","50":"finiture-pvd-x","51":"finiture-silv","52":"finiture-wt005","53":"finiture-xsd","54":"finiture-ze","55":"description-off","57":"first","58":"onbackorder","59":"product-type-variable"},"acf":[],"yoast_head":"<!-- This site is optimized with the Yoast SEO plugin v27.2 - https:\/\/yoast.com\/product\/yoast-seo-wordpress\/ -->\n<title>SUMMA+ AXIAL - 1124.73<\/title>\n<meta name=\"description\" content=\"(pat.) Bisagra regulable de 2 alas\" \/>\n<meta name=\"robots\" content=\"index, follow, max-snippet:-1, max-image-preview:large, max-video-preview:-1\" \/>\n<link rel=\"canonical\" href=\"https:\/\/savio.it\/es\/prodotto\/summa-axial-1124-73\/\" \/>\n<meta property=\"og:locale\" content=\"es_ES\" \/>\n<meta property=\"og:type\" content=\"article\" \/>\n<meta property=\"og:title\" content=\"SUMMA+ AXIAL - 1124.73\" \/>\n<meta property=\"og:description\" content=\"(pat.) Bisagra regulable de 2 alas\" \/>\n<meta property=\"og:url\" content=\"https:\/\/savio.it\/es\/prodotto\/summa-axial-1124-73\/\" \/>\n<meta property=\"og:site_name\" content=\"SAVIO\" \/>\n<meta property=\"article:modified_time\" content=\"2024-06-28T15:31:16+00:00\" \/>\n<meta property=\"og:image\" content=\"https:\/\/savio.it\/wp-content\/uploads\/2022\/06\/1124_73.jpg\" \/>\n\t<meta property=\"og:image:width\" content=\"1000\" \/>\n\t<meta property=\"og:image:height\" content=\"1000\" \/>\n\t<meta property=\"og:image:type\" content=\"image\/jpeg\" \/>\n<meta name=\"twitter:card\" content=\"summary_large_image\" \/>\n<meta name=\"twitter:label1\" content=\"Tiempo de lectura\" \/>\n\t<meta name=\"twitter:data1\" content=\"4 minutos\" \/>\n<script type=\"application\/ld+json\" class=\"yoast-schema-graph\">{\"@context\":\"https:\/\/schema.org\",\"@graph\":[{\"@type\":\"WebPage\",\"@id\":\"https:\/\/savio.it\/es\/prodotto\/summa-axial-1124-73\/\",\"url\":\"https:\/\/savio.it\/es\/prodotto\/summa-axial-1124-73\/\",\"name\":\"SUMMA+ AXIAL - 1124.73\",\"isPartOf\":{\"@id\":\"https:\/\/savio.it\/es\/#website\"},\"primaryImageOfPage\":{\"@id\":\"https:\/\/savio.it\/es\/prodotto\/summa-axial-1124-73\/#primaryimage\"},\"image\":{\"@id\":\"https:\/\/savio.it\/es\/prodotto\/summa-axial-1124-73\/#primaryimage\"},\"thumbnailUrl\":\"https:\/\/savio.it\/wp-content\/uploads\/2022\/06\/1124_73.jpg\",\"datePublished\":\"2021-09-30T12:35:55+00:00\",\"dateModified\":\"2024-06-28T15:31:16+00:00\",\"description\":\"(pat.) Bisagra regulable de 2 alas\",\"breadcrumb\":{\"@id\":\"https:\/\/savio.it\/es\/prodotto\/summa-axial-1124-73\/#breadcrumb\"},\"inLanguage\":\"es\",\"potentialAction\":[{\"@type\":\"ReadAction\",\"target\":[\"https:\/\/savio.it\/es\/prodotto\/summa-axial-1124-73\/\"]}]},{\"@type\":\"ImageObject\",\"inLanguage\":\"es\",\"@id\":\"https:\/\/savio.it\/es\/prodotto\/summa-axial-1124-73\/#primaryimage\",\"url\":\"https:\/\/savio.it\/wp-content\/uploads\/2022\/06\/1124_73.jpg\",\"contentUrl\":\"https:\/\/savio.it\/wp-content\/uploads\/2022\/06\/1124_73.jpg\",\"width\":1000,\"height\":1000},{\"@type\":\"BreadcrumbList\",\"@id\":\"https:\/\/savio.it\/es\/prodotto\/summa-axial-1124-73\/#breadcrumb\",\"itemListElement\":[{\"@type\":\"ListItem\",\"position\":1,\"name\":\"Home\",\"item\":\"https:\/\/savio.it\/es\/\"},{\"@type\":\"ListItem\",\"position\":2,\"name\":\"Productos\",\"item\":\"https:\/\/savio.it\/es\/prodotti\/\"},{\"@type\":\"ListItem\",\"position\":3,\"name\":\"SUMMA+ AXIAL &#8211; 1124.73\"}]},{\"@type\":\"WebSite\",\"@id\":\"https:\/\/savio.it\/es\/#website\",\"url\":\"https:\/\/savio.it\/es\/\",\"name\":\"SAVIO\",\"description\":\"Open mind for closing system\",\"publisher\":{\"@id\":\"https:\/\/savio.it\/es\/#organization\"},\"potentialAction\":[{\"@type\":\"SearchAction\",\"target\":{\"@type\":\"EntryPoint\",\"urlTemplate\":\"https:\/\/savio.it\/es\/?s={search_term_string}\"},\"query-input\":{\"@type\":\"PropertyValueSpecification\",\"valueRequired\":true,\"valueName\":\"search_term_string\"}}],\"inLanguage\":\"es\"},{\"@type\":\"Organization\",\"@id\":\"https:\/\/savio.it\/es\/#organization\",\"name\":\"SAVIO\",\"url\":\"https:\/\/savio.it\/es\/\",\"logo\":{\"@type\":\"ImageObject\",\"inLanguage\":\"es\",\"@id\":\"https:\/\/savio.it\/es\/#\/schema\/logo\/image\/\",\"url\":\"https:\/\/savio.it\/wp-content\/uploads\/2021\/09\/cropped-Savio-logo.png\",\"contentUrl\":\"https:\/\/savio.it\/wp-content\/uploads\/2021\/09\/cropped-Savio-logo.png\",\"width\":243,\"height\":64,\"caption\":\"SAVIO\"},\"image\":{\"@id\":\"https:\/\/savio.it\/es\/#\/schema\/logo\/image\/\"}}]}<\/script>\n<!-- \/ Yoast SEO plugin. -->","yoast_head_json":{"title":"SUMMA+ AXIAL - 1124.73","description":"(pat.) Bisagra regulable de 2 alas","robots":{"index":"index","follow":"follow","max-snippet":"max-snippet:-1","max-image-preview":"max-image-preview:large","max-video-preview":"max-video-preview:-1"},"canonical":"https:\/\/savio.it\/es\/prodotto\/summa-axial-1124-73\/","og_locale":"es_ES","og_type":"article","og_title":"SUMMA+ AXIAL - 1124.73","og_description":"(pat.) Bisagra regulable de 2 alas","og_url":"https:\/\/savio.it\/es\/prodotto\/summa-axial-1124-73\/","og_site_name":"SAVIO","article_modified_time":"2024-06-28T15:31:16+00:00","og_image":[{"width":1000,"height":1000,"url":"https:\/\/savio.it\/wp-content\/uploads\/2022\/06\/1124_73.jpg","type":"image\/jpeg"}],"twitter_card":"summary_large_image","twitter_misc":{"Tiempo de lectura":"4 minutos"},"schema":{"@context":"https:\/\/schema.org","@graph":[{"@type":"WebPage","@id":"https:\/\/savio.it\/es\/prodotto\/summa-axial-1124-73\/","url":"https:\/\/savio.it\/es\/prodotto\/summa-axial-1124-73\/","name":"SUMMA+ AXIAL - 1124.73","isPartOf":{"@id":"https:\/\/savio.it\/es\/#website"},"primaryImageOfPage":{"@id":"https:\/\/savio.it\/es\/prodotto\/summa-axial-1124-73\/#primaryimage"},"image":{"@id":"https:\/\/savio.it\/es\/prodotto\/summa-axial-1124-73\/#primaryimage"},"thumbnailUrl":"https:\/\/savio.it\/wp-content\/uploads\/2022\/06\/1124_73.jpg","datePublished":"2021-09-30T12:35:55+00:00","dateModified":"2024-06-28T15:31:16+00:00","description":"(pat.) Bisagra regulable de 2 alas","breadcrumb":{"@id":"https:\/\/savio.it\/es\/prodotto\/summa-axial-1124-73\/#breadcrumb"},"inLanguage":"es","potentialAction":[{"@type":"ReadAction","target":["https:\/\/savio.it\/es\/prodotto\/summa-axial-1124-73\/"]}]},{"@type":"ImageObject","inLanguage":"es","@id":"https:\/\/savio.it\/es\/prodotto\/summa-axial-1124-73\/#primaryimage","url":"https:\/\/savio.it\/wp-content\/uploads\/2022\/06\/1124_73.jpg","contentUrl":"https:\/\/savio.it\/wp-content\/uploads\/2022\/06\/1124_73.jpg","width":1000,"height":1000},{"@type":"BreadcrumbList","@id":"https:\/\/savio.it\/es\/prodotto\/summa-axial-1124-73\/#breadcrumb","itemListElement":[{"@type":"ListItem","position":1,"name":"Home","item":"https:\/\/savio.it\/es\/"},{"@type":"ListItem","position":2,"name":"Productos","item":"https:\/\/savio.it\/es\/prodotti\/"},{"@type":"ListItem","position":3,"name":"SUMMA+ AXIAL &#8211; 1124.73"}]},{"@type":"WebSite","@id":"https:\/\/savio.it\/es\/#website","url":"https:\/\/savio.it\/es\/","name":"SAVIO","description":"Open mind for closing system","publisher":{"@id":"https:\/\/savio.it\/es\/#organization"},"potentialAction":[{"@type":"SearchAction","target":{"@type":"EntryPoint","urlTemplate":"https:\/\/savio.it\/es\/?s={search_term_string}"},"query-input":{"@type":"PropertyValueSpecification","valueRequired":true,"valueName":"search_term_string"}}],"inLanguage":"es"},{"@type":"Organization","@id":"https:\/\/savio.it\/es\/#organization","name":"SAVIO","url":"https:\/\/savio.it\/es\/","logo":{"@type":"ImageObject","inLanguage":"es","@id":"https:\/\/savio.it\/es\/#\/schema\/logo\/image\/","url":"https:\/\/savio.it\/wp-content\/uploads\/2021\/09\/cropped-Savio-logo.png","contentUrl":"https:\/\/savio.it\/wp-content\/uploads\/2021\/09\/cropped-Savio-logo.png","width":243,"height":64,"caption":"SAVIO"},"image":{"@id":"https:\/\/savio.it\/es\/#\/schema\/logo\/image\/"}}]}},"uagb_featured_image_src":{"full":["https:\/\/savio.it\/wp-content\/uploads\/2022\/06\/1124_73.jpg",1000,1000,false],"thumbnail":["https:\/\/savio.it\/wp-content\/uploads\/2022\/06\/1124_73-150x150.jpg",150,150,true],"medium":["https:\/\/savio.it\/wp-content\/uploads\/2022\/06\/1124_73-300x300.jpg",300,300,true],"medium_large":["https:\/\/savio.it\/wp-content\/uploads\/2022\/06\/1124_73-768x768.jpg",768,768,true],"large":["https:\/\/savio.it\/wp-content\/uploads\/2022\/06\/1124_73.jpg",1000,1000,false],"gs-tiny":["https:\/\/savio.it\/wp-content\/uploads\/2022\/06\/1124_73.jpg",50,50,false],"xl":["https:\/\/savio.it\/wp-content\/uploads\/2022\/06\/1124_73.jpg",1000,1000,false],"xxl":["https:\/\/savio.it\/wp-content\/uploads\/2022\/06\/1124_73.jpg",1000,1000,false],"xxxl":["https:\/\/savio.it\/wp-content\/uploads\/2022\/06\/1124_73.jpg",1000,1000,false],"xxxxl":["https:\/\/savio.it\/wp-content\/uploads\/2022\/06\/1124_73.jpg",1000,1000,false],"xxxxxl":["https:\/\/savio.it\/wp-content\/uploads\/2022\/06\/1124_73.jpg",1000,1000,false],"1536x1536":["https:\/\/savio.it\/wp-content\/uploads\/2022\/06\/1124_73.jpg",1000,1000,false],"2048x2048":["https:\/\/savio.it\/wp-content\/uploads\/2022\/06\/1124_73.jpg",1000,1000,false],"woocommerce_thumbnail":["https:\/\/savio.it\/wp-content\/uploads\/2022\/06\/1124_73-300x300.jpg",300,300,true],"woocommerce_single":["https:\/\/savio.it\/wp-content\/uploads\/2022\/06\/1124_73-600x600.jpg",600,600,true],"woocommerce_gallery_thumbnail":["https:\/\/savio.it\/wp-content\/uploads\/2022\/06\/1124_73-200x200.jpg",200,200,true]},"uagb_author_info":{"display_name":"admin_news","author_link":"https:\/\/savio.it\/es\/author\/"},"uagb_comment_info":0,"uagb_excerpt":"(pat.) Bisagra regulable de 2 alas","_links":{"self":[{"href":"https:\/\/savio.it\/es\/wp-json\/wp\/v2\/product\/34074","targetHints":{"allow":["GET"]}}],"collection":[{"href":"https:\/\/savio.it\/es\/wp-json\/wp\/v2\/product"}],"about":[{"href":"https:\/\/savio.it\/es\/wp-json\/wp\/v2\/types\/product"}],"replies":[{"embeddable":true,"href":"https:\/\/savio.it\/es\/wp-json\/wp\/v2\/comments?post=34074"}],"wp:featuredmedia":[{"embeddable":true,"href":"https:\/\/savio.it\/es\/wp-json\/wp\/v2\/media\/139554"}],"wp:attachment":[{"href":"https:\/\/savio.it\/es\/wp-json\/wp\/v2\/media?parent=34074"}],"wp:term":[{"taxonomy":"product_brand","embeddable":true,"href":"https:\/\/savio.it\/es\/wp-json\/wp\/v2\/product_brand?post=34074"},{"taxonomy":"product_cat","embeddable":true,"href":"https:\/\/savio.it\/es\/wp-json\/wp\/v2\/product_cat?post=34074"},{"taxonomy":"product_tag","embeddable":true,"href":"https:\/\/savio.it\/es\/wp-json\/wp\/v2\/product_tag?post=34074"},{"taxonomy":"profilo","embeddable":true,"href":"https:\/\/savio.it\/es\/wp-json\/wp\/v2\/profilo?post=34074"},{"taxonomy":"finiture","embeddable":true,"href":"https:\/\/savio.it\/es\/wp-json\/wp\/v2\/finiture?post=34074"},{"taxonomy":"gruppo_anta","embeddable":true,"href":"https:\/\/savio.it\/es\/wp-json\/wp\/v2\/gruppo_anta?post=34074"}],"curies":[{"name":"wp","href":"https:\/\/api.w.org\/{rel}","templated":true}]}}