{"id":34102,"date":"2021-09-30T12:36:11","date_gmt":"2021-10-05T10:32:57","guid":{"rendered":"https:\/\/savio.ne-ws.it\/prodotto\/mechanica-1145-93\/"},"modified":"2024-06-28T15:29:22","modified_gmt":"2024-06-28T15:29:22","slug":"mechanica-1145-93","status":"publish","type":"product","link":"https:\/\/savio.it\/es\/prodotto\/mechanica-1145-93\/","title":{"rendered":"MECHANICA &#8211; 1145\/93"},"content":{"rendered":"<p>(pat.) Bisagra regulable de 2 alas en aluminio, entre-eje 93 mm, centro de rotaci\u00f3n de 20 mm, sin resalte, 1 pernio \u00d8 11 mm en acero inox, premontado sobre el casquillo reductor con geometr\u00eda a leva en zamac lacado negro, 2 pletinas de cobertura en aluminio, 2 tapones y 1 casquillo autolubrificante en nylon, 1 prisionero de regulaci\u00f3n de zamac. Soporte: 2 bisagras 100 Kg, 3 bisagras 120 Kg.<\/p>\n","protected":false},"excerpt":{"rendered":"<p>(pat.) Bisagra de 2 alas<\/p>\n","protected":false},"featured_media":15742,"comment_status":"closed","ping_status":"closed","template":"","meta":{"_acf_changed":false,"_uag_custom_page_level_css":""},"product_brand":[],"product_cat":[12585,12637],"product_tag":[13131],"profilo":[12431,11995,11996,12018,12001,12003,12403,12113,12134,12124,12125,12126,12141,12388,12389,12456,12458,12346,12347,12349,12345,12348,12350,11984,11985,11982,12006,12095,12008,12019,12102,12020,12035,11967,12159,12180,12157,12182,12160,12254,12266,12255,12187,12218,12225,12220,12231,12217,12208,12270,12289,12271,12295,12272,12308,12309,12281,12329,12170,12172,12175,12177,12178,12085,11990,11991,12372,12373,12376,12375,12380,12377,12378,12086,12358,12051,12052,12045,12046,12053,12070,12073,12074,12075,12076,12081,12419,12420,12436,12274,12276,12304,12299,12297,12311,12313,12314],"finiture":[12512,12515,12520,12524,12528,12529,12531,12532,12534,12536,12543,12545,12549,12550,12552,12556,12557,12560,12562,12565,12569,12570,12571,12575,12582,12583],"gruppo_anta":[],"class_list":{"0":"post-34102","1":"product","2":"type-product","3":"status-publish","4":"has-post-thumbnail","6":"product_cat-cerniere-cerniere-pesanti-e-cerniere-per-vasistas","7":"product_cat-mechanica","8":"product_tag-updated-es","9":"profilo-12431","10":"profilo-alfil-a54rpt","11":"profilo-alfil-a65rpt","12":"profilo-all-co-5-porte","13":"profilo-all-co-5-sormonto","14":"profilo-all-co-p-4-sormonto","15":"profilo-atlantis-68-tt-porte","16":"profilo-domal-break-pa-52-porte","17":"profilo-domal-bright-pa-70-s","18":"profilo-domal-spider-l60-style","19":"profilo-domal-stopper-pg-63","20":"profilo-domal-stopper-pg-63-porte","21":"profilo-domal-top-tb-65-porte","22":"profilo-ecowin-th-62","23":"profilo-ecowin-th-72","24":"profilo-ekos-minimall-54-th","25":"profilo-ekos-minimall-62-thj","26":"profilo-eku-52-tt","27":"profilo-eku-62-tt","28":"profilo-eku-62-tt-porte","29":"profilo-eku-66-tt","30":"profilo-eku-78-tt","31":"profilo-eku-78-tt-porte","32":"profilo-esedra-doors-56","33":"profilo-esedra-doors-56-tt","34":"profilo-esedra-tt-63","35":"profilo-export-45","36":"profilo-export-45-t","37":"profilo-export-45-tt","38":"profilo-export-50-porte","39":"profilo-export-50-t-porte","40":"profilo-export-50-tt-porte","41":"profilo-export-51-tt","42":"profilo-global-50-tt-porte","43":"profilo-gold-500-porte","44":"profilo-gold-502-hc","45":"profilo-gold-600","46":"profilo-gold-600-hc","47":"profilo-gold-600-porte","48":"profilo-maastricht-53-porte","49":"profilo-maastricht-light","50":"profilo-maastricht-th-60-porte","51":"profilo-mx-70","52":"profilo-nc-50-i","53":"profilo-nc-50-i-porte","54":"profilo-nc-50-sth","55":"profilo-nc-50-sth-porte","56":"profilo-nc-58-mediterraneo-sormonto","57":"profilo-nc-68-sth-porte","58":"profilo-new-tec-50","59":"profilo-new-tec-50-classic","60":"profilo-new-tec-52-tt","61":"profilo-new-tec-52-tt-classic-porte","62":"profilo-new-tec-60-tt","63":"profilo-new-tec-65","64":"profilo-new-tec-65-classic","65":"profilo-new-tec-68-tt-porte","66":"profilo-pe-50","67":"profilo-plathina-60-classica","68":"profilo-plathina-60-flat-classica","69":"profilo-plathina-69-classica","70":"profilo-plathina-69-flat-classica","71":"profilo-plathina-75-classica","72":"profilo-prestige-73-tt","73":"profilo-r-50","74":"profilo-r-50-tt-barra-cont","75":"profilo-road-520-tt-ce","76":"profilo-road-600-tt-ce","77":"profilo-royal-s-50-n-porte","78":"profilo-royal-s-50-porte","79":"profilo-royal-s-65-ak-porte","80":"profilo-royal-s-65-porte","81":"profilo-royal-s-70-hi-porte","82":"profilo-slim-70-tt","83":"profilo-start-560-tt","84":"profilo-synthesis-52","85":"profilo-synthesis-52-tt","86":"profilo-synthesis-57","87":"profilo-synthesis-60-tt","88":"profilo-synthesis-68-tt","89":"profilo-tecno-50","90":"profilo-tecno-50-tt","91":"profilo-tecno-60-tt","92":"profilo-tecno-68-tt","93":"profilo-tecno-70-blindo","94":"profilo-tecno-76-tt","95":"profilo-tt-50","96":"profilo-tt-50-porte","97":"profilo-vuerre-70-tt","98":"profilo-windstop-45","99":"profilo-windstop-45-tt","100":"profilo-windstop-45-tt-classic","101":"profilo-windstop-55-tt-classic","102":"profilo-windstop-65-tt","103":"profilo-windstop-73-tt","104":"profilo-ws-65-thi","105":"profilo-ws-75-thi","106":"finiture-12512","107":"finiture-12515","108":"finiture-12520","109":"finiture-12524","110":"finiture-12528","111":"finiture-12529","112":"finiture-12531","113":"finiture-12532","114":"finiture-12534","115":"finiture-12536","116":"finiture-b-sa","117":"finiture-bl10","118":"finiture-br5","119":"finiture-br801","120":"finiture-c","121":"finiture-f","122":"finiture-gr217","123":"finiture-gr606","124":"finiture-hl","125":"finiture-ne","126":"finiture-pvd-h","127":"finiture-pvd-x","128":"finiture-rd501","129":"finiture-silv","130":"finiture-xsd","131":"finiture-ze","132":"description-off","134":"first","135":"instock","136":"product-type-variable"},"acf":[],"yoast_head":"<!-- This site is optimized with the Yoast SEO plugin v27.2 - https:\/\/yoast.com\/product\/yoast-seo-wordpress\/ -->\n<title>MECHANICA - 1145\/93<\/title>\n<meta name=\"description\" content=\"(pat.) Bisagra de 2 alas\" \/>\n<meta name=\"robots\" content=\"index, follow, max-snippet:-1, max-image-preview:large, max-video-preview:-1\" \/>\n<link rel=\"canonical\" href=\"https:\/\/savio.it\/es\/prodotto\/mechanica-1145-93\/\" \/>\n<meta property=\"og:locale\" content=\"es_ES\" \/>\n<meta property=\"og:type\" content=\"article\" \/>\n<meta property=\"og:title\" content=\"MECHANICA - 1145\/93\" \/>\n<meta property=\"og:description\" content=\"(pat.) Bisagra de 2 alas\" \/>\n<meta property=\"og:url\" content=\"https:\/\/savio.it\/es\/prodotto\/mechanica-1145-93\/\" \/>\n<meta property=\"og:site_name\" content=\"SAVIO\" \/>\n<meta property=\"article:modified_time\" content=\"2024-06-28T15:29:22+00:00\" \/>\n<meta property=\"og:image\" content=\"https:\/\/savio.it\/wp-content\/uploads\/2021\/09\/1145-10.jpg\" \/>\n\t<meta property=\"og:image:width\" content=\"229\" \/>\n\t<meta property=\"og:image:height\" content=\"229\" \/>\n\t<meta property=\"og:image:type\" content=\"image\/jpeg\" \/>\n<meta name=\"twitter:card\" content=\"summary_large_image\" \/>\n<meta name=\"twitter:label1\" content=\"Tiempo de lectura\" \/>\n\t<meta name=\"twitter:data1\" content=\"4 minutos\" \/>\n<script type=\"application\/ld+json\" class=\"yoast-schema-graph\">{\"@context\":\"https:\/\/schema.org\",\"@graph\":[{\"@type\":\"WebPage\",\"@id\":\"https:\/\/savio.it\/es\/prodotto\/mechanica-1145-93\/\",\"url\":\"https:\/\/savio.it\/es\/prodotto\/mechanica-1145-93\/\",\"name\":\"MECHANICA - 1145\/93\",\"isPartOf\":{\"@id\":\"https:\/\/savio.it\/es\/#website\"},\"primaryImageOfPage\":{\"@id\":\"https:\/\/savio.it\/es\/prodotto\/mechanica-1145-93\/#primaryimage\"},\"image\":{\"@id\":\"https:\/\/savio.it\/es\/prodotto\/mechanica-1145-93\/#primaryimage\"},\"thumbnailUrl\":\"https:\/\/savio.it\/wp-content\/uploads\/2021\/09\/1145-10.jpg\",\"datePublished\":\"2021-10-05T10:32:57+00:00\",\"dateModified\":\"2024-06-28T15:29:22+00:00\",\"description\":\"(pat.) Bisagra de 2 alas\",\"breadcrumb\":{\"@id\":\"https:\/\/savio.it\/es\/prodotto\/mechanica-1145-93\/#breadcrumb\"},\"inLanguage\":\"es\",\"potentialAction\":[{\"@type\":\"ReadAction\",\"target\":[\"https:\/\/savio.it\/es\/prodotto\/mechanica-1145-93\/\"]}]},{\"@type\":\"ImageObject\",\"inLanguage\":\"es\",\"@id\":\"https:\/\/savio.it\/es\/prodotto\/mechanica-1145-93\/#primaryimage\",\"url\":\"https:\/\/savio.it\/wp-content\/uploads\/2021\/09\/1145-10.jpg\",\"contentUrl\":\"https:\/\/savio.it\/wp-content\/uploads\/2021\/09\/1145-10.jpg\",\"width\":229,\"height\":229},{\"@type\":\"BreadcrumbList\",\"@id\":\"https:\/\/savio.it\/es\/prodotto\/mechanica-1145-93\/#breadcrumb\",\"itemListElement\":[{\"@type\":\"ListItem\",\"position\":1,\"name\":\"Home\",\"item\":\"https:\/\/savio.it\/es\/\"},{\"@type\":\"ListItem\",\"position\":2,\"name\":\"Productos\",\"item\":\"https:\/\/savio.it\/es\/prodotti\/\"},{\"@type\":\"ListItem\",\"position\":3,\"name\":\"MECHANICA &#8211; 1145\/93\"}]},{\"@type\":\"WebSite\",\"@id\":\"https:\/\/savio.it\/es\/#website\",\"url\":\"https:\/\/savio.it\/es\/\",\"name\":\"SAVIO\",\"description\":\"Open mind for closing system\",\"publisher\":{\"@id\":\"https:\/\/savio.it\/es\/#organization\"},\"potentialAction\":[{\"@type\":\"SearchAction\",\"target\":{\"@type\":\"EntryPoint\",\"urlTemplate\":\"https:\/\/savio.it\/es\/?s={search_term_string}\"},\"query-input\":{\"@type\":\"PropertyValueSpecification\",\"valueRequired\":true,\"valueName\":\"search_term_string\"}}],\"inLanguage\":\"es\"},{\"@type\":\"Organization\",\"@id\":\"https:\/\/savio.it\/es\/#organization\",\"name\":\"SAVIO\",\"url\":\"https:\/\/savio.it\/es\/\",\"logo\":{\"@type\":\"ImageObject\",\"inLanguage\":\"es\",\"@id\":\"https:\/\/savio.it\/es\/#\/schema\/logo\/image\/\",\"url\":\"https:\/\/savio.it\/wp-content\/uploads\/2021\/09\/cropped-Savio-logo.png\",\"contentUrl\":\"https:\/\/savio.it\/wp-content\/uploads\/2021\/09\/cropped-Savio-logo.png\",\"width\":243,\"height\":64,\"caption\":\"SAVIO\"},\"image\":{\"@id\":\"https:\/\/savio.it\/es\/#\/schema\/logo\/image\/\"}}]}<\/script>\n<!-- \/ Yoast SEO plugin. -->","yoast_head_json":{"title":"MECHANICA - 1145\/93","description":"(pat.) Bisagra de 2 alas","robots":{"index":"index","follow":"follow","max-snippet":"max-snippet:-1","max-image-preview":"max-image-preview:large","max-video-preview":"max-video-preview:-1"},"canonical":"https:\/\/savio.it\/es\/prodotto\/mechanica-1145-93\/","og_locale":"es_ES","og_type":"article","og_title":"MECHANICA - 1145\/93","og_description":"(pat.) Bisagra de 2 alas","og_url":"https:\/\/savio.it\/es\/prodotto\/mechanica-1145-93\/","og_site_name":"SAVIO","article_modified_time":"2024-06-28T15:29:22+00:00","og_image":[{"width":229,"height":229,"url":"https:\/\/savio.it\/wp-content\/uploads\/2021\/09\/1145-10.jpg","type":"image\/jpeg"}],"twitter_card":"summary_large_image","twitter_misc":{"Tiempo de lectura":"4 minutos"},"schema":{"@context":"https:\/\/schema.org","@graph":[{"@type":"WebPage","@id":"https:\/\/savio.it\/es\/prodotto\/mechanica-1145-93\/","url":"https:\/\/savio.it\/es\/prodotto\/mechanica-1145-93\/","name":"MECHANICA - 1145\/93","isPartOf":{"@id":"https:\/\/savio.it\/es\/#website"},"primaryImageOfPage":{"@id":"https:\/\/savio.it\/es\/prodotto\/mechanica-1145-93\/#primaryimage"},"image":{"@id":"https:\/\/savio.it\/es\/prodotto\/mechanica-1145-93\/#primaryimage"},"thumbnailUrl":"https:\/\/savio.it\/wp-content\/uploads\/2021\/09\/1145-10.jpg","datePublished":"2021-10-05T10:32:57+00:00","dateModified":"2024-06-28T15:29:22+00:00","description":"(pat.) Bisagra de 2 alas","breadcrumb":{"@id":"https:\/\/savio.it\/es\/prodotto\/mechanica-1145-93\/#breadcrumb"},"inLanguage":"es","potentialAction":[{"@type":"ReadAction","target":["https:\/\/savio.it\/es\/prodotto\/mechanica-1145-93\/"]}]},{"@type":"ImageObject","inLanguage":"es","@id":"https:\/\/savio.it\/es\/prodotto\/mechanica-1145-93\/#primaryimage","url":"https:\/\/savio.it\/wp-content\/uploads\/2021\/09\/1145-10.jpg","contentUrl":"https:\/\/savio.it\/wp-content\/uploads\/2021\/09\/1145-10.jpg","width":229,"height":229},{"@type":"BreadcrumbList","@id":"https:\/\/savio.it\/es\/prodotto\/mechanica-1145-93\/#breadcrumb","itemListElement":[{"@type":"ListItem","position":1,"name":"Home","item":"https:\/\/savio.it\/es\/"},{"@type":"ListItem","position":2,"name":"Productos","item":"https:\/\/savio.it\/es\/prodotti\/"},{"@type":"ListItem","position":3,"name":"MECHANICA &#8211; 1145\/93"}]},{"@type":"WebSite","@id":"https:\/\/savio.it\/es\/#website","url":"https:\/\/savio.it\/es\/","name":"SAVIO","description":"Open mind for closing system","publisher":{"@id":"https:\/\/savio.it\/es\/#organization"},"potentialAction":[{"@type":"SearchAction","target":{"@type":"EntryPoint","urlTemplate":"https:\/\/savio.it\/es\/?s={search_term_string}"},"query-input":{"@type":"PropertyValueSpecification","valueRequired":true,"valueName":"search_term_string"}}],"inLanguage":"es"},{"@type":"Organization","@id":"https:\/\/savio.it\/es\/#organization","name":"SAVIO","url":"https:\/\/savio.it\/es\/","logo":{"@type":"ImageObject","inLanguage":"es","@id":"https:\/\/savio.it\/es\/#\/schema\/logo\/image\/","url":"https:\/\/savio.it\/wp-content\/uploads\/2021\/09\/cropped-Savio-logo.png","contentUrl":"https:\/\/savio.it\/wp-content\/uploads\/2021\/09\/cropped-Savio-logo.png","width":243,"height":64,"caption":"SAVIO"},"image":{"@id":"https:\/\/savio.it\/es\/#\/schema\/logo\/image\/"}}]}},"uagb_featured_image_src":{"full":["https:\/\/savio.it\/wp-content\/uploads\/2021\/09\/1145-10.jpg",229,229,false],"thumbnail":["https:\/\/savio.it\/wp-content\/uploads\/2021\/09\/1145-10-150x150.jpg",150,150,true],"medium":["https:\/\/savio.it\/wp-content\/uploads\/2021\/09\/1145-10.jpg",229,229,false],"medium_large":["https:\/\/savio.it\/wp-content\/uploads\/2021\/09\/1145-10.jpg",229,229,false],"large":["https:\/\/savio.it\/wp-content\/uploads\/2021\/09\/1145-10.jpg",229,229,false],"gs-tiny":["https:\/\/savio.it\/wp-content\/uploads\/2021\/09\/1145-10-50x50.jpg",50,50,true],"xl":["https:\/\/savio.it\/wp-content\/uploads\/2021\/09\/1145-10.jpg",229,229,false],"xxl":["https:\/\/savio.it\/wp-content\/uploads\/2021\/09\/1145-10.jpg",229,229,false],"xxxl":["https:\/\/savio.it\/wp-content\/uploads\/2021\/09\/1145-10.jpg",229,229,false],"xxxxl":["https:\/\/savio.it\/wp-content\/uploads\/2021\/09\/1145-10.jpg",229,229,false],"xxxxxl":["https:\/\/savio.it\/wp-content\/uploads\/2021\/09\/1145-10.jpg",229,229,false],"1536x1536":["https:\/\/savio.it\/wp-content\/uploads\/2021\/09\/1145-10.jpg",229,229,false],"2048x2048":["https:\/\/savio.it\/wp-content\/uploads\/2021\/09\/1145-10.jpg",229,229,false],"woocommerce_thumbnail":["https:\/\/savio.it\/wp-content\/uploads\/2021\/09\/1145-10.jpg",229,229,false],"woocommerce_single":["https:\/\/savio.it\/wp-content\/uploads\/2021\/09\/1145-10.jpg",229,229,false],"woocommerce_gallery_thumbnail":["https:\/\/savio.it\/wp-content\/uploads\/2021\/09\/1145-10-200x200.jpg",200,200,true]},"uagb_author_info":{"display_name":"admin_news","author_link":"https:\/\/savio.it\/es\/author\/"},"uagb_comment_info":0,"uagb_excerpt":"(pat.) Bisagra de 2 alas","_links":{"self":[{"href":"https:\/\/savio.it\/es\/wp-json\/wp\/v2\/product\/34102","targetHints":{"allow":["GET"]}}],"collection":[{"href":"https:\/\/savio.it\/es\/wp-json\/wp\/v2\/product"}],"about":[{"href":"https:\/\/savio.it\/es\/wp-json\/wp\/v2\/types\/product"}],"replies":[{"embeddable":true,"href":"https:\/\/savio.it\/es\/wp-json\/wp\/v2\/comments?post=34102"}],"wp:featuredmedia":[{"embeddable":true,"href":"https:\/\/savio.it\/es\/wp-json\/wp\/v2\/media\/15742"}],"wp:attachment":[{"href":"https:\/\/savio.it\/es\/wp-json\/wp\/v2\/media?parent=34102"}],"wp:term":[{"taxonomy":"product_brand","embeddable":true,"href":"https:\/\/savio.it\/es\/wp-json\/wp\/v2\/product_brand?post=34102"},{"taxonomy":"product_cat","embeddable":true,"href":"https:\/\/savio.it\/es\/wp-json\/wp\/v2\/product_cat?post=34102"},{"taxonomy":"product_tag","embeddable":true,"href":"https:\/\/savio.it\/es\/wp-json\/wp\/v2\/product_tag?post=34102"},{"taxonomy":"profilo","embeddable":true,"href":"https:\/\/savio.it\/es\/wp-json\/wp\/v2\/profilo?post=34102"},{"taxonomy":"finiture","embeddable":true,"href":"https:\/\/savio.it\/es\/wp-json\/wp\/v2\/finiture?post=34102"},{"taxonomy":"gruppo_anta","embeddable":true,"href":"https:\/\/savio.it\/es\/wp-json\/wp\/v2\/gruppo_anta?post=34102"}],"curies":[{"name":"wp","href":"https:\/\/api.w.org\/{rel}","templated":true}]}}