{"id":34107,"date":"2021-09-30T12:36:11","date_gmt":"2021-10-05T10:32:57","guid":{"rendered":"https:\/\/savio.ne-ws.it\/prodotto\/mechanica-1145-3-67\/"},"modified":"2024-07-01T07:43:33","modified_gmt":"2024-07-01T07:43:33","slug":"mechanica-1145-3-67","status":"publish","type":"product","link":"https:\/\/savio.it\/es\/prodotto\/mechanica-1145-3-67\/","title":{"rendered":"MECHANICA &#8211; 1145.3\/67"},"content":{"rendered":"<p>(patentado) Bisagra regulable de 3 alas en aluminio, entre-eje 67 mm, centro de rotaci\u00f3n de 20 mm, sin resalte, 1 pernio \u00d8 11 mm en acero inox, premontado sobre el casquillo reductor con geometr\u00eda a leva en zamac lacado negro, 3 pletinas de cobertura en aluminio, 2 tapones en nylon, 2 casquillos autolubrificantes en nylon, 1 prisionero de regulaci\u00f3n de zamac, 1 separador para las pletinas en nylon y 1 anillo de compensaci\u00f3n. Soporte: 2 bisagras 160 Kg, 3 bisagras 180 Kg.<\/p>\n","protected":false},"excerpt":{"rendered":"<p>(pat.) Bisagra de 3 alas<\/p>\n","protected":false},"featured_media":15777,"comment_status":"closed","ping_status":"closed","template":"","meta":{"_acf_changed":false,"_uag_custom_page_level_css":""},"product_brand":[],"product_cat":[12585,12637],"product_tag":[13131],"profilo":[12431,11995,11996,12040,12408,12393,12395,12402,12398,12403,12065,12134,12121,12136,12123,12124,12125,12126,12139,12141,12388,12389,12242,12252,12268,12267,12445,12451,12461,12464,12320,12339,12346,12332,12323,12333,12347,12349,12324,12334,12345,12325,12335,12348,12350,11984,11985,11980,11982,12418,12417,12423,12425,12427,12429,12413,12019,12035,12037,12034,12039,12066,11967,11964,12152,12153,12164,12166,12156,12180,12182,12470,12468,12469,12247,12254,12255,12249,12256,12187,12189,12218,12225,12220,12231,12217,12207,12208,12235,12236,12017,12270,12289,12278,12271,12288,12295,12279,12272,12280,12308,12309,12310,12281,12326,12330,12331,11970,11968,11972,11974,12170,12172,12175,12177,12176,12178,12179,12085,12372,12373,12376,12375,12380,12377,12381,12378,12476,12477,12086,12357,12371,12356,12210,12051,12052,12045,12047,12046,12048,12053,12054,12071,12073,12078,12074,12079,12075,12076,12081,12419,12420,12246,12257,12435,12436,12274,12303,12276,12304,12306,12293,12299,12294,12297,12307,12311,12313,12314],"finiture":[12512,12520,12528,12529,12531,12532,12534,12536,12543,12545,12549,12552,12556,12557,12560,12562,12565,12569,12570,12575,12582,12583],"gruppo_anta":[],"class_list":{"0":"post-34107","1":"product","2":"type-product","3":"status-publish","4":"has-post-thumbnail","6":"product_cat-cerniere-cerniere-pesanti-e-cerniere-per-vasistas","7":"product_cat-mechanica","8":"product_tag-updated-es","9":"profilo-12431","10":"profilo-alfil-a54rpt","11":"profilo-alfil-a65rpt","12":"profilo-allco-tec-72","13":"profilo-allu-sistemi","14":"profilo-atlantis-45","15":"profilo-atlantis-55-tt","16":"profilo-atlantis-55-tt-porte","17":"profilo-atlantis-68-tt","18":"profilo-atlantis-68-tt-porte","19":"profilo-bga-50-porte","20":"profilo-domal-bright-pa-70-s","21":"profilo-domal-bright-pa-70-s-porte","22":"profilo-domal-extratermic-62","23":"profilo-domal-spider-60","24":"profilo-domal-spider-l60-style","25":"profilo-domal-stopper-pg-63","26":"profilo-domal-stopper-pg-63-porte","27":"profilo-domal-top-tb-65","28":"profilo-domal-top-tb-65-porte","29":"profilo-ecowin-th-62","30":"profilo-ecowin-th-72","31":"profilo-ekip-50-complanare","32":"profilo-ekip-blindo","33":"profilo-ekip-th-73-porte","34":"profilo-ekip-th-83","35":"profilo-ekos-50-th","36":"profilo-ekos-66-th","37":"profilo-ekos-68-thr","38":"profilo-ekos-85-th","39":"profilo-eku-40","40":"profilo-eku-40-raggiato","41":"profilo-eku-52-tt","42":"profilo-eku-53-porte","43":"profilo-eku-53-tt","44":"profilo-eku-53-tt-porte","45":"profilo-eku-62-tt","46":"profilo-eku-62-tt-porte","47":"profilo-eku-64-tt","48":"profilo-eku-64-tt-porte","49":"profilo-eku-66-tt","50":"profilo-eku-72-tt","51":"profilo-eku-72-tt-porte","52":"profilo-eku-78-tt","53":"profilo-eku-78-tt-porte","54":"profilo-esedra-doors-56","55":"profilo-esedra-doors-56-tt","56":"profilo-esedra-ga-53","57":"profilo-esedra-tt-63","58":"profilo-et-45-porte","59":"profilo-et-45-sormonto","60":"profilo-et-58-2-tt","61":"profilo-et-67-3-tt","62":"profilo-et-68-2-tt","63":"profilo-et-75-3-tt","64":"profilo-etnall","65":"profilo-export-50-porte","66":"profilo-export-51-tt","67":"profilo-export-51-tt-porte","68":"profilo-export-68-tt","69":"profilo-export-68-tt-porte","70":"profilo-extrablind-70-porte","71":"profilo-global-50-tt-porte","72":"profilo-global-78-blindato","73":"profilo-gold-400","74":"profilo-gold-400-raggiato","75":"profilo-gold-450","76":"profilo-gold-450-tt","77":"profilo-gold-500-raggiato","78":"profilo-gold-502-hc","79":"profilo-gold-600-hc","80":"profilo-hf-580","81":"profilo-hp-600","82":"profilo-hp-700","83":"profilo-maastricht-53","84":"profilo-maastricht-53-porte","85":"profilo-maastricht-th-60-porte","86":"profilo-maastricht-th-68","87":"profilo-maastricht-th-68-porte","88":"profilo-mx-70","89":"profilo-mx-70-porte","90":"profilo-nc-50-i","91":"profilo-nc-50-i-porte","92":"profilo-nc-50-sth","93":"profilo-nc-50-sth-porte","94":"profilo-nc-58-mediterraneo-sormonto","95":"profilo-nc-65-sth-porte","96":"profilo-nc-68-sth-porte","97":"profilo-nc-75-sth","98":"profilo-nc-75-sthi","99":"profilo-new-age","100":"profilo-new-tec-50","101":"profilo-new-tec-50-classic","102":"profilo-new-tec-50-porte","103":"profilo-new-tec-52-tt","104":"profilo-new-tec-52-tt-classic","105":"profilo-new-tec-52-tt-classic-porte","106":"profilo-new-tec-52-tt-porte","107":"profilo-new-tec-60-tt","108":"profilo-new-tec-60-tt-porte","109":"profilo-new-tec-65","110":"profilo-new-tec-65-classic","111":"profilo-new-tec-65-porte","112":"profilo-new-tec-68-tt-porte","113":"profilo-pe-40","114":"profilo-pe-58-tt-complanare","115":"profilo-pe-58-tt-sormonto","116":"profilo-planet-45","117":"profilo-planet-50-tt","118":"profilo-planet-62-tt","119":"profilo-planet-72-ht","120":"profilo-plathina-60-classica","121":"profilo-plathina-60-flat-classica","122":"profilo-plathina-69-classica","123":"profilo-plathina-69-flat-classica","124":"profilo-plathina-69-porte","125":"profilo-plathina-75-classica","126":"profilo-plathina-75-porte","127":"profilo-prestige-73-tt","128":"profilo-road-520-tt-ce","129":"profilo-road-600-tt-ce","130":"profilo-royal-s-50-n-porte","131":"profilo-royal-s-50-porte","132":"profilo-royal-s-65-ak-porte","133":"profilo-royal-s-65-porte","134":"profilo-royal-s-70-f-porte","135":"profilo-royal-s-70-hi-porte","136":"profilo-serie-6000","137":"profilo-serie-6500-rpt","138":"profilo-slim-70-tt","139":"profilo-start-470-tt","140":"profilo-start-470-tt-porte","141":"profilo-start-510","142":"profilo-superblindo-porte","143":"profilo-synthesis-52","144":"profilo-synthesis-52-tt","145":"profilo-synthesis-57","146":"profilo-synthesis-57-porte","147":"profilo-synthesis-60-tt","148":"profilo-synthesis-60-tt-porte","149":"profilo-synthesis-68-tt","150":"profilo-synthesis-68-tt-porte","151":"profilo-tecno-50-porte","152":"profilo-tecno-50-tt","153":"profilo-tecno-50-tt-porte","154":"profilo-tecno-60-tt","155":"profilo-tecno-60-tt-porte","156":"profilo-tecno-68-tt","157":"profilo-tecno-70-blindo","158":"profilo-tecno-76-tt","159":"profilo-tt-50","160":"profilo-tt-50-porte","161":"profilo-venice-th16","162":"profilo-venice-th16-porte","163":"profilo-vuerre-53-tt","164":"profilo-vuerre-70-tt","165":"profilo-windstop-45","166":"profilo-windstop-45-porte","167":"profilo-windstop-45-tt","168":"profilo-windstop-45-tt-classic","169":"profilo-windstop-45-tt-porte","170":"profilo-windstop-55-tt","171":"profilo-windstop-55-tt-classic","172":"profilo-windstop-55-tt-porte","173":"profilo-windstop-65-tt","174":"profilo-windstop-65-tt-porte","175":"profilo-windstop-73-tt","176":"profilo-ws-65-thi","177":"profilo-ws-75-thi","178":"finiture-12512","179":"finiture-12520","180":"finiture-12528","181":"finiture-12529","182":"finiture-12531","183":"finiture-12532","184":"finiture-12534","185":"finiture-12536","186":"finiture-b-sa","187":"finiture-bl10","188":"finiture-br5","189":"finiture-c","190":"finiture-f","191":"finiture-gr217","192":"finiture-gr606","193":"finiture-hl","194":"finiture-ne","195":"finiture-pvd-h","196":"finiture-pvd-x","197":"finiture-silv","198":"finiture-xsd","199":"finiture-ze","200":"description-off","202":"first","203":"instock","204":"product-type-variable"},"acf":[],"yoast_head":"<!-- This site is optimized with the Yoast SEO plugin v27.2 - https:\/\/yoast.com\/product\/yoast-seo-wordpress\/ -->\n<title>MECHANICA - 1145.3\/67<\/title>\n<meta name=\"description\" content=\"(pat.) Bisagra de 3 alas\" \/>\n<meta name=\"robots\" content=\"index, follow, max-snippet:-1, max-image-preview:large, max-video-preview:-1\" \/>\n<link rel=\"canonical\" href=\"https:\/\/savio.it\/es\/prodotto\/mechanica-1145-3-67\/\" \/>\n<meta property=\"og:locale\" content=\"es_ES\" \/>\n<meta property=\"og:type\" content=\"article\" \/>\n<meta property=\"og:title\" content=\"MECHANICA - 1145.3\/67\" \/>\n<meta property=\"og:description\" content=\"(pat.) Bisagra de 3 alas\" \/>\n<meta property=\"og:url\" content=\"https:\/\/savio.it\/es\/prodotto\/mechanica-1145-3-67\/\" \/>\n<meta property=\"og:site_name\" content=\"SAVIO\" \/>\n<meta property=\"article:modified_time\" content=\"2024-07-01T07:43:33+00:00\" \/>\n<meta property=\"og:image\" content=\"https:\/\/savio.it\/wp-content\/uploads\/2021\/09\/1145_3-6.jpg\" \/>\n\t<meta property=\"og:image:width\" content=\"229\" \/>\n\t<meta property=\"og:image:height\" content=\"229\" \/>\n\t<meta property=\"og:image:type\" content=\"image\/jpeg\" \/>\n<meta name=\"twitter:card\" content=\"summary_large_image\" \/>\n<meta name=\"twitter:label1\" content=\"Tiempo de lectura\" \/>\n\t<meta name=\"twitter:data1\" content=\"1 minuto\" \/>\n<script type=\"application\/ld+json\" class=\"yoast-schema-graph\">{\"@context\":\"https:\/\/schema.org\",\"@graph\":[{\"@type\":\"WebPage\",\"@id\":\"https:\/\/savio.it\/es\/prodotto\/mechanica-1145-3-67\/\",\"url\":\"https:\/\/savio.it\/es\/prodotto\/mechanica-1145-3-67\/\",\"name\":\"MECHANICA - 1145.3\/67\",\"isPartOf\":{\"@id\":\"https:\/\/savio.it\/es\/#website\"},\"primaryImageOfPage\":{\"@id\":\"https:\/\/savio.it\/es\/prodotto\/mechanica-1145-3-67\/#primaryimage\"},\"image\":{\"@id\":\"https:\/\/savio.it\/es\/prodotto\/mechanica-1145-3-67\/#primaryimage\"},\"thumbnailUrl\":\"https:\/\/savio.it\/wp-content\/uploads\/2021\/09\/1145_3-6.jpg\",\"datePublished\":\"2021-10-05T10:32:57+00:00\",\"dateModified\":\"2024-07-01T07:43:33+00:00\",\"description\":\"(pat.) Bisagra de 3 alas\",\"breadcrumb\":{\"@id\":\"https:\/\/savio.it\/es\/prodotto\/mechanica-1145-3-67\/#breadcrumb\"},\"inLanguage\":\"es\",\"potentialAction\":[{\"@type\":\"ReadAction\",\"target\":[\"https:\/\/savio.it\/es\/prodotto\/mechanica-1145-3-67\/\"]}]},{\"@type\":\"ImageObject\",\"inLanguage\":\"es\",\"@id\":\"https:\/\/savio.it\/es\/prodotto\/mechanica-1145-3-67\/#primaryimage\",\"url\":\"https:\/\/savio.it\/wp-content\/uploads\/2021\/09\/1145_3-6.jpg\",\"contentUrl\":\"https:\/\/savio.it\/wp-content\/uploads\/2021\/09\/1145_3-6.jpg\",\"width\":229,\"height\":229},{\"@type\":\"BreadcrumbList\",\"@id\":\"https:\/\/savio.it\/es\/prodotto\/mechanica-1145-3-67\/#breadcrumb\",\"itemListElement\":[{\"@type\":\"ListItem\",\"position\":1,\"name\":\"Home\",\"item\":\"https:\/\/savio.it\/es\/\"},{\"@type\":\"ListItem\",\"position\":2,\"name\":\"Productos\",\"item\":\"https:\/\/savio.it\/es\/prodotti\/\"},{\"@type\":\"ListItem\",\"position\":3,\"name\":\"MECHANICA &#8211; 1145.3\/67\"}]},{\"@type\":\"WebSite\",\"@id\":\"https:\/\/savio.it\/es\/#website\",\"url\":\"https:\/\/savio.it\/es\/\",\"name\":\"SAVIO\",\"description\":\"Open mind for closing system\",\"publisher\":{\"@id\":\"https:\/\/savio.it\/es\/#organization\"},\"potentialAction\":[{\"@type\":\"SearchAction\",\"target\":{\"@type\":\"EntryPoint\",\"urlTemplate\":\"https:\/\/savio.it\/es\/?s={search_term_string}\"},\"query-input\":{\"@type\":\"PropertyValueSpecification\",\"valueRequired\":true,\"valueName\":\"search_term_string\"}}],\"inLanguage\":\"es\"},{\"@type\":\"Organization\",\"@id\":\"https:\/\/savio.it\/es\/#organization\",\"name\":\"SAVIO\",\"url\":\"https:\/\/savio.it\/es\/\",\"logo\":{\"@type\":\"ImageObject\",\"inLanguage\":\"es\",\"@id\":\"https:\/\/savio.it\/es\/#\/schema\/logo\/image\/\",\"url\":\"https:\/\/savio.it\/wp-content\/uploads\/2021\/09\/cropped-Savio-logo.png\",\"contentUrl\":\"https:\/\/savio.it\/wp-content\/uploads\/2021\/09\/cropped-Savio-logo.png\",\"width\":243,\"height\":64,\"caption\":\"SAVIO\"},\"image\":{\"@id\":\"https:\/\/savio.it\/es\/#\/schema\/logo\/image\/\"}}]}<\/script>\n<!-- \/ Yoast SEO plugin. -->","yoast_head_json":{"title":"MECHANICA - 1145.3\/67","description":"(pat.) Bisagra de 3 alas","robots":{"index":"index","follow":"follow","max-snippet":"max-snippet:-1","max-image-preview":"max-image-preview:large","max-video-preview":"max-video-preview:-1"},"canonical":"https:\/\/savio.it\/es\/prodotto\/mechanica-1145-3-67\/","og_locale":"es_ES","og_type":"article","og_title":"MECHANICA - 1145.3\/67","og_description":"(pat.) Bisagra de 3 alas","og_url":"https:\/\/savio.it\/es\/prodotto\/mechanica-1145-3-67\/","og_site_name":"SAVIO","article_modified_time":"2024-07-01T07:43:33+00:00","og_image":[{"width":229,"height":229,"url":"https:\/\/savio.it\/wp-content\/uploads\/2021\/09\/1145_3-6.jpg","type":"image\/jpeg"}],"twitter_card":"summary_large_image","twitter_misc":{"Tiempo de lectura":"1 minuto"},"schema":{"@context":"https:\/\/schema.org","@graph":[{"@type":"WebPage","@id":"https:\/\/savio.it\/es\/prodotto\/mechanica-1145-3-67\/","url":"https:\/\/savio.it\/es\/prodotto\/mechanica-1145-3-67\/","name":"MECHANICA - 1145.3\/67","isPartOf":{"@id":"https:\/\/savio.it\/es\/#website"},"primaryImageOfPage":{"@id":"https:\/\/savio.it\/es\/prodotto\/mechanica-1145-3-67\/#primaryimage"},"image":{"@id":"https:\/\/savio.it\/es\/prodotto\/mechanica-1145-3-67\/#primaryimage"},"thumbnailUrl":"https:\/\/savio.it\/wp-content\/uploads\/2021\/09\/1145_3-6.jpg","datePublished":"2021-10-05T10:32:57+00:00","dateModified":"2024-07-01T07:43:33+00:00","description":"(pat.) Bisagra de 3 alas","breadcrumb":{"@id":"https:\/\/savio.it\/es\/prodotto\/mechanica-1145-3-67\/#breadcrumb"},"inLanguage":"es","potentialAction":[{"@type":"ReadAction","target":["https:\/\/savio.it\/es\/prodotto\/mechanica-1145-3-67\/"]}]},{"@type":"ImageObject","inLanguage":"es","@id":"https:\/\/savio.it\/es\/prodotto\/mechanica-1145-3-67\/#primaryimage","url":"https:\/\/savio.it\/wp-content\/uploads\/2021\/09\/1145_3-6.jpg","contentUrl":"https:\/\/savio.it\/wp-content\/uploads\/2021\/09\/1145_3-6.jpg","width":229,"height":229},{"@type":"BreadcrumbList","@id":"https:\/\/savio.it\/es\/prodotto\/mechanica-1145-3-67\/#breadcrumb","itemListElement":[{"@type":"ListItem","position":1,"name":"Home","item":"https:\/\/savio.it\/es\/"},{"@type":"ListItem","position":2,"name":"Productos","item":"https:\/\/savio.it\/es\/prodotti\/"},{"@type":"ListItem","position":3,"name":"MECHANICA &#8211; 1145.3\/67"}]},{"@type":"WebSite","@id":"https:\/\/savio.it\/es\/#website","url":"https:\/\/savio.it\/es\/","name":"SAVIO","description":"Open mind for closing system","publisher":{"@id":"https:\/\/savio.it\/es\/#organization"},"potentialAction":[{"@type":"SearchAction","target":{"@type":"EntryPoint","urlTemplate":"https:\/\/savio.it\/es\/?s={search_term_string}"},"query-input":{"@type":"PropertyValueSpecification","valueRequired":true,"valueName":"search_term_string"}}],"inLanguage":"es"},{"@type":"Organization","@id":"https:\/\/savio.it\/es\/#organization","name":"SAVIO","url":"https:\/\/savio.it\/es\/","logo":{"@type":"ImageObject","inLanguage":"es","@id":"https:\/\/savio.it\/es\/#\/schema\/logo\/image\/","url":"https:\/\/savio.it\/wp-content\/uploads\/2021\/09\/cropped-Savio-logo.png","contentUrl":"https:\/\/savio.it\/wp-content\/uploads\/2021\/09\/cropped-Savio-logo.png","width":243,"height":64,"caption":"SAVIO"},"image":{"@id":"https:\/\/savio.it\/es\/#\/schema\/logo\/image\/"}}]}},"uagb_featured_image_src":{"full":["https:\/\/savio.it\/wp-content\/uploads\/2021\/09\/1145_3-6.jpg",229,229,false],"thumbnail":["https:\/\/savio.it\/wp-content\/uploads\/2021\/09\/1145_3-6-150x150.jpg",150,150,true],"medium":["https:\/\/savio.it\/wp-content\/uploads\/2021\/09\/1145_3-6.jpg",229,229,false],"medium_large":["https:\/\/savio.it\/wp-content\/uploads\/2021\/09\/1145_3-6.jpg",229,229,false],"large":["https:\/\/savio.it\/wp-content\/uploads\/2021\/09\/1145_3-6.jpg",229,229,false],"gs-tiny":["https:\/\/savio.it\/wp-content\/uploads\/2021\/09\/1145_3-6-50x50.jpg",50,50,true],"xl":["https:\/\/savio.it\/wp-content\/uploads\/2021\/09\/1145_3-6.jpg",229,229,false],"xxl":["https:\/\/savio.it\/wp-content\/uploads\/2021\/09\/1145_3-6.jpg",229,229,false],"xxxl":["https:\/\/savio.it\/wp-content\/uploads\/2021\/09\/1145_3-6.jpg",229,229,false],"xxxxl":["https:\/\/savio.it\/wp-content\/uploads\/2021\/09\/1145_3-6.jpg",229,229,false],"xxxxxl":["https:\/\/savio.it\/wp-content\/uploads\/2021\/09\/1145_3-6.jpg",229,229,false],"1536x1536":["https:\/\/savio.it\/wp-content\/uploads\/2021\/09\/1145_3-6.jpg",229,229,false],"2048x2048":["https:\/\/savio.it\/wp-content\/uploads\/2021\/09\/1145_3-6.jpg",229,229,false],"woocommerce_thumbnail":["https:\/\/savio.it\/wp-content\/uploads\/2021\/09\/1145_3-6.jpg",229,229,false],"woocommerce_single":["https:\/\/savio.it\/wp-content\/uploads\/2021\/09\/1145_3-6.jpg",229,229,false],"woocommerce_gallery_thumbnail":["https:\/\/savio.it\/wp-content\/uploads\/2021\/09\/1145_3-6-200x200.jpg",200,200,true]},"uagb_author_info":{"display_name":"admin_news","author_link":"https:\/\/savio.it\/es\/author\/"},"uagb_comment_info":0,"uagb_excerpt":"(pat.) Bisagra de 3 alas","_links":{"self":[{"href":"https:\/\/savio.it\/es\/wp-json\/wp\/v2\/product\/34107","targetHints":{"allow":["GET"]}}],"collection":[{"href":"https:\/\/savio.it\/es\/wp-json\/wp\/v2\/product"}],"about":[{"href":"https:\/\/savio.it\/es\/wp-json\/wp\/v2\/types\/product"}],"replies":[{"embeddable":true,"href":"https:\/\/savio.it\/es\/wp-json\/wp\/v2\/comments?post=34107"}],"wp:featuredmedia":[{"embeddable":true,"href":"https:\/\/savio.it\/es\/wp-json\/wp\/v2\/media\/15777"}],"wp:attachment":[{"href":"https:\/\/savio.it\/es\/wp-json\/wp\/v2\/media?parent=34107"}],"wp:term":[{"taxonomy":"product_brand","embeddable":true,"href":"https:\/\/savio.it\/es\/wp-json\/wp\/v2\/product_brand?post=34107"},{"taxonomy":"product_cat","embeddable":true,"href":"https:\/\/savio.it\/es\/wp-json\/wp\/v2\/product_cat?post=34107"},{"taxonomy":"product_tag","embeddable":true,"href":"https:\/\/savio.it\/es\/wp-json\/wp\/v2\/product_tag?post=34107"},{"taxonomy":"profilo","embeddable":true,"href":"https:\/\/savio.it\/es\/wp-json\/wp\/v2\/profilo?post=34107"},{"taxonomy":"finiture","embeddable":true,"href":"https:\/\/savio.it\/es\/wp-json\/wp\/v2\/finiture?post=34107"},{"taxonomy":"gruppo_anta","embeddable":true,"href":"https:\/\/savio.it\/es\/wp-json\/wp\/v2\/gruppo_anta?post=34107"}],"curies":[{"name":"wp","href":"https:\/\/api.w.org\/{rel}","templated":true}]}}