{"id":34108,"date":"2021-09-30T12:36:11","date_gmt":"2021-10-05T10:32:57","guid":{"rendered":"https:\/\/savio.ne-ws.it\/prodotto\/mechanica-1145-3-79\/"},"modified":"2024-06-28T15:29:46","modified_gmt":"2024-06-28T15:29:46","slug":"mechanica-1145-3-79","status":"publish","type":"product","link":"https:\/\/savio.it\/es\/prodotto\/mechanica-1145-3-79\/","title":{"rendered":"MECHANICA &#8211; 1145.3\/79"},"content":{"rendered":"<p>(patentado) Bisagra regulable de 3 alas en aluminio, entre-eje 79 mm, centro de rotaci\u00f3n de 20 mm, sin resalte, 1 pernio \u00d8 11 mm en acero inox, premontado sobre el casquillo reductor con geometr\u00eda a leva en zamac lacado negro, 3 pletinas de cobertura en aluminio, 2 tapones en nylon, 2 casquillos autolubrificantes en nylon, 1 prisionero de regulaci\u00f3n de zamac, 1 separador para las pletinas en nylon y 1 anillo de compensaci\u00f3n. Soporte: 2 bisagras 120 Kg, 3 bisagras 140 Kg.<\/p>\n","protected":false},"excerpt":{"rendered":"<p>(pat.) Bisagra de 3 alas<\/p>\n","protected":false},"featured_media":15784,"comment_status":"closed","ping_status":"closed","template":"","meta":{"_acf_changed":false,"_uag_custom_page_level_css":""},"product_brand":[],"product_cat":[12585,12637],"product_tag":[13131],"profilo":[12431,11995,11996,12000,12018,12002,12040,12408,12391,12393,12402,12398,12403,12113,12134,12136,12115,12124,12111,12125,12126,12116,12139,12141,12388,12389,12240,12242,12267,12456,12458,12346,12321,12323,12333,12347,12349,12324,12345,12325,12348,12350,11984,11982,12418,12417,12423,12425,12427,12429,12006,12095,12008,12035,12037,12034,12039,12066,12154,12155,12159,12180,12157,12182,12160,12470,12468,12469,12186,12187,12189,12196,12204,12205,12218,12225,12220,12231,12206,12217,12202,12235,12236,12017,12270,12271,12295,12272,12308,12281,12326,12329,11970,11968,11972,11974,12170,12172,12175,12177,12176,12178,12179,12085,11988,11990,11991,11993,12372,12373,12376,12375,12380,12377,12378,12086,12356,12358,12359,12364,12051,12052,12045,12047,12046,12048,12053,12054,12073,12074,12075,12076,12081,12419,12420,12435,12436,12274,12303,12276,12304,12306,12293,12299,12282,12297,12311,12313,12314],"finiture":[12512,12525,12529,12532,12534,12536,12545,12549,12550,12552,12556,12557,12562,12565,12570,12575,12582,12583],"gruppo_anta":[],"class_list":{"0":"post-34108","1":"product","2":"type-product","3":"status-publish","4":"has-post-thumbnail","6":"product_cat-cerniere-cerniere-pesanti-e-cerniere-per-vasistas","7":"product_cat-mechanica","8":"product_tag-updated-es","9":"profilo-12431","10":"profilo-alfil-a54rpt","11":"profilo-alfil-a65rpt","12":"profilo-all-co-5-complanare","13":"profilo-all-co-5-porte","14":"profilo-all-co-p-4-complanare","15":"profilo-allco-tec-72","16":"profilo-allu-sistemi","17":"profilo-atlantis-40","18":"profilo-atlantis-45","19":"profilo-atlantis-55-tt-porte","20":"profilo-atlantis-68-tt","21":"profilo-atlantis-68-tt-porte","22":"profilo-domal-break-pa-52-porte","23":"profilo-domal-bright-pa-70-s","24":"profilo-domal-extratermic-62","25":"profilo-domal-shops","26":"profilo-domal-spider-l60-style","27":"profilo-domal-stopper-pg","28":"profilo-domal-stopper-pg-63","29":"profilo-domal-stopper-pg-63-porte","30":"profilo-domal-stopper-pg-porte","31":"profilo-domal-top-tb-65","32":"profilo-domal-top-tb-65-porte","33":"profilo-ecowin-th-62","34":"profilo-ecowin-th-72","35":"profilo-ekip-40-complanare","36":"profilo-ekip-50-complanare","37":"profilo-ekip-th-83","38":"profilo-ekos-minimall-54-th","39":"profilo-ekos-minimall-62-thj","40":"profilo-eku-52-tt","41":"profilo-eku-53","42":"profilo-eku-53-tt","43":"profilo-eku-53-tt-porte","44":"profilo-eku-62-tt","45":"profilo-eku-62-tt-porte","46":"profilo-eku-64-tt","47":"profilo-eku-66-tt","48":"profilo-eku-72-tt","49":"profilo-eku-78-tt","50":"profilo-eku-78-tt-porte","51":"profilo-esedra-doors-56","52":"profilo-esedra-tt-63","53":"profilo-et-45-porte","54":"profilo-et-45-sormonto","55":"profilo-et-58-2-tt","56":"profilo-et-67-3-tt","57":"profilo-et-68-2-tt","58":"profilo-et-75-3-tt","59":"profilo-export-45","60":"profilo-export-45-t","61":"profilo-export-45-tt","62":"profilo-export-51-tt","63":"profilo-export-51-tt-porte","64":"profilo-export-68-tt","65":"profilo-export-68-tt-porte","66":"profilo-extrablind-70-porte","67":"profilo-gold-490-tt","68":"profilo-gold-500","69":"profilo-gold-500-porte","70":"profilo-gold-502-hc","71":"profilo-gold-600","72":"profilo-gold-600-hc","73":"profilo-gold-600-porte","74":"profilo-hf-580","75":"profilo-hp-600","76":"profilo-hp-700","77":"profilo-mx-50","78":"profilo-mx-70","79":"profilo-mx-70-porte","80":"profilo-nc-45-int","81":"profilo-nc-45-int-porte","82":"profilo-nc-45-sth-porte","83":"profilo-nc-50-i","84":"profilo-nc-50-i-porte","85":"profilo-nc-50-sth","86":"profilo-nc-50-sth-porte","87":"profilo-nc-55-int-porte","88":"profilo-nc-58-mediterraneo-sormonto","89":"profilo-nc-72-sth","90":"profilo-nc-75-sth","91":"profilo-nc-75-sthi","92":"profilo-new-age","93":"profilo-new-tec-50","94":"profilo-new-tec-52-tt","95":"profilo-new-tec-52-tt-classic-porte","96":"profilo-new-tec-60-tt","97":"profilo-new-tec-65","98":"profilo-new-tec-68-tt-porte","99":"profilo-pe-40","100":"profilo-pe-50","101":"profilo-planet-45","102":"profilo-planet-50-tt","103":"profilo-planet-62-tt","104":"profilo-planet-72-ht","105":"profilo-plathina-60-classica","106":"profilo-plathina-60-flat-classica","107":"profilo-plathina-69-classica","108":"profilo-plathina-69-flat-classica","109":"profilo-plathina-69-porte","110":"profilo-plathina-75-classica","111":"profilo-plathina-75-porte","112":"profilo-prestige-73-tt","113":"profilo-r-40","114":"profilo-r-50","115":"profilo-r-50-tt-barra-cont","116":"profilo-r-62-tt","117":"profilo-road-520-tt-ce","118":"profilo-road-600-tt-ce","119":"profilo-royal-s-50-n-porte","120":"profilo-royal-s-50-porte","121":"profilo-royal-s-65-ak-porte","122":"profilo-royal-s-65-porte","123":"profilo-royal-s-70-hi-porte","124":"profilo-slim-70-tt","125":"profilo-start-510","126":"profilo-start-560-tt","127":"profilo-start-640-tt","128":"profilo-start-760-tt","129":"profilo-synthesis-52","130":"profilo-synthesis-52-tt","131":"profilo-synthesis-57","132":"profilo-synthesis-57-porte","133":"profilo-synthesis-60-tt","134":"profilo-synthesis-60-tt-porte","135":"profilo-synthesis-68-tt","136":"profilo-synthesis-68-tt-porte","137":"profilo-tecno-50-tt","138":"profilo-tecno-60-tt","139":"profilo-tecno-68-tt","140":"profilo-tecno-70-blindo","141":"profilo-tecno-76-tt","142":"profilo-tt-50","143":"profilo-tt-50-porte","144":"profilo-vuerre-53-tt","145":"profilo-vuerre-70-tt","146":"profilo-windstop-45","147":"profilo-windstop-45-porte","148":"profilo-windstop-45-tt","149":"profilo-windstop-45-tt-classic","150":"profilo-windstop-45-tt-porte","151":"profilo-windstop-55-tt","152":"profilo-windstop-55-tt-classic","153":"profilo-windstop-60-porte","154":"profilo-windstop-65-tt","155":"profilo-windstop-73-tt","156":"profilo-ws-65-thi","157":"profilo-ws-75-thi","158":"finiture-12512","159":"finiture-12525","160":"finiture-12529","161":"finiture-12532","162":"finiture-12534","163":"finiture-12536","164":"finiture-bl10","165":"finiture-br5","166":"finiture-br801","167":"finiture-c","168":"finiture-f","169":"finiture-gr217","170":"finiture-hl","171":"finiture-ne","172":"finiture-pvd-x","173":"finiture-silv","174":"finiture-xsd","175":"finiture-ze","176":"description-off","178":"first","179":"instock","180":"product-type-variable"},"acf":[],"yoast_head":"<!-- This site is optimized with the Yoast SEO plugin v27.2 - https:\/\/yoast.com\/product\/yoast-seo-wordpress\/ -->\n<title>MECHANICA - 1145.3\/79<\/title>\n<meta name=\"description\" content=\"(pat.) Bisagra de 3 alas\" \/>\n<meta name=\"robots\" content=\"index, follow, max-snippet:-1, max-image-preview:large, max-video-preview:-1\" \/>\n<link rel=\"canonical\" href=\"https:\/\/savio.it\/es\/prodotto\/mechanica-1145-3-79\/\" \/>\n<meta property=\"og:locale\" content=\"es_ES\" \/>\n<meta property=\"og:type\" content=\"article\" \/>\n<meta property=\"og:title\" content=\"MECHANICA - 1145.3\/79\" \/>\n<meta property=\"og:description\" content=\"(pat.) Bisagra de 3 alas\" \/>\n<meta property=\"og:url\" content=\"https:\/\/savio.it\/es\/prodotto\/mechanica-1145-3-79\/\" \/>\n<meta property=\"og:site_name\" content=\"SAVIO\" \/>\n<meta property=\"article:modified_time\" content=\"2024-06-28T15:29:46+00:00\" \/>\n<meta property=\"og:image\" content=\"https:\/\/savio.it\/wp-content\/uploads\/2021\/09\/1145_3-7.jpg\" \/>\n\t<meta property=\"og:image:width\" content=\"229\" \/>\n\t<meta property=\"og:image:height\" content=\"229\" \/>\n\t<meta property=\"og:image:type\" content=\"image\/jpeg\" \/>\n<meta name=\"twitter:card\" content=\"summary_large_image\" \/>\n<meta name=\"twitter:label1\" content=\"Tiempo de lectura\" \/>\n\t<meta name=\"twitter:data1\" content=\"4 minutos\" \/>\n<script type=\"application\/ld+json\" class=\"yoast-schema-graph\">{\"@context\":\"https:\/\/schema.org\",\"@graph\":[{\"@type\":\"WebPage\",\"@id\":\"https:\/\/savio.it\/es\/prodotto\/mechanica-1145-3-79\/\",\"url\":\"https:\/\/savio.it\/es\/prodotto\/mechanica-1145-3-79\/\",\"name\":\"MECHANICA - 1145.3\/79\",\"isPartOf\":{\"@id\":\"https:\/\/savio.it\/es\/#website\"},\"primaryImageOfPage\":{\"@id\":\"https:\/\/savio.it\/es\/prodotto\/mechanica-1145-3-79\/#primaryimage\"},\"image\":{\"@id\":\"https:\/\/savio.it\/es\/prodotto\/mechanica-1145-3-79\/#primaryimage\"},\"thumbnailUrl\":\"https:\/\/savio.it\/wp-content\/uploads\/2021\/09\/1145_3-7.jpg\",\"datePublished\":\"2021-10-05T10:32:57+00:00\",\"dateModified\":\"2024-06-28T15:29:46+00:00\",\"description\":\"(pat.) Bisagra de 3 alas\",\"breadcrumb\":{\"@id\":\"https:\/\/savio.it\/es\/prodotto\/mechanica-1145-3-79\/#breadcrumb\"},\"inLanguage\":\"es\",\"potentialAction\":[{\"@type\":\"ReadAction\",\"target\":[\"https:\/\/savio.it\/es\/prodotto\/mechanica-1145-3-79\/\"]}]},{\"@type\":\"ImageObject\",\"inLanguage\":\"es\",\"@id\":\"https:\/\/savio.it\/es\/prodotto\/mechanica-1145-3-79\/#primaryimage\",\"url\":\"https:\/\/savio.it\/wp-content\/uploads\/2021\/09\/1145_3-7.jpg\",\"contentUrl\":\"https:\/\/savio.it\/wp-content\/uploads\/2021\/09\/1145_3-7.jpg\",\"width\":229,\"height\":229},{\"@type\":\"BreadcrumbList\",\"@id\":\"https:\/\/savio.it\/es\/prodotto\/mechanica-1145-3-79\/#breadcrumb\",\"itemListElement\":[{\"@type\":\"ListItem\",\"position\":1,\"name\":\"Home\",\"item\":\"https:\/\/savio.it\/es\/\"},{\"@type\":\"ListItem\",\"position\":2,\"name\":\"Productos\",\"item\":\"https:\/\/savio.it\/es\/prodotti\/\"},{\"@type\":\"ListItem\",\"position\":3,\"name\":\"MECHANICA &#8211; 1145.3\/79\"}]},{\"@type\":\"WebSite\",\"@id\":\"https:\/\/savio.it\/es\/#website\",\"url\":\"https:\/\/savio.it\/es\/\",\"name\":\"SAVIO\",\"description\":\"Open mind for closing system\",\"publisher\":{\"@id\":\"https:\/\/savio.it\/es\/#organization\"},\"potentialAction\":[{\"@type\":\"SearchAction\",\"target\":{\"@type\":\"EntryPoint\",\"urlTemplate\":\"https:\/\/savio.it\/es\/?s={search_term_string}\"},\"query-input\":{\"@type\":\"PropertyValueSpecification\",\"valueRequired\":true,\"valueName\":\"search_term_string\"}}],\"inLanguage\":\"es\"},{\"@type\":\"Organization\",\"@id\":\"https:\/\/savio.it\/es\/#organization\",\"name\":\"SAVIO\",\"url\":\"https:\/\/savio.it\/es\/\",\"logo\":{\"@type\":\"ImageObject\",\"inLanguage\":\"es\",\"@id\":\"https:\/\/savio.it\/es\/#\/schema\/logo\/image\/\",\"url\":\"https:\/\/savio.it\/wp-content\/uploads\/2021\/09\/cropped-Savio-logo.png\",\"contentUrl\":\"https:\/\/savio.it\/wp-content\/uploads\/2021\/09\/cropped-Savio-logo.png\",\"width\":243,\"height\":64,\"caption\":\"SAVIO\"},\"image\":{\"@id\":\"https:\/\/savio.it\/es\/#\/schema\/logo\/image\/\"}}]}<\/script>\n<!-- \/ Yoast SEO plugin. -->","yoast_head_json":{"title":"MECHANICA - 1145.3\/79","description":"(pat.) Bisagra de 3 alas","robots":{"index":"index","follow":"follow","max-snippet":"max-snippet:-1","max-image-preview":"max-image-preview:large","max-video-preview":"max-video-preview:-1"},"canonical":"https:\/\/savio.it\/es\/prodotto\/mechanica-1145-3-79\/","og_locale":"es_ES","og_type":"article","og_title":"MECHANICA - 1145.3\/79","og_description":"(pat.) Bisagra de 3 alas","og_url":"https:\/\/savio.it\/es\/prodotto\/mechanica-1145-3-79\/","og_site_name":"SAVIO","article_modified_time":"2024-06-28T15:29:46+00:00","og_image":[{"width":229,"height":229,"url":"https:\/\/savio.it\/wp-content\/uploads\/2021\/09\/1145_3-7.jpg","type":"image\/jpeg"}],"twitter_card":"summary_large_image","twitter_misc":{"Tiempo de lectura":"4 minutos"},"schema":{"@context":"https:\/\/schema.org","@graph":[{"@type":"WebPage","@id":"https:\/\/savio.it\/es\/prodotto\/mechanica-1145-3-79\/","url":"https:\/\/savio.it\/es\/prodotto\/mechanica-1145-3-79\/","name":"MECHANICA - 1145.3\/79","isPartOf":{"@id":"https:\/\/savio.it\/es\/#website"},"primaryImageOfPage":{"@id":"https:\/\/savio.it\/es\/prodotto\/mechanica-1145-3-79\/#primaryimage"},"image":{"@id":"https:\/\/savio.it\/es\/prodotto\/mechanica-1145-3-79\/#primaryimage"},"thumbnailUrl":"https:\/\/savio.it\/wp-content\/uploads\/2021\/09\/1145_3-7.jpg","datePublished":"2021-10-05T10:32:57+00:00","dateModified":"2024-06-28T15:29:46+00:00","description":"(pat.) Bisagra de 3 alas","breadcrumb":{"@id":"https:\/\/savio.it\/es\/prodotto\/mechanica-1145-3-79\/#breadcrumb"},"inLanguage":"es","potentialAction":[{"@type":"ReadAction","target":["https:\/\/savio.it\/es\/prodotto\/mechanica-1145-3-79\/"]}]},{"@type":"ImageObject","inLanguage":"es","@id":"https:\/\/savio.it\/es\/prodotto\/mechanica-1145-3-79\/#primaryimage","url":"https:\/\/savio.it\/wp-content\/uploads\/2021\/09\/1145_3-7.jpg","contentUrl":"https:\/\/savio.it\/wp-content\/uploads\/2021\/09\/1145_3-7.jpg","width":229,"height":229},{"@type":"BreadcrumbList","@id":"https:\/\/savio.it\/es\/prodotto\/mechanica-1145-3-79\/#breadcrumb","itemListElement":[{"@type":"ListItem","position":1,"name":"Home","item":"https:\/\/savio.it\/es\/"},{"@type":"ListItem","position":2,"name":"Productos","item":"https:\/\/savio.it\/es\/prodotti\/"},{"@type":"ListItem","position":3,"name":"MECHANICA &#8211; 1145.3\/79"}]},{"@type":"WebSite","@id":"https:\/\/savio.it\/es\/#website","url":"https:\/\/savio.it\/es\/","name":"SAVIO","description":"Open mind for closing system","publisher":{"@id":"https:\/\/savio.it\/es\/#organization"},"potentialAction":[{"@type":"SearchAction","target":{"@type":"EntryPoint","urlTemplate":"https:\/\/savio.it\/es\/?s={search_term_string}"},"query-input":{"@type":"PropertyValueSpecification","valueRequired":true,"valueName":"search_term_string"}}],"inLanguage":"es"},{"@type":"Organization","@id":"https:\/\/savio.it\/es\/#organization","name":"SAVIO","url":"https:\/\/savio.it\/es\/","logo":{"@type":"ImageObject","inLanguage":"es","@id":"https:\/\/savio.it\/es\/#\/schema\/logo\/image\/","url":"https:\/\/savio.it\/wp-content\/uploads\/2021\/09\/cropped-Savio-logo.png","contentUrl":"https:\/\/savio.it\/wp-content\/uploads\/2021\/09\/cropped-Savio-logo.png","width":243,"height":64,"caption":"SAVIO"},"image":{"@id":"https:\/\/savio.it\/es\/#\/schema\/logo\/image\/"}}]}},"uagb_featured_image_src":{"full":["https:\/\/savio.it\/wp-content\/uploads\/2021\/09\/1145_3-7.jpg",229,229,false],"thumbnail":["https:\/\/savio.it\/wp-content\/uploads\/2021\/09\/1145_3-7-150x150.jpg",150,150,true],"medium":["https:\/\/savio.it\/wp-content\/uploads\/2021\/09\/1145_3-7.jpg",229,229,false],"medium_large":["https:\/\/savio.it\/wp-content\/uploads\/2021\/09\/1145_3-7.jpg",229,229,false],"large":["https:\/\/savio.it\/wp-content\/uploads\/2021\/09\/1145_3-7.jpg",229,229,false],"gs-tiny":["https:\/\/savio.it\/wp-content\/uploads\/2021\/09\/1145_3-7-50x50.jpg",50,50,true],"xl":["https:\/\/savio.it\/wp-content\/uploads\/2021\/09\/1145_3-7.jpg",229,229,false],"xxl":["https:\/\/savio.it\/wp-content\/uploads\/2021\/09\/1145_3-7.jpg",229,229,false],"xxxl":["https:\/\/savio.it\/wp-content\/uploads\/2021\/09\/1145_3-7.jpg",229,229,false],"xxxxl":["https:\/\/savio.it\/wp-content\/uploads\/2021\/09\/1145_3-7.jpg",229,229,false],"xxxxxl":["https:\/\/savio.it\/wp-content\/uploads\/2021\/09\/1145_3-7.jpg",229,229,false],"1536x1536":["https:\/\/savio.it\/wp-content\/uploads\/2021\/09\/1145_3-7.jpg",229,229,false],"2048x2048":["https:\/\/savio.it\/wp-content\/uploads\/2021\/09\/1145_3-7.jpg",229,229,false],"woocommerce_thumbnail":["https:\/\/savio.it\/wp-content\/uploads\/2021\/09\/1145_3-7.jpg",229,229,false],"woocommerce_single":["https:\/\/savio.it\/wp-content\/uploads\/2021\/09\/1145_3-7.jpg",229,229,false],"woocommerce_gallery_thumbnail":["https:\/\/savio.it\/wp-content\/uploads\/2021\/09\/1145_3-7-200x200.jpg",200,200,true]},"uagb_author_info":{"display_name":"admin_news","author_link":"https:\/\/savio.it\/es\/author\/"},"uagb_comment_info":0,"uagb_excerpt":"(pat.) Bisagra de 3 alas","_links":{"self":[{"href":"https:\/\/savio.it\/es\/wp-json\/wp\/v2\/product\/34108","targetHints":{"allow":["GET"]}}],"collection":[{"href":"https:\/\/savio.it\/es\/wp-json\/wp\/v2\/product"}],"about":[{"href":"https:\/\/savio.it\/es\/wp-json\/wp\/v2\/types\/product"}],"replies":[{"embeddable":true,"href":"https:\/\/savio.it\/es\/wp-json\/wp\/v2\/comments?post=34108"}],"wp:featuredmedia":[{"embeddable":true,"href":"https:\/\/savio.it\/es\/wp-json\/wp\/v2\/media\/15784"}],"wp:attachment":[{"href":"https:\/\/savio.it\/es\/wp-json\/wp\/v2\/media?parent=34108"}],"wp:term":[{"taxonomy":"product_brand","embeddable":true,"href":"https:\/\/savio.it\/es\/wp-json\/wp\/v2\/product_brand?post=34108"},{"taxonomy":"product_cat","embeddable":true,"href":"https:\/\/savio.it\/es\/wp-json\/wp\/v2\/product_cat?post=34108"},{"taxonomy":"product_tag","embeddable":true,"href":"https:\/\/savio.it\/es\/wp-json\/wp\/v2\/product_tag?post=34108"},{"taxonomy":"profilo","embeddable":true,"href":"https:\/\/savio.it\/es\/wp-json\/wp\/v2\/profilo?post=34108"},{"taxonomy":"finiture","embeddable":true,"href":"https:\/\/savio.it\/es\/wp-json\/wp\/v2\/finiture?post=34108"},{"taxonomy":"gruppo_anta","embeddable":true,"href":"https:\/\/savio.it\/es\/wp-json\/wp\/v2\/gruppo_anta?post=34108"}],"curies":[{"name":"wp","href":"https:\/\/api.w.org\/{rel}","templated":true}]}}