{"id":34112,"date":"2021-09-30T12:36:28","date_gmt":"2021-10-05T10:33:07","guid":{"rendered":"https:\/\/savio.ne-ws.it\/prodotto\/mechanica-1145-23-60\/"},"modified":"2024-06-28T15:28:29","modified_gmt":"2024-06-28T15:28:29","slug":"mechanica-1145-23-60","status":"publish","type":"product","link":"https:\/\/savio.it\/es\/prodotto\/mechanica-1145-23-60\/","title":{"rendered":"MECHANICA &#8211; 1145.23\/60"},"content":{"rendered":"<p>(patentado) Bisagra regulable de 3 alas en aluminio, entre-eje 60 mm, centro de rotaci\u00f3n de 20 mm, resalte de 10 mm, 1 pernio \u00d8 11 mm en acero inox, premontado sobre el casquillo reductor con geometr\u00eda a leva en zamac lacado negro, 3 pletinas de cobertura en aluminio, 2 tapones en nylon, 2 casquillos autolubrificantes en nylon, 1 prisionero de regulaci\u00f3n de zamac, 1 separador para pletinas en nylon y 1 anillo de compensaci\u00f3n. Soporte: 2 bisagras 160 Kg, 3 bisagras 180 Kg.<\/p>\n","protected":false},"excerpt":{"rendered":"<p>(pat.) Bisagra de 3 alas<\/p>\n","protected":false},"featured_media":139048,"comment_status":"closed","ping_status":"closed","template":"","meta":{"_acf_changed":false,"_uag_custom_page_level_css":""},"product_brand":[],"product_cat":[12585,12637],"product_tag":[13131],"profilo":[12139,12267,12347,12348,12423,12425,12427,12429,12218,12220,12235,12236,12172,12175,12177,12178,12085,12372,12373,12086,12484],"finiture":[12512,12513,12516,12521,12529,12532,12534,12536,12542,12543,12545,12549,12552,12556,12557,12561,12565,12575],"gruppo_anta":[],"class_list":{"0":"post-34112","1":"product","2":"type-product","3":"status-publish","4":"has-post-thumbnail","6":"product_cat-cerniere-cerniere-pesanti-e-cerniere-per-vasistas","7":"product_cat-mechanica","8":"product_tag-updated-es","9":"profilo-domal-top-tb-65","10":"profilo-ekip-th-83","11":"profilo-eku-62-tt","12":"profilo-eku-78-tt","13":"profilo-et-58-2-tt","14":"profilo-et-67-3-tt","15":"profilo-et-68-2-tt","16":"profilo-et-75-3-tt","17":"profilo-nc-50-i","18":"profilo-nc-50-sth","19":"profilo-nc-75-sth","20":"profilo-nc-75-sthi","21":"profilo-plathina-60-flat-classica","22":"profilo-plathina-69-classica","23":"profilo-plathina-69-flat-classica","24":"profilo-plathina-75-classica","25":"profilo-prestige-73-tt","26":"profilo-road-520-tt-ce","27":"profilo-road-600-tt-ce","28":"profilo-slim-70-tt","29":"profilo-uah-100-window-bullet-proof","30":"finiture-12512","31":"finiture-12513","32":"finiture-12516","33":"finiture-12521","34":"finiture-12529","35":"finiture-12532","36":"finiture-12534","37":"finiture-12536","38":"finiture-b-ma","39":"finiture-b-sa","40":"finiture-bl10","41":"finiture-br5","42":"finiture-c","43":"finiture-f","44":"finiture-gr217","45":"finiture-grey","46":"finiture-ne","47":"finiture-silv","48":"description-off","50":"first","51":"onbackorder","52":"product-type-variable"},"acf":[],"yoast_head":"<!-- This site is optimized with the Yoast SEO plugin v27.2 - https:\/\/yoast.com\/product\/yoast-seo-wordpress\/ -->\n<title>MECHANICA - 1145.23\/60<\/title>\n<meta name=\"description\" content=\"(pat.) Bisagra de 3 alas\" \/>\n<meta name=\"robots\" content=\"index, follow, max-snippet:-1, max-image-preview:large, max-video-preview:-1\" \/>\n<link rel=\"canonical\" href=\"https:\/\/savio.it\/es\/prodotto\/mechanica-1145-23-60\/\" \/>\n<meta property=\"og:locale\" content=\"es_ES\" \/>\n<meta property=\"og:type\" content=\"article\" \/>\n<meta property=\"og:title\" content=\"MECHANICA - 1145.23\/60\" \/>\n<meta property=\"og:description\" content=\"(pat.) Bisagra de 3 alas\" \/>\n<meta property=\"og:url\" content=\"https:\/\/savio.it\/es\/prodotto\/mechanica-1145-23-60\/\" \/>\n<meta property=\"og:site_name\" content=\"SAVIO\" \/>\n<meta property=\"article:modified_time\" content=\"2024-06-28T15:28:29+00:00\" \/>\n<meta property=\"og:image\" content=\"https:\/\/savio.it\/wp-content\/uploads\/2022\/06\/1145_83.jpg\" \/>\n\t<meta property=\"og:image:width\" content=\"1000\" \/>\n\t<meta property=\"og:image:height\" content=\"1000\" \/>\n\t<meta property=\"og:image:type\" content=\"image\/jpeg\" \/>\n<meta name=\"twitter:card\" content=\"summary_large_image\" \/>\n<meta name=\"twitter:label1\" content=\"Tiempo de lectura\" \/>\n\t<meta name=\"twitter:data1\" content=\"4 minutos\" \/>\n<script type=\"application\/ld+json\" class=\"yoast-schema-graph\">{\"@context\":\"https:\/\/schema.org\",\"@graph\":[{\"@type\":\"WebPage\",\"@id\":\"https:\/\/savio.it\/es\/prodotto\/mechanica-1145-23-60\/\",\"url\":\"https:\/\/savio.it\/es\/prodotto\/mechanica-1145-23-60\/\",\"name\":\"MECHANICA - 1145.23\/60\",\"isPartOf\":{\"@id\":\"https:\/\/savio.it\/es\/#website\"},\"primaryImageOfPage\":{\"@id\":\"https:\/\/savio.it\/es\/prodotto\/mechanica-1145-23-60\/#primaryimage\"},\"image\":{\"@id\":\"https:\/\/savio.it\/es\/prodotto\/mechanica-1145-23-60\/#primaryimage\"},\"thumbnailUrl\":\"https:\/\/savio.it\/wp-content\/uploads\/2022\/06\/1145_83.jpg\",\"datePublished\":\"2021-10-05T10:33:07+00:00\",\"dateModified\":\"2024-06-28T15:28:29+00:00\",\"description\":\"(pat.) Bisagra de 3 alas\",\"breadcrumb\":{\"@id\":\"https:\/\/savio.it\/es\/prodotto\/mechanica-1145-23-60\/#breadcrumb\"},\"inLanguage\":\"es\",\"potentialAction\":[{\"@type\":\"ReadAction\",\"target\":[\"https:\/\/savio.it\/es\/prodotto\/mechanica-1145-23-60\/\"]}]},{\"@type\":\"ImageObject\",\"inLanguage\":\"es\",\"@id\":\"https:\/\/savio.it\/es\/prodotto\/mechanica-1145-23-60\/#primaryimage\",\"url\":\"https:\/\/savio.it\/wp-content\/uploads\/2022\/06\/1145_83.jpg\",\"contentUrl\":\"https:\/\/savio.it\/wp-content\/uploads\/2022\/06\/1145_83.jpg\",\"width\":1000,\"height\":1000},{\"@type\":\"BreadcrumbList\",\"@id\":\"https:\/\/savio.it\/es\/prodotto\/mechanica-1145-23-60\/#breadcrumb\",\"itemListElement\":[{\"@type\":\"ListItem\",\"position\":1,\"name\":\"Home\",\"item\":\"https:\/\/savio.it\/es\/\"},{\"@type\":\"ListItem\",\"position\":2,\"name\":\"Productos\",\"item\":\"https:\/\/savio.it\/es\/prodotti\/\"},{\"@type\":\"ListItem\",\"position\":3,\"name\":\"MECHANICA &#8211; 1145.23\/60\"}]},{\"@type\":\"WebSite\",\"@id\":\"https:\/\/savio.it\/es\/#website\",\"url\":\"https:\/\/savio.it\/es\/\",\"name\":\"SAVIO\",\"description\":\"Open mind for closing system\",\"publisher\":{\"@id\":\"https:\/\/savio.it\/es\/#organization\"},\"potentialAction\":[{\"@type\":\"SearchAction\",\"target\":{\"@type\":\"EntryPoint\",\"urlTemplate\":\"https:\/\/savio.it\/es\/?s={search_term_string}\"},\"query-input\":{\"@type\":\"PropertyValueSpecification\",\"valueRequired\":true,\"valueName\":\"search_term_string\"}}],\"inLanguage\":\"es\"},{\"@type\":\"Organization\",\"@id\":\"https:\/\/savio.it\/es\/#organization\",\"name\":\"SAVIO\",\"url\":\"https:\/\/savio.it\/es\/\",\"logo\":{\"@type\":\"ImageObject\",\"inLanguage\":\"es\",\"@id\":\"https:\/\/savio.it\/es\/#\/schema\/logo\/image\/\",\"url\":\"https:\/\/savio.it\/wp-content\/uploads\/2021\/09\/cropped-Savio-logo.png\",\"contentUrl\":\"https:\/\/savio.it\/wp-content\/uploads\/2021\/09\/cropped-Savio-logo.png\",\"width\":243,\"height\":64,\"caption\":\"SAVIO\"},\"image\":{\"@id\":\"https:\/\/savio.it\/es\/#\/schema\/logo\/image\/\"}}]}<\/script>\n<!-- \/ Yoast SEO plugin. -->","yoast_head_json":{"title":"MECHANICA - 1145.23\/60","description":"(pat.) Bisagra de 3 alas","robots":{"index":"index","follow":"follow","max-snippet":"max-snippet:-1","max-image-preview":"max-image-preview:large","max-video-preview":"max-video-preview:-1"},"canonical":"https:\/\/savio.it\/es\/prodotto\/mechanica-1145-23-60\/","og_locale":"es_ES","og_type":"article","og_title":"MECHANICA - 1145.23\/60","og_description":"(pat.) Bisagra de 3 alas","og_url":"https:\/\/savio.it\/es\/prodotto\/mechanica-1145-23-60\/","og_site_name":"SAVIO","article_modified_time":"2024-06-28T15:28:29+00:00","og_image":[{"width":1000,"height":1000,"url":"https:\/\/savio.it\/wp-content\/uploads\/2022\/06\/1145_83.jpg","type":"image\/jpeg"}],"twitter_card":"summary_large_image","twitter_misc":{"Tiempo de lectura":"4 minutos"},"schema":{"@context":"https:\/\/schema.org","@graph":[{"@type":"WebPage","@id":"https:\/\/savio.it\/es\/prodotto\/mechanica-1145-23-60\/","url":"https:\/\/savio.it\/es\/prodotto\/mechanica-1145-23-60\/","name":"MECHANICA - 1145.23\/60","isPartOf":{"@id":"https:\/\/savio.it\/es\/#website"},"primaryImageOfPage":{"@id":"https:\/\/savio.it\/es\/prodotto\/mechanica-1145-23-60\/#primaryimage"},"image":{"@id":"https:\/\/savio.it\/es\/prodotto\/mechanica-1145-23-60\/#primaryimage"},"thumbnailUrl":"https:\/\/savio.it\/wp-content\/uploads\/2022\/06\/1145_83.jpg","datePublished":"2021-10-05T10:33:07+00:00","dateModified":"2024-06-28T15:28:29+00:00","description":"(pat.) Bisagra de 3 alas","breadcrumb":{"@id":"https:\/\/savio.it\/es\/prodotto\/mechanica-1145-23-60\/#breadcrumb"},"inLanguage":"es","potentialAction":[{"@type":"ReadAction","target":["https:\/\/savio.it\/es\/prodotto\/mechanica-1145-23-60\/"]}]},{"@type":"ImageObject","inLanguage":"es","@id":"https:\/\/savio.it\/es\/prodotto\/mechanica-1145-23-60\/#primaryimage","url":"https:\/\/savio.it\/wp-content\/uploads\/2022\/06\/1145_83.jpg","contentUrl":"https:\/\/savio.it\/wp-content\/uploads\/2022\/06\/1145_83.jpg","width":1000,"height":1000},{"@type":"BreadcrumbList","@id":"https:\/\/savio.it\/es\/prodotto\/mechanica-1145-23-60\/#breadcrumb","itemListElement":[{"@type":"ListItem","position":1,"name":"Home","item":"https:\/\/savio.it\/es\/"},{"@type":"ListItem","position":2,"name":"Productos","item":"https:\/\/savio.it\/es\/prodotti\/"},{"@type":"ListItem","position":3,"name":"MECHANICA &#8211; 1145.23\/60"}]},{"@type":"WebSite","@id":"https:\/\/savio.it\/es\/#website","url":"https:\/\/savio.it\/es\/","name":"SAVIO","description":"Open mind for closing system","publisher":{"@id":"https:\/\/savio.it\/es\/#organization"},"potentialAction":[{"@type":"SearchAction","target":{"@type":"EntryPoint","urlTemplate":"https:\/\/savio.it\/es\/?s={search_term_string}"},"query-input":{"@type":"PropertyValueSpecification","valueRequired":true,"valueName":"search_term_string"}}],"inLanguage":"es"},{"@type":"Organization","@id":"https:\/\/savio.it\/es\/#organization","name":"SAVIO","url":"https:\/\/savio.it\/es\/","logo":{"@type":"ImageObject","inLanguage":"es","@id":"https:\/\/savio.it\/es\/#\/schema\/logo\/image\/","url":"https:\/\/savio.it\/wp-content\/uploads\/2021\/09\/cropped-Savio-logo.png","contentUrl":"https:\/\/savio.it\/wp-content\/uploads\/2021\/09\/cropped-Savio-logo.png","width":243,"height":64,"caption":"SAVIO"},"image":{"@id":"https:\/\/savio.it\/es\/#\/schema\/logo\/image\/"}}]}},"uagb_featured_image_src":{"full":["https:\/\/savio.it\/wp-content\/uploads\/2022\/06\/1145_83.jpg",1000,1000,false],"thumbnail":["https:\/\/savio.it\/wp-content\/uploads\/2022\/06\/1145_83-150x150.jpg",150,150,true],"medium":["https:\/\/savio.it\/wp-content\/uploads\/2022\/06\/1145_83-300x300.jpg",300,300,true],"medium_large":["https:\/\/savio.it\/wp-content\/uploads\/2022\/06\/1145_83-768x768.jpg",768,768,true],"large":["https:\/\/savio.it\/wp-content\/uploads\/2022\/06\/1145_83.jpg",1000,1000,false],"gs-tiny":["https:\/\/savio.it\/wp-content\/uploads\/2022\/06\/1145_83.jpg",50,50,false],"xl":["https:\/\/savio.it\/wp-content\/uploads\/2022\/06\/1145_83.jpg",1000,1000,false],"xxl":["https:\/\/savio.it\/wp-content\/uploads\/2022\/06\/1145_83.jpg",1000,1000,false],"xxxl":["https:\/\/savio.it\/wp-content\/uploads\/2022\/06\/1145_83.jpg",1000,1000,false],"xxxxl":["https:\/\/savio.it\/wp-content\/uploads\/2022\/06\/1145_83.jpg",1000,1000,false],"xxxxxl":["https:\/\/savio.it\/wp-content\/uploads\/2022\/06\/1145_83.jpg",1000,1000,false],"1536x1536":["https:\/\/savio.it\/wp-content\/uploads\/2022\/06\/1145_83.jpg",1000,1000,false],"2048x2048":["https:\/\/savio.it\/wp-content\/uploads\/2022\/06\/1145_83.jpg",1000,1000,false],"woocommerce_thumbnail":["https:\/\/savio.it\/wp-content\/uploads\/2022\/06\/1145_83-300x300.jpg",300,300,true],"woocommerce_single":["https:\/\/savio.it\/wp-content\/uploads\/2022\/06\/1145_83-600x600.jpg",600,600,true],"woocommerce_gallery_thumbnail":["https:\/\/savio.it\/wp-content\/uploads\/2022\/06\/1145_83-200x200.jpg",200,200,true]},"uagb_author_info":{"display_name":"admin_news","author_link":"https:\/\/savio.it\/es\/author\/"},"uagb_comment_info":0,"uagb_excerpt":"(pat.) Bisagra de 3 alas","_links":{"self":[{"href":"https:\/\/savio.it\/es\/wp-json\/wp\/v2\/product\/34112","targetHints":{"allow":["GET"]}}],"collection":[{"href":"https:\/\/savio.it\/es\/wp-json\/wp\/v2\/product"}],"about":[{"href":"https:\/\/savio.it\/es\/wp-json\/wp\/v2\/types\/product"}],"replies":[{"embeddable":true,"href":"https:\/\/savio.it\/es\/wp-json\/wp\/v2\/comments?post=34112"}],"wp:featuredmedia":[{"embeddable":true,"href":"https:\/\/savio.it\/es\/wp-json\/wp\/v2\/media\/139048"}],"wp:attachment":[{"href":"https:\/\/savio.it\/es\/wp-json\/wp\/v2\/media?parent=34112"}],"wp:term":[{"taxonomy":"product_brand","embeddable":true,"href":"https:\/\/savio.it\/es\/wp-json\/wp\/v2\/product_brand?post=34112"},{"taxonomy":"product_cat","embeddable":true,"href":"https:\/\/savio.it\/es\/wp-json\/wp\/v2\/product_cat?post=34112"},{"taxonomy":"product_tag","embeddable":true,"href":"https:\/\/savio.it\/es\/wp-json\/wp\/v2\/product_tag?post=34112"},{"taxonomy":"profilo","embeddable":true,"href":"https:\/\/savio.it\/es\/wp-json\/wp\/v2\/profilo?post=34112"},{"taxonomy":"finiture","embeddable":true,"href":"https:\/\/savio.it\/es\/wp-json\/wp\/v2\/finiture?post=34112"},{"taxonomy":"gruppo_anta","embeddable":true,"href":"https:\/\/savio.it\/es\/wp-json\/wp\/v2\/gruppo_anta?post=34112"}],"curies":[{"name":"wp","href":"https:\/\/api.w.org\/{rel}","templated":true}]}}