{"id":34204,"date":"2021-09-30T12:37:25","date_gmt":"2021-10-05T10:34:24","guid":{"rendered":"https:\/\/savio.ne-ws.it\/prodotto\/mechanica-1146-62-5\/"},"modified":"2024-06-28T15:25:48","modified_gmt":"2024-06-28T15:25:48","slug":"mechanica-1146-62-5","status":"publish","type":"product","link":"https:\/\/savio.it\/es\/prodotto\/mechanica-1146-62-5\/","title":{"rendered":"MECHANICA &#8211; 1146\/62.5"},"content":{"rendered":"<p>(patentado) Bisagra regulable de 2 alas en aluminio, entre-eje 62.5 mm, centro de rotaci\u00f3n de 20 mm, sin resalte, 1 pernio \u00d8 11 mm en acero inox, premontado sobre el casquillo reductor con geometr\u00eda a leva en zamac lacado negro, 2 pletinas de cobertura en aluminio, 2 tapones en nylon, 1 casquillo autolubrificante en nylon y 1 prisionero de regulaci\u00f3n de zamac. Soporte: 2 bisagras 160 Kg, 3 bisagras 180 Kg.<\/p>\n","protected":false},"excerpt":{"rendered":"<p>(pat.) Bisagra de 2 alas<\/p>\n","protected":false},"featured_media":16444,"comment_status":"closed","ping_status":"closed","template":"","meta":{"_acf_changed":false,"_uag_custom_page_level_css":""},"product_brand":[],"product_cat":[12585,12637],"product_tag":[13131],"profilo":[12431,11995,11996,12018,12040,12408,12158,12393,12395,12402,12403,12065,12104,12113,12105,12134,12121,12136,12115,12123,12124,12111,12125,12126,12116,12139,12141,12388,12389,12240,12241,12242,12243,12268,12253,12445,12451,12461,12464,12456,12458,12346,12332,12323,12333,12347,12349,12324,12334,12345,12325,12335,12348,12350,11984,11985,11980,11982,12415,12418,12417,12423,12425,12427,12429,12413,12006,12095,12008,12019,12102,12020,12035,12037,12034,12066,11963,11967,11959,11964,12152,12153,12164,12166,12154,12155,12159,12156,12180,12157,12182,12160,12470,12468,12469,12247,12254,12255,12249,12256,12186,12187,12189,12193,12196,12204,12198,12205,12218,12225,12220,12231,12206,12217,12207,12201,12208,12209,12235,12236,12017,12270,12289,12278,12271,12288,12295,12279,12272,12280,12308,12309,12310,12273,12281,12329,12330,12331,11970,11968,11972,11974,12170,12172,12175,12177,12176,12178,12179,12085,11988,11990,11991,11993,12372,12373,12376,12375,12380,12377,12381,12378,12374,12021,12022,12023,12086,12371,12356,12368,12210,12051,12052,12045,12047,12046,12048,12053,12054,12070,12071,12073,12078,12074,12079,12075,12076,12081,12419,12420,12484,12246,12257,12435,12436,12274,12303,12276,12304,12306,12293,12299,12294,12297,12307,12311,12313,12314],"finiture":[12512,12513,12515,12523,12527,12528,12529,12530,12531,12532,12534,12536,12543,12545,12549,12552,12556,12562,12565,12575,12582,12583],"gruppo_anta":[],"class_list":{"0":"post-34204","1":"product","2":"type-product","3":"status-publish","4":"has-post-thumbnail","6":"product_cat-cerniere-cerniere-pesanti-e-cerniere-per-vasistas","7":"product_cat-mechanica","8":"product_tag-updated-es","9":"profilo-12431","10":"profilo-alfil-a54rpt","11":"profilo-alfil-a65rpt","12":"profilo-all-co-5-porte","13":"profilo-allco-tec-72","14":"profilo-allu-sistemi","15":"profilo-alpha-blitz-2000","16":"profilo-atlantis-45","17":"profilo-atlantis-55-tt","18":"profilo-atlantis-55-tt-porte","19":"profilo-atlantis-68-tt-porte","20":"profilo-bga-50-porte","21":"profilo-domal-break-pa-52","22":"profilo-domal-break-pa-52-porte","23":"profilo-domal-break-pa-52-raggiato","24":"profilo-domal-bright-pa-70-s","25":"profilo-domal-bright-pa-70-s-porte","26":"profilo-domal-extratermic-62","27":"profilo-domal-shops","28":"profilo-domal-spider-60","29":"profilo-domal-spider-l60-style","30":"profilo-domal-stopper-pg","31":"profilo-domal-stopper-pg-63","32":"profilo-domal-stopper-pg-63-porte","33":"profilo-domal-stopper-pg-porte","34":"profilo-domal-top-tb-65","35":"profilo-domal-top-tb-65-porte","36":"profilo-ecowin-th-62","37":"profilo-ecowin-th-72","38":"profilo-ekip-40-complanare","39":"profilo-ekip-40-sormonto","40":"profilo-ekip-50-complanare","41":"profilo-ekip-50-sormonto","42":"profilo-ekip-th-73-porte","43":"profilo-ekip-thermo-53-porte","44":"profilo-ekos-50-th","45":"profilo-ekos-66-th","46":"profilo-ekos-68-thr","47":"profilo-ekos-85-th","48":"profilo-ekos-minimall-54-th","49":"profilo-ekos-minimall-62-thj","50":"profilo-eku-52-tt","51":"profilo-eku-53-porte","52":"profilo-eku-53-tt","53":"profilo-eku-53-tt-porte","54":"profilo-eku-62-tt","55":"profilo-eku-62-tt-porte","56":"profilo-eku-64-tt","57":"profilo-eku-64-tt-porte","58":"profilo-eku-66-tt","59":"profilo-eku-72-tt","60":"profilo-eku-72-tt-porte","61":"profilo-eku-78-tt","62":"profilo-eku-78-tt-porte","63":"profilo-esedra-doors-56","64":"profilo-esedra-doors-56-tt","65":"profilo-esedra-ga-53","66":"profilo-esedra-tt-63","67":"profilo-et-43-sormonto","68":"profilo-et-45-porte","69":"profilo-et-45-sormonto","70":"profilo-et-58-2-tt","71":"profilo-et-67-3-tt","72":"profilo-et-68-2-tt","73":"profilo-et-75-3-tt","74":"profilo-etnall","75":"profilo-export-45","76":"profilo-export-45-t","77":"profilo-export-45-tt","78":"profilo-export-50-porte","79":"profilo-export-50-t-porte","80":"profilo-export-50-tt-porte","81":"profilo-export-51-tt","82":"profilo-export-51-tt-porte","83":"profilo-export-68-tt","84":"profilo-extrablind-70-porte","85":"profilo-global-50-tt","86":"profilo-global-50-tt-porte","87":"profilo-global-70-tt","88":"profilo-global-78-blindato","89":"profilo-gold-400","90":"profilo-gold-400-raggiato","91":"profilo-gold-450","92":"profilo-gold-450-tt","93":"profilo-gold-490-tt","94":"profilo-gold-500","95":"profilo-gold-500-porte","96":"profilo-gold-500-raggiato","97":"profilo-gold-502-hc","98":"profilo-gold-600","99":"profilo-gold-600-hc","100":"profilo-gold-600-porte","101":"profilo-hf-580","102":"profilo-hp-600","103":"profilo-hp-700","104":"profilo-maastricht-53","105":"profilo-maastricht-53-porte","106":"profilo-maastricht-th-60-porte","107":"profilo-maastricht-th-68","108":"profilo-maastricht-th-68-porte","109":"profilo-mx-50","110":"profilo-mx-70","111":"profilo-mx-70-porte","112":"profilo-nc-40-n-complanare","113":"profilo-nc-45-int","114":"profilo-nc-45-int-porte","115":"profilo-nc-45-sth","116":"profilo-nc-45-sth-porte","117":"profilo-nc-50-i","118":"profilo-nc-50-i-porte","119":"profilo-nc-50-sth","120":"profilo-nc-50-sth-porte","121":"profilo-nc-55-int-porte","122":"profilo-nc-58-mediterraneo-sormonto","123":"profilo-nc-65-sth-porte","124":"profilo-nc-68-sth","125":"profilo-nc-68-sth-porte","126":"profilo-nc-72-sth-porte","127":"profilo-nc-75-sth","128":"profilo-nc-75-sthi","129":"profilo-new-age","130":"profilo-new-tec-50","131":"profilo-new-tec-50-classic","132":"profilo-new-tec-50-porte","133":"profilo-new-tec-52-tt","134":"profilo-new-tec-52-tt-classic","135":"profilo-new-tec-52-tt-classic-porte","136":"profilo-new-tec-52-tt-porte","137":"profilo-new-tec-60-tt","138":"profilo-new-tec-60-tt-porte","139":"profilo-new-tec-65","140":"profilo-new-tec-65-classic","141":"profilo-new-tec-65-porte","142":"profilo-new-tec-68-tt","143":"profilo-new-tec-68-tt-porte","144":"profilo-pe-50","145":"profilo-pe-58-tt-complanare","146":"profilo-pe-58-tt-sormonto","147":"profilo-planet-45","148":"profilo-planet-50-tt","149":"profilo-planet-62-tt","150":"profilo-planet-72-ht","151":"profilo-plathina-60-classica","152":"profilo-plathina-60-flat-classica","153":"profilo-plathina-69-classica","154":"profilo-plathina-69-flat-classica","155":"profilo-plathina-69-porte","156":"profilo-plathina-75-classica","157":"profilo-plathina-75-porte","158":"profilo-prestige-73-tt","159":"profilo-r-40","160":"profilo-r-50","161":"profilo-r-50-tt-barra-cont","162":"profilo-r-62-tt","163":"profilo-road-520-tt-ce","164":"profilo-road-600-tt-ce","165":"profilo-royal-s-50-n-porte","166":"profilo-royal-s-50-porte","167":"profilo-royal-s-65-ak-porte","168":"profilo-royal-s-65-porte","169":"profilo-royal-s-70-f-porte","170":"profilo-royal-s-70-hi-porte","171":"profilo-schuco-international","172":"profilo-sicurblind-65-complanare","173":"profilo-sicurblind-65-sormonto","174":"profilo-sicurblind-90","175":"profilo-slim-70-tt","176":"profilo-start-470-tt-porte","177":"profilo-start-510","178":"profilo-start-510-porte","179":"profilo-superblindo-porte","180":"profilo-synthesis-52","181":"profilo-synthesis-52-tt","182":"profilo-synthesis-57","183":"profilo-synthesis-57-porte","184":"profilo-synthesis-60-tt","185":"profilo-synthesis-60-tt-porte","186":"profilo-synthesis-68-tt","187":"profilo-synthesis-68-tt-porte","188":"profilo-tecno-50","189":"profilo-tecno-50-porte","190":"profilo-tecno-50-tt","191":"profilo-tecno-50-tt-porte","192":"profilo-tecno-60-tt","193":"profilo-tecno-60-tt-porte","194":"profilo-tecno-68-tt","195":"profilo-tecno-70-blindo","196":"profilo-tecno-76-tt","197":"profilo-tt-50","198":"profilo-tt-50-porte","199":"profilo-uah-100-window-bullet-proof","200":"profilo-venice-th16","201":"profilo-venice-th16-porte","202":"profilo-vuerre-53-tt","203":"profilo-vuerre-70-tt","204":"profilo-windstop-45","205":"profilo-windstop-45-porte","206":"profilo-windstop-45-tt","207":"profilo-windstop-45-tt-classic","208":"profilo-windstop-45-tt-porte","209":"profilo-windstop-55-tt","210":"profilo-windstop-55-tt-classic","211":"profilo-windstop-55-tt-porte","212":"profilo-windstop-65-tt","213":"profilo-windstop-65-tt-porte","214":"profilo-windstop-73-tt","215":"profilo-ws-65-thi","216":"profilo-ws-75-thi","217":"finiture-12512","218":"finiture-12513","219":"finiture-12515","220":"finiture-12523","221":"finiture-12527","222":"finiture-12528","223":"finiture-12529","224":"finiture-12530","225":"finiture-12531","226":"finiture-12532","227":"finiture-12534","228":"finiture-12536","229":"finiture-b-sa","230":"finiture-bl10","231":"finiture-br5","232":"finiture-c","233":"finiture-f","234":"finiture-hl","235":"finiture-ne","236":"finiture-silv","237":"finiture-xsd","238":"finiture-ze","239":"description-off","241":"first","242":"onbackorder","243":"product-type-variable"},"acf":[],"yoast_head":"<!-- This site is optimized with the Yoast SEO plugin v27.2 - https:\/\/yoast.com\/product\/yoast-seo-wordpress\/ -->\n<title>MECHANICA - 1146\/62.5<\/title>\n<meta name=\"description\" content=\"(pat.) Bisagra de 2 alas\" \/>\n<meta name=\"robots\" content=\"index, follow, max-snippet:-1, max-image-preview:large, max-video-preview:-1\" \/>\n<link rel=\"canonical\" href=\"https:\/\/savio.it\/es\/prodotto\/mechanica-1146-62-5\/\" \/>\n<meta property=\"og:locale\" content=\"es_ES\" \/>\n<meta property=\"og:type\" content=\"article\" \/>\n<meta property=\"og:title\" content=\"MECHANICA - 1146\/62.5\" \/>\n<meta property=\"og:description\" content=\"(pat.) Bisagra de 2 alas\" \/>\n<meta property=\"og:url\" content=\"https:\/\/savio.it\/es\/prodotto\/mechanica-1146-62-5\/\" \/>\n<meta property=\"og:site_name\" content=\"SAVIO\" \/>\n<meta property=\"article:modified_time\" content=\"2024-06-28T15:25:48+00:00\" \/>\n<meta property=\"og:image\" content=\"https:\/\/savio.it\/wp-content\/uploads\/2021\/09\/1146-14.jpg\" \/>\n\t<meta property=\"og:image:width\" content=\"229\" \/>\n\t<meta property=\"og:image:height\" content=\"229\" \/>\n\t<meta property=\"og:image:type\" content=\"image\/jpeg\" \/>\n<meta name=\"twitter:card\" content=\"summary_large_image\" \/>\n<meta name=\"twitter:label1\" content=\"Tiempo de lectura\" \/>\n\t<meta name=\"twitter:data1\" content=\"4 minutos\" \/>\n<script type=\"application\/ld+json\" class=\"yoast-schema-graph\">{\"@context\":\"https:\/\/schema.org\",\"@graph\":[{\"@type\":\"WebPage\",\"@id\":\"https:\/\/savio.it\/es\/prodotto\/mechanica-1146-62-5\/\",\"url\":\"https:\/\/savio.it\/es\/prodotto\/mechanica-1146-62-5\/\",\"name\":\"MECHANICA - 1146\/62.5\",\"isPartOf\":{\"@id\":\"https:\/\/savio.it\/es\/#website\"},\"primaryImageOfPage\":{\"@id\":\"https:\/\/savio.it\/es\/prodotto\/mechanica-1146-62-5\/#primaryimage\"},\"image\":{\"@id\":\"https:\/\/savio.it\/es\/prodotto\/mechanica-1146-62-5\/#primaryimage\"},\"thumbnailUrl\":\"https:\/\/savio.it\/wp-content\/uploads\/2021\/09\/1146-14.jpg\",\"datePublished\":\"2021-10-05T10:34:24+00:00\",\"dateModified\":\"2024-06-28T15:25:48+00:00\",\"description\":\"(pat.) Bisagra de 2 alas\",\"breadcrumb\":{\"@id\":\"https:\/\/savio.it\/es\/prodotto\/mechanica-1146-62-5\/#breadcrumb\"},\"inLanguage\":\"es\",\"potentialAction\":[{\"@type\":\"ReadAction\",\"target\":[\"https:\/\/savio.it\/es\/prodotto\/mechanica-1146-62-5\/\"]}]},{\"@type\":\"ImageObject\",\"inLanguage\":\"es\",\"@id\":\"https:\/\/savio.it\/es\/prodotto\/mechanica-1146-62-5\/#primaryimage\",\"url\":\"https:\/\/savio.it\/wp-content\/uploads\/2021\/09\/1146-14.jpg\",\"contentUrl\":\"https:\/\/savio.it\/wp-content\/uploads\/2021\/09\/1146-14.jpg\",\"width\":229,\"height\":229},{\"@type\":\"BreadcrumbList\",\"@id\":\"https:\/\/savio.it\/es\/prodotto\/mechanica-1146-62-5\/#breadcrumb\",\"itemListElement\":[{\"@type\":\"ListItem\",\"position\":1,\"name\":\"Home\",\"item\":\"https:\/\/savio.it\/es\/\"},{\"@type\":\"ListItem\",\"position\":2,\"name\":\"Productos\",\"item\":\"https:\/\/savio.it\/es\/prodotti\/\"},{\"@type\":\"ListItem\",\"position\":3,\"name\":\"MECHANICA &#8211; 1146\/62.5\"}]},{\"@type\":\"WebSite\",\"@id\":\"https:\/\/savio.it\/es\/#website\",\"url\":\"https:\/\/savio.it\/es\/\",\"name\":\"SAVIO\",\"description\":\"Open mind for closing system\",\"publisher\":{\"@id\":\"https:\/\/savio.it\/es\/#organization\"},\"potentialAction\":[{\"@type\":\"SearchAction\",\"target\":{\"@type\":\"EntryPoint\",\"urlTemplate\":\"https:\/\/savio.it\/es\/?s={search_term_string}\"},\"query-input\":{\"@type\":\"PropertyValueSpecification\",\"valueRequired\":true,\"valueName\":\"search_term_string\"}}],\"inLanguage\":\"es\"},{\"@type\":\"Organization\",\"@id\":\"https:\/\/savio.it\/es\/#organization\",\"name\":\"SAVIO\",\"url\":\"https:\/\/savio.it\/es\/\",\"logo\":{\"@type\":\"ImageObject\",\"inLanguage\":\"es\",\"@id\":\"https:\/\/savio.it\/es\/#\/schema\/logo\/image\/\",\"url\":\"https:\/\/savio.it\/wp-content\/uploads\/2021\/09\/cropped-Savio-logo.png\",\"contentUrl\":\"https:\/\/savio.it\/wp-content\/uploads\/2021\/09\/cropped-Savio-logo.png\",\"width\":243,\"height\":64,\"caption\":\"SAVIO\"},\"image\":{\"@id\":\"https:\/\/savio.it\/es\/#\/schema\/logo\/image\/\"}}]}<\/script>\n<!-- \/ Yoast SEO plugin. -->","yoast_head_json":{"title":"MECHANICA - 1146\/62.5","description":"(pat.) Bisagra de 2 alas","robots":{"index":"index","follow":"follow","max-snippet":"max-snippet:-1","max-image-preview":"max-image-preview:large","max-video-preview":"max-video-preview:-1"},"canonical":"https:\/\/savio.it\/es\/prodotto\/mechanica-1146-62-5\/","og_locale":"es_ES","og_type":"article","og_title":"MECHANICA - 1146\/62.5","og_description":"(pat.) Bisagra de 2 alas","og_url":"https:\/\/savio.it\/es\/prodotto\/mechanica-1146-62-5\/","og_site_name":"SAVIO","article_modified_time":"2024-06-28T15:25:48+00:00","og_image":[{"width":229,"height":229,"url":"https:\/\/savio.it\/wp-content\/uploads\/2021\/09\/1146-14.jpg","type":"image\/jpeg"}],"twitter_card":"summary_large_image","twitter_misc":{"Tiempo de lectura":"4 minutos"},"schema":{"@context":"https:\/\/schema.org","@graph":[{"@type":"WebPage","@id":"https:\/\/savio.it\/es\/prodotto\/mechanica-1146-62-5\/","url":"https:\/\/savio.it\/es\/prodotto\/mechanica-1146-62-5\/","name":"MECHANICA - 1146\/62.5","isPartOf":{"@id":"https:\/\/savio.it\/es\/#website"},"primaryImageOfPage":{"@id":"https:\/\/savio.it\/es\/prodotto\/mechanica-1146-62-5\/#primaryimage"},"image":{"@id":"https:\/\/savio.it\/es\/prodotto\/mechanica-1146-62-5\/#primaryimage"},"thumbnailUrl":"https:\/\/savio.it\/wp-content\/uploads\/2021\/09\/1146-14.jpg","datePublished":"2021-10-05T10:34:24+00:00","dateModified":"2024-06-28T15:25:48+00:00","description":"(pat.) Bisagra de 2 alas","breadcrumb":{"@id":"https:\/\/savio.it\/es\/prodotto\/mechanica-1146-62-5\/#breadcrumb"},"inLanguage":"es","potentialAction":[{"@type":"ReadAction","target":["https:\/\/savio.it\/es\/prodotto\/mechanica-1146-62-5\/"]}]},{"@type":"ImageObject","inLanguage":"es","@id":"https:\/\/savio.it\/es\/prodotto\/mechanica-1146-62-5\/#primaryimage","url":"https:\/\/savio.it\/wp-content\/uploads\/2021\/09\/1146-14.jpg","contentUrl":"https:\/\/savio.it\/wp-content\/uploads\/2021\/09\/1146-14.jpg","width":229,"height":229},{"@type":"BreadcrumbList","@id":"https:\/\/savio.it\/es\/prodotto\/mechanica-1146-62-5\/#breadcrumb","itemListElement":[{"@type":"ListItem","position":1,"name":"Home","item":"https:\/\/savio.it\/es\/"},{"@type":"ListItem","position":2,"name":"Productos","item":"https:\/\/savio.it\/es\/prodotti\/"},{"@type":"ListItem","position":3,"name":"MECHANICA &#8211; 1146\/62.5"}]},{"@type":"WebSite","@id":"https:\/\/savio.it\/es\/#website","url":"https:\/\/savio.it\/es\/","name":"SAVIO","description":"Open mind for closing system","publisher":{"@id":"https:\/\/savio.it\/es\/#organization"},"potentialAction":[{"@type":"SearchAction","target":{"@type":"EntryPoint","urlTemplate":"https:\/\/savio.it\/es\/?s={search_term_string}"},"query-input":{"@type":"PropertyValueSpecification","valueRequired":true,"valueName":"search_term_string"}}],"inLanguage":"es"},{"@type":"Organization","@id":"https:\/\/savio.it\/es\/#organization","name":"SAVIO","url":"https:\/\/savio.it\/es\/","logo":{"@type":"ImageObject","inLanguage":"es","@id":"https:\/\/savio.it\/es\/#\/schema\/logo\/image\/","url":"https:\/\/savio.it\/wp-content\/uploads\/2021\/09\/cropped-Savio-logo.png","contentUrl":"https:\/\/savio.it\/wp-content\/uploads\/2021\/09\/cropped-Savio-logo.png","width":243,"height":64,"caption":"SAVIO"},"image":{"@id":"https:\/\/savio.it\/es\/#\/schema\/logo\/image\/"}}]}},"uagb_featured_image_src":{"full":["https:\/\/savio.it\/wp-content\/uploads\/2021\/09\/1146-14.jpg",229,229,false],"thumbnail":["https:\/\/savio.it\/wp-content\/uploads\/2021\/09\/1146-14-150x150.jpg",150,150,true],"medium":["https:\/\/savio.it\/wp-content\/uploads\/2021\/09\/1146-14.jpg",229,229,false],"medium_large":["https:\/\/savio.it\/wp-content\/uploads\/2021\/09\/1146-14.jpg",229,229,false],"large":["https:\/\/savio.it\/wp-content\/uploads\/2021\/09\/1146-14.jpg",229,229,false],"gs-tiny":["https:\/\/savio.it\/wp-content\/uploads\/2021\/09\/1146-14-50x50.jpg",50,50,true],"xl":["https:\/\/savio.it\/wp-content\/uploads\/2021\/09\/1146-14.jpg",229,229,false],"xxl":["https:\/\/savio.it\/wp-content\/uploads\/2021\/09\/1146-14.jpg",229,229,false],"xxxl":["https:\/\/savio.it\/wp-content\/uploads\/2021\/09\/1146-14.jpg",229,229,false],"xxxxl":["https:\/\/savio.it\/wp-content\/uploads\/2021\/09\/1146-14.jpg",229,229,false],"xxxxxl":["https:\/\/savio.it\/wp-content\/uploads\/2021\/09\/1146-14.jpg",229,229,false],"1536x1536":["https:\/\/savio.it\/wp-content\/uploads\/2021\/09\/1146-14.jpg",229,229,false],"2048x2048":["https:\/\/savio.it\/wp-content\/uploads\/2021\/09\/1146-14.jpg",229,229,false],"woocommerce_thumbnail":["https:\/\/savio.it\/wp-content\/uploads\/2021\/09\/1146-14.jpg",229,229,false],"woocommerce_single":["https:\/\/savio.it\/wp-content\/uploads\/2021\/09\/1146-14.jpg",229,229,false],"woocommerce_gallery_thumbnail":["https:\/\/savio.it\/wp-content\/uploads\/2021\/09\/1146-14-200x200.jpg",200,200,true]},"uagb_author_info":{"display_name":"admin_news","author_link":"https:\/\/savio.it\/es\/author\/"},"uagb_comment_info":0,"uagb_excerpt":"(pat.) Bisagra de 2 alas","_links":{"self":[{"href":"https:\/\/savio.it\/es\/wp-json\/wp\/v2\/product\/34204","targetHints":{"allow":["GET"]}}],"collection":[{"href":"https:\/\/savio.it\/es\/wp-json\/wp\/v2\/product"}],"about":[{"href":"https:\/\/savio.it\/es\/wp-json\/wp\/v2\/types\/product"}],"replies":[{"embeddable":true,"href":"https:\/\/savio.it\/es\/wp-json\/wp\/v2\/comments?post=34204"}],"wp:featuredmedia":[{"embeddable":true,"href":"https:\/\/savio.it\/es\/wp-json\/wp\/v2\/media\/16444"}],"wp:attachment":[{"href":"https:\/\/savio.it\/es\/wp-json\/wp\/v2\/media?parent=34204"}],"wp:term":[{"taxonomy":"product_brand","embeddable":true,"href":"https:\/\/savio.it\/es\/wp-json\/wp\/v2\/product_brand?post=34204"},{"taxonomy":"product_cat","embeddable":true,"href":"https:\/\/savio.it\/es\/wp-json\/wp\/v2\/product_cat?post=34204"},{"taxonomy":"product_tag","embeddable":true,"href":"https:\/\/savio.it\/es\/wp-json\/wp\/v2\/product_tag?post=34204"},{"taxonomy":"profilo","embeddable":true,"href":"https:\/\/savio.it\/es\/wp-json\/wp\/v2\/profilo?post=34204"},{"taxonomy":"finiture","embeddable":true,"href":"https:\/\/savio.it\/es\/wp-json\/wp\/v2\/finiture?post=34204"},{"taxonomy":"gruppo_anta","embeddable":true,"href":"https:\/\/savio.it\/es\/wp-json\/wp\/v2\/gruppo_anta?post=34204"}],"curies":[{"name":"wp","href":"https:\/\/api.w.org\/{rel}","templated":true}]}}