{"id":34226,"date":"2021-09-30T12:37:40","date_gmt":"2021-10-05T10:34:43","guid":{"rendered":"https:\/\/savio.ne-ws.it\/prodotto\/mechanica-1146-13-62-5\/"},"modified":"2024-06-28T15:23:58","modified_gmt":"2024-06-28T15:23:58","slug":"mechanica-1146-13-62-5","status":"publish","type":"product","link":"https:\/\/savio.it\/es\/prodotto\/mechanica-1146-13-62-5\/","title":{"rendered":"MECHANICA &#8211; 1146.13\/62.5"},"content":{"rendered":"<p>(patentado) Bisagra regulable de 3 alas en aluminio, entre-eje 62.5 mm, centro de rotaci\u00f3n de 36 mm, sin resalte, 1 pernio \u00d8 11 mm en acero inox, premontado sobre el casquillo reductor con geometr\u00eda a leva en zamac lacado negro, 3 pletinas de cobertura en aluminio, 2 tapones en nylon, 2 casquillos autolubrificantes en nylon, 1 prisionero de regulaci\u00f3n de zamac, 1 separador para pletinas en nylon y 1 anillo de compensaci\u00f3n. Soporte: 2 bisagras 160 Kg, 3 bisagras 180 Kg.<\/p>\n","protected":false},"excerpt":{"rendered":"<p>(pat.) Bisagra de 3 alas<\/p>\n","protected":false},"featured_media":138625,"comment_status":"closed","ping_status":"closed","template":"","meta":{"_acf_changed":false,"_uag_custom_page_level_css":""},"product_brand":[],"product_cat":[12585,12637],"product_tag":[13131],"profilo":[12431,11995,11996,12018,12040,12408,12158,12393,12395,12402,12398,12403,12065,12104,12113,12105,12134,12121,12136,12115,12123,12124,12111,12125,12126,12116,12139,12141,12388,12389,12240,12241,12242,12243,12268,12253,12445,12451,12461,12464,12456,12458,12346,12332,12323,12333,12347,12349,12324,12334,12345,12325,12335,12348,12350,11984,11985,11980,11982,12415,12418,12417,12423,12425,12427,12429,12413,12006,12095,12008,12019,12102,12020,12035,12037,12034,12039,12066,11963,11967,11959,11964,12152,12153,12164,12166,12154,12155,12159,12156,12180,12157,12182,12160,12470,12468,12469,12247,12254,12255,12249,12256,12186,12187,12189,12193,12194,12196,12204,12198,12205,12218,12225,12220,12231,12206,12217,12207,12201,12208,12209,12235,12236,12017,12270,12289,12278,12271,12288,12295,12279,12272,12280,12308,12309,12310,12273,12281,12329,12330,12331,11970,11968,11972,11974,12170,12172,12175,12177,12176,12178,12179,12085,11988,11990,11991,11993,12372,12373,12376,12375,12380,12377,12381,12378,12374,12021,12022,12023,12086,12371,12356,12368,12210,12051,12052,12045,12047,12046,12048,12053,12054,12070,12071,12073,12078,12074,12079,12075,12076,12081,12419,12420,12484,12246,12257,12435,12436,12274,12303,12276,12304,12306,12293,12299,12294,12297,12307,12311,12313,12314],"finiture":[12512,12532,12534,12552,12556,12565,12575,12582,12583],"gruppo_anta":[],"class_list":{"0":"post-34226","1":"product","2":"type-product","3":"status-publish","4":"has-post-thumbnail","6":"product_cat-cerniere-cerniere-pesanti-e-cerniere-per-vasistas","7":"product_cat-mechanica","8":"product_tag-updated-es","9":"profilo-12431","10":"profilo-alfil-a54rpt","11":"profilo-alfil-a65rpt","12":"profilo-all-co-5-porte","13":"profilo-allco-tec-72","14":"profilo-allu-sistemi","15":"profilo-alpha-blitz-2000","16":"profilo-atlantis-45","17":"profilo-atlantis-55-tt","18":"profilo-atlantis-55-tt-porte","19":"profilo-atlantis-68-tt","20":"profilo-atlantis-68-tt-porte","21":"profilo-bga-50-porte","22":"profilo-domal-break-pa-52","23":"profilo-domal-break-pa-52-porte","24":"profilo-domal-break-pa-52-raggiato","25":"profilo-domal-bright-pa-70-s","26":"profilo-domal-bright-pa-70-s-porte","27":"profilo-domal-extratermic-62","28":"profilo-domal-shops","29":"profilo-domal-spider-60","30":"profilo-domal-spider-l60-style","31":"profilo-domal-stopper-pg","32":"profilo-domal-stopper-pg-63","33":"profilo-domal-stopper-pg-63-porte","34":"profilo-domal-stopper-pg-porte","35":"profilo-domal-top-tb-65","36":"profilo-domal-top-tb-65-porte","37":"profilo-ecowin-th-62","38":"profilo-ecowin-th-72","39":"profilo-ekip-40-complanare","40":"profilo-ekip-40-sormonto","41":"profilo-ekip-50-complanare","42":"profilo-ekip-50-sormonto","43":"profilo-ekip-th-73-porte","44":"profilo-ekip-thermo-53-porte","45":"profilo-ekos-50-th","46":"profilo-ekos-66-th","47":"profilo-ekos-68-thr","48":"profilo-ekos-85-th","49":"profilo-ekos-minimall-54-th","50":"profilo-ekos-minimall-62-thj","51":"profilo-eku-52-tt","52":"profilo-eku-53-porte","53":"profilo-eku-53-tt","54":"profilo-eku-53-tt-porte","55":"profilo-eku-62-tt","56":"profilo-eku-62-tt-porte","57":"profilo-eku-64-tt","58":"profilo-eku-64-tt-porte","59":"profilo-eku-66-tt","60":"profilo-eku-72-tt","61":"profilo-eku-72-tt-porte","62":"profilo-eku-78-tt","63":"profilo-eku-78-tt-porte","64":"profilo-esedra-doors-56","65":"profilo-esedra-doors-56-tt","66":"profilo-esedra-ga-53","67":"profilo-esedra-tt-63","68":"profilo-et-43-sormonto","69":"profilo-et-45-porte","70":"profilo-et-45-sormonto","71":"profilo-et-58-2-tt","72":"profilo-et-67-3-tt","73":"profilo-et-68-2-tt","74":"profilo-et-75-3-tt","75":"profilo-etnall","76":"profilo-export-45","77":"profilo-export-45-t","78":"profilo-export-45-tt","79":"profilo-export-50-porte","80":"profilo-export-50-t-porte","81":"profilo-export-50-tt-porte","82":"profilo-export-51-tt","83":"profilo-export-51-tt-porte","84":"profilo-export-68-tt","85":"profilo-export-68-tt-porte","86":"profilo-extrablind-70-porte","87":"profilo-global-50-tt","88":"profilo-global-50-tt-porte","89":"profilo-global-70-tt","90":"profilo-global-78-blindato","91":"profilo-gold-400","92":"profilo-gold-400-raggiato","93":"profilo-gold-450","94":"profilo-gold-450-tt","95":"profilo-gold-490-tt","96":"profilo-gold-500","97":"profilo-gold-500-porte","98":"profilo-gold-500-raggiato","99":"profilo-gold-502-hc","100":"profilo-gold-600","101":"profilo-gold-600-hc","102":"profilo-gold-600-porte","103":"profilo-hf-580","104":"profilo-hp-600","105":"profilo-hp-700","106":"profilo-maastricht-53","107":"profilo-maastricht-53-porte","108":"profilo-maastricht-th-60-porte","109":"profilo-maastricht-th-68","110":"profilo-maastricht-th-68-porte","111":"profilo-mx-50","112":"profilo-mx-70","113":"profilo-mx-70-porte","114":"profilo-nc-40-n-complanare","115":"profilo-nc-40-n-sormonto","116":"profilo-nc-45-int","117":"profilo-nc-45-int-porte","118":"profilo-nc-45-sth","119":"profilo-nc-45-sth-porte","120":"profilo-nc-50-i","121":"profilo-nc-50-i-porte","122":"profilo-nc-50-sth","123":"profilo-nc-50-sth-porte","124":"profilo-nc-55-int-porte","125":"profilo-nc-58-mediterraneo-sormonto","126":"profilo-nc-65-sth-porte","127":"profilo-nc-68-sth","128":"profilo-nc-68-sth-porte","129":"profilo-nc-72-sth-porte","130":"profilo-nc-75-sth","131":"profilo-nc-75-sthi","132":"profilo-new-age","133":"profilo-new-tec-50","134":"profilo-new-tec-50-classic","135":"profilo-new-tec-50-porte","136":"profilo-new-tec-52-tt","137":"profilo-new-tec-52-tt-classic","138":"profilo-new-tec-52-tt-classic-porte","139":"profilo-new-tec-52-tt-porte","140":"profilo-new-tec-60-tt","141":"profilo-new-tec-60-tt-porte","142":"profilo-new-tec-65","143":"profilo-new-tec-65-classic","144":"profilo-new-tec-65-porte","145":"profilo-new-tec-68-tt","146":"profilo-new-tec-68-tt-porte","147":"profilo-pe-50","148":"profilo-pe-58-tt-complanare","149":"profilo-pe-58-tt-sormonto","150":"profilo-planet-45","151":"profilo-planet-50-tt","152":"profilo-planet-62-tt","153":"profilo-planet-72-ht","154":"profilo-plathina-60-classica","155":"profilo-plathina-60-flat-classica","156":"profilo-plathina-69-classica","157":"profilo-plathina-69-flat-classica","158":"profilo-plathina-69-porte","159":"profilo-plathina-75-classica","160":"profilo-plathina-75-porte","161":"profilo-prestige-73-tt","162":"profilo-r-40","163":"profilo-r-50","164":"profilo-r-50-tt-barra-cont","165":"profilo-r-62-tt","166":"profilo-road-520-tt-ce","167":"profilo-road-600-tt-ce","168":"profilo-royal-s-50-n-porte","169":"profilo-royal-s-50-porte","170":"profilo-royal-s-65-ak-porte","171":"profilo-royal-s-65-porte","172":"profilo-royal-s-70-f-porte","173":"profilo-royal-s-70-hi-porte","174":"profilo-schuco-international","175":"profilo-sicurblind-65-complanare","176":"profilo-sicurblind-65-sormonto","177":"profilo-sicurblind-90","178":"profilo-slim-70-tt","179":"profilo-start-470-tt-porte","180":"profilo-start-510","181":"profilo-start-510-porte","182":"profilo-superblindo-porte","183":"profilo-synthesis-52","184":"profilo-synthesis-52-tt","185":"profilo-synthesis-57","186":"profilo-synthesis-57-porte","187":"profilo-synthesis-60-tt","188":"profilo-synthesis-60-tt-porte","189":"profilo-synthesis-68-tt","190":"profilo-synthesis-68-tt-porte","191":"profilo-tecno-50","192":"profilo-tecno-50-porte","193":"profilo-tecno-50-tt","194":"profilo-tecno-50-tt-porte","195":"profilo-tecno-60-tt","196":"profilo-tecno-60-tt-porte","197":"profilo-tecno-68-tt","198":"profilo-tecno-70-blindo","199":"profilo-tecno-76-tt","200":"profilo-tt-50","201":"profilo-tt-50-porte","202":"profilo-uah-100-window-bullet-proof","203":"profilo-venice-th16","204":"profilo-venice-th16-porte","205":"profilo-vuerre-53-tt","206":"profilo-vuerre-70-tt","207":"profilo-windstop-45","208":"profilo-windstop-45-porte","209":"profilo-windstop-45-tt","210":"profilo-windstop-45-tt-classic","211":"profilo-windstop-45-tt-porte","212":"profilo-windstop-55-tt","213":"profilo-windstop-55-tt-classic","214":"profilo-windstop-55-tt-porte","215":"profilo-windstop-65-tt","216":"profilo-windstop-65-tt-porte","217":"profilo-windstop-73-tt","218":"profilo-ws-65-thi","219":"profilo-ws-75-thi","220":"finiture-12512","221":"finiture-12532","222":"finiture-12534","223":"finiture-c","224":"finiture-f","225":"finiture-ne","226":"finiture-silv","227":"finiture-xsd","228":"finiture-ze","229":"description-off","231":"first","232":"instock","233":"product-type-simple"},"acf":[],"yoast_head":"<!-- This site is optimized with the Yoast SEO plugin v27.2 - https:\/\/yoast.com\/product\/yoast-seo-wordpress\/ -->\n<title>MECHANICA - 1146.13\/62.5<\/title>\n<meta name=\"description\" content=\"(pat.) Bisagra de 3 alas\" \/>\n<meta name=\"robots\" content=\"index, follow, max-snippet:-1, max-image-preview:large, max-video-preview:-1\" \/>\n<link rel=\"canonical\" href=\"https:\/\/savio.it\/es\/prodotto\/mechanica-1146-13-62-5\/\" \/>\n<meta property=\"og:locale\" content=\"es_ES\" \/>\n<meta property=\"og:type\" content=\"article\" \/>\n<meta property=\"og:title\" content=\"MECHANICA - 1146.13\/62.5\" \/>\n<meta property=\"og:description\" content=\"(pat.) Bisagra de 3 alas\" \/>\n<meta property=\"og:url\" content=\"https:\/\/savio.it\/es\/prodotto\/mechanica-1146-13-62-5\/\" \/>\n<meta property=\"og:site_name\" content=\"SAVIO\" \/>\n<meta property=\"article:modified_time\" content=\"2024-06-28T15:23:58+00:00\" \/>\n<meta property=\"og:image\" content=\"https:\/\/savio.it\/wp-content\/uploads\/2022\/06\/1146_3.jpg\" \/>\n\t<meta property=\"og:image:width\" content=\"1000\" \/>\n\t<meta property=\"og:image:height\" content=\"1000\" \/>\n\t<meta property=\"og:image:type\" content=\"image\/jpeg\" \/>\n<meta name=\"twitter:card\" content=\"summary_large_image\" \/>\n<meta name=\"twitter:label1\" content=\"Tiempo de lectura\" \/>\n\t<meta name=\"twitter:data1\" content=\"4 minutos\" \/>\n<script type=\"application\/ld+json\" class=\"yoast-schema-graph\">{\"@context\":\"https:\/\/schema.org\",\"@graph\":[{\"@type\":\"WebPage\",\"@id\":\"https:\/\/savio.it\/es\/prodotto\/mechanica-1146-13-62-5\/\",\"url\":\"https:\/\/savio.it\/es\/prodotto\/mechanica-1146-13-62-5\/\",\"name\":\"MECHANICA - 1146.13\/62.5\",\"isPartOf\":{\"@id\":\"https:\/\/savio.it\/es\/#website\"},\"primaryImageOfPage\":{\"@id\":\"https:\/\/savio.it\/es\/prodotto\/mechanica-1146-13-62-5\/#primaryimage\"},\"image\":{\"@id\":\"https:\/\/savio.it\/es\/prodotto\/mechanica-1146-13-62-5\/#primaryimage\"},\"thumbnailUrl\":\"https:\/\/savio.it\/wp-content\/uploads\/2022\/06\/1146_3.jpg\",\"datePublished\":\"2021-10-05T10:34:43+00:00\",\"dateModified\":\"2024-06-28T15:23:58+00:00\",\"description\":\"(pat.) Bisagra de 3 alas\",\"breadcrumb\":{\"@id\":\"https:\/\/savio.it\/es\/prodotto\/mechanica-1146-13-62-5\/#breadcrumb\"},\"inLanguage\":\"es\",\"potentialAction\":[{\"@type\":\"ReadAction\",\"target\":[\"https:\/\/savio.it\/es\/prodotto\/mechanica-1146-13-62-5\/\"]}]},{\"@type\":\"ImageObject\",\"inLanguage\":\"es\",\"@id\":\"https:\/\/savio.it\/es\/prodotto\/mechanica-1146-13-62-5\/#primaryimage\",\"url\":\"https:\/\/savio.it\/wp-content\/uploads\/2022\/06\/1146_3.jpg\",\"contentUrl\":\"https:\/\/savio.it\/wp-content\/uploads\/2022\/06\/1146_3.jpg\",\"width\":1000,\"height\":1000},{\"@type\":\"BreadcrumbList\",\"@id\":\"https:\/\/savio.it\/es\/prodotto\/mechanica-1146-13-62-5\/#breadcrumb\",\"itemListElement\":[{\"@type\":\"ListItem\",\"position\":1,\"name\":\"Home\",\"item\":\"https:\/\/savio.it\/es\/\"},{\"@type\":\"ListItem\",\"position\":2,\"name\":\"Productos\",\"item\":\"https:\/\/savio.it\/es\/prodotti\/\"},{\"@type\":\"ListItem\",\"position\":3,\"name\":\"MECHANICA &#8211; 1146.13\/62.5\"}]},{\"@type\":\"WebSite\",\"@id\":\"https:\/\/savio.it\/es\/#website\",\"url\":\"https:\/\/savio.it\/es\/\",\"name\":\"SAVIO\",\"description\":\"Open mind for closing system\",\"publisher\":{\"@id\":\"https:\/\/savio.it\/es\/#organization\"},\"potentialAction\":[{\"@type\":\"SearchAction\",\"target\":{\"@type\":\"EntryPoint\",\"urlTemplate\":\"https:\/\/savio.it\/es\/?s={search_term_string}\"},\"query-input\":{\"@type\":\"PropertyValueSpecification\",\"valueRequired\":true,\"valueName\":\"search_term_string\"}}],\"inLanguage\":\"es\"},{\"@type\":\"Organization\",\"@id\":\"https:\/\/savio.it\/es\/#organization\",\"name\":\"SAVIO\",\"url\":\"https:\/\/savio.it\/es\/\",\"logo\":{\"@type\":\"ImageObject\",\"inLanguage\":\"es\",\"@id\":\"https:\/\/savio.it\/es\/#\/schema\/logo\/image\/\",\"url\":\"https:\/\/savio.it\/wp-content\/uploads\/2021\/09\/cropped-Savio-logo.png\",\"contentUrl\":\"https:\/\/savio.it\/wp-content\/uploads\/2021\/09\/cropped-Savio-logo.png\",\"width\":243,\"height\":64,\"caption\":\"SAVIO\"},\"image\":{\"@id\":\"https:\/\/savio.it\/es\/#\/schema\/logo\/image\/\"}}]}<\/script>\n<!-- \/ Yoast SEO plugin. -->","yoast_head_json":{"title":"MECHANICA - 1146.13\/62.5","description":"(pat.) Bisagra de 3 alas","robots":{"index":"index","follow":"follow","max-snippet":"max-snippet:-1","max-image-preview":"max-image-preview:large","max-video-preview":"max-video-preview:-1"},"canonical":"https:\/\/savio.it\/es\/prodotto\/mechanica-1146-13-62-5\/","og_locale":"es_ES","og_type":"article","og_title":"MECHANICA - 1146.13\/62.5","og_description":"(pat.) Bisagra de 3 alas","og_url":"https:\/\/savio.it\/es\/prodotto\/mechanica-1146-13-62-5\/","og_site_name":"SAVIO","article_modified_time":"2024-06-28T15:23:58+00:00","og_image":[{"width":1000,"height":1000,"url":"https:\/\/savio.it\/wp-content\/uploads\/2022\/06\/1146_3.jpg","type":"image\/jpeg"}],"twitter_card":"summary_large_image","twitter_misc":{"Tiempo de lectura":"4 minutos"},"schema":{"@context":"https:\/\/schema.org","@graph":[{"@type":"WebPage","@id":"https:\/\/savio.it\/es\/prodotto\/mechanica-1146-13-62-5\/","url":"https:\/\/savio.it\/es\/prodotto\/mechanica-1146-13-62-5\/","name":"MECHANICA - 1146.13\/62.5","isPartOf":{"@id":"https:\/\/savio.it\/es\/#website"},"primaryImageOfPage":{"@id":"https:\/\/savio.it\/es\/prodotto\/mechanica-1146-13-62-5\/#primaryimage"},"image":{"@id":"https:\/\/savio.it\/es\/prodotto\/mechanica-1146-13-62-5\/#primaryimage"},"thumbnailUrl":"https:\/\/savio.it\/wp-content\/uploads\/2022\/06\/1146_3.jpg","datePublished":"2021-10-05T10:34:43+00:00","dateModified":"2024-06-28T15:23:58+00:00","description":"(pat.) Bisagra de 3 alas","breadcrumb":{"@id":"https:\/\/savio.it\/es\/prodotto\/mechanica-1146-13-62-5\/#breadcrumb"},"inLanguage":"es","potentialAction":[{"@type":"ReadAction","target":["https:\/\/savio.it\/es\/prodotto\/mechanica-1146-13-62-5\/"]}]},{"@type":"ImageObject","inLanguage":"es","@id":"https:\/\/savio.it\/es\/prodotto\/mechanica-1146-13-62-5\/#primaryimage","url":"https:\/\/savio.it\/wp-content\/uploads\/2022\/06\/1146_3.jpg","contentUrl":"https:\/\/savio.it\/wp-content\/uploads\/2022\/06\/1146_3.jpg","width":1000,"height":1000},{"@type":"BreadcrumbList","@id":"https:\/\/savio.it\/es\/prodotto\/mechanica-1146-13-62-5\/#breadcrumb","itemListElement":[{"@type":"ListItem","position":1,"name":"Home","item":"https:\/\/savio.it\/es\/"},{"@type":"ListItem","position":2,"name":"Productos","item":"https:\/\/savio.it\/es\/prodotti\/"},{"@type":"ListItem","position":3,"name":"MECHANICA &#8211; 1146.13\/62.5"}]},{"@type":"WebSite","@id":"https:\/\/savio.it\/es\/#website","url":"https:\/\/savio.it\/es\/","name":"SAVIO","description":"Open mind for closing system","publisher":{"@id":"https:\/\/savio.it\/es\/#organization"},"potentialAction":[{"@type":"SearchAction","target":{"@type":"EntryPoint","urlTemplate":"https:\/\/savio.it\/es\/?s={search_term_string}"},"query-input":{"@type":"PropertyValueSpecification","valueRequired":true,"valueName":"search_term_string"}}],"inLanguage":"es"},{"@type":"Organization","@id":"https:\/\/savio.it\/es\/#organization","name":"SAVIO","url":"https:\/\/savio.it\/es\/","logo":{"@type":"ImageObject","inLanguage":"es","@id":"https:\/\/savio.it\/es\/#\/schema\/logo\/image\/","url":"https:\/\/savio.it\/wp-content\/uploads\/2021\/09\/cropped-Savio-logo.png","contentUrl":"https:\/\/savio.it\/wp-content\/uploads\/2021\/09\/cropped-Savio-logo.png","width":243,"height":64,"caption":"SAVIO"},"image":{"@id":"https:\/\/savio.it\/es\/#\/schema\/logo\/image\/"}}]}},"uagb_featured_image_src":{"full":["https:\/\/savio.it\/wp-content\/uploads\/2022\/06\/1146_3.jpg",1000,1000,false],"thumbnail":["https:\/\/savio.it\/wp-content\/uploads\/2022\/06\/1146_3-150x150.jpg",150,150,true],"medium":["https:\/\/savio.it\/wp-content\/uploads\/2022\/06\/1146_3-300x300.jpg",300,300,true],"medium_large":["https:\/\/savio.it\/wp-content\/uploads\/2022\/06\/1146_3-768x768.jpg",768,768,true],"large":["https:\/\/savio.it\/wp-content\/uploads\/2022\/06\/1146_3.jpg",1000,1000,false],"gs-tiny":["https:\/\/savio.it\/wp-content\/uploads\/2022\/06\/1146_3.jpg",50,50,false],"xl":["https:\/\/savio.it\/wp-content\/uploads\/2022\/06\/1146_3.jpg",1000,1000,false],"xxl":["https:\/\/savio.it\/wp-content\/uploads\/2022\/06\/1146_3.jpg",1000,1000,false],"xxxl":["https:\/\/savio.it\/wp-content\/uploads\/2022\/06\/1146_3.jpg",1000,1000,false],"xxxxl":["https:\/\/savio.it\/wp-content\/uploads\/2022\/06\/1146_3.jpg",1000,1000,false],"xxxxxl":["https:\/\/savio.it\/wp-content\/uploads\/2022\/06\/1146_3.jpg",1000,1000,false],"1536x1536":["https:\/\/savio.it\/wp-content\/uploads\/2022\/06\/1146_3.jpg",1000,1000,false],"2048x2048":["https:\/\/savio.it\/wp-content\/uploads\/2022\/06\/1146_3.jpg",1000,1000,false],"woocommerce_thumbnail":["https:\/\/savio.it\/wp-content\/uploads\/2022\/06\/1146_3-300x300.jpg",300,300,true],"woocommerce_single":["https:\/\/savio.it\/wp-content\/uploads\/2022\/06\/1146_3-600x600.jpg",600,600,true],"woocommerce_gallery_thumbnail":["https:\/\/savio.it\/wp-content\/uploads\/2022\/06\/1146_3-200x200.jpg",200,200,true]},"uagb_author_info":{"display_name":"admin_news","author_link":"https:\/\/savio.it\/es\/author\/"},"uagb_comment_info":0,"uagb_excerpt":"(pat.) Bisagra de 3 alas","_links":{"self":[{"href":"https:\/\/savio.it\/es\/wp-json\/wp\/v2\/product\/34226","targetHints":{"allow":["GET"]}}],"collection":[{"href":"https:\/\/savio.it\/es\/wp-json\/wp\/v2\/product"}],"about":[{"href":"https:\/\/savio.it\/es\/wp-json\/wp\/v2\/types\/product"}],"replies":[{"embeddable":true,"href":"https:\/\/savio.it\/es\/wp-json\/wp\/v2\/comments?post=34226"}],"wp:featuredmedia":[{"embeddable":true,"href":"https:\/\/savio.it\/es\/wp-json\/wp\/v2\/media\/138625"}],"wp:attachment":[{"href":"https:\/\/savio.it\/es\/wp-json\/wp\/v2\/media?parent=34226"}],"wp:term":[{"taxonomy":"product_brand","embeddable":true,"href":"https:\/\/savio.it\/es\/wp-json\/wp\/v2\/product_brand?post=34226"},{"taxonomy":"product_cat","embeddable":true,"href":"https:\/\/savio.it\/es\/wp-json\/wp\/v2\/product_cat?post=34226"},{"taxonomy":"product_tag","embeddable":true,"href":"https:\/\/savio.it\/es\/wp-json\/wp\/v2\/product_tag?post=34226"},{"taxonomy":"profilo","embeddable":true,"href":"https:\/\/savio.it\/es\/wp-json\/wp\/v2\/profilo?post=34226"},{"taxonomy":"finiture","embeddable":true,"href":"https:\/\/savio.it\/es\/wp-json\/wp\/v2\/finiture?post=34226"},{"taxonomy":"gruppo_anta","embeddable":true,"href":"https:\/\/savio.it\/es\/wp-json\/wp\/v2\/gruppo_anta?post=34226"}],"curies":[{"name":"wp","href":"https:\/\/api.w.org\/{rel}","templated":true}]}}