{"id":34232,"date":"2021-09-30T12:37:57","date_gmt":"2021-10-05T10:34:52","guid":{"rendered":"https:\/\/savio.ne-ws.it\/prodotto\/mechanica-axial-1148-2\/"},"modified":"2024-07-01T07:39:02","modified_gmt":"2024-07-01T07:39:02","slug":"mechanica-axial-1148-2","status":"publish","type":"product","link":"https:\/\/savio.it\/es\/prodotto\/mechanica-axial-1148-2\/","title":{"rendered":"MECHANICA AXIAL &#8211; 1148.2"},"content":{"rendered":"<p>(patentado) Bisagra regulable para canal puerta de 2 alas en aluminio, de enganche por el canal, con ajuste microm\u00e9trico inferior para alinear los dos cuerpos de la bisagra en caso de cualquier anomal\u00eda, centro de rotaci\u00f3n de 15.5 mm, 2 contraplacas dentadas, 4 tornillos con cabeza cil\u00edndrica allen enrasada M6x16 y 1 prisionero M5x6 en acero inox, 1 pernio \u00d8 9  mm en acero inox premontado sobre el casquillo reductor con geometr\u00eda a leva en zamac lacado negro, 2 tapones en nylon, 1 casquillo autolubrificante en nylon y 1 prisionero de regulaci\u00f3n en zamac. Soporte: 2 bisagras 80 Kg, 3 bisagras 100 Kg.<\/p>\n","protected":false},"excerpt":{"rendered":"<p>(pat.) Bisagra de 2 alas de enganchar en luz<\/p>\n","protected":false},"featured_media":110712,"comment_status":"closed","ping_status":"closed","template":"","meta":{"_acf_changed":false,"_uag_custom_page_level_css":""},"product_brand":[],"product_cat":[12585,12638],"product_tag":[13131],"profilo":[11984,11985,12368],"finiture":[12513,12529,12532,12534,12536,12543,12552,12556,12562,12565,12569,12570,12575,12582],"gruppo_anta":[],"class_list":{"0":"post-34232","1":"product","2":"type-product","3":"status-publish","4":"has-post-thumbnail","6":"product_cat-cerniere-cerniere-pesanti-e-cerniere-per-vasistas","7":"product_cat-mechanica-axial","8":"product_tag-updated-es","9":"profilo-esedra-doors-56","10":"profilo-esedra-doors-56-tt","11":"profilo-start-510-porte","12":"finiture-12513","13":"finiture-12529","14":"finiture-12532","15":"finiture-12534","16":"finiture-12536","17":"finiture-b-sa","18":"finiture-c","19":"finiture-f","20":"finiture-hl","21":"finiture-ne","22":"finiture-pvd-h","23":"finiture-pvd-x","24":"finiture-silv","25":"finiture-xsd","26":"description-off","28":"first","29":"onbackorder","30":"product-type-variable"},"acf":[],"yoast_head":"<!-- This site is optimized with the Yoast SEO plugin v27.2 - https:\/\/yoast.com\/product\/yoast-seo-wordpress\/ -->\n<title>MECHANICA AXIAL - 1148.2<\/title>\n<meta name=\"description\" content=\"(pat.) Bisagra de 2 alas de enganchar en luz\" \/>\n<meta name=\"robots\" content=\"index, follow, max-snippet:-1, max-image-preview:large, max-video-preview:-1\" \/>\n<link rel=\"canonical\" href=\"https:\/\/savio.it\/es\/prodotto\/mechanica-axial-1148-2\/\" \/>\n<meta property=\"og:locale\" content=\"es_ES\" \/>\n<meta property=\"og:type\" content=\"article\" \/>\n<meta property=\"og:title\" content=\"MECHANICA AXIAL - 1148.2\" \/>\n<meta property=\"og:description\" content=\"(pat.) Bisagra de 2 alas de enganchar en luz\" \/>\n<meta property=\"og:url\" content=\"https:\/\/savio.it\/es\/prodotto\/mechanica-axial-1148-2\/\" \/>\n<meta property=\"og:site_name\" content=\"SAVIO\" \/>\n<meta property=\"article:modified_time\" content=\"2024-07-01T07:39:02+00:00\" \/>\n<meta property=\"og:image\" content=\"https:\/\/savio.it\/wp-content\/uploads\/2022\/06\/1148_2.jpg\" \/>\n\t<meta property=\"og:image:width\" content=\"1000\" \/>\n\t<meta property=\"og:image:height\" content=\"1000\" \/>\n\t<meta property=\"og:image:type\" content=\"image\/jpeg\" \/>\n<meta name=\"twitter:card\" content=\"summary_large_image\" \/>\n<meta name=\"twitter:label1\" content=\"Tiempo de lectura\" \/>\n\t<meta name=\"twitter:data1\" content=\"4 minutos\" \/>\n<script type=\"application\/ld+json\" class=\"yoast-schema-graph\">{\"@context\":\"https:\/\/schema.org\",\"@graph\":[{\"@type\":\"WebPage\",\"@id\":\"https:\/\/savio.it\/es\/prodotto\/mechanica-axial-1148-2\/\",\"url\":\"https:\/\/savio.it\/es\/prodotto\/mechanica-axial-1148-2\/\",\"name\":\"MECHANICA AXIAL - 1148.2\",\"isPartOf\":{\"@id\":\"https:\/\/savio.it\/es\/#website\"},\"primaryImageOfPage\":{\"@id\":\"https:\/\/savio.it\/es\/prodotto\/mechanica-axial-1148-2\/#primaryimage\"},\"image\":{\"@id\":\"https:\/\/savio.it\/es\/prodotto\/mechanica-axial-1148-2\/#primaryimage\"},\"thumbnailUrl\":\"https:\/\/savio.it\/wp-content\/uploads\/2022\/06\/1148_2.jpg\",\"datePublished\":\"2021-10-05T10:34:52+00:00\",\"dateModified\":\"2024-07-01T07:39:02+00:00\",\"description\":\"(pat.) Bisagra de 2 alas de enganchar en luz\",\"breadcrumb\":{\"@id\":\"https:\/\/savio.it\/es\/prodotto\/mechanica-axial-1148-2\/#breadcrumb\"},\"inLanguage\":\"es\",\"potentialAction\":[{\"@type\":\"ReadAction\",\"target\":[\"https:\/\/savio.it\/es\/prodotto\/mechanica-axial-1148-2\/\"]}]},{\"@type\":\"ImageObject\",\"inLanguage\":\"es\",\"@id\":\"https:\/\/savio.it\/es\/prodotto\/mechanica-axial-1148-2\/#primaryimage\",\"url\":\"https:\/\/savio.it\/wp-content\/uploads\/2022\/06\/1148_2.jpg\",\"contentUrl\":\"https:\/\/savio.it\/wp-content\/uploads\/2022\/06\/1148_2.jpg\",\"width\":1000,\"height\":1000},{\"@type\":\"BreadcrumbList\",\"@id\":\"https:\/\/savio.it\/es\/prodotto\/mechanica-axial-1148-2\/#breadcrumb\",\"itemListElement\":[{\"@type\":\"ListItem\",\"position\":1,\"name\":\"Home\",\"item\":\"https:\/\/savio.it\/es\/\"},{\"@type\":\"ListItem\",\"position\":2,\"name\":\"Productos\",\"item\":\"https:\/\/savio.it\/es\/prodotti\/\"},{\"@type\":\"ListItem\",\"position\":3,\"name\":\"MECHANICA AXIAL &#8211; 1148.2\"}]},{\"@type\":\"WebSite\",\"@id\":\"https:\/\/savio.it\/es\/#website\",\"url\":\"https:\/\/savio.it\/es\/\",\"name\":\"SAVIO\",\"description\":\"Open mind for closing system\",\"publisher\":{\"@id\":\"https:\/\/savio.it\/es\/#organization\"},\"potentialAction\":[{\"@type\":\"SearchAction\",\"target\":{\"@type\":\"EntryPoint\",\"urlTemplate\":\"https:\/\/savio.it\/es\/?s={search_term_string}\"},\"query-input\":{\"@type\":\"PropertyValueSpecification\",\"valueRequired\":true,\"valueName\":\"search_term_string\"}}],\"inLanguage\":\"es\"},{\"@type\":\"Organization\",\"@id\":\"https:\/\/savio.it\/es\/#organization\",\"name\":\"SAVIO\",\"url\":\"https:\/\/savio.it\/es\/\",\"logo\":{\"@type\":\"ImageObject\",\"inLanguage\":\"es\",\"@id\":\"https:\/\/savio.it\/es\/#\/schema\/logo\/image\/\",\"url\":\"https:\/\/savio.it\/wp-content\/uploads\/2021\/09\/cropped-Savio-logo.png\",\"contentUrl\":\"https:\/\/savio.it\/wp-content\/uploads\/2021\/09\/cropped-Savio-logo.png\",\"width\":243,\"height\":64,\"caption\":\"SAVIO\"},\"image\":{\"@id\":\"https:\/\/savio.it\/es\/#\/schema\/logo\/image\/\"}}]}<\/script>\n<!-- \/ Yoast SEO plugin. -->","yoast_head_json":{"title":"MECHANICA AXIAL - 1148.2","description":"(pat.) Bisagra de 2 alas de enganchar en luz","robots":{"index":"index","follow":"follow","max-snippet":"max-snippet:-1","max-image-preview":"max-image-preview:large","max-video-preview":"max-video-preview:-1"},"canonical":"https:\/\/savio.it\/es\/prodotto\/mechanica-axial-1148-2\/","og_locale":"es_ES","og_type":"article","og_title":"MECHANICA AXIAL - 1148.2","og_description":"(pat.) Bisagra de 2 alas de enganchar en luz","og_url":"https:\/\/savio.it\/es\/prodotto\/mechanica-axial-1148-2\/","og_site_name":"SAVIO","article_modified_time":"2024-07-01T07:39:02+00:00","og_image":[{"width":1000,"height":1000,"url":"https:\/\/savio.it\/wp-content\/uploads\/2022\/06\/1148_2.jpg","type":"image\/jpeg"}],"twitter_card":"summary_large_image","twitter_misc":{"Tiempo de lectura":"4 minutos"},"schema":{"@context":"https:\/\/schema.org","@graph":[{"@type":"WebPage","@id":"https:\/\/savio.it\/es\/prodotto\/mechanica-axial-1148-2\/","url":"https:\/\/savio.it\/es\/prodotto\/mechanica-axial-1148-2\/","name":"MECHANICA AXIAL - 1148.2","isPartOf":{"@id":"https:\/\/savio.it\/es\/#website"},"primaryImageOfPage":{"@id":"https:\/\/savio.it\/es\/prodotto\/mechanica-axial-1148-2\/#primaryimage"},"image":{"@id":"https:\/\/savio.it\/es\/prodotto\/mechanica-axial-1148-2\/#primaryimage"},"thumbnailUrl":"https:\/\/savio.it\/wp-content\/uploads\/2022\/06\/1148_2.jpg","datePublished":"2021-10-05T10:34:52+00:00","dateModified":"2024-07-01T07:39:02+00:00","description":"(pat.) Bisagra de 2 alas de enganchar en luz","breadcrumb":{"@id":"https:\/\/savio.it\/es\/prodotto\/mechanica-axial-1148-2\/#breadcrumb"},"inLanguage":"es","potentialAction":[{"@type":"ReadAction","target":["https:\/\/savio.it\/es\/prodotto\/mechanica-axial-1148-2\/"]}]},{"@type":"ImageObject","inLanguage":"es","@id":"https:\/\/savio.it\/es\/prodotto\/mechanica-axial-1148-2\/#primaryimage","url":"https:\/\/savio.it\/wp-content\/uploads\/2022\/06\/1148_2.jpg","contentUrl":"https:\/\/savio.it\/wp-content\/uploads\/2022\/06\/1148_2.jpg","width":1000,"height":1000},{"@type":"BreadcrumbList","@id":"https:\/\/savio.it\/es\/prodotto\/mechanica-axial-1148-2\/#breadcrumb","itemListElement":[{"@type":"ListItem","position":1,"name":"Home","item":"https:\/\/savio.it\/es\/"},{"@type":"ListItem","position":2,"name":"Productos","item":"https:\/\/savio.it\/es\/prodotti\/"},{"@type":"ListItem","position":3,"name":"MECHANICA AXIAL &#8211; 1148.2"}]},{"@type":"WebSite","@id":"https:\/\/savio.it\/es\/#website","url":"https:\/\/savio.it\/es\/","name":"SAVIO","description":"Open mind for closing system","publisher":{"@id":"https:\/\/savio.it\/es\/#organization"},"potentialAction":[{"@type":"SearchAction","target":{"@type":"EntryPoint","urlTemplate":"https:\/\/savio.it\/es\/?s={search_term_string}"},"query-input":{"@type":"PropertyValueSpecification","valueRequired":true,"valueName":"search_term_string"}}],"inLanguage":"es"},{"@type":"Organization","@id":"https:\/\/savio.it\/es\/#organization","name":"SAVIO","url":"https:\/\/savio.it\/es\/","logo":{"@type":"ImageObject","inLanguage":"es","@id":"https:\/\/savio.it\/es\/#\/schema\/logo\/image\/","url":"https:\/\/savio.it\/wp-content\/uploads\/2021\/09\/cropped-Savio-logo.png","contentUrl":"https:\/\/savio.it\/wp-content\/uploads\/2021\/09\/cropped-Savio-logo.png","width":243,"height":64,"caption":"SAVIO"},"image":{"@id":"https:\/\/savio.it\/es\/#\/schema\/logo\/image\/"}}]}},"uagb_featured_image_src":{"full":["https:\/\/savio.it\/wp-content\/uploads\/2022\/06\/1148_2.jpg",1000,1000,false],"thumbnail":["https:\/\/savio.it\/wp-content\/uploads\/2022\/06\/1148_2-150x150.jpg",150,150,true],"medium":["https:\/\/savio.it\/wp-content\/uploads\/2022\/06\/1148_2-300x300.jpg",300,300,true],"medium_large":["https:\/\/savio.it\/wp-content\/uploads\/2022\/06\/1148_2-768x768.jpg",768,768,true],"large":["https:\/\/savio.it\/wp-content\/uploads\/2022\/06\/1148_2.jpg",1000,1000,false],"gs-tiny":["https:\/\/savio.it\/wp-content\/uploads\/2022\/06\/1148_2.jpg",50,50,false],"xl":["https:\/\/savio.it\/wp-content\/uploads\/2022\/06\/1148_2.jpg",1000,1000,false],"xxl":["https:\/\/savio.it\/wp-content\/uploads\/2022\/06\/1148_2.jpg",1000,1000,false],"xxxl":["https:\/\/savio.it\/wp-content\/uploads\/2022\/06\/1148_2.jpg",1000,1000,false],"xxxxl":["https:\/\/savio.it\/wp-content\/uploads\/2022\/06\/1148_2.jpg",1000,1000,false],"xxxxxl":["https:\/\/savio.it\/wp-content\/uploads\/2022\/06\/1148_2.jpg",1000,1000,false],"1536x1536":["https:\/\/savio.it\/wp-content\/uploads\/2022\/06\/1148_2.jpg",1000,1000,false],"2048x2048":["https:\/\/savio.it\/wp-content\/uploads\/2022\/06\/1148_2.jpg",1000,1000,false],"woocommerce_thumbnail":["https:\/\/savio.it\/wp-content\/uploads\/2022\/06\/1148_2-300x300.jpg",300,300,true],"woocommerce_single":["https:\/\/savio.it\/wp-content\/uploads\/2022\/06\/1148_2-600x600.jpg",600,600,true],"woocommerce_gallery_thumbnail":["https:\/\/savio.it\/wp-content\/uploads\/2022\/06\/1148_2-200x200.jpg",200,200,true]},"uagb_author_info":{"display_name":"admin_news","author_link":"https:\/\/savio.it\/es\/author\/"},"uagb_comment_info":0,"uagb_excerpt":"(pat.) Bisagra de 2 alas de enganchar en luz","_links":{"self":[{"href":"https:\/\/savio.it\/es\/wp-json\/wp\/v2\/product\/34232","targetHints":{"allow":["GET"]}}],"collection":[{"href":"https:\/\/savio.it\/es\/wp-json\/wp\/v2\/product"}],"about":[{"href":"https:\/\/savio.it\/es\/wp-json\/wp\/v2\/types\/product"}],"replies":[{"embeddable":true,"href":"https:\/\/savio.it\/es\/wp-json\/wp\/v2\/comments?post=34232"}],"wp:featuredmedia":[{"embeddable":true,"href":"https:\/\/savio.it\/es\/wp-json\/wp\/v2\/media\/110712"}],"wp:attachment":[{"href":"https:\/\/savio.it\/es\/wp-json\/wp\/v2\/media?parent=34232"}],"wp:term":[{"taxonomy":"product_brand","embeddable":true,"href":"https:\/\/savio.it\/es\/wp-json\/wp\/v2\/product_brand?post=34232"},{"taxonomy":"product_cat","embeddable":true,"href":"https:\/\/savio.it\/es\/wp-json\/wp\/v2\/product_cat?post=34232"},{"taxonomy":"product_tag","embeddable":true,"href":"https:\/\/savio.it\/es\/wp-json\/wp\/v2\/product_tag?post=34232"},{"taxonomy":"profilo","embeddable":true,"href":"https:\/\/savio.it\/es\/wp-json\/wp\/v2\/profilo?post=34232"},{"taxonomy":"finiture","embeddable":true,"href":"https:\/\/savio.it\/es\/wp-json\/wp\/v2\/finiture?post=34232"},{"taxonomy":"gruppo_anta","embeddable":true,"href":"https:\/\/savio.it\/es\/wp-json\/wp\/v2\/gruppo_anta?post=34232"}],"curies":[{"name":"wp","href":"https:\/\/api.w.org\/{rel}","templated":true}]}}