{"id":35026,"date":"2021-09-30T12:48:37","date_gmt":"2021-10-05T10:47:52","guid":{"rendered":"https:\/\/savio.ne-ws.it\/prodotto\/4232-4232-1\/"},"modified":"2024-07-01T07:15:33","modified_gmt":"2024-07-01T07:15:33","slug":"4232-4232-1","status":"publish","type":"product","link":"https:\/\/savio.it\/es\/prodotto\/4232-4232-1\/","title":{"rendered":"4232 &#8211; 4232.1"},"content":{"rendered":"<p>Contactos el\u00e9ctricos regulables en lat\u00f3n y nylon, 2 tornillos con cabeza cil\u00edndrica \u00d8 3,9&#215;16 y 2 tornillos con cabeza cil\u00edndrica \u00d8 3,9&#215;22 en acero cincado, 3 espesores de 5 mm y 1 espesor de 2 mm en nylon.<\/p>\n","protected":false},"excerpt":{"rendered":"<p>Contactos el\u00e9ctricos regulables<\/p>\n","protected":false},"featured_media":80617,"comment_status":"closed","ping_status":"closed","template":"","meta":{"_acf_changed":false,"_uag_custom_page_level_css":""},"product_brand":[],"product_cat":[12798,12603],"product_tag":[13131],"profilo":[12000,12018,12002,12003,12408,12151,12158,12391,12393,12394,12395,12402,12396,12398,12403,12399,12061,12062,12065,12104,12113,12134,12135,12115,12123,12124,12111,12125,12116,12240,12251,12250,12241,12242,12243,12245,12244,12253,12320,12339,12321,12332,12323,12333,12324,12334,11980,11981,11982,11983,12415,12414,12418,12417,12416,12352,12413,12006,12095,12008,12010,12019,12098,12102,12011,12020,12035,12066,11958,11960,11959,12152,12164,12166,12154,12155,12159,12157,12160,12434,12012,12013,12014,12015,12016,12247,12254,12248,12255,12249,12256,12219,12186,12187,12193,12194,12195,12196,12204,12198,12205,12218,12228,12220,12206,12226,12217,12200,12207,12201,12208,12227,12202,12209,12064,12270,12289,12278,12271,12288,12295,12291,12279,12292,12272,12280,12273,12281,12326,12329,12342,12330,12331,11970,11971,11969,11968,11972,11973,12084,11988,11990,11991,11993,11994,12376,12377,12378,12374,12088,12090,12021,12355,12361,12357,12371,12363,12356,12362,12358,12359,12364,12229,12210,12044,12046,12053,12070,12071,12419,12420,12246,12257,12435,12436,12303,12275,12276,12304,12305,12306,12277,12293,12299,12300,12296,12297,12301,12302,12298,12311,12312,12313,12315,12314,12316],"finiture":[],"gruppo_anta":[],"class_list":{"0":"post-35026","1":"product","2":"type-product","3":"status-publish","4":"has-post-thumbnail","6":"product_cat-12798","7":"product_cat-accessori-generici-complementari","8":"product_tag-updated-es","9":"profilo-all-co-5-complanare","10":"profilo-all-co-5-porte","11":"profilo-all-co-p-4-complanare","12":"profilo-all-co-p-4-sormonto","13":"profilo-allu-sistemi","14":"profilo-alpha-255","15":"profilo-alpha-blitz-2000","16":"profilo-atlantis-40","17":"profilo-atlantis-45","18":"profilo-atlantis-45-raggiato","19":"profilo-atlantis-55-tt","20":"profilo-atlantis-55-tt-porte","21":"profilo-atlantis-55-tt-raggiato","22":"profilo-atlantis-68-tt","23":"profilo-atlantis-68-tt-porte","24":"profilo-atlantis-68-tt-raggiato","25":"profilo-bga-50","26":"profilo-bga-50-arrotondato","27":"profilo-bga-50-porte","28":"profilo-domal-break-pa-52","29":"profilo-domal-break-pa-52-porte","30":"profilo-domal-bright-pa-70-s","31":"profilo-domal-bright-pa-70-s-raggiato","32":"profilo-domal-shops","33":"profilo-domal-spider-60","34":"profilo-domal-spider-l60-style","35":"profilo-domal-stopper-pg","36":"profilo-domal-stopper-pg-63","37":"profilo-domal-stopper-pg-porte","38":"profilo-ekip-40-complanare","39":"profilo-ekip-40-nuovo-complanare","40":"profilo-ekip-40-nuovo-sormonto","41":"profilo-ekip-40-sormonto","42":"profilo-ekip-50-complanare","43":"profilo-ekip-50-sormonto","44":"profilo-ekip-ev-complanare","45":"profilo-ekip-ev-sormonto","46":"profilo-ekip-thermo-53-porte","47":"profilo-eku-40","48":"profilo-eku-40-raggiato","49":"profilo-eku-53","50":"profilo-eku-53-porte","51":"profilo-eku-53-tt","52":"profilo-eku-53-tt-porte","53":"profilo-eku-64-tt","54":"profilo-eku-64-tt-porte","55":"profilo-esedra-ga-53","56":"profilo-esedra-ga-53-raggiato","57":"profilo-esedra-tt-63","58":"profilo-esedra-tt-75","59":"profilo-et-43-sormonto","60":"profilo-et-43-sormonto-raggiato","61":"profilo-et-45-porte","62":"profilo-et-45-sormonto","63":"profilo-et-45-sormonto-raggiato","64":"profilo-eta","65":"profilo-etnall","66":"profilo-export-45","67":"profilo-export-45-t","68":"profilo-export-45-tt","69":"profilo-export-50","70":"profilo-export-50-porte","71":"profilo-export-50-t","72":"profilo-export-50-t-porte","73":"profilo-export-50-tt","74":"profilo-export-50-tt-porte","75":"profilo-export-51-tt","76":"profilo-extrablind-70-porte","77":"profilo-global-48","78":"profilo-global-48-porte","79":"profilo-global-70-tt","80":"profilo-gold-400","81":"profilo-gold-450","82":"profilo-gold-450-tt","83":"profilo-gold-490-tt","84":"profilo-gold-500","85":"profilo-gold-500-porte","86":"profilo-gold-600","87":"profilo-gold-600-porte","88":"profilo-iblea-color","89":"profilo-k-40","90":"profilo-k-40-raggiato","91":"profilo-k-45t","92":"profilo-k-64t","93":"profilo-k-70t","94":"profilo-maastricht-53","95":"profilo-maastricht-53-porte","96":"profilo-maastricht-th-60","97":"profilo-maastricht-th-60-porte","98":"profilo-maastricht-th-68","99":"profilo-maastricht-th-68-porte","100":"profilo-metraltech","101":"profilo-mx-50","102":"profilo-mx-70","103":"profilo-nc-40-n-complanare","104":"profilo-nc-40-n-sormonto","105":"profilo-nc-40-n-sormonto-raggiato","106":"profilo-nc-45-int","107":"profilo-nc-45-int-porte","108":"profilo-nc-45-sth","109":"profilo-nc-45-sth-porte","110":"profilo-nc-50-i","111":"profilo-nc-50-i-raggiato","112":"profilo-nc-50-sth","113":"profilo-nc-55-int-porte","114":"profilo-nc-58-mediterraneo-sorm-raggiato","115":"profilo-nc-58-mediterraneo-sormonto","116":"profilo-nc-65-sth","117":"profilo-nc-65-sth-porte","118":"profilo-nc-68-sth","119":"profilo-nc-68-sth-porte","120":"profilo-nc-68-sth-s","121":"profilo-nc-72-sth","122":"profilo-nc-72-sth-porte","123":"profilo-new-bt-60-tt","124":"profilo-new-tec-50","125":"profilo-new-tec-50-classic","126":"profilo-new-tec-50-porte","127":"profilo-new-tec-52-tt","128":"profilo-new-tec-52-tt-classic","129":"profilo-new-tec-52-tt-classic-porte","130":"profilo-new-tec-52-tt-light","131":"profilo-new-tec-52-tt-porte","132":"profilo-new-tec-60-f","133":"profilo-new-tec-60-tt","134":"profilo-new-tec-60-tt-porte","135":"profilo-new-tec-68-tt","136":"profilo-new-tec-68-tt-porte","137":"profilo-pe-40","138":"profilo-pe-50","139":"profilo-pe-50-raggiato","140":"profilo-pe-58-tt-complanare","141":"profilo-pe-58-tt-sormonto","142":"profilo-planet-45","143":"profilo-planet-45-raggiato","144":"profilo-planet-50-raggiato","145":"profilo-planet-50-tt","146":"profilo-planet-62-tt","147":"profilo-planet-62-tt-raggiato","148":"profilo-prestige-48","149":"profilo-r-40","150":"profilo-r-50","151":"profilo-r-50-tt-barra-cont","152":"profilo-r-62-tt","153":"profilo-r-72-tt","154":"profilo-royal-s-50-n-porte","155":"profilo-royal-s-65-porte","156":"profilo-royal-s-70-hi-porte","157":"profilo-schuco-international","158":"profilo-serie-8000","159":"profilo-serie-8000-tt","160":"profilo-sicurblind-65-complanare","161":"profilo-start-410","162":"profilo-start-410-raggiato","163":"profilo-start-470-tt","164":"profilo-start-470-tt-porte","165":"profilo-start-470-tt-raggiato","166":"profilo-start-510","167":"profilo-start-510-raggiato","168":"profilo-start-560-tt","169":"profilo-start-640-tt","170":"profilo-start-760-tt","171":"profilo-superblindo","172":"profilo-superblindo-porte","173":"profilo-synthesis-45","174":"profilo-synthesis-60-tt","175":"profilo-synthesis-68-tt","176":"profilo-tecno-50","177":"profilo-tecno-50-porte","178":"profilo-tt-50","179":"profilo-tt-50-porte","180":"profilo-venice-th16","181":"profilo-venice-th16-porte","182":"profilo-vuerre-53-tt","183":"profilo-vuerre-70-tt","184":"profilo-windstop-45-porte","185":"profilo-windstop-45-raggiato","186":"profilo-windstop-45-tt","187":"profilo-windstop-45-tt-classic","188":"profilo-windstop-45-tt-classic-raggiato","189":"profilo-windstop-45-tt-porte","190":"profilo-windstop-45-tt-raggiato","191":"profilo-windstop-55-tt","192":"profilo-windstop-55-tt-classic","193":"profilo-windstop-55-tt-classic-raggiato","194":"profilo-windstop-55-tt-raggiato","195":"profilo-windstop-65-tt","196":"profilo-windstop-65-tt-classic","197":"profilo-windstop-65-tt-classic-raggiato","198":"profilo-windstop-65-tt-raggiato","199":"profilo-windstop-73-tt","200":"profilo-windstop-73-tt-raggiato","201":"profilo-ws-65-thi","202":"profilo-ws-65-thi-raggiato","203":"profilo-ws-75-thi","204":"profilo-ws-75-thi-raggiato","205":"description-off","207":"first","208":"onbackorder","209":"product-type-simple"},"acf":[],"yoast_head":"<!-- This site is optimized with the Yoast SEO plugin v27.2 - https:\/\/yoast.com\/product\/yoast-seo-wordpress\/ -->\n<title>4232 - 4232.1<\/title>\n<meta name=\"description\" content=\"Contactos el\u00e9ctricos regulables\" \/>\n<meta name=\"robots\" content=\"index, follow, max-snippet:-1, max-image-preview:large, max-video-preview:-1\" \/>\n<link rel=\"canonical\" href=\"https:\/\/savio.it\/es\/prodotto\/4232-4232-1\/\" \/>\n<meta property=\"og:locale\" content=\"es_ES\" \/>\n<meta property=\"og:type\" content=\"article\" \/>\n<meta property=\"og:title\" content=\"4232 - 4232.1\" \/>\n<meta property=\"og:description\" content=\"Contactos el\u00e9ctricos regulables\" \/>\n<meta property=\"og:url\" content=\"https:\/\/savio.it\/es\/prodotto\/4232-4232-1\/\" \/>\n<meta property=\"og:site_name\" content=\"SAVIO\" \/>\n<meta property=\"article:modified_time\" content=\"2024-07-01T07:15:33+00:00\" \/>\n<meta property=\"og:image\" content=\"https:\/\/savio.it\/wp-content\/uploads\/2022\/05\/4232.jpg\" \/>\n\t<meta property=\"og:image:width\" content=\"1000\" \/>\n\t<meta property=\"og:image:height\" content=\"1000\" \/>\n\t<meta property=\"og:image:type\" content=\"image\/jpeg\" \/>\n<meta name=\"twitter:card\" content=\"summary_large_image\" \/>\n<meta name=\"twitter:label1\" content=\"Tiempo de lectura\" \/>\n\t<meta name=\"twitter:data1\" content=\"4 minutos\" \/>\n<script type=\"application\/ld+json\" class=\"yoast-schema-graph\">{\"@context\":\"https:\/\/schema.org\",\"@graph\":[{\"@type\":\"WebPage\",\"@id\":\"https:\/\/savio.it\/es\/prodotto\/4232-4232-1\/\",\"url\":\"https:\/\/savio.it\/es\/prodotto\/4232-4232-1\/\",\"name\":\"4232 - 4232.1\",\"isPartOf\":{\"@id\":\"https:\/\/savio.it\/es\/#website\"},\"primaryImageOfPage\":{\"@id\":\"https:\/\/savio.it\/es\/prodotto\/4232-4232-1\/#primaryimage\"},\"image\":{\"@id\":\"https:\/\/savio.it\/es\/prodotto\/4232-4232-1\/#primaryimage\"},\"thumbnailUrl\":\"https:\/\/savio.it\/wp-content\/uploads\/2022\/05\/4232.jpg\",\"datePublished\":\"2021-10-05T10:47:52+00:00\",\"dateModified\":\"2024-07-01T07:15:33+00:00\",\"description\":\"Contactos el\u00e9ctricos regulables\",\"breadcrumb\":{\"@id\":\"https:\/\/savio.it\/es\/prodotto\/4232-4232-1\/#breadcrumb\"},\"inLanguage\":\"es\",\"potentialAction\":[{\"@type\":\"ReadAction\",\"target\":[\"https:\/\/savio.it\/es\/prodotto\/4232-4232-1\/\"]}]},{\"@type\":\"ImageObject\",\"inLanguage\":\"es\",\"@id\":\"https:\/\/savio.it\/es\/prodotto\/4232-4232-1\/#primaryimage\",\"url\":\"https:\/\/savio.it\/wp-content\/uploads\/2022\/05\/4232.jpg\",\"contentUrl\":\"https:\/\/savio.it\/wp-content\/uploads\/2022\/05\/4232.jpg\",\"width\":1000,\"height\":1000},{\"@type\":\"BreadcrumbList\",\"@id\":\"https:\/\/savio.it\/es\/prodotto\/4232-4232-1\/#breadcrumb\",\"itemListElement\":[{\"@type\":\"ListItem\",\"position\":1,\"name\":\"Home\",\"item\":\"https:\/\/savio.it\/es\/\"},{\"@type\":\"ListItem\",\"position\":2,\"name\":\"Productos\",\"item\":\"https:\/\/savio.it\/es\/prodotti\/\"},{\"@type\":\"ListItem\",\"position\":3,\"name\":\"4232 &#8211; 4232.1\"}]},{\"@type\":\"WebSite\",\"@id\":\"https:\/\/savio.it\/es\/#website\",\"url\":\"https:\/\/savio.it\/es\/\",\"name\":\"SAVIO\",\"description\":\"Open mind for closing system\",\"publisher\":{\"@id\":\"https:\/\/savio.it\/es\/#organization\"},\"potentialAction\":[{\"@type\":\"SearchAction\",\"target\":{\"@type\":\"EntryPoint\",\"urlTemplate\":\"https:\/\/savio.it\/es\/?s={search_term_string}\"},\"query-input\":{\"@type\":\"PropertyValueSpecification\",\"valueRequired\":true,\"valueName\":\"search_term_string\"}}],\"inLanguage\":\"es\"},{\"@type\":\"Organization\",\"@id\":\"https:\/\/savio.it\/es\/#organization\",\"name\":\"SAVIO\",\"url\":\"https:\/\/savio.it\/es\/\",\"logo\":{\"@type\":\"ImageObject\",\"inLanguage\":\"es\",\"@id\":\"https:\/\/savio.it\/es\/#\/schema\/logo\/image\/\",\"url\":\"https:\/\/savio.it\/wp-content\/uploads\/2021\/09\/cropped-Savio-logo.png\",\"contentUrl\":\"https:\/\/savio.it\/wp-content\/uploads\/2021\/09\/cropped-Savio-logo.png\",\"width\":243,\"height\":64,\"caption\":\"SAVIO\"},\"image\":{\"@id\":\"https:\/\/savio.it\/es\/#\/schema\/logo\/image\/\"}}]}<\/script>\n<!-- \/ Yoast SEO plugin. -->","yoast_head_json":{"title":"4232 - 4232.1","description":"Contactos el\u00e9ctricos regulables","robots":{"index":"index","follow":"follow","max-snippet":"max-snippet:-1","max-image-preview":"max-image-preview:large","max-video-preview":"max-video-preview:-1"},"canonical":"https:\/\/savio.it\/es\/prodotto\/4232-4232-1\/","og_locale":"es_ES","og_type":"article","og_title":"4232 - 4232.1","og_description":"Contactos el\u00e9ctricos regulables","og_url":"https:\/\/savio.it\/es\/prodotto\/4232-4232-1\/","og_site_name":"SAVIO","article_modified_time":"2024-07-01T07:15:33+00:00","og_image":[{"width":1000,"height":1000,"url":"https:\/\/savio.it\/wp-content\/uploads\/2022\/05\/4232.jpg","type":"image\/jpeg"}],"twitter_card":"summary_large_image","twitter_misc":{"Tiempo de lectura":"4 minutos"},"schema":{"@context":"https:\/\/schema.org","@graph":[{"@type":"WebPage","@id":"https:\/\/savio.it\/es\/prodotto\/4232-4232-1\/","url":"https:\/\/savio.it\/es\/prodotto\/4232-4232-1\/","name":"4232 - 4232.1","isPartOf":{"@id":"https:\/\/savio.it\/es\/#website"},"primaryImageOfPage":{"@id":"https:\/\/savio.it\/es\/prodotto\/4232-4232-1\/#primaryimage"},"image":{"@id":"https:\/\/savio.it\/es\/prodotto\/4232-4232-1\/#primaryimage"},"thumbnailUrl":"https:\/\/savio.it\/wp-content\/uploads\/2022\/05\/4232.jpg","datePublished":"2021-10-05T10:47:52+00:00","dateModified":"2024-07-01T07:15:33+00:00","description":"Contactos el\u00e9ctricos regulables","breadcrumb":{"@id":"https:\/\/savio.it\/es\/prodotto\/4232-4232-1\/#breadcrumb"},"inLanguage":"es","potentialAction":[{"@type":"ReadAction","target":["https:\/\/savio.it\/es\/prodotto\/4232-4232-1\/"]}]},{"@type":"ImageObject","inLanguage":"es","@id":"https:\/\/savio.it\/es\/prodotto\/4232-4232-1\/#primaryimage","url":"https:\/\/savio.it\/wp-content\/uploads\/2022\/05\/4232.jpg","contentUrl":"https:\/\/savio.it\/wp-content\/uploads\/2022\/05\/4232.jpg","width":1000,"height":1000},{"@type":"BreadcrumbList","@id":"https:\/\/savio.it\/es\/prodotto\/4232-4232-1\/#breadcrumb","itemListElement":[{"@type":"ListItem","position":1,"name":"Home","item":"https:\/\/savio.it\/es\/"},{"@type":"ListItem","position":2,"name":"Productos","item":"https:\/\/savio.it\/es\/prodotti\/"},{"@type":"ListItem","position":3,"name":"4232 &#8211; 4232.1"}]},{"@type":"WebSite","@id":"https:\/\/savio.it\/es\/#website","url":"https:\/\/savio.it\/es\/","name":"SAVIO","description":"Open mind for closing system","publisher":{"@id":"https:\/\/savio.it\/es\/#organization"},"potentialAction":[{"@type":"SearchAction","target":{"@type":"EntryPoint","urlTemplate":"https:\/\/savio.it\/es\/?s={search_term_string}"},"query-input":{"@type":"PropertyValueSpecification","valueRequired":true,"valueName":"search_term_string"}}],"inLanguage":"es"},{"@type":"Organization","@id":"https:\/\/savio.it\/es\/#organization","name":"SAVIO","url":"https:\/\/savio.it\/es\/","logo":{"@type":"ImageObject","inLanguage":"es","@id":"https:\/\/savio.it\/es\/#\/schema\/logo\/image\/","url":"https:\/\/savio.it\/wp-content\/uploads\/2021\/09\/cropped-Savio-logo.png","contentUrl":"https:\/\/savio.it\/wp-content\/uploads\/2021\/09\/cropped-Savio-logo.png","width":243,"height":64,"caption":"SAVIO"},"image":{"@id":"https:\/\/savio.it\/es\/#\/schema\/logo\/image\/"}}]}},"uagb_featured_image_src":{"full":["https:\/\/savio.it\/wp-content\/uploads\/2022\/05\/4232.jpg",1000,1000,false],"thumbnail":["https:\/\/savio.it\/wp-content\/uploads\/2022\/05\/4232-150x150.jpg",150,150,true],"medium":["https:\/\/savio.it\/wp-content\/uploads\/2022\/05\/4232-300x300.jpg",300,300,true],"medium_large":["https:\/\/savio.it\/wp-content\/uploads\/2022\/05\/4232-768x768.jpg",768,768,true],"large":["https:\/\/savio.it\/wp-content\/uploads\/2022\/05\/4232.jpg",1000,1000,false],"gs-tiny":["https:\/\/savio.it\/wp-content\/uploads\/2022\/05\/4232.jpg",50,50,false],"xl":["https:\/\/savio.it\/wp-content\/uploads\/2022\/05\/4232.jpg",1000,1000,false],"xxl":["https:\/\/savio.it\/wp-content\/uploads\/2022\/05\/4232.jpg",1000,1000,false],"xxxl":["https:\/\/savio.it\/wp-content\/uploads\/2022\/05\/4232.jpg",1000,1000,false],"xxxxl":["https:\/\/savio.it\/wp-content\/uploads\/2022\/05\/4232.jpg",1000,1000,false],"xxxxxl":["https:\/\/savio.it\/wp-content\/uploads\/2022\/05\/4232.jpg",1000,1000,false],"1536x1536":["https:\/\/savio.it\/wp-content\/uploads\/2022\/05\/4232.jpg",1000,1000,false],"2048x2048":["https:\/\/savio.it\/wp-content\/uploads\/2022\/05\/4232.jpg",1000,1000,false],"woocommerce_thumbnail":["https:\/\/savio.it\/wp-content\/uploads\/2022\/05\/4232-300x300.jpg",300,300,true],"woocommerce_single":["https:\/\/savio.it\/wp-content\/uploads\/2022\/05\/4232-600x600.jpg",600,600,true],"woocommerce_gallery_thumbnail":["https:\/\/savio.it\/wp-content\/uploads\/2022\/05\/4232-200x200.jpg",200,200,true]},"uagb_author_info":{"display_name":"admin_news","author_link":"https:\/\/savio.it\/es\/author\/"},"uagb_comment_info":0,"uagb_excerpt":"Contactos el\u00e9ctricos regulables","_links":{"self":[{"href":"https:\/\/savio.it\/es\/wp-json\/wp\/v2\/product\/35026","targetHints":{"allow":["GET"]}}],"collection":[{"href":"https:\/\/savio.it\/es\/wp-json\/wp\/v2\/product"}],"about":[{"href":"https:\/\/savio.it\/es\/wp-json\/wp\/v2\/types\/product"}],"replies":[{"embeddable":true,"href":"https:\/\/savio.it\/es\/wp-json\/wp\/v2\/comments?post=35026"}],"wp:featuredmedia":[{"embeddable":true,"href":"https:\/\/savio.it\/es\/wp-json\/wp\/v2\/media\/80617"}],"wp:attachment":[{"href":"https:\/\/savio.it\/es\/wp-json\/wp\/v2\/media?parent=35026"}],"wp:term":[{"taxonomy":"product_brand","embeddable":true,"href":"https:\/\/savio.it\/es\/wp-json\/wp\/v2\/product_brand?post=35026"},{"taxonomy":"product_cat","embeddable":true,"href":"https:\/\/savio.it\/es\/wp-json\/wp\/v2\/product_cat?post=35026"},{"taxonomy":"product_tag","embeddable":true,"href":"https:\/\/savio.it\/es\/wp-json\/wp\/v2\/product_tag?post=35026"},{"taxonomy":"profilo","embeddable":true,"href":"https:\/\/savio.it\/es\/wp-json\/wp\/v2\/profilo?post=35026"},{"taxonomy":"finiture","embeddable":true,"href":"https:\/\/savio.it\/es\/wp-json\/wp\/v2\/finiture?post=35026"},{"taxonomy":"gruppo_anta","embeddable":true,"href":"https:\/\/savio.it\/es\/wp-json\/wp\/v2\/gruppo_anta?post=35026"}],"curies":[{"name":"wp","href":"https:\/\/api.w.org\/{rel}","templated":true}]}}