{"id":117387,"date":"2023-12-12T15:36:30","date_gmt":"2023-12-12T15:36:30","guid":{"rendered":"https:\/\/savio.it\/references\/"},"modified":"2026-01-28T15:48:58","modified_gmt":"2026-01-28T15:48:58","slug":"realizzazioni","status":"publish","type":"page","link":"https:\/\/savio.it\/fr\/azienda\/realizzazioni\/","title":{"rendered":"R\u00e9alisations"},"content":{"rendered":"\t\t<div data-elementor-type=\"wp-page\" data-elementor-id=\"117387\" class=\"elementor elementor-117387 elementor-65079\" data-elementor-post-type=\"page\">\n\t\t\t\t\t\t<section class=\"elementor-section elementor-top-section elementor-element elementor-element-81321bf elementor-section-boxed elementor-section-height-default elementor-section-height-default\" data-id=\"81321bf\" data-element_type=\"section\" data-e-type=\"section\">\n\t\t\t\t\t\t<div class=\"elementor-container elementor-column-gap-default\">\n\t\t\t\t\t<div class=\"elementor-column elementor-col-100 elementor-top-column elementor-element elementor-element-3fac0d1\" data-id=\"3fac0d1\" data-element_type=\"column\" data-e-type=\"column\">\n\t\t\t<div class=\"elementor-widget-wrap\">\n\t\t\t\t\t\t\t<\/div>\n\t\t<\/div>\n\t\t\t\t\t<\/div>\n\t\t<\/section>\n\t\t\t\t<section class=\"elementor-section elementor-top-section elementor-element elementor-element-6b14184d elementor-section-content-middle elementor-section-boxed elementor-section-height-default elementor-section-height-default\" data-id=\"6b14184d\" data-element_type=\"section\" data-e-type=\"section\" data-settings=\"{&quot;background_background&quot;:&quot;classic&quot;}\">\n\t\t\t\t\t\t\t<div class=\"elementor-background-overlay\"><\/div>\n\t\t\t\t\t\t\t<div class=\"elementor-container elementor-column-gap-no\">\n\t\t\t\t\t<div class=\"elementor-column elementor-col-100 elementor-top-column elementor-element elementor-element-44d4e531\" data-id=\"44d4e531\" data-element_type=\"column\" data-e-type=\"column\">\n\t\t\t<div class=\"elementor-widget-wrap elementor-element-populated\">\n\t\t\t\t\t\t<div class=\"elementor-element elementor-element-554378dc elementor-widget elementor-widget-heading\" data-id=\"554378dc\" data-element_type=\"widget\" data-e-type=\"widget\" data-widget_type=\"heading.default\">\n\t\t\t\t<div class=\"elementor-widget-container\">\n\t\t\t\t\t<h4 class=\"elementor-heading-title elementor-size-default\">savio dans le monde<\/h4>\t\t\t\t<\/div>\n\t\t\t\t<\/div>\n\t\t\t\t<div class=\"elementor-element elementor-element-42aee45c elementor-widget elementor-widget-heading\" data-id=\"42aee45c\" data-element_type=\"widget\" data-e-type=\"widget\" data-widget_type=\"heading.default\">\n\t\t\t\t<div class=\"elementor-widget-container\">\n\t\t\t\t\t<h5 class=\"elementor-heading-title elementor-size-default\">d\u00e9couvrez nos r\u00e9alisations<\/h5>\t\t\t\t<\/div>\n\t\t\t\t<\/div>\n\t\t\t\t\t<\/div>\n\t\t<\/div>\n\t\t\t\t\t<\/div>\n\t\t<\/section>\n\t\t\t\t<section class=\"elementor-section elementor-top-section elementor-element elementor-element-26ec7dac elementor-section-boxed elementor-section-height-default elementor-section-height-default\" data-id=\"26ec7dac\" data-element_type=\"section\" data-e-type=\"section\">\n\t\t\t\t\t\t<div class=\"elementor-container elementor-column-gap-default\">\n\t\t\t\t\t<div class=\"elementor-column elementor-col-100 elementor-top-column elementor-element elementor-element-390e431b\" data-id=\"390e431b\" data-element_type=\"column\" data-e-type=\"column\">\n\t\t\t<div class=\"elementor-widget-wrap elementor-element-populated\">\n\t\t\t\t\t\t<div class=\"elementor-element elementor-element-f54e00e elementor-widget elementor-widget-spacer\" data-id=\"f54e00e\" data-element_type=\"widget\" data-e-type=\"widget\" data-widget_type=\"spacer.default\">\n\t\t\t\t<div class=\"elementor-widget-container\">\n\t\t\t\t\t\t\t<div class=\"elementor-spacer\">\n\t\t\t<div class=\"elementor-spacer-inner\"><\/div>\n\t\t<\/div>\n\t\t\t\t\t\t<\/div>\n\t\t\t\t<\/div>\n\t\t\t\t<div class=\"elementor-element elementor-element-5be0f9a5 elementor-widget elementor-widget-text-editor\" data-id=\"5be0f9a5\" data-element_type=\"widget\" data-e-type=\"widget\" data-widget_type=\"text-editor.default\">\n\t\t\t\t<div class=\"elementor-widget-container\">\n\t\t\t\t\t\t\t\t\t\n<link href=\"https:\/\/fonts.googleapis.com\/css2?family=Be+Vietnam+Pro:wght@400;600&#038;display=swap\" rel=\"stylesheet\"><style>.reference-grid {\n  display: grid;\n  grid-template-columns: repeat(auto-fill, minmax(300px, 1fr));\n  gap: 24px;\n  width: 100%;\n  font-family: 'Be Vietnam Pro', sans-serif;\n}\n\n.reference-item {\n  aspect-ratio: 4 \/ 3;\n  background-size: cover;\n  background-position: center;\n  position: relative;\n  display: flex;\n  flex-direction: column;\n  justify-content: flex-end;\n  padding: 20px;\n  box-sizing: border-box;\n  color: #fff;\n  overflow: hidden;\n  transition: transform 0.4s ease;\n}\n\n.reference-item::before {\n  content: \"\";\n  position: absolute;\n  inset: 0;\n  background: linear-gradient(to top, rgba(0,0,0,.65), rgba(0,0,0,0));\n}\n\n.reference-item h4,\n.reference-item p {\n  position: relative;\n  margin: 0;\n  color: #fff; \/* Testo bianco *\/\n}\n\n.reference-item h4 {\n  font-size: 16px;\n  font-weight: 600;\n}\n\n.reference-item p {\n  font-size: 13px;\n  margin-top: 4px;\n}\n\n\/* Zoom effetto al passaggio del mouse *\/\n.reference-item:hover {\n  transform: scale(1.05);\n}\n\n@media (max-width: 768px) {\n  .reference-item {\n    aspect-ratio: 3 \/ 2;\n  }\n}\n<\/style><div class=\"reference-grid\"><div class=\"reference-item\" style=\"background-image:url('https:\/\/savio.it\/wp-content\/uploads\/2021\/09\/hui-jing-garde-guangzhou.jpg');\"><h4>Hui Jing Garden, Guangzhou<\/h4><p>Cina<\/p><\/div><div class=\"reference-item\" style=\"background-image:url('https:\/\/savio.it\/wp-content\/uploads\/2021\/09\/jin-zhong-huan-plaza-shenzhen.jpg');\"><h4>Jin Zhong Huan Plaza, Shenzhen<\/h4><p>Cina<\/p><\/div><div class=\"reference-item\" style=\"background-image:url('https:\/\/savio.it\/wp-content\/uploads\/2021\/09\/louis-vuitton-shanghai.jpg');\"><h4>Louis Vuitton, Shanghai \u2013 Hongqiao L\u2019Avenue<\/h4><p>Cina<\/p><\/div><div class=\"reference-item\" style=\"background-image:url('https:\/\/savio.it\/wp-content\/uploads\/2021\/09\/atelier-d-architecture.jpg');\"><h4>Atelier d&rsquo;Architecture, Bordeaux<\/h4><p>France<\/p><\/div><div class=\"reference-item\" style=\"background-image:url('https:\/\/savio.it\/wp-content\/uploads\/2021\/09\/casa-hollywood.jpg');\"><h4>Casa Hollywood<\/h4><p>Italy<\/p><\/div><div class=\"reference-item\" style=\"background-image:url('https:\/\/savio.it\/wp-content\/uploads\/2021\/09\/med-maxicinema-napoli.jpg');\"><h4>Maxicinema MED, Naples<\/h4><p>Italy<\/p><\/div><div class=\"reference-item\" style=\"background-image:url('https:\/\/savio.it\/wp-content\/uploads\/2021\/09\/sede-regione-basilicata.jpg');\"><h4>Sede Regione Basilicata, Potenza<\/h4><p>Italy<\/p><\/div><div class=\"reference-item\" style=\"background-image:url('https:\/\/savio.it\/wp-content\/uploads\/2021\/09\/nadia-tower.jpg');\"><h4>Nadia Tower, Kuwait City<\/h4><p>Kuwait<\/p><\/div><div class=\"reference-item\" style=\"background-image:url('https:\/\/savio.it\/wp-content\/uploads\/2021\/09\/metropolitan-al-habtour-hotel-beirut.jpg');\"><h4>Metropolitan Al Habtour Hotel, Beirut<\/h4><p>Lebanon<\/p><\/div><div class=\"reference-item\" style=\"background-image:url('https:\/\/savio.it\/wp-content\/uploads\/2021\/09\/the-pearl-city-doha.jpg');\"><h4>The Pearl City, Doha<\/h4><p>Qatar<\/p><\/div><div class=\"reference-item\" style=\"background-image:url('https:\/\/savio.it\/wp-content\/uploads\/2021\/09\/vitebsky-railway-station.jpg');\"><h4>Vitebsky Railway Station<\/h4><p>Russia<\/p><\/div><div class=\"reference-item\" style=\"background-image:url('https:\/\/savio.it\/wp-content\/uploads\/2021\/09\/parking-inn.jpg');\"><h4>Hotel Parking Inn, Ekaterinburg<\/h4><p>Russia<\/p><\/div><div class=\"reference-item\" style=\"background-image:url('https:\/\/savio.it\/wp-content\/uploads\/2021\/09\/gold-keys.jpg');\"><h4>Zolotye Kluchi (Gold Keys)<\/h4><p>Russia<\/p><\/div><div class=\"reference-item\" style=\"background-image:url('https:\/\/savio.it\/wp-content\/uploads\/2021\/09\/centro-civico-san-agustin.jpg');\"><h4>Centro Civico San Agust\u00edn<\/h4><p>Spain<\/p><\/div><div class=\"reference-item\" style=\"background-image:url('https:\/\/savio.it\/wp-content\/uploads\/2021\/09\/isozaki-atea.jpg');\"><h4>Isozaki Atea, Bilbao<\/h4><p>Spain<\/p><\/div><div class=\"reference-item\" style=\"background-image:url('https:\/\/savio.it\/wp-content\/uploads\/2021\/09\/four-seasons-hotel-damascus.jpg');\"><h4>Four Seasons Hotel, Damascus<\/h4><p>Syria<\/p><\/div><div class=\"reference-item\" style=\"background-image:url('https:\/\/savio.it\/wp-content\/uploads\/2021\/09\/dubai-bowling-center.jpg');\"><h4>International Bowling Center, Dubai<\/h4><p>U.A.E.<\/p><\/div><div class=\"reference-item\" style=\"background-image:url('https:\/\/savio.it\/wp-content\/uploads\/2021\/09\/one-museum-park.jpg');\"><h4>One Museum Park, Chicago<\/h4><p>U.S.A.<\/p><\/div><div class=\"reference-item\" style=\"background-image:url('https:\/\/savio.it\/wp-content\/uploads\/2021\/09\/al-anoud-tower.jpg');\"><h4>Al Anoud Tower, Riyadh<\/h4><p>Saudi Arabia<\/p><\/div><div class=\"reference-item\" style=\"background-image:url('https:\/\/savio.it\/wp-content\/uploads\/2021\/09\/caravan-head-quarter.jpg');\"><h4>Caravan Real Estate Headquarter, Jeddah<\/h4><p>Saudi Arabia<\/p><\/div><div class=\"reference-item\" style=\"background-image:url('https:\/\/savio.it\/wp-content\/uploads\/2021\/09\/jeddah-gate.jpg');\"><h4>Jeddah Gate<\/h4><p>Saudi Arabia<\/p><\/div><div class=\"reference-item\" style=\"background-image:url('https:\/\/savio.it\/wp-content\/uploads\/2021\/09\/shoaiba-power-plant.jpg');\"><h4>Shoaiba Oil-Fired Power Plant<\/h4><p>Saudi Arabia<\/p><\/div><\/div>\t\t\t\t\t\t\t\t<\/div>\n\t\t\t\t<\/div>\n\t\t\t\t\t<\/div>\n\t\t<\/div>\n\t\t\t\t\t<\/div>\n\t\t<\/section>\n\t\t\t\t<\/div>\n\t\t","protected":false},"excerpt":{"rendered":"<p>savio dans le monde d\u00e9couvrez nos r\u00e9alisations Hui Jing Garden, Guangzhou Cina Jin Zhong Huan Plaza, Shenzhen Cina Louis Vuitton, Shanghai \u2013 Hongqiao L\u2019Avenue Cina Atelier d&rsquo;Architecture, Bordeaux France Casa Hollywood Italy Maxicinema MED, Naples Italy Sede Regione Basilicata, Potenza Italy Nadia Tower, Kuwait City Kuwait Metropolitan Al Habtour Hotel, Beirut Lebanon The Pearl City,&hellip;<\/p>\n","protected":false},"author":2,"featured_media":0,"parent":117368,"menu_order":0,"comment_status":"closed","ping_status":"closed","template":"","meta":{"_acf_changed":false,"_uag_custom_page_level_css":"","footnotes":""},"class_list":["post-117387","page","type-page","status-publish","hentry"],"acf":[],"yoast_head":"<!-- This site is optimized with the Yoast SEO plugin v27.2 - https:\/\/yoast.com\/product\/yoast-seo-wordpress\/ -->\n<title>R\u00e9alisations - SAVIO<\/title>\n<meta name=\"robots\" content=\"index, follow, max-snippet:-1, max-image-preview:large, max-video-preview:-1\" \/>\n<link rel=\"canonical\" href=\"https:\/\/savio.it\/fr\/azienda\/realizzazioni\/\" \/>\n<meta property=\"og:locale\" content=\"fr_FR\" \/>\n<meta property=\"og:type\" content=\"article\" \/>\n<meta property=\"og:title\" content=\"R\u00e9alisations - SAVIO\" \/>\n<meta property=\"og:description\" content=\"savio dans le monde d\u00e9couvrez nos r\u00e9alisations Hui Jing Garden, Guangzhou Cina Jin Zhong Huan Plaza, Shenzhen Cina Louis Vuitton, Shanghai \u2013 Hongqiao L\u2019Avenue Cina Atelier d&rsquo;Architecture, Bordeaux France Casa Hollywood Italy Maxicinema MED, Naples Italy Sede Regione Basilicata, Potenza Italy Nadia Tower, Kuwait City Kuwait Metropolitan Al Habtour Hotel, Beirut Lebanon The Pearl City,&hellip;\" \/>\n<meta property=\"og:url\" content=\"https:\/\/savio.it\/fr\/azienda\/realizzazioni\/\" \/>\n<meta property=\"og:site_name\" content=\"SAVIO\" \/>\n<meta property=\"article:modified_time\" content=\"2026-01-28T15:48:58+00:00\" \/>\n<meta name=\"twitter:card\" content=\"summary_large_image\" \/>\n<meta name=\"twitter:label1\" content=\"Dur\u00e9e de lecture estim\u00e9e\" \/>\n\t<meta name=\"twitter:data1\" content=\"2 minutes\" \/>\n<script type=\"application\/ld+json\" class=\"yoast-schema-graph\">{\"@context\":\"https:\/\/schema.org\",\"@graph\":[{\"@type\":\"WebPage\",\"@id\":\"https:\/\/savio.it\/fr\/azienda\/realizzazioni\/\",\"url\":\"https:\/\/savio.it\/fr\/azienda\/realizzazioni\/\",\"name\":\"R\u00e9alisations - SAVIO\",\"isPartOf\":{\"@id\":\"https:\/\/savio.it\/fr\/#website\"},\"datePublished\":\"2023-12-12T15:36:30+00:00\",\"dateModified\":\"2026-01-28T15:48:58+00:00\",\"breadcrumb\":{\"@id\":\"https:\/\/savio.it\/fr\/azienda\/realizzazioni\/#breadcrumb\"},\"inLanguage\":\"fr-FR\",\"potentialAction\":[{\"@type\":\"ReadAction\",\"target\":[\"https:\/\/savio.it\/fr\/azienda\/realizzazioni\/\"]}]},{\"@type\":\"BreadcrumbList\",\"@id\":\"https:\/\/savio.it\/fr\/azienda\/realizzazioni\/#breadcrumb\",\"itemListElement\":[{\"@type\":\"ListItem\",\"position\":1,\"name\":\"Home\",\"item\":\"https:\/\/savio.it\/fr\/\"},{\"@type\":\"ListItem\",\"position\":2,\"name\":\"La soci\u00e9t\u00e9\",\"item\":\"https:\/\/savio.it\/fr\/azienda\/\"},{\"@type\":\"ListItem\",\"position\":3,\"name\":\"R\u00e9alisations\"}]},{\"@type\":\"WebSite\",\"@id\":\"https:\/\/savio.it\/fr\/#website\",\"url\":\"https:\/\/savio.it\/fr\/\",\"name\":\"SAVIO\",\"description\":\"Open mind for closing system\",\"publisher\":{\"@id\":\"https:\/\/savio.it\/fr\/#organization\"},\"potentialAction\":[{\"@type\":\"SearchAction\",\"target\":{\"@type\":\"EntryPoint\",\"urlTemplate\":\"https:\/\/savio.it\/fr\/?s={search_term_string}\"},\"query-input\":{\"@type\":\"PropertyValueSpecification\",\"valueRequired\":true,\"valueName\":\"search_term_string\"}}],\"inLanguage\":\"fr-FR\"},{\"@type\":\"Organization\",\"@id\":\"https:\/\/savio.it\/fr\/#organization\",\"name\":\"SAVIO\",\"url\":\"https:\/\/savio.it\/fr\/\",\"logo\":{\"@type\":\"ImageObject\",\"inLanguage\":\"fr-FR\",\"@id\":\"https:\/\/savio.it\/fr\/#\/schema\/logo\/image\/\",\"url\":\"https:\/\/savio.it\/wp-content\/uploads\/2021\/09\/cropped-Savio-logo.png\",\"contentUrl\":\"https:\/\/savio.it\/wp-content\/uploads\/2021\/09\/cropped-Savio-logo.png\",\"width\":243,\"height\":64,\"caption\":\"SAVIO\"},\"image\":{\"@id\":\"https:\/\/savio.it\/fr\/#\/schema\/logo\/image\/\"}}]}<\/script>\n<!-- \/ Yoast SEO plugin. -->","yoast_head_json":{"title":"R\u00e9alisations - SAVIO","robots":{"index":"index","follow":"follow","max-snippet":"max-snippet:-1","max-image-preview":"max-image-preview:large","max-video-preview":"max-video-preview:-1"},"canonical":"https:\/\/savio.it\/fr\/azienda\/realizzazioni\/","og_locale":"fr_FR","og_type":"article","og_title":"R\u00e9alisations - SAVIO","og_description":"savio dans le monde d\u00e9couvrez nos r\u00e9alisations Hui Jing Garden, Guangzhou Cina Jin Zhong Huan Plaza, Shenzhen Cina Louis Vuitton, Shanghai \u2013 Hongqiao L\u2019Avenue Cina Atelier d&rsquo;Architecture, Bordeaux France Casa Hollywood Italy Maxicinema MED, Naples Italy Sede Regione Basilicata, Potenza Italy Nadia Tower, Kuwait City Kuwait Metropolitan Al Habtour Hotel, Beirut Lebanon The Pearl City,&hellip;","og_url":"https:\/\/savio.it\/fr\/azienda\/realizzazioni\/","og_site_name":"SAVIO","article_modified_time":"2026-01-28T15:48:58+00:00","twitter_card":"summary_large_image","twitter_misc":{"Dur\u00e9e de lecture estim\u00e9e":"2 minutes"},"schema":{"@context":"https:\/\/schema.org","@graph":[{"@type":"WebPage","@id":"https:\/\/savio.it\/fr\/azienda\/realizzazioni\/","url":"https:\/\/savio.it\/fr\/azienda\/realizzazioni\/","name":"R\u00e9alisations - SAVIO","isPartOf":{"@id":"https:\/\/savio.it\/fr\/#website"},"datePublished":"2023-12-12T15:36:30+00:00","dateModified":"2026-01-28T15:48:58+00:00","breadcrumb":{"@id":"https:\/\/savio.it\/fr\/azienda\/realizzazioni\/#breadcrumb"},"inLanguage":"fr-FR","potentialAction":[{"@type":"ReadAction","target":["https:\/\/savio.it\/fr\/azienda\/realizzazioni\/"]}]},{"@type":"BreadcrumbList","@id":"https:\/\/savio.it\/fr\/azienda\/realizzazioni\/#breadcrumb","itemListElement":[{"@type":"ListItem","position":1,"name":"Home","item":"https:\/\/savio.it\/fr\/"},{"@type":"ListItem","position":2,"name":"La soci\u00e9t\u00e9","item":"https:\/\/savio.it\/fr\/azienda\/"},{"@type":"ListItem","position":3,"name":"R\u00e9alisations"}]},{"@type":"WebSite","@id":"https:\/\/savio.it\/fr\/#website","url":"https:\/\/savio.it\/fr\/","name":"SAVIO","description":"Open mind for closing system","publisher":{"@id":"https:\/\/savio.it\/fr\/#organization"},"potentialAction":[{"@type":"SearchAction","target":{"@type":"EntryPoint","urlTemplate":"https:\/\/savio.it\/fr\/?s={search_term_string}"},"query-input":{"@type":"PropertyValueSpecification","valueRequired":true,"valueName":"search_term_string"}}],"inLanguage":"fr-FR"},{"@type":"Organization","@id":"https:\/\/savio.it\/fr\/#organization","name":"SAVIO","url":"https:\/\/savio.it\/fr\/","logo":{"@type":"ImageObject","inLanguage":"fr-FR","@id":"https:\/\/savio.it\/fr\/#\/schema\/logo\/image\/","url":"https:\/\/savio.it\/wp-content\/uploads\/2021\/09\/cropped-Savio-logo.png","contentUrl":"https:\/\/savio.it\/wp-content\/uploads\/2021\/09\/cropped-Savio-logo.png","width":243,"height":64,"caption":"SAVIO"},"image":{"@id":"https:\/\/savio.it\/fr\/#\/schema\/logo\/image\/"}}]}},"uagb_featured_image_src":{"full":false,"thumbnail":false,"medium":false,"medium_large":false,"large":false,"gs-tiny":false,"xl":false,"xxl":false,"xxxl":false,"xxxxl":false,"xxxxxl":false,"1536x1536":false,"2048x2048":false,"woocommerce_thumbnail":false,"woocommerce_single":false,"woocommerce_gallery_thumbnail":false},"uagb_author_info":{"display_name":"admin_news","author_link":"https:\/\/savio.it\/fr\/author\/admin_news\/"},"uagb_comment_info":0,"uagb_excerpt":"savio dans le monde d\u00e9couvrez nos r\u00e9alisations Hui Jing Garden, Guangzhou Cina Jin Zhong Huan Plaza, Shenzhen Cina Louis Vuitton, Shanghai \u2013 Hongqiao L\u2019Avenue Cina Atelier d&rsquo;Architecture, Bordeaux France Casa Hollywood Italy Maxicinema MED, Naples Italy Sede Regione Basilicata, Potenza Italy Nadia Tower, Kuwait City Kuwait Metropolitan Al Habtour Hotel, Beirut Lebanon The Pearl City,&hellip;","_links":{"self":[{"href":"https:\/\/savio.it\/fr\/wp-json\/wp\/v2\/pages\/117387","targetHints":{"allow":["GET"]}}],"collection":[{"href":"https:\/\/savio.it\/fr\/wp-json\/wp\/v2\/pages"}],"about":[{"href":"https:\/\/savio.it\/fr\/wp-json\/wp\/v2\/types\/page"}],"author":[{"embeddable":true,"href":"https:\/\/savio.it\/fr\/wp-json\/wp\/v2\/users\/2"}],"replies":[{"embeddable":true,"href":"https:\/\/savio.it\/fr\/wp-json\/wp\/v2\/comments?post=117387"}],"version-history":[{"count":4,"href":"https:\/\/savio.it\/fr\/wp-json\/wp\/v2\/pages\/117387\/revisions"}],"predecessor-version":[{"id":162922,"href":"https:\/\/savio.it\/fr\/wp-json\/wp\/v2\/pages\/117387\/revisions\/162922"}],"up":[{"embeddable":true,"href":"https:\/\/savio.it\/fr\/wp-json\/wp\/v2\/pages\/117368"}],"wp:attachment":[{"href":"https:\/\/savio.it\/fr\/wp-json\/wp\/v2\/media?parent=117387"}],"curies":[{"name":"wp","href":"https:\/\/api.w.org\/{rel}","templated":true}]}}