{"id":159199,"date":"2025-06-19T14:23:18","date_gmt":"2025-06-19T14:23:18","guid":{"rendered":"https:\/\/savio.it\/?page_id=159199"},"modified":"2025-06-19T15:25:15","modified_gmt":"2025-06-19T15:25:15","slug":"cookie-policy","status":"publish","type":"page","link":"https:\/\/savio.it\/fr\/cookie-policy\/","title":{"rendered":"Politique en mati\u00e8re de cookies"},"content":{"rendered":"\n<div class=\"wp-block-uagb-container uagb-block-11aa570a alignfull uagb-is-root-container\"><div class=\"uagb-container-inner-blocks-wrap\">\n<h1 class=\"wp-block-heading has-text-align-center\">Politique en mati\u00e8re de cookies &#8211; Savio S.p.A.<\/h1>\n<\/div><\/div>\n\n<div class=\"wp-block-uagb-container uagb-block-b1bdb0ff alignfull uagb-is-root-container\"><div class=\"uagb-container-inner-blocks-wrap\">\n<h2 class=\"wp-block-heading\">Politique relative aux cookies de https:\/\/savio.it<\/h2>\n\n\n\n<h3 class=\"wp-block-heading\">Informations conform\u00e9ment \u00e0 l\u2019article 13 du r\u00e8glement europ\u00e9en 2016\/679 <\/h3>\n\n\n\n<div style=\"height:1rem\" aria-hidden=\"true\" class=\"wp-block-spacer\"><\/div>\n\n\n\n<p>Le pr\u00e9sent document informe les Utilisateurs des technologies permettant \u00e0 ce site Web d\u2019atteindre les finalit\u00e9s d\u00e9crites ci-dessous. Ces technologies permettent au Propri\u00e9taire d\u2019acc\u00e9der \u00e0 des informations et de les stocker (\u00e0 l\u2019aide d\u2019un Cookie, par exemple) ou d\u2019utiliser des ressources (en ex\u00e9cutant un script, par exemple) sur l\u2019appareil d\u2019un Utilisateur lorsque celui-ci interagit avec ce site Web. <\/p>\n\n\n\n<p>Par souci de simplification, toutes ces technologies sont d\u00e9finies comme \u00e9tant des \u00ab Traqueurs \u00bb dans le pr\u00e9sent document, \u00e0 moins qu\u2019il n\u2019existe une raison de les diff\u00e9rencier.<br\/>Par exemple, bien que les Cookies puissent \u00eatre utilis\u00e9s \u00e0 la fois sur les navigateurs Internet et mobiles, il serait inexact de parler de Cookies dans le contexte des applications mobiles car ce sont des traqueurs bas\u00e9s sur un navigateur. C\u2019est pourquoi, dans ce document, le terme Cookies n\u2019est utilis\u00e9 que lorsqu\u2019il est sp\u00e9cifiquement destin\u00e9 \u00e0 indiquer ce type sp\u00e9cifique de Traqueur. <\/p>\n\n\n\n<p>Certaines des finalit\u00e9s pour lesquelles les Traqueurs sont utilis\u00e9s peuvent n\u00e9cessiter le consentement de l\u2019Utilisateur. Lorsque le consentement est donn\u00e9, il peut \u00eatre librement retir\u00e9 \u00e0 tout moment en suivant les instructions fournies dans le pr\u00e9sent document. <\/p>\n\n\n\n<p>Ce site Web utilise des Traqueurs g\u00e9r\u00e9s directement par le Propri\u00e9taire (les Traqueurs dits \u00ab de premi\u00e8re partie \u00bb) et les Traqueurs qui activent les services fournis par un tiers (les Traqueurs dits \u00ab tiers \u00bb). Sauf indication contraire dans le pr\u00e9sent document, les fournisseurs tiers peuvent acc\u00e9der aux Traqueurs g\u00e9r\u00e9s par eux-m\u00eames.<br\/>Les p\u00e9riodes de validit\u00e9 et d\u2019expiration des Cookies et d\u2019autres Traqueurs similaires peuvent varier en fonction de la dur\u00e9e de vie d\u00e9finie par le Propri\u00e9taire ou le fournisseur concern\u00e9. Certains expirent \u00e0 la fin de la session de navigation de l\u2019Utilisateur.<br\/>Outre ce qui est pr\u00e9cis\u00e9 dans les descriptions de chacune des cat\u00e9gories ci-dessous, les Utilisateurs peuvent trouver des informations plus pr\u00e9cises et actualis\u00e9es concernant la description sur la dur\u00e9e de vie ainsi que toute autre information utile \u2013 comme la pr\u00e9sence d\u2019autres Traqueurs \u2013 dans les politiques de confidentialit\u00e9 des fournisseurs tiers respectifs, mises en lien, ou en contactant le Propri\u00e9taire.  <\/p>\n<\/div><\/div>\n\n<div class=\"wp-block-uagb-container uagb-block-c2ec0a4d alignfull uagb-is-root-container\"><div class=\"uagb-container-inner-blocks-wrap\">\n<h3 class=\"wp-block-heading\" id=\"sottotitolo-privacy2\"><strong>Qu&rsquo;est-ce qu&rsquo;un cookie ?<\/strong><\/h3>\n\n\n\n<p>Les <em>cookies<\/em> sont de petits fichiers texte qui sont automatiquement plac\u00e9s sur le PC de l&rsquo;internaute dans le navigateur. Ils contiennent des informations de base sur la navigation Internet et sont reconnus par le navigateur chaque fois que l&rsquo;utilisateur visite le site. <\/p>\n<\/div><\/div>\n\n<div class=\"wp-block-uagb-container uagb-block-7b1724c3 alignfull uagb-is-root-container\"><div class=\"uagb-container-inner-blocks-wrap\">\n<h3 class=\"wp-block-heading\" id=\"sottotitolo-privacy2\"><strong>Comment utilisons-nous les cookies ?<\/strong><\/h3>\n\n\n\n<p>Comme la plupart des services en ligne, notre site web utilise des cookies de premi\u00e8re partie et de tierce partie \u00e0 des fins diff\u00e9rentes. Les cookies de premi\u00e8re partie sont essentiellement n\u00e9cessaires au bon fonctionnement du site web et ne collectent aucune donn\u00e9e personnelle. <\/p>\n\n\n\n<p>Les cookies de tiers utilis\u00e9s sur notre site web servent principalement \u00e0 comprendre le fonctionnement du site web, la mani\u00e8re dont vous interagissez avec notre site web, \u00e0 assurer la s\u00e9curit\u00e9 de nos services, \u00e0 fournir des publicit\u00e9s pertinentes pour vous et , en fin de compte, \u00e0 vous offrir une exp\u00e9rience utilisateur meilleure et am\u00e9lior\u00e9e et \u00e0 acc\u00e9l\u00e9rer vos interactions futures avec notre site web.<\/p>\n<\/div><\/div>\n\n<div class=\"wp-block-uagb-container uagb-block-3fafc2fc alignfull uagb-is-root-container\"><div class=\"uagb-container-inner-blocks-wrap\">\n<h3 class=\"wp-block-heading\" id=\"sottotitolo-privacy2\"><strong>Types de cookies que nous utilisons<\/strong><\/h3>\n\n\n\n<div class=\"cky-audit-table-element\"><\/div>\n<\/div><\/div>\n\n<div class=\"wp-block-uagb-container uagb-block-f7e26059 alignfull uagb-is-root-container\"><div class=\"uagb-container-inner-blocks-wrap\">\n<h3 class=\"wp-block-heading\" id=\"sottotitolo-privacy2\"><strong>Comment g\u00e9rer les pr\u00e9f\u00e9rences et donner ou retirer son consentement sur ce site Web<\/strong><\/h3>\n\n\n\n<p>Vous pouvez modifier vos pr\u00e9f\u00e9rences en mati\u00e8re de cookies \u00e0 tout moment en cliquant sur le bouton ci-dessous, ou en cliquant sur l&rsquo;ic\u00f4ne en bas \u00e0 gauche sur toutes les pages du site. De cette fa\u00e7on, vous pouvez revenir sur la banni\u00e8re de consentement aux cookies et modifier vos pr\u00e9f\u00e9rences ou r\u00e9voquer votre consentement imm\u00e9diatement. <\/p>\n\n\n\n<div class=\"wp-block-uagb-buttons uagb-buttons__outer-wrap uagb-btn__default-btn uagb-btn-tablet__default-btn uagb-btn-mobile__default-btn uagb-block-0e4b457e\"><div class=\"uagb-buttons__wrap uagb-buttons-layout-wrap \">\n<div class=\"wp-block-uagb-buttons-child uagb-buttons__outer-wrap uagb-block-d3d9dc94 wp-block-button cky-banner-element\"><div class=\"uagb-button__wrapper\"><a class=\"uagb-buttons-repeater wp-block-button__link\" aria-label=\"\" href=\"#\" rel=\"follow noopener\" target=\"_self\" role=\"button\"><div class=\"uagb-button__link\">Personnaliser les consentements relatifs aux cookies<\/div><\/a><\/div><\/div>\n<\/div><\/div>\n\n\n\n<p>S\u2019agissant des Traqueurs tiers, les Utilisateurs peuvent g\u00e9rer leurs pr\u00e9f\u00e9rences par le lien de retrait associ\u00e9 (le cas \u00e9ch\u00e9ant), \u00e0 l\u2019aide du moyen indiqu\u00e9 dans la politique de confidentialit\u00e9 de ce tiers ou en contactant celui-ci.<\/p>\n<\/div><\/div>\n\n<div class=\"wp-block-uagb-container uagb-block-8675d839 alignfull uagb-is-root-container\"><div class=\"uagb-container-inner-blocks-wrap\">\n<p>En outre, les navigateurs proposent des m\u00e9thodes diff\u00e9rentes pour bloquer et supprimer les cookies utilis\u00e9s par les sites web. Vous pouvez modifier les param\u00e8tres de votre navigateur pour bloquer\/supprimer les cookies. Vous trouverez ci-dessous des liens vers des documents d&rsquo; aide sur la mani\u00e8re de g\u00e9rer et de supprimer les cookies des principaux navigateurs web:  <\/p>\n\n\n\n<ul class=\"wp-block-list\">\n<li><a href=\"https:\/\/support.google.com\/chrome\/answer\/95647?hl=fr&amp;p=cpn_cookies\" target=\"_blank\" rel=\"noreferrer noopener\">Google Chrome<\/a><\/li>\n\n\n\n<li><a href=\"https:\/\/support.mozilla.org\/fr\/kb\/activer-desactiver-cookies\" target=\"_blank\" rel=\"noreferrer noopener\">Mozilla Firefox<\/a><\/li>\n\n\n\n<li><a href=\"https:\/\/support.apple.com\/fr-fr\/guide\/safari\/manage-cookies-and-website-data-sfri11471\/\" target=\"_blank\" rel=\"noreferrer noopener\">Apple Safari<\/a><\/li>\n\n\n\n<li><a href=\"http:\/\/windows.microsoft.com\/fr-fr\/windows-vista\/block-or-allow-cookies\" target=\"_blank\" rel=\"noreferrer noopener\">Microsoft Internet Explorer<\/a><\/li>\n\n\n\n<li><a href=\"https:\/\/support.microsoft.com\/fr-fr\/help\/4027947\" target=\"_blank\" rel=\"noreferrer noopener\">Microsoft Edge<\/a><\/li>\n\n\n\n<li><a href=\"https:\/\/support.brave.com\/hc\/articles\/360022806212-How-do-I-use-Shields-while-browsing\" target=\"_blank\" rel=\"noreferrer noopener\">Courageux<\/a><\/li>\n\n\n\n<li><a href=\"https:\/\/help.opera.com\/latest\/web-preferences\/#cookies\" target=\"_blank\" rel=\"noreferrer noopener\">Op\u00e9ra<\/a><\/li>\n<\/ul>\n\n\n\n<p>Les Utilisateurs peuvent \u00e9galement g\u00e9rer certaines cat\u00e9gories de Traqueurs utilis\u00e9s sur les applications mobiles en d\u00e9sactivant les param\u00e8tres appropri\u00e9s de l\u2019appareil, tels que les param\u00e8tres publicitaires de l\u2019appareil pour les appareils mobiles ou les param\u00e8tres de suivi en g\u00e9n\u00e9ral (les Utilisateurs peuvent ouvrir les param\u00e8tres de l\u2019appareil et rechercher le param\u00e8tre appropri\u00e9).<\/p>\n<\/div><\/div>\n\n<div class=\"wp-block-uagb-container uagb-block-d4e1fab0 alignfull uagb-is-root-container\"><div class=\"uagb-container-inner-blocks-wrap\">\n<h3 class=\"wp-block-heading\" id=\"sottotitolo-privacy2\"><strong>Comment refuser la publicit\u00e9 cibl\u00e9e par centres d\u2019int\u00e9r\u00eat<\/strong><\/h3>\n\n\n\n<p>Nonobstant ce qui pr\u00e9c\u00e8de, les Utilisateurs sont inform\u00e9s qu\u2019ils peuvent suivre les instructions fournies par <a target=\"_blank\" rel=\"noreferrer noopener\" href=\"http:\/\/www.youronlinechoices.eu\/\">YourOnlineChoices<\/a> (UE et Royaume-Uni), la <a target=\"_blank\" rel=\"noreferrer noopener\" href=\"https:\/\/thenai.org\/about-online-advertising\/\">Network Advertising Initiative<\/a> (\u00c9tats-Unis) et la <a target=\"_blank\" rel=\"noreferrer noopener\" href=\"https:\/\/www.aboutads.info\/consumers\/\">Digital Advertising Alliance<\/a> (\u00c9tats-Unis), la <a target=\"_blank\" rel=\"noreferrer noopener\" href=\"https:\/\/youradchoices.ca\/understanding-online-advertising\/\">DAAC<\/a> (Canada), la <a target=\"_blank\" rel=\"noreferrer noopener\" href=\"http:\/\/www.ddai.info\/optout\">DDAI<\/a> (Japon), dont les liens figurent ci-apr\u00e8s, ou d\u2019autres services similaires. Ces initiatives permettent aux Utilisateurs de s\u00e9lectionner leurs pr\u00e9f\u00e9rences de suivi pour la plupart des outils publicitaires. Le Propri\u00e9taire recommande donc aux Utilisateurs d\u2019utiliser ces ressources en plus des informations fournies dans le pr\u00e9sent document.<\/p>\n\n\n\n<p>La Digital Advertising Alliance propose une application appel\u00e9e <a target=\"_blank\" rel=\"noreferrer noopener\" href=\"https:\/\/youradchoices.com\/appchoices\">AppChoices<\/a> qui aide les Utilisateurs \u00e0 contr\u00f4ler la publicit\u00e9 cibl\u00e9e par centres d\u2019int\u00e9r\u00eat sur les applications mobiles.<\/p>\n<\/div><\/div>\n\n<div class=\"wp-block-uagb-container uagb-block-b8adccf1 alignfull uagb-is-root-container\"><div class=\"uagb-container-inner-blocks-wrap\">\n<h3 class=\"wp-block-heading\" id=\"sottotitolo-privacy2\"><strong>Cons\u00e9quences du refus de l&rsquo;utilisation des Traqueurs<\/strong><\/h3>\n\n\n\n<p>L&rsquo;Utilisateur est libre de d\u00e9cider d&rsquo;autoriser ou non l&rsquo;utilisation de Traqueurs. Toutefois, il convient de noter que les Traqueurs permettent \u00e0 ce site Web de fournir aux Utilisateurs une meilleure exp\u00e9rience et des fonctionnalit\u00e9s avanc\u00e9es (conform\u00e9ment aux finalit\u00e9s d\u00e9crites dans le pr\u00e9sent document). Par cons\u00e9quent, si l\u2019Utilisateur d\u00e9cide de bloquer l&rsquo;utilisation des Traqueurs, il est possible que le Propri\u00e9taire ne soit pas en mesure de fournir les fonctionnalit\u00e9s connexes.  <\/p>\n<\/div><\/div>\n\n<div class=\"wp-block-uagb-container uagb-block-e2dfcfae alignfull uagb-is-root-container\"><div class=\"uagb-container-inner-blocks-wrap\">\n<h3 class=\"wp-block-heading\" id=\"sottotitolo-privacy2\"><strong>Propri\u00e9taire et Responsable du traitement<\/strong><\/h3>\n\n\n\n<p>Savio S.p.A. &#8211; Via Torino, 25 &#8211; 10050 Chiusa di San Michele (Italia)<\/p>\n\n\n\n<p><strong>Courriel de contact du Propri\u00e9taire:<\/strong> <a href=\"mailto:businessdevelopment@savio.it\">businessdevelopment@savio.it<\/a><\/p>\n\n\n\n<p>\u00c9tant donn\u00e9 que l\u2019utilisation des Traqueurs par ce site Web ne peut \u00eatre enti\u00e8rement contr\u00f4l\u00e9e par le Propri\u00e9taire, toute r\u00e9f\u00e9rence sp\u00e9cifique aux Traqueurs tiers n\u2019a qu\u2019une valeur indicative. Afin d\u2019obtenir des informations compl\u00e8tes, les Utilisateurs sont invit\u00e9s \u00e0 consulter les politiques de confidentialit\u00e9 des services tiers indiqu\u00e9s dans le pr\u00e9sent document. <\/p>\n\n\n\n<p>Compte tenu de la complexit\u00e9 objective des technologies de suivi, les Utilisateurs sont invit\u00e9s \u00e0 contacter le Propri\u00e9taire s\u2019ils souhaitent recevoir de plus amples informations sur l\u2019utilisation de ces technologies par ce site Web.<\/p>\n<\/div><\/div>\n","protected":false},"excerpt":{"rendered":"<p>Politique en mati\u00e8re de cookies &#8211; Savio S.p.A. Politique relative aux cookies de https:\/\/savio.it Informations conform\u00e9ment \u00e0 l\u2019article 13 du r\u00e8glement europ\u00e9en 2016\/679 Le pr\u00e9sent document informe les Utilisateurs des technologies permettant \u00e0 ce site Web d\u2019atteindre les finalit\u00e9s d\u00e9crites ci-dessous. Ces technologies permettent au Propri\u00e9taire d\u2019acc\u00e9der \u00e0 des informations et de les stocker (\u00e0&hellip;<\/p>\n","protected":false},"author":2,"featured_media":0,"parent":0,"menu_order":0,"comment_status":"closed","ping_status":"closed","template":"","meta":{"_acf_changed":false,"_uag_custom_page_level_css":"","footnotes":""},"class_list":["post-159199","page","type-page","status-publish","hentry","description-off"],"acf":[],"yoast_head":"<!-- This site is optimized with the Yoast SEO plugin v27.2 - https:\/\/yoast.com\/product\/yoast-seo-wordpress\/ -->\n<title>Politique en mati\u00e8re de cookies - SAVIO<\/title>\n<meta name=\"robots\" content=\"index, follow, max-snippet:-1, max-image-preview:large, max-video-preview:-1\" \/>\n<link rel=\"canonical\" href=\"https:\/\/savio.it\/fr\/cookie-policy\/\" \/>\n<meta property=\"og:locale\" content=\"fr_FR\" \/>\n<meta property=\"og:type\" content=\"article\" \/>\n<meta property=\"og:title\" content=\"Politique en mati\u00e8re de cookies - SAVIO\" \/>\n<meta property=\"og:description\" content=\"Politique en mati\u00e8re de cookies &#8211; Savio S.p.A. Politique relative aux cookies de https:\/\/savio.it Informations conform\u00e9ment \u00e0 l\u2019article 13 du r\u00e8glement europ\u00e9en 2016\/679 Le pr\u00e9sent document informe les Utilisateurs des technologies permettant \u00e0 ce site Web d\u2019atteindre les finalit\u00e9s d\u00e9crites ci-dessous. Ces technologies permettent au Propri\u00e9taire d\u2019acc\u00e9der \u00e0 des informations et de les stocker (\u00e0&hellip;\" \/>\n<meta property=\"og:url\" content=\"https:\/\/savio.it\/fr\/cookie-policy\/\" \/>\n<meta property=\"og:site_name\" content=\"SAVIO\" \/>\n<meta property=\"article:modified_time\" content=\"2025-06-19T15:25:15+00:00\" \/>\n<meta name=\"twitter:card\" content=\"summary_large_image\" \/>\n<meta name=\"twitter:label1\" content=\"Dur\u00e9e de lecture estim\u00e9e\" \/>\n\t<meta name=\"twitter:data1\" content=\"8 minutes\" \/>\n<script type=\"application\/ld+json\" class=\"yoast-schema-graph\">{\"@context\":\"https:\/\/schema.org\",\"@graph\":[{\"@type\":\"WebPage\",\"@id\":\"https:\/\/savio.it\/fr\/cookie-policy\/\",\"url\":\"https:\/\/savio.it\/fr\/cookie-policy\/\",\"name\":\"Politique en mati\u00e8re de cookies - SAVIO\",\"isPartOf\":{\"@id\":\"https:\/\/savio.it\/fr\/#website\"},\"datePublished\":\"2025-06-19T14:23:18+00:00\",\"dateModified\":\"2025-06-19T15:25:15+00:00\",\"breadcrumb\":{\"@id\":\"https:\/\/savio.it\/fr\/cookie-policy\/#breadcrumb\"},\"inLanguage\":\"fr-FR\",\"potentialAction\":[{\"@type\":\"ReadAction\",\"target\":[\"https:\/\/savio.it\/fr\/cookie-policy\/\"]}]},{\"@type\":\"BreadcrumbList\",\"@id\":\"https:\/\/savio.it\/fr\/cookie-policy\/#breadcrumb\",\"itemListElement\":[{\"@type\":\"ListItem\",\"position\":1,\"name\":\"Home\",\"item\":\"https:\/\/savio.it\/fr\/\"},{\"@type\":\"ListItem\",\"position\":2,\"name\":\"Politique en mati\u00e8re de cookies\"}]},{\"@type\":\"WebSite\",\"@id\":\"https:\/\/savio.it\/fr\/#website\",\"url\":\"https:\/\/savio.it\/fr\/\",\"name\":\"SAVIO\",\"description\":\"Open mind for closing system\",\"publisher\":{\"@id\":\"https:\/\/savio.it\/fr\/#organization\"},\"potentialAction\":[{\"@type\":\"SearchAction\",\"target\":{\"@type\":\"EntryPoint\",\"urlTemplate\":\"https:\/\/savio.it\/fr\/?s={search_term_string}\"},\"query-input\":{\"@type\":\"PropertyValueSpecification\",\"valueRequired\":true,\"valueName\":\"search_term_string\"}}],\"inLanguage\":\"fr-FR\"},{\"@type\":\"Organization\",\"@id\":\"https:\/\/savio.it\/fr\/#organization\",\"name\":\"SAVIO\",\"url\":\"https:\/\/savio.it\/fr\/\",\"logo\":{\"@type\":\"ImageObject\",\"inLanguage\":\"fr-FR\",\"@id\":\"https:\/\/savio.it\/fr\/#\/schema\/logo\/image\/\",\"url\":\"https:\/\/savio.it\/wp-content\/uploads\/2021\/09\/cropped-Savio-logo.png\",\"contentUrl\":\"https:\/\/savio.it\/wp-content\/uploads\/2021\/09\/cropped-Savio-logo.png\",\"width\":243,\"height\":64,\"caption\":\"SAVIO\"},\"image\":{\"@id\":\"https:\/\/savio.it\/fr\/#\/schema\/logo\/image\/\"}}]}<\/script>\n<!-- \/ Yoast SEO plugin. -->","yoast_head_json":{"title":"Politique en mati\u00e8re de cookies - SAVIO","robots":{"index":"index","follow":"follow","max-snippet":"max-snippet:-1","max-image-preview":"max-image-preview:large","max-video-preview":"max-video-preview:-1"},"canonical":"https:\/\/savio.it\/fr\/cookie-policy\/","og_locale":"fr_FR","og_type":"article","og_title":"Politique en mati\u00e8re de cookies - SAVIO","og_description":"Politique en mati\u00e8re de cookies &#8211; Savio S.p.A. Politique relative aux cookies de https:\/\/savio.it Informations conform\u00e9ment \u00e0 l\u2019article 13 du r\u00e8glement europ\u00e9en 2016\/679 Le pr\u00e9sent document informe les Utilisateurs des technologies permettant \u00e0 ce site Web d\u2019atteindre les finalit\u00e9s d\u00e9crites ci-dessous. Ces technologies permettent au Propri\u00e9taire d\u2019acc\u00e9der \u00e0 des informations et de les stocker (\u00e0&hellip;","og_url":"https:\/\/savio.it\/fr\/cookie-policy\/","og_site_name":"SAVIO","article_modified_time":"2025-06-19T15:25:15+00:00","twitter_card":"summary_large_image","twitter_misc":{"Dur\u00e9e de lecture estim\u00e9e":"8 minutes"},"schema":{"@context":"https:\/\/schema.org","@graph":[{"@type":"WebPage","@id":"https:\/\/savio.it\/fr\/cookie-policy\/","url":"https:\/\/savio.it\/fr\/cookie-policy\/","name":"Politique en mati\u00e8re de cookies - SAVIO","isPartOf":{"@id":"https:\/\/savio.it\/fr\/#website"},"datePublished":"2025-06-19T14:23:18+00:00","dateModified":"2025-06-19T15:25:15+00:00","breadcrumb":{"@id":"https:\/\/savio.it\/fr\/cookie-policy\/#breadcrumb"},"inLanguage":"fr-FR","potentialAction":[{"@type":"ReadAction","target":["https:\/\/savio.it\/fr\/cookie-policy\/"]}]},{"@type":"BreadcrumbList","@id":"https:\/\/savio.it\/fr\/cookie-policy\/#breadcrumb","itemListElement":[{"@type":"ListItem","position":1,"name":"Home","item":"https:\/\/savio.it\/fr\/"},{"@type":"ListItem","position":2,"name":"Politique en mati\u00e8re de cookies"}]},{"@type":"WebSite","@id":"https:\/\/savio.it\/fr\/#website","url":"https:\/\/savio.it\/fr\/","name":"SAVIO","description":"Open mind for closing system","publisher":{"@id":"https:\/\/savio.it\/fr\/#organization"},"potentialAction":[{"@type":"SearchAction","target":{"@type":"EntryPoint","urlTemplate":"https:\/\/savio.it\/fr\/?s={search_term_string}"},"query-input":{"@type":"PropertyValueSpecification","valueRequired":true,"valueName":"search_term_string"}}],"inLanguage":"fr-FR"},{"@type":"Organization","@id":"https:\/\/savio.it\/fr\/#organization","name":"SAVIO","url":"https:\/\/savio.it\/fr\/","logo":{"@type":"ImageObject","inLanguage":"fr-FR","@id":"https:\/\/savio.it\/fr\/#\/schema\/logo\/image\/","url":"https:\/\/savio.it\/wp-content\/uploads\/2021\/09\/cropped-Savio-logo.png","contentUrl":"https:\/\/savio.it\/wp-content\/uploads\/2021\/09\/cropped-Savio-logo.png","width":243,"height":64,"caption":"SAVIO"},"image":{"@id":"https:\/\/savio.it\/fr\/#\/schema\/logo\/image\/"}}]}},"uagb_featured_image_src":{"full":false,"thumbnail":false,"medium":false,"medium_large":false,"large":false,"gs-tiny":false,"xl":false,"xxl":false,"xxxl":false,"xxxxl":false,"xxxxxl":false,"1536x1536":false,"2048x2048":false,"woocommerce_thumbnail":false,"woocommerce_single":false,"woocommerce_gallery_thumbnail":false},"uagb_author_info":{"display_name":"admin_news","author_link":"https:\/\/savio.it\/fr\/author\/admin_news\/"},"uagb_comment_info":0,"uagb_excerpt":"Politique en mati\u00e8re de cookies &#8211; Savio S.p.A. Politique relative aux cookies de https:\/\/savio.it Informations conform\u00e9ment \u00e0 l\u2019article 13 du r\u00e8glement europ\u00e9en 2016\/679 Le pr\u00e9sent document informe les Utilisateurs des technologies permettant \u00e0 ce site Web d\u2019atteindre les finalit\u00e9s d\u00e9crites ci-dessous. Ces technologies permettent au Propri\u00e9taire d\u2019acc\u00e9der \u00e0 des informations et de les stocker (\u00e0&hellip;","_links":{"self":[{"href":"https:\/\/savio.it\/fr\/wp-json\/wp\/v2\/pages\/159199","targetHints":{"allow":["GET"]}}],"collection":[{"href":"https:\/\/savio.it\/fr\/wp-json\/wp\/v2\/pages"}],"about":[{"href":"https:\/\/savio.it\/fr\/wp-json\/wp\/v2\/types\/page"}],"author":[{"embeddable":true,"href":"https:\/\/savio.it\/fr\/wp-json\/wp\/v2\/users\/2"}],"replies":[{"embeddable":true,"href":"https:\/\/savio.it\/fr\/wp-json\/wp\/v2\/comments?post=159199"}],"version-history":[{"count":5,"href":"https:\/\/savio.it\/fr\/wp-json\/wp\/v2\/pages\/159199\/revisions"}],"predecessor-version":[{"id":159242,"href":"https:\/\/savio.it\/fr\/wp-json\/wp\/v2\/pages\/159199\/revisions\/159242"}],"wp:attachment":[{"href":"https:\/\/savio.it\/fr\/wp-json\/wp\/v2\/media?parent=159199"}],"curies":[{"name":"wp","href":"https:\/\/api.w.org\/{rel}","templated":true}]}}