{"id":113764,"date":"2022-02-10T12:17:17","date_gmt":"2022-02-10T12:17:17","guid":{"rendered":"https:\/\/savio.it\/prodotto\/1341\/"},"modified":"2026-01-27T10:09:21","modified_gmt":"2026-01-27T10:09:21","slug":"1341","status":"publish","type":"product","link":"https:\/\/savio.it\/fr\/prodotto\/1341\/","title":{"rendered":"PIOVRATRE &#8211; 1341"},"content":{"rendered":"<p><em data-start=\"49\" data-end=\"60\">(brevet\u00e9)<\/em> Bras d\u2019arr\u00eat d\u00e9brayable en acier inoxydable 304, contre-plaques en zamak, 4 vis sans t\u00eate M5x12 en acier inoxydable pr\u00e9mont\u00e9es.<\/p>\n<p>Pour profils \u00e0 Chambre Unifi\u00e9e \/ NC International et pour rainures 10&#215;14,3 \u2013 12&#215;15 \u2013 14&#215;18 \u2013 12,5&#215;16,5 \u2013 13,5&#215;16,5.<br data-start=\"306\" data-end=\"309\" \/>Charge admissible : 2 bras \u2013 70 kg.<\/p>\n","protected":false},"excerpt":{"rendered":"<p><em data-start=\"849\" data-end=\"858\">(brev.)<\/em> Bras d\u2019arr\u00eat d\u00e9brayable<\/p>\n","protected":false},"featured_media":113765,"comment_status":"closed","ping_status":"closed","template":"","meta":{"_acf_changed":false,"_uag_custom_page_level_css":""},"product_brand":[],"product_cat":[12874,12879],"product_tag":[],"profilo":[11995,11996,12040,12393,12400,12394,12395,12396,12398,12399,12411,12412,12104,12105,12134,12135,12136,12137,12138,12111,12125,12112,12129,12139,12140,12386,12388,12389,12241,12243,12244,12267,12441,12442,12445,12446,12447,12448,12449,12451,12452,12461,12462,12453,12455,12464,12465,12466,12456,12458,12320,12339,12346,12321,12322,12323,12340,12347,12324,12345,12325,12348,11980,11981,11982,11983,12417,12416,12423,12424,12425,12426,12427,12428,12429,12430,12093,12006,12030,12094,12007,12095,12096,12008,12009,12097,12010,12098,12011,12035,12036,12034,12038,12152,12153,12164,12166,12154,12155,12156,12180,12181,12157,12182,12183,12168,12470,12468,12469,12012,12013,12014,12015,12016,12247,12248,12249,12186,12187,12196,12197,12198,12218,12228,12220,12230,12199,12217,12200,12227,12202,12235,12236,12064,11970,11971,11969,11968,11972,11973,11974,11975,12169,12170,12173,12172,12174,12171,12175,12177,12178,12085,12372,12373,12486,12476,12477,12487,12488,12088,12089,12090,12091,12489,12490,12022,12086,12355,12361,12357,12363,12356,12362,12358,12359,12364,12229,12044,12051,12052,12045,12046,12053,12246,12435,12437,12436,12438,12274,12275,12276,12304,12305,12277,12293,12299,12300,12296,12297,12301,12302,12298,12311,12312,12313,12315,12314,12316],"finiture":[],"gruppo_anta":[],"class_list":{"0":"post-113764","1":"product","2":"type-product","3":"status-publish","4":"has-post-thumbnail","6":"product_cat-bracci-darresto-e-di-chiusura","7":"product_cat-piovratre","8":"profilo-alfil-a54rpt","9":"profilo-alfil-a65rpt","10":"profilo-allco-tec-72","11":"profilo-atlantis-45","12":"profilo-atlantis-45-persiana","13":"profilo-atlantis-45-raggiato","14":"profilo-atlantis-55-tt","15":"profilo-atlantis-55-tt-raggiato","16":"profilo-atlantis-68-tt","17":"profilo-atlantis-68-tt-raggiato","18":"profilo-cx-600","19":"profilo-cx-700","20":"profilo-domal-break-pa-52","21":"profilo-domal-break-pa-52-raggiato","22":"profilo-domal-bright-pa-70-s","23":"profilo-domal-bright-pa-70-s-raggiato","24":"profilo-domal-extratermic-62","25":"profilo-domal-extratermic-62-raggiato","26":"profilo-domal-extratermic-62-sfera","27":"profilo-domal-stopper-pg","28":"profilo-domal-stopper-pg-63","29":"profilo-domal-stopper-pg-raggiato","30":"profilo-domal-sunny-pg","31":"profilo-domal-top-tb-65","32":"profilo-domal-top-tb-65-raggiato","33":"profilo-ecowin-persiana-storica","34":"profilo-ecowin-th-62","35":"profilo-ecowin-th-72","36":"profilo-ekip-40-sormonto","37":"profilo-ekip-50-sormonto","38":"profilo-ekip-ev-sormonto","39":"profilo-ekip-th-83","40":"profilo-ekos-50-sh","41":"profilo-ekos-50-sh-raggiato","42":"profilo-ekos-50-th","43":"profilo-ekos-50-th-raggiato","44":"profilo-ekos-50-thw","45":"profilo-ekos-58-thm","46":"profilo-ekos-58-thm-raggiato","47":"profilo-ekos-66-th","48":"profilo-ekos-66-th-raggiato","49":"profilo-ekos-68-thr","50":"profilo-ekos-68-thr-raggiato","51":"profilo-ekos-75-th","52":"profilo-ekos-75-thw","53":"profilo-ekos-85-th","54":"profilo-ekos-85-th-raggiato","55":"profilo-ekos-85-thw","56":"profilo-ekos-minimall-54-th","57":"profilo-ekos-minimall-62-thj","58":"profilo-eku-40","59":"profilo-eku-40-raggiato","60":"profilo-eku-52-tt","61":"profilo-eku-53","62":"profilo-eku-53-raggiato","63":"profilo-eku-53-tt","64":"profilo-eku-53-tt-raggiato","65":"profilo-eku-62-tt","66":"profilo-eku-64-tt","67":"profilo-eku-66-tt","68":"profilo-eku-72-tt","69":"profilo-eku-78-tt","70":"profilo-esedra-ga-53","71":"profilo-esedra-ga-53-raggiato","72":"profilo-esedra-tt-63","73":"profilo-esedra-tt-75","74":"profilo-et-45-sormonto","75":"profilo-et-45-sormonto-raggiato","76":"profilo-et-58-2-tt","77":"profilo-et-58-2-tt-raggiato","78":"profilo-et-67-3-tt","79":"profilo-et-67-3-tt-raggiato","80":"profilo-et-68-2-tt","81":"profilo-et-68-2-tt-raggiato","82":"profilo-et-75-3-tt","83":"profilo-et-75-3-tt-raggiato","84":"profilo-export-45-fin-al","85":"profilo-export-45","86":"profilo-export-45-persiana","87":"profilo-export-45-raggiato-fin-al","88":"profilo-export-45-raggiato","89":"profilo-export-45-t","90":"profilo-export-45-t-raggiato","91":"profilo-export-45-tt","92":"profilo-export-45-tt-raggiato","93":"profilo-export-50-fin-al","94":"profilo-export-50","95":"profilo-export-50-t","96":"profilo-export-50-tt","97":"profilo-export-51-tt","98":"profilo-export-51-tt-raggiato","99":"profilo-export-68-tt","100":"profilo-export-68-tt-raggiato","101":"profilo-gold-400","102":"profilo-gold-400-raggiato","103":"profilo-gold-450","104":"profilo-gold-450-tt","105":"profilo-gold-490-tt","106":"profilo-gold-500","107":"profilo-gold-500-raggiato","108":"profilo-gold-502-hc","109":"profilo-gold-502-hc-raggiato","110":"profilo-gold-600","111":"profilo-gold-600-hc","112":"profilo-gold-600-hc-raggiato","113":"profilo-goldwing","114":"profilo-hf-580","115":"profilo-hp-600","116":"profilo-hp-700","117":"profilo-k-40","118":"profilo-k-40-raggiato","119":"profilo-k-45t","120":"profilo-k-64t","121":"profilo-k-70t","122":"profilo-maastricht-53","123":"profilo-maastricht-th-60","124":"profilo-maastricht-th-68","125":"profilo-mx-50","126":"profilo-mx-70","127":"profilo-nc-45-int","128":"profilo-nc-45-int-raggiato","129":"profilo-nc-45-sth","130":"profilo-nc-50-i","131":"profilo-nc-50-i-raggiato","132":"profilo-nc-50-sth","133":"profilo-nc-50-sth-raggiato","134":"profilo-nc-55-int","135":"profilo-nc-58-mediterraneo-sormonto","136":"profilo-nc-65-sth","137":"profilo-nc-68-sth-s","138":"profilo-nc-72-sth","139":"profilo-nc-75-sth","140":"profilo-nc-75-sthi","141":"profilo-new-bt-60-tt","142":"profilo-planet-45","143":"profilo-planet-45-raggiato","144":"profilo-planet-50-raggiato","145":"profilo-planet-50-tt","146":"profilo-planet-62-tt","147":"profilo-planet-62-tt-raggiato","148":"profilo-planet-72-ht","149":"profilo-planet-72-ht-raggiato","150":"profilo-plathina-60-antares","151":"profilo-plathina-60-classica","152":"profilo-plathina-60-flat-antares","153":"profilo-plathina-60-flat-classica","154":"profilo-plathina-60-flat-rustica","155":"profilo-plathina-60-rustica","156":"profilo-plathina-69-classica","157":"profilo-plathina-69-flat-classica","158":"profilo-plathina-75-classica","159":"profilo-prestige-73-tt","160":"profilo-road-520-tt-ce","161":"profilo-road-600-tt-ce","162":"profilo-serie-213","163":"profilo-serie-6000","164":"profilo-serie-6500-rpt","165":"profilo-serie-751","166":"profilo-serie-769","167":"profilo-serie-8000","168":"profilo-serie-8000-raggiato","169":"profilo-serie-8000-tt","170":"profilo-serie-8000-tt-raggiato","171":"profilo-serie-801","172":"profilo-serie-901","173":"profilo-sicurblind-65-sormonto","174":"profilo-slim-70-tt","175":"profilo-start-410","176":"profilo-start-410-raggiato","177":"profilo-start-470-tt","178":"profilo-start-470-tt-raggiato","179":"profilo-start-510","180":"profilo-start-510-raggiato","181":"profilo-start-560-tt","182":"profilo-start-640-tt","183":"profilo-start-760-tt","184":"profilo-superblindo","185":"profilo-synthesis-45","186":"profilo-synthesis-52","187":"profilo-synthesis-52-tt","188":"profilo-synthesis-57","189":"profilo-synthesis-60-tt","190":"profilo-synthesis-68-tt","191":"profilo-venice-th16","192":"profilo-vuerre-53-tt","193":"profilo-vuerre-53-tt-raggiato","194":"profilo-vuerre-70-tt","195":"profilo-vuerre-70-tt-raggiato","196":"profilo-windstop-45","197":"profilo-windstop-45-raggiato","198":"profilo-windstop-45-tt","199":"profilo-windstop-45-tt-classic","200":"profilo-windstop-45-tt-classic-raggiato","201":"profilo-windstop-45-tt-raggiato","202":"profilo-windstop-55-tt","203":"profilo-windstop-55-tt-classic","204":"profilo-windstop-55-tt-classic-raggiato","205":"profilo-windstop-55-tt-raggiato","206":"profilo-windstop-65-tt","207":"profilo-windstop-65-tt-classic","208":"profilo-windstop-65-tt-classic-raggiato","209":"profilo-windstop-65-tt-raggiato","210":"profilo-windstop-73-tt","211":"profilo-windstop-73-tt-raggiato","212":"profilo-ws-65-thi","213":"profilo-ws-65-thi-raggiato","214":"profilo-ws-75-thi","215":"profilo-ws-75-thi-raggiato","216":"description-off","218":"first","219":"onbackorder","220":"shipping-taxable","221":"product-type-simple"},"acf":[],"yoast_head":"<!-- This site is optimized with the Yoast SEO plugin v27.2 - https:\/\/yoast.com\/product\/yoast-seo-wordpress\/ -->\n<title>PIOVRATRE - 1341 - SAVIO<\/title>\n<meta name=\"description\" content=\"BRAS D\u2019ARR\u00caT D\u00c9BRAYABLE\" \/>\n<meta name=\"robots\" content=\"index, follow, max-snippet:-1, max-image-preview:large, max-video-preview:-1\" \/>\n<link rel=\"canonical\" href=\"https:\/\/savio.it\/fr\/prodotto\/1341\/\" \/>\n<meta property=\"og:locale\" content=\"fr_FR\" \/>\n<meta property=\"og:type\" content=\"article\" \/>\n<meta property=\"og:title\" content=\"PIOVRATRE - 1341 - SAVIO\" \/>\n<meta property=\"og:description\" content=\"BRAS D\u2019ARR\u00caT D\u00c9BRAYABLE\" \/>\n<meta property=\"og:url\" content=\"https:\/\/savio.it\/fr\/prodotto\/1341\/\" \/>\n<meta property=\"og:site_name\" content=\"SAVIO\" \/>\n<meta property=\"article:modified_time\" content=\"2026-01-27T10:09:21+00:00\" \/>\n<meta property=\"og:image\" content=\"https:\/\/savio.it\/wp-content\/uploads\/2022\/05\/1341.jpg\" \/>\n\t<meta property=\"og:image:width\" content=\"1000\" \/>\n\t<meta property=\"og:image:height\" content=\"1000\" \/>\n\t<meta property=\"og:image:type\" content=\"image\/jpeg\" \/>\n<meta name=\"twitter:card\" content=\"summary_large_image\" \/>\n<meta name=\"twitter:label1\" content=\"Dur\u00e9e de lecture estim\u00e9e\" \/>\n\t<meta name=\"twitter:data1\" content=\"1 minute\" \/>\n<script type=\"application\/ld+json\" class=\"yoast-schema-graph\">{\"@context\":\"https:\/\/schema.org\",\"@graph\":[{\"@type\":\"WebPage\",\"@id\":\"https:\/\/savio.it\/fr\/prodotto\/1341\/\",\"url\":\"https:\/\/savio.it\/fr\/prodotto\/1341\/\",\"name\":\"PIOVRATRE - 1341 - SAVIO\",\"isPartOf\":{\"@id\":\"https:\/\/savio.it\/fr\/#website\"},\"primaryImageOfPage\":{\"@id\":\"https:\/\/savio.it\/fr\/prodotto\/1341\/#primaryimage\"},\"image\":{\"@id\":\"https:\/\/savio.it\/fr\/prodotto\/1341\/#primaryimage\"},\"thumbnailUrl\":\"https:\/\/savio.it\/wp-content\/uploads\/2022\/05\/1341.jpg\",\"datePublished\":\"2022-02-10T12:17:17+00:00\",\"dateModified\":\"2026-01-27T10:09:21+00:00\",\"description\":\"BRAS D\u2019ARR\u00caT D\u00c9BRAYABLE\",\"breadcrumb\":{\"@id\":\"https:\/\/savio.it\/fr\/prodotto\/1341\/#breadcrumb\"},\"inLanguage\":\"fr-FR\",\"potentialAction\":[{\"@type\":\"ReadAction\",\"target\":[\"https:\/\/savio.it\/fr\/prodotto\/1341\/\"]}]},{\"@type\":\"ImageObject\",\"inLanguage\":\"fr-FR\",\"@id\":\"https:\/\/savio.it\/fr\/prodotto\/1341\/#primaryimage\",\"url\":\"https:\/\/savio.it\/wp-content\/uploads\/2022\/05\/1341.jpg\",\"contentUrl\":\"https:\/\/savio.it\/wp-content\/uploads\/2022\/05\/1341.jpg\",\"width\":1000,\"height\":1000},{\"@type\":\"BreadcrumbList\",\"@id\":\"https:\/\/savio.it\/fr\/prodotto\/1341\/#breadcrumb\",\"itemListElement\":[{\"@type\":\"ListItem\",\"position\":1,\"name\":\"Home\",\"item\":\"https:\/\/savio.it\/fr\/\"},{\"@type\":\"ListItem\",\"position\":2,\"name\":\"Produits\",\"item\":\"https:\/\/savio.it\/fr\/prodotti\/\"},{\"@type\":\"ListItem\",\"position\":3,\"name\":\"PIOVRATRE &#8211; 1341\"}]},{\"@type\":\"WebSite\",\"@id\":\"https:\/\/savio.it\/fr\/#website\",\"url\":\"https:\/\/savio.it\/fr\/\",\"name\":\"SAVIO\",\"description\":\"Open mind for closing system\",\"publisher\":{\"@id\":\"https:\/\/savio.it\/fr\/#organization\"},\"potentialAction\":[{\"@type\":\"SearchAction\",\"target\":{\"@type\":\"EntryPoint\",\"urlTemplate\":\"https:\/\/savio.it\/fr\/?s={search_term_string}\"},\"query-input\":{\"@type\":\"PropertyValueSpecification\",\"valueRequired\":true,\"valueName\":\"search_term_string\"}}],\"inLanguage\":\"fr-FR\"},{\"@type\":\"Organization\",\"@id\":\"https:\/\/savio.it\/fr\/#organization\",\"name\":\"SAVIO\",\"url\":\"https:\/\/savio.it\/fr\/\",\"logo\":{\"@type\":\"ImageObject\",\"inLanguage\":\"fr-FR\",\"@id\":\"https:\/\/savio.it\/fr\/#\/schema\/logo\/image\/\",\"url\":\"https:\/\/savio.it\/wp-content\/uploads\/2021\/09\/cropped-Savio-logo.png\",\"contentUrl\":\"https:\/\/savio.it\/wp-content\/uploads\/2021\/09\/cropped-Savio-logo.png\",\"width\":243,\"height\":64,\"caption\":\"SAVIO\"},\"image\":{\"@id\":\"https:\/\/savio.it\/fr\/#\/schema\/logo\/image\/\"}}]}<\/script>\n<!-- \/ Yoast SEO plugin. -->","yoast_head_json":{"title":"PIOVRATRE - 1341 - SAVIO","description":"BRAS D\u2019ARR\u00caT D\u00c9BRAYABLE","robots":{"index":"index","follow":"follow","max-snippet":"max-snippet:-1","max-image-preview":"max-image-preview:large","max-video-preview":"max-video-preview:-1"},"canonical":"https:\/\/savio.it\/fr\/prodotto\/1341\/","og_locale":"fr_FR","og_type":"article","og_title":"PIOVRATRE - 1341 - SAVIO","og_description":"BRAS D\u2019ARR\u00caT D\u00c9BRAYABLE","og_url":"https:\/\/savio.it\/fr\/prodotto\/1341\/","og_site_name":"SAVIO","article_modified_time":"2026-01-27T10:09:21+00:00","og_image":[{"width":1000,"height":1000,"url":"https:\/\/savio.it\/wp-content\/uploads\/2022\/05\/1341.jpg","type":"image\/jpeg"}],"twitter_card":"summary_large_image","twitter_misc":{"Dur\u00e9e de lecture estim\u00e9e":"1 minute"},"schema":{"@context":"https:\/\/schema.org","@graph":[{"@type":"WebPage","@id":"https:\/\/savio.it\/fr\/prodotto\/1341\/","url":"https:\/\/savio.it\/fr\/prodotto\/1341\/","name":"PIOVRATRE - 1341 - SAVIO","isPartOf":{"@id":"https:\/\/savio.it\/fr\/#website"},"primaryImageOfPage":{"@id":"https:\/\/savio.it\/fr\/prodotto\/1341\/#primaryimage"},"image":{"@id":"https:\/\/savio.it\/fr\/prodotto\/1341\/#primaryimage"},"thumbnailUrl":"https:\/\/savio.it\/wp-content\/uploads\/2022\/05\/1341.jpg","datePublished":"2022-02-10T12:17:17+00:00","dateModified":"2026-01-27T10:09:21+00:00","description":"BRAS D\u2019ARR\u00caT D\u00c9BRAYABLE","breadcrumb":{"@id":"https:\/\/savio.it\/fr\/prodotto\/1341\/#breadcrumb"},"inLanguage":"fr-FR","potentialAction":[{"@type":"ReadAction","target":["https:\/\/savio.it\/fr\/prodotto\/1341\/"]}]},{"@type":"ImageObject","inLanguage":"fr-FR","@id":"https:\/\/savio.it\/fr\/prodotto\/1341\/#primaryimage","url":"https:\/\/savio.it\/wp-content\/uploads\/2022\/05\/1341.jpg","contentUrl":"https:\/\/savio.it\/wp-content\/uploads\/2022\/05\/1341.jpg","width":1000,"height":1000},{"@type":"BreadcrumbList","@id":"https:\/\/savio.it\/fr\/prodotto\/1341\/#breadcrumb","itemListElement":[{"@type":"ListItem","position":1,"name":"Home","item":"https:\/\/savio.it\/fr\/"},{"@type":"ListItem","position":2,"name":"Produits","item":"https:\/\/savio.it\/fr\/prodotti\/"},{"@type":"ListItem","position":3,"name":"PIOVRATRE &#8211; 1341"}]},{"@type":"WebSite","@id":"https:\/\/savio.it\/fr\/#website","url":"https:\/\/savio.it\/fr\/","name":"SAVIO","description":"Open mind for closing system","publisher":{"@id":"https:\/\/savio.it\/fr\/#organization"},"potentialAction":[{"@type":"SearchAction","target":{"@type":"EntryPoint","urlTemplate":"https:\/\/savio.it\/fr\/?s={search_term_string}"},"query-input":{"@type":"PropertyValueSpecification","valueRequired":true,"valueName":"search_term_string"}}],"inLanguage":"fr-FR"},{"@type":"Organization","@id":"https:\/\/savio.it\/fr\/#organization","name":"SAVIO","url":"https:\/\/savio.it\/fr\/","logo":{"@type":"ImageObject","inLanguage":"fr-FR","@id":"https:\/\/savio.it\/fr\/#\/schema\/logo\/image\/","url":"https:\/\/savio.it\/wp-content\/uploads\/2021\/09\/cropped-Savio-logo.png","contentUrl":"https:\/\/savio.it\/wp-content\/uploads\/2021\/09\/cropped-Savio-logo.png","width":243,"height":64,"caption":"SAVIO"},"image":{"@id":"https:\/\/savio.it\/fr\/#\/schema\/logo\/image\/"}}]}},"uagb_featured_image_src":{"full":["https:\/\/savio.it\/wp-content\/uploads\/2022\/05\/1341.jpg",1000,1000,false],"thumbnail":["https:\/\/savio.it\/wp-content\/uploads\/2022\/05\/1341-150x150.jpg",150,150,true],"medium":["https:\/\/savio.it\/wp-content\/uploads\/2022\/05\/1341-300x300.jpg",300,300,true],"medium_large":["https:\/\/savio.it\/wp-content\/uploads\/2022\/05\/1341-768x768.jpg",768,768,true],"large":["https:\/\/savio.it\/wp-content\/uploads\/2022\/05\/1341.jpg",1000,1000,false],"gs-tiny":["https:\/\/savio.it\/wp-content\/uploads\/2022\/05\/1341.jpg",50,50,false],"xl":["https:\/\/savio.it\/wp-content\/uploads\/2022\/05\/1341.jpg",1000,1000,false],"xxl":["https:\/\/savio.it\/wp-content\/uploads\/2022\/05\/1341.jpg",1000,1000,false],"xxxl":["https:\/\/savio.it\/wp-content\/uploads\/2022\/05\/1341.jpg",1000,1000,false],"xxxxl":["https:\/\/savio.it\/wp-content\/uploads\/2022\/05\/1341.jpg",1000,1000,false],"xxxxxl":["https:\/\/savio.it\/wp-content\/uploads\/2022\/05\/1341.jpg",1000,1000,false],"1536x1536":["https:\/\/savio.it\/wp-content\/uploads\/2022\/05\/1341.jpg",1000,1000,false],"2048x2048":["https:\/\/savio.it\/wp-content\/uploads\/2022\/05\/1341.jpg",1000,1000,false],"woocommerce_thumbnail":["https:\/\/savio.it\/wp-content\/uploads\/2022\/05\/1341-300x300.jpg",300,300,true],"woocommerce_single":["https:\/\/savio.it\/wp-content\/uploads\/2022\/05\/1341-600x600.jpg",600,600,true],"woocommerce_gallery_thumbnail":["https:\/\/savio.it\/wp-content\/uploads\/2022\/05\/1341-200x200.jpg",200,200,true]},"uagb_author_info":{"display_name":"admin_news","author_link":"https:\/\/savio.it\/fr\/author\/"},"uagb_comment_info":0,"uagb_excerpt":"(brev.) Bras d\u2019arr\u00eat d\u00e9brayable","_links":{"self":[{"href":"https:\/\/savio.it\/fr\/wp-json\/wp\/v2\/product\/113764","targetHints":{"allow":["GET"]}}],"collection":[{"href":"https:\/\/savio.it\/fr\/wp-json\/wp\/v2\/product"}],"about":[{"href":"https:\/\/savio.it\/fr\/wp-json\/wp\/v2\/types\/product"}],"replies":[{"embeddable":true,"href":"https:\/\/savio.it\/fr\/wp-json\/wp\/v2\/comments?post=113764"}],"wp:featuredmedia":[{"embeddable":true,"href":"https:\/\/savio.it\/fr\/wp-json\/wp\/v2\/media\/113765"}],"wp:attachment":[{"href":"https:\/\/savio.it\/fr\/wp-json\/wp\/v2\/media?parent=113764"}],"wp:term":[{"taxonomy":"product_brand","embeddable":true,"href":"https:\/\/savio.it\/fr\/wp-json\/wp\/v2\/product_brand?post=113764"},{"taxonomy":"product_cat","embeddable":true,"href":"https:\/\/savio.it\/fr\/wp-json\/wp\/v2\/product_cat?post=113764"},{"taxonomy":"product_tag","embeddable":true,"href":"https:\/\/savio.it\/fr\/wp-json\/wp\/v2\/product_tag?post=113764"},{"taxonomy":"profilo","embeddable":true,"href":"https:\/\/savio.it\/fr\/wp-json\/wp\/v2\/profilo?post=113764"},{"taxonomy":"finiture","embeddable":true,"href":"https:\/\/savio.it\/fr\/wp-json\/wp\/v2\/finiture?post=113764"},{"taxonomy":"gruppo_anta","embeddable":true,"href":"https:\/\/savio.it\/fr\/wp-json\/wp\/v2\/gruppo_anta?post=113764"}],"curies":[{"name":"wp","href":"https:\/\/api.w.org\/{rel}","templated":true}]}}