{"id":162728,"date":"2022-02-10T14:42:01","date_gmt":"2022-02-10T14:42:01","guid":{"rendered":"https:\/\/savio.it\/prodotto\/piovratre-1341-2\/"},"modified":"2026-01-27T10:14:56","modified_gmt":"2026-01-27T10:14:56","slug":"piovratre-1341-2","status":"publish","type":"product","link":"https:\/\/savio.it\/fr\/prodotto\/piovratre-1341-2\/","title":{"rendered":"PIOVRATRE &#8211; 1341.2"},"content":{"rendered":"<p>(brevet\u00e9) Bras d&rsquo;arr\u00eat amovible en acier inoxydable 304, contreplaques en zamak, 4 vis sans t\u00eate pr\u00e9mont\u00e9es en acier inoxydable M5x12. Pour profil\u00e9s Unified Chamber\/NC International et pour fentes 10&#215;14,3-12&#215;15-14&#215;18-12,5&#215;16,5-13,5&#215;16,5. Capacit\u00e9 de charge : 2 bras Kg 70.<\/p>\n","protected":false},"excerpt":{"rendered":"<p>(pat.) Bras d&rsquo;arr\u00eat d\u00e9tachable<\/p>\n","protected":false},"featured_media":109750,"comment_status":"closed","ping_status":"closed","template":"","meta":{"_acf_changed":false,"_uag_custom_page_level_css":""},"product_brand":[],"product_cat":[12874,12879],"product_tag":[],"profilo":[12431,12270,12289,12290,12271,12288,12291,12292,12272,12308,12309,12273,11988,11989,11991,11993,11994,12409,12410,12070,12073,12074,12075,12081,12419],"finiture":[],"gruppo_anta":[],"class_list":{"0":"post-162728","1":"product","2":"type-product","3":"status-publish","4":"has-post-thumbnail","6":"product_cat-bracci-darresto-e-di-chiusura","7":"product_cat-piovratre","8":"profilo-12431","9":"profilo-new-tec-50","10":"profilo-new-tec-50-classic","11":"profilo-new-tec-50-persiane-con-telaio","12":"profilo-new-tec-52-tt","13":"profilo-new-tec-52-tt-classic","14":"profilo-new-tec-52-tt-light","15":"profilo-new-tec-60-f","16":"profilo-new-tec-60-tt","17":"profilo-new-tec-65","18":"profilo-new-tec-65-classic","19":"profilo-new-tec-68-tt","20":"profilo-r-40","21":"profilo-r-40-raggiato","22":"profilo-r-50-tt-barra-cont","23":"profilo-r-62-tt","24":"profilo-r-72-tt","25":"profilo-rx-600","26":"profilo-rx-700","27":"profilo-tecno-50","28":"profilo-tecno-50-tt","29":"profilo-tecno-60-tt","30":"profilo-tecno-68-tt","31":"profilo-tecno-76-tt","32":"profilo-tt-50","33":"description-off","35":"first","36":"onbackorder","37":"shipping-taxable","38":"product-type-simple"},"acf":[],"yoast_head":"<!-- This site is optimized with the Yoast SEO plugin v27.2 - https:\/\/yoast.com\/product\/yoast-seo-wordpress\/ -->\n<title>PIOVRATRE - 1341.2 - SAVIO<\/title>\n<meta name=\"robots\" content=\"index, follow, max-snippet:-1, max-image-preview:large, max-video-preview:-1\" \/>\n<link rel=\"canonical\" href=\"https:\/\/savio.it\/fr\/prodotto\/piovratre-1341-2\/\" \/>\n<meta property=\"og:locale\" content=\"fr_FR\" \/>\n<meta property=\"og:type\" content=\"article\" \/>\n<meta property=\"og:title\" content=\"PIOVRATRE - 1341.2 - SAVIO\" \/>\n<meta property=\"og:description\" content=\"(pat.) Bras d&#039;arr\u00eat d\u00e9tachable\" \/>\n<meta property=\"og:url\" content=\"https:\/\/savio.it\/fr\/prodotto\/piovratre-1341-2\/\" \/>\n<meta property=\"og:site_name\" content=\"SAVIO\" \/>\n<meta property=\"article:modified_time\" content=\"2026-01-27T10:14:56+00:00\" \/>\n<meta name=\"twitter:card\" content=\"summary_large_image\" \/>\n<meta name=\"twitter:label1\" content=\"Dur\u00e9e de lecture estim\u00e9e\" \/>\n\t<meta name=\"twitter:data1\" content=\"1 minute\" \/>\n<script type=\"application\/ld+json\" class=\"yoast-schema-graph\">{\"@context\":\"https:\/\/schema.org\",\"@graph\":[{\"@type\":\"WebPage\",\"@id\":\"https:\/\/savio.it\/fr\/prodotto\/piovratre-1341-2\/\",\"url\":\"https:\/\/savio.it\/fr\/prodotto\/piovratre-1341-2\/\",\"name\":\"PIOVRATRE - 1341.2 - SAVIO\",\"isPartOf\":{\"@id\":\"https:\/\/savio.it\/fr\/#website\"},\"primaryImageOfPage\":{\"@id\":\"https:\/\/savio.it\/fr\/prodotto\/piovratre-1341-2\/#primaryimage\"},\"image\":{\"@id\":\"https:\/\/savio.it\/fr\/prodotto\/piovratre-1341-2\/#primaryimage\"},\"thumbnailUrl\":\"https:\/\/savio.it\/wp-content\/uploads\/2022\/02\/1341.jpg\",\"datePublished\":\"2022-02-10T14:42:01+00:00\",\"dateModified\":\"2026-01-27T10:14:56+00:00\",\"breadcrumb\":{\"@id\":\"https:\/\/savio.it\/fr\/prodotto\/piovratre-1341-2\/#breadcrumb\"},\"inLanguage\":\"fr-FR\",\"potentialAction\":[{\"@type\":\"ReadAction\",\"target\":[\"https:\/\/savio.it\/fr\/prodotto\/piovratre-1341-2\/\"]}]},{\"@type\":\"ImageObject\",\"inLanguage\":\"fr-FR\",\"@id\":\"https:\/\/savio.it\/fr\/prodotto\/piovratre-1341-2\/#primaryimage\",\"url\":\"https:\/\/savio.it\/wp-content\/uploads\/2022\/02\/1341.jpg\",\"contentUrl\":\"https:\/\/savio.it\/wp-content\/uploads\/2022\/02\/1341.jpg\",\"width\":1000,\"height\":1000},{\"@type\":\"BreadcrumbList\",\"@id\":\"https:\/\/savio.it\/fr\/prodotto\/piovratre-1341-2\/#breadcrumb\",\"itemListElement\":[{\"@type\":\"ListItem\",\"position\":1,\"name\":\"Home\",\"item\":\"https:\/\/savio.it\/fr\/\"},{\"@type\":\"ListItem\",\"position\":2,\"name\":\"Produits\",\"item\":\"https:\/\/savio.it\/fr\/prodotti\/\"},{\"@type\":\"ListItem\",\"position\":3,\"name\":\"PIOVRATRE &#8211; 1341.2\"}]},{\"@type\":\"WebSite\",\"@id\":\"https:\/\/savio.it\/fr\/#website\",\"url\":\"https:\/\/savio.it\/fr\/\",\"name\":\"SAVIO\",\"description\":\"Open mind for closing system\",\"publisher\":{\"@id\":\"https:\/\/savio.it\/fr\/#organization\"},\"potentialAction\":[{\"@type\":\"SearchAction\",\"target\":{\"@type\":\"EntryPoint\",\"urlTemplate\":\"https:\/\/savio.it\/fr\/?s={search_term_string}\"},\"query-input\":{\"@type\":\"PropertyValueSpecification\",\"valueRequired\":true,\"valueName\":\"search_term_string\"}}],\"inLanguage\":\"fr-FR\"},{\"@type\":\"Organization\",\"@id\":\"https:\/\/savio.it\/fr\/#organization\",\"name\":\"SAVIO\",\"url\":\"https:\/\/savio.it\/fr\/\",\"logo\":{\"@type\":\"ImageObject\",\"inLanguage\":\"fr-FR\",\"@id\":\"https:\/\/savio.it\/fr\/#\/schema\/logo\/image\/\",\"url\":\"https:\/\/savio.it\/wp-content\/uploads\/2021\/09\/cropped-Savio-logo.png\",\"contentUrl\":\"https:\/\/savio.it\/wp-content\/uploads\/2021\/09\/cropped-Savio-logo.png\",\"width\":243,\"height\":64,\"caption\":\"SAVIO\"},\"image\":{\"@id\":\"https:\/\/savio.it\/fr\/#\/schema\/logo\/image\/\"}}]}<\/script>\n<!-- \/ Yoast SEO plugin. -->","yoast_head_json":{"title":"PIOVRATRE - 1341.2 - SAVIO","robots":{"index":"index","follow":"follow","max-snippet":"max-snippet:-1","max-image-preview":"max-image-preview:large","max-video-preview":"max-video-preview:-1"},"canonical":"https:\/\/savio.it\/fr\/prodotto\/piovratre-1341-2\/","og_locale":"fr_FR","og_type":"article","og_title":"PIOVRATRE - 1341.2 - SAVIO","og_description":"(pat.) Bras d'arr\u00eat d\u00e9tachable","og_url":"https:\/\/savio.it\/fr\/prodotto\/piovratre-1341-2\/","og_site_name":"SAVIO","article_modified_time":"2026-01-27T10:14:56+00:00","twitter_card":"summary_large_image","twitter_misc":{"Dur\u00e9e de lecture estim\u00e9e":"1 minute"},"schema":{"@context":"https:\/\/schema.org","@graph":[{"@type":"WebPage","@id":"https:\/\/savio.it\/fr\/prodotto\/piovratre-1341-2\/","url":"https:\/\/savio.it\/fr\/prodotto\/piovratre-1341-2\/","name":"PIOVRATRE - 1341.2 - SAVIO","isPartOf":{"@id":"https:\/\/savio.it\/fr\/#website"},"primaryImageOfPage":{"@id":"https:\/\/savio.it\/fr\/prodotto\/piovratre-1341-2\/#primaryimage"},"image":{"@id":"https:\/\/savio.it\/fr\/prodotto\/piovratre-1341-2\/#primaryimage"},"thumbnailUrl":"https:\/\/savio.it\/wp-content\/uploads\/2022\/02\/1341.jpg","datePublished":"2022-02-10T14:42:01+00:00","dateModified":"2026-01-27T10:14:56+00:00","breadcrumb":{"@id":"https:\/\/savio.it\/fr\/prodotto\/piovratre-1341-2\/#breadcrumb"},"inLanguage":"fr-FR","potentialAction":[{"@type":"ReadAction","target":["https:\/\/savio.it\/fr\/prodotto\/piovratre-1341-2\/"]}]},{"@type":"ImageObject","inLanguage":"fr-FR","@id":"https:\/\/savio.it\/fr\/prodotto\/piovratre-1341-2\/#primaryimage","url":"https:\/\/savio.it\/wp-content\/uploads\/2022\/02\/1341.jpg","contentUrl":"https:\/\/savio.it\/wp-content\/uploads\/2022\/02\/1341.jpg","width":1000,"height":1000},{"@type":"BreadcrumbList","@id":"https:\/\/savio.it\/fr\/prodotto\/piovratre-1341-2\/#breadcrumb","itemListElement":[{"@type":"ListItem","position":1,"name":"Home","item":"https:\/\/savio.it\/fr\/"},{"@type":"ListItem","position":2,"name":"Produits","item":"https:\/\/savio.it\/fr\/prodotti\/"},{"@type":"ListItem","position":3,"name":"PIOVRATRE &#8211; 1341.2"}]},{"@type":"WebSite","@id":"https:\/\/savio.it\/fr\/#website","url":"https:\/\/savio.it\/fr\/","name":"SAVIO","description":"Open mind for closing system","publisher":{"@id":"https:\/\/savio.it\/fr\/#organization"},"potentialAction":[{"@type":"SearchAction","target":{"@type":"EntryPoint","urlTemplate":"https:\/\/savio.it\/fr\/?s={search_term_string}"},"query-input":{"@type":"PropertyValueSpecification","valueRequired":true,"valueName":"search_term_string"}}],"inLanguage":"fr-FR"},{"@type":"Organization","@id":"https:\/\/savio.it\/fr\/#organization","name":"SAVIO","url":"https:\/\/savio.it\/fr\/","logo":{"@type":"ImageObject","inLanguage":"fr-FR","@id":"https:\/\/savio.it\/fr\/#\/schema\/logo\/image\/","url":"https:\/\/savio.it\/wp-content\/uploads\/2021\/09\/cropped-Savio-logo.png","contentUrl":"https:\/\/savio.it\/wp-content\/uploads\/2021\/09\/cropped-Savio-logo.png","width":243,"height":64,"caption":"SAVIO"},"image":{"@id":"https:\/\/savio.it\/fr\/#\/schema\/logo\/image\/"}}]}},"uagb_featured_image_src":{"full":["https:\/\/savio.it\/wp-content\/uploads\/2022\/02\/1341.jpg",1000,1000,false],"thumbnail":["https:\/\/savio.it\/wp-content\/uploads\/2022\/02\/1341-150x150.jpg",150,150,true],"medium":["https:\/\/savio.it\/wp-content\/uploads\/2022\/02\/1341-300x300.jpg",300,300,true],"medium_large":["https:\/\/savio.it\/wp-content\/uploads\/2022\/02\/1341-768x768.jpg",768,768,true],"large":["https:\/\/savio.it\/wp-content\/uploads\/2022\/02\/1341.jpg",1000,1000,false],"gs-tiny":["https:\/\/savio.it\/wp-content\/uploads\/2022\/02\/1341.jpg",50,50,false],"xl":["https:\/\/savio.it\/wp-content\/uploads\/2022\/02\/1341.jpg",1000,1000,false],"xxl":["https:\/\/savio.it\/wp-content\/uploads\/2022\/02\/1341.jpg",1000,1000,false],"xxxl":["https:\/\/savio.it\/wp-content\/uploads\/2022\/02\/1341.jpg",1000,1000,false],"xxxxl":["https:\/\/savio.it\/wp-content\/uploads\/2022\/02\/1341.jpg",1000,1000,false],"xxxxxl":["https:\/\/savio.it\/wp-content\/uploads\/2022\/02\/1341.jpg",1000,1000,false],"1536x1536":["https:\/\/savio.it\/wp-content\/uploads\/2022\/02\/1341.jpg",1000,1000,false],"2048x2048":["https:\/\/savio.it\/wp-content\/uploads\/2022\/02\/1341.jpg",1000,1000,false],"woocommerce_thumbnail":["https:\/\/savio.it\/wp-content\/uploads\/2022\/02\/1341-300x300.jpg",300,300,true],"woocommerce_single":["https:\/\/savio.it\/wp-content\/uploads\/2022\/02\/1341-600x600.jpg",600,600,true],"woocommerce_gallery_thumbnail":["https:\/\/savio.it\/wp-content\/uploads\/2022\/02\/1341-200x200.jpg",200,200,true]},"uagb_author_info":{"display_name":"admin_news","author_link":"https:\/\/savio.it\/fr\/author\/"},"uagb_comment_info":0,"uagb_excerpt":"(pat.) Bras d'arr\u00eat d\u00e9tachable","_links":{"self":[{"href":"https:\/\/savio.it\/fr\/wp-json\/wp\/v2\/product\/162728","targetHints":{"allow":["GET"]}}],"collection":[{"href":"https:\/\/savio.it\/fr\/wp-json\/wp\/v2\/product"}],"about":[{"href":"https:\/\/savio.it\/fr\/wp-json\/wp\/v2\/types\/product"}],"replies":[{"embeddable":true,"href":"https:\/\/savio.it\/fr\/wp-json\/wp\/v2\/comments?post=162728"}],"wp:featuredmedia":[{"embeddable":true,"href":"https:\/\/savio.it\/fr\/wp-json\/wp\/v2\/media\/109750"}],"wp:attachment":[{"href":"https:\/\/savio.it\/fr\/wp-json\/wp\/v2\/media?parent=162728"}],"wp:term":[{"taxonomy":"product_brand","embeddable":true,"href":"https:\/\/savio.it\/fr\/wp-json\/wp\/v2\/product_brand?post=162728"},{"taxonomy":"product_cat","embeddable":true,"href":"https:\/\/savio.it\/fr\/wp-json\/wp\/v2\/product_cat?post=162728"},{"taxonomy":"product_tag","embeddable":true,"href":"https:\/\/savio.it\/fr\/wp-json\/wp\/v2\/product_tag?post=162728"},{"taxonomy":"profilo","embeddable":true,"href":"https:\/\/savio.it\/fr\/wp-json\/wp\/v2\/profilo?post=162728"},{"taxonomy":"finiture","embeddable":true,"href":"https:\/\/savio.it\/fr\/wp-json\/wp\/v2\/finiture?post=162728"},{"taxonomy":"gruppo_anta","embeddable":true,"href":"https:\/\/savio.it\/fr\/wp-json\/wp\/v2\/gruppo_anta?post=162728"}],"curies":[{"name":"wp","href":"https:\/\/api.w.org\/{rel}","templated":true}]}}