{"id":162745,"date":"2022-02-10T12:17:17","date_gmt":"2022-02-10T12:17:17","guid":{"rendered":"https:\/\/savio.it\/prodotto\/piovradue-1344\/"},"modified":"2026-01-27T11:28:14","modified_gmt":"2026-01-27T11:28:14","slug":"1344","status":"publish","type":"product","link":"https:\/\/savio.it\/fr\/prodotto\/1344\/","title":{"rendered":"PIOVRADUE &#8211; 1344"},"content":{"rendered":"<p>(brev.) Compas d\u00e9crochable en acier inoxydable 304 (brevet\u00e9), contreplaques en zamak galvanis\u00e9 noir, 2 vis sans t\u00eate pr\u00e9mont\u00e9es en acier galvanis\u00e9 M5x6 et 2 vis sans t\u00eate pr\u00e9mont\u00e9es en acier galvanis\u00e9 M5x10. Capacit\u00e9 de charge : 2 bras Kg 70.<\/p>\n","protected":false},"excerpt":{"rendered":"<p>(brev.) Compas d\u00e9crochable<\/p>\n","protected":false},"featured_media":68425,"comment_status":"closed","ping_status":"closed","template":"","meta":{"_acf_changed":false,"_uag_custom_page_level_css":""},"product_brand":[],"product_cat":[12874,12887],"product_tag":[],"profilo":[11995,11996,12001,12040,12393,12400,12394,12395,12396,12398,12399,12061,12062,12063,12479,12480,12481,12411,12412,12104,12105,12134,12135,12136,12137,12138,12111,12125,12112,12129,12139,12140,12043,12388,12389,12250,12243,12244,12267,12441,12443,12442,12445,12446,12447,12448,12449,12451,12452,12461,12462,12453,12455,12464,12465,12466,12456,12458,12320,12339,12346,12321,12344,12322,12323,12340,12347,12324,12345,12325,12348,11980,11981,11982,11983,12417,12416,12423,12424,12425,12426,12427,12428,12429,12430,12093,12006,12030,12007,12094,12095,12096,12008,12009,12010,12097,12098,12035,12036,12034,12038,12152,12153,12164,12166,12154,12155,12156,12180,12181,12157,12182,12183,12482,12483,12168,12470,12468,12469,12012,12013,12014,12015,12016,12247,12266,12248,12249,12219,12186,12187,12196,12197,12198,12218,12228,12220,12230,12199,12217,12200,12201,12227,12202,12235,12236,12064,11970,11971,11969,11968,11972,11973,11974,11975,12169,12170,12173,12172,12174,12171,12175,12177,12178,12085,12372,12373,12486,12476,12477,12487,12488,12088,12089,12090,12091,12489,12490,12086,12355,12369,12361,12357,12363,12356,12362,12358,12359,12364,12229,12044,12051,12052,12045,12046,12053,12246,12435,12437,12436,12438,12274,12275,12276,12304,12305,12277,12293,12299,12300,12296,12297,12301,12302,12298,12311,12312,12313,12315,12314,12316],"finiture":[],"gruppo_anta":[],"class_list":{"0":"post-162745","1":"product","2":"type-product","3":"status-publish","4":"has-post-thumbnail","6":"product_cat-bracci-darresto-e-di-chiusura","7":"product_cat-piovradue-bracci-darresto-e-di-chiusura","8":"profilo-alfil-a54rpt","9":"profilo-alfil-a65rpt","10":"profilo-all-co-5-sormonto","11":"profilo-allco-tec-72","12":"profilo-atlantis-45","13":"profilo-atlantis-45-persiana","14":"profilo-atlantis-45-raggiato","15":"profilo-atlantis-55-tt","16":"profilo-atlantis-55-tt-raggiato","17":"profilo-atlantis-68-tt","18":"profilo-atlantis-68-tt-raggiato","19":"profilo-bga-50","20":"profilo-bga-50-arrotondato","21":"profilo-bga-50-raggiato","22":"profilo-bronze-window","23":"profilo-calm-door","24":"profilo-calm-window","25":"profilo-cx-600","26":"profilo-cx-700","27":"profilo-domal-break-pa-52","28":"profilo-domal-break-pa-52-raggiato","29":"profilo-domal-bright-pa-70-s","30":"profilo-domal-bright-pa-70-s-raggiato","31":"profilo-domal-extratermic-62","32":"profilo-domal-extratermic-62-raggiato","33":"profilo-domal-extratermic-62-sfera","34":"profilo-domal-stopper-pg","35":"profilo-domal-stopper-pg-63","36":"profilo-domal-stopper-pg-raggiato","37":"profilo-domal-sunny-pg","38":"profilo-domal-top-tb-65","39":"profilo-domal-top-tb-65-raggiato","40":"profilo-ds-45","41":"profilo-ecowin-th-62","42":"profilo-ecowin-th-72","43":"profilo-ekip-40-nuovo-sormonto","44":"profilo-ekip-50-sormonto","45":"profilo-ekip-ev-sormonto","46":"profilo-ekip-th-83","47":"profilo-ekos-50-sh","48":"profilo-ekos-50-sh-persiana","49":"profilo-ekos-50-sh-raggiato","50":"profilo-ekos-50-th","51":"profilo-ekos-50-th-raggiato","52":"profilo-ekos-50-thw","53":"profilo-ekos-58-thm","54":"profilo-ekos-58-thm-raggiato","55":"profilo-ekos-66-th","56":"profilo-ekos-66-th-raggiato","57":"profilo-ekos-68-thr","58":"profilo-ekos-68-thr-raggiato","59":"profilo-ekos-75-th","60":"profilo-ekos-75-thw","61":"profilo-ekos-85-th","62":"profilo-ekos-85-th-raggiato","63":"profilo-ekos-85-thw","64":"profilo-ekos-minimall-54-th","65":"profilo-ekos-minimall-62-thj","66":"profilo-eku-40","67":"profilo-eku-40-raggiato","68":"profilo-eku-52-tt","69":"profilo-eku-53","70":"profilo-eku-53-persiana","71":"profilo-eku-53-raggiato","72":"profilo-eku-53-tt","73":"profilo-eku-53-tt-raggiato","74":"profilo-eku-62-tt","75":"profilo-eku-64-tt","76":"profilo-eku-66-tt","77":"profilo-eku-72-tt","78":"profilo-eku-78-tt","79":"profilo-esedra-ga-53","80":"profilo-esedra-ga-53-raggiato","81":"profilo-esedra-tt-63","82":"profilo-esedra-tt-75","83":"profilo-et-45-sormonto","84":"profilo-et-45-sormonto-raggiato","85":"profilo-et-58-2-tt","86":"profilo-et-58-2-tt-raggiato","87":"profilo-et-67-3-tt","88":"profilo-et-67-3-tt-raggiato","89":"profilo-et-68-2-tt","90":"profilo-et-68-2-tt-raggiato","91":"profilo-et-75-3-tt","92":"profilo-et-75-3-tt-raggiato","93":"profilo-export-45-fin-al","94":"profilo-export-45","95":"profilo-export-45-persiana","96":"profilo-export-45-raggiato","97":"profilo-export-45-raggiato-fin-al","98":"profilo-export-45-t","99":"profilo-export-45-t-raggiato","100":"profilo-export-45-tt","101":"profilo-export-45-tt-raggiato","102":"profilo-export-50","103":"profilo-export-50-fin-al","104":"profilo-export-50-t","105":"profilo-export-51-tt","106":"profilo-export-51-tt-raggiato","107":"profilo-export-68-tt","108":"profilo-export-68-tt-raggiato","109":"profilo-gold-400","110":"profilo-gold-400-raggiato","111":"profilo-gold-450","112":"profilo-gold-450-tt","113":"profilo-gold-490-tt","114":"profilo-gold-500","115":"profilo-gold-500-raggiato","116":"profilo-gold-502-hc","117":"profilo-gold-502-hc-raggiato","118":"profilo-gold-600","119":"profilo-gold-600-hc","120":"profilo-gold-600-hc-raggiato","121":"profilo-golden-silver-door","122":"profilo-golden-silver-window","123":"profilo-goldwing","124":"profilo-hf-580","125":"profilo-hp-600","126":"profilo-hp-700","127":"profilo-k-40","128":"profilo-k-40-raggiato","129":"profilo-k-45t","130":"profilo-k-64t","131":"profilo-k-70t","132":"profilo-maastricht-53","133":"profilo-maastricht-light","134":"profilo-maastricht-th-60","135":"profilo-maastricht-th-68","136":"profilo-metraltech","137":"profilo-mx-50","138":"profilo-mx-70","139":"profilo-nc-45-int","140":"profilo-nc-45-int-raggiato","141":"profilo-nc-45-sth","142":"profilo-nc-50-i","143":"profilo-nc-50-i-raggiato","144":"profilo-nc-50-sth","145":"profilo-nc-50-sth-raggiato","146":"profilo-nc-55-int","147":"profilo-nc-58-mediterraneo-sormonto","148":"profilo-nc-65-sth","149":"profilo-nc-68-sth","150":"profilo-nc-68-sth-s","151":"profilo-nc-72-sth","152":"profilo-nc-75-sth","153":"profilo-nc-75-sthi","154":"profilo-new-bt-60-tt","155":"profilo-planet-45","156":"profilo-planet-45-raggiato","157":"profilo-planet-50-raggiato","158":"profilo-planet-50-tt","159":"profilo-planet-62-tt","160":"profilo-planet-62-tt-raggiato","161":"profilo-planet-72-ht","162":"profilo-planet-72-ht-raggiato","163":"profilo-plathina-60-antares","164":"profilo-plathina-60-classica","165":"profilo-plathina-60-flat-antares","166":"profilo-plathina-60-flat-classica","167":"profilo-plathina-60-flat-rustica","168":"profilo-plathina-60-rustica","169":"profilo-plathina-69-classica","170":"profilo-plathina-69-flat-classica","171":"profilo-plathina-75-classica","172":"profilo-prestige-73-tt","173":"profilo-road-520-tt-ce","174":"profilo-road-600-tt-ce","175":"profilo-serie-213","176":"profilo-serie-6000","177":"profilo-serie-6500-rpt","178":"profilo-serie-751","179":"profilo-serie-769","180":"profilo-serie-8000","181":"profilo-serie-8000-raggiato","182":"profilo-serie-8000-tt","183":"profilo-serie-8000-tt-raggiato","184":"profilo-serie-801","185":"profilo-serie-901","186":"profilo-slim-70-tt","187":"profilo-start-410","188":"profilo-start-410-persiana","189":"profilo-start-410-raggiato","190":"profilo-start-470-tt","191":"profilo-start-470-tt-raggiato","192":"profilo-start-510","193":"profilo-start-510-raggiato","194":"profilo-start-560-tt","195":"profilo-start-640-tt","196":"profilo-start-760-tt","197":"profilo-superblindo","198":"profilo-synthesis-45","199":"profilo-synthesis-52","200":"profilo-synthesis-52-tt","201":"profilo-synthesis-57","202":"profilo-synthesis-60-tt","203":"profilo-synthesis-68-tt","204":"profilo-venice-th16","205":"profilo-vuerre-53-tt","206":"profilo-vuerre-53-tt-raggiato","207":"profilo-vuerre-70-tt","208":"profilo-vuerre-70-tt-raggiato","209":"profilo-windstop-45","210":"profilo-windstop-45-raggiato","211":"profilo-windstop-45-tt","212":"profilo-windstop-45-tt-classic","213":"profilo-windstop-45-tt-classic-raggiato","214":"profilo-windstop-45-tt-raggiato","215":"profilo-windstop-55-tt","216":"profilo-windstop-55-tt-classic","217":"profilo-windstop-55-tt-classic-raggiato","218":"profilo-windstop-55-tt-raggiato","219":"profilo-windstop-65-tt","220":"profilo-windstop-65-tt-classic","221":"profilo-windstop-65-tt-classic-raggiato","222":"profilo-windstop-65-tt-raggiato","223":"profilo-windstop-73-tt","224":"profilo-windstop-73-tt-raggiato","225":"profilo-ws-65-thi","226":"profilo-ws-65-thi-raggiato","227":"profilo-ws-75-thi","228":"profilo-ws-75-thi-raggiato","229":"description-off","231":"first","232":"onbackorder","233":"shipping-taxable","234":"product-type-simple"},"acf":[],"yoast_head":"<!-- This site is optimized with the Yoast SEO plugin v27.2 - https:\/\/yoast.com\/product\/yoast-seo-wordpress\/ -->\n<title>PIOVRADUE - 1344 - SAVIO<\/title>\n<meta name=\"description\" content=\"(brev.) Compas d\u00e9crochable\" \/>\n<meta name=\"robots\" content=\"index, follow, max-snippet:-1, max-image-preview:large, max-video-preview:-1\" \/>\n<link rel=\"canonical\" href=\"https:\/\/savio.it\/fr\/prodotto\/1344\/\" \/>\n<meta property=\"og:locale\" content=\"fr_FR\" \/>\n<meta property=\"og:type\" content=\"article\" \/>\n<meta property=\"og:title\" content=\"PIOVRADUE - 1344 - SAVIO\" \/>\n<meta property=\"og:description\" content=\"(brev.) Compas d\u00e9crochable\" \/>\n<meta property=\"og:url\" content=\"https:\/\/savio.it\/fr\/prodotto\/1344\/\" \/>\n<meta property=\"og:site_name\" content=\"SAVIO\" \/>\n<meta property=\"article:modified_time\" content=\"2026-01-27T11:28:14+00:00\" \/>\n<meta name=\"twitter:card\" content=\"summary_large_image\" \/>\n<meta name=\"twitter:label1\" content=\"Dur\u00e9e de lecture estim\u00e9e\" \/>\n\t<meta name=\"twitter:data1\" content=\"1 minute\" \/>\n<script type=\"application\/ld+json\" class=\"yoast-schema-graph\">{\"@context\":\"https:\/\/schema.org\",\"@graph\":[{\"@type\":\"WebPage\",\"@id\":\"https:\/\/savio.it\/fr\/prodotto\/1344\/\",\"url\":\"https:\/\/savio.it\/fr\/prodotto\/1344\/\",\"name\":\"PIOVRADUE - 1344 - SAVIO\",\"isPartOf\":{\"@id\":\"https:\/\/savio.it\/fr\/#website\"},\"primaryImageOfPage\":{\"@id\":\"https:\/\/savio.it\/fr\/prodotto\/1344\/#primaryimage\"},\"image\":{\"@id\":\"https:\/\/savio.it\/fr\/prodotto\/1344\/#primaryimage\"},\"thumbnailUrl\":\"https:\/\/savio.it\/wp-content\/uploads\/2022\/05\/1344.jpg\",\"datePublished\":\"2022-02-10T12:17:17+00:00\",\"dateModified\":\"2026-01-27T11:28:14+00:00\",\"description\":\"(brev.) Compas d\u00e9crochable\",\"breadcrumb\":{\"@id\":\"https:\/\/savio.it\/fr\/prodotto\/1344\/#breadcrumb\"},\"inLanguage\":\"fr-FR\",\"potentialAction\":[{\"@type\":\"ReadAction\",\"target\":[\"https:\/\/savio.it\/fr\/prodotto\/1344\/\"]}]},{\"@type\":\"ImageObject\",\"inLanguage\":\"fr-FR\",\"@id\":\"https:\/\/savio.it\/fr\/prodotto\/1344\/#primaryimage\",\"url\":\"https:\/\/savio.it\/wp-content\/uploads\/2022\/05\/1344.jpg\",\"contentUrl\":\"https:\/\/savio.it\/wp-content\/uploads\/2022\/05\/1344.jpg\",\"width\":1000,\"height\":1000},{\"@type\":\"BreadcrumbList\",\"@id\":\"https:\/\/savio.it\/fr\/prodotto\/1344\/#breadcrumb\",\"itemListElement\":[{\"@type\":\"ListItem\",\"position\":1,\"name\":\"Home\",\"item\":\"https:\/\/savio.it\/fr\/\"},{\"@type\":\"ListItem\",\"position\":2,\"name\":\"Produits\",\"item\":\"https:\/\/savio.it\/fr\/prodotti\/\"},{\"@type\":\"ListItem\",\"position\":3,\"name\":\"PIOVRADUE &#8211; 1344\"}]},{\"@type\":\"WebSite\",\"@id\":\"https:\/\/savio.it\/fr\/#website\",\"url\":\"https:\/\/savio.it\/fr\/\",\"name\":\"SAVIO\",\"description\":\"Open mind for closing system\",\"publisher\":{\"@id\":\"https:\/\/savio.it\/fr\/#organization\"},\"potentialAction\":[{\"@type\":\"SearchAction\",\"target\":{\"@type\":\"EntryPoint\",\"urlTemplate\":\"https:\/\/savio.it\/fr\/?s={search_term_string}\"},\"query-input\":{\"@type\":\"PropertyValueSpecification\",\"valueRequired\":true,\"valueName\":\"search_term_string\"}}],\"inLanguage\":\"fr-FR\"},{\"@type\":\"Organization\",\"@id\":\"https:\/\/savio.it\/fr\/#organization\",\"name\":\"SAVIO\",\"url\":\"https:\/\/savio.it\/fr\/\",\"logo\":{\"@type\":\"ImageObject\",\"inLanguage\":\"fr-FR\",\"@id\":\"https:\/\/savio.it\/fr\/#\/schema\/logo\/image\/\",\"url\":\"https:\/\/savio.it\/wp-content\/uploads\/2021\/09\/cropped-Savio-logo.png\",\"contentUrl\":\"https:\/\/savio.it\/wp-content\/uploads\/2021\/09\/cropped-Savio-logo.png\",\"width\":243,\"height\":64,\"caption\":\"SAVIO\"},\"image\":{\"@id\":\"https:\/\/savio.it\/fr\/#\/schema\/logo\/image\/\"}}]}<\/script>\n<!-- \/ Yoast SEO plugin. -->","yoast_head_json":{"title":"PIOVRADUE - 1344 - SAVIO","description":"(brev.) Compas d\u00e9crochable","robots":{"index":"index","follow":"follow","max-snippet":"max-snippet:-1","max-image-preview":"max-image-preview:large","max-video-preview":"max-video-preview:-1"},"canonical":"https:\/\/savio.it\/fr\/prodotto\/1344\/","og_locale":"fr_FR","og_type":"article","og_title":"PIOVRADUE - 1344 - SAVIO","og_description":"(brev.) Compas d\u00e9crochable","og_url":"https:\/\/savio.it\/fr\/prodotto\/1344\/","og_site_name":"SAVIO","article_modified_time":"2026-01-27T11:28:14+00:00","twitter_card":"summary_large_image","twitter_misc":{"Dur\u00e9e de lecture estim\u00e9e":"1 minute"},"schema":{"@context":"https:\/\/schema.org","@graph":[{"@type":"WebPage","@id":"https:\/\/savio.it\/fr\/prodotto\/1344\/","url":"https:\/\/savio.it\/fr\/prodotto\/1344\/","name":"PIOVRADUE - 1344 - SAVIO","isPartOf":{"@id":"https:\/\/savio.it\/fr\/#website"},"primaryImageOfPage":{"@id":"https:\/\/savio.it\/fr\/prodotto\/1344\/#primaryimage"},"image":{"@id":"https:\/\/savio.it\/fr\/prodotto\/1344\/#primaryimage"},"thumbnailUrl":"https:\/\/savio.it\/wp-content\/uploads\/2022\/05\/1344.jpg","datePublished":"2022-02-10T12:17:17+00:00","dateModified":"2026-01-27T11:28:14+00:00","description":"(brev.) Compas d\u00e9crochable","breadcrumb":{"@id":"https:\/\/savio.it\/fr\/prodotto\/1344\/#breadcrumb"},"inLanguage":"fr-FR","potentialAction":[{"@type":"ReadAction","target":["https:\/\/savio.it\/fr\/prodotto\/1344\/"]}]},{"@type":"ImageObject","inLanguage":"fr-FR","@id":"https:\/\/savio.it\/fr\/prodotto\/1344\/#primaryimage","url":"https:\/\/savio.it\/wp-content\/uploads\/2022\/05\/1344.jpg","contentUrl":"https:\/\/savio.it\/wp-content\/uploads\/2022\/05\/1344.jpg","width":1000,"height":1000},{"@type":"BreadcrumbList","@id":"https:\/\/savio.it\/fr\/prodotto\/1344\/#breadcrumb","itemListElement":[{"@type":"ListItem","position":1,"name":"Home","item":"https:\/\/savio.it\/fr\/"},{"@type":"ListItem","position":2,"name":"Produits","item":"https:\/\/savio.it\/fr\/prodotti\/"},{"@type":"ListItem","position":3,"name":"PIOVRADUE &#8211; 1344"}]},{"@type":"WebSite","@id":"https:\/\/savio.it\/fr\/#website","url":"https:\/\/savio.it\/fr\/","name":"SAVIO","description":"Open mind for closing system","publisher":{"@id":"https:\/\/savio.it\/fr\/#organization"},"potentialAction":[{"@type":"SearchAction","target":{"@type":"EntryPoint","urlTemplate":"https:\/\/savio.it\/fr\/?s={search_term_string}"},"query-input":{"@type":"PropertyValueSpecification","valueRequired":true,"valueName":"search_term_string"}}],"inLanguage":"fr-FR"},{"@type":"Organization","@id":"https:\/\/savio.it\/fr\/#organization","name":"SAVIO","url":"https:\/\/savio.it\/fr\/","logo":{"@type":"ImageObject","inLanguage":"fr-FR","@id":"https:\/\/savio.it\/fr\/#\/schema\/logo\/image\/","url":"https:\/\/savio.it\/wp-content\/uploads\/2021\/09\/cropped-Savio-logo.png","contentUrl":"https:\/\/savio.it\/wp-content\/uploads\/2021\/09\/cropped-Savio-logo.png","width":243,"height":64,"caption":"SAVIO"},"image":{"@id":"https:\/\/savio.it\/fr\/#\/schema\/logo\/image\/"}}]}},"uagb_featured_image_src":{"full":["https:\/\/savio.it\/wp-content\/uploads\/2022\/05\/1344.jpg",1000,1000,false],"thumbnail":["https:\/\/savio.it\/wp-content\/uploads\/2022\/05\/1344-150x150.jpg",150,150,true],"medium":["https:\/\/savio.it\/wp-content\/uploads\/2022\/05\/1344-300x300.jpg",300,300,true],"medium_large":["https:\/\/savio.it\/wp-content\/uploads\/2022\/05\/1344-768x768.jpg",768,768,true],"large":["https:\/\/savio.it\/wp-content\/uploads\/2022\/05\/1344.jpg",1000,1000,false],"gs-tiny":["https:\/\/savio.it\/wp-content\/uploads\/2022\/05\/1344-50x50.jpg",50,50,true],"xl":["https:\/\/savio.it\/wp-content\/uploads\/2022\/05\/1344.jpg",1000,1000,false],"xxl":["https:\/\/savio.it\/wp-content\/uploads\/2022\/05\/1344.jpg",1000,1000,false],"xxxl":["https:\/\/savio.it\/wp-content\/uploads\/2022\/05\/1344.jpg",1000,1000,false],"xxxxl":["https:\/\/savio.it\/wp-content\/uploads\/2022\/05\/1344.jpg",1000,1000,false],"xxxxxl":["https:\/\/savio.it\/wp-content\/uploads\/2022\/05\/1344.jpg",1000,1000,false],"1536x1536":["https:\/\/savio.it\/wp-content\/uploads\/2022\/05\/1344.jpg",1000,1000,false],"2048x2048":["https:\/\/savio.it\/wp-content\/uploads\/2022\/05\/1344.jpg",1000,1000,false],"woocommerce_thumbnail":["https:\/\/savio.it\/wp-content\/uploads\/2022\/05\/1344-300x300.jpg",300,300,true],"woocommerce_single":["https:\/\/savio.it\/wp-content\/uploads\/2022\/05\/1344-600x600.jpg",600,600,true],"woocommerce_gallery_thumbnail":["https:\/\/savio.it\/wp-content\/uploads\/2022\/05\/1344-200x200.jpg",200,200,true]},"uagb_author_info":{"display_name":"admin_news","author_link":"https:\/\/savio.it\/fr\/author\/"},"uagb_comment_info":0,"uagb_excerpt":"(brev.) Compas d\u00e9crochable","_links":{"self":[{"href":"https:\/\/savio.it\/fr\/wp-json\/wp\/v2\/product\/162745","targetHints":{"allow":["GET"]}}],"collection":[{"href":"https:\/\/savio.it\/fr\/wp-json\/wp\/v2\/product"}],"about":[{"href":"https:\/\/savio.it\/fr\/wp-json\/wp\/v2\/types\/product"}],"replies":[{"embeddable":true,"href":"https:\/\/savio.it\/fr\/wp-json\/wp\/v2\/comments?post=162745"}],"wp:featuredmedia":[{"embeddable":true,"href":"https:\/\/savio.it\/fr\/wp-json\/wp\/v2\/media\/68425"}],"wp:attachment":[{"href":"https:\/\/savio.it\/fr\/wp-json\/wp\/v2\/media?parent=162745"}],"wp:term":[{"taxonomy":"product_brand","embeddable":true,"href":"https:\/\/savio.it\/fr\/wp-json\/wp\/v2\/product_brand?post=162745"},{"taxonomy":"product_cat","embeddable":true,"href":"https:\/\/savio.it\/fr\/wp-json\/wp\/v2\/product_cat?post=162745"},{"taxonomy":"product_tag","embeddable":true,"href":"https:\/\/savio.it\/fr\/wp-json\/wp\/v2\/product_tag?post=162745"},{"taxonomy":"profilo","embeddable":true,"href":"https:\/\/savio.it\/fr\/wp-json\/wp\/v2\/profilo?post=162745"},{"taxonomy":"finiture","embeddable":true,"href":"https:\/\/savio.it\/fr\/wp-json\/wp\/v2\/finiture?post=162745"},{"taxonomy":"gruppo_anta","embeddable":true,"href":"https:\/\/savio.it\/fr\/wp-json\/wp\/v2\/gruppo_anta?post=162745"}],"curies":[{"name":"wp","href":"https:\/\/api.w.org\/{rel}","templated":true}]}}