{"id":28862,"date":"2021-09-30T12:33:03","date_gmt":"2021-10-01T14:30:55","guid":{"rendered":"https:\/\/savio.ne-ws.it\/prodotto\/manon-874-4-7\/"},"modified":"2026-03-28T05:11:03","modified_gmt":"2026-03-28T05:11:03","slug":"manon-874-4-7","status":"publish","type":"product","link":"https:\/\/savio.it\/fr\/prodotto\/manon-874-4-7\/","title":{"rendered":"MANON &#8211; 874.4\/7"},"content":{"rendered":"<p>(brevet\u00e9) Poign\u00e9e quart de tour en m\u00e9tal inject\u00e9, bo\u00eetier et capot en zamak, entraxe de 43 mm, carr\u00e9 de 7 mm avec un longueur de 52 mm et 2 vis \u00e0 t\u00eate cylindrique plate M5x60 en acier zingu\u00e9.<\/p>\n","protected":false},"excerpt":{"rendered":"<p>(brev.) Poign\u00e9e quart de tour<\/p>\n","protected":false},"featured_media":14017,"comment_status":"closed","ping_status":"closed","template":"","meta":{"_acf_changed":false,"_uag_custom_page_level_css":""},"product_brand":[],"product_cat":[12584,12590,12616],"product_tag":[13128],"profilo":[11995,11996,12479,12480,12481,12360,12447,12448,12449,12455,12466,12035,12036,12034,12038,12482,12483,11971,11969,11968,11972,11973,12174,12171,12484],"finiture":[12512,12513,12529,12531,12532,12534,12536,12542,12543,12545,12549,12550,12552,12557,12561,12569,12570,12575],"gruppo_anta":[],"class_list":{"0":"post-28862","1":"product","2":"type-product","3":"status-publish","4":"has-post-thumbnail","6":"product_cat-cremonesi-martelline-e-accessori-per-anta","7":"product_cat-cremonesi-martelline-e-accessori-per-anta-ribalta","8":"product_cat-manon","9":"product_tag-updated","10":"profilo-alfil-a54rpt","11":"profilo-alfil-a65rpt","12":"profilo-bronze-window","13":"profilo-calm-door","14":"profilo-calm-window","15":"profilo-e-80-ws","16":"profilo-ekos-50-thw","17":"profilo-ekos-58-thm","18":"profilo-ekos-58-thm-raggiato","19":"profilo-ekos-75-thw","20":"profilo-ekos-85-thw","21":"profilo-export-51-tt","22":"profilo-export-51-tt-raggiato","23":"profilo-export-68-tt","24":"profilo-export-68-tt-raggiato","25":"profilo-golden-silver-door","26":"profilo-golden-silver-window","27":"profilo-planet-45-raggiato","28":"profilo-planet-50-raggiato","29":"profilo-planet-50-tt","30":"profilo-planet-62-tt","31":"profilo-planet-62-tt-raggiato","32":"profilo-plathina-60-flat-rustica","33":"profilo-plathina-60-rustica","34":"profilo-uah-100-window-bullet-proof","35":"finiture-12512","36":"finiture-12513","37":"finiture-12529","38":"finiture-12531","39":"finiture-12532","40":"finiture-12534","41":"finiture-12536","42":"finiture-b-ma","43":"finiture-b-sa","44":"finiture-bl10","45":"finiture-br5","46":"finiture-br801","47":"finiture-c","48":"finiture-gr217","49":"finiture-grey","50":"finiture-pvd-h","51":"finiture-pvd-x","52":"finiture-silv","53":"description-off","55":"first","56":"onbackorder","57":"product-type-variable"},"acf":[],"yoast_head":"<!-- This site is optimized with the Yoast SEO plugin v27.2 - https:\/\/yoast.com\/product\/yoast-seo-wordpress\/ -->\n<title>MANON - 874.4\/7<\/title>\n<meta name=\"description\" content=\"(brev.) Poign\u00e9e quart de tour\" \/>\n<meta name=\"robots\" content=\"index, follow, max-snippet:-1, max-image-preview:large, max-video-preview:-1\" \/>\n<link rel=\"canonical\" href=\"https:\/\/savio.it\/fr\/prodotto\/manon-874-4-7\/\" \/>\n<meta property=\"og:locale\" content=\"fr_FR\" \/>\n<meta property=\"og:type\" content=\"article\" \/>\n<meta property=\"og:title\" content=\"MANON - 874.4\/7\" \/>\n<meta property=\"og:description\" content=\"(brev.) Poign\u00e9e quart de tour\" \/>\n<meta property=\"og:url\" content=\"https:\/\/savio.it\/fr\/prodotto\/manon-874-4-7\/\" \/>\n<meta property=\"og:site_name\" content=\"SAVIO\" \/>\n<meta property=\"article:modified_time\" content=\"2026-03-28T05:11:03+00:00\" \/>\n<meta property=\"og:image\" content=\"https:\/\/savio.it\/wp-content\/uploads\/2021\/09\/874_1_OTT-3.jpg\" \/>\n\t<meta property=\"og:image:width\" content=\"229\" \/>\n\t<meta property=\"og:image:height\" content=\"234\" \/>\n\t<meta property=\"og:image:type\" content=\"image\/jpeg\" \/>\n<meta name=\"twitter:card\" content=\"summary_large_image\" \/>\n<meta name=\"twitter:label1\" content=\"Dur\u00e9e de lecture estim\u00e9e\" \/>\n\t<meta name=\"twitter:data1\" content=\"4 minutes\" \/>\n<script type=\"application\/ld+json\" class=\"yoast-schema-graph\">{\"@context\":\"https:\/\/schema.org\",\"@graph\":[{\"@type\":\"WebPage\",\"@id\":\"https:\/\/savio.it\/fr\/prodotto\/manon-874-4-7\/\",\"url\":\"https:\/\/savio.it\/fr\/prodotto\/manon-874-4-7\/\",\"name\":\"MANON - 874.4\/7\",\"isPartOf\":{\"@id\":\"https:\/\/savio.it\/fr\/#website\"},\"primaryImageOfPage\":{\"@id\":\"https:\/\/savio.it\/fr\/prodotto\/manon-874-4-7\/#primaryimage\"},\"image\":{\"@id\":\"https:\/\/savio.it\/fr\/prodotto\/manon-874-4-7\/#primaryimage\"},\"thumbnailUrl\":\"https:\/\/savio.it\/wp-content\/uploads\/2021\/09\/874_1_OTT-3.jpg\",\"datePublished\":\"2021-10-01T14:30:55+00:00\",\"dateModified\":\"2026-03-28T05:11:03+00:00\",\"description\":\"(brev.) Poign\u00e9e quart de tour\",\"breadcrumb\":{\"@id\":\"https:\/\/savio.it\/fr\/prodotto\/manon-874-4-7\/#breadcrumb\"},\"inLanguage\":\"fr-FR\",\"potentialAction\":[{\"@type\":\"ReadAction\",\"target\":[\"https:\/\/savio.it\/fr\/prodotto\/manon-874-4-7\/\"]}]},{\"@type\":\"ImageObject\",\"inLanguage\":\"fr-FR\",\"@id\":\"https:\/\/savio.it\/fr\/prodotto\/manon-874-4-7\/#primaryimage\",\"url\":\"https:\/\/savio.it\/wp-content\/uploads\/2021\/09\/874_1_OTT-3.jpg\",\"contentUrl\":\"https:\/\/savio.it\/wp-content\/uploads\/2021\/09\/874_1_OTT-3.jpg\",\"width\":229,\"height\":234},{\"@type\":\"BreadcrumbList\",\"@id\":\"https:\/\/savio.it\/fr\/prodotto\/manon-874-4-7\/#breadcrumb\",\"itemListElement\":[{\"@type\":\"ListItem\",\"position\":1,\"name\":\"Home\",\"item\":\"https:\/\/savio.it\/fr\/\"},{\"@type\":\"ListItem\",\"position\":2,\"name\":\"Produits\",\"item\":\"https:\/\/savio.it\/fr\/prodotti\/\"},{\"@type\":\"ListItem\",\"position\":3,\"name\":\"MANON &#8211; 874.4\/7\"}]},{\"@type\":\"WebSite\",\"@id\":\"https:\/\/savio.it\/fr\/#website\",\"url\":\"https:\/\/savio.it\/fr\/\",\"name\":\"SAVIO\",\"description\":\"Open mind for closing system\",\"publisher\":{\"@id\":\"https:\/\/savio.it\/fr\/#organization\"},\"potentialAction\":[{\"@type\":\"SearchAction\",\"target\":{\"@type\":\"EntryPoint\",\"urlTemplate\":\"https:\/\/savio.it\/fr\/?s={search_term_string}\"},\"query-input\":{\"@type\":\"PropertyValueSpecification\",\"valueRequired\":true,\"valueName\":\"search_term_string\"}}],\"inLanguage\":\"fr-FR\"},{\"@type\":\"Organization\",\"@id\":\"https:\/\/savio.it\/fr\/#organization\",\"name\":\"SAVIO\",\"url\":\"https:\/\/savio.it\/fr\/\",\"logo\":{\"@type\":\"ImageObject\",\"inLanguage\":\"fr-FR\",\"@id\":\"https:\/\/savio.it\/fr\/#\/schema\/logo\/image\/\",\"url\":\"https:\/\/savio.it\/wp-content\/uploads\/2021\/09\/cropped-Savio-logo.png\",\"contentUrl\":\"https:\/\/savio.it\/wp-content\/uploads\/2021\/09\/cropped-Savio-logo.png\",\"width\":243,\"height\":64,\"caption\":\"SAVIO\"},\"image\":{\"@id\":\"https:\/\/savio.it\/fr\/#\/schema\/logo\/image\/\"}}]}<\/script>\n<!-- \/ Yoast SEO plugin. -->","yoast_head_json":{"title":"MANON - 874.4\/7","description":"(brev.) Poign\u00e9e quart de tour","robots":{"index":"index","follow":"follow","max-snippet":"max-snippet:-1","max-image-preview":"max-image-preview:large","max-video-preview":"max-video-preview:-1"},"canonical":"https:\/\/savio.it\/fr\/prodotto\/manon-874-4-7\/","og_locale":"fr_FR","og_type":"article","og_title":"MANON - 874.4\/7","og_description":"(brev.) Poign\u00e9e quart de tour","og_url":"https:\/\/savio.it\/fr\/prodotto\/manon-874-4-7\/","og_site_name":"SAVIO","article_modified_time":"2026-03-28T05:11:03+00:00","og_image":[{"width":229,"height":234,"url":"https:\/\/savio.it\/wp-content\/uploads\/2021\/09\/874_1_OTT-3.jpg","type":"image\/jpeg"}],"twitter_card":"summary_large_image","twitter_misc":{"Dur\u00e9e de lecture estim\u00e9e":"4 minutes"},"schema":{"@context":"https:\/\/schema.org","@graph":[{"@type":"WebPage","@id":"https:\/\/savio.it\/fr\/prodotto\/manon-874-4-7\/","url":"https:\/\/savio.it\/fr\/prodotto\/manon-874-4-7\/","name":"MANON - 874.4\/7","isPartOf":{"@id":"https:\/\/savio.it\/fr\/#website"},"primaryImageOfPage":{"@id":"https:\/\/savio.it\/fr\/prodotto\/manon-874-4-7\/#primaryimage"},"image":{"@id":"https:\/\/savio.it\/fr\/prodotto\/manon-874-4-7\/#primaryimage"},"thumbnailUrl":"https:\/\/savio.it\/wp-content\/uploads\/2021\/09\/874_1_OTT-3.jpg","datePublished":"2021-10-01T14:30:55+00:00","dateModified":"2026-03-28T05:11:03+00:00","description":"(brev.) Poign\u00e9e quart de tour","breadcrumb":{"@id":"https:\/\/savio.it\/fr\/prodotto\/manon-874-4-7\/#breadcrumb"},"inLanguage":"fr-FR","potentialAction":[{"@type":"ReadAction","target":["https:\/\/savio.it\/fr\/prodotto\/manon-874-4-7\/"]}]},{"@type":"ImageObject","inLanguage":"fr-FR","@id":"https:\/\/savio.it\/fr\/prodotto\/manon-874-4-7\/#primaryimage","url":"https:\/\/savio.it\/wp-content\/uploads\/2021\/09\/874_1_OTT-3.jpg","contentUrl":"https:\/\/savio.it\/wp-content\/uploads\/2021\/09\/874_1_OTT-3.jpg","width":229,"height":234},{"@type":"BreadcrumbList","@id":"https:\/\/savio.it\/fr\/prodotto\/manon-874-4-7\/#breadcrumb","itemListElement":[{"@type":"ListItem","position":1,"name":"Home","item":"https:\/\/savio.it\/fr\/"},{"@type":"ListItem","position":2,"name":"Produits","item":"https:\/\/savio.it\/fr\/prodotti\/"},{"@type":"ListItem","position":3,"name":"MANON &#8211; 874.4\/7"}]},{"@type":"WebSite","@id":"https:\/\/savio.it\/fr\/#website","url":"https:\/\/savio.it\/fr\/","name":"SAVIO","description":"Open mind for closing system","publisher":{"@id":"https:\/\/savio.it\/fr\/#organization"},"potentialAction":[{"@type":"SearchAction","target":{"@type":"EntryPoint","urlTemplate":"https:\/\/savio.it\/fr\/?s={search_term_string}"},"query-input":{"@type":"PropertyValueSpecification","valueRequired":true,"valueName":"search_term_string"}}],"inLanguage":"fr-FR"},{"@type":"Organization","@id":"https:\/\/savio.it\/fr\/#organization","name":"SAVIO","url":"https:\/\/savio.it\/fr\/","logo":{"@type":"ImageObject","inLanguage":"fr-FR","@id":"https:\/\/savio.it\/fr\/#\/schema\/logo\/image\/","url":"https:\/\/savio.it\/wp-content\/uploads\/2021\/09\/cropped-Savio-logo.png","contentUrl":"https:\/\/savio.it\/wp-content\/uploads\/2021\/09\/cropped-Savio-logo.png","width":243,"height":64,"caption":"SAVIO"},"image":{"@id":"https:\/\/savio.it\/fr\/#\/schema\/logo\/image\/"}}]}},"uagb_featured_image_src":{"full":["https:\/\/savio.it\/wp-content\/uploads\/2021\/09\/874_1_OTT-3.jpg",229,234,false],"thumbnail":["https:\/\/savio.it\/wp-content\/uploads\/2021\/09\/874_1_OTT-3-150x150.jpg",150,150,true],"medium":["https:\/\/savio.it\/wp-content\/uploads\/2021\/09\/874_1_OTT-3.jpg",229,234,false],"medium_large":["https:\/\/savio.it\/wp-content\/uploads\/2021\/09\/874_1_OTT-3.jpg",229,234,false],"large":["https:\/\/savio.it\/wp-content\/uploads\/2021\/09\/874_1_OTT-3.jpg",229,234,false],"gs-tiny":["https:\/\/savio.it\/wp-content\/uploads\/2021\/09\/874_1_OTT-3.jpg",50,51,false],"xl":["https:\/\/savio.it\/wp-content\/uploads\/2021\/09\/874_1_OTT-3.jpg",229,234,false],"xxl":["https:\/\/savio.it\/wp-content\/uploads\/2021\/09\/874_1_OTT-3.jpg",229,234,false],"xxxl":["https:\/\/savio.it\/wp-content\/uploads\/2021\/09\/874_1_OTT-3.jpg",229,234,false],"xxxxl":["https:\/\/savio.it\/wp-content\/uploads\/2021\/09\/874_1_OTT-3.jpg",229,234,false],"xxxxxl":["https:\/\/savio.it\/wp-content\/uploads\/2021\/09\/874_1_OTT-3.jpg",229,234,false],"1536x1536":["https:\/\/savio.it\/wp-content\/uploads\/2021\/09\/874_1_OTT-3.jpg",229,234,false],"2048x2048":["https:\/\/savio.it\/wp-content\/uploads\/2021\/09\/874_1_OTT-3.jpg",229,234,false],"woocommerce_thumbnail":["https:\/\/savio.it\/wp-content\/uploads\/2021\/09\/874_1_OTT-3.jpg",229,234,false],"woocommerce_single":["https:\/\/savio.it\/wp-content\/uploads\/2021\/09\/874_1_OTT-3.jpg",229,234,false],"woocommerce_gallery_thumbnail":["https:\/\/savio.it\/wp-content\/uploads\/2021\/09\/874_1_OTT-3-200x200.jpg",200,200,true]},"uagb_author_info":{"display_name":"admin_news","author_link":"https:\/\/savio.it\/fr\/author\/"},"uagb_comment_info":0,"uagb_excerpt":"(brev.) Poign\u00e9e quart de tour","_links":{"self":[{"href":"https:\/\/savio.it\/fr\/wp-json\/wp\/v2\/product\/28862","targetHints":{"allow":["GET"]}}],"collection":[{"href":"https:\/\/savio.it\/fr\/wp-json\/wp\/v2\/product"}],"about":[{"href":"https:\/\/savio.it\/fr\/wp-json\/wp\/v2\/types\/product"}],"replies":[{"embeddable":true,"href":"https:\/\/savio.it\/fr\/wp-json\/wp\/v2\/comments?post=28862"}],"wp:featuredmedia":[{"embeddable":true,"href":"https:\/\/savio.it\/fr\/wp-json\/wp\/v2\/media\/14017"}],"wp:attachment":[{"href":"https:\/\/savio.it\/fr\/wp-json\/wp\/v2\/media?parent=28862"}],"wp:term":[{"taxonomy":"product_brand","embeddable":true,"href":"https:\/\/savio.it\/fr\/wp-json\/wp\/v2\/product_brand?post=28862"},{"taxonomy":"product_cat","embeddable":true,"href":"https:\/\/savio.it\/fr\/wp-json\/wp\/v2\/product_cat?post=28862"},{"taxonomy":"product_tag","embeddable":true,"href":"https:\/\/savio.it\/fr\/wp-json\/wp\/v2\/product_tag?post=28862"},{"taxonomy":"profilo","embeddable":true,"href":"https:\/\/savio.it\/fr\/wp-json\/wp\/v2\/profilo?post=28862"},{"taxonomy":"finiture","embeddable":true,"href":"https:\/\/savio.it\/fr\/wp-json\/wp\/v2\/finiture?post=28862"},{"taxonomy":"gruppo_anta","embeddable":true,"href":"https:\/\/savio.it\/fr\/wp-json\/wp\/v2\/gruppo_anta?post=28862"}],"curies":[{"name":"wp","href":"https:\/\/api.w.org\/{rel}","templated":true}]}}