{"id":28969,"date":"2021-09-30T12:34:22","date_gmt":"2021-10-01T14:33:29","guid":{"rendered":"https:\/\/savio.ne-ws.it\/prodotto\/1486-2\/"},"modified":"2026-01-18T01:26:04","modified_gmt":"2026-01-18T01:26:04","slug":"1486-2","status":"publish","type":"product","link":"https:\/\/savio.it\/fr\/prodotto\/1486-2\/","title":{"rendered":"1486.2"},"content":{"rendered":"<p>(brevet\u00e9) Sortie de tringle en zamak zingu\u00e9 noir, 2 patins de polyur\u00e9thane et 1 douille \u00d8 6-\u00d8 8 en nylon.<\/p>\n","protected":false},"excerpt":{"rendered":"<p>(brev.) Sortie de tringle<\/p>\n","protected":false},"featured_media":14766,"comment_status":"closed","ping_status":"closed","template":"","meta":{"_acf_changed":false,"_uag_custom_page_level_css":""},"product_brand":[],"product_cat":[12584],"product_tag":[13128],"profilo":[11990],"finiture":[],"gruppo_anta":[],"class_list":{"0":"post-28969","1":"product","2":"type-product","3":"status-publish","4":"has-post-thumbnail","6":"product_cat-cremonesi-martelline-e-accessori-per-anta","7":"product_tag-updated","8":"profilo-r-50","9":"description-off","11":"first","12":"onbackorder","13":"product-type-simple"},"acf":[],"yoast_head":"<!-- This site is optimized with the Yoast SEO plugin v27.2 - https:\/\/yoast.com\/product\/yoast-seo-wordpress\/ -->\n<title>1486.2<\/title>\n<meta name=\"description\" content=\"(brev.) Sortie de tringle\" \/>\n<meta name=\"robots\" content=\"index, follow, max-snippet:-1, max-image-preview:large, max-video-preview:-1\" \/>\n<link rel=\"canonical\" href=\"https:\/\/savio.it\/fr\/prodotto\/1486-2\/\" \/>\n<meta property=\"og:locale\" content=\"fr_FR\" \/>\n<meta property=\"og:type\" content=\"article\" \/>\n<meta property=\"og:title\" content=\"1486.2\" \/>\n<meta property=\"og:description\" content=\"(brev.) Sortie de tringle\" \/>\n<meta property=\"og:url\" content=\"https:\/\/savio.it\/fr\/prodotto\/1486-2\/\" \/>\n<meta property=\"og:site_name\" content=\"SAVIO\" \/>\n<meta property=\"article:modified_time\" content=\"2026-01-18T01:26:04+00:00\" \/>\n<meta property=\"og:image\" content=\"https:\/\/savio.it\/wp-content\/uploads\/2021\/09\/1486_1-3.jpg\" \/>\n\t<meta property=\"og:image:width\" content=\"229\" \/>\n\t<meta property=\"og:image:height\" content=\"229\" \/>\n\t<meta property=\"og:image:type\" content=\"image\/jpeg\" \/>\n<meta name=\"twitter:card\" content=\"summary_large_image\" \/>\n<meta name=\"twitter:label1\" content=\"Dur\u00e9e de lecture estim\u00e9e\" \/>\n\t<meta name=\"twitter:data1\" content=\"4 minutes\" \/>\n<script type=\"application\/ld+json\" class=\"yoast-schema-graph\">{\"@context\":\"https:\/\/schema.org\",\"@graph\":[{\"@type\":\"WebPage\",\"@id\":\"https:\/\/savio.it\/fr\/prodotto\/1486-2\/\",\"url\":\"https:\/\/savio.it\/fr\/prodotto\/1486-2\/\",\"name\":\"1486.2\",\"isPartOf\":{\"@id\":\"https:\/\/savio.it\/fr\/#website\"},\"primaryImageOfPage\":{\"@id\":\"https:\/\/savio.it\/fr\/prodotto\/1486-2\/#primaryimage\"},\"image\":{\"@id\":\"https:\/\/savio.it\/fr\/prodotto\/1486-2\/#primaryimage\"},\"thumbnailUrl\":\"https:\/\/savio.it\/wp-content\/uploads\/2021\/09\/1486_1-3.jpg\",\"datePublished\":\"2021-10-01T14:33:29+00:00\",\"dateModified\":\"2026-01-18T01:26:04+00:00\",\"description\":\"(brev.) Sortie de tringle\",\"breadcrumb\":{\"@id\":\"https:\/\/savio.it\/fr\/prodotto\/1486-2\/#breadcrumb\"},\"inLanguage\":\"fr-FR\",\"potentialAction\":[{\"@type\":\"ReadAction\",\"target\":[\"https:\/\/savio.it\/fr\/prodotto\/1486-2\/\"]}]},{\"@type\":\"ImageObject\",\"inLanguage\":\"fr-FR\",\"@id\":\"https:\/\/savio.it\/fr\/prodotto\/1486-2\/#primaryimage\",\"url\":\"https:\/\/savio.it\/wp-content\/uploads\/2021\/09\/1486_1-3.jpg\",\"contentUrl\":\"https:\/\/savio.it\/wp-content\/uploads\/2021\/09\/1486_1-3.jpg\",\"width\":229,\"height\":229},{\"@type\":\"BreadcrumbList\",\"@id\":\"https:\/\/savio.it\/fr\/prodotto\/1486-2\/#breadcrumb\",\"itemListElement\":[{\"@type\":\"ListItem\",\"position\":1,\"name\":\"Home\",\"item\":\"https:\/\/savio.it\/fr\/\"},{\"@type\":\"ListItem\",\"position\":2,\"name\":\"Produits\",\"item\":\"https:\/\/savio.it\/fr\/prodotti\/\"},{\"@type\":\"ListItem\",\"position\":3,\"name\":\"1486.2\"}]},{\"@type\":\"WebSite\",\"@id\":\"https:\/\/savio.it\/fr\/#website\",\"url\":\"https:\/\/savio.it\/fr\/\",\"name\":\"SAVIO\",\"description\":\"Open mind for closing system\",\"publisher\":{\"@id\":\"https:\/\/savio.it\/fr\/#organization\"},\"potentialAction\":[{\"@type\":\"SearchAction\",\"target\":{\"@type\":\"EntryPoint\",\"urlTemplate\":\"https:\/\/savio.it\/fr\/?s={search_term_string}\"},\"query-input\":{\"@type\":\"PropertyValueSpecification\",\"valueRequired\":true,\"valueName\":\"search_term_string\"}}],\"inLanguage\":\"fr-FR\"},{\"@type\":\"Organization\",\"@id\":\"https:\/\/savio.it\/fr\/#organization\",\"name\":\"SAVIO\",\"url\":\"https:\/\/savio.it\/fr\/\",\"logo\":{\"@type\":\"ImageObject\",\"inLanguage\":\"fr-FR\",\"@id\":\"https:\/\/savio.it\/fr\/#\/schema\/logo\/image\/\",\"url\":\"https:\/\/savio.it\/wp-content\/uploads\/2021\/09\/cropped-Savio-logo.png\",\"contentUrl\":\"https:\/\/savio.it\/wp-content\/uploads\/2021\/09\/cropped-Savio-logo.png\",\"width\":243,\"height\":64,\"caption\":\"SAVIO\"},\"image\":{\"@id\":\"https:\/\/savio.it\/fr\/#\/schema\/logo\/image\/\"}}]}<\/script>\n<!-- \/ Yoast SEO plugin. -->","yoast_head_json":{"title":"1486.2","description":"(brev.) Sortie de tringle","robots":{"index":"index","follow":"follow","max-snippet":"max-snippet:-1","max-image-preview":"max-image-preview:large","max-video-preview":"max-video-preview:-1"},"canonical":"https:\/\/savio.it\/fr\/prodotto\/1486-2\/","og_locale":"fr_FR","og_type":"article","og_title":"1486.2","og_description":"(brev.) Sortie de tringle","og_url":"https:\/\/savio.it\/fr\/prodotto\/1486-2\/","og_site_name":"SAVIO","article_modified_time":"2026-01-18T01:26:04+00:00","og_image":[{"width":229,"height":229,"url":"https:\/\/savio.it\/wp-content\/uploads\/2021\/09\/1486_1-3.jpg","type":"image\/jpeg"}],"twitter_card":"summary_large_image","twitter_misc":{"Dur\u00e9e de lecture estim\u00e9e":"4 minutes"},"schema":{"@context":"https:\/\/schema.org","@graph":[{"@type":"WebPage","@id":"https:\/\/savio.it\/fr\/prodotto\/1486-2\/","url":"https:\/\/savio.it\/fr\/prodotto\/1486-2\/","name":"1486.2","isPartOf":{"@id":"https:\/\/savio.it\/fr\/#website"},"primaryImageOfPage":{"@id":"https:\/\/savio.it\/fr\/prodotto\/1486-2\/#primaryimage"},"image":{"@id":"https:\/\/savio.it\/fr\/prodotto\/1486-2\/#primaryimage"},"thumbnailUrl":"https:\/\/savio.it\/wp-content\/uploads\/2021\/09\/1486_1-3.jpg","datePublished":"2021-10-01T14:33:29+00:00","dateModified":"2026-01-18T01:26:04+00:00","description":"(brev.) Sortie de tringle","breadcrumb":{"@id":"https:\/\/savio.it\/fr\/prodotto\/1486-2\/#breadcrumb"},"inLanguage":"fr-FR","potentialAction":[{"@type":"ReadAction","target":["https:\/\/savio.it\/fr\/prodotto\/1486-2\/"]}]},{"@type":"ImageObject","inLanguage":"fr-FR","@id":"https:\/\/savio.it\/fr\/prodotto\/1486-2\/#primaryimage","url":"https:\/\/savio.it\/wp-content\/uploads\/2021\/09\/1486_1-3.jpg","contentUrl":"https:\/\/savio.it\/wp-content\/uploads\/2021\/09\/1486_1-3.jpg","width":229,"height":229},{"@type":"BreadcrumbList","@id":"https:\/\/savio.it\/fr\/prodotto\/1486-2\/#breadcrumb","itemListElement":[{"@type":"ListItem","position":1,"name":"Home","item":"https:\/\/savio.it\/fr\/"},{"@type":"ListItem","position":2,"name":"Produits","item":"https:\/\/savio.it\/fr\/prodotti\/"},{"@type":"ListItem","position":3,"name":"1486.2"}]},{"@type":"WebSite","@id":"https:\/\/savio.it\/fr\/#website","url":"https:\/\/savio.it\/fr\/","name":"SAVIO","description":"Open mind for closing system","publisher":{"@id":"https:\/\/savio.it\/fr\/#organization"},"potentialAction":[{"@type":"SearchAction","target":{"@type":"EntryPoint","urlTemplate":"https:\/\/savio.it\/fr\/?s={search_term_string}"},"query-input":{"@type":"PropertyValueSpecification","valueRequired":true,"valueName":"search_term_string"}}],"inLanguage":"fr-FR"},{"@type":"Organization","@id":"https:\/\/savio.it\/fr\/#organization","name":"SAVIO","url":"https:\/\/savio.it\/fr\/","logo":{"@type":"ImageObject","inLanguage":"fr-FR","@id":"https:\/\/savio.it\/fr\/#\/schema\/logo\/image\/","url":"https:\/\/savio.it\/wp-content\/uploads\/2021\/09\/cropped-Savio-logo.png","contentUrl":"https:\/\/savio.it\/wp-content\/uploads\/2021\/09\/cropped-Savio-logo.png","width":243,"height":64,"caption":"SAVIO"},"image":{"@id":"https:\/\/savio.it\/fr\/#\/schema\/logo\/image\/"}}]}},"uagb_featured_image_src":{"full":["https:\/\/savio.it\/wp-content\/uploads\/2021\/09\/1486_1-3.jpg",229,229,false],"thumbnail":["https:\/\/savio.it\/wp-content\/uploads\/2021\/09\/1486_1-3-150x150.jpg",150,150,true],"medium":["https:\/\/savio.it\/wp-content\/uploads\/2021\/09\/1486_1-3.jpg",229,229,false],"medium_large":["https:\/\/savio.it\/wp-content\/uploads\/2021\/09\/1486_1-3.jpg",229,229,false],"large":["https:\/\/savio.it\/wp-content\/uploads\/2021\/09\/1486_1-3.jpg",229,229,false],"gs-tiny":["https:\/\/savio.it\/wp-content\/uploads\/2021\/09\/1486_1-3.jpg",50,50,false],"xl":["https:\/\/savio.it\/wp-content\/uploads\/2021\/09\/1486_1-3.jpg",229,229,false],"xxl":["https:\/\/savio.it\/wp-content\/uploads\/2021\/09\/1486_1-3.jpg",229,229,false],"xxxl":["https:\/\/savio.it\/wp-content\/uploads\/2021\/09\/1486_1-3.jpg",229,229,false],"xxxxl":["https:\/\/savio.it\/wp-content\/uploads\/2021\/09\/1486_1-3.jpg",229,229,false],"xxxxxl":["https:\/\/savio.it\/wp-content\/uploads\/2021\/09\/1486_1-3.jpg",229,229,false],"1536x1536":["https:\/\/savio.it\/wp-content\/uploads\/2021\/09\/1486_1-3.jpg",229,229,false],"2048x2048":["https:\/\/savio.it\/wp-content\/uploads\/2021\/09\/1486_1-3.jpg",229,229,false],"woocommerce_thumbnail":["https:\/\/savio.it\/wp-content\/uploads\/2021\/09\/1486_1-3.jpg",229,229,false],"woocommerce_single":["https:\/\/savio.it\/wp-content\/uploads\/2021\/09\/1486_1-3.jpg",229,229,false],"woocommerce_gallery_thumbnail":["https:\/\/savio.it\/wp-content\/uploads\/2021\/09\/1486_1-3-200x200.jpg",200,200,true]},"uagb_author_info":{"display_name":"admin_news","author_link":"https:\/\/savio.it\/fr\/author\/"},"uagb_comment_info":0,"uagb_excerpt":"(brev.) Sortie de tringle","_links":{"self":[{"href":"https:\/\/savio.it\/fr\/wp-json\/wp\/v2\/product\/28969","targetHints":{"allow":["GET"]}}],"collection":[{"href":"https:\/\/savio.it\/fr\/wp-json\/wp\/v2\/product"}],"about":[{"href":"https:\/\/savio.it\/fr\/wp-json\/wp\/v2\/types\/product"}],"replies":[{"embeddable":true,"href":"https:\/\/savio.it\/fr\/wp-json\/wp\/v2\/comments?post=28969"}],"wp:featuredmedia":[{"embeddable":true,"href":"https:\/\/savio.it\/fr\/wp-json\/wp\/v2\/media\/14766"}],"wp:attachment":[{"href":"https:\/\/savio.it\/fr\/wp-json\/wp\/v2\/media?parent=28969"}],"wp:term":[{"taxonomy":"product_brand","embeddable":true,"href":"https:\/\/savio.it\/fr\/wp-json\/wp\/v2\/product_brand?post=28969"},{"taxonomy":"product_cat","embeddable":true,"href":"https:\/\/savio.it\/fr\/wp-json\/wp\/v2\/product_cat?post=28969"},{"taxonomy":"product_tag","embeddable":true,"href":"https:\/\/savio.it\/fr\/wp-json\/wp\/v2\/product_tag?post=28969"},{"taxonomy":"profilo","embeddable":true,"href":"https:\/\/savio.it\/fr\/wp-json\/wp\/v2\/profilo?post=28969"},{"taxonomy":"finiture","embeddable":true,"href":"https:\/\/savio.it\/fr\/wp-json\/wp\/v2\/finiture?post=28969"},{"taxonomy":"gruppo_anta","embeddable":true,"href":"https:\/\/savio.it\/fr\/wp-json\/wp\/v2\/gruppo_anta?post=28969"}],"curies":[{"name":"wp","href":"https:\/\/api.w.org\/{rel}","templated":true}]}}