{"id":29075,"date":"2021-09-30T12:35:55","date_gmt":"2021-10-01T14:34:57","guid":{"rendered":"https:\/\/savio.ne-ws.it\/prodotto\/summa-1124-43\/"},"modified":"2024-06-27T07:45:46","modified_gmt":"2024-06-27T07:45:46","slug":"summa-1124-43","status":"publish","type":"product","link":"https:\/\/savio.it\/fr\/prodotto\/summa-1124-43\/","title":{"rendered":"SUMMA+ &#8211; 1124.43"},"content":{"rendered":"<p>\u00ab\u00a0(brevet\u00e9) Paumelle r\u00e9glable \u00e0 2 lames en aluminium, axe de rotation \u00e0 22.5 mm, 2 contreplaques \u00e0 enfiler, 4 vis \u00e0 t\u00eate frais\u00e9e \u00e0 six pans creux M6x12 et 1 vis-pointeau M5x6 en acier inox, 1 axe \u00d8 10 mm en acier inox pr\u00e9mont\u00e9 sur une douille \u00e0 came en zamak zingu\u00e9 noir, 2 bouchons en nylon, 1 douille autolubrifiante en nylon et 1 v\u00e9rin de r\u00e9glage en zamak. Port\u00e9e: 2 paumelles 100 Kg, 3 paumelles 120 Kg.\u00a0\u00bb<\/p>\n","protected":false},"excerpt":{"rendered":"<p>(brev.) Paumelle r\u00e9glable \u00e0 2 lames<\/p>\n","protected":false},"featured_media":126422,"comment_status":"closed","ping_status":"closed","template":"","meta":{"_acf_changed":false,"_uag_custom_page_level_css":""},"product_brand":[],"product_cat":[12585,12644],"product_tag":[13128],"profilo":[12431,12270,12289,12271,12288,12291,12292,12272,12308,12309,12273,11988,11991,11993,11994,12409,12410,12070,12073,12074,12075,12081,12419],"finiture":[12512,12525,12529,12531,12532,12534,12545,12549,12550,12551,12552,12556,12557,12558,12559,12560,12562,12565,12569,12570,12575,12580,12582,12583],"gruppo_anta":[],"class_list":{"0":"post-29075","1":"product","2":"type-product","3":"status-publish","4":"has-post-thumbnail","6":"product_cat-cerniere-cerniere-pesanti-e-cerniere-per-vasistas","7":"product_cat-summa-cerniere-cerniere-pesanti-e-cerniere-per-vasistas-2","8":"product_tag-updated","9":"profilo-12431","10":"profilo-new-tec-50","11":"profilo-new-tec-50-classic","12":"profilo-new-tec-52-tt","13":"profilo-new-tec-52-tt-classic","14":"profilo-new-tec-52-tt-light","15":"profilo-new-tec-60-f","16":"profilo-new-tec-60-tt","17":"profilo-new-tec-65","18":"profilo-new-tec-65-classic","19":"profilo-new-tec-68-tt","20":"profilo-r-40","21":"profilo-r-50-tt-barra-cont","22":"profilo-r-62-tt","23":"profilo-r-72-tt","24":"profilo-rx-600","25":"profilo-rx-700","26":"profilo-tecno-50","27":"profilo-tecno-50-tt","28":"profilo-tecno-60-tt","29":"profilo-tecno-68-tt","30":"profilo-tecno-76-tt","31":"profilo-tt-50","32":"finiture-12512","33":"finiture-12525","34":"finiture-12529","35":"finiture-12531","36":"finiture-12532","37":"finiture-12534","38":"finiture-bl10","39":"finiture-br5","40":"finiture-br801","41":"finiture-bw21","42":"finiture-c","43":"finiture-f","44":"finiture-gr217","45":"finiture-gr50","46":"finiture-gr51","47":"finiture-gr606","48":"finiture-hl","49":"finiture-ne","50":"finiture-pvd-h","51":"finiture-pvd-x","52":"finiture-silv","53":"finiture-wt005","54":"finiture-xsd","55":"finiture-ze","56":"description-off","58":"first","59":"onbackorder","60":"product-type-variable"},"acf":[],"yoast_head":"<!-- This site is optimized with the Yoast SEO plugin v27.2 - https:\/\/yoast.com\/product\/yoast-seo-wordpress\/ -->\n<title>SUMMA+ - 1124.43<\/title>\n<meta name=\"description\" content=\"(brev.) Paumelle r\u00e9glable \u00e0 2 lames\" \/>\n<meta name=\"robots\" content=\"index, follow, max-snippet:-1, max-image-preview:large, max-video-preview:-1\" \/>\n<link rel=\"canonical\" href=\"https:\/\/savio.it\/fr\/prodotto\/summa-1124-43\/\" \/>\n<meta property=\"og:locale\" content=\"fr_FR\" \/>\n<meta property=\"og:type\" content=\"article\" \/>\n<meta property=\"og:title\" content=\"SUMMA+ - 1124.43\" \/>\n<meta property=\"og:description\" content=\"(brev.) Paumelle r\u00e9glable \u00e0 2 lames\" \/>\n<meta property=\"og:url\" content=\"https:\/\/savio.it\/fr\/prodotto\/summa-1124-43\/\" \/>\n<meta property=\"og:site_name\" content=\"SAVIO\" \/>\n<meta property=\"article:modified_time\" content=\"2024-06-27T07:45:46+00:00\" \/>\n<meta property=\"og:image\" content=\"https:\/\/savio.it\/wp-content\/uploads\/2022\/06\/1124_43.jpg\" \/>\n\t<meta property=\"og:image:width\" content=\"1000\" \/>\n\t<meta property=\"og:image:height\" content=\"1000\" \/>\n\t<meta property=\"og:image:type\" content=\"image\/jpeg\" \/>\n<meta name=\"twitter:card\" content=\"summary_large_image\" \/>\n<meta name=\"twitter:label1\" content=\"Dur\u00e9e de lecture estim\u00e9e\" \/>\n\t<meta name=\"twitter:data1\" content=\"4 minutes\" \/>\n<script type=\"application\/ld+json\" class=\"yoast-schema-graph\">{\"@context\":\"https:\/\/schema.org\",\"@graph\":[{\"@type\":\"WebPage\",\"@id\":\"https:\/\/savio.it\/fr\/prodotto\/summa-1124-43\/\",\"url\":\"https:\/\/savio.it\/fr\/prodotto\/summa-1124-43\/\",\"name\":\"SUMMA+ - 1124.43\",\"isPartOf\":{\"@id\":\"https:\/\/savio.it\/fr\/#website\"},\"primaryImageOfPage\":{\"@id\":\"https:\/\/savio.it\/fr\/prodotto\/summa-1124-43\/#primaryimage\"},\"image\":{\"@id\":\"https:\/\/savio.it\/fr\/prodotto\/summa-1124-43\/#primaryimage\"},\"thumbnailUrl\":\"https:\/\/savio.it\/wp-content\/uploads\/2022\/06\/1124_43.jpg\",\"datePublished\":\"2021-10-01T14:34:57+00:00\",\"dateModified\":\"2024-06-27T07:45:46+00:00\",\"description\":\"(brev.) Paumelle r\u00e9glable \u00e0 2 lames\",\"breadcrumb\":{\"@id\":\"https:\/\/savio.it\/fr\/prodotto\/summa-1124-43\/#breadcrumb\"},\"inLanguage\":\"fr-FR\",\"potentialAction\":[{\"@type\":\"ReadAction\",\"target\":[\"https:\/\/savio.it\/fr\/prodotto\/summa-1124-43\/\"]}]},{\"@type\":\"ImageObject\",\"inLanguage\":\"fr-FR\",\"@id\":\"https:\/\/savio.it\/fr\/prodotto\/summa-1124-43\/#primaryimage\",\"url\":\"https:\/\/savio.it\/wp-content\/uploads\/2022\/06\/1124_43.jpg\",\"contentUrl\":\"https:\/\/savio.it\/wp-content\/uploads\/2022\/06\/1124_43.jpg\",\"width\":1000,\"height\":1000},{\"@type\":\"BreadcrumbList\",\"@id\":\"https:\/\/savio.it\/fr\/prodotto\/summa-1124-43\/#breadcrumb\",\"itemListElement\":[{\"@type\":\"ListItem\",\"position\":1,\"name\":\"Home\",\"item\":\"https:\/\/savio.it\/fr\/\"},{\"@type\":\"ListItem\",\"position\":2,\"name\":\"Produits\",\"item\":\"https:\/\/savio.it\/fr\/prodotti\/\"},{\"@type\":\"ListItem\",\"position\":3,\"name\":\"SUMMA+ &#8211; 1124.43\"}]},{\"@type\":\"WebSite\",\"@id\":\"https:\/\/savio.it\/fr\/#website\",\"url\":\"https:\/\/savio.it\/fr\/\",\"name\":\"SAVIO\",\"description\":\"Open mind for closing system\",\"publisher\":{\"@id\":\"https:\/\/savio.it\/fr\/#organization\"},\"potentialAction\":[{\"@type\":\"SearchAction\",\"target\":{\"@type\":\"EntryPoint\",\"urlTemplate\":\"https:\/\/savio.it\/fr\/?s={search_term_string}\"},\"query-input\":{\"@type\":\"PropertyValueSpecification\",\"valueRequired\":true,\"valueName\":\"search_term_string\"}}],\"inLanguage\":\"fr-FR\"},{\"@type\":\"Organization\",\"@id\":\"https:\/\/savio.it\/fr\/#organization\",\"name\":\"SAVIO\",\"url\":\"https:\/\/savio.it\/fr\/\",\"logo\":{\"@type\":\"ImageObject\",\"inLanguage\":\"fr-FR\",\"@id\":\"https:\/\/savio.it\/fr\/#\/schema\/logo\/image\/\",\"url\":\"https:\/\/savio.it\/wp-content\/uploads\/2021\/09\/cropped-Savio-logo.png\",\"contentUrl\":\"https:\/\/savio.it\/wp-content\/uploads\/2021\/09\/cropped-Savio-logo.png\",\"width\":243,\"height\":64,\"caption\":\"SAVIO\"},\"image\":{\"@id\":\"https:\/\/savio.it\/fr\/#\/schema\/logo\/image\/\"}}]}<\/script>\n<!-- \/ Yoast SEO plugin. -->","yoast_head_json":{"title":"SUMMA+ - 1124.43","description":"(brev.) Paumelle r\u00e9glable \u00e0 2 lames","robots":{"index":"index","follow":"follow","max-snippet":"max-snippet:-1","max-image-preview":"max-image-preview:large","max-video-preview":"max-video-preview:-1"},"canonical":"https:\/\/savio.it\/fr\/prodotto\/summa-1124-43\/","og_locale":"fr_FR","og_type":"article","og_title":"SUMMA+ - 1124.43","og_description":"(brev.) Paumelle r\u00e9glable \u00e0 2 lames","og_url":"https:\/\/savio.it\/fr\/prodotto\/summa-1124-43\/","og_site_name":"SAVIO","article_modified_time":"2024-06-27T07:45:46+00:00","og_image":[{"width":1000,"height":1000,"url":"https:\/\/savio.it\/wp-content\/uploads\/2022\/06\/1124_43.jpg","type":"image\/jpeg"}],"twitter_card":"summary_large_image","twitter_misc":{"Dur\u00e9e de lecture estim\u00e9e":"4 minutes"},"schema":{"@context":"https:\/\/schema.org","@graph":[{"@type":"WebPage","@id":"https:\/\/savio.it\/fr\/prodotto\/summa-1124-43\/","url":"https:\/\/savio.it\/fr\/prodotto\/summa-1124-43\/","name":"SUMMA+ - 1124.43","isPartOf":{"@id":"https:\/\/savio.it\/fr\/#website"},"primaryImageOfPage":{"@id":"https:\/\/savio.it\/fr\/prodotto\/summa-1124-43\/#primaryimage"},"image":{"@id":"https:\/\/savio.it\/fr\/prodotto\/summa-1124-43\/#primaryimage"},"thumbnailUrl":"https:\/\/savio.it\/wp-content\/uploads\/2022\/06\/1124_43.jpg","datePublished":"2021-10-01T14:34:57+00:00","dateModified":"2024-06-27T07:45:46+00:00","description":"(brev.) Paumelle r\u00e9glable \u00e0 2 lames","breadcrumb":{"@id":"https:\/\/savio.it\/fr\/prodotto\/summa-1124-43\/#breadcrumb"},"inLanguage":"fr-FR","potentialAction":[{"@type":"ReadAction","target":["https:\/\/savio.it\/fr\/prodotto\/summa-1124-43\/"]}]},{"@type":"ImageObject","inLanguage":"fr-FR","@id":"https:\/\/savio.it\/fr\/prodotto\/summa-1124-43\/#primaryimage","url":"https:\/\/savio.it\/wp-content\/uploads\/2022\/06\/1124_43.jpg","contentUrl":"https:\/\/savio.it\/wp-content\/uploads\/2022\/06\/1124_43.jpg","width":1000,"height":1000},{"@type":"BreadcrumbList","@id":"https:\/\/savio.it\/fr\/prodotto\/summa-1124-43\/#breadcrumb","itemListElement":[{"@type":"ListItem","position":1,"name":"Home","item":"https:\/\/savio.it\/fr\/"},{"@type":"ListItem","position":2,"name":"Produits","item":"https:\/\/savio.it\/fr\/prodotti\/"},{"@type":"ListItem","position":3,"name":"SUMMA+ &#8211; 1124.43"}]},{"@type":"WebSite","@id":"https:\/\/savio.it\/fr\/#website","url":"https:\/\/savio.it\/fr\/","name":"SAVIO","description":"Open mind for closing system","publisher":{"@id":"https:\/\/savio.it\/fr\/#organization"},"potentialAction":[{"@type":"SearchAction","target":{"@type":"EntryPoint","urlTemplate":"https:\/\/savio.it\/fr\/?s={search_term_string}"},"query-input":{"@type":"PropertyValueSpecification","valueRequired":true,"valueName":"search_term_string"}}],"inLanguage":"fr-FR"},{"@type":"Organization","@id":"https:\/\/savio.it\/fr\/#organization","name":"SAVIO","url":"https:\/\/savio.it\/fr\/","logo":{"@type":"ImageObject","inLanguage":"fr-FR","@id":"https:\/\/savio.it\/fr\/#\/schema\/logo\/image\/","url":"https:\/\/savio.it\/wp-content\/uploads\/2021\/09\/cropped-Savio-logo.png","contentUrl":"https:\/\/savio.it\/wp-content\/uploads\/2021\/09\/cropped-Savio-logo.png","width":243,"height":64,"caption":"SAVIO"},"image":{"@id":"https:\/\/savio.it\/fr\/#\/schema\/logo\/image\/"}}]}},"uagb_featured_image_src":{"full":["https:\/\/savio.it\/wp-content\/uploads\/2022\/06\/1124_43.jpg",1000,1000,false],"thumbnail":["https:\/\/savio.it\/wp-content\/uploads\/2022\/06\/1124_43-150x150.jpg",150,150,true],"medium":["https:\/\/savio.it\/wp-content\/uploads\/2022\/06\/1124_43-300x300.jpg",300,300,true],"medium_large":["https:\/\/savio.it\/wp-content\/uploads\/2022\/06\/1124_43-768x768.jpg",768,768,true],"large":["https:\/\/savio.it\/wp-content\/uploads\/2022\/06\/1124_43.jpg",1000,1000,false],"gs-tiny":["https:\/\/savio.it\/wp-content\/uploads\/2022\/06\/1124_43.jpg",50,50,false],"xl":["https:\/\/savio.it\/wp-content\/uploads\/2022\/06\/1124_43.jpg",1000,1000,false],"xxl":["https:\/\/savio.it\/wp-content\/uploads\/2022\/06\/1124_43.jpg",1000,1000,false],"xxxl":["https:\/\/savio.it\/wp-content\/uploads\/2022\/06\/1124_43.jpg",1000,1000,false],"xxxxl":["https:\/\/savio.it\/wp-content\/uploads\/2022\/06\/1124_43.jpg",1000,1000,false],"xxxxxl":["https:\/\/savio.it\/wp-content\/uploads\/2022\/06\/1124_43.jpg",1000,1000,false],"1536x1536":["https:\/\/savio.it\/wp-content\/uploads\/2022\/06\/1124_43.jpg",1000,1000,false],"2048x2048":["https:\/\/savio.it\/wp-content\/uploads\/2022\/06\/1124_43.jpg",1000,1000,false],"woocommerce_thumbnail":["https:\/\/savio.it\/wp-content\/uploads\/2022\/06\/1124_43-300x300.jpg",300,300,true],"woocommerce_single":["https:\/\/savio.it\/wp-content\/uploads\/2022\/06\/1124_43-600x600.jpg",600,600,true],"woocommerce_gallery_thumbnail":["https:\/\/savio.it\/wp-content\/uploads\/2022\/06\/1124_43-200x200.jpg",200,200,true]},"uagb_author_info":{"display_name":"admin_news","author_link":"https:\/\/savio.it\/fr\/author\/"},"uagb_comment_info":0,"uagb_excerpt":"(brev.) Paumelle r\u00e9glable \u00e0 2 lames","_links":{"self":[{"href":"https:\/\/savio.it\/fr\/wp-json\/wp\/v2\/product\/29075","targetHints":{"allow":["GET"]}}],"collection":[{"href":"https:\/\/savio.it\/fr\/wp-json\/wp\/v2\/product"}],"about":[{"href":"https:\/\/savio.it\/fr\/wp-json\/wp\/v2\/types\/product"}],"replies":[{"embeddable":true,"href":"https:\/\/savio.it\/fr\/wp-json\/wp\/v2\/comments?post=29075"}],"wp:featuredmedia":[{"embeddable":true,"href":"https:\/\/savio.it\/fr\/wp-json\/wp\/v2\/media\/126422"}],"wp:attachment":[{"href":"https:\/\/savio.it\/fr\/wp-json\/wp\/v2\/media?parent=29075"}],"wp:term":[{"taxonomy":"product_brand","embeddable":true,"href":"https:\/\/savio.it\/fr\/wp-json\/wp\/v2\/product_brand?post=29075"},{"taxonomy":"product_cat","embeddable":true,"href":"https:\/\/savio.it\/fr\/wp-json\/wp\/v2\/product_cat?post=29075"},{"taxonomy":"product_tag","embeddable":true,"href":"https:\/\/savio.it\/fr\/wp-json\/wp\/v2\/product_tag?post=29075"},{"taxonomy":"profilo","embeddable":true,"href":"https:\/\/savio.it\/fr\/wp-json\/wp\/v2\/profilo?post=29075"},{"taxonomy":"finiture","embeddable":true,"href":"https:\/\/savio.it\/fr\/wp-json\/wp\/v2\/finiture?post=29075"},{"taxonomy":"gruppo_anta","embeddable":true,"href":"https:\/\/savio.it\/fr\/wp-json\/wp\/v2\/gruppo_anta?post=29075"}],"curies":[{"name":"wp","href":"https:\/\/api.w.org\/{rel}","templated":true}]}}