{"id":29081,"date":"2021-09-30T12:35:55","date_gmt":"2021-10-01T14:34:57","guid":{"rendered":"https:\/\/savio.ne-ws.it\/prodotto\/summa-axial-1124-75\/"},"modified":"2024-06-27T12:46:11","modified_gmt":"2024-06-27T12:46:11","slug":"summa-axial-1124-75","status":"publish","type":"product","link":"https:\/\/savio.it\/fr\/prodotto\/summa-axial-1124-75\/","title":{"rendered":"SUMMA+ AXIAL &#8211; 1124.75"},"content":{"rendered":"<p>(brevet\u00e9) Paumelle r\u00e9glable \u00e0 2 lames, pour troisi\u00e8me vantail, en aluminium, \u00e0 clamer, avec syst\u00e8me de r\u00e9alignement des f\u00fbts, axe de rotation \u00e0 12.8 mm, 2 contreplaques \u00e0 enfiler, 4 vis \u00e0 t\u00eate cylindrique \u00e0 six pans creux M6x16 et 1 vis-pointeau M5x6 en acier inox, 1 axe \u00d8 9 mm en acier inox pr\u00e9mont\u00e9 sur une douille \u00e0 came en zamak zingu\u00e9 noir, 2 bouchons en nylon, 1 douille autolubrifiante en nylon et 1 v\u00e9rin de r\u00e9glage en zamak. Port\u00e9e: 2 paumelles 100 Kg, 3 paumelles 120 Kg.<\/p>\n","protected":false},"excerpt":{"rendered":"<p>(brev.) Paumelle r\u00e9glable \u00e0 2 lames, pour troisi\u00e8me vantail<\/p>\n","protected":false},"featured_media":110204,"comment_status":"closed","ping_status":"closed","template":"","meta":{"_acf_changed":false,"_uag_custom_page_level_css":""},"product_brand":[],"product_cat":[12585,12645],"product_tag":[13128],"profilo":[11995,11996,12411,12412,12104,12105,12134,12135,12137,12138,12111,12125,12112,12129,12139,12140,12006,12095,12010,12098,12035,12152,12153,12164,12166,12154,12155,12156,12180,12181,12157,12182,12183,12168,12470,12468,12469,12186,12187,12197,12218,12228,12220,12230,12200,12202,12222,12064,12372,12373,12088,12090,12044,12051,12052,12045,12046],"finiture":[12512,12513,12515,12524,12528,12529,12531,12532,12534,12536,12543,12545,12547,12549,12550,12551,12556,12557,12558,12559,12560,12562,12565,12569,12570,12575,12580,12582,12583],"gruppo_anta":[],"class_list":{"0":"post-29081","1":"product","2":"type-product","3":"status-publish","4":"has-post-thumbnail","6":"product_cat-cerniere-cerniere-pesanti-e-cerniere-per-vasistas","7":"product_cat-summa-axial","8":"product_tag-updated","9":"profilo-alfil-a54rpt","10":"profilo-alfil-a65rpt","11":"profilo-cx-600","12":"profilo-cx-700","13":"profilo-domal-break-pa-52","14":"profilo-domal-break-pa-52-raggiato","15":"profilo-domal-bright-pa-70-s","16":"profilo-domal-bright-pa-70-s-raggiato","17":"profilo-domal-extratermic-62-raggiato","18":"profilo-domal-extratermic-62-sfera","19":"profilo-domal-stopper-pg","20":"profilo-domal-stopper-pg-63","21":"profilo-domal-stopper-pg-raggiato","22":"profilo-domal-sunny-pg","23":"profilo-domal-top-tb-65","24":"profilo-domal-top-tb-65-raggiato","25":"profilo-export-45","26":"profilo-export-45-t","27":"profilo-export-50","28":"profilo-export-50-t","29":"profilo-export-51-tt","30":"profilo-gold-400","31":"profilo-gold-400-raggiato","32":"profilo-gold-450","33":"profilo-gold-450-tt","34":"profilo-gold-490-tt","35":"profilo-gold-500","36":"profilo-gold-500-raggiato","37":"profilo-gold-502-hc","38":"profilo-gold-502-hc-raggiato","39":"profilo-gold-600","40":"profilo-gold-600-hc","41":"profilo-gold-600-hc-raggiato","42":"profilo-goldwing","43":"profilo-hf-580","44":"profilo-hp-600","45":"profilo-hp-700","46":"profilo-mx-50","47":"profilo-mx-70","48":"profilo-nc-45-int-raggiato","49":"profilo-nc-50-i","50":"profilo-nc-50-i-raggiato","51":"profilo-nc-50-sth","52":"profilo-nc-50-sth-raggiato","53":"profilo-nc-65-sth","54":"profilo-nc-72-sth","55":"profilo-nc-72-1-sth","56":"profilo-new-bt-60-tt","57":"profilo-road-520-tt-ce","58":"profilo-road-600-tt-ce","59":"profilo-serie-8000","60":"profilo-serie-8000-tt","61":"profilo-synthesis-45","62":"profilo-synthesis-52","63":"profilo-synthesis-52-tt","64":"profilo-synthesis-57","65":"profilo-synthesis-60-tt","66":"finiture-12512","67":"finiture-12513","68":"finiture-12515","69":"finiture-12524","70":"finiture-12528","71":"finiture-12529","72":"finiture-12531","73":"finiture-12532","74":"finiture-12534","75":"finiture-12536","76":"finiture-b-sa","77":"finiture-bl10","78":"finiture-bl25","79":"finiture-br5","80":"finiture-br801","81":"finiture-bw21","82":"finiture-f","83":"finiture-gr217","84":"finiture-gr50","85":"finiture-gr51","86":"finiture-gr606","87":"finiture-hl","88":"finiture-ne","89":"finiture-pvd-h","90":"finiture-pvd-x","91":"finiture-silv","92":"finiture-wt005","93":"finiture-xsd","94":"finiture-ze","95":"description-off","97":"first","98":"onbackorder","99":"product-type-variable"},"acf":[],"yoast_head":"<!-- This site is optimized with the Yoast SEO plugin v27.2 - https:\/\/yoast.com\/product\/yoast-seo-wordpress\/ -->\n<title>SUMMA+ AXIAL - 1124.75<\/title>\n<meta name=\"description\" content=\"(brev.) Paumelle r\u00e9glable \u00e0 2 lames, pour troisi\u00e8me vantail\" \/>\n<meta name=\"robots\" content=\"index, follow, max-snippet:-1, max-image-preview:large, max-video-preview:-1\" \/>\n<link rel=\"canonical\" href=\"https:\/\/savio.it\/fr\/prodotto\/summa-axial-1124-75\/\" \/>\n<meta property=\"og:locale\" content=\"fr_FR\" \/>\n<meta property=\"og:type\" content=\"article\" \/>\n<meta property=\"og:title\" content=\"SUMMA+ AXIAL - 1124.75\" \/>\n<meta property=\"og:description\" content=\"(brev.) Paumelle r\u00e9glable \u00e0 2 lames, pour troisi\u00e8me vantail\" \/>\n<meta property=\"og:url\" content=\"https:\/\/savio.it\/fr\/prodotto\/summa-axial-1124-75\/\" \/>\n<meta property=\"og:site_name\" content=\"SAVIO\" \/>\n<meta property=\"article:modified_time\" content=\"2024-06-27T12:46:11+00:00\" \/>\n<meta property=\"og:image\" content=\"https:\/\/savio.it\/wp-content\/uploads\/2022\/05\/1124_75.jpg\" \/>\n\t<meta property=\"og:image:width\" content=\"1000\" \/>\n\t<meta property=\"og:image:height\" content=\"1000\" \/>\n\t<meta property=\"og:image:type\" content=\"image\/jpeg\" \/>\n<meta name=\"twitter:card\" content=\"summary_large_image\" \/>\n<meta name=\"twitter:label1\" content=\"Dur\u00e9e de lecture estim\u00e9e\" \/>\n\t<meta name=\"twitter:data1\" content=\"4 minutes\" \/>\n<script type=\"application\/ld+json\" class=\"yoast-schema-graph\">{\"@context\":\"https:\/\/schema.org\",\"@graph\":[{\"@type\":\"WebPage\",\"@id\":\"https:\/\/savio.it\/fr\/prodotto\/summa-axial-1124-75\/\",\"url\":\"https:\/\/savio.it\/fr\/prodotto\/summa-axial-1124-75\/\",\"name\":\"SUMMA+ AXIAL - 1124.75\",\"isPartOf\":{\"@id\":\"https:\/\/savio.it\/fr\/#website\"},\"primaryImageOfPage\":{\"@id\":\"https:\/\/savio.it\/fr\/prodotto\/summa-axial-1124-75\/#primaryimage\"},\"image\":{\"@id\":\"https:\/\/savio.it\/fr\/prodotto\/summa-axial-1124-75\/#primaryimage\"},\"thumbnailUrl\":\"https:\/\/savio.it\/wp-content\/uploads\/2022\/05\/1124_75.jpg\",\"datePublished\":\"2021-10-01T14:34:57+00:00\",\"dateModified\":\"2024-06-27T12:46:11+00:00\",\"description\":\"(brev.) Paumelle r\u00e9glable \u00e0 2 lames, pour troisi\u00e8me vantail\",\"breadcrumb\":{\"@id\":\"https:\/\/savio.it\/fr\/prodotto\/summa-axial-1124-75\/#breadcrumb\"},\"inLanguage\":\"fr-FR\",\"potentialAction\":[{\"@type\":\"ReadAction\",\"target\":[\"https:\/\/savio.it\/fr\/prodotto\/summa-axial-1124-75\/\"]}]},{\"@type\":\"ImageObject\",\"inLanguage\":\"fr-FR\",\"@id\":\"https:\/\/savio.it\/fr\/prodotto\/summa-axial-1124-75\/#primaryimage\",\"url\":\"https:\/\/savio.it\/wp-content\/uploads\/2022\/05\/1124_75.jpg\",\"contentUrl\":\"https:\/\/savio.it\/wp-content\/uploads\/2022\/05\/1124_75.jpg\",\"width\":1000,\"height\":1000},{\"@type\":\"BreadcrumbList\",\"@id\":\"https:\/\/savio.it\/fr\/prodotto\/summa-axial-1124-75\/#breadcrumb\",\"itemListElement\":[{\"@type\":\"ListItem\",\"position\":1,\"name\":\"Home\",\"item\":\"https:\/\/savio.it\/fr\/\"},{\"@type\":\"ListItem\",\"position\":2,\"name\":\"Produits\",\"item\":\"https:\/\/savio.it\/fr\/prodotti\/\"},{\"@type\":\"ListItem\",\"position\":3,\"name\":\"SUMMA+ AXIAL &#8211; 1124.75\"}]},{\"@type\":\"WebSite\",\"@id\":\"https:\/\/savio.it\/fr\/#website\",\"url\":\"https:\/\/savio.it\/fr\/\",\"name\":\"SAVIO\",\"description\":\"Open mind for closing system\",\"publisher\":{\"@id\":\"https:\/\/savio.it\/fr\/#organization\"},\"potentialAction\":[{\"@type\":\"SearchAction\",\"target\":{\"@type\":\"EntryPoint\",\"urlTemplate\":\"https:\/\/savio.it\/fr\/?s={search_term_string}\"},\"query-input\":{\"@type\":\"PropertyValueSpecification\",\"valueRequired\":true,\"valueName\":\"search_term_string\"}}],\"inLanguage\":\"fr-FR\"},{\"@type\":\"Organization\",\"@id\":\"https:\/\/savio.it\/fr\/#organization\",\"name\":\"SAVIO\",\"url\":\"https:\/\/savio.it\/fr\/\",\"logo\":{\"@type\":\"ImageObject\",\"inLanguage\":\"fr-FR\",\"@id\":\"https:\/\/savio.it\/fr\/#\/schema\/logo\/image\/\",\"url\":\"https:\/\/savio.it\/wp-content\/uploads\/2021\/09\/cropped-Savio-logo.png\",\"contentUrl\":\"https:\/\/savio.it\/wp-content\/uploads\/2021\/09\/cropped-Savio-logo.png\",\"width\":243,\"height\":64,\"caption\":\"SAVIO\"},\"image\":{\"@id\":\"https:\/\/savio.it\/fr\/#\/schema\/logo\/image\/\"}}]}<\/script>\n<!-- \/ Yoast SEO plugin. -->","yoast_head_json":{"title":"SUMMA+ AXIAL - 1124.75","description":"(brev.) Paumelle r\u00e9glable \u00e0 2 lames, pour troisi\u00e8me vantail","robots":{"index":"index","follow":"follow","max-snippet":"max-snippet:-1","max-image-preview":"max-image-preview:large","max-video-preview":"max-video-preview:-1"},"canonical":"https:\/\/savio.it\/fr\/prodotto\/summa-axial-1124-75\/","og_locale":"fr_FR","og_type":"article","og_title":"SUMMA+ AXIAL - 1124.75","og_description":"(brev.) Paumelle r\u00e9glable \u00e0 2 lames, pour troisi\u00e8me vantail","og_url":"https:\/\/savio.it\/fr\/prodotto\/summa-axial-1124-75\/","og_site_name":"SAVIO","article_modified_time":"2024-06-27T12:46:11+00:00","og_image":[{"width":1000,"height":1000,"url":"https:\/\/savio.it\/wp-content\/uploads\/2022\/05\/1124_75.jpg","type":"image\/jpeg"}],"twitter_card":"summary_large_image","twitter_misc":{"Dur\u00e9e de lecture estim\u00e9e":"4 minutes"},"schema":{"@context":"https:\/\/schema.org","@graph":[{"@type":"WebPage","@id":"https:\/\/savio.it\/fr\/prodotto\/summa-axial-1124-75\/","url":"https:\/\/savio.it\/fr\/prodotto\/summa-axial-1124-75\/","name":"SUMMA+ AXIAL - 1124.75","isPartOf":{"@id":"https:\/\/savio.it\/fr\/#website"},"primaryImageOfPage":{"@id":"https:\/\/savio.it\/fr\/prodotto\/summa-axial-1124-75\/#primaryimage"},"image":{"@id":"https:\/\/savio.it\/fr\/prodotto\/summa-axial-1124-75\/#primaryimage"},"thumbnailUrl":"https:\/\/savio.it\/wp-content\/uploads\/2022\/05\/1124_75.jpg","datePublished":"2021-10-01T14:34:57+00:00","dateModified":"2024-06-27T12:46:11+00:00","description":"(brev.) Paumelle r\u00e9glable \u00e0 2 lames, pour troisi\u00e8me vantail","breadcrumb":{"@id":"https:\/\/savio.it\/fr\/prodotto\/summa-axial-1124-75\/#breadcrumb"},"inLanguage":"fr-FR","potentialAction":[{"@type":"ReadAction","target":["https:\/\/savio.it\/fr\/prodotto\/summa-axial-1124-75\/"]}]},{"@type":"ImageObject","inLanguage":"fr-FR","@id":"https:\/\/savio.it\/fr\/prodotto\/summa-axial-1124-75\/#primaryimage","url":"https:\/\/savio.it\/wp-content\/uploads\/2022\/05\/1124_75.jpg","contentUrl":"https:\/\/savio.it\/wp-content\/uploads\/2022\/05\/1124_75.jpg","width":1000,"height":1000},{"@type":"BreadcrumbList","@id":"https:\/\/savio.it\/fr\/prodotto\/summa-axial-1124-75\/#breadcrumb","itemListElement":[{"@type":"ListItem","position":1,"name":"Home","item":"https:\/\/savio.it\/fr\/"},{"@type":"ListItem","position":2,"name":"Produits","item":"https:\/\/savio.it\/fr\/prodotti\/"},{"@type":"ListItem","position":3,"name":"SUMMA+ AXIAL &#8211; 1124.75"}]},{"@type":"WebSite","@id":"https:\/\/savio.it\/fr\/#website","url":"https:\/\/savio.it\/fr\/","name":"SAVIO","description":"Open mind for closing system","publisher":{"@id":"https:\/\/savio.it\/fr\/#organization"},"potentialAction":[{"@type":"SearchAction","target":{"@type":"EntryPoint","urlTemplate":"https:\/\/savio.it\/fr\/?s={search_term_string}"},"query-input":{"@type":"PropertyValueSpecification","valueRequired":true,"valueName":"search_term_string"}}],"inLanguage":"fr-FR"},{"@type":"Organization","@id":"https:\/\/savio.it\/fr\/#organization","name":"SAVIO","url":"https:\/\/savio.it\/fr\/","logo":{"@type":"ImageObject","inLanguage":"fr-FR","@id":"https:\/\/savio.it\/fr\/#\/schema\/logo\/image\/","url":"https:\/\/savio.it\/wp-content\/uploads\/2021\/09\/cropped-Savio-logo.png","contentUrl":"https:\/\/savio.it\/wp-content\/uploads\/2021\/09\/cropped-Savio-logo.png","width":243,"height":64,"caption":"SAVIO"},"image":{"@id":"https:\/\/savio.it\/fr\/#\/schema\/logo\/image\/"}}]}},"uagb_featured_image_src":{"full":["https:\/\/savio.it\/wp-content\/uploads\/2022\/05\/1124_75.jpg",1000,1000,false],"thumbnail":["https:\/\/savio.it\/wp-content\/uploads\/2022\/05\/1124_75-150x150.jpg",150,150,true],"medium":["https:\/\/savio.it\/wp-content\/uploads\/2022\/05\/1124_75-300x300.jpg",300,300,true],"medium_large":["https:\/\/savio.it\/wp-content\/uploads\/2022\/05\/1124_75-768x768.jpg",768,768,true],"large":["https:\/\/savio.it\/wp-content\/uploads\/2022\/05\/1124_75.jpg",1000,1000,false],"gs-tiny":["https:\/\/savio.it\/wp-content\/uploads\/2022\/05\/1124_75.jpg",50,50,false],"xl":["https:\/\/savio.it\/wp-content\/uploads\/2022\/05\/1124_75.jpg",1000,1000,false],"xxl":["https:\/\/savio.it\/wp-content\/uploads\/2022\/05\/1124_75.jpg",1000,1000,false],"xxxl":["https:\/\/savio.it\/wp-content\/uploads\/2022\/05\/1124_75.jpg",1000,1000,false],"xxxxl":["https:\/\/savio.it\/wp-content\/uploads\/2022\/05\/1124_75.jpg",1000,1000,false],"xxxxxl":["https:\/\/savio.it\/wp-content\/uploads\/2022\/05\/1124_75.jpg",1000,1000,false],"1536x1536":["https:\/\/savio.it\/wp-content\/uploads\/2022\/05\/1124_75.jpg",1000,1000,false],"2048x2048":["https:\/\/savio.it\/wp-content\/uploads\/2022\/05\/1124_75.jpg",1000,1000,false],"woocommerce_thumbnail":["https:\/\/savio.it\/wp-content\/uploads\/2022\/05\/1124_75-300x300.jpg",300,300,true],"woocommerce_single":["https:\/\/savio.it\/wp-content\/uploads\/2022\/05\/1124_75-600x600.jpg",600,600,true],"woocommerce_gallery_thumbnail":["https:\/\/savio.it\/wp-content\/uploads\/2022\/05\/1124_75-200x200.jpg",200,200,true]},"uagb_author_info":{"display_name":"admin_news","author_link":"https:\/\/savio.it\/fr\/author\/"},"uagb_comment_info":0,"uagb_excerpt":"(brev.) Paumelle r\u00e9glable \u00e0 2 lames, pour troisi\u00e8me vantail","_links":{"self":[{"href":"https:\/\/savio.it\/fr\/wp-json\/wp\/v2\/product\/29081","targetHints":{"allow":["GET"]}}],"collection":[{"href":"https:\/\/savio.it\/fr\/wp-json\/wp\/v2\/product"}],"about":[{"href":"https:\/\/savio.it\/fr\/wp-json\/wp\/v2\/types\/product"}],"replies":[{"embeddable":true,"href":"https:\/\/savio.it\/fr\/wp-json\/wp\/v2\/comments?post=29081"}],"wp:featuredmedia":[{"embeddable":true,"href":"https:\/\/savio.it\/fr\/wp-json\/wp\/v2\/media\/110204"}],"wp:attachment":[{"href":"https:\/\/savio.it\/fr\/wp-json\/wp\/v2\/media?parent=29081"}],"wp:term":[{"taxonomy":"product_brand","embeddable":true,"href":"https:\/\/savio.it\/fr\/wp-json\/wp\/v2\/product_brand?post=29081"},{"taxonomy":"product_cat","embeddable":true,"href":"https:\/\/savio.it\/fr\/wp-json\/wp\/v2\/product_cat?post=29081"},{"taxonomy":"product_tag","embeddable":true,"href":"https:\/\/savio.it\/fr\/wp-json\/wp\/v2\/product_tag?post=29081"},{"taxonomy":"profilo","embeddable":true,"href":"https:\/\/savio.it\/fr\/wp-json\/wp\/v2\/profilo?post=29081"},{"taxonomy":"finiture","embeddable":true,"href":"https:\/\/savio.it\/fr\/wp-json\/wp\/v2\/finiture?post=29081"},{"taxonomy":"gruppo_anta","embeddable":true,"href":"https:\/\/savio.it\/fr\/wp-json\/wp\/v2\/gruppo_anta?post=29081"}],"curies":[{"name":"wp","href":"https:\/\/api.w.org\/{rel}","templated":true}]}}