{"id":29101,"date":"2021-09-30T12:36:11","date_gmt":"2021-10-01T14:35:13","guid":{"rendered":"https:\/\/savio.ne-ws.it\/prodotto\/mechanica-1145-53\/"},"modified":"2024-06-27T12:45:21","modified_gmt":"2024-06-27T12:45:21","slug":"mechanica-1145-53","status":"publish","type":"product","link":"https:\/\/savio.it\/fr\/prodotto\/mechanica-1145-53\/","title":{"rendered":"MECHANICA &#8211; 1145\/53"},"content":{"rendered":"<p>(brevet\u00e9) Paumelle r\u00e9glable \u00e0 2 lames dormant \u00e9troit en aluminium, entraxe de 53 mm, axe de rotation \u00e0 20 mm, sans \u00e9paulement, axe \u00d8 11 mm en acier inox, pr\u00e9mont\u00e9 sur une douille \u00e0 came en zamak zingu\u00e9 noir, 2 plaques cache-vis en aluminium, 2 bouchons en nylon, 1 douille autolubrifiante, 1 v\u00e9rin de r\u00e9glage en zamak. Comprenant le kit de fixation zingu\u00e9, compos\u00e9 de: 1 contreplaque 14&#215;14 mm en zamak, 1 lame ressort en acier pr\u00e9tempr\u00e9 bruni, 1 contreplaque 9&#215;14 mm en aluminium extrud\u00e9, 2 vis sp\u00e9ciales zingu\u00e9es M8x28 pour la fixation de la contreplaque (c\u00f4t\u00e9 ouvrant), 2 vis M6x20 zingu\u00e9es pour la fixation de la contreplaque (c\u00f4t\u00e9 dormant), 2 douilles de centrage pour la lame dormant, 1 vis zingu\u00e9e \u00e0 t\u00eate cylindrique \u00e0 six pans creux M4x16 et 1 vis zingu\u00e9e \u00e0 t\u00eate cylindrique \u00e0 six pans creux M4x14 pour la fixation des plaques cache-vis, 1 vis pointeau zingu\u00e9e M6x8 pour le blocage de la came. Port\u00e9e: 2 paumelles 80 Kg, 3 paumelles 100 Kg.<\/p>\n","protected":false},"excerpt":{"rendered":"<p>(brev.) Paumelle \u00e0 2 lames dormant \u00e9troit<\/p>\n","protected":false},"featured_media":80889,"comment_status":"closed","ping_status":"closed","template":"","meta":{"_acf_changed":false,"_uag_custom_page_level_css":""},"product_brand":[],"product_cat":[12585,12637],"product_tag":[13128],"profilo":[11995,11996,12000,12018,12001,12040,12151,12393,12395,12398,12104,12113,12105,12134,12121,12136,12123,12124,12111,12125,12126,12116,12139,12388,12389,12240,12245,12268,12267,12346,12321,12332,12323,12333,12347,12349,12324,12345,12325,12335,12348,12350,11984,11985,11980,11982,11983,12417,12423,12425,12427,12429,12352,12006,12095,12008,12019,12035,12037,12034,12039,11958,11963,12152,12164,12166,12154,12155,12180,12157,12182,12470,12468,12469,12012,12014,12015,12016,12247,12248,12255,12249,12256,12187,12196,12205,12218,12225,12220,12231,12217,12200,12207,12201,12208,12202,12235,12236,12270,12289,12271,12288,12279,12272,12308,12309,12310,12281,12329,12331,11970,11968,11972,11974,12170,12172,12175,12177,12178,12085,11988,11990,11991,11993,12372,12373,12375,12380,12377,12381,12378,12475,12086,12356,12358,12359,12364,12229,12051,12052,12045,12046,12048,12053,12054,12070,12071,12073,12078,12074,12079,12075,12081,12419,12246,12257,12435,12436,12274,12276,12304,12306,12293,12299,12294,12282,12297,12307,12311,12313,12314],"finiture":[12512,12515,12520,12529,12531,12532,12534,12536,12543,12545,12549,12550,12551,12552,12556,12557,12558,12559,12560,12562,12565,12569,12570,12575,12582,12583],"gruppo_anta":[],"class_list":{"0":"post-29101","1":"product","2":"type-product","3":"status-publish","4":"has-post-thumbnail","6":"product_cat-cerniere-cerniere-pesanti-e-cerniere-per-vasistas","7":"product_cat-mechanica","8":"product_tag-updated","9":"profilo-alfil-a54rpt","10":"profilo-alfil-a65rpt","11":"profilo-all-co-5-complanare","12":"profilo-all-co-5-porte","13":"profilo-all-co-5-sormonto","14":"profilo-allco-tec-72","15":"profilo-alpha-255","16":"profilo-atlantis-45","17":"profilo-atlantis-55-tt","18":"profilo-atlantis-68-tt","19":"profilo-domal-break-pa-52","20":"profilo-domal-break-pa-52-porte","21":"profilo-domal-break-pa-52-raggiato","22":"profilo-domal-bright-pa-70-s","23":"profilo-domal-bright-pa-70-s-porte","24":"profilo-domal-extratermic-62","25":"profilo-domal-spider-60","26":"profilo-domal-spider-l60-style","27":"profilo-domal-stopper-pg","28":"profilo-domal-stopper-pg-63","29":"profilo-domal-stopper-pg-63-porte","30":"profilo-domal-stopper-pg-porte","31":"profilo-domal-top-tb-65","32":"profilo-ecowin-th-62","33":"profilo-ecowin-th-72","34":"profilo-ekip-40-complanare","35":"profilo-ekip-ev-complanare","36":"profilo-ekip-th-73-porte","37":"profilo-ekip-th-83","38":"profilo-eku-52-tt","39":"profilo-eku-53","40":"profilo-eku-53-porte","41":"profilo-eku-53-tt","42":"profilo-eku-53-tt-porte","43":"profilo-eku-62-tt","44":"profilo-eku-62-tt-porte","45":"profilo-eku-64-tt","46":"profilo-eku-66-tt","47":"profilo-eku-72-tt","48":"profilo-eku-72-tt-porte","49":"profilo-eku-78-tt","50":"profilo-eku-78-tt-porte","51":"profilo-esedra-doors-56","52":"profilo-esedra-doors-56-tt","53":"profilo-esedra-ga-53","54":"profilo-esedra-tt-63","55":"profilo-esedra-tt-75","56":"profilo-et-45-sormonto","57":"profilo-et-58-2-tt","58":"profilo-et-67-3-tt","59":"profilo-et-68-2-tt","60":"profilo-et-75-3-tt","61":"profilo-eta","62":"profilo-export-45","63":"profilo-export-45-t","64":"profilo-export-45-tt","65":"profilo-export-50-porte","66":"profilo-export-51-tt","67":"profilo-export-51-tt-porte","68":"profilo-export-68-tt","69":"profilo-export-68-tt-porte","70":"profilo-global-48","71":"profilo-global-50-tt","72":"profilo-gold-400","73":"profilo-gold-450","74":"profilo-gold-450-tt","75":"profilo-gold-490-tt","76":"profilo-gold-500","77":"profilo-gold-502-hc","78":"profilo-gold-600","79":"profilo-gold-600-hc","80":"profilo-hf-580","81":"profilo-hp-600","82":"profilo-hp-700","83":"profilo-k-40","84":"profilo-k-45t","85":"profilo-k-64t","86":"profilo-k-70t","87":"profilo-maastricht-53","88":"profilo-maastricht-th-60","89":"profilo-maastricht-th-60-porte","90":"profilo-maastricht-th-68","91":"profilo-maastricht-th-68-porte","92":"profilo-mx-70","93":"profilo-nc-45-int","94":"profilo-nc-45-sth-porte","95":"profilo-nc-50-i","96":"profilo-nc-50-i-porte","97":"profilo-nc-50-sth","98":"profilo-nc-50-sth-porte","99":"profilo-nc-58-mediterraneo-sormonto","100":"profilo-nc-65-sth","101":"profilo-nc-65-sth-porte","102":"profilo-nc-68-sth","103":"profilo-nc-68-sth-porte","104":"profilo-nc-72-sth","105":"profilo-nc-75-sth","106":"profilo-nc-75-sthi","107":"profilo-new-tec-50","108":"profilo-new-tec-50-classic","109":"profilo-new-tec-52-tt","110":"profilo-new-tec-52-tt-classic","111":"profilo-new-tec-52-tt-porte","112":"profilo-new-tec-60-tt","113":"profilo-new-tec-65","114":"profilo-new-tec-65-classic","115":"profilo-new-tec-65-porte","116":"profilo-new-tec-68-tt-porte","117":"profilo-pe-50","118":"profilo-pe-58-tt-sormonto","119":"profilo-planet-45","120":"profilo-planet-50-tt","121":"profilo-planet-62-tt","122":"profilo-planet-72-ht","123":"profilo-plathina-60-classica","124":"profilo-plathina-60-flat-classica","125":"profilo-plathina-69-classica","126":"profilo-plathina-69-flat-classica","127":"profilo-plathina-75-classica","128":"profilo-prestige-73-tt","129":"profilo-r-40","130":"profilo-r-50","131":"profilo-r-50-tt-barra-cont","132":"profilo-r-62-tt","133":"profilo-road-520-tt-ce","134":"profilo-road-600-tt-ce","135":"profilo-royal-s-50-porte","136":"profilo-royal-s-65-ak-porte","137":"profilo-royal-s-65-porte","138":"profilo-royal-s-70-f-porte","139":"profilo-royal-s-70-hi-porte","140":"profilo-serie-1400","141":"profilo-slim-70-tt","142":"profilo-start-510","143":"profilo-start-560-tt","144":"profilo-start-640-tt","145":"profilo-start-760-tt","146":"profilo-superblindo","147":"profilo-synthesis-52","148":"profilo-synthesis-52-tt","149":"profilo-synthesis-57","150":"profilo-synthesis-60-tt","151":"profilo-synthesis-60-tt-porte","152":"profilo-synthesis-68-tt","153":"profilo-synthesis-68-tt-porte","154":"profilo-tecno-50","155":"profilo-tecno-50-porte","156":"profilo-tecno-50-tt","157":"profilo-tecno-50-tt-porte","158":"profilo-tecno-60-tt","159":"profilo-tecno-60-tt-porte","160":"profilo-tecno-68-tt","161":"profilo-tecno-76-tt","162":"profilo-tt-50","163":"profilo-venice-th16","164":"profilo-venice-th16-porte","165":"profilo-vuerre-53-tt","166":"profilo-vuerre-70-tt","167":"profilo-windstop-45","168":"profilo-windstop-45-tt","169":"profilo-windstop-45-tt-classic","170":"profilo-windstop-45-tt-porte","171":"profilo-windstop-55-tt","172":"profilo-windstop-55-tt-classic","173":"profilo-windstop-55-tt-porte","174":"profilo-windstop-60-porte","175":"profilo-windstop-65-tt","176":"profilo-windstop-65-tt-porte","177":"profilo-windstop-73-tt","178":"profilo-ws-65-thi","179":"profilo-ws-75-thi","180":"finiture-12512","181":"finiture-12515","182":"finiture-12520","183":"finiture-12529","184":"finiture-12531","185":"finiture-12532","186":"finiture-12534","187":"finiture-12536","188":"finiture-b-sa","189":"finiture-bl10","190":"finiture-br5","191":"finiture-br801","192":"finiture-bw21","193":"finiture-c","194":"finiture-f","195":"finiture-gr217","196":"finiture-gr50","197":"finiture-gr51","198":"finiture-gr606","199":"finiture-hl","200":"finiture-ne","201":"finiture-pvd-h","202":"finiture-pvd-x","203":"finiture-silv","204":"finiture-xsd","205":"finiture-ze","206":"description-off","208":"first","209":"onbackorder","210":"product-type-variable"},"acf":[],"yoast_head":"<!-- This site is optimized with the Yoast SEO plugin v27.2 - https:\/\/yoast.com\/product\/yoast-seo-wordpress\/ -->\n<title>MECHANICA - 1145\/53<\/title>\n<meta name=\"description\" content=\"(brev.) Paumelle \u00e0 2 lames dormant \u00e9troit\" \/>\n<meta name=\"robots\" content=\"index, follow, max-snippet:-1, max-image-preview:large, max-video-preview:-1\" \/>\n<link rel=\"canonical\" href=\"https:\/\/savio.it\/fr\/prodotto\/mechanica-1145-53\/\" \/>\n<meta property=\"og:locale\" content=\"fr_FR\" \/>\n<meta property=\"og:type\" content=\"article\" \/>\n<meta property=\"og:title\" content=\"MECHANICA - 1145\/53\" \/>\n<meta property=\"og:description\" content=\"(brev.) Paumelle \u00e0 2 lames dormant \u00e9troit\" \/>\n<meta property=\"og:url\" content=\"https:\/\/savio.it\/fr\/prodotto\/mechanica-1145-53\/\" \/>\n<meta property=\"og:site_name\" content=\"SAVIO\" \/>\n<meta property=\"article:modified_time\" content=\"2024-06-27T12:45:21+00:00\" \/>\n<meta property=\"og:image\" content=\"https:\/\/savio.it\/wp-content\/uploads\/2022\/06\/1145_53.jpg\" \/>\n\t<meta property=\"og:image:width\" content=\"1000\" \/>\n\t<meta property=\"og:image:height\" content=\"1000\" \/>\n\t<meta property=\"og:image:type\" content=\"image\/jpeg\" \/>\n<meta name=\"twitter:card\" content=\"summary_large_image\" \/>\n<meta name=\"twitter:label1\" content=\"Dur\u00e9e de lecture estim\u00e9e\" \/>\n\t<meta name=\"twitter:data1\" content=\"2 minutes\" \/>\n<script type=\"application\/ld+json\" class=\"yoast-schema-graph\">{\"@context\":\"https:\/\/schema.org\",\"@graph\":[{\"@type\":\"WebPage\",\"@id\":\"https:\/\/savio.it\/fr\/prodotto\/mechanica-1145-53\/\",\"url\":\"https:\/\/savio.it\/fr\/prodotto\/mechanica-1145-53\/\",\"name\":\"MECHANICA - 1145\/53\",\"isPartOf\":{\"@id\":\"https:\/\/savio.it\/fr\/#website\"},\"primaryImageOfPage\":{\"@id\":\"https:\/\/savio.it\/fr\/prodotto\/mechanica-1145-53\/#primaryimage\"},\"image\":{\"@id\":\"https:\/\/savio.it\/fr\/prodotto\/mechanica-1145-53\/#primaryimage\"},\"thumbnailUrl\":\"https:\/\/savio.it\/wp-content\/uploads\/2022\/06\/1145_53.jpg\",\"datePublished\":\"2021-10-01T14:35:13+00:00\",\"dateModified\":\"2024-06-27T12:45:21+00:00\",\"description\":\"(brev.) Paumelle \u00e0 2 lames dormant \u00e9troit\",\"breadcrumb\":{\"@id\":\"https:\/\/savio.it\/fr\/prodotto\/mechanica-1145-53\/#breadcrumb\"},\"inLanguage\":\"fr-FR\",\"potentialAction\":[{\"@type\":\"ReadAction\",\"target\":[\"https:\/\/savio.it\/fr\/prodotto\/mechanica-1145-53\/\"]}]},{\"@type\":\"ImageObject\",\"inLanguage\":\"fr-FR\",\"@id\":\"https:\/\/savio.it\/fr\/prodotto\/mechanica-1145-53\/#primaryimage\",\"url\":\"https:\/\/savio.it\/wp-content\/uploads\/2022\/06\/1145_53.jpg\",\"contentUrl\":\"https:\/\/savio.it\/wp-content\/uploads\/2022\/06\/1145_53.jpg\",\"width\":1000,\"height\":1000},{\"@type\":\"BreadcrumbList\",\"@id\":\"https:\/\/savio.it\/fr\/prodotto\/mechanica-1145-53\/#breadcrumb\",\"itemListElement\":[{\"@type\":\"ListItem\",\"position\":1,\"name\":\"Home\",\"item\":\"https:\/\/savio.it\/fr\/\"},{\"@type\":\"ListItem\",\"position\":2,\"name\":\"Produits\",\"item\":\"https:\/\/savio.it\/fr\/prodotti\/\"},{\"@type\":\"ListItem\",\"position\":3,\"name\":\"MECHANICA &#8211; 1145\/53\"}]},{\"@type\":\"WebSite\",\"@id\":\"https:\/\/savio.it\/fr\/#website\",\"url\":\"https:\/\/savio.it\/fr\/\",\"name\":\"SAVIO\",\"description\":\"Open mind for closing system\",\"publisher\":{\"@id\":\"https:\/\/savio.it\/fr\/#organization\"},\"potentialAction\":[{\"@type\":\"SearchAction\",\"target\":{\"@type\":\"EntryPoint\",\"urlTemplate\":\"https:\/\/savio.it\/fr\/?s={search_term_string}\"},\"query-input\":{\"@type\":\"PropertyValueSpecification\",\"valueRequired\":true,\"valueName\":\"search_term_string\"}}],\"inLanguage\":\"fr-FR\"},{\"@type\":\"Organization\",\"@id\":\"https:\/\/savio.it\/fr\/#organization\",\"name\":\"SAVIO\",\"url\":\"https:\/\/savio.it\/fr\/\",\"logo\":{\"@type\":\"ImageObject\",\"inLanguage\":\"fr-FR\",\"@id\":\"https:\/\/savio.it\/fr\/#\/schema\/logo\/image\/\",\"url\":\"https:\/\/savio.it\/wp-content\/uploads\/2021\/09\/cropped-Savio-logo.png\",\"contentUrl\":\"https:\/\/savio.it\/wp-content\/uploads\/2021\/09\/cropped-Savio-logo.png\",\"width\":243,\"height\":64,\"caption\":\"SAVIO\"},\"image\":{\"@id\":\"https:\/\/savio.it\/fr\/#\/schema\/logo\/image\/\"}}]}<\/script>\n<!-- \/ Yoast SEO plugin. -->","yoast_head_json":{"title":"MECHANICA - 1145\/53","description":"(brev.) Paumelle \u00e0 2 lames dormant \u00e9troit","robots":{"index":"index","follow":"follow","max-snippet":"max-snippet:-1","max-image-preview":"max-image-preview:large","max-video-preview":"max-video-preview:-1"},"canonical":"https:\/\/savio.it\/fr\/prodotto\/mechanica-1145-53\/","og_locale":"fr_FR","og_type":"article","og_title":"MECHANICA - 1145\/53","og_description":"(brev.) Paumelle \u00e0 2 lames dormant \u00e9troit","og_url":"https:\/\/savio.it\/fr\/prodotto\/mechanica-1145-53\/","og_site_name":"SAVIO","article_modified_time":"2024-06-27T12:45:21+00:00","og_image":[{"width":1000,"height":1000,"url":"https:\/\/savio.it\/wp-content\/uploads\/2022\/06\/1145_53.jpg","type":"image\/jpeg"}],"twitter_card":"summary_large_image","twitter_misc":{"Dur\u00e9e de lecture estim\u00e9e":"2 minutes"},"schema":{"@context":"https:\/\/schema.org","@graph":[{"@type":"WebPage","@id":"https:\/\/savio.it\/fr\/prodotto\/mechanica-1145-53\/","url":"https:\/\/savio.it\/fr\/prodotto\/mechanica-1145-53\/","name":"MECHANICA - 1145\/53","isPartOf":{"@id":"https:\/\/savio.it\/fr\/#website"},"primaryImageOfPage":{"@id":"https:\/\/savio.it\/fr\/prodotto\/mechanica-1145-53\/#primaryimage"},"image":{"@id":"https:\/\/savio.it\/fr\/prodotto\/mechanica-1145-53\/#primaryimage"},"thumbnailUrl":"https:\/\/savio.it\/wp-content\/uploads\/2022\/06\/1145_53.jpg","datePublished":"2021-10-01T14:35:13+00:00","dateModified":"2024-06-27T12:45:21+00:00","description":"(brev.) Paumelle \u00e0 2 lames dormant \u00e9troit","breadcrumb":{"@id":"https:\/\/savio.it\/fr\/prodotto\/mechanica-1145-53\/#breadcrumb"},"inLanguage":"fr-FR","potentialAction":[{"@type":"ReadAction","target":["https:\/\/savio.it\/fr\/prodotto\/mechanica-1145-53\/"]}]},{"@type":"ImageObject","inLanguage":"fr-FR","@id":"https:\/\/savio.it\/fr\/prodotto\/mechanica-1145-53\/#primaryimage","url":"https:\/\/savio.it\/wp-content\/uploads\/2022\/06\/1145_53.jpg","contentUrl":"https:\/\/savio.it\/wp-content\/uploads\/2022\/06\/1145_53.jpg","width":1000,"height":1000},{"@type":"BreadcrumbList","@id":"https:\/\/savio.it\/fr\/prodotto\/mechanica-1145-53\/#breadcrumb","itemListElement":[{"@type":"ListItem","position":1,"name":"Home","item":"https:\/\/savio.it\/fr\/"},{"@type":"ListItem","position":2,"name":"Produits","item":"https:\/\/savio.it\/fr\/prodotti\/"},{"@type":"ListItem","position":3,"name":"MECHANICA &#8211; 1145\/53"}]},{"@type":"WebSite","@id":"https:\/\/savio.it\/fr\/#website","url":"https:\/\/savio.it\/fr\/","name":"SAVIO","description":"Open mind for closing system","publisher":{"@id":"https:\/\/savio.it\/fr\/#organization"},"potentialAction":[{"@type":"SearchAction","target":{"@type":"EntryPoint","urlTemplate":"https:\/\/savio.it\/fr\/?s={search_term_string}"},"query-input":{"@type":"PropertyValueSpecification","valueRequired":true,"valueName":"search_term_string"}}],"inLanguage":"fr-FR"},{"@type":"Organization","@id":"https:\/\/savio.it\/fr\/#organization","name":"SAVIO","url":"https:\/\/savio.it\/fr\/","logo":{"@type":"ImageObject","inLanguage":"fr-FR","@id":"https:\/\/savio.it\/fr\/#\/schema\/logo\/image\/","url":"https:\/\/savio.it\/wp-content\/uploads\/2021\/09\/cropped-Savio-logo.png","contentUrl":"https:\/\/savio.it\/wp-content\/uploads\/2021\/09\/cropped-Savio-logo.png","width":243,"height":64,"caption":"SAVIO"},"image":{"@id":"https:\/\/savio.it\/fr\/#\/schema\/logo\/image\/"}}]}},"uagb_featured_image_src":{"full":["https:\/\/savio.it\/wp-content\/uploads\/2022\/06\/1145_53.jpg",1000,1000,false],"thumbnail":["https:\/\/savio.it\/wp-content\/uploads\/2022\/06\/1145_53-150x150.jpg",150,150,true],"medium":["https:\/\/savio.it\/wp-content\/uploads\/2022\/06\/1145_53-300x300.jpg",300,300,true],"medium_large":["https:\/\/savio.it\/wp-content\/uploads\/2022\/06\/1145_53-768x768.jpg",768,768,true],"large":["https:\/\/savio.it\/wp-content\/uploads\/2022\/06\/1145_53.jpg",1000,1000,false],"gs-tiny":["https:\/\/savio.it\/wp-content\/uploads\/2022\/06\/1145_53.jpg",50,50,false],"xl":["https:\/\/savio.it\/wp-content\/uploads\/2022\/06\/1145_53.jpg",1000,1000,false],"xxl":["https:\/\/savio.it\/wp-content\/uploads\/2022\/06\/1145_53.jpg",1000,1000,false],"xxxl":["https:\/\/savio.it\/wp-content\/uploads\/2022\/06\/1145_53.jpg",1000,1000,false],"xxxxl":["https:\/\/savio.it\/wp-content\/uploads\/2022\/06\/1145_53.jpg",1000,1000,false],"xxxxxl":["https:\/\/savio.it\/wp-content\/uploads\/2022\/06\/1145_53.jpg",1000,1000,false],"1536x1536":["https:\/\/savio.it\/wp-content\/uploads\/2022\/06\/1145_53.jpg",1000,1000,false],"2048x2048":["https:\/\/savio.it\/wp-content\/uploads\/2022\/06\/1145_53.jpg",1000,1000,false],"woocommerce_thumbnail":["https:\/\/savio.it\/wp-content\/uploads\/2022\/06\/1145_53-300x300.jpg",300,300,true],"woocommerce_single":["https:\/\/savio.it\/wp-content\/uploads\/2022\/06\/1145_53-600x600.jpg",600,600,true],"woocommerce_gallery_thumbnail":["https:\/\/savio.it\/wp-content\/uploads\/2022\/06\/1145_53-200x200.jpg",200,200,true]},"uagb_author_info":{"display_name":"admin_news","author_link":"https:\/\/savio.it\/fr\/author\/"},"uagb_comment_info":0,"uagb_excerpt":"(brev.) Paumelle \u00e0 2 lames dormant \u00e9troit","_links":{"self":[{"href":"https:\/\/savio.it\/fr\/wp-json\/wp\/v2\/product\/29101","targetHints":{"allow":["GET"]}}],"collection":[{"href":"https:\/\/savio.it\/fr\/wp-json\/wp\/v2\/product"}],"about":[{"href":"https:\/\/savio.it\/fr\/wp-json\/wp\/v2\/types\/product"}],"replies":[{"embeddable":true,"href":"https:\/\/savio.it\/fr\/wp-json\/wp\/v2\/comments?post=29101"}],"wp:featuredmedia":[{"embeddable":true,"href":"https:\/\/savio.it\/fr\/wp-json\/wp\/v2\/media\/80889"}],"wp:attachment":[{"href":"https:\/\/savio.it\/fr\/wp-json\/wp\/v2\/media?parent=29101"}],"wp:term":[{"taxonomy":"product_brand","embeddable":true,"href":"https:\/\/savio.it\/fr\/wp-json\/wp\/v2\/product_brand?post=29101"},{"taxonomy":"product_cat","embeddable":true,"href":"https:\/\/savio.it\/fr\/wp-json\/wp\/v2\/product_cat?post=29101"},{"taxonomy":"product_tag","embeddable":true,"href":"https:\/\/savio.it\/fr\/wp-json\/wp\/v2\/product_tag?post=29101"},{"taxonomy":"profilo","embeddable":true,"href":"https:\/\/savio.it\/fr\/wp-json\/wp\/v2\/profilo?post=29101"},{"taxonomy":"finiture","embeddable":true,"href":"https:\/\/savio.it\/fr\/wp-json\/wp\/v2\/finiture?post=29101"},{"taxonomy":"gruppo_anta","embeddable":true,"href":"https:\/\/savio.it\/fr\/wp-json\/wp\/v2\/gruppo_anta?post=29101"}],"curies":[{"name":"wp","href":"https:\/\/api.w.org\/{rel}","templated":true}]}}