{"id":29103,"date":"2021-09-30T12:36:11","date_gmt":"2021-10-01T14:35:13","guid":{"rendered":"https:\/\/savio.ne-ws.it\/prodotto\/mechanica-1145-67mr\/"},"modified":"2024-06-27T12:45:25","modified_gmt":"2024-06-27T12:45:25","slug":"mechanica-1145-67mr","status":"publish","type":"product","link":"https:\/\/savio.it\/fr\/prodotto\/mechanica-1145-67mr\/","title":{"rendered":"MECHANICA &#8211; 1145\/67MR"},"content":{"rendered":"<p>(brevet\u00e9) Paumelle r\u00e9glable \u00e0 2 lames dormant \u00e9troit en aluminium, entraxe de 67 mm, axe de rotation \u00e0 20 mm, sans \u00e9paulement, axe \u00d8 11 mm en acier inox, pr\u00e9mont\u00e9 sur une douille \u00e0 came en zamak zingu\u00e9 noir, 2 plaques cache-vis en aluminium, 2 bouchons en nylon, 1 douille autolubrifiante, 1 v\u00e9rin de r\u00e9glage en zamak. Comprenant le kit de fixation zingu\u00e9, compos\u00e9 de: 1 contreplaque 14&#215;14 mm en zamak, 1 lame ressort en acier pr\u00e9tempr\u00e9 bruni, 1 contreplaque 9&#215;14 mm en aluminium extrud\u00e9, 2 vis sp\u00e9ciales zingu\u00e9es M8x28 pour la fixation de la contreplaque (c\u00f4t\u00e9 ouvrant), 2 vis M6x20 zingu\u00e9es pour la fixation de la contreplaque (c\u00f4t\u00e9 dormant), 2 douilles de centrage pour la lame dormant, 1 vis zingu\u00e9e \u00e0 t\u00eate cylindrique \u00e0 six pans creux M4x16 et 1 vis zingu\u00e9e \u00e0 t\u00eate cylindrique \u00e0 six pans creux M4x14 pour la fixation des plaques cache-vis, 1 vis pointeau zingu\u00e9e M6x8 pour le blocage de la came. Port\u00e9e: 2 paumelles 60 Kg, 3 paumelles 80 Kg.<\/p>\n","protected":false},"excerpt":{"rendered":"<p>(brev.) Paumelle \u00e0 2 lames dormant \u00e9troit<\/p>\n","protected":false},"featured_media":15704,"comment_status":"closed","ping_status":"closed","template":"","meta":{"_acf_changed":false,"_uag_custom_page_level_css":""},"product_brand":[],"product_cat":[12585,12637],"product_tag":[13128],"profilo":[12431,11995,11996,12018,12040,12158,12395,12065,12104,12113,12105,12115,12123,12124,12111,12125,12126,12116,12139,12388,12389,12268,12253,12456,12458,12346,12347,12349,12345,12348,12350,11984,11985,11980,11982,12352,12006,12095,12008,12019,12102,12020,12035,11958,11963,11967,11959,12152,12153,12164,12166,12154,12155,12159,12156,12180,12157,12182,12160,12470,12247,12254,12255,12249,12256,12187,12198,12218,12225,12220,12231,12217,12207,12208,12209,12017,12270,12289,12278,12271,12288,12279,12272,12280,12308,12309,12310,12273,12281,12329,12331,11970,11968,11972,11974,12170,12172,12175,12177,12178,12085,11988,11990,11991,11993,12372,12373,12375,12380,12377,12381,12378,12374,12086,12357,12051,12052,12045,12046,12048,12053,12054,12071,12073,12078,12074,12079,12075,12081,12419,12246,12257,12436,12274,12304,12306,12299,12297,12311,12313,12314],"finiture":[12532,12534,12552,12556,12557,12565,12575],"gruppo_anta":[],"class_list":{"0":"post-29103","1":"product","2":"type-product","3":"status-publish","4":"has-post-thumbnail","6":"product_cat-cerniere-cerniere-pesanti-e-cerniere-per-vasistas","7":"product_cat-mechanica","8":"product_tag-updated","9":"profilo-12431","10":"profilo-alfil-a54rpt","11":"profilo-alfil-a65rpt","12":"profilo-all-co-5-porte","13":"profilo-allco-tec-72","14":"profilo-alpha-blitz-2000","15":"profilo-atlantis-55-tt","16":"profilo-bga-50-porte","17":"profilo-domal-break-pa-52","18":"profilo-domal-break-pa-52-porte","19":"profilo-domal-break-pa-52-raggiato","20":"profilo-domal-shops","21":"profilo-domal-spider-60","22":"profilo-domal-spider-l60-style","23":"profilo-domal-stopper-pg","24":"profilo-domal-stopper-pg-63","25":"profilo-domal-stopper-pg-63-porte","26":"profilo-domal-stopper-pg-porte","27":"profilo-domal-top-tb-65","28":"profilo-ecowin-th-62","29":"profilo-ecowin-th-72","30":"profilo-ekip-th-73-porte","31":"profilo-ekip-thermo-53-porte","32":"profilo-ekos-minimall-54-th","33":"profilo-ekos-minimall-62-thj","34":"profilo-eku-52-tt","35":"profilo-eku-62-tt","36":"profilo-eku-62-tt-porte","37":"profilo-eku-66-tt","38":"profilo-eku-78-tt","39":"profilo-eku-78-tt-porte","40":"profilo-esedra-doors-56","41":"profilo-esedra-doors-56-tt","42":"profilo-esedra-ga-53","43":"profilo-esedra-tt-63","44":"profilo-eta","45":"profilo-export-45","46":"profilo-export-45-t","47":"profilo-export-45-tt","48":"profilo-export-50-porte","49":"profilo-export-50-t-porte","50":"profilo-export-50-tt-porte","51":"profilo-export-51-tt","52":"profilo-global-48","53":"profilo-global-50-tt","54":"profilo-global-50-tt-porte","55":"profilo-global-70-tt","56":"profilo-gold-400","57":"profilo-gold-400-raggiato","58":"profilo-gold-450","59":"profilo-gold-450-tt","60":"profilo-gold-490-tt","61":"profilo-gold-500","62":"profilo-gold-500-porte","63":"profilo-gold-500-raggiato","64":"profilo-gold-502-hc","65":"profilo-gold-600","66":"profilo-gold-600-hc","67":"profilo-gold-600-porte","68":"profilo-hf-580","69":"profilo-maastricht-53","70":"profilo-maastricht-53-porte","71":"profilo-maastricht-th-60-porte","72":"profilo-maastricht-th-68","73":"profilo-maastricht-th-68-porte","74":"profilo-mx-70","75":"profilo-nc-45-sth","76":"profilo-nc-50-i","77":"profilo-nc-50-i-porte","78":"profilo-nc-50-sth","79":"profilo-nc-50-sth-porte","80":"profilo-nc-58-mediterraneo-sormonto","81":"profilo-nc-65-sth-porte","82":"profilo-nc-68-sth-porte","83":"profilo-nc-72-sth-porte","84":"profilo-new-age","85":"profilo-new-tec-50","86":"profilo-new-tec-50-classic","87":"profilo-new-tec-50-porte","88":"profilo-new-tec-52-tt","89":"profilo-new-tec-52-tt-classic","90":"profilo-new-tec-52-tt-porte","91":"profilo-new-tec-60-tt","92":"profilo-new-tec-60-tt-porte","93":"profilo-new-tec-65","94":"profilo-new-tec-65-classic","95":"profilo-new-tec-65-porte","96":"profilo-new-tec-68-tt","97":"profilo-new-tec-68-tt-porte","98":"profilo-pe-50","99":"profilo-pe-58-tt-sormonto","100":"profilo-planet-45","101":"profilo-planet-50-tt","102":"profilo-planet-62-tt","103":"profilo-planet-72-ht","104":"profilo-plathina-60-classica","105":"profilo-plathina-60-flat-classica","106":"profilo-plathina-69-classica","107":"profilo-plathina-69-flat-classica","108":"profilo-plathina-75-classica","109":"profilo-prestige-73-tt","110":"profilo-r-40","111":"profilo-r-50","112":"profilo-r-50-tt-barra-cont","113":"profilo-r-62-tt","114":"profilo-road-520-tt-ce","115":"profilo-road-600-tt-ce","116":"profilo-royal-s-50-porte","117":"profilo-royal-s-65-ak-porte","118":"profilo-royal-s-65-porte","119":"profilo-royal-s-70-f-porte","120":"profilo-royal-s-70-hi-porte","121":"profilo-schuco-international","122":"profilo-slim-70-tt","123":"profilo-start-470-tt","124":"profilo-synthesis-52","125":"profilo-synthesis-52-tt","126":"profilo-synthesis-57","127":"profilo-synthesis-60-tt","128":"profilo-synthesis-60-tt-porte","129":"profilo-synthesis-68-tt","130":"profilo-synthesis-68-tt-porte","131":"profilo-tecno-50-porte","132":"profilo-tecno-50-tt","133":"profilo-tecno-50-tt-porte","134":"profilo-tecno-60-tt","135":"profilo-tecno-60-tt-porte","136":"profilo-tecno-68-tt","137":"profilo-tecno-76-tt","138":"profilo-tt-50","139":"profilo-venice-th16","140":"profilo-venice-th16-porte","141":"profilo-vuerre-70-tt","142":"profilo-windstop-45","143":"profilo-windstop-45-tt-classic","144":"profilo-windstop-45-tt-porte","145":"profilo-windstop-55-tt-classic","146":"profilo-windstop-65-tt","147":"profilo-windstop-73-tt","148":"profilo-ws-65-thi","149":"profilo-ws-75-thi","150":"finiture-12532","151":"finiture-12534","152":"finiture-c","153":"finiture-f","154":"finiture-gr217","155":"finiture-ne","156":"finiture-silv","157":"description-off","159":"first","160":"onbackorder","161":"product-type-variable"},"acf":[],"yoast_head":"<!-- This site is optimized with the Yoast SEO plugin v27.2 - https:\/\/yoast.com\/product\/yoast-seo-wordpress\/ -->\n<title>MECHANICA - 1145\/67MR<\/title>\n<meta name=\"description\" content=\"(brev.) Paumelle \u00e0 2 lames dormant \u00e9troit\" \/>\n<meta name=\"robots\" content=\"index, follow, max-snippet:-1, max-image-preview:large, max-video-preview:-1\" \/>\n<link rel=\"canonical\" href=\"https:\/\/savio.it\/fr\/prodotto\/mechanica-1145-67mr\/\" \/>\n<meta property=\"og:locale\" content=\"fr_FR\" \/>\n<meta property=\"og:type\" content=\"article\" \/>\n<meta property=\"og:title\" content=\"MECHANICA - 1145\/67MR\" \/>\n<meta property=\"og:description\" content=\"(brev.) Paumelle \u00e0 2 lames dormant \u00e9troit\" \/>\n<meta property=\"og:url\" content=\"https:\/\/savio.it\/fr\/prodotto\/mechanica-1145-67mr\/\" \/>\n<meta property=\"og:site_name\" content=\"SAVIO\" \/>\n<meta property=\"article:modified_time\" content=\"2024-06-27T12:45:25+00:00\" \/>\n<meta property=\"og:image\" content=\"https:\/\/savio.it\/wp-content\/uploads\/2021\/09\/1145_53-5.jpg\" \/>\n\t<meta property=\"og:image:width\" content=\"229\" \/>\n\t<meta property=\"og:image:height\" content=\"229\" \/>\n\t<meta property=\"og:image:type\" content=\"image\/jpeg\" \/>\n<meta name=\"twitter:card\" content=\"summary_large_image\" \/>\n<meta name=\"twitter:label1\" content=\"Dur\u00e9e de lecture estim\u00e9e\" \/>\n\t<meta name=\"twitter:data1\" content=\"4 minutes\" \/>\n<script type=\"application\/ld+json\" class=\"yoast-schema-graph\">{\"@context\":\"https:\/\/schema.org\",\"@graph\":[{\"@type\":\"WebPage\",\"@id\":\"https:\/\/savio.it\/fr\/prodotto\/mechanica-1145-67mr\/\",\"url\":\"https:\/\/savio.it\/fr\/prodotto\/mechanica-1145-67mr\/\",\"name\":\"MECHANICA - 1145\/67MR\",\"isPartOf\":{\"@id\":\"https:\/\/savio.it\/fr\/#website\"},\"primaryImageOfPage\":{\"@id\":\"https:\/\/savio.it\/fr\/prodotto\/mechanica-1145-67mr\/#primaryimage\"},\"image\":{\"@id\":\"https:\/\/savio.it\/fr\/prodotto\/mechanica-1145-67mr\/#primaryimage\"},\"thumbnailUrl\":\"https:\/\/savio.it\/wp-content\/uploads\/2021\/09\/1145_53-5.jpg\",\"datePublished\":\"2021-10-01T14:35:13+00:00\",\"dateModified\":\"2024-06-27T12:45:25+00:00\",\"description\":\"(brev.) Paumelle \u00e0 2 lames dormant \u00e9troit\",\"breadcrumb\":{\"@id\":\"https:\/\/savio.it\/fr\/prodotto\/mechanica-1145-67mr\/#breadcrumb\"},\"inLanguage\":\"fr-FR\",\"potentialAction\":[{\"@type\":\"ReadAction\",\"target\":[\"https:\/\/savio.it\/fr\/prodotto\/mechanica-1145-67mr\/\"]}]},{\"@type\":\"ImageObject\",\"inLanguage\":\"fr-FR\",\"@id\":\"https:\/\/savio.it\/fr\/prodotto\/mechanica-1145-67mr\/#primaryimage\",\"url\":\"https:\/\/savio.it\/wp-content\/uploads\/2021\/09\/1145_53-5.jpg\",\"contentUrl\":\"https:\/\/savio.it\/wp-content\/uploads\/2021\/09\/1145_53-5.jpg\",\"width\":229,\"height\":229},{\"@type\":\"BreadcrumbList\",\"@id\":\"https:\/\/savio.it\/fr\/prodotto\/mechanica-1145-67mr\/#breadcrumb\",\"itemListElement\":[{\"@type\":\"ListItem\",\"position\":1,\"name\":\"Home\",\"item\":\"https:\/\/savio.it\/fr\/\"},{\"@type\":\"ListItem\",\"position\":2,\"name\":\"Produits\",\"item\":\"https:\/\/savio.it\/fr\/prodotti\/\"},{\"@type\":\"ListItem\",\"position\":3,\"name\":\"MECHANICA &#8211; 1145\/67MR\"}]},{\"@type\":\"WebSite\",\"@id\":\"https:\/\/savio.it\/fr\/#website\",\"url\":\"https:\/\/savio.it\/fr\/\",\"name\":\"SAVIO\",\"description\":\"Open mind for closing system\",\"publisher\":{\"@id\":\"https:\/\/savio.it\/fr\/#organization\"},\"potentialAction\":[{\"@type\":\"SearchAction\",\"target\":{\"@type\":\"EntryPoint\",\"urlTemplate\":\"https:\/\/savio.it\/fr\/?s={search_term_string}\"},\"query-input\":{\"@type\":\"PropertyValueSpecification\",\"valueRequired\":true,\"valueName\":\"search_term_string\"}}],\"inLanguage\":\"fr-FR\"},{\"@type\":\"Organization\",\"@id\":\"https:\/\/savio.it\/fr\/#organization\",\"name\":\"SAVIO\",\"url\":\"https:\/\/savio.it\/fr\/\",\"logo\":{\"@type\":\"ImageObject\",\"inLanguage\":\"fr-FR\",\"@id\":\"https:\/\/savio.it\/fr\/#\/schema\/logo\/image\/\",\"url\":\"https:\/\/savio.it\/wp-content\/uploads\/2021\/09\/cropped-Savio-logo.png\",\"contentUrl\":\"https:\/\/savio.it\/wp-content\/uploads\/2021\/09\/cropped-Savio-logo.png\",\"width\":243,\"height\":64,\"caption\":\"SAVIO\"},\"image\":{\"@id\":\"https:\/\/savio.it\/fr\/#\/schema\/logo\/image\/\"}}]}<\/script>\n<!-- \/ Yoast SEO plugin. -->","yoast_head_json":{"title":"MECHANICA - 1145\/67MR","description":"(brev.) Paumelle \u00e0 2 lames dormant \u00e9troit","robots":{"index":"index","follow":"follow","max-snippet":"max-snippet:-1","max-image-preview":"max-image-preview:large","max-video-preview":"max-video-preview:-1"},"canonical":"https:\/\/savio.it\/fr\/prodotto\/mechanica-1145-67mr\/","og_locale":"fr_FR","og_type":"article","og_title":"MECHANICA - 1145\/67MR","og_description":"(brev.) Paumelle \u00e0 2 lames dormant \u00e9troit","og_url":"https:\/\/savio.it\/fr\/prodotto\/mechanica-1145-67mr\/","og_site_name":"SAVIO","article_modified_time":"2024-06-27T12:45:25+00:00","og_image":[{"width":229,"height":229,"url":"https:\/\/savio.it\/wp-content\/uploads\/2021\/09\/1145_53-5.jpg","type":"image\/jpeg"}],"twitter_card":"summary_large_image","twitter_misc":{"Dur\u00e9e de lecture estim\u00e9e":"4 minutes"},"schema":{"@context":"https:\/\/schema.org","@graph":[{"@type":"WebPage","@id":"https:\/\/savio.it\/fr\/prodotto\/mechanica-1145-67mr\/","url":"https:\/\/savio.it\/fr\/prodotto\/mechanica-1145-67mr\/","name":"MECHANICA - 1145\/67MR","isPartOf":{"@id":"https:\/\/savio.it\/fr\/#website"},"primaryImageOfPage":{"@id":"https:\/\/savio.it\/fr\/prodotto\/mechanica-1145-67mr\/#primaryimage"},"image":{"@id":"https:\/\/savio.it\/fr\/prodotto\/mechanica-1145-67mr\/#primaryimage"},"thumbnailUrl":"https:\/\/savio.it\/wp-content\/uploads\/2021\/09\/1145_53-5.jpg","datePublished":"2021-10-01T14:35:13+00:00","dateModified":"2024-06-27T12:45:25+00:00","description":"(brev.) Paumelle \u00e0 2 lames dormant \u00e9troit","breadcrumb":{"@id":"https:\/\/savio.it\/fr\/prodotto\/mechanica-1145-67mr\/#breadcrumb"},"inLanguage":"fr-FR","potentialAction":[{"@type":"ReadAction","target":["https:\/\/savio.it\/fr\/prodotto\/mechanica-1145-67mr\/"]}]},{"@type":"ImageObject","inLanguage":"fr-FR","@id":"https:\/\/savio.it\/fr\/prodotto\/mechanica-1145-67mr\/#primaryimage","url":"https:\/\/savio.it\/wp-content\/uploads\/2021\/09\/1145_53-5.jpg","contentUrl":"https:\/\/savio.it\/wp-content\/uploads\/2021\/09\/1145_53-5.jpg","width":229,"height":229},{"@type":"BreadcrumbList","@id":"https:\/\/savio.it\/fr\/prodotto\/mechanica-1145-67mr\/#breadcrumb","itemListElement":[{"@type":"ListItem","position":1,"name":"Home","item":"https:\/\/savio.it\/fr\/"},{"@type":"ListItem","position":2,"name":"Produits","item":"https:\/\/savio.it\/fr\/prodotti\/"},{"@type":"ListItem","position":3,"name":"MECHANICA &#8211; 1145\/67MR"}]},{"@type":"WebSite","@id":"https:\/\/savio.it\/fr\/#website","url":"https:\/\/savio.it\/fr\/","name":"SAVIO","description":"Open mind for closing system","publisher":{"@id":"https:\/\/savio.it\/fr\/#organization"},"potentialAction":[{"@type":"SearchAction","target":{"@type":"EntryPoint","urlTemplate":"https:\/\/savio.it\/fr\/?s={search_term_string}"},"query-input":{"@type":"PropertyValueSpecification","valueRequired":true,"valueName":"search_term_string"}}],"inLanguage":"fr-FR"},{"@type":"Organization","@id":"https:\/\/savio.it\/fr\/#organization","name":"SAVIO","url":"https:\/\/savio.it\/fr\/","logo":{"@type":"ImageObject","inLanguage":"fr-FR","@id":"https:\/\/savio.it\/fr\/#\/schema\/logo\/image\/","url":"https:\/\/savio.it\/wp-content\/uploads\/2021\/09\/cropped-Savio-logo.png","contentUrl":"https:\/\/savio.it\/wp-content\/uploads\/2021\/09\/cropped-Savio-logo.png","width":243,"height":64,"caption":"SAVIO"},"image":{"@id":"https:\/\/savio.it\/fr\/#\/schema\/logo\/image\/"}}]}},"uagb_featured_image_src":{"full":["https:\/\/savio.it\/wp-content\/uploads\/2021\/09\/1145_53-5.jpg",229,229,false],"thumbnail":["https:\/\/savio.it\/wp-content\/uploads\/2021\/09\/1145_53-5-150x150.jpg",150,150,true],"medium":["https:\/\/savio.it\/wp-content\/uploads\/2021\/09\/1145_53-5.jpg",229,229,false],"medium_large":["https:\/\/savio.it\/wp-content\/uploads\/2021\/09\/1145_53-5.jpg",229,229,false],"large":["https:\/\/savio.it\/wp-content\/uploads\/2021\/09\/1145_53-5.jpg",229,229,false],"gs-tiny":["https:\/\/savio.it\/wp-content\/uploads\/2021\/09\/1145_53-5.jpg",50,50,false],"xl":["https:\/\/savio.it\/wp-content\/uploads\/2021\/09\/1145_53-5.jpg",229,229,false],"xxl":["https:\/\/savio.it\/wp-content\/uploads\/2021\/09\/1145_53-5.jpg",229,229,false],"xxxl":["https:\/\/savio.it\/wp-content\/uploads\/2021\/09\/1145_53-5.jpg",229,229,false],"xxxxl":["https:\/\/savio.it\/wp-content\/uploads\/2021\/09\/1145_53-5.jpg",229,229,false],"xxxxxl":["https:\/\/savio.it\/wp-content\/uploads\/2021\/09\/1145_53-5.jpg",229,229,false],"1536x1536":["https:\/\/savio.it\/wp-content\/uploads\/2021\/09\/1145_53-5.jpg",229,229,false],"2048x2048":["https:\/\/savio.it\/wp-content\/uploads\/2021\/09\/1145_53-5.jpg",229,229,false],"woocommerce_thumbnail":["https:\/\/savio.it\/wp-content\/uploads\/2021\/09\/1145_53-5.jpg",229,229,false],"woocommerce_single":["https:\/\/savio.it\/wp-content\/uploads\/2021\/09\/1145_53-5.jpg",229,229,false],"woocommerce_gallery_thumbnail":["https:\/\/savio.it\/wp-content\/uploads\/2021\/09\/1145_53-5-200x200.jpg",200,200,true]},"uagb_author_info":{"display_name":"admin_news","author_link":"https:\/\/savio.it\/fr\/author\/"},"uagb_comment_info":0,"uagb_excerpt":"(brev.) Paumelle \u00e0 2 lames dormant \u00e9troit","_links":{"self":[{"href":"https:\/\/savio.it\/fr\/wp-json\/wp\/v2\/product\/29103","targetHints":{"allow":["GET"]}}],"collection":[{"href":"https:\/\/savio.it\/fr\/wp-json\/wp\/v2\/product"}],"about":[{"href":"https:\/\/savio.it\/fr\/wp-json\/wp\/v2\/types\/product"}],"replies":[{"embeddable":true,"href":"https:\/\/savio.it\/fr\/wp-json\/wp\/v2\/comments?post=29103"}],"wp:featuredmedia":[{"embeddable":true,"href":"https:\/\/savio.it\/fr\/wp-json\/wp\/v2\/media\/15704"}],"wp:attachment":[{"href":"https:\/\/savio.it\/fr\/wp-json\/wp\/v2\/media?parent=29103"}],"wp:term":[{"taxonomy":"product_brand","embeddable":true,"href":"https:\/\/savio.it\/fr\/wp-json\/wp\/v2\/product_brand?post=29103"},{"taxonomy":"product_cat","embeddable":true,"href":"https:\/\/savio.it\/fr\/wp-json\/wp\/v2\/product_cat?post=29103"},{"taxonomy":"product_tag","embeddable":true,"href":"https:\/\/savio.it\/fr\/wp-json\/wp\/v2\/product_tag?post=29103"},{"taxonomy":"profilo","embeddable":true,"href":"https:\/\/savio.it\/fr\/wp-json\/wp\/v2\/profilo?post=29103"},{"taxonomy":"finiture","embeddable":true,"href":"https:\/\/savio.it\/fr\/wp-json\/wp\/v2\/finiture?post=29103"},{"taxonomy":"gruppo_anta","embeddable":true,"href":"https:\/\/savio.it\/fr\/wp-json\/wp\/v2\/gruppo_anta?post=29103"}],"curies":[{"name":"wp","href":"https:\/\/api.w.org\/{rel}","templated":true}]}}