{"id":29120,"date":"2021-09-30T12:36:28","date_gmt":"2021-10-01T14:35:31","guid":{"rendered":"https:\/\/savio.ne-ws.it\/prodotto\/mechanica-1145-83-60\/"},"modified":"2024-06-27T12:43:17","modified_gmt":"2024-06-27T12:43:17","slug":"mechanica-1145-83-60","status":"publish","type":"product","link":"https:\/\/savio.it\/fr\/prodotto\/mechanica-1145-83-60\/","title":{"rendered":"MECHANICA &#8211; 1145.83\/60"},"content":{"rendered":"<p>(brevet\u00e9) Paumelle r\u00e9glable 3 lames en aluminium, entraxe de 60 mm, axe de rotation de 20 mm, \u00e9paulement de 8,5 mm, axe \u00d8 11 mm en acier inox, pr\u00e9mont\u00e9 sur une douille \u00e0 came en zamak zingu\u00e9 noir, 3 plaques cache-vis en aluminium, 2 bouchons en nylon, 2 douille autolubrifiante en nylon, 1 v\u00e9rin de r\u00e9glage en zamak, 1 entretoise pour contreplaque,  en nylon,   et 1 anneau compensateur. Port\u00e9e: 2 paumelles 160 Kg, 3 paumelles 180 Kg.<\/p>\n","protected":false},"excerpt":{"rendered":"<p>(brev.) Paumelle \u00e0 3 lames<\/p>\n","protected":false},"featured_media":15823,"comment_status":"closed","ping_status":"closed","template":"","meta":{"_acf_changed":false,"_uag_custom_page_level_css":""},"product_brand":[],"product_cat":[12585,12637],"product_tag":[13128],"profilo":[12431,12040,12391,12393,12395,12398,12411,12412,12123,12124,12252,12244,12445,12451,12461,12456,12458,12323,12324,12325,12415,12352,12034,11958,11963,11959,11964,12152,12164,12166,12154,12155,12180,12157,12182,12470,12468,12469,12266,12194,12217,12201,12017,12270,12289,12271,12288,12272,12308,12309,12273,12326,12329,12331,11970,11968,11972,11974,12170,11988,11990,11991,11993,12409,12410,12374,12356,12051,12070,12073,12074,12075,12081,12419,12435,12436,12274,12276,12304,12293,12299,12297,12311,12313,12314],"finiture":[12512,12513,12516,12521,12524,12529,12532,12534,12536,12543,12545,12549,12552,12556,12557,12561,12565,12575,12583],"gruppo_anta":[],"class_list":{"0":"post-29120","1":"product","2":"type-product","3":"status-publish","4":"has-post-thumbnail","6":"product_cat-cerniere-cerniere-pesanti-e-cerniere-per-vasistas","7":"product_cat-mechanica","8":"product_tag-updated","9":"profilo-12431","10":"profilo-allco-tec-72","11":"profilo-atlantis-40","12":"profilo-atlantis-45","13":"profilo-atlantis-55-tt","14":"profilo-atlantis-68-tt","15":"profilo-cx-600","16":"profilo-cx-700","17":"profilo-domal-spider-60","18":"profilo-domal-spider-l60-style","19":"profilo-ekip-blindo","20":"profilo-ekip-ev-sormonto","21":"profilo-ekos-50-th","22":"profilo-ekos-66-th","23":"profilo-ekos-68-thr","24":"profilo-ekos-minimall-54-th","25":"profilo-ekos-minimall-62-thj","26":"profilo-eku-53-tt","27":"profilo-eku-64-tt","28":"profilo-eku-72-tt","29":"profilo-et-43-sormonto","30":"profilo-eta","31":"profilo-export-68-tt","32":"profilo-global-48","33":"profilo-global-50-tt","34":"profilo-global-70-tt","35":"profilo-global-78-blindato","36":"profilo-gold-400","37":"profilo-gold-450","38":"profilo-gold-450-tt","39":"profilo-gold-490-tt","40":"profilo-gold-500","41":"profilo-gold-502-hc","42":"profilo-gold-600","43":"profilo-gold-600-hc","44":"profilo-hf-580","45":"profilo-hp-600","46":"profilo-hp-700","47":"profilo-maastricht-light","48":"profilo-nc-40-n-sormonto","49":"profilo-nc-58-mediterraneo-sormonto","50":"profilo-nc-68-sth","51":"profilo-new-age","52":"profilo-new-tec-50","53":"profilo-new-tec-50-classic","54":"profilo-new-tec-52-tt","55":"profilo-new-tec-52-tt-classic","56":"profilo-new-tec-60-tt","57":"profilo-new-tec-65","58":"profilo-new-tec-65-classic","59":"profilo-new-tec-68-tt","60":"profilo-pe-40","61":"profilo-pe-50","62":"profilo-pe-58-tt-sormonto","63":"profilo-planet-45","64":"profilo-planet-50-tt","65":"profilo-planet-62-tt","66":"profilo-planet-72-ht","67":"profilo-plathina-60-classica","68":"profilo-r-40","69":"profilo-r-50","70":"profilo-r-50-tt-barra-cont","71":"profilo-r-62-tt","72":"profilo-rx-600","73":"profilo-rx-700","74":"profilo-schuco-international","75":"profilo-start-510","76":"profilo-synthesis-52","77":"profilo-tecno-50","78":"profilo-tecno-50-tt","79":"profilo-tecno-60-tt","80":"profilo-tecno-68-tt","81":"profilo-tecno-76-tt","82":"profilo-tt-50","83":"profilo-vuerre-53-tt","84":"profilo-vuerre-70-tt","85":"profilo-windstop-45","86":"profilo-windstop-45-tt","87":"profilo-windstop-45-tt-classic","88":"profilo-windstop-55-tt","89":"profilo-windstop-55-tt-classic","90":"profilo-windstop-65-tt","91":"profilo-windstop-73-tt","92":"profilo-ws-65-thi","93":"profilo-ws-75-thi","94":"finiture-12512","95":"finiture-12513","96":"finiture-12516","97":"finiture-12521","98":"finiture-12524","99":"finiture-12529","100":"finiture-12532","101":"finiture-12534","102":"finiture-12536","103":"finiture-b-sa","104":"finiture-bl10","105":"finiture-br5","106":"finiture-c","107":"finiture-f","108":"finiture-gr217","109":"finiture-grey","110":"finiture-ne","111":"finiture-silv","112":"finiture-ze","113":"description-off","115":"first","116":"onbackorder","117":"product-type-variable"},"acf":[],"yoast_head":"<!-- This site is optimized with the Yoast SEO plugin v27.2 - https:\/\/yoast.com\/product\/yoast-seo-wordpress\/ -->\n<title>MECHANICA - 1145.83\/60<\/title>\n<meta name=\"description\" content=\"(brev.) Paumelle \u00e0 3 lames\" \/>\n<meta name=\"robots\" content=\"index, follow, max-snippet:-1, max-image-preview:large, max-video-preview:-1\" \/>\n<link rel=\"canonical\" href=\"https:\/\/savio.it\/fr\/prodotto\/mechanica-1145-83-60\/\" \/>\n<meta property=\"og:locale\" content=\"fr_FR\" \/>\n<meta property=\"og:type\" content=\"article\" \/>\n<meta property=\"og:title\" content=\"MECHANICA - 1145.83\/60\" \/>\n<meta property=\"og:description\" content=\"(brev.) Paumelle \u00e0 3 lames\" \/>\n<meta property=\"og:url\" content=\"https:\/\/savio.it\/fr\/prodotto\/mechanica-1145-83-60\/\" \/>\n<meta property=\"og:site_name\" content=\"SAVIO\" \/>\n<meta property=\"article:modified_time\" content=\"2024-06-27T12:43:17+00:00\" \/>\n<meta property=\"og:image\" content=\"https:\/\/savio.it\/wp-content\/uploads\/2021\/09\/1145_83-3.jpg\" \/>\n\t<meta property=\"og:image:width\" content=\"229\" \/>\n\t<meta property=\"og:image:height\" content=\"229\" \/>\n\t<meta property=\"og:image:type\" content=\"image\/jpeg\" \/>\n<meta name=\"twitter:card\" content=\"summary_large_image\" \/>\n<meta name=\"twitter:label1\" content=\"Dur\u00e9e de lecture estim\u00e9e\" \/>\n\t<meta name=\"twitter:data1\" content=\"4 minutes\" \/>\n<script type=\"application\/ld+json\" class=\"yoast-schema-graph\">{\"@context\":\"https:\/\/schema.org\",\"@graph\":[{\"@type\":\"WebPage\",\"@id\":\"https:\/\/savio.it\/fr\/prodotto\/mechanica-1145-83-60\/\",\"url\":\"https:\/\/savio.it\/fr\/prodotto\/mechanica-1145-83-60\/\",\"name\":\"MECHANICA - 1145.83\/60\",\"isPartOf\":{\"@id\":\"https:\/\/savio.it\/fr\/#website\"},\"primaryImageOfPage\":{\"@id\":\"https:\/\/savio.it\/fr\/prodotto\/mechanica-1145-83-60\/#primaryimage\"},\"image\":{\"@id\":\"https:\/\/savio.it\/fr\/prodotto\/mechanica-1145-83-60\/#primaryimage\"},\"thumbnailUrl\":\"https:\/\/savio.it\/wp-content\/uploads\/2021\/09\/1145_83-3.jpg\",\"datePublished\":\"2021-10-01T14:35:31+00:00\",\"dateModified\":\"2024-06-27T12:43:17+00:00\",\"description\":\"(brev.) Paumelle \u00e0 3 lames\",\"breadcrumb\":{\"@id\":\"https:\/\/savio.it\/fr\/prodotto\/mechanica-1145-83-60\/#breadcrumb\"},\"inLanguage\":\"fr-FR\",\"potentialAction\":[{\"@type\":\"ReadAction\",\"target\":[\"https:\/\/savio.it\/fr\/prodotto\/mechanica-1145-83-60\/\"]}]},{\"@type\":\"ImageObject\",\"inLanguage\":\"fr-FR\",\"@id\":\"https:\/\/savio.it\/fr\/prodotto\/mechanica-1145-83-60\/#primaryimage\",\"url\":\"https:\/\/savio.it\/wp-content\/uploads\/2021\/09\/1145_83-3.jpg\",\"contentUrl\":\"https:\/\/savio.it\/wp-content\/uploads\/2021\/09\/1145_83-3.jpg\",\"width\":229,\"height\":229},{\"@type\":\"BreadcrumbList\",\"@id\":\"https:\/\/savio.it\/fr\/prodotto\/mechanica-1145-83-60\/#breadcrumb\",\"itemListElement\":[{\"@type\":\"ListItem\",\"position\":1,\"name\":\"Home\",\"item\":\"https:\/\/savio.it\/fr\/\"},{\"@type\":\"ListItem\",\"position\":2,\"name\":\"Produits\",\"item\":\"https:\/\/savio.it\/fr\/prodotti\/\"},{\"@type\":\"ListItem\",\"position\":3,\"name\":\"MECHANICA &#8211; 1145.83\/60\"}]},{\"@type\":\"WebSite\",\"@id\":\"https:\/\/savio.it\/fr\/#website\",\"url\":\"https:\/\/savio.it\/fr\/\",\"name\":\"SAVIO\",\"description\":\"Open mind for closing system\",\"publisher\":{\"@id\":\"https:\/\/savio.it\/fr\/#organization\"},\"potentialAction\":[{\"@type\":\"SearchAction\",\"target\":{\"@type\":\"EntryPoint\",\"urlTemplate\":\"https:\/\/savio.it\/fr\/?s={search_term_string}\"},\"query-input\":{\"@type\":\"PropertyValueSpecification\",\"valueRequired\":true,\"valueName\":\"search_term_string\"}}],\"inLanguage\":\"fr-FR\"},{\"@type\":\"Organization\",\"@id\":\"https:\/\/savio.it\/fr\/#organization\",\"name\":\"SAVIO\",\"url\":\"https:\/\/savio.it\/fr\/\",\"logo\":{\"@type\":\"ImageObject\",\"inLanguage\":\"fr-FR\",\"@id\":\"https:\/\/savio.it\/fr\/#\/schema\/logo\/image\/\",\"url\":\"https:\/\/savio.it\/wp-content\/uploads\/2021\/09\/cropped-Savio-logo.png\",\"contentUrl\":\"https:\/\/savio.it\/wp-content\/uploads\/2021\/09\/cropped-Savio-logo.png\",\"width\":243,\"height\":64,\"caption\":\"SAVIO\"},\"image\":{\"@id\":\"https:\/\/savio.it\/fr\/#\/schema\/logo\/image\/\"}}]}<\/script>\n<!-- \/ Yoast SEO plugin. -->","yoast_head_json":{"title":"MECHANICA - 1145.83\/60","description":"(brev.) Paumelle \u00e0 3 lames","robots":{"index":"index","follow":"follow","max-snippet":"max-snippet:-1","max-image-preview":"max-image-preview:large","max-video-preview":"max-video-preview:-1"},"canonical":"https:\/\/savio.it\/fr\/prodotto\/mechanica-1145-83-60\/","og_locale":"fr_FR","og_type":"article","og_title":"MECHANICA - 1145.83\/60","og_description":"(brev.) Paumelle \u00e0 3 lames","og_url":"https:\/\/savio.it\/fr\/prodotto\/mechanica-1145-83-60\/","og_site_name":"SAVIO","article_modified_time":"2024-06-27T12:43:17+00:00","og_image":[{"width":229,"height":229,"url":"https:\/\/savio.it\/wp-content\/uploads\/2021\/09\/1145_83-3.jpg","type":"image\/jpeg"}],"twitter_card":"summary_large_image","twitter_misc":{"Dur\u00e9e de lecture estim\u00e9e":"4 minutes"},"schema":{"@context":"https:\/\/schema.org","@graph":[{"@type":"WebPage","@id":"https:\/\/savio.it\/fr\/prodotto\/mechanica-1145-83-60\/","url":"https:\/\/savio.it\/fr\/prodotto\/mechanica-1145-83-60\/","name":"MECHANICA - 1145.83\/60","isPartOf":{"@id":"https:\/\/savio.it\/fr\/#website"},"primaryImageOfPage":{"@id":"https:\/\/savio.it\/fr\/prodotto\/mechanica-1145-83-60\/#primaryimage"},"image":{"@id":"https:\/\/savio.it\/fr\/prodotto\/mechanica-1145-83-60\/#primaryimage"},"thumbnailUrl":"https:\/\/savio.it\/wp-content\/uploads\/2021\/09\/1145_83-3.jpg","datePublished":"2021-10-01T14:35:31+00:00","dateModified":"2024-06-27T12:43:17+00:00","description":"(brev.) Paumelle \u00e0 3 lames","breadcrumb":{"@id":"https:\/\/savio.it\/fr\/prodotto\/mechanica-1145-83-60\/#breadcrumb"},"inLanguage":"fr-FR","potentialAction":[{"@type":"ReadAction","target":["https:\/\/savio.it\/fr\/prodotto\/mechanica-1145-83-60\/"]}]},{"@type":"ImageObject","inLanguage":"fr-FR","@id":"https:\/\/savio.it\/fr\/prodotto\/mechanica-1145-83-60\/#primaryimage","url":"https:\/\/savio.it\/wp-content\/uploads\/2021\/09\/1145_83-3.jpg","contentUrl":"https:\/\/savio.it\/wp-content\/uploads\/2021\/09\/1145_83-3.jpg","width":229,"height":229},{"@type":"BreadcrumbList","@id":"https:\/\/savio.it\/fr\/prodotto\/mechanica-1145-83-60\/#breadcrumb","itemListElement":[{"@type":"ListItem","position":1,"name":"Home","item":"https:\/\/savio.it\/fr\/"},{"@type":"ListItem","position":2,"name":"Produits","item":"https:\/\/savio.it\/fr\/prodotti\/"},{"@type":"ListItem","position":3,"name":"MECHANICA &#8211; 1145.83\/60"}]},{"@type":"WebSite","@id":"https:\/\/savio.it\/fr\/#website","url":"https:\/\/savio.it\/fr\/","name":"SAVIO","description":"Open mind for closing system","publisher":{"@id":"https:\/\/savio.it\/fr\/#organization"},"potentialAction":[{"@type":"SearchAction","target":{"@type":"EntryPoint","urlTemplate":"https:\/\/savio.it\/fr\/?s={search_term_string}"},"query-input":{"@type":"PropertyValueSpecification","valueRequired":true,"valueName":"search_term_string"}}],"inLanguage":"fr-FR"},{"@type":"Organization","@id":"https:\/\/savio.it\/fr\/#organization","name":"SAVIO","url":"https:\/\/savio.it\/fr\/","logo":{"@type":"ImageObject","inLanguage":"fr-FR","@id":"https:\/\/savio.it\/fr\/#\/schema\/logo\/image\/","url":"https:\/\/savio.it\/wp-content\/uploads\/2021\/09\/cropped-Savio-logo.png","contentUrl":"https:\/\/savio.it\/wp-content\/uploads\/2021\/09\/cropped-Savio-logo.png","width":243,"height":64,"caption":"SAVIO"},"image":{"@id":"https:\/\/savio.it\/fr\/#\/schema\/logo\/image\/"}}]}},"uagb_featured_image_src":{"full":["https:\/\/savio.it\/wp-content\/uploads\/2021\/09\/1145_83-3.jpg",229,229,false],"thumbnail":["https:\/\/savio.it\/wp-content\/uploads\/2021\/09\/1145_83-3-150x150.jpg",150,150,true],"medium":["https:\/\/savio.it\/wp-content\/uploads\/2021\/09\/1145_83-3.jpg",229,229,false],"medium_large":["https:\/\/savio.it\/wp-content\/uploads\/2021\/09\/1145_83-3.jpg",229,229,false],"large":["https:\/\/savio.it\/wp-content\/uploads\/2021\/09\/1145_83-3.jpg",229,229,false],"gs-tiny":["https:\/\/savio.it\/wp-content\/uploads\/2021\/09\/1145_83-3.jpg",50,50,false],"xl":["https:\/\/savio.it\/wp-content\/uploads\/2021\/09\/1145_83-3.jpg",229,229,false],"xxl":["https:\/\/savio.it\/wp-content\/uploads\/2021\/09\/1145_83-3.jpg",229,229,false],"xxxl":["https:\/\/savio.it\/wp-content\/uploads\/2021\/09\/1145_83-3.jpg",229,229,false],"xxxxl":["https:\/\/savio.it\/wp-content\/uploads\/2021\/09\/1145_83-3.jpg",229,229,false],"xxxxxl":["https:\/\/savio.it\/wp-content\/uploads\/2021\/09\/1145_83-3.jpg",229,229,false],"1536x1536":["https:\/\/savio.it\/wp-content\/uploads\/2021\/09\/1145_83-3.jpg",229,229,false],"2048x2048":["https:\/\/savio.it\/wp-content\/uploads\/2021\/09\/1145_83-3.jpg",229,229,false],"woocommerce_thumbnail":["https:\/\/savio.it\/wp-content\/uploads\/2021\/09\/1145_83-3.jpg",229,229,false],"woocommerce_single":["https:\/\/savio.it\/wp-content\/uploads\/2021\/09\/1145_83-3.jpg",229,229,false],"woocommerce_gallery_thumbnail":["https:\/\/savio.it\/wp-content\/uploads\/2021\/09\/1145_83-3-200x200.jpg",200,200,true]},"uagb_author_info":{"display_name":"admin_news","author_link":"https:\/\/savio.it\/fr\/author\/"},"uagb_comment_info":0,"uagb_excerpt":"(brev.) Paumelle \u00e0 3 lames","_links":{"self":[{"href":"https:\/\/savio.it\/fr\/wp-json\/wp\/v2\/product\/29120","targetHints":{"allow":["GET"]}}],"collection":[{"href":"https:\/\/savio.it\/fr\/wp-json\/wp\/v2\/product"}],"about":[{"href":"https:\/\/savio.it\/fr\/wp-json\/wp\/v2\/types\/product"}],"replies":[{"embeddable":true,"href":"https:\/\/savio.it\/fr\/wp-json\/wp\/v2\/comments?post=29120"}],"wp:featuredmedia":[{"embeddable":true,"href":"https:\/\/savio.it\/fr\/wp-json\/wp\/v2\/media\/15823"}],"wp:attachment":[{"href":"https:\/\/savio.it\/fr\/wp-json\/wp\/v2\/media?parent=29120"}],"wp:term":[{"taxonomy":"product_brand","embeddable":true,"href":"https:\/\/savio.it\/fr\/wp-json\/wp\/v2\/product_brand?post=29120"},{"taxonomy":"product_cat","embeddable":true,"href":"https:\/\/savio.it\/fr\/wp-json\/wp\/v2\/product_cat?post=29120"},{"taxonomy":"product_tag","embeddable":true,"href":"https:\/\/savio.it\/fr\/wp-json\/wp\/v2\/product_tag?post=29120"},{"taxonomy":"profilo","embeddable":true,"href":"https:\/\/savio.it\/fr\/wp-json\/wp\/v2\/profilo?post=29120"},{"taxonomy":"finiture","embeddable":true,"href":"https:\/\/savio.it\/fr\/wp-json\/wp\/v2\/finiture?post=29120"},{"taxonomy":"gruppo_anta","embeddable":true,"href":"https:\/\/savio.it\/fr\/wp-json\/wp\/v2\/gruppo_anta?post=29120"}],"curies":[{"name":"wp","href":"https:\/\/api.w.org\/{rel}","templated":true}]}}