{"id":29213,"date":"2021-09-30T12:37:25","date_gmt":"2021-10-01T14:36:38","guid":{"rendered":"https:\/\/savio.ne-ws.it\/prodotto\/mechanica-1146-78\/"},"modified":"2024-06-27T07:43:32","modified_gmt":"2024-06-27T07:43:32","slug":"mechanica-1146-78","status":"publish","type":"product","link":"https:\/\/savio.it\/fr\/prodotto\/mechanica-1146-78\/","title":{"rendered":"MECHANICA &#8211; 1146\/78"},"content":{"rendered":"<p>(brevet\u00e9) Paumelle r\u00e9glable \u00e0 2 lames en aluminium, entraxe de 78 mm, axe de rotation de 20 mm, sans \u00e9paulement, axe \u00d8 11 mm en acier inox, pr\u00e9mont\u00e9 sur une douille \u00e0 came en zamak zingu\u00e9 noir, 2 plaques cache-vis en aluminium, 2 bouchons en nylon, 1 douille autolubrifiante en nylon et 1 v\u00e9rin de r\u00e9glage en zamak. Port\u00e9e: 2 paumelles 120 Kg, 3 paumelles 140 Kg.<\/p>\n","protected":false},"excerpt":{"rendered":"<p>(brev.) Paumelle \u00e0 2 lames<\/p>\n","protected":false},"featured_media":16462,"comment_status":"closed","ping_status":"closed","template":"","meta":{"_acf_changed":false,"_uag_custom_page_level_css":""},"product_brand":[],"product_cat":[12585,12637],"product_tag":[13128],"profilo":[11995,11996,12158,12393,12113,12111,12141,12242,12243,12252,12253,12456,12458,12349,12350,11984,11985,12019,12102,12020,12066,12153,12156,12218,12225,12231,12217,12207,12208,12209,12017,12270,12278,12271,12288,12272,12308,12309,12273,11974,11990,11991,12372,12373,12375,12380,12377,12381,12378,12023,12356,12046,12048,12053,12054,12070,12073,12074,12075,12076,12419],"finiture":[12512,12515,12529,12530,12532,12534,12536,12543,12552,12556,12565,12570,12582,12583],"gruppo_anta":[],"class_list":{"0":"post-29213","1":"product","2":"type-product","3":"status-publish","4":"has-post-thumbnail","6":"product_cat-cerniere-cerniere-pesanti-e-cerniere-per-vasistas","7":"product_cat-mechanica","8":"product_tag-updated","9":"profilo-alfil-a54rpt","10":"profilo-alfil-a65rpt","11":"profilo-alpha-blitz-2000","12":"profilo-atlantis-45","13":"profilo-domal-break-pa-52-porte","14":"profilo-domal-stopper-pg","15":"profilo-domal-top-tb-65-porte","16":"profilo-ekip-50-complanare","17":"profilo-ekip-50-sormonto","18":"profilo-ekip-blindo","19":"profilo-ekip-thermo-53-porte","20":"profilo-ekos-minimall-54-th","21":"profilo-ekos-minimall-62-thj","22":"profilo-eku-62-tt-porte","23":"profilo-eku-78-tt-porte","24":"profilo-esedra-doors-56","25":"profilo-esedra-doors-56-tt","26":"profilo-export-50-porte","27":"profilo-export-50-t-porte","28":"profilo-export-50-tt-porte","29":"profilo-extrablind-70-porte","30":"profilo-gold-400-raggiato","31":"profilo-gold-500-raggiato","32":"profilo-nc-50-i","33":"profilo-nc-50-i-porte","34":"profilo-nc-50-sth-porte","35":"profilo-nc-58-mediterraneo-sormonto","36":"profilo-nc-65-sth-porte","37":"profilo-nc-68-sth-porte","38":"profilo-nc-72-sth-porte","39":"profilo-new-age","40":"profilo-new-tec-50","41":"profilo-new-tec-50-porte","42":"profilo-new-tec-52-tt","43":"profilo-new-tec-52-tt-classic","44":"profilo-new-tec-60-tt","45":"profilo-new-tec-65","46":"profilo-new-tec-65-classic","47":"profilo-new-tec-68-tt","48":"profilo-planet-72-ht","49":"profilo-r-50","50":"profilo-r-50-tt-barra-cont","51":"profilo-road-520-tt-ce","52":"profilo-road-600-tt-ce","53":"profilo-royal-s-50-porte","54":"profilo-royal-s-65-ak-porte","55":"profilo-royal-s-65-porte","56":"profilo-royal-s-70-f-porte","57":"profilo-royal-s-70-hi-porte","58":"profilo-sicurblind-90","59":"profilo-start-510","60":"profilo-synthesis-60-tt","61":"profilo-synthesis-60-tt-porte","62":"profilo-synthesis-68-tt","63":"profilo-synthesis-68-tt-porte","64":"profilo-tecno-50","65":"profilo-tecno-50-tt","66":"profilo-tecno-60-tt","67":"profilo-tecno-68-tt","68":"profilo-tecno-70-blindo","69":"profilo-tt-50","70":"finiture-12512","71":"finiture-12515","72":"finiture-12529","73":"finiture-12530","74":"finiture-12532","75":"finiture-12534","76":"finiture-12536","77":"finiture-b-sa","78":"finiture-c","79":"finiture-f","80":"finiture-ne","81":"finiture-pvd-x","82":"finiture-xsd","83":"finiture-ze","84":"description-off","86":"first","87":"onbackorder","88":"product-type-variable"},"acf":[],"yoast_head":"<!-- This site is optimized with the Yoast SEO plugin v27.2 - https:\/\/yoast.com\/product\/yoast-seo-wordpress\/ -->\n<title>MECHANICA - 1146\/78<\/title>\n<meta name=\"description\" content=\"(brev.) Paumelle \u00e0 2 lames\" \/>\n<meta name=\"robots\" content=\"index, follow, max-snippet:-1, max-image-preview:large, max-video-preview:-1\" \/>\n<link rel=\"canonical\" href=\"https:\/\/savio.it\/fr\/prodotto\/mechanica-1146-78\/\" \/>\n<meta property=\"og:locale\" content=\"fr_FR\" \/>\n<meta property=\"og:type\" content=\"article\" \/>\n<meta property=\"og:title\" content=\"MECHANICA - 1146\/78\" \/>\n<meta property=\"og:description\" content=\"(brev.) Paumelle \u00e0 2 lames\" \/>\n<meta property=\"og:url\" content=\"https:\/\/savio.it\/fr\/prodotto\/mechanica-1146-78\/\" \/>\n<meta property=\"og:site_name\" content=\"SAVIO\" \/>\n<meta property=\"article:modified_time\" content=\"2024-06-27T07:43:32+00:00\" \/>\n<meta property=\"og:image\" content=\"https:\/\/savio.it\/wp-content\/uploads\/2021\/09\/1146-17.jpg\" \/>\n\t<meta property=\"og:image:width\" content=\"229\" \/>\n\t<meta property=\"og:image:height\" content=\"229\" \/>\n\t<meta property=\"og:image:type\" content=\"image\/jpeg\" \/>\n<meta name=\"twitter:card\" content=\"summary_large_image\" \/>\n<meta name=\"twitter:label1\" content=\"Dur\u00e9e de lecture estim\u00e9e\" \/>\n\t<meta name=\"twitter:data1\" content=\"4 minutes\" \/>\n<script type=\"application\/ld+json\" class=\"yoast-schema-graph\">{\"@context\":\"https:\/\/schema.org\",\"@graph\":[{\"@type\":\"WebPage\",\"@id\":\"https:\/\/savio.it\/fr\/prodotto\/mechanica-1146-78\/\",\"url\":\"https:\/\/savio.it\/fr\/prodotto\/mechanica-1146-78\/\",\"name\":\"MECHANICA - 1146\/78\",\"isPartOf\":{\"@id\":\"https:\/\/savio.it\/fr\/#website\"},\"primaryImageOfPage\":{\"@id\":\"https:\/\/savio.it\/fr\/prodotto\/mechanica-1146-78\/#primaryimage\"},\"image\":{\"@id\":\"https:\/\/savio.it\/fr\/prodotto\/mechanica-1146-78\/#primaryimage\"},\"thumbnailUrl\":\"https:\/\/savio.it\/wp-content\/uploads\/2021\/09\/1146-17.jpg\",\"datePublished\":\"2021-10-01T14:36:38+00:00\",\"dateModified\":\"2024-06-27T07:43:32+00:00\",\"description\":\"(brev.) Paumelle \u00e0 2 lames\",\"breadcrumb\":{\"@id\":\"https:\/\/savio.it\/fr\/prodotto\/mechanica-1146-78\/#breadcrumb\"},\"inLanguage\":\"fr-FR\",\"potentialAction\":[{\"@type\":\"ReadAction\",\"target\":[\"https:\/\/savio.it\/fr\/prodotto\/mechanica-1146-78\/\"]}]},{\"@type\":\"ImageObject\",\"inLanguage\":\"fr-FR\",\"@id\":\"https:\/\/savio.it\/fr\/prodotto\/mechanica-1146-78\/#primaryimage\",\"url\":\"https:\/\/savio.it\/wp-content\/uploads\/2021\/09\/1146-17.jpg\",\"contentUrl\":\"https:\/\/savio.it\/wp-content\/uploads\/2021\/09\/1146-17.jpg\",\"width\":229,\"height\":229},{\"@type\":\"BreadcrumbList\",\"@id\":\"https:\/\/savio.it\/fr\/prodotto\/mechanica-1146-78\/#breadcrumb\",\"itemListElement\":[{\"@type\":\"ListItem\",\"position\":1,\"name\":\"Home\",\"item\":\"https:\/\/savio.it\/fr\/\"},{\"@type\":\"ListItem\",\"position\":2,\"name\":\"Produits\",\"item\":\"https:\/\/savio.it\/fr\/prodotti\/\"},{\"@type\":\"ListItem\",\"position\":3,\"name\":\"MECHANICA &#8211; 1146\/78\"}]},{\"@type\":\"WebSite\",\"@id\":\"https:\/\/savio.it\/fr\/#website\",\"url\":\"https:\/\/savio.it\/fr\/\",\"name\":\"SAVIO\",\"description\":\"Open mind for closing system\",\"publisher\":{\"@id\":\"https:\/\/savio.it\/fr\/#organization\"},\"potentialAction\":[{\"@type\":\"SearchAction\",\"target\":{\"@type\":\"EntryPoint\",\"urlTemplate\":\"https:\/\/savio.it\/fr\/?s={search_term_string}\"},\"query-input\":{\"@type\":\"PropertyValueSpecification\",\"valueRequired\":true,\"valueName\":\"search_term_string\"}}],\"inLanguage\":\"fr-FR\"},{\"@type\":\"Organization\",\"@id\":\"https:\/\/savio.it\/fr\/#organization\",\"name\":\"SAVIO\",\"url\":\"https:\/\/savio.it\/fr\/\",\"logo\":{\"@type\":\"ImageObject\",\"inLanguage\":\"fr-FR\",\"@id\":\"https:\/\/savio.it\/fr\/#\/schema\/logo\/image\/\",\"url\":\"https:\/\/savio.it\/wp-content\/uploads\/2021\/09\/cropped-Savio-logo.png\",\"contentUrl\":\"https:\/\/savio.it\/wp-content\/uploads\/2021\/09\/cropped-Savio-logo.png\",\"width\":243,\"height\":64,\"caption\":\"SAVIO\"},\"image\":{\"@id\":\"https:\/\/savio.it\/fr\/#\/schema\/logo\/image\/\"}}]}<\/script>\n<!-- \/ Yoast SEO plugin. -->","yoast_head_json":{"title":"MECHANICA - 1146\/78","description":"(brev.) Paumelle \u00e0 2 lames","robots":{"index":"index","follow":"follow","max-snippet":"max-snippet:-1","max-image-preview":"max-image-preview:large","max-video-preview":"max-video-preview:-1"},"canonical":"https:\/\/savio.it\/fr\/prodotto\/mechanica-1146-78\/","og_locale":"fr_FR","og_type":"article","og_title":"MECHANICA - 1146\/78","og_description":"(brev.) Paumelle \u00e0 2 lames","og_url":"https:\/\/savio.it\/fr\/prodotto\/mechanica-1146-78\/","og_site_name":"SAVIO","article_modified_time":"2024-06-27T07:43:32+00:00","og_image":[{"width":229,"height":229,"url":"https:\/\/savio.it\/wp-content\/uploads\/2021\/09\/1146-17.jpg","type":"image\/jpeg"}],"twitter_card":"summary_large_image","twitter_misc":{"Dur\u00e9e de lecture estim\u00e9e":"4 minutes"},"schema":{"@context":"https:\/\/schema.org","@graph":[{"@type":"WebPage","@id":"https:\/\/savio.it\/fr\/prodotto\/mechanica-1146-78\/","url":"https:\/\/savio.it\/fr\/prodotto\/mechanica-1146-78\/","name":"MECHANICA - 1146\/78","isPartOf":{"@id":"https:\/\/savio.it\/fr\/#website"},"primaryImageOfPage":{"@id":"https:\/\/savio.it\/fr\/prodotto\/mechanica-1146-78\/#primaryimage"},"image":{"@id":"https:\/\/savio.it\/fr\/prodotto\/mechanica-1146-78\/#primaryimage"},"thumbnailUrl":"https:\/\/savio.it\/wp-content\/uploads\/2021\/09\/1146-17.jpg","datePublished":"2021-10-01T14:36:38+00:00","dateModified":"2024-06-27T07:43:32+00:00","description":"(brev.) Paumelle \u00e0 2 lames","breadcrumb":{"@id":"https:\/\/savio.it\/fr\/prodotto\/mechanica-1146-78\/#breadcrumb"},"inLanguage":"fr-FR","potentialAction":[{"@type":"ReadAction","target":["https:\/\/savio.it\/fr\/prodotto\/mechanica-1146-78\/"]}]},{"@type":"ImageObject","inLanguage":"fr-FR","@id":"https:\/\/savio.it\/fr\/prodotto\/mechanica-1146-78\/#primaryimage","url":"https:\/\/savio.it\/wp-content\/uploads\/2021\/09\/1146-17.jpg","contentUrl":"https:\/\/savio.it\/wp-content\/uploads\/2021\/09\/1146-17.jpg","width":229,"height":229},{"@type":"BreadcrumbList","@id":"https:\/\/savio.it\/fr\/prodotto\/mechanica-1146-78\/#breadcrumb","itemListElement":[{"@type":"ListItem","position":1,"name":"Home","item":"https:\/\/savio.it\/fr\/"},{"@type":"ListItem","position":2,"name":"Produits","item":"https:\/\/savio.it\/fr\/prodotti\/"},{"@type":"ListItem","position":3,"name":"MECHANICA &#8211; 1146\/78"}]},{"@type":"WebSite","@id":"https:\/\/savio.it\/fr\/#website","url":"https:\/\/savio.it\/fr\/","name":"SAVIO","description":"Open mind for closing system","publisher":{"@id":"https:\/\/savio.it\/fr\/#organization"},"potentialAction":[{"@type":"SearchAction","target":{"@type":"EntryPoint","urlTemplate":"https:\/\/savio.it\/fr\/?s={search_term_string}"},"query-input":{"@type":"PropertyValueSpecification","valueRequired":true,"valueName":"search_term_string"}}],"inLanguage":"fr-FR"},{"@type":"Organization","@id":"https:\/\/savio.it\/fr\/#organization","name":"SAVIO","url":"https:\/\/savio.it\/fr\/","logo":{"@type":"ImageObject","inLanguage":"fr-FR","@id":"https:\/\/savio.it\/fr\/#\/schema\/logo\/image\/","url":"https:\/\/savio.it\/wp-content\/uploads\/2021\/09\/cropped-Savio-logo.png","contentUrl":"https:\/\/savio.it\/wp-content\/uploads\/2021\/09\/cropped-Savio-logo.png","width":243,"height":64,"caption":"SAVIO"},"image":{"@id":"https:\/\/savio.it\/fr\/#\/schema\/logo\/image\/"}}]}},"uagb_featured_image_src":{"full":["https:\/\/savio.it\/wp-content\/uploads\/2021\/09\/1146-17.jpg",229,229,false],"thumbnail":["https:\/\/savio.it\/wp-content\/uploads\/2021\/09\/1146-17-150x150.jpg",150,150,true],"medium":["https:\/\/savio.it\/wp-content\/uploads\/2021\/09\/1146-17.jpg",229,229,false],"medium_large":["https:\/\/savio.it\/wp-content\/uploads\/2021\/09\/1146-17.jpg",229,229,false],"large":["https:\/\/savio.it\/wp-content\/uploads\/2021\/09\/1146-17.jpg",229,229,false],"gs-tiny":["https:\/\/savio.it\/wp-content\/uploads\/2021\/09\/1146-17.jpg",50,50,false],"xl":["https:\/\/savio.it\/wp-content\/uploads\/2021\/09\/1146-17.jpg",229,229,false],"xxl":["https:\/\/savio.it\/wp-content\/uploads\/2021\/09\/1146-17.jpg",229,229,false],"xxxl":["https:\/\/savio.it\/wp-content\/uploads\/2021\/09\/1146-17.jpg",229,229,false],"xxxxl":["https:\/\/savio.it\/wp-content\/uploads\/2021\/09\/1146-17.jpg",229,229,false],"xxxxxl":["https:\/\/savio.it\/wp-content\/uploads\/2021\/09\/1146-17.jpg",229,229,false],"1536x1536":["https:\/\/savio.it\/wp-content\/uploads\/2021\/09\/1146-17.jpg",229,229,false],"2048x2048":["https:\/\/savio.it\/wp-content\/uploads\/2021\/09\/1146-17.jpg",229,229,false],"woocommerce_thumbnail":["https:\/\/savio.it\/wp-content\/uploads\/2021\/09\/1146-17.jpg",229,229,false],"woocommerce_single":["https:\/\/savio.it\/wp-content\/uploads\/2021\/09\/1146-17.jpg",229,229,false],"woocommerce_gallery_thumbnail":["https:\/\/savio.it\/wp-content\/uploads\/2021\/09\/1146-17-200x200.jpg",200,200,true]},"uagb_author_info":{"display_name":"admin_news","author_link":"https:\/\/savio.it\/fr\/author\/"},"uagb_comment_info":0,"uagb_excerpt":"(brev.) Paumelle \u00e0 2 lames","_links":{"self":[{"href":"https:\/\/savio.it\/fr\/wp-json\/wp\/v2\/product\/29213","targetHints":{"allow":["GET"]}}],"collection":[{"href":"https:\/\/savio.it\/fr\/wp-json\/wp\/v2\/product"}],"about":[{"href":"https:\/\/savio.it\/fr\/wp-json\/wp\/v2\/types\/product"}],"replies":[{"embeddable":true,"href":"https:\/\/savio.it\/fr\/wp-json\/wp\/v2\/comments?post=29213"}],"wp:featuredmedia":[{"embeddable":true,"href":"https:\/\/savio.it\/fr\/wp-json\/wp\/v2\/media\/16462"}],"wp:attachment":[{"href":"https:\/\/savio.it\/fr\/wp-json\/wp\/v2\/media?parent=29213"}],"wp:term":[{"taxonomy":"product_brand","embeddable":true,"href":"https:\/\/savio.it\/fr\/wp-json\/wp\/v2\/product_brand?post=29213"},{"taxonomy":"product_cat","embeddable":true,"href":"https:\/\/savio.it\/fr\/wp-json\/wp\/v2\/product_cat?post=29213"},{"taxonomy":"product_tag","embeddable":true,"href":"https:\/\/savio.it\/fr\/wp-json\/wp\/v2\/product_tag?post=29213"},{"taxonomy":"profilo","embeddable":true,"href":"https:\/\/savio.it\/fr\/wp-json\/wp\/v2\/profilo?post=29213"},{"taxonomy":"finiture","embeddable":true,"href":"https:\/\/savio.it\/fr\/wp-json\/wp\/v2\/finiture?post=29213"},{"taxonomy":"gruppo_anta","embeddable":true,"href":"https:\/\/savio.it\/fr\/wp-json\/wp\/v2\/gruppo_anta?post=29213"}],"curies":[{"name":"wp","href":"https:\/\/api.w.org\/{rel}","templated":true}]}}