{"id":29219,"date":"2021-09-30T12:37:40","date_gmt":"2021-10-01T14:36:46","guid":{"rendered":"https:\/\/savio.ne-ws.it\/prodotto\/mechanica-1146-1-62-5\/"},"modified":"2024-06-27T07:42:04","modified_gmt":"2024-06-27T07:42:04","slug":"mechanica-1146-1-62-5","status":"publish","type":"product","link":"https:\/\/savio.it\/fr\/prodotto\/mechanica-1146-1-62-5\/","title":{"rendered":"MECHANICA &#8211; 1146.1\/62.5"},"content":{"rendered":"<p>(brevet\u00e9) Paumelle r\u00e9glable \u00e0 2 lames en aluminium, entraxe de 62.5 mm, axe de rotation de 36 mm, sans \u00e9paulement, axe \u00d8 11 mm en acier inox, pr\u00e9mont\u00e9 sur une douille \u00e0 came en zamak zingu\u00e9 noir, 2 plaques cache-vis en aluminium, 2 bouchons en nylon, 1 douille autolubrifiante en nylon et 1 v\u00e9rin de r\u00e9glage en zamak. Port\u00e9e: 2 paumelles 160 Kg, 3 paumelles 180 Kg.<\/p>\n","protected":false},"excerpt":{"rendered":"<p>(brev.) Paumelle \u00e0 2 lames<\/p>\n","protected":false},"featured_media":126093,"comment_status":"closed","ping_status":"closed","template":"","meta":{"_acf_changed":false,"_uag_custom_page_level_css":""},"product_brand":[],"product_cat":[12585,12637],"product_tag":[13128],"profilo":[12431,11995,11996,12018,12040,12408,12158,12393,12395,12402,12398,12403,12065,12104,12113,12105,12134,12121,12136,12115,12123,12124,12111,12125,12126,12116,12139,12141,12388,12389,12240,12241,12242,12243,12268,12267,12253,12445,12451,12461,12464,12456,12458,12346,12332,12323,12333,12347,12349,12324,12334,12345,12325,12335,12348,12350,11984,11985,11980,11982,12415,12418,12417,12423,12425,12427,12429,12413,12006,12095,12008,12019,12102,12020,12035,12037,12034,12039,12066,11963,11967,11959,11964,12152,12153,12164,12166,12154,12155,12159,12156,12180,12157,12182,12160,12470,12468,12469,12247,12254,12255,12249,12256,12186,12187,12189,12193,12194,12196,12204,12198,12205,12218,12225,12220,12231,12206,12217,12207,12201,12208,12209,12235,12236,12017,12270,12289,12278,12271,12288,12295,12279,12272,12280,12308,12309,12310,12273,12281,12329,12330,12331,11970,11968,11972,11974,12170,12172,12175,12177,12176,12178,12179,12085,11988,11990,11991,11993,12372,12373,12376,12375,12380,12377,12381,12378,12374,12021,12022,12023,12086,12371,12356,12368,12210,12051,12052,12045,12047,12046,12048,12053,12054,12070,12071,12073,12078,12074,12079,12075,12076,12081,12419,12420,12484,12246,12257,12435,12436,12274,12303,12276,12304,12306,12293,12299,12294,12297,12307,12311,12313,12314],"finiture":[12512,12532,12534,12536,12543,12545,12552,12556,12565,12570,12575,12582,12583],"gruppo_anta":[],"class_list":{"0":"post-29219","1":"product","2":"type-product","3":"status-publish","4":"has-post-thumbnail","6":"product_cat-cerniere-cerniere-pesanti-e-cerniere-per-vasistas","7":"product_cat-mechanica","8":"product_tag-updated","9":"profilo-12431","10":"profilo-alfil-a54rpt","11":"profilo-alfil-a65rpt","12":"profilo-all-co-5-porte","13":"profilo-allco-tec-72","14":"profilo-allu-sistemi","15":"profilo-alpha-blitz-2000","16":"profilo-atlantis-45","17":"profilo-atlantis-55-tt","18":"profilo-atlantis-55-tt-porte","19":"profilo-atlantis-68-tt","20":"profilo-atlantis-68-tt-porte","21":"profilo-bga-50-porte","22":"profilo-domal-break-pa-52","23":"profilo-domal-break-pa-52-porte","24":"profilo-domal-break-pa-52-raggiato","25":"profilo-domal-bright-pa-70-s","26":"profilo-domal-bright-pa-70-s-porte","27":"profilo-domal-extratermic-62","28":"profilo-domal-shops","29":"profilo-domal-spider-60","30":"profilo-domal-spider-l60-style","31":"profilo-domal-stopper-pg","32":"profilo-domal-stopper-pg-63","33":"profilo-domal-stopper-pg-63-porte","34":"profilo-domal-stopper-pg-porte","35":"profilo-domal-top-tb-65","36":"profilo-domal-top-tb-65-porte","37":"profilo-ecowin-th-62","38":"profilo-ecowin-th-72","39":"profilo-ekip-40-complanare","40":"profilo-ekip-40-sormonto","41":"profilo-ekip-50-complanare","42":"profilo-ekip-50-sormonto","43":"profilo-ekip-th-73-porte","44":"profilo-ekip-th-83","45":"profilo-ekip-thermo-53-porte","46":"profilo-ekos-50-th","47":"profilo-ekos-66-th","48":"profilo-ekos-68-thr","49":"profilo-ekos-85-th","50":"profilo-ekos-minimall-54-th","51":"profilo-ekos-minimall-62-thj","52":"profilo-eku-52-tt","53":"profilo-eku-53-porte","54":"profilo-eku-53-tt","55":"profilo-eku-53-tt-porte","56":"profilo-eku-62-tt","57":"profilo-eku-62-tt-porte","58":"profilo-eku-64-tt","59":"profilo-eku-64-tt-porte","60":"profilo-eku-66-tt","61":"profilo-eku-72-tt","62":"profilo-eku-72-tt-porte","63":"profilo-eku-78-tt","64":"profilo-eku-78-tt-porte","65":"profilo-esedra-doors-56","66":"profilo-esedra-doors-56-tt","67":"profilo-esedra-ga-53","68":"profilo-esedra-tt-63","69":"profilo-et-43-sormonto","70":"profilo-et-45-porte","71":"profilo-et-45-sormonto","72":"profilo-et-58-2-tt","73":"profilo-et-67-3-tt","74":"profilo-et-68-2-tt","75":"profilo-et-75-3-tt","76":"profilo-etnall","77":"profilo-export-45","78":"profilo-export-45-t","79":"profilo-export-45-tt","80":"profilo-export-50-porte","81":"profilo-export-50-t-porte","82":"profilo-export-50-tt-porte","83":"profilo-export-51-tt","84":"profilo-export-51-tt-porte","85":"profilo-export-68-tt","86":"profilo-export-68-tt-porte","87":"profilo-extrablind-70-porte","88":"profilo-global-50-tt","89":"profilo-global-50-tt-porte","90":"profilo-global-70-tt","91":"profilo-global-78-blindato","92":"profilo-gold-400","93":"profilo-gold-400-raggiato","94":"profilo-gold-450","95":"profilo-gold-450-tt","96":"profilo-gold-490-tt","97":"profilo-gold-500","98":"profilo-gold-500-porte","99":"profilo-gold-500-raggiato","100":"profilo-gold-502-hc","101":"profilo-gold-600","102":"profilo-gold-600-hc","103":"profilo-gold-600-porte","104":"profilo-hf-580","105":"profilo-hp-600","106":"profilo-hp-700","107":"profilo-maastricht-53","108":"profilo-maastricht-53-porte","109":"profilo-maastricht-th-60-porte","110":"profilo-maastricht-th-68","111":"profilo-maastricht-th-68-porte","112":"profilo-mx-50","113":"profilo-mx-70","114":"profilo-mx-70-porte","115":"profilo-nc-40-n-complanare","116":"profilo-nc-40-n-sormonto","117":"profilo-nc-45-int","118":"profilo-nc-45-int-porte","119":"profilo-nc-45-sth","120":"profilo-nc-45-sth-porte","121":"profilo-nc-50-i","122":"profilo-nc-50-i-porte","123":"profilo-nc-50-sth","124":"profilo-nc-50-sth-porte","125":"profilo-nc-55-int-porte","126":"profilo-nc-58-mediterraneo-sormonto","127":"profilo-nc-65-sth-porte","128":"profilo-nc-68-sth","129":"profilo-nc-68-sth-porte","130":"profilo-nc-72-sth-porte","131":"profilo-nc-75-sth","132":"profilo-nc-75-sthi","133":"profilo-new-age","134":"profilo-new-tec-50","135":"profilo-new-tec-50-classic","136":"profilo-new-tec-50-porte","137":"profilo-new-tec-52-tt","138":"profilo-new-tec-52-tt-classic","139":"profilo-new-tec-52-tt-classic-porte","140":"profilo-new-tec-52-tt-porte","141":"profilo-new-tec-60-tt","142":"profilo-new-tec-60-tt-porte","143":"profilo-new-tec-65","144":"profilo-new-tec-65-classic","145":"profilo-new-tec-65-porte","146":"profilo-new-tec-68-tt","147":"profilo-new-tec-68-tt-porte","148":"profilo-pe-50","149":"profilo-pe-58-tt-complanare","150":"profilo-pe-58-tt-sormonto","151":"profilo-planet-45","152":"profilo-planet-50-tt","153":"profilo-planet-62-tt","154":"profilo-planet-72-ht","155":"profilo-plathina-60-classica","156":"profilo-plathina-60-flat-classica","157":"profilo-plathina-69-classica","158":"profilo-plathina-69-flat-classica","159":"profilo-plathina-69-porte","160":"profilo-plathina-75-classica","161":"profilo-plathina-75-porte","162":"profilo-prestige-73-tt","163":"profilo-r-40","164":"profilo-r-50","165":"profilo-r-50-tt-barra-cont","166":"profilo-r-62-tt","167":"profilo-road-520-tt-ce","168":"profilo-road-600-tt-ce","169":"profilo-royal-s-50-n-porte","170":"profilo-royal-s-50-porte","171":"profilo-royal-s-65-ak-porte","172":"profilo-royal-s-65-porte","173":"profilo-royal-s-70-f-porte","174":"profilo-royal-s-70-hi-porte","175":"profilo-schuco-international","176":"profilo-sicurblind-65-complanare","177":"profilo-sicurblind-65-sormonto","178":"profilo-sicurblind-90","179":"profilo-slim-70-tt","180":"profilo-start-470-tt-porte","181":"profilo-start-510","182":"profilo-start-510-porte","183":"profilo-superblindo-porte","184":"profilo-synthesis-52","185":"profilo-synthesis-52-tt","186":"profilo-synthesis-57","187":"profilo-synthesis-57-porte","188":"profilo-synthesis-60-tt","189":"profilo-synthesis-60-tt-porte","190":"profilo-synthesis-68-tt","191":"profilo-synthesis-68-tt-porte","192":"profilo-tecno-50","193":"profilo-tecno-50-porte","194":"profilo-tecno-50-tt","195":"profilo-tecno-50-tt-porte","196":"profilo-tecno-60-tt","197":"profilo-tecno-60-tt-porte","198":"profilo-tecno-68-tt","199":"profilo-tecno-70-blindo","200":"profilo-tecno-76-tt","201":"profilo-tt-50","202":"profilo-tt-50-porte","203":"profilo-uah-100-window-bullet-proof","204":"profilo-venice-th16","205":"profilo-venice-th16-porte","206":"profilo-vuerre-53-tt","207":"profilo-vuerre-70-tt","208":"profilo-windstop-45","209":"profilo-windstop-45-porte","210":"profilo-windstop-45-tt","211":"profilo-windstop-45-tt-classic","212":"profilo-windstop-45-tt-porte","213":"profilo-windstop-55-tt","214":"profilo-windstop-55-tt-classic","215":"profilo-windstop-55-tt-porte","216":"profilo-windstop-65-tt","217":"profilo-windstop-65-tt-porte","218":"profilo-windstop-73-tt","219":"profilo-ws-65-thi","220":"profilo-ws-75-thi","221":"finiture-12512","222":"finiture-12532","223":"finiture-12534","224":"finiture-12536","225":"finiture-b-sa","226":"finiture-bl10","227":"finiture-c","228":"finiture-f","229":"finiture-ne","230":"finiture-pvd-x","231":"finiture-silv","232":"finiture-xsd","233":"finiture-ze","234":"description-off","236":"first","237":"onbackorder","238":"product-type-variable"},"acf":[],"yoast_head":"<!-- This site is optimized with the Yoast SEO plugin v27.2 - https:\/\/yoast.com\/product\/yoast-seo-wordpress\/ -->\n<title>MECHANICA - 1146.1\/62.5<\/title>\n<meta name=\"description\" content=\"(brev.) Paumelle \u00e0 2 lames\" \/>\n<meta name=\"robots\" content=\"index, follow, max-snippet:-1, max-image-preview:large, max-video-preview:-1\" \/>\n<link rel=\"canonical\" href=\"https:\/\/savio.it\/fr\/prodotto\/mechanica-1146-1-62-5\/\" \/>\n<meta property=\"og:locale\" content=\"fr_FR\" \/>\n<meta property=\"og:type\" content=\"article\" \/>\n<meta property=\"og:title\" content=\"MECHANICA - 1146.1\/62.5\" \/>\n<meta property=\"og:description\" content=\"(brev.) Paumelle \u00e0 2 lames\" \/>\n<meta property=\"og:url\" content=\"https:\/\/savio.it\/fr\/prodotto\/mechanica-1146-1-62-5\/\" \/>\n<meta property=\"og:site_name\" content=\"SAVIO\" \/>\n<meta property=\"article:modified_time\" content=\"2024-06-27T07:42:04+00:00\" \/>\n<meta property=\"og:image\" content=\"https:\/\/savio.it\/wp-content\/uploads\/2022\/06\/1146.jpg\" \/>\n\t<meta property=\"og:image:width\" content=\"1000\" \/>\n\t<meta property=\"og:image:height\" content=\"1000\" \/>\n\t<meta property=\"og:image:type\" content=\"image\/jpeg\" \/>\n<meta name=\"twitter:card\" content=\"summary_large_image\" \/>\n<meta name=\"twitter:label1\" content=\"Dur\u00e9e de lecture estim\u00e9e\" \/>\n\t<meta name=\"twitter:data1\" content=\"4 minutes\" \/>\n<script type=\"application\/ld+json\" class=\"yoast-schema-graph\">{\"@context\":\"https:\/\/schema.org\",\"@graph\":[{\"@type\":\"WebPage\",\"@id\":\"https:\/\/savio.it\/fr\/prodotto\/mechanica-1146-1-62-5\/\",\"url\":\"https:\/\/savio.it\/fr\/prodotto\/mechanica-1146-1-62-5\/\",\"name\":\"MECHANICA - 1146.1\/62.5\",\"isPartOf\":{\"@id\":\"https:\/\/savio.it\/fr\/#website\"},\"primaryImageOfPage\":{\"@id\":\"https:\/\/savio.it\/fr\/prodotto\/mechanica-1146-1-62-5\/#primaryimage\"},\"image\":{\"@id\":\"https:\/\/savio.it\/fr\/prodotto\/mechanica-1146-1-62-5\/#primaryimage\"},\"thumbnailUrl\":\"https:\/\/savio.it\/wp-content\/uploads\/2022\/06\/1146.jpg\",\"datePublished\":\"2021-10-01T14:36:46+00:00\",\"dateModified\":\"2024-06-27T07:42:04+00:00\",\"description\":\"(brev.) Paumelle \u00e0 2 lames\",\"breadcrumb\":{\"@id\":\"https:\/\/savio.it\/fr\/prodotto\/mechanica-1146-1-62-5\/#breadcrumb\"},\"inLanguage\":\"fr-FR\",\"potentialAction\":[{\"@type\":\"ReadAction\",\"target\":[\"https:\/\/savio.it\/fr\/prodotto\/mechanica-1146-1-62-5\/\"]}]},{\"@type\":\"ImageObject\",\"inLanguage\":\"fr-FR\",\"@id\":\"https:\/\/savio.it\/fr\/prodotto\/mechanica-1146-1-62-5\/#primaryimage\",\"url\":\"https:\/\/savio.it\/wp-content\/uploads\/2022\/06\/1146.jpg\",\"contentUrl\":\"https:\/\/savio.it\/wp-content\/uploads\/2022\/06\/1146.jpg\",\"width\":1000,\"height\":1000},{\"@type\":\"BreadcrumbList\",\"@id\":\"https:\/\/savio.it\/fr\/prodotto\/mechanica-1146-1-62-5\/#breadcrumb\",\"itemListElement\":[{\"@type\":\"ListItem\",\"position\":1,\"name\":\"Home\",\"item\":\"https:\/\/savio.it\/fr\/\"},{\"@type\":\"ListItem\",\"position\":2,\"name\":\"Produits\",\"item\":\"https:\/\/savio.it\/fr\/prodotti\/\"},{\"@type\":\"ListItem\",\"position\":3,\"name\":\"MECHANICA &#8211; 1146.1\/62.5\"}]},{\"@type\":\"WebSite\",\"@id\":\"https:\/\/savio.it\/fr\/#website\",\"url\":\"https:\/\/savio.it\/fr\/\",\"name\":\"SAVIO\",\"description\":\"Open mind for closing system\",\"publisher\":{\"@id\":\"https:\/\/savio.it\/fr\/#organization\"},\"potentialAction\":[{\"@type\":\"SearchAction\",\"target\":{\"@type\":\"EntryPoint\",\"urlTemplate\":\"https:\/\/savio.it\/fr\/?s={search_term_string}\"},\"query-input\":{\"@type\":\"PropertyValueSpecification\",\"valueRequired\":true,\"valueName\":\"search_term_string\"}}],\"inLanguage\":\"fr-FR\"},{\"@type\":\"Organization\",\"@id\":\"https:\/\/savio.it\/fr\/#organization\",\"name\":\"SAVIO\",\"url\":\"https:\/\/savio.it\/fr\/\",\"logo\":{\"@type\":\"ImageObject\",\"inLanguage\":\"fr-FR\",\"@id\":\"https:\/\/savio.it\/fr\/#\/schema\/logo\/image\/\",\"url\":\"https:\/\/savio.it\/wp-content\/uploads\/2021\/09\/cropped-Savio-logo.png\",\"contentUrl\":\"https:\/\/savio.it\/wp-content\/uploads\/2021\/09\/cropped-Savio-logo.png\",\"width\":243,\"height\":64,\"caption\":\"SAVIO\"},\"image\":{\"@id\":\"https:\/\/savio.it\/fr\/#\/schema\/logo\/image\/\"}}]}<\/script>\n<!-- \/ Yoast SEO plugin. -->","yoast_head_json":{"title":"MECHANICA - 1146.1\/62.5","description":"(brev.) Paumelle \u00e0 2 lames","robots":{"index":"index","follow":"follow","max-snippet":"max-snippet:-1","max-image-preview":"max-image-preview:large","max-video-preview":"max-video-preview:-1"},"canonical":"https:\/\/savio.it\/fr\/prodotto\/mechanica-1146-1-62-5\/","og_locale":"fr_FR","og_type":"article","og_title":"MECHANICA - 1146.1\/62.5","og_description":"(brev.) Paumelle \u00e0 2 lames","og_url":"https:\/\/savio.it\/fr\/prodotto\/mechanica-1146-1-62-5\/","og_site_name":"SAVIO","article_modified_time":"2024-06-27T07:42:04+00:00","og_image":[{"width":1000,"height":1000,"url":"https:\/\/savio.it\/wp-content\/uploads\/2022\/06\/1146.jpg","type":"image\/jpeg"}],"twitter_card":"summary_large_image","twitter_misc":{"Dur\u00e9e de lecture estim\u00e9e":"4 minutes"},"schema":{"@context":"https:\/\/schema.org","@graph":[{"@type":"WebPage","@id":"https:\/\/savio.it\/fr\/prodotto\/mechanica-1146-1-62-5\/","url":"https:\/\/savio.it\/fr\/prodotto\/mechanica-1146-1-62-5\/","name":"MECHANICA - 1146.1\/62.5","isPartOf":{"@id":"https:\/\/savio.it\/fr\/#website"},"primaryImageOfPage":{"@id":"https:\/\/savio.it\/fr\/prodotto\/mechanica-1146-1-62-5\/#primaryimage"},"image":{"@id":"https:\/\/savio.it\/fr\/prodotto\/mechanica-1146-1-62-5\/#primaryimage"},"thumbnailUrl":"https:\/\/savio.it\/wp-content\/uploads\/2022\/06\/1146.jpg","datePublished":"2021-10-01T14:36:46+00:00","dateModified":"2024-06-27T07:42:04+00:00","description":"(brev.) Paumelle \u00e0 2 lames","breadcrumb":{"@id":"https:\/\/savio.it\/fr\/prodotto\/mechanica-1146-1-62-5\/#breadcrumb"},"inLanguage":"fr-FR","potentialAction":[{"@type":"ReadAction","target":["https:\/\/savio.it\/fr\/prodotto\/mechanica-1146-1-62-5\/"]}]},{"@type":"ImageObject","inLanguage":"fr-FR","@id":"https:\/\/savio.it\/fr\/prodotto\/mechanica-1146-1-62-5\/#primaryimage","url":"https:\/\/savio.it\/wp-content\/uploads\/2022\/06\/1146.jpg","contentUrl":"https:\/\/savio.it\/wp-content\/uploads\/2022\/06\/1146.jpg","width":1000,"height":1000},{"@type":"BreadcrumbList","@id":"https:\/\/savio.it\/fr\/prodotto\/mechanica-1146-1-62-5\/#breadcrumb","itemListElement":[{"@type":"ListItem","position":1,"name":"Home","item":"https:\/\/savio.it\/fr\/"},{"@type":"ListItem","position":2,"name":"Produits","item":"https:\/\/savio.it\/fr\/prodotti\/"},{"@type":"ListItem","position":3,"name":"MECHANICA &#8211; 1146.1\/62.5"}]},{"@type":"WebSite","@id":"https:\/\/savio.it\/fr\/#website","url":"https:\/\/savio.it\/fr\/","name":"SAVIO","description":"Open mind for closing system","publisher":{"@id":"https:\/\/savio.it\/fr\/#organization"},"potentialAction":[{"@type":"SearchAction","target":{"@type":"EntryPoint","urlTemplate":"https:\/\/savio.it\/fr\/?s={search_term_string}"},"query-input":{"@type":"PropertyValueSpecification","valueRequired":true,"valueName":"search_term_string"}}],"inLanguage":"fr-FR"},{"@type":"Organization","@id":"https:\/\/savio.it\/fr\/#organization","name":"SAVIO","url":"https:\/\/savio.it\/fr\/","logo":{"@type":"ImageObject","inLanguage":"fr-FR","@id":"https:\/\/savio.it\/fr\/#\/schema\/logo\/image\/","url":"https:\/\/savio.it\/wp-content\/uploads\/2021\/09\/cropped-Savio-logo.png","contentUrl":"https:\/\/savio.it\/wp-content\/uploads\/2021\/09\/cropped-Savio-logo.png","width":243,"height":64,"caption":"SAVIO"},"image":{"@id":"https:\/\/savio.it\/fr\/#\/schema\/logo\/image\/"}}]}},"uagb_featured_image_src":{"full":["https:\/\/savio.it\/wp-content\/uploads\/2022\/06\/1146.jpg",1000,1000,false],"thumbnail":["https:\/\/savio.it\/wp-content\/uploads\/2022\/06\/1146-150x150.jpg",150,150,true],"medium":["https:\/\/savio.it\/wp-content\/uploads\/2022\/06\/1146-300x300.jpg",300,300,true],"medium_large":["https:\/\/savio.it\/wp-content\/uploads\/2022\/06\/1146-768x768.jpg",768,768,true],"large":["https:\/\/savio.it\/wp-content\/uploads\/2022\/06\/1146.jpg",1000,1000,false],"gs-tiny":["https:\/\/savio.it\/wp-content\/uploads\/2022\/06\/1146.jpg",50,50,false],"xl":["https:\/\/savio.it\/wp-content\/uploads\/2022\/06\/1146.jpg",1000,1000,false],"xxl":["https:\/\/savio.it\/wp-content\/uploads\/2022\/06\/1146.jpg",1000,1000,false],"xxxl":["https:\/\/savio.it\/wp-content\/uploads\/2022\/06\/1146.jpg",1000,1000,false],"xxxxl":["https:\/\/savio.it\/wp-content\/uploads\/2022\/06\/1146.jpg",1000,1000,false],"xxxxxl":["https:\/\/savio.it\/wp-content\/uploads\/2022\/06\/1146.jpg",1000,1000,false],"1536x1536":["https:\/\/savio.it\/wp-content\/uploads\/2022\/06\/1146.jpg",1000,1000,false],"2048x2048":["https:\/\/savio.it\/wp-content\/uploads\/2022\/06\/1146.jpg",1000,1000,false],"woocommerce_thumbnail":["https:\/\/savio.it\/wp-content\/uploads\/2022\/06\/1146-300x300.jpg",300,300,true],"woocommerce_single":["https:\/\/savio.it\/wp-content\/uploads\/2022\/06\/1146-600x600.jpg",600,600,true],"woocommerce_gallery_thumbnail":["https:\/\/savio.it\/wp-content\/uploads\/2022\/06\/1146-200x200.jpg",200,200,true]},"uagb_author_info":{"display_name":"admin_news","author_link":"https:\/\/savio.it\/fr\/author\/"},"uagb_comment_info":0,"uagb_excerpt":"(brev.) Paumelle \u00e0 2 lames","_links":{"self":[{"href":"https:\/\/savio.it\/fr\/wp-json\/wp\/v2\/product\/29219","targetHints":{"allow":["GET"]}}],"collection":[{"href":"https:\/\/savio.it\/fr\/wp-json\/wp\/v2\/product"}],"about":[{"href":"https:\/\/savio.it\/fr\/wp-json\/wp\/v2\/types\/product"}],"replies":[{"embeddable":true,"href":"https:\/\/savio.it\/fr\/wp-json\/wp\/v2\/comments?post=29219"}],"wp:featuredmedia":[{"embeddable":true,"href":"https:\/\/savio.it\/fr\/wp-json\/wp\/v2\/media\/126093"}],"wp:attachment":[{"href":"https:\/\/savio.it\/fr\/wp-json\/wp\/v2\/media?parent=29219"}],"wp:term":[{"taxonomy":"product_brand","embeddable":true,"href":"https:\/\/savio.it\/fr\/wp-json\/wp\/v2\/product_brand?post=29219"},{"taxonomy":"product_cat","embeddable":true,"href":"https:\/\/savio.it\/fr\/wp-json\/wp\/v2\/product_cat?post=29219"},{"taxonomy":"product_tag","embeddable":true,"href":"https:\/\/savio.it\/fr\/wp-json\/wp\/v2\/product_tag?post=29219"},{"taxonomy":"profilo","embeddable":true,"href":"https:\/\/savio.it\/fr\/wp-json\/wp\/v2\/profilo?post=29219"},{"taxonomy":"finiture","embeddable":true,"href":"https:\/\/savio.it\/fr\/wp-json\/wp\/v2\/finiture?post=29219"},{"taxonomy":"gruppo_anta","embeddable":true,"href":"https:\/\/savio.it\/fr\/wp-json\/wp\/v2\/gruppo_anta?post=29219"}],"curies":[{"name":"wp","href":"https:\/\/api.w.org\/{rel}","templated":true}]}}