{"id":29469,"date":"2021-09-30T12:40:45","date_gmt":"2021-10-01T14:40:20","guid":{"rendered":"https:\/\/savio.ne-ws.it\/prodotto\/3040-730\/"},"modified":"2024-06-27T11:16:10","modified_gmt":"2024-06-27T11:16:10","slug":"3040-730","status":"publish","type":"product","link":"https:\/\/savio.it\/fr\/prodotto\/3040-730\/","title":{"rendered":"3040.730"},"content":{"rendered":"<p>(brevet\u00e9) Kit de paumelles ambidextres \u00e0 clamer pour RIBANTA 4 (pour profils affleurants int\u00e9rieurs), en zamak et aluminium, contreplaque pr\u00e9mont\u00e9e en acier inox 430, 1 vis \u00e0 t\u00eate frais\u00e9e plate M5x8, 2 vis \u00e0 t\u00eate frais\u00e9e bomb\u00e9e M5x10, 1 vis-pointeau M5x12 et 1 vis-pointeau M5x5 pr\u00e9mont\u00e9s en acier inox 304, 2 vis \u00e0 t\u00eate frais\u00e9e bomb\u00e9e M5x10 pr\u00e9mont\u00e9es en acier inox 304 avec frein filet. Poids max du vantail 70 Kg.<\/p>\n","protected":false},"excerpt":{"rendered":"<p>(brev.) Kit de paumelles ambidextres \u00e0 clamer pour RIBANTA 4 (pour profils affleurants int\u00e9rieurs)<\/p>\n","protected":false},"featured_media":18236,"comment_status":"closed","ping_status":"closed","template":"","meta":{"_acf_changed":false,"_uag_custom_page_level_css":""},"product_brand":[],"product_cat":[12589],"product_tag":[13128],"profilo":[11995,11996,12063,12105,12135,12137,12138,12112,12267,11981,12038,12153,12156,12181,12183,12434,12197,11971,11969,11973,12089,12091,12361,12363,12362],"finiture":[12512,12532,12534],"gruppo_anta":[2958,2959],"class_list":{"0":"post-29469","1":"product","2":"type-product","3":"status-publish","4":"has-post-thumbnail","6":"product_cat-anta-ribalta-e-accessori","7":"product_tag-updated","8":"profilo-alfil-a54rpt","9":"profilo-alfil-a65rpt","10":"profilo-bga-50-raggiato","11":"profilo-domal-break-pa-52-raggiato","12":"profilo-domal-bright-pa-70-s-raggiato","13":"profilo-domal-extratermic-62-raggiato","14":"profilo-domal-extratermic-62-sfera","15":"profilo-domal-stopper-pg-raggiato","16":"profilo-ekip-th-83","17":"profilo-esedra-ga-53-raggiato","18":"profilo-export-68-tt-raggiato","19":"profilo-gold-400-raggiato","20":"profilo-gold-500-raggiato","21":"profilo-gold-502-hc-raggiato","22":"profilo-gold-600-hc-raggiato","23":"profilo-iblea-color","24":"profilo-nc-45-int-raggiato","25":"profilo-planet-45-raggiato","26":"profilo-planet-50-raggiato","27":"profilo-planet-62-tt-raggiato","28":"profilo-serie-8000-raggiato","29":"profilo-serie-8000-tt-raggiato","30":"profilo-start-410-raggiato","31":"profilo-start-470-tt-raggiato","32":"profilo-start-510-raggiato","33":"finiture-12512","34":"finiture-12532","35":"finiture-12534","36":"gruppo_anta-2958","37":"gruppo_anta-2959","38":"description-off","40":"first","41":"onbackorder","42":"product-type-variable"},"acf":[],"yoast_head":"<!-- This site is optimized with the Yoast SEO plugin v27.2 - https:\/\/yoast.com\/product\/yoast-seo-wordpress\/ -->\n<title>3040.730<\/title>\n<meta name=\"description\" content=\"(brev.) Kit de paumelles ambidextres \u00e0 clamer pour RIBANTA 4 (pour profils affleurants int\u00e9rieurs)\" \/>\n<meta name=\"robots\" content=\"index, follow, max-snippet:-1, max-image-preview:large, max-video-preview:-1\" \/>\n<link rel=\"canonical\" href=\"https:\/\/savio.it\/fr\/prodotto\/3040-730\/\" \/>\n<meta property=\"og:locale\" content=\"fr_FR\" \/>\n<meta property=\"og:type\" content=\"article\" \/>\n<meta property=\"og:title\" content=\"3040.730\" \/>\n<meta property=\"og:description\" content=\"(brev.) Kit de paumelles ambidextres \u00e0 clamer pour RIBANTA 4 (pour profils affleurants int\u00e9rieurs)\" \/>\n<meta property=\"og:url\" content=\"https:\/\/savio.it\/fr\/prodotto\/3040-730\/\" \/>\n<meta property=\"og:site_name\" content=\"SAVIO\" \/>\n<meta property=\"article:modified_time\" content=\"2024-06-27T11:16:10+00:00\" \/>\n<meta property=\"og:image\" content=\"https:\/\/savio.it\/wp-content\/uploads\/2021\/09\/3040_710-3.jpg\" \/>\n\t<meta property=\"og:image:width\" content=\"229\" \/>\n\t<meta property=\"og:image:height\" content=\"229\" \/>\n\t<meta property=\"og:image:type\" content=\"image\/jpeg\" \/>\n<meta name=\"twitter:card\" content=\"summary_large_image\" \/>\n<meta name=\"twitter:label1\" content=\"Dur\u00e9e de lecture estim\u00e9e\" \/>\n\t<meta name=\"twitter:data1\" content=\"4 minutes\" \/>\n<script type=\"application\/ld+json\" class=\"yoast-schema-graph\">{\"@context\":\"https:\/\/schema.org\",\"@graph\":[{\"@type\":\"WebPage\",\"@id\":\"https:\/\/savio.it\/fr\/prodotto\/3040-730\/\",\"url\":\"https:\/\/savio.it\/fr\/prodotto\/3040-730\/\",\"name\":\"3040.730\",\"isPartOf\":{\"@id\":\"https:\/\/savio.it\/fr\/#website\"},\"primaryImageOfPage\":{\"@id\":\"https:\/\/savio.it\/fr\/prodotto\/3040-730\/#primaryimage\"},\"image\":{\"@id\":\"https:\/\/savio.it\/fr\/prodotto\/3040-730\/#primaryimage\"},\"thumbnailUrl\":\"https:\/\/savio.it\/wp-content\/uploads\/2021\/09\/3040_710-3.jpg\",\"datePublished\":\"2021-10-01T14:40:20+00:00\",\"dateModified\":\"2024-06-27T11:16:10+00:00\",\"description\":\"(brev.) Kit de paumelles ambidextres \u00e0 clamer pour RIBANTA 4 (pour profils affleurants int\u00e9rieurs)\",\"breadcrumb\":{\"@id\":\"https:\/\/savio.it\/fr\/prodotto\/3040-730\/#breadcrumb\"},\"inLanguage\":\"fr-FR\",\"potentialAction\":[{\"@type\":\"ReadAction\",\"target\":[\"https:\/\/savio.it\/fr\/prodotto\/3040-730\/\"]}]},{\"@type\":\"ImageObject\",\"inLanguage\":\"fr-FR\",\"@id\":\"https:\/\/savio.it\/fr\/prodotto\/3040-730\/#primaryimage\",\"url\":\"https:\/\/savio.it\/wp-content\/uploads\/2021\/09\/3040_710-3.jpg\",\"contentUrl\":\"https:\/\/savio.it\/wp-content\/uploads\/2021\/09\/3040_710-3.jpg\",\"width\":229,\"height\":229},{\"@type\":\"BreadcrumbList\",\"@id\":\"https:\/\/savio.it\/fr\/prodotto\/3040-730\/#breadcrumb\",\"itemListElement\":[{\"@type\":\"ListItem\",\"position\":1,\"name\":\"Home\",\"item\":\"https:\/\/savio.it\/fr\/\"},{\"@type\":\"ListItem\",\"position\":2,\"name\":\"Produits\",\"item\":\"https:\/\/savio.it\/fr\/prodotti\/\"},{\"@type\":\"ListItem\",\"position\":3,\"name\":\"3040.730\"}]},{\"@type\":\"WebSite\",\"@id\":\"https:\/\/savio.it\/fr\/#website\",\"url\":\"https:\/\/savio.it\/fr\/\",\"name\":\"SAVIO\",\"description\":\"Open mind for closing system\",\"publisher\":{\"@id\":\"https:\/\/savio.it\/fr\/#organization\"},\"potentialAction\":[{\"@type\":\"SearchAction\",\"target\":{\"@type\":\"EntryPoint\",\"urlTemplate\":\"https:\/\/savio.it\/fr\/?s={search_term_string}\"},\"query-input\":{\"@type\":\"PropertyValueSpecification\",\"valueRequired\":true,\"valueName\":\"search_term_string\"}}],\"inLanguage\":\"fr-FR\"},{\"@type\":\"Organization\",\"@id\":\"https:\/\/savio.it\/fr\/#organization\",\"name\":\"SAVIO\",\"url\":\"https:\/\/savio.it\/fr\/\",\"logo\":{\"@type\":\"ImageObject\",\"inLanguage\":\"fr-FR\",\"@id\":\"https:\/\/savio.it\/fr\/#\/schema\/logo\/image\/\",\"url\":\"https:\/\/savio.it\/wp-content\/uploads\/2021\/09\/cropped-Savio-logo.png\",\"contentUrl\":\"https:\/\/savio.it\/wp-content\/uploads\/2021\/09\/cropped-Savio-logo.png\",\"width\":243,\"height\":64,\"caption\":\"SAVIO\"},\"image\":{\"@id\":\"https:\/\/savio.it\/fr\/#\/schema\/logo\/image\/\"}}]}<\/script>\n<!-- \/ Yoast SEO plugin. -->","yoast_head_json":{"title":"3040.730","description":"(brev.) Kit de paumelles ambidextres \u00e0 clamer pour RIBANTA 4 (pour profils affleurants int\u00e9rieurs)","robots":{"index":"index","follow":"follow","max-snippet":"max-snippet:-1","max-image-preview":"max-image-preview:large","max-video-preview":"max-video-preview:-1"},"canonical":"https:\/\/savio.it\/fr\/prodotto\/3040-730\/","og_locale":"fr_FR","og_type":"article","og_title":"3040.730","og_description":"(brev.) Kit de paumelles ambidextres \u00e0 clamer pour RIBANTA 4 (pour profils affleurants int\u00e9rieurs)","og_url":"https:\/\/savio.it\/fr\/prodotto\/3040-730\/","og_site_name":"SAVIO","article_modified_time":"2024-06-27T11:16:10+00:00","og_image":[{"width":229,"height":229,"url":"https:\/\/savio.it\/wp-content\/uploads\/2021\/09\/3040_710-3.jpg","type":"image\/jpeg"}],"twitter_card":"summary_large_image","twitter_misc":{"Dur\u00e9e de lecture estim\u00e9e":"4 minutes"},"schema":{"@context":"https:\/\/schema.org","@graph":[{"@type":"WebPage","@id":"https:\/\/savio.it\/fr\/prodotto\/3040-730\/","url":"https:\/\/savio.it\/fr\/prodotto\/3040-730\/","name":"3040.730","isPartOf":{"@id":"https:\/\/savio.it\/fr\/#website"},"primaryImageOfPage":{"@id":"https:\/\/savio.it\/fr\/prodotto\/3040-730\/#primaryimage"},"image":{"@id":"https:\/\/savio.it\/fr\/prodotto\/3040-730\/#primaryimage"},"thumbnailUrl":"https:\/\/savio.it\/wp-content\/uploads\/2021\/09\/3040_710-3.jpg","datePublished":"2021-10-01T14:40:20+00:00","dateModified":"2024-06-27T11:16:10+00:00","description":"(brev.) Kit de paumelles ambidextres \u00e0 clamer pour RIBANTA 4 (pour profils affleurants int\u00e9rieurs)","breadcrumb":{"@id":"https:\/\/savio.it\/fr\/prodotto\/3040-730\/#breadcrumb"},"inLanguage":"fr-FR","potentialAction":[{"@type":"ReadAction","target":["https:\/\/savio.it\/fr\/prodotto\/3040-730\/"]}]},{"@type":"ImageObject","inLanguage":"fr-FR","@id":"https:\/\/savio.it\/fr\/prodotto\/3040-730\/#primaryimage","url":"https:\/\/savio.it\/wp-content\/uploads\/2021\/09\/3040_710-3.jpg","contentUrl":"https:\/\/savio.it\/wp-content\/uploads\/2021\/09\/3040_710-3.jpg","width":229,"height":229},{"@type":"BreadcrumbList","@id":"https:\/\/savio.it\/fr\/prodotto\/3040-730\/#breadcrumb","itemListElement":[{"@type":"ListItem","position":1,"name":"Home","item":"https:\/\/savio.it\/fr\/"},{"@type":"ListItem","position":2,"name":"Produits","item":"https:\/\/savio.it\/fr\/prodotti\/"},{"@type":"ListItem","position":3,"name":"3040.730"}]},{"@type":"WebSite","@id":"https:\/\/savio.it\/fr\/#website","url":"https:\/\/savio.it\/fr\/","name":"SAVIO","description":"Open mind for closing system","publisher":{"@id":"https:\/\/savio.it\/fr\/#organization"},"potentialAction":[{"@type":"SearchAction","target":{"@type":"EntryPoint","urlTemplate":"https:\/\/savio.it\/fr\/?s={search_term_string}"},"query-input":{"@type":"PropertyValueSpecification","valueRequired":true,"valueName":"search_term_string"}}],"inLanguage":"fr-FR"},{"@type":"Organization","@id":"https:\/\/savio.it\/fr\/#organization","name":"SAVIO","url":"https:\/\/savio.it\/fr\/","logo":{"@type":"ImageObject","inLanguage":"fr-FR","@id":"https:\/\/savio.it\/fr\/#\/schema\/logo\/image\/","url":"https:\/\/savio.it\/wp-content\/uploads\/2021\/09\/cropped-Savio-logo.png","contentUrl":"https:\/\/savio.it\/wp-content\/uploads\/2021\/09\/cropped-Savio-logo.png","width":243,"height":64,"caption":"SAVIO"},"image":{"@id":"https:\/\/savio.it\/fr\/#\/schema\/logo\/image\/"}}]}},"uagb_featured_image_src":{"full":["https:\/\/savio.it\/wp-content\/uploads\/2021\/09\/3040_710-3.jpg",229,229,false],"thumbnail":["https:\/\/savio.it\/wp-content\/uploads\/2021\/09\/3040_710-3-150x150.jpg",150,150,true],"medium":["https:\/\/savio.it\/wp-content\/uploads\/2021\/09\/3040_710-3.jpg",229,229,false],"medium_large":["https:\/\/savio.it\/wp-content\/uploads\/2021\/09\/3040_710-3.jpg",229,229,false],"large":["https:\/\/savio.it\/wp-content\/uploads\/2021\/09\/3040_710-3.jpg",229,229,false],"gs-tiny":["https:\/\/savio.it\/wp-content\/uploads\/2021\/09\/3040_710-3.jpg",50,50,false],"xl":["https:\/\/savio.it\/wp-content\/uploads\/2021\/09\/3040_710-3.jpg",229,229,false],"xxl":["https:\/\/savio.it\/wp-content\/uploads\/2021\/09\/3040_710-3.jpg",229,229,false],"xxxl":["https:\/\/savio.it\/wp-content\/uploads\/2021\/09\/3040_710-3.jpg",229,229,false],"xxxxl":["https:\/\/savio.it\/wp-content\/uploads\/2021\/09\/3040_710-3.jpg",229,229,false],"xxxxxl":["https:\/\/savio.it\/wp-content\/uploads\/2021\/09\/3040_710-3.jpg",229,229,false],"1536x1536":["https:\/\/savio.it\/wp-content\/uploads\/2021\/09\/3040_710-3.jpg",229,229,false],"2048x2048":["https:\/\/savio.it\/wp-content\/uploads\/2021\/09\/3040_710-3.jpg",229,229,false],"woocommerce_thumbnail":["https:\/\/savio.it\/wp-content\/uploads\/2021\/09\/3040_710-3.jpg",229,229,false],"woocommerce_single":["https:\/\/savio.it\/wp-content\/uploads\/2021\/09\/3040_710-3.jpg",229,229,false],"woocommerce_gallery_thumbnail":["https:\/\/savio.it\/wp-content\/uploads\/2021\/09\/3040_710-3-200x200.jpg",200,200,true]},"uagb_author_info":{"display_name":"admin_news","author_link":"https:\/\/savio.it\/fr\/author\/"},"uagb_comment_info":0,"uagb_excerpt":"(brev.) Kit de paumelles ambidextres \u00e0 clamer pour RIBANTA 4 (pour profils affleurants int\u00e9rieurs)","_links":{"self":[{"href":"https:\/\/savio.it\/fr\/wp-json\/wp\/v2\/product\/29469","targetHints":{"allow":["GET"]}}],"collection":[{"href":"https:\/\/savio.it\/fr\/wp-json\/wp\/v2\/product"}],"about":[{"href":"https:\/\/savio.it\/fr\/wp-json\/wp\/v2\/types\/product"}],"replies":[{"embeddable":true,"href":"https:\/\/savio.it\/fr\/wp-json\/wp\/v2\/comments?post=29469"}],"wp:featuredmedia":[{"embeddable":true,"href":"https:\/\/savio.it\/fr\/wp-json\/wp\/v2\/media\/18236"}],"wp:attachment":[{"href":"https:\/\/savio.it\/fr\/wp-json\/wp\/v2\/media?parent=29469"}],"wp:term":[{"taxonomy":"product_brand","embeddable":true,"href":"https:\/\/savio.it\/fr\/wp-json\/wp\/v2\/product_brand?post=29469"},{"taxonomy":"product_cat","embeddable":true,"href":"https:\/\/savio.it\/fr\/wp-json\/wp\/v2\/product_cat?post=29469"},{"taxonomy":"product_tag","embeddable":true,"href":"https:\/\/savio.it\/fr\/wp-json\/wp\/v2\/product_tag?post=29469"},{"taxonomy":"profilo","embeddable":true,"href":"https:\/\/savio.it\/fr\/wp-json\/wp\/v2\/profilo?post=29469"},{"taxonomy":"finiture","embeddable":true,"href":"https:\/\/savio.it\/fr\/wp-json\/wp\/v2\/finiture?post=29469"},{"taxonomy":"gruppo_anta","embeddable":true,"href":"https:\/\/savio.it\/fr\/wp-json\/wp\/v2\/gruppo_anta?post=29469"}],"curies":[{"name":"wp","href":"https:\/\/api.w.org\/{rel}","templated":true}]}}