{"id":29576,"date":"2021-09-30T12:42:36","date_gmt":"2021-10-01T14:42:04","guid":{"rendered":"https:\/\/savio.ne-ws.it\/prodotto\/3200-829\/"},"modified":"2026-03-28T03:46:52","modified_gmt":"2026-03-28T03:46:52","slug":"3200-829","status":"publish","type":"product","link":"https:\/\/savio.it\/fr\/prodotto\/3200-829\/","title":{"rendered":"3200.829"},"content":{"rendered":"<p>Kit paumelles pour vantail semi fixe, v\u00e9rins et contreplaques en acier inox 430 pr\u00e9-assembl\u00e9s, douilles en nylon noir, 4 vis \u00e0 t\u00eate frais\u00e9e \u00e0 six pans creux M5x16 et 2 vis \u00e0 t\u00eate frais\u00e9e bomb\u00e9e \u00e0 six pans creux M5x10 sp\u00e9ciales en acier inox 430, pr\u00e9-assembl\u00e9es. Port\u00e9e 80 Kg. En chaque bo\u00eete de 20 pz. il y a aussi 1 gabarit de positionnement en nylon noir, r\u00e9f. 3200.957.<\/p>\n","protected":false},"excerpt":{"rendered":"<p>Kit de paumelles pour le vantail associ\u00e9 (port\u00e9e 80 Kg)<\/p>\n","protected":false},"featured_media":125616,"comment_status":"closed","ping_status":"closed","template":"","meta":{"_acf_changed":false,"_uag_custom_page_level_css":""},"product_brand":[],"product_cat":[12589],"product_tag":[13128],"profilo":[12040,12393,12395,12398,12061,12062,12479,12480,12481,12411,12412,12104,12134,12111,12125,12139,12388,12389,12441,12445,12448,12451,12461,12453,12464,12456,12458,12320,12346,12321,12323,12347,12324,12345,12325,12348,11980,11982,11983,12417,12423,12425,12427,12429,12006,12095,12008,12010,12098,12011,12152,12164,12166,12154,12155,12180,12157,12182,12482,12483,12470,12468,12469,12014,12015,12016,12247,12266,12248,12249,12219,12186,12187,12196,12198,12218,12220,12199,12200,12201,12227,12202,12235,12236,12064,11974,12085,12372,12373,12088,12090,12086,12355,12357,12356,12358,12359,12364,12229,12044,12051,12052,12045,12046,12053,12246,12274,12276,12304,12293,12299,12297,12301,12311,12313,12314],"finiture":[12512,12523,12526,12532,12534,12543,12547,12552],"gruppo_anta":[2953,2954],"class_list":{"0":"post-29576","1":"product","2":"type-product","3":"status-publish","4":"has-post-thumbnail","6":"product_cat-anta-ribalta-e-accessori","7":"product_tag-updated","8":"profilo-allco-tec-72","9":"profilo-atlantis-45","10":"profilo-atlantis-55-tt","11":"profilo-atlantis-68-tt","12":"profilo-bga-50","13":"profilo-bga-50-arrotondato","14":"profilo-bronze-window","15":"profilo-calm-door","16":"profilo-calm-window","17":"profilo-cx-600","18":"profilo-cx-700","19":"profilo-domal-break-pa-52","20":"profilo-domal-bright-pa-70-s","21":"profilo-domal-stopper-pg","22":"profilo-domal-stopper-pg-63","23":"profilo-domal-top-tb-65","24":"profilo-ecowin-th-62","25":"profilo-ecowin-th-72","26":"profilo-ekos-50-sh","27":"profilo-ekos-50-th","28":"profilo-ekos-58-thm","29":"profilo-ekos-66-th","30":"profilo-ekos-68-thr","31":"profilo-ekos-75-th","32":"profilo-ekos-85-th","33":"profilo-ekos-minimall-54-th","34":"profilo-ekos-minimall-62-thj","35":"profilo-eku-40","36":"profilo-eku-52-tt","37":"profilo-eku-53","38":"profilo-eku-53-tt","39":"profilo-eku-62-tt","40":"profilo-eku-64-tt","41":"profilo-eku-66-tt","42":"profilo-eku-72-tt","43":"profilo-eku-78-tt","44":"profilo-esedra-ga-53","45":"profilo-esedra-tt-63","46":"profilo-esedra-tt-75","47":"profilo-et-45-sormonto","48":"profilo-et-58-2-tt","49":"profilo-et-67-3-tt","50":"profilo-et-68-2-tt","51":"profilo-et-75-3-tt","52":"profilo-export-45","53":"profilo-export-45-t","54":"profilo-export-45-tt","55":"profilo-export-50","56":"profilo-export-50-t","57":"profilo-export-50-tt","58":"profilo-gold-400","59":"profilo-gold-450","60":"profilo-gold-450-tt","61":"profilo-gold-490-tt","62":"profilo-gold-500","63":"profilo-gold-502-hc","64":"profilo-gold-600","65":"profilo-gold-600-hc","66":"profilo-golden-silver-door","67":"profilo-golden-silver-window","68":"profilo-hf-580","69":"profilo-hp-600","70":"profilo-hp-700","71":"profilo-k-45t","72":"profilo-k-64t","73":"profilo-k-70t","74":"profilo-maastricht-53","75":"profilo-maastricht-light","76":"profilo-maastricht-th-60","77":"profilo-maastricht-th-68","78":"profilo-metraltech","79":"profilo-mx-50","80":"profilo-mx-70","81":"profilo-nc-45-int","82":"profilo-nc-45-sth","83":"profilo-nc-50-i","84":"profilo-nc-50-sth","85":"profilo-nc-55-int","86":"profilo-nc-65-sth","87":"profilo-nc-68-sth","88":"profilo-nc-68-sth-s","89":"profilo-nc-72-sth","90":"profilo-nc-75-sth","91":"profilo-nc-75-sthi","92":"profilo-new-bt-60-tt","93":"profilo-planet-72-ht","94":"profilo-prestige-73-tt","95":"profilo-road-520-tt-ce","96":"profilo-road-600-tt-ce","97":"profilo-serie-8000","98":"profilo-serie-8000-tt","99":"profilo-slim-70-tt","100":"profilo-start-410","101":"profilo-start-470-tt","102":"profilo-start-510","103":"profilo-start-560-tt","104":"profilo-start-640-tt","105":"profilo-start-760-tt","106":"profilo-superblindo","107":"profilo-synthesis-45","108":"profilo-synthesis-52","109":"profilo-synthesis-52-tt","110":"profilo-synthesis-57","111":"profilo-synthesis-60-tt","112":"profilo-synthesis-68-tt","113":"profilo-venice-th16","114":"profilo-windstop-45","115":"profilo-windstop-45-tt","116":"profilo-windstop-45-tt-classic","117":"profilo-windstop-55-tt","118":"profilo-windstop-55-tt-classic","119":"profilo-windstop-65-tt","120":"profilo-windstop-65-tt-classic","121":"profilo-windstop-73-tt","122":"profilo-ws-65-thi","123":"profilo-ws-75-thi","124":"finiture-12512","125":"finiture-12523","126":"finiture-7035m","127":"finiture-12532","128":"finiture-12534","129":"finiture-b-sa","130":"finiture-bl25","131":"finiture-c","132":"gruppo_anta-2953","133":"gruppo_anta-2954","134":"description-off","136":"first","137":"onbackorder","138":"product-type-variable"},"acf":[],"yoast_head":"<!-- This site is optimized with the Yoast SEO plugin v27.2 - https:\/\/yoast.com\/product\/yoast-seo-wordpress\/ -->\n<title>3200.829<\/title>\n<meta name=\"description\" content=\"Kit de paumelles pour le vantail associ\u00e9 (port\u00e9e 80 Kg)\" \/>\n<meta name=\"robots\" content=\"index, follow, max-snippet:-1, max-image-preview:large, max-video-preview:-1\" \/>\n<link rel=\"canonical\" href=\"https:\/\/savio.it\/fr\/prodotto\/3200-829\/\" \/>\n<meta property=\"og:locale\" content=\"fr_FR\" \/>\n<meta property=\"og:type\" content=\"article\" \/>\n<meta property=\"og:title\" content=\"3200.829\" \/>\n<meta property=\"og:description\" content=\"Kit de paumelles pour le vantail associ\u00e9 (port\u00e9e 80 Kg)\" \/>\n<meta property=\"og:url\" content=\"https:\/\/savio.it\/fr\/prodotto\/3200-829\/\" \/>\n<meta property=\"og:site_name\" content=\"SAVIO\" \/>\n<meta property=\"article:modified_time\" content=\"2026-03-28T03:46:52+00:00\" \/>\n<meta property=\"og:image\" content=\"https:\/\/savio.it\/wp-content\/uploads\/2022\/05\/3200_829.jpg\" \/>\n\t<meta property=\"og:image:width\" content=\"1000\" \/>\n\t<meta property=\"og:image:height\" content=\"1000\" \/>\n\t<meta property=\"og:image:type\" content=\"image\/jpeg\" \/>\n<meta name=\"twitter:card\" content=\"summary_large_image\" \/>\n<meta name=\"twitter:label1\" content=\"Dur\u00e9e de lecture estim\u00e9e\" \/>\n\t<meta name=\"twitter:data1\" content=\"4 minutes\" \/>\n<script type=\"application\/ld+json\" class=\"yoast-schema-graph\">{\"@context\":\"https:\/\/schema.org\",\"@graph\":[{\"@type\":\"WebPage\",\"@id\":\"https:\/\/savio.it\/fr\/prodotto\/3200-829\/\",\"url\":\"https:\/\/savio.it\/fr\/prodotto\/3200-829\/\",\"name\":\"3200.829\",\"isPartOf\":{\"@id\":\"https:\/\/savio.it\/fr\/#website\"},\"primaryImageOfPage\":{\"@id\":\"https:\/\/savio.it\/fr\/prodotto\/3200-829\/#primaryimage\"},\"image\":{\"@id\":\"https:\/\/savio.it\/fr\/prodotto\/3200-829\/#primaryimage\"},\"thumbnailUrl\":\"https:\/\/savio.it\/wp-content\/uploads\/2022\/05\/3200_829.jpg\",\"datePublished\":\"2021-10-01T14:42:04+00:00\",\"dateModified\":\"2026-03-28T03:46:52+00:00\",\"description\":\"Kit de paumelles pour le vantail associ\u00e9 (port\u00e9e 80 Kg)\",\"breadcrumb\":{\"@id\":\"https:\/\/savio.it\/fr\/prodotto\/3200-829\/#breadcrumb\"},\"inLanguage\":\"fr-FR\",\"potentialAction\":[{\"@type\":\"ReadAction\",\"target\":[\"https:\/\/savio.it\/fr\/prodotto\/3200-829\/\"]}]},{\"@type\":\"ImageObject\",\"inLanguage\":\"fr-FR\",\"@id\":\"https:\/\/savio.it\/fr\/prodotto\/3200-829\/#primaryimage\",\"url\":\"https:\/\/savio.it\/wp-content\/uploads\/2022\/05\/3200_829.jpg\",\"contentUrl\":\"https:\/\/savio.it\/wp-content\/uploads\/2022\/05\/3200_829.jpg\",\"width\":1000,\"height\":1000},{\"@type\":\"BreadcrumbList\",\"@id\":\"https:\/\/savio.it\/fr\/prodotto\/3200-829\/#breadcrumb\",\"itemListElement\":[{\"@type\":\"ListItem\",\"position\":1,\"name\":\"Home\",\"item\":\"https:\/\/savio.it\/fr\/\"},{\"@type\":\"ListItem\",\"position\":2,\"name\":\"Produits\",\"item\":\"https:\/\/savio.it\/fr\/prodotti\/\"},{\"@type\":\"ListItem\",\"position\":3,\"name\":\"3200.829\"}]},{\"@type\":\"WebSite\",\"@id\":\"https:\/\/savio.it\/fr\/#website\",\"url\":\"https:\/\/savio.it\/fr\/\",\"name\":\"SAVIO\",\"description\":\"Open mind for closing system\",\"publisher\":{\"@id\":\"https:\/\/savio.it\/fr\/#organization\"},\"potentialAction\":[{\"@type\":\"SearchAction\",\"target\":{\"@type\":\"EntryPoint\",\"urlTemplate\":\"https:\/\/savio.it\/fr\/?s={search_term_string}\"},\"query-input\":{\"@type\":\"PropertyValueSpecification\",\"valueRequired\":true,\"valueName\":\"search_term_string\"}}],\"inLanguage\":\"fr-FR\"},{\"@type\":\"Organization\",\"@id\":\"https:\/\/savio.it\/fr\/#organization\",\"name\":\"SAVIO\",\"url\":\"https:\/\/savio.it\/fr\/\",\"logo\":{\"@type\":\"ImageObject\",\"inLanguage\":\"fr-FR\",\"@id\":\"https:\/\/savio.it\/fr\/#\/schema\/logo\/image\/\",\"url\":\"https:\/\/savio.it\/wp-content\/uploads\/2021\/09\/cropped-Savio-logo.png\",\"contentUrl\":\"https:\/\/savio.it\/wp-content\/uploads\/2021\/09\/cropped-Savio-logo.png\",\"width\":243,\"height\":64,\"caption\":\"SAVIO\"},\"image\":{\"@id\":\"https:\/\/savio.it\/fr\/#\/schema\/logo\/image\/\"}}]}<\/script>\n<!-- \/ Yoast SEO plugin. -->","yoast_head_json":{"title":"3200.829","description":"Kit de paumelles pour le vantail associ\u00e9 (port\u00e9e 80 Kg)","robots":{"index":"index","follow":"follow","max-snippet":"max-snippet:-1","max-image-preview":"max-image-preview:large","max-video-preview":"max-video-preview:-1"},"canonical":"https:\/\/savio.it\/fr\/prodotto\/3200-829\/","og_locale":"fr_FR","og_type":"article","og_title":"3200.829","og_description":"Kit de paumelles pour le vantail associ\u00e9 (port\u00e9e 80 Kg)","og_url":"https:\/\/savio.it\/fr\/prodotto\/3200-829\/","og_site_name":"SAVIO","article_modified_time":"2026-03-28T03:46:52+00:00","og_image":[{"width":1000,"height":1000,"url":"https:\/\/savio.it\/wp-content\/uploads\/2022\/05\/3200_829.jpg","type":"image\/jpeg"}],"twitter_card":"summary_large_image","twitter_misc":{"Dur\u00e9e de lecture estim\u00e9e":"4 minutes"},"schema":{"@context":"https:\/\/schema.org","@graph":[{"@type":"WebPage","@id":"https:\/\/savio.it\/fr\/prodotto\/3200-829\/","url":"https:\/\/savio.it\/fr\/prodotto\/3200-829\/","name":"3200.829","isPartOf":{"@id":"https:\/\/savio.it\/fr\/#website"},"primaryImageOfPage":{"@id":"https:\/\/savio.it\/fr\/prodotto\/3200-829\/#primaryimage"},"image":{"@id":"https:\/\/savio.it\/fr\/prodotto\/3200-829\/#primaryimage"},"thumbnailUrl":"https:\/\/savio.it\/wp-content\/uploads\/2022\/05\/3200_829.jpg","datePublished":"2021-10-01T14:42:04+00:00","dateModified":"2026-03-28T03:46:52+00:00","description":"Kit de paumelles pour le vantail associ\u00e9 (port\u00e9e 80 Kg)","breadcrumb":{"@id":"https:\/\/savio.it\/fr\/prodotto\/3200-829\/#breadcrumb"},"inLanguage":"fr-FR","potentialAction":[{"@type":"ReadAction","target":["https:\/\/savio.it\/fr\/prodotto\/3200-829\/"]}]},{"@type":"ImageObject","inLanguage":"fr-FR","@id":"https:\/\/savio.it\/fr\/prodotto\/3200-829\/#primaryimage","url":"https:\/\/savio.it\/wp-content\/uploads\/2022\/05\/3200_829.jpg","contentUrl":"https:\/\/savio.it\/wp-content\/uploads\/2022\/05\/3200_829.jpg","width":1000,"height":1000},{"@type":"BreadcrumbList","@id":"https:\/\/savio.it\/fr\/prodotto\/3200-829\/#breadcrumb","itemListElement":[{"@type":"ListItem","position":1,"name":"Home","item":"https:\/\/savio.it\/fr\/"},{"@type":"ListItem","position":2,"name":"Produits","item":"https:\/\/savio.it\/fr\/prodotti\/"},{"@type":"ListItem","position":3,"name":"3200.829"}]},{"@type":"WebSite","@id":"https:\/\/savio.it\/fr\/#website","url":"https:\/\/savio.it\/fr\/","name":"SAVIO","description":"Open mind for closing system","publisher":{"@id":"https:\/\/savio.it\/fr\/#organization"},"potentialAction":[{"@type":"SearchAction","target":{"@type":"EntryPoint","urlTemplate":"https:\/\/savio.it\/fr\/?s={search_term_string}"},"query-input":{"@type":"PropertyValueSpecification","valueRequired":true,"valueName":"search_term_string"}}],"inLanguage":"fr-FR"},{"@type":"Organization","@id":"https:\/\/savio.it\/fr\/#organization","name":"SAVIO","url":"https:\/\/savio.it\/fr\/","logo":{"@type":"ImageObject","inLanguage":"fr-FR","@id":"https:\/\/savio.it\/fr\/#\/schema\/logo\/image\/","url":"https:\/\/savio.it\/wp-content\/uploads\/2021\/09\/cropped-Savio-logo.png","contentUrl":"https:\/\/savio.it\/wp-content\/uploads\/2021\/09\/cropped-Savio-logo.png","width":243,"height":64,"caption":"SAVIO"},"image":{"@id":"https:\/\/savio.it\/fr\/#\/schema\/logo\/image\/"}}]}},"uagb_featured_image_src":{"full":["https:\/\/savio.it\/wp-content\/uploads\/2022\/05\/3200_829.jpg",1000,1000,false],"thumbnail":["https:\/\/savio.it\/wp-content\/uploads\/2022\/05\/3200_829-150x150.jpg",150,150,true],"medium":["https:\/\/savio.it\/wp-content\/uploads\/2022\/05\/3200_829-300x300.jpg",300,300,true],"medium_large":["https:\/\/savio.it\/wp-content\/uploads\/2022\/05\/3200_829-768x768.jpg",768,768,true],"large":["https:\/\/savio.it\/wp-content\/uploads\/2022\/05\/3200_829.jpg",1000,1000,false],"gs-tiny":["https:\/\/savio.it\/wp-content\/uploads\/2022\/05\/3200_829-50x50.jpg",50,50,true],"xl":["https:\/\/savio.it\/wp-content\/uploads\/2022\/05\/3200_829.jpg",1000,1000,false],"xxl":["https:\/\/savio.it\/wp-content\/uploads\/2022\/05\/3200_829.jpg",1000,1000,false],"xxxl":["https:\/\/savio.it\/wp-content\/uploads\/2022\/05\/3200_829.jpg",1000,1000,false],"xxxxl":["https:\/\/savio.it\/wp-content\/uploads\/2022\/05\/3200_829.jpg",1000,1000,false],"xxxxxl":["https:\/\/savio.it\/wp-content\/uploads\/2022\/05\/3200_829.jpg",1000,1000,false],"1536x1536":["https:\/\/savio.it\/wp-content\/uploads\/2022\/05\/3200_829.jpg",1000,1000,false],"2048x2048":["https:\/\/savio.it\/wp-content\/uploads\/2022\/05\/3200_829.jpg",1000,1000,false],"woocommerce_thumbnail":["https:\/\/savio.it\/wp-content\/uploads\/2022\/05\/3200_829-300x300.jpg",300,300,true],"woocommerce_single":["https:\/\/savio.it\/wp-content\/uploads\/2022\/05\/3200_829-600x600.jpg",600,600,true],"woocommerce_gallery_thumbnail":["https:\/\/savio.it\/wp-content\/uploads\/2022\/05\/3200_829-200x200.jpg",200,200,true]},"uagb_author_info":{"display_name":"admin_news","author_link":"https:\/\/savio.it\/fr\/author\/"},"uagb_comment_info":0,"uagb_excerpt":"Kit de paumelles pour le vantail associ\u00e9 (port\u00e9e 80 Kg)","_links":{"self":[{"href":"https:\/\/savio.it\/fr\/wp-json\/wp\/v2\/product\/29576","targetHints":{"allow":["GET"]}}],"collection":[{"href":"https:\/\/savio.it\/fr\/wp-json\/wp\/v2\/product"}],"about":[{"href":"https:\/\/savio.it\/fr\/wp-json\/wp\/v2\/types\/product"}],"replies":[{"embeddable":true,"href":"https:\/\/savio.it\/fr\/wp-json\/wp\/v2\/comments?post=29576"}],"wp:featuredmedia":[{"embeddable":true,"href":"https:\/\/savio.it\/fr\/wp-json\/wp\/v2\/media\/125616"}],"wp:attachment":[{"href":"https:\/\/savio.it\/fr\/wp-json\/wp\/v2\/media?parent=29576"}],"wp:term":[{"taxonomy":"product_brand","embeddable":true,"href":"https:\/\/savio.it\/fr\/wp-json\/wp\/v2\/product_brand?post=29576"},{"taxonomy":"product_cat","embeddable":true,"href":"https:\/\/savio.it\/fr\/wp-json\/wp\/v2\/product_cat?post=29576"},{"taxonomy":"product_tag","embeddable":true,"href":"https:\/\/savio.it\/fr\/wp-json\/wp\/v2\/product_tag?post=29576"},{"taxonomy":"profilo","embeddable":true,"href":"https:\/\/savio.it\/fr\/wp-json\/wp\/v2\/profilo?post=29576"},{"taxonomy":"finiture","embeddable":true,"href":"https:\/\/savio.it\/fr\/wp-json\/wp\/v2\/finiture?post=29576"},{"taxonomy":"gruppo_anta","embeddable":true,"href":"https:\/\/savio.it\/fr\/wp-json\/wp\/v2\/gruppo_anta?post=29576"}],"curies":[{"name":"wp","href":"https:\/\/api.w.org\/{rel}","templated":true}]}}