{"id":29586,"date":"2021-09-30T12:42:36","date_gmt":"2021-10-01T14:42:14","guid":{"rendered":"https:\/\/savio.ne-ws.it\/prodotto\/3200-840r\/"},"modified":"2026-01-17T04:01:52","modified_gmt":"2026-01-17T04:01:52","slug":"3200-840r","status":"publish","type":"product","link":"https:\/\/savio.it\/fr\/prodotto\/3200-840r\/","title":{"rendered":"3200.840R"},"content":{"rendered":"<p>(brevet\u00e9) Compas de renfort r\u00e9glable, droit, pour paumelle, en zamak zingu\u00e9 blanc et acier inox 201, vis en acier inox 304 pr\u00e9mont\u00e9es.\u00a0<\/p>\n","protected":false},"excerpt":{"rendered":"<p>(brev.) Compas renfort r\u00e9glable sup\u00e9rieur droite pour la paumelle du deuxi\u00e8me vantail<\/p>\n","protected":false},"featured_media":125607,"comment_status":"closed","ping_status":"closed","template":"","meta":{"_acf_changed":false,"_uag_custom_page_level_css":""},"product_brand":[],"product_cat":[12589],"product_tag":[13128],"profilo":[11995,11996,12040,12393,12395,12398,12061,12062,12479,12480,12481,12411,12412,12104,12134,12136,12137,12138,12111,12125,12139,12140,12388,12389,12267,12441,12442,12445,12446,12448,12449,12451,12452,12461,12462,12453,12464,12465,12456,12458,12320,12346,12321,12323,12347,12324,12345,12325,12348,11980,11982,11983,12417,12416,12423,12424,12425,12426,12427,12428,12429,12430,12006,12095,12008,12010,12098,12011,12035,12036,12034,12038,12152,12164,12166,12154,12155,12180,12157,12182,12482,12483,12470,12468,12469,12014,12015,12016,12247,12266,12248,12249,12219,12186,12187,12196,12198,12218,12228,12220,12230,12199,12200,12201,12227,12202,12235,12236,12064,11970,11971,11969,11968,11972,11973,11974,12169,12170,12173,12172,12174,12171,12175,12177,12178,12085,12372,12373,12088,12090,12086,12355,12357,12356,12358,12359,12364,12229,12044,12051,12052,12045,12046,12053,12246,12435,12436,12274,12276,12304,12293,12299,12297,12301,12311,12313,12314],"finiture":[],"gruppo_anta":[2953,2954,2955],"class_list":{"0":"post-29586","1":"product","2":"type-product","3":"status-publish","4":"has-post-thumbnail","6":"product_cat-anta-ribalta-e-accessori","7":"product_tag-updated","8":"profilo-alfil-a54rpt","9":"profilo-alfil-a65rpt","10":"profilo-allco-tec-72","11":"profilo-atlantis-45","12":"profilo-atlantis-55-tt","13":"profilo-atlantis-68-tt","14":"profilo-bga-50","15":"profilo-bga-50-arrotondato","16":"profilo-bronze-window","17":"profilo-calm-door","18":"profilo-calm-window","19":"profilo-cx-600","20":"profilo-cx-700","21":"profilo-domal-break-pa-52","22":"profilo-domal-bright-pa-70-s","23":"profilo-domal-extratermic-62","24":"profilo-domal-extratermic-62-raggiato","25":"profilo-domal-extratermic-62-sfera","26":"profilo-domal-stopper-pg","27":"profilo-domal-stopper-pg-63","28":"profilo-domal-top-tb-65","29":"profilo-domal-top-tb-65-raggiato","30":"profilo-ecowin-th-62","31":"profilo-ecowin-th-72","32":"profilo-ekip-th-83","33":"profilo-ekos-50-sh","34":"profilo-ekos-50-sh-raggiato","35":"profilo-ekos-50-th","36":"profilo-ekos-50-th-raggiato","37":"profilo-ekos-58-thm","38":"profilo-ekos-58-thm-raggiato","39":"profilo-ekos-66-th","40":"profilo-ekos-66-th-raggiato","41":"profilo-ekos-68-thr","42":"profilo-ekos-68-thr-raggiato","43":"profilo-ekos-75-th","44":"profilo-ekos-85-th","45":"profilo-ekos-85-th-raggiato","46":"profilo-ekos-minimall-54-th","47":"profilo-ekos-minimall-62-thj","48":"profilo-eku-40","49":"profilo-eku-52-tt","50":"profilo-eku-53","51":"profilo-eku-53-tt","52":"profilo-eku-62-tt","53":"profilo-eku-64-tt","54":"profilo-eku-66-tt","55":"profilo-eku-72-tt","56":"profilo-eku-78-tt","57":"profilo-esedra-ga-53","58":"profilo-esedra-tt-63","59":"profilo-esedra-tt-75","60":"profilo-et-45-sormonto","61":"profilo-et-45-sormonto-raggiato","62":"profilo-et-58-2-tt","63":"profilo-et-58-2-tt-raggiato","64":"profilo-et-67-3-tt","65":"profilo-et-67-3-tt-raggiato","66":"profilo-et-68-2-tt","67":"profilo-et-68-2-tt-raggiato","68":"profilo-et-75-3-tt","69":"profilo-et-75-3-tt-raggiato","70":"profilo-export-45","71":"profilo-export-45-t","72":"profilo-export-45-tt","73":"profilo-export-50","74":"profilo-export-50-t","75":"profilo-export-50-tt","76":"profilo-export-51-tt","77":"profilo-export-51-tt-raggiato","78":"profilo-export-68-tt","79":"profilo-export-68-tt-raggiato","80":"profilo-gold-400","81":"profilo-gold-450","82":"profilo-gold-450-tt","83":"profilo-gold-490-tt","84":"profilo-gold-500","85":"profilo-gold-502-hc","86":"profilo-gold-600","87":"profilo-gold-600-hc","88":"profilo-golden-silver-door","89":"profilo-golden-silver-window","90":"profilo-hf-580","91":"profilo-hp-600","92":"profilo-hp-700","93":"profilo-k-45t","94":"profilo-k-64t","95":"profilo-k-70t","96":"profilo-maastricht-53","97":"profilo-maastricht-light","98":"profilo-maastricht-th-60","99":"profilo-maastricht-th-68","100":"profilo-metraltech","101":"profilo-mx-50","102":"profilo-mx-70","103":"profilo-nc-45-int","104":"profilo-nc-45-sth","105":"profilo-nc-50-i","106":"profilo-nc-50-i-raggiato","107":"profilo-nc-50-sth","108":"profilo-nc-50-sth-raggiato","109":"profilo-nc-55-int","110":"profilo-nc-65-sth","111":"profilo-nc-68-sth","112":"profilo-nc-68-sth-s","113":"profilo-nc-72-sth","114":"profilo-nc-75-sth","115":"profilo-nc-75-sthi","116":"profilo-new-bt-60-tt","117":"profilo-planet-45","118":"profilo-planet-45-raggiato","119":"profilo-planet-50-raggiato","120":"profilo-planet-50-tt","121":"profilo-planet-62-tt","122":"profilo-planet-62-tt-raggiato","123":"profilo-planet-72-ht","124":"profilo-plathina-60-antares","125":"profilo-plathina-60-classica","126":"profilo-plathina-60-flat-antares","127":"profilo-plathina-60-flat-classica","128":"profilo-plathina-60-flat-rustica","129":"profilo-plathina-60-rustica","130":"profilo-plathina-69-classica","131":"profilo-plathina-69-flat-classica","132":"profilo-plathina-75-classica","133":"profilo-prestige-73-tt","134":"profilo-road-520-tt-ce","135":"profilo-road-600-tt-ce","136":"profilo-serie-8000","137":"profilo-serie-8000-tt","138":"profilo-slim-70-tt","139":"profilo-start-410","140":"profilo-start-470-tt","141":"profilo-start-510","142":"profilo-start-560-tt","143":"profilo-start-640-tt","144":"profilo-start-760-tt","145":"profilo-superblindo","146":"profilo-synthesis-45","147":"profilo-synthesis-52","148":"profilo-synthesis-52-tt","149":"profilo-synthesis-57","150":"profilo-synthesis-60-tt","151":"profilo-synthesis-68-tt","152":"profilo-venice-th16","153":"profilo-vuerre-53-tt","154":"profilo-vuerre-70-tt","155":"profilo-windstop-45","156":"profilo-windstop-45-tt","157":"profilo-windstop-45-tt-classic","158":"profilo-windstop-55-tt","159":"profilo-windstop-55-tt-classic","160":"profilo-windstop-65-tt","161":"profilo-windstop-65-tt-classic","162":"profilo-windstop-73-tt","163":"profilo-ws-65-thi","164":"profilo-ws-75-thi","165":"gruppo_anta-2953","166":"gruppo_anta-2954","167":"gruppo_anta-2955","168":"description-off","170":"first","171":"onbackorder","172":"product-type-simple"},"acf":[],"yoast_head":"<!-- This site is optimized with the Yoast SEO plugin v27.2 - https:\/\/yoast.com\/product\/yoast-seo-wordpress\/ -->\n<title>3200.840R<\/title>\n<meta name=\"description\" content=\"(brev.) Compas renfort r\u00e9glable sup\u00e9rieur droite pour la paumelle du deuxi\u00e8me vantail\" \/>\n<meta name=\"robots\" content=\"index, follow, max-snippet:-1, max-image-preview:large, max-video-preview:-1\" \/>\n<link rel=\"canonical\" href=\"https:\/\/savio.it\/fr\/prodotto\/3200-840r\/\" \/>\n<meta property=\"og:locale\" content=\"fr_FR\" \/>\n<meta property=\"og:type\" content=\"article\" \/>\n<meta property=\"og:title\" content=\"3200.840R\" \/>\n<meta property=\"og:description\" content=\"(brev.) Compas renfort r\u00e9glable sup\u00e9rieur droite pour la paumelle du deuxi\u00e8me vantail\" \/>\n<meta property=\"og:url\" content=\"https:\/\/savio.it\/fr\/prodotto\/3200-840r\/\" \/>\n<meta property=\"og:site_name\" content=\"SAVIO\" \/>\n<meta property=\"article:modified_time\" content=\"2026-01-17T04:01:52+00:00\" \/>\n<meta property=\"og:image\" content=\"https:\/\/savio.it\/wp-content\/uploads\/2022\/06\/3200_840R.jpg\" \/>\n\t<meta property=\"og:image:width\" content=\"1000\" \/>\n\t<meta property=\"og:image:height\" content=\"1000\" \/>\n\t<meta property=\"og:image:type\" content=\"image\/jpeg\" \/>\n<meta name=\"twitter:card\" content=\"summary_large_image\" \/>\n<meta name=\"twitter:label1\" content=\"Dur\u00e9e de lecture estim\u00e9e\" \/>\n\t<meta name=\"twitter:data1\" content=\"4 minutes\" \/>\n<script type=\"application\/ld+json\" class=\"yoast-schema-graph\">{\"@context\":\"https:\/\/schema.org\",\"@graph\":[{\"@type\":\"WebPage\",\"@id\":\"https:\/\/savio.it\/fr\/prodotto\/3200-840r\/\",\"url\":\"https:\/\/savio.it\/fr\/prodotto\/3200-840r\/\",\"name\":\"3200.840R\",\"isPartOf\":{\"@id\":\"https:\/\/savio.it\/fr\/#website\"},\"primaryImageOfPage\":{\"@id\":\"https:\/\/savio.it\/fr\/prodotto\/3200-840r\/#primaryimage\"},\"image\":{\"@id\":\"https:\/\/savio.it\/fr\/prodotto\/3200-840r\/#primaryimage\"},\"thumbnailUrl\":\"https:\/\/savio.it\/wp-content\/uploads\/2022\/06\/3200_840R.jpg\",\"datePublished\":\"2021-10-01T14:42:14+00:00\",\"dateModified\":\"2026-01-17T04:01:52+00:00\",\"description\":\"(brev.) Compas renfort r\u00e9glable sup\u00e9rieur droite pour la paumelle du deuxi\u00e8me vantail\",\"breadcrumb\":{\"@id\":\"https:\/\/savio.it\/fr\/prodotto\/3200-840r\/#breadcrumb\"},\"inLanguage\":\"fr-FR\",\"potentialAction\":[{\"@type\":\"ReadAction\",\"target\":[\"https:\/\/savio.it\/fr\/prodotto\/3200-840r\/\"]}]},{\"@type\":\"ImageObject\",\"inLanguage\":\"fr-FR\",\"@id\":\"https:\/\/savio.it\/fr\/prodotto\/3200-840r\/#primaryimage\",\"url\":\"https:\/\/savio.it\/wp-content\/uploads\/2022\/06\/3200_840R.jpg\",\"contentUrl\":\"https:\/\/savio.it\/wp-content\/uploads\/2022\/06\/3200_840R.jpg\",\"width\":1000,\"height\":1000},{\"@type\":\"BreadcrumbList\",\"@id\":\"https:\/\/savio.it\/fr\/prodotto\/3200-840r\/#breadcrumb\",\"itemListElement\":[{\"@type\":\"ListItem\",\"position\":1,\"name\":\"Home\",\"item\":\"https:\/\/savio.it\/fr\/\"},{\"@type\":\"ListItem\",\"position\":2,\"name\":\"Produits\",\"item\":\"https:\/\/savio.it\/fr\/prodotti\/\"},{\"@type\":\"ListItem\",\"position\":3,\"name\":\"3200.840R\"}]},{\"@type\":\"WebSite\",\"@id\":\"https:\/\/savio.it\/fr\/#website\",\"url\":\"https:\/\/savio.it\/fr\/\",\"name\":\"SAVIO\",\"description\":\"Open mind for closing system\",\"publisher\":{\"@id\":\"https:\/\/savio.it\/fr\/#organization\"},\"potentialAction\":[{\"@type\":\"SearchAction\",\"target\":{\"@type\":\"EntryPoint\",\"urlTemplate\":\"https:\/\/savio.it\/fr\/?s={search_term_string}\"},\"query-input\":{\"@type\":\"PropertyValueSpecification\",\"valueRequired\":true,\"valueName\":\"search_term_string\"}}],\"inLanguage\":\"fr-FR\"},{\"@type\":\"Organization\",\"@id\":\"https:\/\/savio.it\/fr\/#organization\",\"name\":\"SAVIO\",\"url\":\"https:\/\/savio.it\/fr\/\",\"logo\":{\"@type\":\"ImageObject\",\"inLanguage\":\"fr-FR\",\"@id\":\"https:\/\/savio.it\/fr\/#\/schema\/logo\/image\/\",\"url\":\"https:\/\/savio.it\/wp-content\/uploads\/2021\/09\/cropped-Savio-logo.png\",\"contentUrl\":\"https:\/\/savio.it\/wp-content\/uploads\/2021\/09\/cropped-Savio-logo.png\",\"width\":243,\"height\":64,\"caption\":\"SAVIO\"},\"image\":{\"@id\":\"https:\/\/savio.it\/fr\/#\/schema\/logo\/image\/\"}}]}<\/script>\n<!-- \/ Yoast SEO plugin. -->","yoast_head_json":{"title":"3200.840R","description":"(brev.) Compas renfort r\u00e9glable sup\u00e9rieur droite pour la paumelle du deuxi\u00e8me vantail","robots":{"index":"index","follow":"follow","max-snippet":"max-snippet:-1","max-image-preview":"max-image-preview:large","max-video-preview":"max-video-preview:-1"},"canonical":"https:\/\/savio.it\/fr\/prodotto\/3200-840r\/","og_locale":"fr_FR","og_type":"article","og_title":"3200.840R","og_description":"(brev.) Compas renfort r\u00e9glable sup\u00e9rieur droite pour la paumelle du deuxi\u00e8me vantail","og_url":"https:\/\/savio.it\/fr\/prodotto\/3200-840r\/","og_site_name":"SAVIO","article_modified_time":"2026-01-17T04:01:52+00:00","og_image":[{"width":1000,"height":1000,"url":"https:\/\/savio.it\/wp-content\/uploads\/2022\/06\/3200_840R.jpg","type":"image\/jpeg"}],"twitter_card":"summary_large_image","twitter_misc":{"Dur\u00e9e de lecture estim\u00e9e":"4 minutes"},"schema":{"@context":"https:\/\/schema.org","@graph":[{"@type":"WebPage","@id":"https:\/\/savio.it\/fr\/prodotto\/3200-840r\/","url":"https:\/\/savio.it\/fr\/prodotto\/3200-840r\/","name":"3200.840R","isPartOf":{"@id":"https:\/\/savio.it\/fr\/#website"},"primaryImageOfPage":{"@id":"https:\/\/savio.it\/fr\/prodotto\/3200-840r\/#primaryimage"},"image":{"@id":"https:\/\/savio.it\/fr\/prodotto\/3200-840r\/#primaryimage"},"thumbnailUrl":"https:\/\/savio.it\/wp-content\/uploads\/2022\/06\/3200_840R.jpg","datePublished":"2021-10-01T14:42:14+00:00","dateModified":"2026-01-17T04:01:52+00:00","description":"(brev.) Compas renfort r\u00e9glable sup\u00e9rieur droite pour la paumelle du deuxi\u00e8me vantail","breadcrumb":{"@id":"https:\/\/savio.it\/fr\/prodotto\/3200-840r\/#breadcrumb"},"inLanguage":"fr-FR","potentialAction":[{"@type":"ReadAction","target":["https:\/\/savio.it\/fr\/prodotto\/3200-840r\/"]}]},{"@type":"ImageObject","inLanguage":"fr-FR","@id":"https:\/\/savio.it\/fr\/prodotto\/3200-840r\/#primaryimage","url":"https:\/\/savio.it\/wp-content\/uploads\/2022\/06\/3200_840R.jpg","contentUrl":"https:\/\/savio.it\/wp-content\/uploads\/2022\/06\/3200_840R.jpg","width":1000,"height":1000},{"@type":"BreadcrumbList","@id":"https:\/\/savio.it\/fr\/prodotto\/3200-840r\/#breadcrumb","itemListElement":[{"@type":"ListItem","position":1,"name":"Home","item":"https:\/\/savio.it\/fr\/"},{"@type":"ListItem","position":2,"name":"Produits","item":"https:\/\/savio.it\/fr\/prodotti\/"},{"@type":"ListItem","position":3,"name":"3200.840R"}]},{"@type":"WebSite","@id":"https:\/\/savio.it\/fr\/#website","url":"https:\/\/savio.it\/fr\/","name":"SAVIO","description":"Open mind for closing system","publisher":{"@id":"https:\/\/savio.it\/fr\/#organization"},"potentialAction":[{"@type":"SearchAction","target":{"@type":"EntryPoint","urlTemplate":"https:\/\/savio.it\/fr\/?s={search_term_string}"},"query-input":{"@type":"PropertyValueSpecification","valueRequired":true,"valueName":"search_term_string"}}],"inLanguage":"fr-FR"},{"@type":"Organization","@id":"https:\/\/savio.it\/fr\/#organization","name":"SAVIO","url":"https:\/\/savio.it\/fr\/","logo":{"@type":"ImageObject","inLanguage":"fr-FR","@id":"https:\/\/savio.it\/fr\/#\/schema\/logo\/image\/","url":"https:\/\/savio.it\/wp-content\/uploads\/2021\/09\/cropped-Savio-logo.png","contentUrl":"https:\/\/savio.it\/wp-content\/uploads\/2021\/09\/cropped-Savio-logo.png","width":243,"height":64,"caption":"SAVIO"},"image":{"@id":"https:\/\/savio.it\/fr\/#\/schema\/logo\/image\/"}}]}},"uagb_featured_image_src":{"full":["https:\/\/savio.it\/wp-content\/uploads\/2022\/06\/3200_840R.jpg",1000,1000,false],"thumbnail":["https:\/\/savio.it\/wp-content\/uploads\/2022\/06\/3200_840R-150x150.jpg",150,150,true],"medium":["https:\/\/savio.it\/wp-content\/uploads\/2022\/06\/3200_840R-300x300.jpg",300,300,true],"medium_large":["https:\/\/savio.it\/wp-content\/uploads\/2022\/06\/3200_840R-768x768.jpg",768,768,true],"large":["https:\/\/savio.it\/wp-content\/uploads\/2022\/06\/3200_840R.jpg",1000,1000,false],"gs-tiny":["https:\/\/savio.it\/wp-content\/uploads\/2022\/06\/3200_840R.jpg",50,50,false],"xl":["https:\/\/savio.it\/wp-content\/uploads\/2022\/06\/3200_840R.jpg",1000,1000,false],"xxl":["https:\/\/savio.it\/wp-content\/uploads\/2022\/06\/3200_840R.jpg",1000,1000,false],"xxxl":["https:\/\/savio.it\/wp-content\/uploads\/2022\/06\/3200_840R.jpg",1000,1000,false],"xxxxl":["https:\/\/savio.it\/wp-content\/uploads\/2022\/06\/3200_840R.jpg",1000,1000,false],"xxxxxl":["https:\/\/savio.it\/wp-content\/uploads\/2022\/06\/3200_840R.jpg",1000,1000,false],"1536x1536":["https:\/\/savio.it\/wp-content\/uploads\/2022\/06\/3200_840R.jpg",1000,1000,false],"2048x2048":["https:\/\/savio.it\/wp-content\/uploads\/2022\/06\/3200_840R.jpg",1000,1000,false],"woocommerce_thumbnail":["https:\/\/savio.it\/wp-content\/uploads\/2022\/06\/3200_840R-300x300.jpg",300,300,true],"woocommerce_single":["https:\/\/savio.it\/wp-content\/uploads\/2022\/06\/3200_840R-600x600.jpg",600,600,true],"woocommerce_gallery_thumbnail":["https:\/\/savio.it\/wp-content\/uploads\/2022\/06\/3200_840R-200x200.jpg",200,200,true]},"uagb_author_info":{"display_name":"admin_news","author_link":"https:\/\/savio.it\/fr\/author\/"},"uagb_comment_info":0,"uagb_excerpt":"(brev.) Compas renfort r\u00e9glable sup\u00e9rieur droite pour la paumelle du deuxi\u00e8me vantail","_links":{"self":[{"href":"https:\/\/savio.it\/fr\/wp-json\/wp\/v2\/product\/29586","targetHints":{"allow":["GET"]}}],"collection":[{"href":"https:\/\/savio.it\/fr\/wp-json\/wp\/v2\/product"}],"about":[{"href":"https:\/\/savio.it\/fr\/wp-json\/wp\/v2\/types\/product"}],"replies":[{"embeddable":true,"href":"https:\/\/savio.it\/fr\/wp-json\/wp\/v2\/comments?post=29586"}],"wp:featuredmedia":[{"embeddable":true,"href":"https:\/\/savio.it\/fr\/wp-json\/wp\/v2\/media\/125607"}],"wp:attachment":[{"href":"https:\/\/savio.it\/fr\/wp-json\/wp\/v2\/media?parent=29586"}],"wp:term":[{"taxonomy":"product_brand","embeddable":true,"href":"https:\/\/savio.it\/fr\/wp-json\/wp\/v2\/product_brand?post=29586"},{"taxonomy":"product_cat","embeddable":true,"href":"https:\/\/savio.it\/fr\/wp-json\/wp\/v2\/product_cat?post=29586"},{"taxonomy":"product_tag","embeddable":true,"href":"https:\/\/savio.it\/fr\/wp-json\/wp\/v2\/product_tag?post=29586"},{"taxonomy":"profilo","embeddable":true,"href":"https:\/\/savio.it\/fr\/wp-json\/wp\/v2\/profilo?post=29586"},{"taxonomy":"finiture","embeddable":true,"href":"https:\/\/savio.it\/fr\/wp-json\/wp\/v2\/finiture?post=29586"},{"taxonomy":"gruppo_anta","embeddable":true,"href":"https:\/\/savio.it\/fr\/wp-json\/wp\/v2\/gruppo_anta?post=29586"}],"curies":[{"name":"wp","href":"https:\/\/api.w.org\/{rel}","templated":true}]}}