{"id":29785,"date":"2021-09-30T12:45:37","date_gmt":"2021-09-30T12:45:37","guid":{"rendered":"https:\/\/savio.ne-ws.it\/prodotto\/juvarra-6010-2-1200\/"},"modified":"2026-04-14T03:48:29","modified_gmt":"2026-04-14T03:48:29","slug":"juvarra-6010-2-1200","status":"publish","type":"product","link":"https:\/\/savio.it\/fr\/prodotto\/juvarra-6010-2-1200\/","title":{"rendered":"JUVARRA &#8211; 6010.2\/1200"},"content":{"rendered":"<p>(Brevet\u00e9) Barre antipanique verticale ambidextre \u00e0 2 points de fermeture, version \u00e0 levier, en zamak et acier zingu\u00e9. Compl\u00e8te avec : 3 contreplaques de fixation en acier zingu\u00e9 et 1 contreplaque de fixation en nylon, barre de 1200 mm et 1 g\u00e2che en acier peint, 1 g\u00e2che au sol en acier inoxydable, 1 insert en nylon noir, 1 tringle sup\u00e9rieure et 1 tringle inf\u00e9rieure en aluminium, 1 capot de 1449 mm et 1 capot de 1037 mm en aluminium peint, 2 passages r\u00e9glables en zamak zingu\u00e9 noir, 2 vis TS \u00d8 4,2&#215;16, 10 vis TS \u00d8 4,2&#215;13, 4 vis TC \u00d8 4,2&#215;13, 2 vis TC \u00d8 4,2&#215;19, 2 vis TC 4,8&#215;13, 2 vis TS M5x6 et 14 vis TS M4x5 en acier zingu\u00e9. Pour portes avec un passage utile d\u2019une largeur de 800 \u00e0 1240 mm et une hauteur maximale de 2450 mm.   <\/p>\n","protected":false},"excerpt":{"rendered":"<p>(brev.) Barre antipanique verticale ambidextre \u00e0 2 points de fermeture, version \u00e0 levier.<\/p>\n","protected":false},"featured_media":122848,"comment_status":"closed","ping_status":"closed","template":"","meta":{"_acf_changed":false,"_uag_custom_page_level_css":""},"product_brand":[],"product_cat":[],"product_tag":[],"profilo":[],"finiture":[],"gruppo_anta":[],"class_list":{"0":"post-29785","1":"product","2":"type-product","3":"status-publish","4":"has-post-thumbnail","6":"description-off","8":"first","9":"onbackorder","10":"product-type-variable"},"acf":[],"yoast_head":"<!-- This site is optimized with the Yoast SEO plugin v27.2 - https:\/\/yoast.com\/product\/yoast-seo-wordpress\/ -->\n<title>JUVARRA - 6010.2\/1200<\/title>\n<meta name=\"robots\" content=\"index, follow, max-snippet:-1, max-image-preview:large, max-video-preview:-1\" \/>\n<link rel=\"canonical\" href=\"https:\/\/savio.it\/fr\/prodotto\/juvarra-6010-2-1200\/\" \/>\n<meta property=\"og:locale\" content=\"fr_FR\" \/>\n<meta property=\"og:type\" content=\"article\" \/>\n<meta property=\"og:title\" content=\"JUVARRA - 6010.2\/1200\" \/>\n<meta property=\"og:description\" content=\"(brev.) Barre antipanique verticale ambidextre \u00e0 2 points de fermeture, version \u00e0 levier.\" \/>\n<meta property=\"og:url\" content=\"https:\/\/savio.it\/fr\/prodotto\/juvarra-6010-2-1200\/\" \/>\n<meta property=\"og:site_name\" content=\"SAVIO\" \/>\n<meta property=\"article:modified_time\" content=\"2026-04-14T03:48:29+00:00\" \/>\n<meta property=\"og:image\" content=\"https:\/\/savio.it\/wp-content\/uploads\/2022\/06\/6010_2.jpg\" \/>\n\t<meta property=\"og:image:width\" content=\"1000\" \/>\n\t<meta property=\"og:image:height\" content=\"1000\" \/>\n\t<meta property=\"og:image:type\" content=\"image\/jpeg\" \/>\n<meta name=\"twitter:card\" content=\"summary_large_image\" \/>\n<meta name=\"twitter:label1\" content=\"Dur\u00e9e de lecture estim\u00e9e\" \/>\n\t<meta name=\"twitter:data1\" content=\"1 minute\" \/>\n<script type=\"application\/ld+json\" class=\"yoast-schema-graph\">{\"@context\":\"https:\/\/schema.org\",\"@graph\":[{\"@type\":\"WebPage\",\"@id\":\"https:\/\/savio.it\/fr\/prodotto\/juvarra-6010-2-1200\/\",\"url\":\"https:\/\/savio.it\/fr\/prodotto\/juvarra-6010-2-1200\/\",\"name\":\"JUVARRA - 6010.2\/1200\",\"isPartOf\":{\"@id\":\"https:\/\/savio.it\/fr\/#website\"},\"primaryImageOfPage\":{\"@id\":\"https:\/\/savio.it\/fr\/prodotto\/juvarra-6010-2-1200\/#primaryimage\"},\"image\":{\"@id\":\"https:\/\/savio.it\/fr\/prodotto\/juvarra-6010-2-1200\/#primaryimage\"},\"thumbnailUrl\":\"https:\/\/savio.it\/wp-content\/uploads\/2022\/06\/6010_2.jpg\",\"datePublished\":\"2021-09-30T12:45:37+00:00\",\"dateModified\":\"2026-04-14T03:48:29+00:00\",\"breadcrumb\":{\"@id\":\"https:\/\/savio.it\/fr\/prodotto\/juvarra-6010-2-1200\/#breadcrumb\"},\"inLanguage\":\"fr-FR\",\"potentialAction\":[{\"@type\":\"ReadAction\",\"target\":[\"https:\/\/savio.it\/fr\/prodotto\/juvarra-6010-2-1200\/\"]}]},{\"@type\":\"ImageObject\",\"inLanguage\":\"fr-FR\",\"@id\":\"https:\/\/savio.it\/fr\/prodotto\/juvarra-6010-2-1200\/#primaryimage\",\"url\":\"https:\/\/savio.it\/wp-content\/uploads\/2022\/06\/6010_2.jpg\",\"contentUrl\":\"https:\/\/savio.it\/wp-content\/uploads\/2022\/06\/6010_2.jpg\",\"width\":1000,\"height\":1000},{\"@type\":\"BreadcrumbList\",\"@id\":\"https:\/\/savio.it\/fr\/prodotto\/juvarra-6010-2-1200\/#breadcrumb\",\"itemListElement\":[{\"@type\":\"ListItem\",\"position\":1,\"name\":\"Home\",\"item\":\"https:\/\/savio.it\/fr\/\"},{\"@type\":\"ListItem\",\"position\":2,\"name\":\"Produits\",\"item\":\"https:\/\/savio.it\/fr\/prodotti\/\"},{\"@type\":\"ListItem\",\"position\":3,\"name\":\"JUVARRA &#8211; 6010.2\/1200\"}]},{\"@type\":\"WebSite\",\"@id\":\"https:\/\/savio.it\/fr\/#website\",\"url\":\"https:\/\/savio.it\/fr\/\",\"name\":\"SAVIO\",\"description\":\"Open mind for closing system\",\"publisher\":{\"@id\":\"https:\/\/savio.it\/fr\/#organization\"},\"potentialAction\":[{\"@type\":\"SearchAction\",\"target\":{\"@type\":\"EntryPoint\",\"urlTemplate\":\"https:\/\/savio.it\/fr\/?s={search_term_string}\"},\"query-input\":{\"@type\":\"PropertyValueSpecification\",\"valueRequired\":true,\"valueName\":\"search_term_string\"}}],\"inLanguage\":\"fr-FR\"},{\"@type\":\"Organization\",\"@id\":\"https:\/\/savio.it\/fr\/#organization\",\"name\":\"SAVIO\",\"url\":\"https:\/\/savio.it\/fr\/\",\"logo\":{\"@type\":\"ImageObject\",\"inLanguage\":\"fr-FR\",\"@id\":\"https:\/\/savio.it\/fr\/#\/schema\/logo\/image\/\",\"url\":\"https:\/\/savio.it\/wp-content\/uploads\/2021\/09\/cropped-Savio-logo.png\",\"contentUrl\":\"https:\/\/savio.it\/wp-content\/uploads\/2021\/09\/cropped-Savio-logo.png\",\"width\":243,\"height\":64,\"caption\":\"SAVIO\"},\"image\":{\"@id\":\"https:\/\/savio.it\/fr\/#\/schema\/logo\/image\/\"}}]}<\/script>\n<!-- \/ Yoast SEO plugin. -->","yoast_head_json":{"title":"JUVARRA - 6010.2\/1200","robots":{"index":"index","follow":"follow","max-snippet":"max-snippet:-1","max-image-preview":"max-image-preview:large","max-video-preview":"max-video-preview:-1"},"canonical":"https:\/\/savio.it\/fr\/prodotto\/juvarra-6010-2-1200\/","og_locale":"fr_FR","og_type":"article","og_title":"JUVARRA - 6010.2\/1200","og_description":"(brev.) Barre antipanique verticale ambidextre \u00e0 2 points de fermeture, version \u00e0 levier.","og_url":"https:\/\/savio.it\/fr\/prodotto\/juvarra-6010-2-1200\/","og_site_name":"SAVIO","article_modified_time":"2026-04-14T03:48:29+00:00","og_image":[{"width":1000,"height":1000,"url":"https:\/\/savio.it\/wp-content\/uploads\/2022\/06\/6010_2.jpg","type":"image\/jpeg"}],"twitter_card":"summary_large_image","twitter_misc":{"Dur\u00e9e de lecture estim\u00e9e":"1 minute"},"schema":{"@context":"https:\/\/schema.org","@graph":[{"@type":"WebPage","@id":"https:\/\/savio.it\/fr\/prodotto\/juvarra-6010-2-1200\/","url":"https:\/\/savio.it\/fr\/prodotto\/juvarra-6010-2-1200\/","name":"JUVARRA - 6010.2\/1200","isPartOf":{"@id":"https:\/\/savio.it\/fr\/#website"},"primaryImageOfPage":{"@id":"https:\/\/savio.it\/fr\/prodotto\/juvarra-6010-2-1200\/#primaryimage"},"image":{"@id":"https:\/\/savio.it\/fr\/prodotto\/juvarra-6010-2-1200\/#primaryimage"},"thumbnailUrl":"https:\/\/savio.it\/wp-content\/uploads\/2022\/06\/6010_2.jpg","datePublished":"2021-09-30T12:45:37+00:00","dateModified":"2026-04-14T03:48:29+00:00","breadcrumb":{"@id":"https:\/\/savio.it\/fr\/prodotto\/juvarra-6010-2-1200\/#breadcrumb"},"inLanguage":"fr-FR","potentialAction":[{"@type":"ReadAction","target":["https:\/\/savio.it\/fr\/prodotto\/juvarra-6010-2-1200\/"]}]},{"@type":"ImageObject","inLanguage":"fr-FR","@id":"https:\/\/savio.it\/fr\/prodotto\/juvarra-6010-2-1200\/#primaryimage","url":"https:\/\/savio.it\/wp-content\/uploads\/2022\/06\/6010_2.jpg","contentUrl":"https:\/\/savio.it\/wp-content\/uploads\/2022\/06\/6010_2.jpg","width":1000,"height":1000},{"@type":"BreadcrumbList","@id":"https:\/\/savio.it\/fr\/prodotto\/juvarra-6010-2-1200\/#breadcrumb","itemListElement":[{"@type":"ListItem","position":1,"name":"Home","item":"https:\/\/savio.it\/fr\/"},{"@type":"ListItem","position":2,"name":"Produits","item":"https:\/\/savio.it\/fr\/prodotti\/"},{"@type":"ListItem","position":3,"name":"JUVARRA &#8211; 6010.2\/1200"}]},{"@type":"WebSite","@id":"https:\/\/savio.it\/fr\/#website","url":"https:\/\/savio.it\/fr\/","name":"SAVIO","description":"Open mind for closing system","publisher":{"@id":"https:\/\/savio.it\/fr\/#organization"},"potentialAction":[{"@type":"SearchAction","target":{"@type":"EntryPoint","urlTemplate":"https:\/\/savio.it\/fr\/?s={search_term_string}"},"query-input":{"@type":"PropertyValueSpecification","valueRequired":true,"valueName":"search_term_string"}}],"inLanguage":"fr-FR"},{"@type":"Organization","@id":"https:\/\/savio.it\/fr\/#organization","name":"SAVIO","url":"https:\/\/savio.it\/fr\/","logo":{"@type":"ImageObject","inLanguage":"fr-FR","@id":"https:\/\/savio.it\/fr\/#\/schema\/logo\/image\/","url":"https:\/\/savio.it\/wp-content\/uploads\/2021\/09\/cropped-Savio-logo.png","contentUrl":"https:\/\/savio.it\/wp-content\/uploads\/2021\/09\/cropped-Savio-logo.png","width":243,"height":64,"caption":"SAVIO"},"image":{"@id":"https:\/\/savio.it\/fr\/#\/schema\/logo\/image\/"}}]}},"uagb_featured_image_src":{"full":["https:\/\/savio.it\/wp-content\/uploads\/2022\/06\/6010_2.jpg",1000,1000,false],"thumbnail":["https:\/\/savio.it\/wp-content\/uploads\/2022\/06\/6010_2-150x150.jpg",150,150,true],"medium":["https:\/\/savio.it\/wp-content\/uploads\/2022\/06\/6010_2-300x300.jpg",300,300,true],"medium_large":["https:\/\/savio.it\/wp-content\/uploads\/2022\/06\/6010_2-768x768.jpg",768,768,true],"large":["https:\/\/savio.it\/wp-content\/uploads\/2022\/06\/6010_2.jpg",1000,1000,false],"gs-tiny":["https:\/\/savio.it\/wp-content\/uploads\/2022\/06\/6010_2.jpg",50,50,false],"xl":["https:\/\/savio.it\/wp-content\/uploads\/2022\/06\/6010_2.jpg",1000,1000,false],"xxl":["https:\/\/savio.it\/wp-content\/uploads\/2022\/06\/6010_2.jpg",1000,1000,false],"xxxl":["https:\/\/savio.it\/wp-content\/uploads\/2022\/06\/6010_2.jpg",1000,1000,false],"xxxxl":["https:\/\/savio.it\/wp-content\/uploads\/2022\/06\/6010_2.jpg",1000,1000,false],"xxxxxl":["https:\/\/savio.it\/wp-content\/uploads\/2022\/06\/6010_2.jpg",1000,1000,false],"1536x1536":["https:\/\/savio.it\/wp-content\/uploads\/2022\/06\/6010_2.jpg",1000,1000,false],"2048x2048":["https:\/\/savio.it\/wp-content\/uploads\/2022\/06\/6010_2.jpg",1000,1000,false],"woocommerce_thumbnail":["https:\/\/savio.it\/wp-content\/uploads\/2022\/06\/6010_2-300x300.jpg",300,300,true],"woocommerce_single":["https:\/\/savio.it\/wp-content\/uploads\/2022\/06\/6010_2-600x600.jpg",600,600,true],"woocommerce_gallery_thumbnail":["https:\/\/savio.it\/wp-content\/uploads\/2022\/06\/6010_2-200x200.jpg",200,200,true]},"uagb_author_info":{"display_name":"admin_news","author_link":"https:\/\/savio.it\/fr\/author\/"},"uagb_comment_info":0,"uagb_excerpt":"(brev.) Barre antipanique verticale ambidextre \u00e0 2 points de fermeture, version \u00e0 levier.","_links":{"self":[{"href":"https:\/\/savio.it\/fr\/wp-json\/wp\/v2\/product\/29785","targetHints":{"allow":["GET"]}}],"collection":[{"href":"https:\/\/savio.it\/fr\/wp-json\/wp\/v2\/product"}],"about":[{"href":"https:\/\/savio.it\/fr\/wp-json\/wp\/v2\/types\/product"}],"replies":[{"embeddable":true,"href":"https:\/\/savio.it\/fr\/wp-json\/wp\/v2\/comments?post=29785"}],"wp:featuredmedia":[{"embeddable":true,"href":"https:\/\/savio.it\/fr\/wp-json\/wp\/v2\/media\/122848"}],"wp:attachment":[{"href":"https:\/\/savio.it\/fr\/wp-json\/wp\/v2\/media?parent=29785"}],"wp:term":[{"taxonomy":"product_brand","embeddable":true,"href":"https:\/\/savio.it\/fr\/wp-json\/wp\/v2\/product_brand?post=29785"},{"taxonomy":"product_cat","embeddable":true,"href":"https:\/\/savio.it\/fr\/wp-json\/wp\/v2\/product_cat?post=29785"},{"taxonomy":"product_tag","embeddable":true,"href":"https:\/\/savio.it\/fr\/wp-json\/wp\/v2\/product_tag?post=29785"},{"taxonomy":"profilo","embeddable":true,"href":"https:\/\/savio.it\/fr\/wp-json\/wp\/v2\/profilo?post=29785"},{"taxonomy":"finiture","embeddable":true,"href":"https:\/\/savio.it\/fr\/wp-json\/wp\/v2\/finiture?post=29785"},{"taxonomy":"gruppo_anta","embeddable":true,"href":"https:\/\/savio.it\/fr\/wp-json\/wp\/v2\/gruppo_anta?post=29785"}],"curies":[{"name":"wp","href":"https:\/\/api.w.org\/{rel}","templated":true}]}}