{"id":30076,"date":"2021-09-30T12:49:24","date_gmt":"2021-10-01T14:49:21","guid":{"rendered":"https:\/\/savio.ne-ws.it\/prodotto\/manon-873-780\/"},"modified":"2025-02-20T16:44:17","modified_gmt":"2025-02-20T16:44:17","slug":"manon-873-780","status":"publish","type":"product","link":"https:\/\/savio.it\/fr\/prodotto\/manon-873-780\/","title":{"rendered":"MANON &#8211; 873.780"},"content":{"rendered":"<p>(brevet\u00e9) Cr\u00e9mone pour oscilo-battant en m\u00e9tal inject\u00e9, avec cylindre de s\u00fbret\u00e9 (s&rsquo;entrouvrant), entraxe 92-104 mm, 2 vis TORX\u00ae (T15) \u00e0 t\u00eate cylindrique plate M5x13 en acier inox et 1 vis \u00e0 t\u00eate cylindrique \u00e0 six pans creux M5x16 en acier zingu\u00e9 blanc (C: cond.t 50 pz.).<\/p>\n","protected":false},"excerpt":{"rendered":"<p>(brevet\u00e9) Cr\u00e9mone pour oscilo-battant en m\u00e9tal inject\u00e9, avec cylindre de s\u00fbret\u00e9 (s&rsquo;entrouvrant), entraxe 92-104 mm, 2 vis TORX\u00ae (T15) \u00e0 t\u00eate cylindrique plate M5x13 en acier inox et 1 vis \u00e0 t\u00eate cylindrique \u00e0 six pans creux M5x16 en acier zingu\u00e9 blanc (C: cond.t 50 pz.).<\/p>\n","protected":false},"featured_media":22431,"comment_status":"closed","ping_status":"closed","template":"","meta":{"_acf_changed":false,"_uag_custom_page_level_css":""},"product_brand":[],"product_cat":[12590,12616],"product_tag":[],"profilo":[12431,11995,11996,12001,12040,12391,12393,12394,12395,12396,12398,12399,12061,12062,12063,12479,12480,12481,12411,12412,12104,12105,12134,12135,12136,12137,12111,12125,12112,12139,12140,12388,12389,12240,12251,12242,12245,12267,12441,12442,12445,12446,12451,12452,12461,12462,12453,12464,12465,12456,12458,12320,12339,12346,12321,12322,12323,12340,12347,12324,12345,12325,12348,11980,11981,11982,11983,12415,12414,12417,12416,12423,12424,12425,12426,12427,12428,12429,12430,12006,12007,12095,12096,12008,12009,12010,12098,12011,12035,12036,12034,12038,12152,12153,12164,12166,12154,12155,12156,12180,12181,12157,12182,12183,12482,12483,12470,12468,12469,12434,12014,12015,12016,12247,12266,12248,12249,12219,12186,12187,12194,12195,12196,12197,12198,12218,12228,12220,12230,12199,12200,12201,12227,12202,12235,12236,12017,12064,12270,12289,12271,12288,12291,12292,12272,12308,12309,12273,12326,12327,12329,12342,12331,11970,11971,11969,11968,11972,11973,11974,11975,12170,12172,12175,12177,12178,12084,12085,11988,11990,11991,11993,11994,12372,12373,12409,12410,12476,12477,12487,12488,12088,12089,12090,12091,12489,12490,12086,12355,12361,12357,12363,12356,12362,12358,12359,12364,12229,12044,12051,12052,12045,12046,12053,12070,12073,12074,12075,12081,12419,12484,12246,12435,12437,12436,12438,12274,12275,12276,12304,12305,12277,12293,12299,12300,12296,12297,12301,12302,12298,12311,12312,12313,12315,12314,12316],"finiture":[12512,12513,12519,12524,12528,12529,12531,12532,12534,12536,12537,12541,12542,12543,12545,12549,12551,12552,12557,12575,12576],"gruppo_anta":[],"class_list":{"0":"post-30076","1":"product","2":"type-product","3":"status-publish","4":"has-post-thumbnail","6":"product_cat-cremonesi-martelline-e-accessori-per-anta-ribalta","7":"product_cat-manon","8":"profilo-12431","9":"profilo-alfil-a54rpt","10":"profilo-alfil-a65rpt","11":"profilo-all-co-5-sormonto","12":"profilo-allco-tec-72","13":"profilo-atlantis-40","14":"profilo-atlantis-45","15":"profilo-atlantis-45-raggiato","16":"profilo-atlantis-55-tt","17":"profilo-atlantis-55-tt-raggiato","18":"profilo-atlantis-68-tt","19":"profilo-atlantis-68-tt-raggiato","20":"profilo-bga-50","21":"profilo-bga-50-arrotondato","22":"profilo-bga-50-raggiato","23":"profilo-bronze-window","24":"profilo-calm-door","25":"profilo-calm-window","26":"profilo-cx-600","27":"profilo-cx-700","28":"profilo-domal-break-pa-52","29":"profilo-domal-break-pa-52-raggiato","30":"profilo-domal-bright-pa-70-s","31":"profilo-domal-bright-pa-70-s-raggiato","32":"profilo-domal-extratermic-62","33":"profilo-domal-extratermic-62-raggiato","34":"profilo-domal-stopper-pg","35":"profilo-domal-stopper-pg-63","36":"profilo-domal-stopper-pg-raggiato","37":"profilo-domal-top-tb-65","38":"profilo-domal-top-tb-65-raggiato","39":"profilo-ecowin-th-62","40":"profilo-ecowin-th-72","41":"profilo-ekip-40-complanare","42":"profilo-ekip-40-nuovo-complanare","43":"profilo-ekip-50-complanare","44":"profilo-ekip-ev-complanare","45":"profilo-ekip-th-83","46":"profilo-ekos-50-sh","47":"profilo-ekos-50-sh-raggiato","48":"profilo-ekos-50-th","49":"profilo-ekos-50-th-raggiato","50":"profilo-ekos-66-th","51":"profilo-ekos-66-th-raggiato","52":"profilo-ekos-68-thr","53":"profilo-ekos-68-thr-raggiato","54":"profilo-ekos-75-th","55":"profilo-ekos-85-th","56":"profilo-ekos-85-th-raggiato","57":"profilo-ekos-minimall-54-th","58":"profilo-ekos-minimall-62-thj","59":"profilo-eku-40","60":"profilo-eku-40-raggiato","61":"profilo-eku-52-tt","62":"profilo-eku-53","63":"profilo-eku-53-raggiato","64":"profilo-eku-53-tt","65":"profilo-eku-53-tt-raggiato","66":"profilo-eku-62-tt","67":"profilo-eku-64-tt","68":"profilo-eku-66-tt","69":"profilo-eku-72-tt","70":"profilo-eku-78-tt","71":"profilo-esedra-ga-53","72":"profilo-esedra-ga-53-raggiato","73":"profilo-esedra-tt-63","74":"profilo-esedra-tt-75","75":"profilo-et-43-sormonto","76":"profilo-et-43-sormonto-raggiato","77":"profilo-et-45-sormonto","78":"profilo-et-45-sormonto-raggiato","79":"profilo-et-58-2-tt","80":"profilo-et-58-2-tt-raggiato","81":"profilo-et-67-3-tt","82":"profilo-et-67-3-tt-raggiato","83":"profilo-et-68-2-tt","84":"profilo-et-68-2-tt-raggiato","85":"profilo-et-75-3-tt","86":"profilo-et-75-3-tt-raggiato","87":"profilo-export-45","88":"profilo-export-45-raggiato","89":"profilo-export-45-t","90":"profilo-export-45-t-raggiato","91":"profilo-export-45-tt","92":"profilo-export-45-tt-raggiato","93":"profilo-export-50","94":"profilo-export-50-t","95":"profilo-export-50-tt","96":"profilo-export-51-tt","97":"profilo-export-51-tt-raggiato","98":"profilo-export-68-tt","99":"profilo-export-68-tt-raggiato","100":"profilo-gold-400","101":"profilo-gold-400-raggiato","102":"profilo-gold-450","103":"profilo-gold-450-tt","104":"profilo-gold-490-tt","105":"profilo-gold-500","106":"profilo-gold-500-raggiato","107":"profilo-gold-502-hc","108":"profilo-gold-502-hc-raggiato","109":"profilo-gold-600","110":"profilo-gold-600-hc","111":"profilo-gold-600-hc-raggiato","112":"profilo-golden-silver-door","113":"profilo-golden-silver-window","114":"profilo-hf-580","115":"profilo-hp-600","116":"profilo-hp-700","117":"profilo-iblea-color","118":"profilo-k-45t","119":"profilo-k-64t","120":"profilo-k-70t","121":"profilo-maastricht-53","122":"profilo-maastricht-light","123":"profilo-maastricht-th-60","124":"profilo-maastricht-th-68","125":"profilo-metraltech","126":"profilo-mx-50","127":"profilo-mx-70","128":"profilo-nc-40-n-sormonto","129":"profilo-nc-40-n-sormonto-raggiato","130":"profilo-nc-45-int","131":"profilo-nc-45-int-raggiato","132":"profilo-nc-45-sth","133":"profilo-nc-50-i","134":"profilo-nc-50-i-raggiato","135":"profilo-nc-50-sth","136":"profilo-nc-50-sth-raggiato","137":"profilo-nc-55-int","138":"profilo-nc-65-sth","139":"profilo-nc-68-sth","140":"profilo-nc-68-sth-s","141":"profilo-nc-72-sth","142":"profilo-nc-75-sth","143":"profilo-nc-75-sthi","144":"profilo-new-age","145":"profilo-new-bt-60-tt","146":"profilo-new-tec-50","147":"profilo-new-tec-50-classic","148":"profilo-new-tec-52-tt","149":"profilo-new-tec-52-tt-classic","150":"profilo-new-tec-52-tt-light","151":"profilo-new-tec-60-f","152":"profilo-new-tec-60-tt","153":"profilo-new-tec-65","154":"profilo-new-tec-65-classic","155":"profilo-new-tec-68-tt","156":"profilo-pe-40","157":"profilo-pe-40-raggiato","158":"profilo-pe-50","159":"profilo-pe-50-raggiato","160":"profilo-pe-58-tt-sormonto","161":"profilo-planet-45","162":"profilo-planet-45-raggiato","163":"profilo-planet-50-raggiato","164":"profilo-planet-50-tt","165":"profilo-planet-62-tt","166":"profilo-planet-62-tt-raggiato","167":"profilo-planet-72-ht","168":"profilo-planet-72-ht-raggiato","169":"profilo-plathina-60-classica","170":"profilo-plathina-60-flat-classica","171":"profilo-plathina-69-classica","172":"profilo-plathina-69-flat-classica","173":"profilo-plathina-75-classica","174":"profilo-prestige-48","175":"profilo-prestige-73-tt","176":"profilo-r-40","177":"profilo-r-50","178":"profilo-r-50-tt-barra-cont","179":"profilo-r-62-tt","180":"profilo-r-72-tt","181":"profilo-road-520-tt-ce","182":"profilo-road-600-tt-ce","183":"profilo-rx-600","184":"profilo-rx-700","185":"profilo-serie-6000","186":"profilo-serie-6500-rpt","187":"profilo-serie-751","188":"profilo-serie-769","189":"profilo-serie-8000","190":"profilo-serie-8000-raggiato","191":"profilo-serie-8000-tt","192":"profilo-serie-8000-tt-raggiato","193":"profilo-serie-801","194":"profilo-serie-901","195":"profilo-slim-70-tt","196":"profilo-start-410","197":"profilo-start-410-raggiato","198":"profilo-start-470-tt","199":"profilo-start-470-tt-raggiato","200":"profilo-start-510","201":"profilo-start-510-raggiato","202":"profilo-start-560-tt","203":"profilo-start-640-tt","204":"profilo-start-760-tt","205":"profilo-superblindo","206":"profilo-synthesis-45","207":"profilo-synthesis-52","208":"profilo-synthesis-52-tt","209":"profilo-synthesis-57","210":"profilo-synthesis-60-tt","211":"profilo-synthesis-68-tt","212":"profilo-tecno-50","213":"profilo-tecno-50-tt","214":"profilo-tecno-60-tt","215":"profilo-tecno-68-tt","216":"profilo-tecno-76-tt","217":"profilo-tt-50","218":"profilo-uah-100-window-bullet-proof","219":"profilo-venice-th16","220":"profilo-vuerre-53-tt","221":"profilo-vuerre-53-tt-raggiato","222":"profilo-vuerre-70-tt","223":"profilo-vuerre-70-tt-raggiato","224":"profilo-windstop-45","225":"profilo-windstop-45-raggiato","226":"profilo-windstop-45-tt","227":"profilo-windstop-45-tt-classic","228":"profilo-windstop-45-tt-classic-raggiato","229":"profilo-windstop-45-tt-raggiato","230":"profilo-windstop-55-tt","231":"profilo-windstop-55-tt-classic","232":"profilo-windstop-55-tt-classic-raggiato","233":"profilo-windstop-55-tt-raggiato","234":"profilo-windstop-65-tt","235":"profilo-windstop-65-tt-classic","236":"profilo-windstop-65-tt-classic-raggiato","237":"profilo-windstop-65-tt-raggiato","238":"profilo-windstop-73-tt","239":"profilo-windstop-73-tt-raggiato","240":"profilo-ws-65-thi","241":"profilo-ws-65-thi-raggiato","242":"profilo-ws-75-thi","243":"profilo-ws-75-thi-raggiato","244":"finiture-12512","245":"finiture-12513","246":"finiture-12519","247":"finiture-12524","248":"finiture-12528","249":"finiture-12529","250":"finiture-12531","251":"finiture-12532","252":"finiture-12534","253":"finiture-12536","254":"finiture-12537","255":"finiture-12541","256":"finiture-b-ma","257":"finiture-b-sa","258":"finiture-bl10","259":"finiture-br5","260":"finiture-bw21","261":"finiture-c","262":"finiture-gr217","263":"finiture-silv","264":"finiture-slv","265":"description-off","267":"first","268":"onbackorder","269":"product-type-variable"},"acf":[],"yoast_head":"<!-- This site is optimized with the Yoast SEO plugin v27.2 - https:\/\/yoast.com\/product\/yoast-seo-wordpress\/ -->\n<title>MANON - 873.780<\/title>\n<meta name=\"robots\" content=\"index, follow, max-snippet:-1, max-image-preview:large, max-video-preview:-1\" \/>\n<link rel=\"canonical\" href=\"https:\/\/savio.it\/fr\/prodotto\/manon-873-780\/\" \/>\n<meta property=\"og:locale\" content=\"fr_FR\" \/>\n<meta property=\"og:type\" content=\"article\" \/>\n<meta property=\"og:title\" content=\"MANON - 873.780\" \/>\n<meta property=\"og:description\" content=\"(brevet\u00e9) Cr\u00e9mone pour oscilo-battant en m\u00e9tal inject\u00e9, avec cylindre de s\u00fbret\u00e9 (s&rsquo;entrouvrant), entraxe 92-104 mm, 2 vis TORX\u00ae (T15) \u00e0 t\u00eate cylindrique plate M5x13 en acier inox et 1 vis \u00e0 t\u00eate cylindrique \u00e0 six pans creux M5x16 en acier zingu\u00e9 blanc (C: cond.t 50 pz.).\" \/>\n<meta property=\"og:url\" content=\"https:\/\/savio.it\/fr\/prodotto\/manon-873-780\/\" \/>\n<meta property=\"og:site_name\" content=\"SAVIO\" \/>\n<meta property=\"article:modified_time\" content=\"2025-02-20T16:44:17+00:00\" \/>\n<meta property=\"og:image\" content=\"https:\/\/savio.it\/wp-content\/uploads\/2021\/09\/870_779-5.jpg\" \/>\n\t<meta property=\"og:image:width\" content=\"229\" \/>\n\t<meta property=\"og:image:height\" content=\"229\" \/>\n\t<meta property=\"og:image:type\" content=\"image\/jpeg\" \/>\n<meta name=\"twitter:card\" content=\"summary_large_image\" \/>\n<meta name=\"twitter:label1\" content=\"Dur\u00e9e de lecture estim\u00e9e\" \/>\n\t<meta name=\"twitter:data1\" content=\"1 minute\" \/>\n<script type=\"application\/ld+json\" class=\"yoast-schema-graph\">{\"@context\":\"https:\/\/schema.org\",\"@graph\":[{\"@type\":\"WebPage\",\"@id\":\"https:\/\/savio.it\/fr\/prodotto\/manon-873-780\/\",\"url\":\"https:\/\/savio.it\/fr\/prodotto\/manon-873-780\/\",\"name\":\"MANON - 873.780\",\"isPartOf\":{\"@id\":\"https:\/\/savio.it\/fr\/#website\"},\"primaryImageOfPage\":{\"@id\":\"https:\/\/savio.it\/fr\/prodotto\/manon-873-780\/#primaryimage\"},\"image\":{\"@id\":\"https:\/\/savio.it\/fr\/prodotto\/manon-873-780\/#primaryimage\"},\"thumbnailUrl\":\"https:\/\/savio.it\/wp-content\/uploads\/2021\/09\/870_779-5.jpg\",\"datePublished\":\"2021-10-01T14:49:21+00:00\",\"dateModified\":\"2025-02-20T16:44:17+00:00\",\"breadcrumb\":{\"@id\":\"https:\/\/savio.it\/fr\/prodotto\/manon-873-780\/#breadcrumb\"},\"inLanguage\":\"fr-FR\",\"potentialAction\":[{\"@type\":\"ReadAction\",\"target\":[\"https:\/\/savio.it\/fr\/prodotto\/manon-873-780\/\"]}]},{\"@type\":\"ImageObject\",\"inLanguage\":\"fr-FR\",\"@id\":\"https:\/\/savio.it\/fr\/prodotto\/manon-873-780\/#primaryimage\",\"url\":\"https:\/\/savio.it\/wp-content\/uploads\/2021\/09\/870_779-5.jpg\",\"contentUrl\":\"https:\/\/savio.it\/wp-content\/uploads\/2021\/09\/870_779-5.jpg\",\"width\":229,\"height\":229},{\"@type\":\"BreadcrumbList\",\"@id\":\"https:\/\/savio.it\/fr\/prodotto\/manon-873-780\/#breadcrumb\",\"itemListElement\":[{\"@type\":\"ListItem\",\"position\":1,\"name\":\"Home\",\"item\":\"https:\/\/savio.it\/fr\/\"},{\"@type\":\"ListItem\",\"position\":2,\"name\":\"Produits\",\"item\":\"https:\/\/savio.it\/fr\/prodotti\/\"},{\"@type\":\"ListItem\",\"position\":3,\"name\":\"MANON &#8211; 873.780\"}]},{\"@type\":\"WebSite\",\"@id\":\"https:\/\/savio.it\/fr\/#website\",\"url\":\"https:\/\/savio.it\/fr\/\",\"name\":\"SAVIO\",\"description\":\"Open mind for closing system\",\"publisher\":{\"@id\":\"https:\/\/savio.it\/fr\/#organization\"},\"potentialAction\":[{\"@type\":\"SearchAction\",\"target\":{\"@type\":\"EntryPoint\",\"urlTemplate\":\"https:\/\/savio.it\/fr\/?s={search_term_string}\"},\"query-input\":{\"@type\":\"PropertyValueSpecification\",\"valueRequired\":true,\"valueName\":\"search_term_string\"}}],\"inLanguage\":\"fr-FR\"},{\"@type\":\"Organization\",\"@id\":\"https:\/\/savio.it\/fr\/#organization\",\"name\":\"SAVIO\",\"url\":\"https:\/\/savio.it\/fr\/\",\"logo\":{\"@type\":\"ImageObject\",\"inLanguage\":\"fr-FR\",\"@id\":\"https:\/\/savio.it\/fr\/#\/schema\/logo\/image\/\",\"url\":\"https:\/\/savio.it\/wp-content\/uploads\/2021\/09\/cropped-Savio-logo.png\",\"contentUrl\":\"https:\/\/savio.it\/wp-content\/uploads\/2021\/09\/cropped-Savio-logo.png\",\"width\":243,\"height\":64,\"caption\":\"SAVIO\"},\"image\":{\"@id\":\"https:\/\/savio.it\/fr\/#\/schema\/logo\/image\/\"}}]}<\/script>\n<!-- \/ Yoast SEO plugin. -->","yoast_head_json":{"title":"MANON - 873.780","robots":{"index":"index","follow":"follow","max-snippet":"max-snippet:-1","max-image-preview":"max-image-preview:large","max-video-preview":"max-video-preview:-1"},"canonical":"https:\/\/savio.it\/fr\/prodotto\/manon-873-780\/","og_locale":"fr_FR","og_type":"article","og_title":"MANON - 873.780","og_description":"(brevet\u00e9) Cr\u00e9mone pour oscilo-battant en m\u00e9tal inject\u00e9, avec cylindre de s\u00fbret\u00e9 (s&rsquo;entrouvrant), entraxe 92-104 mm, 2 vis TORX\u00ae (T15) \u00e0 t\u00eate cylindrique plate M5x13 en acier inox et 1 vis \u00e0 t\u00eate cylindrique \u00e0 six pans creux M5x16 en acier zingu\u00e9 blanc (C: cond.t 50 pz.).","og_url":"https:\/\/savio.it\/fr\/prodotto\/manon-873-780\/","og_site_name":"SAVIO","article_modified_time":"2025-02-20T16:44:17+00:00","og_image":[{"width":229,"height":229,"url":"https:\/\/savio.it\/wp-content\/uploads\/2021\/09\/870_779-5.jpg","type":"image\/jpeg"}],"twitter_card":"summary_large_image","twitter_misc":{"Dur\u00e9e de lecture estim\u00e9e":"1 minute"},"schema":{"@context":"https:\/\/schema.org","@graph":[{"@type":"WebPage","@id":"https:\/\/savio.it\/fr\/prodotto\/manon-873-780\/","url":"https:\/\/savio.it\/fr\/prodotto\/manon-873-780\/","name":"MANON - 873.780","isPartOf":{"@id":"https:\/\/savio.it\/fr\/#website"},"primaryImageOfPage":{"@id":"https:\/\/savio.it\/fr\/prodotto\/manon-873-780\/#primaryimage"},"image":{"@id":"https:\/\/savio.it\/fr\/prodotto\/manon-873-780\/#primaryimage"},"thumbnailUrl":"https:\/\/savio.it\/wp-content\/uploads\/2021\/09\/870_779-5.jpg","datePublished":"2021-10-01T14:49:21+00:00","dateModified":"2025-02-20T16:44:17+00:00","breadcrumb":{"@id":"https:\/\/savio.it\/fr\/prodotto\/manon-873-780\/#breadcrumb"},"inLanguage":"fr-FR","potentialAction":[{"@type":"ReadAction","target":["https:\/\/savio.it\/fr\/prodotto\/manon-873-780\/"]}]},{"@type":"ImageObject","inLanguage":"fr-FR","@id":"https:\/\/savio.it\/fr\/prodotto\/manon-873-780\/#primaryimage","url":"https:\/\/savio.it\/wp-content\/uploads\/2021\/09\/870_779-5.jpg","contentUrl":"https:\/\/savio.it\/wp-content\/uploads\/2021\/09\/870_779-5.jpg","width":229,"height":229},{"@type":"BreadcrumbList","@id":"https:\/\/savio.it\/fr\/prodotto\/manon-873-780\/#breadcrumb","itemListElement":[{"@type":"ListItem","position":1,"name":"Home","item":"https:\/\/savio.it\/fr\/"},{"@type":"ListItem","position":2,"name":"Produits","item":"https:\/\/savio.it\/fr\/prodotti\/"},{"@type":"ListItem","position":3,"name":"MANON &#8211; 873.780"}]},{"@type":"WebSite","@id":"https:\/\/savio.it\/fr\/#website","url":"https:\/\/savio.it\/fr\/","name":"SAVIO","description":"Open mind for closing system","publisher":{"@id":"https:\/\/savio.it\/fr\/#organization"},"potentialAction":[{"@type":"SearchAction","target":{"@type":"EntryPoint","urlTemplate":"https:\/\/savio.it\/fr\/?s={search_term_string}"},"query-input":{"@type":"PropertyValueSpecification","valueRequired":true,"valueName":"search_term_string"}}],"inLanguage":"fr-FR"},{"@type":"Organization","@id":"https:\/\/savio.it\/fr\/#organization","name":"SAVIO","url":"https:\/\/savio.it\/fr\/","logo":{"@type":"ImageObject","inLanguage":"fr-FR","@id":"https:\/\/savio.it\/fr\/#\/schema\/logo\/image\/","url":"https:\/\/savio.it\/wp-content\/uploads\/2021\/09\/cropped-Savio-logo.png","contentUrl":"https:\/\/savio.it\/wp-content\/uploads\/2021\/09\/cropped-Savio-logo.png","width":243,"height":64,"caption":"SAVIO"},"image":{"@id":"https:\/\/savio.it\/fr\/#\/schema\/logo\/image\/"}}]}},"uagb_featured_image_src":{"full":["https:\/\/savio.it\/wp-content\/uploads\/2021\/09\/870_779-5.jpg",229,229,false],"thumbnail":["https:\/\/savio.it\/wp-content\/uploads\/2021\/09\/870_779-5-150x150.jpg",150,150,true],"medium":["https:\/\/savio.it\/wp-content\/uploads\/2021\/09\/870_779-5.jpg",229,229,false],"medium_large":["https:\/\/savio.it\/wp-content\/uploads\/2021\/09\/870_779-5.jpg",229,229,false],"large":["https:\/\/savio.it\/wp-content\/uploads\/2021\/09\/870_779-5.jpg",229,229,false],"gs-tiny":["https:\/\/savio.it\/wp-content\/uploads\/2021\/09\/870_779-5.jpg",50,50,false],"xl":["https:\/\/savio.it\/wp-content\/uploads\/2021\/09\/870_779-5.jpg",229,229,false],"xxl":["https:\/\/savio.it\/wp-content\/uploads\/2021\/09\/870_779-5.jpg",229,229,false],"xxxl":["https:\/\/savio.it\/wp-content\/uploads\/2021\/09\/870_779-5.jpg",229,229,false],"xxxxl":["https:\/\/savio.it\/wp-content\/uploads\/2021\/09\/870_779-5.jpg",229,229,false],"xxxxxl":["https:\/\/savio.it\/wp-content\/uploads\/2021\/09\/870_779-5.jpg",229,229,false],"1536x1536":["https:\/\/savio.it\/wp-content\/uploads\/2021\/09\/870_779-5.jpg",229,229,false],"2048x2048":["https:\/\/savio.it\/wp-content\/uploads\/2021\/09\/870_779-5.jpg",229,229,false],"woocommerce_thumbnail":["https:\/\/savio.it\/wp-content\/uploads\/2021\/09\/870_779-5.jpg",229,229,false],"woocommerce_single":["https:\/\/savio.it\/wp-content\/uploads\/2021\/09\/870_779-5.jpg",229,229,false],"woocommerce_gallery_thumbnail":["https:\/\/savio.it\/wp-content\/uploads\/2021\/09\/870_779-5-200x200.jpg",200,200,true]},"uagb_author_info":{"display_name":"admin_news","author_link":"https:\/\/savio.it\/fr\/author\/"},"uagb_comment_info":0,"uagb_excerpt":"(brevet\u00e9) Cr\u00e9mone pour oscilo-battant en m\u00e9tal inject\u00e9, avec cylindre de s\u00fbret\u00e9 (s&rsquo;entrouvrant), entraxe 92-104 mm, 2 vis TORX\u00ae (T15) \u00e0 t\u00eate cylindrique plate M5x13 en acier inox et 1 vis \u00e0 t\u00eate cylindrique \u00e0 six pans creux M5x16 en acier zingu\u00e9 blanc (C: cond.t 50 pz.).","_links":{"self":[{"href":"https:\/\/savio.it\/fr\/wp-json\/wp\/v2\/product\/30076","targetHints":{"allow":["GET"]}}],"collection":[{"href":"https:\/\/savio.it\/fr\/wp-json\/wp\/v2\/product"}],"about":[{"href":"https:\/\/savio.it\/fr\/wp-json\/wp\/v2\/types\/product"}],"replies":[{"embeddable":true,"href":"https:\/\/savio.it\/fr\/wp-json\/wp\/v2\/comments?post=30076"}],"wp:featuredmedia":[{"embeddable":true,"href":"https:\/\/savio.it\/fr\/wp-json\/wp\/v2\/media\/22431"}],"wp:attachment":[{"href":"https:\/\/savio.it\/fr\/wp-json\/wp\/v2\/media?parent=30076"}],"wp:term":[{"taxonomy":"product_brand","embeddable":true,"href":"https:\/\/savio.it\/fr\/wp-json\/wp\/v2\/product_brand?post=30076"},{"taxonomy":"product_cat","embeddable":true,"href":"https:\/\/savio.it\/fr\/wp-json\/wp\/v2\/product_cat?post=30076"},{"taxonomy":"product_tag","embeddable":true,"href":"https:\/\/savio.it\/fr\/wp-json\/wp\/v2\/product_tag?post=30076"},{"taxonomy":"profilo","embeddable":true,"href":"https:\/\/savio.it\/fr\/wp-json\/wp\/v2\/profilo?post=30076"},{"taxonomy":"finiture","embeddable":true,"href":"https:\/\/savio.it\/fr\/wp-json\/wp\/v2\/finiture?post=30076"},{"taxonomy":"gruppo_anta","embeddable":true,"href":"https:\/\/savio.it\/fr\/wp-json\/wp\/v2\/gruppo_anta?post=30076"}],"curies":[{"name":"wp","href":"https:\/\/api.w.org\/{rel}","templated":true}]}}