{"id":30085,"date":"2021-09-30T12:49:24","date_gmt":"2021-10-01T14:49:32","guid":{"rendered":"https:\/\/savio.ne-ws.it\/prodotto\/mono-1210-7\/"},"modified":"2024-06-27T10:15:46","modified_gmt":"2024-06-27T10:15:46","slug":"mono-1210-7","status":"publish","type":"product","link":"https:\/\/savio.it\/fr\/prodotto\/mono-1210-7\/","title":{"rendered":"MONO &#8211; 1210\/7"},"content":{"rendered":"<p>Bo\u00eetier de cr\u00e9mone encastr\u00e9 mono-directionnel pour RIBANTA 5, avec entr\u00e9e de 14,5 mm, en zamak zingu\u00e9 blanc, carr\u00e9 de 7 mm.<\/p>\n","protected":false},"excerpt":{"rendered":"<p>Bo\u00eetier de cr\u00e9mone encastr\u00e9 mono-directionnel pour RIBANTA 5<\/p>\n","protected":false},"featured_media":82325,"comment_status":"closed","ping_status":"closed","template":"","meta":{"_acf_changed":false,"_uag_custom_page_level_css":""},"product_brand":[],"product_cat":[12590,12710],"product_tag":[13128],"profilo":[11995,11996,12040,12393,12394,12395,12396,12398,12399,12061,12062,12063,12479,12480,12481,12411,12412,12104,12105,12136,12137,12111,12125,12112,12139,12140,12388,12389,12267,12445,12446,12448,12449,12451,12452,12461,12462,12453,12464,12465,12456,12458,12320,12339,12321,12322,12323,12340,12347,12324,12325,12348,11980,11981,11982,11983,12417,12416,12423,12424,12425,12426,12427,12428,12429,12430,12006,12007,12095,12096,12008,12009,12010,12098,12011,12035,12036,12034,12038,12152,12153,12164,12166,12154,12155,12156,12180,12181,12157,12182,12183,12482,12483,12470,12468,12469,12434,12014,12015,12016,12247,12248,12249,12187,12196,12197,12198,12218,12228,12220,12230,12199,12200,12201,12227,12202,12222,12235,12236,12064,11970,11971,11969,11968,11972,11973,11974,11975,12170,12172,12175,12177,12178,12085,12372,12373,12476,12477,12088,12089,12090,12091,12490,12086,12355,12361,12357,12363,12356,12362,12358,12359,12364,12229,12044,12051,12052,12045,12046,12053,12484,12246,12435,12436,12438,12274,12275,12276,12304,12305,12277,12293,12299,12300,12296,12297,12301,12302,12298,12311,12312,12313,12315,12314,12316],"finiture":[],"gruppo_anta":[2962,2963,2953,2954,2955,2964,2965],"class_list":{"0":"post-30085","1":"product","2":"type-product","3":"status-publish","4":"has-post-thumbnail","6":"product_cat-cremonesi-martelline-e-accessori-per-anta-ribalta","7":"product_cat-mono","8":"product_tag-updated","9":"profilo-alfil-a54rpt","10":"profilo-alfil-a65rpt","11":"profilo-allco-tec-72","12":"profilo-atlantis-45","13":"profilo-atlantis-45-raggiato","14":"profilo-atlantis-55-tt","15":"profilo-atlantis-55-tt-raggiato","16":"profilo-atlantis-68-tt","17":"profilo-atlantis-68-tt-raggiato","18":"profilo-bga-50","19":"profilo-bga-50-arrotondato","20":"profilo-bga-50-raggiato","21":"profilo-bronze-window","22":"profilo-calm-door","23":"profilo-calm-window","24":"profilo-cx-600","25":"profilo-cx-700","26":"profilo-domal-break-pa-52","27":"profilo-domal-break-pa-52-raggiato","28":"profilo-domal-extratermic-62","29":"profilo-domal-extratermic-62-raggiato","30":"profilo-domal-stopper-pg","31":"profilo-domal-stopper-pg-63","32":"profilo-domal-stopper-pg-raggiato","33":"profilo-domal-top-tb-65","34":"profilo-domal-top-tb-65-raggiato","35":"profilo-ecowin-th-62","36":"profilo-ecowin-th-72","37":"profilo-ekip-th-83","38":"profilo-ekos-50-th","39":"profilo-ekos-50-th-raggiato","40":"profilo-ekos-58-thm","41":"profilo-ekos-58-thm-raggiato","42":"profilo-ekos-66-th","43":"profilo-ekos-66-th-raggiato","44":"profilo-ekos-68-thr","45":"profilo-ekos-68-thr-raggiato","46":"profilo-ekos-75-th","47":"profilo-ekos-85-th","48":"profilo-ekos-85-th-raggiato","49":"profilo-ekos-minimall-54-th","50":"profilo-ekos-minimall-62-thj","51":"profilo-eku-40","52":"profilo-eku-40-raggiato","53":"profilo-eku-53","54":"profilo-eku-53-raggiato","55":"profilo-eku-53-tt","56":"profilo-eku-53-tt-raggiato","57":"profilo-eku-62-tt","58":"profilo-eku-64-tt","59":"profilo-eku-72-tt","60":"profilo-eku-78-tt","61":"profilo-esedra-ga-53","62":"profilo-esedra-ga-53-raggiato","63":"profilo-esedra-tt-63","64":"profilo-esedra-tt-75","65":"profilo-et-45-sormonto","66":"profilo-et-45-sormonto-raggiato","67":"profilo-et-58-2-tt","68":"profilo-et-58-2-tt-raggiato","69":"profilo-et-67-3-tt","70":"profilo-et-67-3-tt-raggiato","71":"profilo-et-68-2-tt","72":"profilo-et-68-2-tt-raggiato","73":"profilo-et-75-3-tt","74":"profilo-et-75-3-tt-raggiato","75":"profilo-export-45","76":"profilo-export-45-raggiato","77":"profilo-export-45-t","78":"profilo-export-45-t-raggiato","79":"profilo-export-45-tt","80":"profilo-export-45-tt-raggiato","81":"profilo-export-50","82":"profilo-export-50-t","83":"profilo-export-50-tt","84":"profilo-export-51-tt","85":"profilo-export-51-tt-raggiato","86":"profilo-export-68-tt","87":"profilo-export-68-tt-raggiato","88":"profilo-gold-400","89":"profilo-gold-400-raggiato","90":"profilo-gold-450","91":"profilo-gold-450-tt","92":"profilo-gold-490-tt","93":"profilo-gold-500","94":"profilo-gold-500-raggiato","95":"profilo-gold-502-hc","96":"profilo-gold-502-hc-raggiato","97":"profilo-gold-600","98":"profilo-gold-600-hc","99":"profilo-gold-600-hc-raggiato","100":"profilo-golden-silver-door","101":"profilo-golden-silver-window","102":"profilo-hf-580","103":"profilo-hp-600","104":"profilo-hp-700","105":"profilo-iblea-color","106":"profilo-k-45t","107":"profilo-k-64t","108":"profilo-k-70t","109":"profilo-maastricht-53","110":"profilo-maastricht-th-60","111":"profilo-maastricht-th-68","112":"profilo-mx-70","113":"profilo-nc-45-int","114":"profilo-nc-45-int-raggiato","115":"profilo-nc-45-sth","116":"profilo-nc-50-i","117":"profilo-nc-50-i-raggiato","118":"profilo-nc-50-sth","119":"profilo-nc-50-sth-raggiato","120":"profilo-nc-55-int","121":"profilo-nc-65-sth","122":"profilo-nc-68-sth","123":"profilo-nc-68-sth-s","124":"profilo-nc-72-sth","125":"profilo-nc-72-1-sth","126":"profilo-nc-75-sth","127":"profilo-nc-75-sthi","128":"profilo-new-bt-60-tt","129":"profilo-planet-45","130":"profilo-planet-45-raggiato","131":"profilo-planet-50-raggiato","132":"profilo-planet-50-tt","133":"profilo-planet-62-tt","134":"profilo-planet-62-tt-raggiato","135":"profilo-planet-72-ht","136":"profilo-planet-72-ht-raggiato","137":"profilo-plathina-60-classica","138":"profilo-plathina-60-flat-classica","139":"profilo-plathina-69-classica","140":"profilo-plathina-69-flat-classica","141":"profilo-plathina-75-classica","142":"profilo-prestige-73-tt","143":"profilo-road-520-tt-ce","144":"profilo-road-600-tt-ce","145":"profilo-serie-6000","146":"profilo-serie-6500-rpt","147":"profilo-serie-8000","148":"profilo-serie-8000-raggiato","149":"profilo-serie-8000-tt","150":"profilo-serie-8000-tt-raggiato","151":"profilo-serie-901","152":"profilo-slim-70-tt","153":"profilo-start-410","154":"profilo-start-410-raggiato","155":"profilo-start-470-tt","156":"profilo-start-470-tt-raggiato","157":"profilo-start-510","158":"profilo-start-510-raggiato","159":"profilo-start-560-tt","160":"profilo-start-640-tt","161":"profilo-start-760-tt","162":"profilo-superblindo","163":"profilo-synthesis-45","164":"profilo-synthesis-52","165":"profilo-synthesis-52-tt","166":"profilo-synthesis-57","167":"profilo-synthesis-60-tt","168":"profilo-synthesis-68-tt","169":"profilo-uah-100-window-bullet-proof","170":"profilo-venice-th16","171":"profilo-vuerre-53-tt","172":"profilo-vuerre-70-tt","173":"profilo-vuerre-70-tt-raggiato","174":"profilo-windstop-45","175":"profilo-windstop-45-raggiato","176":"profilo-windstop-45-tt","177":"profilo-windstop-45-tt-classic","178":"profilo-windstop-45-tt-classic-raggiato","179":"profilo-windstop-45-tt-raggiato","180":"profilo-windstop-55-tt","181":"profilo-windstop-55-tt-classic","182":"profilo-windstop-55-tt-classic-raggiato","183":"profilo-windstop-55-tt-raggiato","184":"profilo-windstop-65-tt","185":"profilo-windstop-65-tt-classic","186":"profilo-windstop-65-tt-classic-raggiato","187":"profilo-windstop-65-tt-raggiato","188":"profilo-windstop-73-tt","189":"profilo-windstop-73-tt-raggiato","190":"profilo-ws-65-thi","191":"profilo-ws-65-thi-raggiato","192":"profilo-ws-75-thi","193":"profilo-ws-75-thi-raggiato","194":"gruppo_anta-2962","195":"gruppo_anta-2963","196":"gruppo_anta-2953","197":"gruppo_anta-2954","198":"gruppo_anta-2955","199":"gruppo_anta-2964","200":"gruppo_anta-2965","201":"description-off","203":"first","204":"onbackorder","205":"product-type-simple"},"acf":[],"yoast_head":"<!-- This site is optimized with the Yoast SEO plugin v27.2 - https:\/\/yoast.com\/product\/yoast-seo-wordpress\/ -->\n<title>MONO - 1210\/7<\/title>\n<meta name=\"description\" content=\"Bo\u00eetier de cr\u00e9mone encastr\u00e9 mono-directionnel pour RIBANTA 5\" \/>\n<meta name=\"robots\" content=\"index, follow, max-snippet:-1, max-image-preview:large, max-video-preview:-1\" \/>\n<link rel=\"canonical\" href=\"https:\/\/savio.it\/fr\/prodotto\/mono-1210-7\/\" \/>\n<meta property=\"og:locale\" content=\"fr_FR\" \/>\n<meta property=\"og:type\" content=\"article\" \/>\n<meta property=\"og:title\" content=\"MONO - 1210\/7\" \/>\n<meta property=\"og:description\" content=\"Bo\u00eetier de cr\u00e9mone encastr\u00e9 mono-directionnel pour RIBANTA 5\" \/>\n<meta property=\"og:url\" content=\"https:\/\/savio.it\/fr\/prodotto\/mono-1210-7\/\" \/>\n<meta property=\"og:site_name\" content=\"SAVIO\" \/>\n<meta property=\"article:modified_time\" content=\"2024-06-27T10:15:46+00:00\" \/>\n<meta property=\"og:image\" content=\"https:\/\/savio.it\/wp-content\/uploads\/2022\/06\/1210_7.jpg\" \/>\n\t<meta property=\"og:image:width\" content=\"1000\" \/>\n\t<meta property=\"og:image:height\" content=\"1000\" \/>\n\t<meta property=\"og:image:type\" content=\"image\/jpeg\" \/>\n<meta name=\"twitter:card\" content=\"summary_large_image\" \/>\n<meta name=\"twitter:label1\" content=\"Dur\u00e9e de lecture estim\u00e9e\" \/>\n\t<meta name=\"twitter:data1\" content=\"4 minutes\" \/>\n<script type=\"application\/ld+json\" class=\"yoast-schema-graph\">{\"@context\":\"https:\/\/schema.org\",\"@graph\":[{\"@type\":\"WebPage\",\"@id\":\"https:\/\/savio.it\/fr\/prodotto\/mono-1210-7\/\",\"url\":\"https:\/\/savio.it\/fr\/prodotto\/mono-1210-7\/\",\"name\":\"MONO - 1210\/7\",\"isPartOf\":{\"@id\":\"https:\/\/savio.it\/fr\/#website\"},\"primaryImageOfPage\":{\"@id\":\"https:\/\/savio.it\/fr\/prodotto\/mono-1210-7\/#primaryimage\"},\"image\":{\"@id\":\"https:\/\/savio.it\/fr\/prodotto\/mono-1210-7\/#primaryimage\"},\"thumbnailUrl\":\"https:\/\/savio.it\/wp-content\/uploads\/2022\/06\/1210_7.jpg\",\"datePublished\":\"2021-10-01T14:49:32+00:00\",\"dateModified\":\"2024-06-27T10:15:46+00:00\",\"description\":\"Bo\u00eetier de cr\u00e9mone encastr\u00e9 mono-directionnel pour RIBANTA 5\",\"breadcrumb\":{\"@id\":\"https:\/\/savio.it\/fr\/prodotto\/mono-1210-7\/#breadcrumb\"},\"inLanguage\":\"fr-FR\",\"potentialAction\":[{\"@type\":\"ReadAction\",\"target\":[\"https:\/\/savio.it\/fr\/prodotto\/mono-1210-7\/\"]}]},{\"@type\":\"ImageObject\",\"inLanguage\":\"fr-FR\",\"@id\":\"https:\/\/savio.it\/fr\/prodotto\/mono-1210-7\/#primaryimage\",\"url\":\"https:\/\/savio.it\/wp-content\/uploads\/2022\/06\/1210_7.jpg\",\"contentUrl\":\"https:\/\/savio.it\/wp-content\/uploads\/2022\/06\/1210_7.jpg\",\"width\":1000,\"height\":1000},{\"@type\":\"BreadcrumbList\",\"@id\":\"https:\/\/savio.it\/fr\/prodotto\/mono-1210-7\/#breadcrumb\",\"itemListElement\":[{\"@type\":\"ListItem\",\"position\":1,\"name\":\"Home\",\"item\":\"https:\/\/savio.it\/fr\/\"},{\"@type\":\"ListItem\",\"position\":2,\"name\":\"Produits\",\"item\":\"https:\/\/savio.it\/fr\/prodotti\/\"},{\"@type\":\"ListItem\",\"position\":3,\"name\":\"MONO &#8211; 1210\/7\"}]},{\"@type\":\"WebSite\",\"@id\":\"https:\/\/savio.it\/fr\/#website\",\"url\":\"https:\/\/savio.it\/fr\/\",\"name\":\"SAVIO\",\"description\":\"Open mind for closing system\",\"publisher\":{\"@id\":\"https:\/\/savio.it\/fr\/#organization\"},\"potentialAction\":[{\"@type\":\"SearchAction\",\"target\":{\"@type\":\"EntryPoint\",\"urlTemplate\":\"https:\/\/savio.it\/fr\/?s={search_term_string}\"},\"query-input\":{\"@type\":\"PropertyValueSpecification\",\"valueRequired\":true,\"valueName\":\"search_term_string\"}}],\"inLanguage\":\"fr-FR\"},{\"@type\":\"Organization\",\"@id\":\"https:\/\/savio.it\/fr\/#organization\",\"name\":\"SAVIO\",\"url\":\"https:\/\/savio.it\/fr\/\",\"logo\":{\"@type\":\"ImageObject\",\"inLanguage\":\"fr-FR\",\"@id\":\"https:\/\/savio.it\/fr\/#\/schema\/logo\/image\/\",\"url\":\"https:\/\/savio.it\/wp-content\/uploads\/2021\/09\/cropped-Savio-logo.png\",\"contentUrl\":\"https:\/\/savio.it\/wp-content\/uploads\/2021\/09\/cropped-Savio-logo.png\",\"width\":243,\"height\":64,\"caption\":\"SAVIO\"},\"image\":{\"@id\":\"https:\/\/savio.it\/fr\/#\/schema\/logo\/image\/\"}}]}<\/script>\n<!-- \/ Yoast SEO plugin. -->","yoast_head_json":{"title":"MONO - 1210\/7","description":"Bo\u00eetier de cr\u00e9mone encastr\u00e9 mono-directionnel pour RIBANTA 5","robots":{"index":"index","follow":"follow","max-snippet":"max-snippet:-1","max-image-preview":"max-image-preview:large","max-video-preview":"max-video-preview:-1"},"canonical":"https:\/\/savio.it\/fr\/prodotto\/mono-1210-7\/","og_locale":"fr_FR","og_type":"article","og_title":"MONO - 1210\/7","og_description":"Bo\u00eetier de cr\u00e9mone encastr\u00e9 mono-directionnel pour RIBANTA 5","og_url":"https:\/\/savio.it\/fr\/prodotto\/mono-1210-7\/","og_site_name":"SAVIO","article_modified_time":"2024-06-27T10:15:46+00:00","og_image":[{"width":1000,"height":1000,"url":"https:\/\/savio.it\/wp-content\/uploads\/2022\/06\/1210_7.jpg","type":"image\/jpeg"}],"twitter_card":"summary_large_image","twitter_misc":{"Dur\u00e9e de lecture estim\u00e9e":"4 minutes"},"schema":{"@context":"https:\/\/schema.org","@graph":[{"@type":"WebPage","@id":"https:\/\/savio.it\/fr\/prodotto\/mono-1210-7\/","url":"https:\/\/savio.it\/fr\/prodotto\/mono-1210-7\/","name":"MONO - 1210\/7","isPartOf":{"@id":"https:\/\/savio.it\/fr\/#website"},"primaryImageOfPage":{"@id":"https:\/\/savio.it\/fr\/prodotto\/mono-1210-7\/#primaryimage"},"image":{"@id":"https:\/\/savio.it\/fr\/prodotto\/mono-1210-7\/#primaryimage"},"thumbnailUrl":"https:\/\/savio.it\/wp-content\/uploads\/2022\/06\/1210_7.jpg","datePublished":"2021-10-01T14:49:32+00:00","dateModified":"2024-06-27T10:15:46+00:00","description":"Bo\u00eetier de cr\u00e9mone encastr\u00e9 mono-directionnel pour RIBANTA 5","breadcrumb":{"@id":"https:\/\/savio.it\/fr\/prodotto\/mono-1210-7\/#breadcrumb"},"inLanguage":"fr-FR","potentialAction":[{"@type":"ReadAction","target":["https:\/\/savio.it\/fr\/prodotto\/mono-1210-7\/"]}]},{"@type":"ImageObject","inLanguage":"fr-FR","@id":"https:\/\/savio.it\/fr\/prodotto\/mono-1210-7\/#primaryimage","url":"https:\/\/savio.it\/wp-content\/uploads\/2022\/06\/1210_7.jpg","contentUrl":"https:\/\/savio.it\/wp-content\/uploads\/2022\/06\/1210_7.jpg","width":1000,"height":1000},{"@type":"BreadcrumbList","@id":"https:\/\/savio.it\/fr\/prodotto\/mono-1210-7\/#breadcrumb","itemListElement":[{"@type":"ListItem","position":1,"name":"Home","item":"https:\/\/savio.it\/fr\/"},{"@type":"ListItem","position":2,"name":"Produits","item":"https:\/\/savio.it\/fr\/prodotti\/"},{"@type":"ListItem","position":3,"name":"MONO &#8211; 1210\/7"}]},{"@type":"WebSite","@id":"https:\/\/savio.it\/fr\/#website","url":"https:\/\/savio.it\/fr\/","name":"SAVIO","description":"Open mind for closing system","publisher":{"@id":"https:\/\/savio.it\/fr\/#organization"},"potentialAction":[{"@type":"SearchAction","target":{"@type":"EntryPoint","urlTemplate":"https:\/\/savio.it\/fr\/?s={search_term_string}"},"query-input":{"@type":"PropertyValueSpecification","valueRequired":true,"valueName":"search_term_string"}}],"inLanguage":"fr-FR"},{"@type":"Organization","@id":"https:\/\/savio.it\/fr\/#organization","name":"SAVIO","url":"https:\/\/savio.it\/fr\/","logo":{"@type":"ImageObject","inLanguage":"fr-FR","@id":"https:\/\/savio.it\/fr\/#\/schema\/logo\/image\/","url":"https:\/\/savio.it\/wp-content\/uploads\/2021\/09\/cropped-Savio-logo.png","contentUrl":"https:\/\/savio.it\/wp-content\/uploads\/2021\/09\/cropped-Savio-logo.png","width":243,"height":64,"caption":"SAVIO"},"image":{"@id":"https:\/\/savio.it\/fr\/#\/schema\/logo\/image\/"}}]}},"uagb_featured_image_src":{"full":["https:\/\/savio.it\/wp-content\/uploads\/2022\/06\/1210_7.jpg",1000,1000,false],"thumbnail":["https:\/\/savio.it\/wp-content\/uploads\/2022\/06\/1210_7-150x150.jpg",150,150,true],"medium":["https:\/\/savio.it\/wp-content\/uploads\/2022\/06\/1210_7-300x300.jpg",300,300,true],"medium_large":["https:\/\/savio.it\/wp-content\/uploads\/2022\/06\/1210_7-768x768.jpg",768,768,true],"large":["https:\/\/savio.it\/wp-content\/uploads\/2022\/06\/1210_7.jpg",1000,1000,false],"gs-tiny":["https:\/\/savio.it\/wp-content\/uploads\/2022\/06\/1210_7.jpg",50,50,false],"xl":["https:\/\/savio.it\/wp-content\/uploads\/2022\/06\/1210_7.jpg",1000,1000,false],"xxl":["https:\/\/savio.it\/wp-content\/uploads\/2022\/06\/1210_7.jpg",1000,1000,false],"xxxl":["https:\/\/savio.it\/wp-content\/uploads\/2022\/06\/1210_7.jpg",1000,1000,false],"xxxxl":["https:\/\/savio.it\/wp-content\/uploads\/2022\/06\/1210_7.jpg",1000,1000,false],"xxxxxl":["https:\/\/savio.it\/wp-content\/uploads\/2022\/06\/1210_7.jpg",1000,1000,false],"1536x1536":["https:\/\/savio.it\/wp-content\/uploads\/2022\/06\/1210_7.jpg",1000,1000,false],"2048x2048":["https:\/\/savio.it\/wp-content\/uploads\/2022\/06\/1210_7.jpg",1000,1000,false],"woocommerce_thumbnail":["https:\/\/savio.it\/wp-content\/uploads\/2022\/06\/1210_7-300x300.jpg",300,300,true],"woocommerce_single":["https:\/\/savio.it\/wp-content\/uploads\/2022\/06\/1210_7-600x600.jpg",600,600,true],"woocommerce_gallery_thumbnail":["https:\/\/savio.it\/wp-content\/uploads\/2022\/06\/1210_7-200x200.jpg",200,200,true]},"uagb_author_info":{"display_name":"admin_news","author_link":"https:\/\/savio.it\/fr\/author\/"},"uagb_comment_info":0,"uagb_excerpt":"Bo\u00eetier de cr\u00e9mone encastr\u00e9 mono-directionnel pour RIBANTA 5","_links":{"self":[{"href":"https:\/\/savio.it\/fr\/wp-json\/wp\/v2\/product\/30085","targetHints":{"allow":["GET"]}}],"collection":[{"href":"https:\/\/savio.it\/fr\/wp-json\/wp\/v2\/product"}],"about":[{"href":"https:\/\/savio.it\/fr\/wp-json\/wp\/v2\/types\/product"}],"replies":[{"embeddable":true,"href":"https:\/\/savio.it\/fr\/wp-json\/wp\/v2\/comments?post=30085"}],"wp:featuredmedia":[{"embeddable":true,"href":"https:\/\/savio.it\/fr\/wp-json\/wp\/v2\/media\/82325"}],"wp:attachment":[{"href":"https:\/\/savio.it\/fr\/wp-json\/wp\/v2\/media?parent=30085"}],"wp:term":[{"taxonomy":"product_brand","embeddable":true,"href":"https:\/\/savio.it\/fr\/wp-json\/wp\/v2\/product_brand?post=30085"},{"taxonomy":"product_cat","embeddable":true,"href":"https:\/\/savio.it\/fr\/wp-json\/wp\/v2\/product_cat?post=30085"},{"taxonomy":"product_tag","embeddable":true,"href":"https:\/\/savio.it\/fr\/wp-json\/wp\/v2\/product_tag?post=30085"},{"taxonomy":"profilo","embeddable":true,"href":"https:\/\/savio.it\/fr\/wp-json\/wp\/v2\/profilo?post=30085"},{"taxonomy":"finiture","embeddable":true,"href":"https:\/\/savio.it\/fr\/wp-json\/wp\/v2\/finiture?post=30085"},{"taxonomy":"gruppo_anta","embeddable":true,"href":"https:\/\/savio.it\/fr\/wp-json\/wp\/v2\/gruppo_anta?post=30085"}],"curies":[{"name":"wp","href":"https:\/\/api.w.org\/{rel}","templated":true}]}}