{"id":30228,"date":"2021-09-30T12:50:57","date_gmt":"2021-10-01T14:51:17","guid":{"rendered":"https:\/\/savio.ne-ws.it\/prodotto\/ibiza-732\/"},"modified":"2024-06-27T09:20:22","modified_gmt":"2024-06-27T09:20:22","slug":"ibiza-732","status":"publish","type":"product","link":"https:\/\/savio.it\/fr\/prodotto\/ibiza-732\/","title":{"rendered":"IBIZA &#8211; 732"},"content":{"rendered":"<p>B\u00e9quille double pour portes internes, portes d\u2019entr\u00e9e et portails en fer avec rondelles d\u2019\u00e9tanch\u00e9it\u00e9 et \u00e9paisseur compris entre 20 et 90 mm, poign\u00e9es en zamak laqu\u00e9e \u00e0 poudre polyur\u00e9thane noir,  carr\u00e9 8&#215;153 mm en acier zingu\u00e9,  rosace en saviolyte, 2 vis pointeaux M6 en acier zingu\u00e9.<\/p>\n","protected":false},"excerpt":{"rendered":"<p>B\u00e9quille double pour portes internes, portes d\u2019entr\u00e9e et portails en fer avec \u00e9paisseur compris entre 20 et 90 mm<\/p>\n","protected":false},"featured_media":81355,"comment_status":"closed","ping_status":"closed","template":"","meta":{"_acf_changed":false,"_uag_custom_page_level_css":""},"product_brand":[],"product_cat":[12605,12821],"product_tag":[13128],"profilo":[],"finiture":[],"gruppo_anta":[],"class_list":{"0":"post-30228","1":"product","2":"type-product","3":"status-publish","4":"has-post-thumbnail","6":"product_cat-accessori-per-serramenti-in-ferro-ed-in-legno","7":"product_cat-ibiza","8":"product_tag-updated","9":"description-off","11":"first","12":"onbackorder","13":"product-type-simple"},"acf":[],"yoast_head":"<!-- This site is optimized with the Yoast SEO plugin v27.2 - https:\/\/yoast.com\/product\/yoast-seo-wordpress\/ -->\n<title>IBIZA - 732<\/title>\n<meta name=\"description\" content=\"B\u00e9quille double pour portes internes, portes d\u2019entr\u00e9e et portails en fer avec \u00e9paisseur compris entre 20 et 90 mm\" \/>\n<meta name=\"robots\" content=\"index, follow, max-snippet:-1, max-image-preview:large, max-video-preview:-1\" \/>\n<link rel=\"canonical\" href=\"https:\/\/savio.it\/fr\/prodotto\/ibiza-732\/\" \/>\n<meta property=\"og:locale\" content=\"fr_FR\" \/>\n<meta property=\"og:type\" content=\"article\" \/>\n<meta property=\"og:title\" content=\"IBIZA - 732\" \/>\n<meta property=\"og:description\" content=\"B\u00e9quille double pour portes internes, portes d\u2019entr\u00e9e et portails en fer avec \u00e9paisseur compris entre 20 et 90 mm\" \/>\n<meta property=\"og:url\" content=\"https:\/\/savio.it\/fr\/prodotto\/ibiza-732\/\" \/>\n<meta property=\"og:site_name\" content=\"SAVIO\" \/>\n<meta property=\"article:modified_time\" content=\"2024-06-27T09:20:22+00:00\" \/>\n<meta property=\"og:image\" content=\"https:\/\/savio.it\/wp-content\/uploads\/2022\/06\/732.jpg\" \/>\n\t<meta property=\"og:image:width\" content=\"1000\" \/>\n\t<meta property=\"og:image:height\" content=\"1000\" \/>\n\t<meta property=\"og:image:type\" content=\"image\/jpeg\" \/>\n<meta name=\"twitter:card\" content=\"summary_large_image\" \/>\n<meta name=\"twitter:label1\" content=\"Dur\u00e9e de lecture estim\u00e9e\" \/>\n\t<meta name=\"twitter:data1\" content=\"4 minutes\" \/>\n<script type=\"application\/ld+json\" class=\"yoast-schema-graph\">{\"@context\":\"https:\/\/schema.org\",\"@graph\":[{\"@type\":\"WebPage\",\"@id\":\"https:\/\/savio.it\/fr\/prodotto\/ibiza-732\/\",\"url\":\"https:\/\/savio.it\/fr\/prodotto\/ibiza-732\/\",\"name\":\"IBIZA - 732\",\"isPartOf\":{\"@id\":\"https:\/\/savio.it\/fr\/#website\"},\"primaryImageOfPage\":{\"@id\":\"https:\/\/savio.it\/fr\/prodotto\/ibiza-732\/#primaryimage\"},\"image\":{\"@id\":\"https:\/\/savio.it\/fr\/prodotto\/ibiza-732\/#primaryimage\"},\"thumbnailUrl\":\"https:\/\/savio.it\/wp-content\/uploads\/2022\/06\/732.jpg\",\"datePublished\":\"2021-10-01T14:51:17+00:00\",\"dateModified\":\"2024-06-27T09:20:22+00:00\",\"description\":\"B\u00e9quille double pour portes internes, portes d\u2019entr\u00e9e et portails en fer avec \u00e9paisseur compris entre 20 et 90 mm\",\"breadcrumb\":{\"@id\":\"https:\/\/savio.it\/fr\/prodotto\/ibiza-732\/#breadcrumb\"},\"inLanguage\":\"fr-FR\",\"potentialAction\":[{\"@type\":\"ReadAction\",\"target\":[\"https:\/\/savio.it\/fr\/prodotto\/ibiza-732\/\"]}]},{\"@type\":\"ImageObject\",\"inLanguage\":\"fr-FR\",\"@id\":\"https:\/\/savio.it\/fr\/prodotto\/ibiza-732\/#primaryimage\",\"url\":\"https:\/\/savio.it\/wp-content\/uploads\/2022\/06\/732.jpg\",\"contentUrl\":\"https:\/\/savio.it\/wp-content\/uploads\/2022\/06\/732.jpg\",\"width\":1000,\"height\":1000},{\"@type\":\"BreadcrumbList\",\"@id\":\"https:\/\/savio.it\/fr\/prodotto\/ibiza-732\/#breadcrumb\",\"itemListElement\":[{\"@type\":\"ListItem\",\"position\":1,\"name\":\"Home\",\"item\":\"https:\/\/savio.it\/fr\/\"},{\"@type\":\"ListItem\",\"position\":2,\"name\":\"Produits\",\"item\":\"https:\/\/savio.it\/fr\/prodotti\/\"},{\"@type\":\"ListItem\",\"position\":3,\"name\":\"IBIZA &#8211; 732\"}]},{\"@type\":\"WebSite\",\"@id\":\"https:\/\/savio.it\/fr\/#website\",\"url\":\"https:\/\/savio.it\/fr\/\",\"name\":\"SAVIO\",\"description\":\"Open mind for closing system\",\"publisher\":{\"@id\":\"https:\/\/savio.it\/fr\/#organization\"},\"potentialAction\":[{\"@type\":\"SearchAction\",\"target\":{\"@type\":\"EntryPoint\",\"urlTemplate\":\"https:\/\/savio.it\/fr\/?s={search_term_string}\"},\"query-input\":{\"@type\":\"PropertyValueSpecification\",\"valueRequired\":true,\"valueName\":\"search_term_string\"}}],\"inLanguage\":\"fr-FR\"},{\"@type\":\"Organization\",\"@id\":\"https:\/\/savio.it\/fr\/#organization\",\"name\":\"SAVIO\",\"url\":\"https:\/\/savio.it\/fr\/\",\"logo\":{\"@type\":\"ImageObject\",\"inLanguage\":\"fr-FR\",\"@id\":\"https:\/\/savio.it\/fr\/#\/schema\/logo\/image\/\",\"url\":\"https:\/\/savio.it\/wp-content\/uploads\/2021\/09\/cropped-Savio-logo.png\",\"contentUrl\":\"https:\/\/savio.it\/wp-content\/uploads\/2021\/09\/cropped-Savio-logo.png\",\"width\":243,\"height\":64,\"caption\":\"SAVIO\"},\"image\":{\"@id\":\"https:\/\/savio.it\/fr\/#\/schema\/logo\/image\/\"}}]}<\/script>\n<!-- \/ Yoast SEO plugin. -->","yoast_head_json":{"title":"IBIZA - 732","description":"B\u00e9quille double pour portes internes, portes d\u2019entr\u00e9e et portails en fer avec \u00e9paisseur compris entre 20 et 90 mm","robots":{"index":"index","follow":"follow","max-snippet":"max-snippet:-1","max-image-preview":"max-image-preview:large","max-video-preview":"max-video-preview:-1"},"canonical":"https:\/\/savio.it\/fr\/prodotto\/ibiza-732\/","og_locale":"fr_FR","og_type":"article","og_title":"IBIZA - 732","og_description":"B\u00e9quille double pour portes internes, portes d\u2019entr\u00e9e et portails en fer avec \u00e9paisseur compris entre 20 et 90 mm","og_url":"https:\/\/savio.it\/fr\/prodotto\/ibiza-732\/","og_site_name":"SAVIO","article_modified_time":"2024-06-27T09:20:22+00:00","og_image":[{"width":1000,"height":1000,"url":"https:\/\/savio.it\/wp-content\/uploads\/2022\/06\/732.jpg","type":"image\/jpeg"}],"twitter_card":"summary_large_image","twitter_misc":{"Dur\u00e9e de lecture estim\u00e9e":"4 minutes"},"schema":{"@context":"https:\/\/schema.org","@graph":[{"@type":"WebPage","@id":"https:\/\/savio.it\/fr\/prodotto\/ibiza-732\/","url":"https:\/\/savio.it\/fr\/prodotto\/ibiza-732\/","name":"IBIZA - 732","isPartOf":{"@id":"https:\/\/savio.it\/fr\/#website"},"primaryImageOfPage":{"@id":"https:\/\/savio.it\/fr\/prodotto\/ibiza-732\/#primaryimage"},"image":{"@id":"https:\/\/savio.it\/fr\/prodotto\/ibiza-732\/#primaryimage"},"thumbnailUrl":"https:\/\/savio.it\/wp-content\/uploads\/2022\/06\/732.jpg","datePublished":"2021-10-01T14:51:17+00:00","dateModified":"2024-06-27T09:20:22+00:00","description":"B\u00e9quille double pour portes internes, portes d\u2019entr\u00e9e et portails en fer avec \u00e9paisseur compris entre 20 et 90 mm","breadcrumb":{"@id":"https:\/\/savio.it\/fr\/prodotto\/ibiza-732\/#breadcrumb"},"inLanguage":"fr-FR","potentialAction":[{"@type":"ReadAction","target":["https:\/\/savio.it\/fr\/prodotto\/ibiza-732\/"]}]},{"@type":"ImageObject","inLanguage":"fr-FR","@id":"https:\/\/savio.it\/fr\/prodotto\/ibiza-732\/#primaryimage","url":"https:\/\/savio.it\/wp-content\/uploads\/2022\/06\/732.jpg","contentUrl":"https:\/\/savio.it\/wp-content\/uploads\/2022\/06\/732.jpg","width":1000,"height":1000},{"@type":"BreadcrumbList","@id":"https:\/\/savio.it\/fr\/prodotto\/ibiza-732\/#breadcrumb","itemListElement":[{"@type":"ListItem","position":1,"name":"Home","item":"https:\/\/savio.it\/fr\/"},{"@type":"ListItem","position":2,"name":"Produits","item":"https:\/\/savio.it\/fr\/prodotti\/"},{"@type":"ListItem","position":3,"name":"IBIZA &#8211; 732"}]},{"@type":"WebSite","@id":"https:\/\/savio.it\/fr\/#website","url":"https:\/\/savio.it\/fr\/","name":"SAVIO","description":"Open mind for closing system","publisher":{"@id":"https:\/\/savio.it\/fr\/#organization"},"potentialAction":[{"@type":"SearchAction","target":{"@type":"EntryPoint","urlTemplate":"https:\/\/savio.it\/fr\/?s={search_term_string}"},"query-input":{"@type":"PropertyValueSpecification","valueRequired":true,"valueName":"search_term_string"}}],"inLanguage":"fr-FR"},{"@type":"Organization","@id":"https:\/\/savio.it\/fr\/#organization","name":"SAVIO","url":"https:\/\/savio.it\/fr\/","logo":{"@type":"ImageObject","inLanguage":"fr-FR","@id":"https:\/\/savio.it\/fr\/#\/schema\/logo\/image\/","url":"https:\/\/savio.it\/wp-content\/uploads\/2021\/09\/cropped-Savio-logo.png","contentUrl":"https:\/\/savio.it\/wp-content\/uploads\/2021\/09\/cropped-Savio-logo.png","width":243,"height":64,"caption":"SAVIO"},"image":{"@id":"https:\/\/savio.it\/fr\/#\/schema\/logo\/image\/"}}]}},"uagb_featured_image_src":{"full":["https:\/\/savio.it\/wp-content\/uploads\/2022\/06\/732.jpg",1000,1000,false],"thumbnail":["https:\/\/savio.it\/wp-content\/uploads\/2022\/06\/732-150x150.jpg",150,150,true],"medium":["https:\/\/savio.it\/wp-content\/uploads\/2022\/06\/732-300x300.jpg",300,300,true],"medium_large":["https:\/\/savio.it\/wp-content\/uploads\/2022\/06\/732-768x768.jpg",768,768,true],"large":["https:\/\/savio.it\/wp-content\/uploads\/2022\/06\/732.jpg",1000,1000,false],"gs-tiny":["https:\/\/savio.it\/wp-content\/uploads\/2022\/06\/732.jpg",50,50,false],"xl":["https:\/\/savio.it\/wp-content\/uploads\/2022\/06\/732.jpg",1000,1000,false],"xxl":["https:\/\/savio.it\/wp-content\/uploads\/2022\/06\/732.jpg",1000,1000,false],"xxxl":["https:\/\/savio.it\/wp-content\/uploads\/2022\/06\/732.jpg",1000,1000,false],"xxxxl":["https:\/\/savio.it\/wp-content\/uploads\/2022\/06\/732.jpg",1000,1000,false],"xxxxxl":["https:\/\/savio.it\/wp-content\/uploads\/2022\/06\/732.jpg",1000,1000,false],"1536x1536":["https:\/\/savio.it\/wp-content\/uploads\/2022\/06\/732.jpg",1000,1000,false],"2048x2048":["https:\/\/savio.it\/wp-content\/uploads\/2022\/06\/732.jpg",1000,1000,false],"woocommerce_thumbnail":["https:\/\/savio.it\/wp-content\/uploads\/2022\/06\/732-300x300.jpg",300,300,true],"woocommerce_single":["https:\/\/savio.it\/wp-content\/uploads\/2022\/06\/732-600x600.jpg",600,600,true],"woocommerce_gallery_thumbnail":["https:\/\/savio.it\/wp-content\/uploads\/2022\/06\/732-200x200.jpg",200,200,true]},"uagb_author_info":{"display_name":"admin_news","author_link":"https:\/\/savio.it\/fr\/author\/"},"uagb_comment_info":0,"uagb_excerpt":"B\u00e9quille double pour portes internes, portes d\u2019entr\u00e9e et portails en fer avec \u00e9paisseur compris entre 20 et 90 mm","_links":{"self":[{"href":"https:\/\/savio.it\/fr\/wp-json\/wp\/v2\/product\/30228","targetHints":{"allow":["GET"]}}],"collection":[{"href":"https:\/\/savio.it\/fr\/wp-json\/wp\/v2\/product"}],"about":[{"href":"https:\/\/savio.it\/fr\/wp-json\/wp\/v2\/types\/product"}],"replies":[{"embeddable":true,"href":"https:\/\/savio.it\/fr\/wp-json\/wp\/v2\/comments?post=30228"}],"wp:featuredmedia":[{"embeddable":true,"href":"https:\/\/savio.it\/fr\/wp-json\/wp\/v2\/media\/81355"}],"wp:attachment":[{"href":"https:\/\/savio.it\/fr\/wp-json\/wp\/v2\/media?parent=30228"}],"wp:term":[{"taxonomy":"product_brand","embeddable":true,"href":"https:\/\/savio.it\/fr\/wp-json\/wp\/v2\/product_brand?post=30228"},{"taxonomy":"product_cat","embeddable":true,"href":"https:\/\/savio.it\/fr\/wp-json\/wp\/v2\/product_cat?post=30228"},{"taxonomy":"product_tag","embeddable":true,"href":"https:\/\/savio.it\/fr\/wp-json\/wp\/v2\/product_tag?post=30228"},{"taxonomy":"profilo","embeddable":true,"href":"https:\/\/savio.it\/fr\/wp-json\/wp\/v2\/profilo?post=30228"},{"taxonomy":"finiture","embeddable":true,"href":"https:\/\/savio.it\/fr\/wp-json\/wp\/v2\/finiture?post=30228"},{"taxonomy":"gruppo_anta","embeddable":true,"href":"https:\/\/savio.it\/fr\/wp-json\/wp\/v2\/gruppo_anta?post=30228"}],"curies":[{"name":"wp","href":"https:\/\/api.w.org\/{rel}","templated":true}]}}